{"id":36168,"date":"2020-06-24T07:59:25","date_gmt":"2020-06-24T04:59:25","guid":{"rendered":"https:\/\/moozapro.com\/produktas\/volumising-foam\/"},"modified":"2025-12-17T15:52:00","modified_gmt":"2025-12-17T13:52:00","slug":"volumising-foam","status":"publish","type":"product","link":"https:\/\/moozapro.com\/en\/produktas\/volumising-foam\/","title":{"rendered":"Volumising foam"},"content":{"rendered":"<p style=\"text-align: center;\">Volumising mousse &#8211; a mousse that adds volume and flexibility to the hair, from root to tip. Elastic and flexible hair thanks to akai berry extract. Suitable for all types of thin, thick, long and short hair. Facilitates curl formation, lifts the hair from the roots and gives texture to the hair.   <\/p>\n<p style=\"text-align: center;\">Active ingredient: akai berries &#8211; source of antioxidants, amino acids, vitamins and minerals. These elegant ingredients revitalise dry hair by giving it flexibility and elasticity. <\/p>\n<p style=\"text-align: center;\">Benefits: aerosol foam that maintains the volume of the hair for a long time, moisturises the hair, gives it flexibility, without parabens, salts and silicones.<\/p>\n<p style=\"text-align: center;\">Directions: apply a small amount to damp, towel-dried hair. Apply the product from root to tip without rinsing. <\/p>\n<p>Aqua, butane, isobutene, propane, polyquaternium-68, cetrimonium chloride, peg-40 hydrogenated castor oil, parfum, hydroxyethylcellulose, sodium benzoate, hydroxyethyl cetyldimonium, penthanol, glycerin, polyquaternium-4, ethylhexylglycerin, Euterpe oleracea fruit extract, potassium sorbate.<\/p>\n","protected":false},"excerpt":{"rendered":"<p>Eases curl formation, lifts the hair from the roots and adds texture to the hair.<\/p>\n<p>Elastic and flexible hair thanks to akai berry extract. Suitable for all hair types, thin, thick, long and short. <\/p>\n","protected":false},"featured_media":38740,"comment_status":"open","ping_status":"closed","template":"","meta":[],"product_brand":[],"product_cat":[961,986,985,969,952],"product_tag":[],"class_list":{"0":"post-36168","1":"product","2":"type-product","3":"status-publish","4":"has-post-thumbnail","6":"product_cat-curly-hair","7":"product_cat-for-shaping-and-keeping-in-shape","8":"product_cat-hair-care","9":"product_cat-straight-hair","10":"product_cat-wavy-blown-hair","11":"yith_product_brand-newsha","13":"first","14":"instock","15":"featured","16":"taxable","17":"shipping-taxable","18":"purchasable","19":"product-type-simple"},"yoast_head":"<!-- This site is optimized with the Yoast SEO plugin v27.4 - https:\/\/yoast.com\/product\/yoast-seo-wordpress\/ -->\n<title>Volumising foam | Mooza Pro<\/title>\n<meta name=\"robots\" content=\"index, follow, max-snippet:-1, max-image-preview:large, max-video-preview:-1\" \/>\n<link rel=\"canonical\" href=\"https:\/\/moozapro.com\/en\/produktas\/volumising-foam\/\" \/>\n<meta property=\"og:locale\" content=\"en_US\" \/>\n<meta property=\"og:type\" content=\"article\" \/>\n<meta property=\"og:title\" content=\"Volumising foam | Mooza Pro\" \/>\n<meta property=\"og:description\" content=\"Eases curl formation, lifts the hair from the roots and adds texture to the hair. Elastic and flexible hair thanks to akai berry extract. Suitable for all hair types, thin, thick, long and short.\" \/>\n<meta property=\"og:url\" content=\"https:\/\/moozapro.com\/en\/produktas\/volumising-foam\/\" \/>\n<meta property=\"og:site_name\" content=\"Mooza Pro\" \/>\n<meta property=\"article:publisher\" content=\"https:\/\/www.facebook.com\/moozabeauty\" \/>\n<meta property=\"article:modified_time\" content=\"2025-12-17T13:52:00+00:00\" \/>\n<meta property=\"og:image\" content=\"https:\/\/moozapro.com\/wp-content\/uploads\/2020\/06\/shaping-lift-foam.jpg\" \/>\n\t<meta property=\"og:image:width\" content=\"600\" \/>\n\t<meta property=\"og:image:height\" content=\"600\" \/>\n\t<meta property=\"og:image:type\" content=\"image\/jpeg\" \/>\n<meta name=\"twitter:card\" content=\"summary_large_image\" \/>\n<meta name=\"twitter:label1\" content=\"Est. reading time\" \/>\n\t<meta name=\"twitter:data1\" content=\"1 minute\" \/>\n<script type=\"application\/ld+json\" class=\"yoast-schema-graph\">{\"@context\":\"https:\\\/\\\/schema.org\",\"@graph\":[{\"@type\":\"WebPage\",\"@id\":\"https:\\\/\\\/moozapro.com\\\/en\\\/produktas\\\/volumising-foam\\\/\",\"url\":\"https:\\\/\\\/moozapro.com\\\/en\\\/produktas\\\/volumising-foam\\\/\",\"name\":\"Volumising foam | Mooza Pro\",\"isPartOf\":{\"@id\":\"https:\\\/\\\/moozapro.com\\\/en\\\/#website\"},\"primaryImageOfPage\":{\"@id\":\"https:\\\/\\\/moozapro.com\\\/en\\\/produktas\\\/volumising-foam\\\/#primaryimage\"},\"image\":{\"@id\":\"https:\\\/\\\/moozapro.com\\\/en\\\/produktas\\\/volumising-foam\\\/#primaryimage\"},\"thumbnailUrl\":\"https:\\\/\\\/moozapro.com\\\/wp-content\\\/uploads\\\/2020\\\/06\\\/shaping-lift-foam.jpg\",\"datePublished\":\"2020-06-24T04:59:25+00:00\",\"dateModified\":\"2025-12-17T13:52:00+00:00\",\"breadcrumb\":{\"@id\":\"https:\\\/\\\/moozapro.com\\\/en\\\/produktas\\\/volumising-foam\\\/#breadcrumb\"},\"inLanguage\":\"en-US\",\"potentialAction\":[{\"@type\":\"ReadAction\",\"target\":[\"https:\\\/\\\/moozapro.com\\\/en\\\/produktas\\\/volumising-foam\\\/\"]}]},{\"@type\":\"ImageObject\",\"inLanguage\":\"en-US\",\"@id\":\"https:\\\/\\\/moozapro.com\\\/en\\\/produktas\\\/volumising-foam\\\/#primaryimage\",\"url\":\"https:\\\/\\\/moozapro.com\\\/wp-content\\\/uploads\\\/2020\\\/06\\\/shaping-lift-foam.jpg\",\"contentUrl\":\"https:\\\/\\\/moozapro.com\\\/wp-content\\\/uploads\\\/2020\\\/06\\\/shaping-lift-foam.jpg\",\"width\":600,\"height\":600,\"caption\":\"moulding foam\"},{\"@type\":\"BreadcrumbList\",\"@id\":\"https:\\\/\\\/moozapro.com\\\/en\\\/produktas\\\/volumising-foam\\\/#breadcrumb\",\"itemListElement\":[{\"@type\":\"ListItem\",\"position\":1,\"name\":\"Pagrindinis\",\"item\":\"https:\\\/\\\/moozapro.com\\\/en\\\/\"},{\"@type\":\"ListItem\",\"position\":2,\"name\":\"Shop\",\"item\":\"https:\\\/\\\/moozapro.com\\\/en\\\/shop-2\\\/\"},{\"@type\":\"ListItem\",\"position\":3,\"name\":\"Volumising foam\"}]},{\"@type\":\"WebSite\",\"@id\":\"https:\\\/\\\/moozapro.com\\\/en\\\/#website\",\"url\":\"https:\\\/\\\/moozapro.com\\\/en\\\/\",\"name\":\"Mooza Pro\",\"description\":\"Priemon\u0117s j\u016bs\u0173 plaukams\",\"publisher\":{\"@id\":\"https:\\\/\\\/moozapro.com\\\/en\\\/#organization\"},\"potentialAction\":[{\"@type\":\"SearchAction\",\"target\":{\"@type\":\"EntryPoint\",\"urlTemplate\":\"https:\\\/\\\/moozapro.com\\\/en\\\/?s={search_term_string}\"},\"query-input\":{\"@type\":\"PropertyValueSpecification\",\"valueRequired\":true,\"valueName\":\"search_term_string\"}}],\"inLanguage\":\"en-US\"},{\"@type\":\"Organization\",\"@id\":\"https:\\\/\\\/moozapro.com\\\/en\\\/#organization\",\"name\":\"Mooza Pro\",\"url\":\"https:\\\/\\\/moozapro.com\\\/en\\\/\",\"logo\":{\"@type\":\"ImageObject\",\"inLanguage\":\"en-US\",\"@id\":\"https:\\\/\\\/moozapro.com\\\/en\\\/#\\\/schema\\\/logo\\\/image\\\/\",\"url\":\"https:\\\/\\\/moozapro.com\\\/wp-content\\\/uploads\\\/2023\\\/11\\\/Mooza-Pro-mazas-logo.png\",\"contentUrl\":\"https:\\\/\\\/moozapro.com\\\/wp-content\\\/uploads\\\/2023\\\/11\\\/Mooza-Pro-mazas-logo.png\",\"width\":250,\"height\":103,\"caption\":\"Mooza Pro\"},\"image\":{\"@id\":\"https:\\\/\\\/moozapro.com\\\/en\\\/#\\\/schema\\\/logo\\\/image\\\/\"},\"sameAs\":[\"https:\\\/\\\/www.facebook.com\\\/moozabeauty\"]}]}<\/script>\n<!-- \/ Yoast SEO plugin. -->","yoast_head_json":{"title":"Volumising foam | Mooza Pro","robots":{"index":"index","follow":"follow","max-snippet":"max-snippet:-1","max-image-preview":"max-image-preview:large","max-video-preview":"max-video-preview:-1"},"canonical":"https:\/\/moozapro.com\/en\/produktas\/volumising-foam\/","og_locale":"en_US","og_type":"article","og_title":"Volumising foam | Mooza Pro","og_description":"Eases curl formation, lifts the hair from the roots and adds texture to the hair. Elastic and flexible hair thanks to akai berry extract. Suitable for all hair types, thin, thick, long and short.","og_url":"https:\/\/moozapro.com\/en\/produktas\/volumising-foam\/","og_site_name":"Mooza Pro","article_publisher":"https:\/\/www.facebook.com\/moozabeauty","article_modified_time":"2025-12-17T13:52:00+00:00","og_image":[{"width":600,"height":600,"url":"https:\/\/moozapro.com\/wp-content\/uploads\/2020\/06\/shaping-lift-foam.jpg","type":"image\/jpeg"}],"twitter_card":"summary_large_image","twitter_misc":{"Est. reading time":"1 minute"},"schema":{"@context":"https:\/\/schema.org","@graph":[{"@type":"WebPage","@id":"https:\/\/moozapro.com\/en\/produktas\/volumising-foam\/","url":"https:\/\/moozapro.com\/en\/produktas\/volumising-foam\/","name":"Volumising foam | Mooza Pro","isPartOf":{"@id":"https:\/\/moozapro.com\/en\/#website"},"primaryImageOfPage":{"@id":"https:\/\/moozapro.com\/en\/produktas\/volumising-foam\/#primaryimage"},"image":{"@id":"https:\/\/moozapro.com\/en\/produktas\/volumising-foam\/#primaryimage"},"thumbnailUrl":"https:\/\/moozapro.com\/wp-content\/uploads\/2020\/06\/shaping-lift-foam.jpg","datePublished":"2020-06-24T04:59:25+00:00","dateModified":"2025-12-17T13:52:00+00:00","breadcrumb":{"@id":"https:\/\/moozapro.com\/en\/produktas\/volumising-foam\/#breadcrumb"},"inLanguage":"en-US","potentialAction":[{"@type":"ReadAction","target":["https:\/\/moozapro.com\/en\/produktas\/volumising-foam\/"]}]},{"@type":"ImageObject","inLanguage":"en-US","@id":"https:\/\/moozapro.com\/en\/produktas\/volumising-foam\/#primaryimage","url":"https:\/\/moozapro.com\/wp-content\/uploads\/2020\/06\/shaping-lift-foam.jpg","contentUrl":"https:\/\/moozapro.com\/wp-content\/uploads\/2020\/06\/shaping-lift-foam.jpg","width":600,"height":600,"caption":"moulding foam"},{"@type":"BreadcrumbList","@id":"https:\/\/moozapro.com\/en\/produktas\/volumising-foam\/#breadcrumb","itemListElement":[{"@type":"ListItem","position":1,"name":"Pagrindinis","item":"https:\/\/moozapro.com\/en\/"},{"@type":"ListItem","position":2,"name":"Shop","item":"https:\/\/moozapro.com\/en\/shop-2\/"},{"@type":"ListItem","position":3,"name":"Volumising foam"}]},{"@type":"WebSite","@id":"https:\/\/moozapro.com\/en\/#website","url":"https:\/\/moozapro.com\/en\/","name":"Mooza Pro","description":"Priemon\u0117s j\u016bs\u0173 plaukams","publisher":{"@id":"https:\/\/moozapro.com\/en\/#organization"},"potentialAction":[{"@type":"SearchAction","target":{"@type":"EntryPoint","urlTemplate":"https:\/\/moozapro.com\/en\/?s={search_term_string}"},"query-input":{"@type":"PropertyValueSpecification","valueRequired":true,"valueName":"search_term_string"}}],"inLanguage":"en-US"},{"@type":"Organization","@id":"https:\/\/moozapro.com\/en\/#organization","name":"Mooza Pro","url":"https:\/\/moozapro.com\/en\/","logo":{"@type":"ImageObject","inLanguage":"en-US","@id":"https:\/\/moozapro.com\/en\/#\/schema\/logo\/image\/","url":"https:\/\/moozapro.com\/wp-content\/uploads\/2023\/11\/Mooza-Pro-mazas-logo.png","contentUrl":"https:\/\/moozapro.com\/wp-content\/uploads\/2023\/11\/Mooza-Pro-mazas-logo.png","width":250,"height":103,"caption":"Mooza Pro"},"image":{"@id":"https:\/\/moozapro.com\/en\/#\/schema\/logo\/image\/"},"sameAs":["https:\/\/www.facebook.com\/moozabeauty"]}]}},"_links":{"self":[{"href":"https:\/\/moozapro.com\/en\/wp-json\/wp\/v2\/product\/36168","targetHints":{"allow":["GET"]}}],"collection":[{"href":"https:\/\/moozapro.com\/en\/wp-json\/wp\/v2\/product"}],"about":[{"href":"https:\/\/moozapro.com\/en\/wp-json\/wp\/v2\/types\/product"}],"replies":[{"embeddable":true,"href":"https:\/\/moozapro.com\/en\/wp-json\/wp\/v2\/comments?post=36168"}],"version-history":[{"count":1,"href":"https:\/\/moozapro.com\/en\/wp-json\/wp\/v2\/product\/36168\/revisions"}],"predecessor-version":[{"id":40961,"href":"https:\/\/moozapro.com\/en\/wp-json\/wp\/v2\/product\/36168\/revisions\/40961"}],"wp:featuredmedia":[{"embeddable":true,"href":"https:\/\/moozapro.com\/en\/wp-json\/wp\/v2\/media\/38740"}],"wp:attachment":[{"href":"https:\/\/moozapro.com\/en\/wp-json\/wp\/v2\/media?parent=36168"}],"wp:term":[{"taxonomy":"product_brand","embeddable":true,"href":"https:\/\/moozapro.com\/en\/wp-json\/wp\/v2\/product_brand?post=36168"},{"taxonomy":"product_cat","embeddable":true,"href":"https:\/\/moozapro.com\/en\/wp-json\/wp\/v2\/product_cat?post=36168"},{"taxonomy":"product_tag","embeddable":true,"href":"https:\/\/moozapro.com\/en\/wp-json\/wp\/v2\/product_tag?post=36168"}],"curies":[{"name":"wp","href":"https:\/\/api.w.org\/{rel}","templated":true}]}}