{"id":36198,"date":"2020-06-20T13:49:55","date_gmt":"2025-07-29T09:38:48","guid":{"rendered":"https:\/\/moozapro.com\/produktas\/cleansing-shampoo\/"},"modified":"2025-07-29T12:38:48","modified_gmt":"2025-07-29T09:38:48","slug":"cleansing-shampoo","status":"publish","type":"product","link":"https:\/\/moozapro.com\/en\/produktas\/cleansing-shampoo\/","title":{"rendered":"Cleansing shampoo"},"content":{"rendered":"<p style=\"text-align: center;\">Gentle deep cleansing of the scalp. Gently and evenly cleanses the surface of the scalp, removes dead skin debris and eliminates dry dandruff. The guarantee of healthy hair, a healthy and clean scalp. Removes product residues and other impurities from the hair. Suitable for all scalp types once every two weeks. For oily scalps once a week.     <\/p>\n<p style=\"text-align: center;\">The active ingredient, grape seed extract, is a natural product for intensive cleansing and prevents the growth of fungal infections and bacteria.<\/p>\n<p style=\"text-align: center;\">Benefits: grape seed extract is a natural cleansing agent extracted from nature which also acts as a vascular strengthening agent through the skin, paraben-free.<\/p>\n<p style=\"text-align: center;\">Directions: apply a nut-sized amount of product evenly to wet scalp, massage gently and rinse, repeat as many times as necessary, then use conditioner. For men, use every wash, for women no more than once a week <\/p>\n<p style=\"text-align: center;\"><span style=\"font-size: 8pt;\">SUDETIS: AQUA (WATER\/EAU), SODIUM LAURYL SULPHATE, SODIUM LAURETH SULPHATE, COCAMIDOPROPYL BETAINE, FRAGRANCE\/PARFUM, PPG-2 HYDROXYETHYL COCO\/ISOSTEARAMIDE, COCAMIDE MIPA, GLYCERIN, VITIS VINI-FERA (GRAPE) SEED EXTRACT, VACCINIUM MACROCARPON (CRANBERRY) SEED OIL, CORYLUS AVELLANA (HAZELNUT) SEED OIL, JUGLANS REGIA (WALNUT) SEED OIL, PHENOXYETHANOL, GLUCONOLACTONE, TETRA-SODIUM EDTA, SODIUM BENZOATE, CALCIUM GLUCONATE, CITRIC ACID, AMYL CINNAMAL, LINALOOL, BENZYL BENZOATE, GREEN 8\/ CI 59040, GREEN 5\/ CI 61570, YELLOW 10\/ CI 47005.<\/span><\/p>\n","protected":false},"excerpt":{"rendered":"<p>Gentle deep cleansing of the scalp<\/p>\n<p>Gently and evenly cleanses the surface of the scalp, removes dead skin debris and eliminates dry dandruff. The guarantee of healthy hair, a healthy and clean scalp. <\/p>\n","protected":false},"featured_media":36199,"comment_status":"open","ping_status":"closed","template":"","meta":[],"product_brand":[],"product_cat":[953,985,987,948],"product_tag":[1039,965,967],"class_list":{"0":"post-36198","1":"product","2":"type-product","3":"status-publish","4":"has-post-thumbnail","6":"product_cat-fat-skin","7":"product_cat-hair-care","8":"product_cat-products-for-men","9":"product_cat-shampoos","10":"product_tag-flaky-scalp","11":"product_tag-oily-scalp","12":"product_tag-thin-hair","13":"yith_product_brand-newsha","15":"first","16":"instock","17":"taxable","18":"shipping-taxable","19":"purchasable","20":"product-type-variable","21":"has-default-attributes"},"yoast_head":"<!-- This site is optimized with the Yoast SEO plugin v27.4 - https:\/\/yoast.com\/product\/yoast-seo-wordpress\/ -->\n<title>Cleansing shampoo | Mooza Pro<\/title>\n<meta name=\"description\" content=\"Gently and deeply cleanses oily skin. Removes impurities and regulates oiliness of the skin. Suitable for oily skin problems.\" \/>\n<meta name=\"robots\" content=\"index, follow, max-snippet:-1, max-image-preview:large, max-video-preview:-1\" \/>\n<link rel=\"canonical\" href=\"https:\/\/moozapro.com\/en\/produktas\/cleansing-shampoo\/\" \/>\n<meta property=\"og:locale\" content=\"en_US\" \/>\n<meta property=\"og:type\" content=\"article\" \/>\n<meta property=\"og:title\" content=\"Cleansing shampoo | Mooza Pro\" \/>\n<meta property=\"og:description\" content=\"Gently and deeply cleanses oily skin. Removes impurities and regulates oiliness of the skin. Suitable for oily skin problems.\" \/>\n<meta property=\"og:url\" content=\"https:\/\/moozapro.com\/en\/produktas\/cleansing-shampoo\/\" \/>\n<meta property=\"og:site_name\" content=\"Mooza Pro\" \/>\n<meta property=\"article:publisher\" content=\"https:\/\/www.facebook.com\/moozabeauty\" \/>\n<meta property=\"og:image\" content=\"https:\/\/moozapro.com\/wp-content\/uploads\/2020\/06\/deep-cl-sh.jpg\" \/>\n\t<meta property=\"og:image:width\" content=\"600\" \/>\n\t<meta property=\"og:image:height\" content=\"600\" \/>\n\t<meta property=\"og:image:type\" content=\"image\/jpeg\" \/>\n<meta name=\"twitter:card\" content=\"summary_large_image\" \/>\n<meta name=\"twitter:label1\" content=\"Est. reading time\" \/>\n\t<meta name=\"twitter:data1\" content=\"1 minute\" \/>\n<script type=\"application\/ld+json\" class=\"yoast-schema-graph\">{\"@context\":\"https:\\\/\\\/schema.org\",\"@graph\":[{\"@type\":\"WebPage\",\"@id\":\"https:\\\/\\\/moozapro.com\\\/en\\\/produktas\\\/cleansing-shampoo\\\/\",\"url\":\"https:\\\/\\\/moozapro.com\\\/en\\\/produktas\\\/cleansing-shampoo\\\/\",\"name\":\"Cleansing shampoo | Mooza Pro\",\"isPartOf\":{\"@id\":\"https:\\\/\\\/moozapro.com\\\/en\\\/#website\"},\"primaryImageOfPage\":{\"@id\":\"https:\\\/\\\/moozapro.com\\\/en\\\/produktas\\\/cleansing-shampoo\\\/#primaryimage\"},\"image\":{\"@id\":\"https:\\\/\\\/moozapro.com\\\/en\\\/produktas\\\/cleansing-shampoo\\\/#primaryimage\"},\"thumbnailUrl\":\"https:\\\/\\\/moozapro.com\\\/wp-content\\\/uploads\\\/2020\\\/06\\\/deep-cl-sh.jpg\",\"datePublished\":\"2025-07-29T09:38:48+00:00\",\"description\":\"Gently and deeply cleanses oily skin. Removes impurities and regulates oiliness of the skin. Suitable for oily skin problems.\",\"breadcrumb\":{\"@id\":\"https:\\\/\\\/moozapro.com\\\/en\\\/produktas\\\/cleansing-shampoo\\\/#breadcrumb\"},\"inLanguage\":\"en-US\",\"potentialAction\":[{\"@type\":\"ReadAction\",\"target\":[\"https:\\\/\\\/moozapro.com\\\/en\\\/produktas\\\/cleansing-shampoo\\\/\"]}]},{\"@type\":\"ImageObject\",\"inLanguage\":\"en-US\",\"@id\":\"https:\\\/\\\/moozapro.com\\\/en\\\/produktas\\\/cleansing-shampoo\\\/#primaryimage\",\"url\":\"https:\\\/\\\/moozapro.com\\\/wp-content\\\/uploads\\\/2020\\\/06\\\/deep-cl-sh.jpg\",\"contentUrl\":\"https:\\\/\\\/moozapro.com\\\/wp-content\\\/uploads\\\/2020\\\/06\\\/deep-cl-sh.jpg\",\"width\":600,\"height\":600,\"caption\":\"sampunas\"},{\"@type\":\"BreadcrumbList\",\"@id\":\"https:\\\/\\\/moozapro.com\\\/en\\\/produktas\\\/cleansing-shampoo\\\/#breadcrumb\",\"itemListElement\":[{\"@type\":\"ListItem\",\"position\":1,\"name\":\"Pagrindinis\",\"item\":\"https:\\\/\\\/moozapro.com\\\/en\\\/\"},{\"@type\":\"ListItem\",\"position\":2,\"name\":\"Shop\",\"item\":\"https:\\\/\\\/moozapro.com\\\/en\\\/shop-2\\\/\"},{\"@type\":\"ListItem\",\"position\":3,\"name\":\"Cleansing shampoo\"}]},{\"@type\":\"WebSite\",\"@id\":\"https:\\\/\\\/moozapro.com\\\/en\\\/#website\",\"url\":\"https:\\\/\\\/moozapro.com\\\/en\\\/\",\"name\":\"Mooza Pro\",\"description\":\"Priemon\u0117s j\u016bs\u0173 plaukams\",\"publisher\":{\"@id\":\"https:\\\/\\\/moozapro.com\\\/en\\\/#organization\"},\"potentialAction\":[{\"@type\":\"SearchAction\",\"target\":{\"@type\":\"EntryPoint\",\"urlTemplate\":\"https:\\\/\\\/moozapro.com\\\/en\\\/?s={search_term_string}\"},\"query-input\":{\"@type\":\"PropertyValueSpecification\",\"valueRequired\":true,\"valueName\":\"search_term_string\"}}],\"inLanguage\":\"en-US\"},{\"@type\":\"Organization\",\"@id\":\"https:\\\/\\\/moozapro.com\\\/en\\\/#organization\",\"name\":\"Mooza Pro\",\"url\":\"https:\\\/\\\/moozapro.com\\\/en\\\/\",\"logo\":{\"@type\":\"ImageObject\",\"inLanguage\":\"en-US\",\"@id\":\"https:\\\/\\\/moozapro.com\\\/en\\\/#\\\/schema\\\/logo\\\/image\\\/\",\"url\":\"https:\\\/\\\/moozapro.com\\\/wp-content\\\/uploads\\\/2023\\\/11\\\/Mooza-Pro-mazas-logo.png\",\"contentUrl\":\"https:\\\/\\\/moozapro.com\\\/wp-content\\\/uploads\\\/2023\\\/11\\\/Mooza-Pro-mazas-logo.png\",\"width\":250,\"height\":103,\"caption\":\"Mooza Pro\"},\"image\":{\"@id\":\"https:\\\/\\\/moozapro.com\\\/en\\\/#\\\/schema\\\/logo\\\/image\\\/\"},\"sameAs\":[\"https:\\\/\\\/www.facebook.com\\\/moozabeauty\"]}]}<\/script>\n<!-- \/ Yoast SEO plugin. -->","yoast_head_json":{"title":"Cleansing shampoo | Mooza Pro","description":"Gently and deeply cleanses oily skin. Removes impurities and regulates oiliness of the skin. Suitable for oily skin problems.","robots":{"index":"index","follow":"follow","max-snippet":"max-snippet:-1","max-image-preview":"max-image-preview:large","max-video-preview":"max-video-preview:-1"},"canonical":"https:\/\/moozapro.com\/en\/produktas\/cleansing-shampoo\/","og_locale":"en_US","og_type":"article","og_title":"Cleansing shampoo | Mooza Pro","og_description":"Gently and deeply cleanses oily skin. Removes impurities and regulates oiliness of the skin. Suitable for oily skin problems.","og_url":"https:\/\/moozapro.com\/en\/produktas\/cleansing-shampoo\/","og_site_name":"Mooza Pro","article_publisher":"https:\/\/www.facebook.com\/moozabeauty","og_image":[{"width":600,"height":600,"url":"https:\/\/moozapro.com\/wp-content\/uploads\/2020\/06\/deep-cl-sh.jpg","type":"image\/jpeg"}],"twitter_card":"summary_large_image","twitter_misc":{"Est. reading time":"1 minute"},"schema":{"@context":"https:\/\/schema.org","@graph":[{"@type":"WebPage","@id":"https:\/\/moozapro.com\/en\/produktas\/cleansing-shampoo\/","url":"https:\/\/moozapro.com\/en\/produktas\/cleansing-shampoo\/","name":"Cleansing shampoo | Mooza Pro","isPartOf":{"@id":"https:\/\/moozapro.com\/en\/#website"},"primaryImageOfPage":{"@id":"https:\/\/moozapro.com\/en\/produktas\/cleansing-shampoo\/#primaryimage"},"image":{"@id":"https:\/\/moozapro.com\/en\/produktas\/cleansing-shampoo\/#primaryimage"},"thumbnailUrl":"https:\/\/moozapro.com\/wp-content\/uploads\/2020\/06\/deep-cl-sh.jpg","datePublished":"2025-07-29T09:38:48+00:00","description":"Gently and deeply cleanses oily skin. Removes impurities and regulates oiliness of the skin. Suitable for oily skin problems.","breadcrumb":{"@id":"https:\/\/moozapro.com\/en\/produktas\/cleansing-shampoo\/#breadcrumb"},"inLanguage":"en-US","potentialAction":[{"@type":"ReadAction","target":["https:\/\/moozapro.com\/en\/produktas\/cleansing-shampoo\/"]}]},{"@type":"ImageObject","inLanguage":"en-US","@id":"https:\/\/moozapro.com\/en\/produktas\/cleansing-shampoo\/#primaryimage","url":"https:\/\/moozapro.com\/wp-content\/uploads\/2020\/06\/deep-cl-sh.jpg","contentUrl":"https:\/\/moozapro.com\/wp-content\/uploads\/2020\/06\/deep-cl-sh.jpg","width":600,"height":600,"caption":"sampunas"},{"@type":"BreadcrumbList","@id":"https:\/\/moozapro.com\/en\/produktas\/cleansing-shampoo\/#breadcrumb","itemListElement":[{"@type":"ListItem","position":1,"name":"Pagrindinis","item":"https:\/\/moozapro.com\/en\/"},{"@type":"ListItem","position":2,"name":"Shop","item":"https:\/\/moozapro.com\/en\/shop-2\/"},{"@type":"ListItem","position":3,"name":"Cleansing shampoo"}]},{"@type":"WebSite","@id":"https:\/\/moozapro.com\/en\/#website","url":"https:\/\/moozapro.com\/en\/","name":"Mooza Pro","description":"Priemon\u0117s j\u016bs\u0173 plaukams","publisher":{"@id":"https:\/\/moozapro.com\/en\/#organization"},"potentialAction":[{"@type":"SearchAction","target":{"@type":"EntryPoint","urlTemplate":"https:\/\/moozapro.com\/en\/?s={search_term_string}"},"query-input":{"@type":"PropertyValueSpecification","valueRequired":true,"valueName":"search_term_string"}}],"inLanguage":"en-US"},{"@type":"Organization","@id":"https:\/\/moozapro.com\/en\/#organization","name":"Mooza Pro","url":"https:\/\/moozapro.com\/en\/","logo":{"@type":"ImageObject","inLanguage":"en-US","@id":"https:\/\/moozapro.com\/en\/#\/schema\/logo\/image\/","url":"https:\/\/moozapro.com\/wp-content\/uploads\/2023\/11\/Mooza-Pro-mazas-logo.png","contentUrl":"https:\/\/moozapro.com\/wp-content\/uploads\/2023\/11\/Mooza-Pro-mazas-logo.png","width":250,"height":103,"caption":"Mooza Pro"},"image":{"@id":"https:\/\/moozapro.com\/en\/#\/schema\/logo\/image\/"},"sameAs":["https:\/\/www.facebook.com\/moozabeauty"]}]}},"_links":{"self":[{"href":"https:\/\/moozapro.com\/en\/wp-json\/wp\/v2\/product\/36198","targetHints":{"allow":["GET"]}}],"collection":[{"href":"https:\/\/moozapro.com\/en\/wp-json\/wp\/v2\/product"}],"about":[{"href":"https:\/\/moozapro.com\/en\/wp-json\/wp\/v2\/types\/product"}],"replies":[{"embeddable":true,"href":"https:\/\/moozapro.com\/en\/wp-json\/wp\/v2\/comments?post=36198"}],"version-history":[{"count":0,"href":"https:\/\/moozapro.com\/en\/wp-json\/wp\/v2\/product\/36198\/revisions"}],"wp:featuredmedia":[{"embeddable":true,"href":"https:\/\/moozapro.com\/en\/wp-json\/wp\/v2\/media\/36199"}],"wp:attachment":[{"href":"https:\/\/moozapro.com\/en\/wp-json\/wp\/v2\/media?parent=36198"}],"wp:term":[{"taxonomy":"product_brand","embeddable":true,"href":"https:\/\/moozapro.com\/en\/wp-json\/wp\/v2\/product_brand?post=36198"},{"taxonomy":"product_cat","embeddable":true,"href":"https:\/\/moozapro.com\/en\/wp-json\/wp\/v2\/product_cat?post=36198"},{"taxonomy":"product_tag","embeddable":true,"href":"https:\/\/moozapro.com\/en\/wp-json\/wp\/v2\/product_tag?post=36198"}],"curies":[{"name":"wp","href":"https:\/\/api.w.org\/{rel}","templated":true}]}}