{"id":36545,"date":"2025-07-29T12:43:28","date_gmt":"2025-07-29T09:43:28","guid":{"rendered":"https:\/\/moozapro.com\/produktas\/jean-paulmyne-kyklos-toning-shampoo\/"},"modified":"2025-07-29T12:43:32","modified_gmt":"2025-07-29T09:43:32","slug":"jean-paulmyne-kyklos-toning-shampoo","status":"publish","type":"product","link":"https:\/\/moozapro.com\/en\/produktas\/jean-paulmyne-kyklos-toning-shampoo\/","title":{"rendered":"Jean Paulmyne KYKLOS TONING Shampoo"},"content":{"rendered":"\t\t<div data-elementor-type=\"product-post\" data-elementor-id=\"36545\" class=\"elementor elementor-36545 elementor-17629\" data-elementor-post-type=\"product\">\n\t\t\t\t\t\t<section class=\"elementor-section elementor-top-section elementor-element elementor-element-2a30b433 elementor-section-boxed elementor-section-height-default elementor-section-height-default\" data-id=\"2a30b433\" data-element_type=\"section\" data-e-type=\"section\">\n\t\t\t\t\t\t<div class=\"elementor-container elementor-column-gap-default\">\n\t\t\t\t\t<div class=\"elementor-column elementor-col-50 elementor-top-column elementor-element elementor-element-1c170343 kitify-col-width-auto-no kitify-disable-relative-no\" data-id=\"1c170343\" data-element_type=\"column\" data-e-type=\"column\" data-settings=\"{&quot;background_background&quot;:&quot;classic&quot;}\">\n\t\t\t<div class=\"elementor-widget-wrap elementor-element-populated\">\n\t\t\t\t\t\t<div class=\"elementor-element elementor-element-111785d elementor-widget elementor-widget-image\" data-id=\"111785d\" data-element_type=\"widget\" data-e-type=\"widget\" data-widget_type=\"image.default\">\n\t\t\t\t<div class=\"elementor-widget-container\">\n\t\t\t\t\t\t\t\t\t\t\t\t\t\t\t<img decoding=\"async\" src=\"https:\/\/moozapro.com\/wp-content\/uploads\/2022\/09\/PRIMA1.jpeg\" title=\"\" alt=\"\" loading=\"lazy\" \/>\t\t\t\t\t\t\t\t\t\t\t\t\t\t\t<\/div>\n\t\t\t\t<\/div>\n\t\t\t\t<div class=\"elementor-element elementor-element-9dec917 elementor-widget elementor-widget-image\" data-id=\"9dec917\" data-element_type=\"widget\" data-e-type=\"widget\" data-widget_type=\"image.default\">\n\t\t\t\t<div class=\"elementor-widget-container\">\n\t\t\t\t\t\t\t\t\t\t\t\t\t\t\t<img decoding=\"async\" src=\"https:\/\/moozapro.com\/wp-content\/uploads\/2022\/09\/DOPO1.jpeg\" title=\"\" alt=\"\" loading=\"lazy\" \/>\t\t\t\t\t\t\t\t\t\t\t\t\t\t\t<\/div>\n\t\t\t\t<\/div>\n\t\t\t\t\t<\/div>\n\t\t<\/div>\n\t\t\t\t<div class=\"elementor-column elementor-col-50 elementor-top-column elementor-element elementor-element-216f2c7d kitify-col-width-auto-no kitify-disable-relative-no\" data-id=\"216f2c7d\" data-element_type=\"column\" data-e-type=\"column\">\n\t\t\t<div class=\"elementor-widget-wrap elementor-element-populated\">\n\t\t\t\t\t\t<div class=\"elementor-element elementor-element-427c54ed elementor-widget elementor-widget-heading\" data-id=\"427c54ed\" data-element_type=\"widget\" data-e-type=\"widget\" data-widget_type=\"heading.default\">\n\t\t\t\t<div class=\"elementor-widget-container\">\n\t\t\t\t\t<h2 class=\"elementor-heading-title elementor-size-default\">Hair loss control shampoo<\/h2>\t\t\t\t<\/div>\n\t\t\t\t<\/div>\n\t\t\t\t<div class=\"elementor-element elementor-element-7e74a407 elementor-widget-divider--view-line elementor-widget elementor-widget-divider\" data-id=\"7e74a407\" data-element_type=\"widget\" data-e-type=\"widget\" data-widget_type=\"divider.default\">\n\t\t\t\t<div class=\"elementor-widget-container\">\n\t\t\t\t\t\t\t<div class=\"elementor-divider\">\n\t\t\t<span class=\"elementor-divider-separator\">\n\t\t\t\t\t\t<\/span>\n\t\t<\/div>\n\t\t\t\t\t\t<\/div>\n\t\t\t\t<\/div>\n\t\t\t\t<div class=\"elementor-element elementor-element-273000c0 elementor-widget elementor-widget-spacer\" data-id=\"273000c0\" data-element_type=\"widget\" data-e-type=\"widget\" data-widget_type=\"spacer.default\">\n\t\t\t\t<div class=\"elementor-widget-container\">\n\t\t\t\t\t\t\t<div class=\"elementor-spacer\">\n\t\t\t<div class=\"elementor-spacer-inner\"><\/div>\n\t\t<\/div>\n\t\t\t\t\t\t<\/div>\n\t\t\t\t<\/div>\n\t\t\t\t<div class=\"elementor-element elementor-element-6cc15207 elementor-widget elementor-widget-text-editor\" data-id=\"6cc15207\" data-element_type=\"widget\" data-e-type=\"widget\" data-widget_type=\"text-editor.default\">\n\t\t\t\t<div class=\"elementor-widget-container\">\n\t\t\t\t\t\t\t\t\t<p>The result is a clear reduction in hair loss within the first <strong>four weeks. <\/strong>The Kyklos line has been developed by trichologists to address different skin and hair problems. Creating fast and visible results through: aromatherapy, cosmetics and food supplements. &nbsp;<\/p>\n<p><strong>Toning<\/strong> shampoo to reduce hair loss and stimulate the skin:<\/p>\n<p>&#8211; Cleanses the skin and prepares it for the therapeutic agents<\/p>\n<p>&#8211; Essential oils stimulate blood circulation in the skin<\/p>\n<p>&#8211; activates dormant hair follicles<\/p>\n<p>&#8211; Increases hair strength<\/p>\n<p>Tinakam to tackle the loss of:<\/p><ul>\n<li>stress<\/li>\n<li>after a COVID breakthrough<\/li>\n<li>vitamin and micronutrient deficiencies<\/li>\n<li>seasonal (time of year) variation<\/li>\n<\/ul>\n<p>The shampoo&#8217;s active ingredients &#8211; rosemary, mint and lavender essential oils &#8211; soothe sensitive scalp by gently cleansing it. The synergy of active ingredients reduces hair loss and stimulates hair growth. Panthenol and wheat proteins help to restore the skin&#8217;s protective barrier and improve skin hydration.  &nbsp;<\/p>\t\t\t\t\t\t\t\t<\/div>\n\t\t\t\t<\/div>\n\t\t\t\t\t<\/div>\n\t\t<\/div>\n\t\t\t\t\t<\/div>\n\t\t<\/section>\n\t\t\t\t<section class=\"elementor-section elementor-top-section elementor-element elementor-element-4074f46a elementor-reverse-mobile elementor-section-boxed elementor-section-height-default elementor-section-height-default\" data-id=\"4074f46a\" data-element_type=\"section\" data-e-type=\"section\">\n\t\t\t\t\t\t<div class=\"elementor-container elementor-column-gap-default\">\n\t\t\t\t\t<div class=\"elementor-column elementor-col-50 elementor-top-column elementor-element elementor-element-400b343d kitify-col-width-auto-no kitify-disable-relative-no\" data-id=\"400b343d\" data-element_type=\"column\" data-e-type=\"column\">\n\t\t\t<div class=\"elementor-widget-wrap elementor-element-populated\">\n\t\t\t\t\t\t<div class=\"elementor-element elementor-element-4bfd7380 elementor-widget elementor-widget-heading\" data-id=\"4bfd7380\" data-element_type=\"widget\" data-e-type=\"widget\" data-widget_type=\"heading.default\">\n\t\t\t\t<div class=\"elementor-widget-container\">\n\t\t\t\t\t<h2 class=\"elementor-heading-title elementor-size-default\">Use of  <\/h2>\t\t\t\t<\/div>\n\t\t\t\t<\/div>\n\t\t\t\t<div class=\"elementor-element elementor-element-7e3c28b7 elementor-widget-divider--view-line elementor-widget elementor-widget-divider\" data-id=\"7e3c28b7\" data-element_type=\"widget\" data-e-type=\"widget\" data-widget_type=\"divider.default\">\n\t\t\t\t<div class=\"elementor-widget-container\">\n\t\t\t\t\t\t\t<div class=\"elementor-divider\">\n\t\t\t<span class=\"elementor-divider-separator\">\n\t\t\t\t\t\t<\/span>\n\t\t<\/div>\n\t\t\t\t\t\t<\/div>\n\t\t\t\t<\/div>\n\t\t\t\t<div class=\"elementor-element elementor-element-321fa32d elementor-widget elementor-widget-spacer\" data-id=\"321fa32d\" data-element_type=\"widget\" data-e-type=\"widget\" data-widget_type=\"spacer.default\">\n\t\t\t\t<div class=\"elementor-widget-container\">\n\t\t\t\t\t\t\t<div class=\"elementor-spacer\">\n\t\t\t<div class=\"elementor-spacer-inner\"><\/div>\n\t\t<\/div>\n\t\t\t\t\t\t<\/div>\n\t\t\t\t<\/div>\n\t\t\t\t<div class=\"elementor-element elementor-element-1d00995a elementor-widget elementor-widget-text-editor\" data-id=\"1d00995a\" data-element_type=\"widget\" data-e-type=\"widget\" data-widget_type=\"text-editor.default\">\n\t\t\t\t<div class=\"elementor-widget-container\">\n\t\t\t\t\t\t\t\t\t<p>Choose shampoo and ampoules to reduce hair loss.<\/p><p>Using shampoo:<\/p><ol><li><strong>Moisten the skin with warm water<\/strong><\/li><li><strong>Distribute the shampoo from the bottle directly onto the skin<\/strong><\/li><li><strong>  Massage the shampoo out with gentle massage movements, rinse<\/strong><\/li><li><strong>After the second shampooing, leave on the skin for 5 minutes and rinse.  <\/strong><\/li><li><strong>Apply the mask according to the structure of the hair<\/strong><\/li><li><strong>Use the &#8220;Densifying synergy post&#8221; after washing<\/strong><\/li><\/ol><p>The best result is achieved by using the shampoo for 2-6 months or until hair loss stops.<\/p><p>Ingredients:<\/p><p style=\"font-weight: 400;\"><span style=\"font-size: 8pt;\">Aqua, sodium c14-16 olefin sulphonate, decyl glucoside, cocamidopropyl betane, peg-40 hydrogenated castor oil, polysorbate 20, lauryl glucoside, disodium cocamphodiasetate, phenoxyethanol, propylene glycol, magnesium chloride, mentha arvesis leaf oil, citric acid, Lavandula angustifolia oil, ethylhexylglycerin, laureth-2 linalool, sodium sulphate, tocopheryl acetate, panthenol, hydrolysed oat protein, sodium hydroxide, edta, limonene, glycerin, peg\/ppg- 120\/10 trimethylolpropane,trioleate, helianthus annuus seed extract.<\/span><\/p>\t\t\t\t\t\t\t\t<\/div>\n\t\t\t\t<\/div>\n\t\t\t\t<div class=\"elementor-element elementor-element-5ffe56a3 elementor-widget elementor-widget-spacer\" data-id=\"5ffe56a3\" data-element_type=\"widget\" data-e-type=\"widget\" data-widget_type=\"spacer.default\">\n\t\t\t\t<div class=\"elementor-widget-container\">\n\t\t\t\t\t\t\t<div class=\"elementor-spacer\">\n\t\t\t<div class=\"elementor-spacer-inner\"><\/div>\n\t\t<\/div>\n\t\t\t\t\t\t<\/div>\n\t\t\t\t<\/div>\n\t\t\t\t\t<\/div>\n\t\t<\/div>\n\t\t\t\t<div class=\"elementor-column elementor-col-50 elementor-top-column elementor-element elementor-element-271840f1 kitify-col-width-auto-no kitify-disable-relative-no\" data-id=\"271840f1\" data-element_type=\"column\" data-e-type=\"column\">\n\t\t\t<div class=\"elementor-widget-wrap elementor-element-populated\">\n\t\t\t\t\t\t<div class=\"elementor-element elementor-element-5e58dba elementor-widget elementor-widget-video\" data-id=\"5e58dba\" data-element_type=\"widget\" data-e-type=\"widget\" data-settings=\"{&quot;youtube_url&quot;:&quot;https:\\\/\\\/youtu.be\\\/i-xDp7HJDy0&quot;,&quot;video_type&quot;:&quot;youtube&quot;,&quot;controls&quot;:&quot;yes&quot;}\" data-widget_type=\"video.default\">\n\t\t\t\t<div class=\"elementor-widget-container\">\n\t\t\t\t\t\t\t<div class=\"elementor-wrapper elementor-open-inline\">\n\t\t\t<div class=\"elementor-video\"><\/div>\t\t<\/div>\n\t\t\t\t\t\t<\/div>\n\t\t\t\t<\/div>\n\t\t\t\t\t<\/div>\n\t\t<\/div>\n\t\t\t\t\t<\/div>\n\t\t<\/section>\n\t\t\t\t<\/div>\n\t\t","protected":false},"excerpt":{"rendered":"<p>Hair loss control shampoo The result is a clear reduction in hair loss within the first four weeks. The Kyklos line has been developed by trichologists to address different skin and hair problems. Creating fast and visible results through: aromatherapy, cosmetics and food supplements. &nbsp; Toning shampoo to reduce hair loss and stimulate the skin: &#8211; Cleanses the skin and\u2026<\/p>\n","protected":false},"featured_media":36546,"comment_status":"open","ping_status":"closed","template":"","meta":[],"product_brand":[],"product_cat":[962,948],"product_tag":[],"class_list":{"0":"post-36545","1":"product","2":"type-product","3":"status-publish","4":"has-post-thumbnail","6":"product_cat-hair-loss-baldness","7":"product_cat-shampoos","9":"first","10":"outofstock","11":"sale","12":"taxable","13":"shipping-taxable","14":"purchasable","15":"product-type-simple"},"yoast_head":"<!-- This site is optimized with the Yoast SEO plugin v27.4 - https:\/\/yoast.com\/product\/yoast-seo-wordpress\/ -->\n<title>Jean Paulmyne KYKLOS TONING Shampoo | Mooza Pro<\/title>\n<meta name=\"description\" content=\"Shampoo to reduce hair loss. Stimulates blood circulation in the scalp and activates the hair follicle to reduce hair loss.\" \/>\n<meta name=\"robots\" content=\"index, follow, max-snippet:-1, max-image-preview:large, max-video-preview:-1\" \/>\n<link rel=\"canonical\" href=\"https:\/\/moozapro.com\/en\/produktas\/jean-paulmyne-kyklos-toning-shampoo\/\" \/>\n<meta property=\"og:locale\" content=\"en_US\" \/>\n<meta property=\"og:type\" content=\"article\" \/>\n<meta property=\"og:title\" content=\"Jean Paulmyne KYKLOS TONING Shampoo | Mooza Pro\" \/>\n<meta property=\"og:description\" content=\"Shampoo to reduce hair loss. Stimulates blood circulation in the scalp and activates the hair follicle to reduce hair loss.\" \/>\n<meta property=\"og:url\" content=\"https:\/\/moozapro.com\/en\/produktas\/jean-paulmyne-kyklos-toning-shampoo\/\" \/>\n<meta property=\"og:site_name\" content=\"Mooza Pro\" \/>\n<meta property=\"article:publisher\" content=\"https:\/\/www.facebook.com\/moozabeauty\" \/>\n<meta property=\"article:modified_time\" content=\"2025-07-29T09:43:32+00:00\" \/>\n<meta property=\"og:image\" content=\"https:\/\/moozapro.com\/wp-content\/uploads\/2022\/09\/Kyklos-ToningShampoo_flac200ml-scaled.jpg\" \/>\n\t<meta property=\"og:image:width\" content=\"1920\" \/>\n\t<meta property=\"og:image:height\" content=\"2560\" \/>\n\t<meta property=\"og:image:type\" content=\"image\/jpeg\" \/>\n<meta name=\"twitter:card\" content=\"summary_large_image\" \/>\n<meta name=\"twitter:label1\" content=\"Est. reading time\" \/>\n\t<meta name=\"twitter:data1\" content=\"1 minute\" \/>\n<script type=\"application\/ld+json\" class=\"yoast-schema-graph\">{\"@context\":\"https:\\\/\\\/schema.org\",\"@graph\":[{\"@type\":\"WebPage\",\"@id\":\"https:\\\/\\\/moozapro.com\\\/en\\\/produktas\\\/jean-paulmyne-kyklos-toning-shampoo\\\/\",\"url\":\"https:\\\/\\\/moozapro.com\\\/en\\\/produktas\\\/jean-paulmyne-kyklos-toning-shampoo\\\/\",\"name\":\"Jean Paulmyne KYKLOS TONING Shampoo | Mooza Pro\",\"isPartOf\":{\"@id\":\"https:\\\/\\\/moozapro.com\\\/en\\\/#website\"},\"primaryImageOfPage\":{\"@id\":\"https:\\\/\\\/moozapro.com\\\/en\\\/produktas\\\/jean-paulmyne-kyklos-toning-shampoo\\\/#primaryimage\"},\"image\":{\"@id\":\"https:\\\/\\\/moozapro.com\\\/en\\\/produktas\\\/jean-paulmyne-kyklos-toning-shampoo\\\/#primaryimage\"},\"thumbnailUrl\":\"https:\\\/\\\/moozapro.com\\\/wp-content\\\/uploads\\\/2022\\\/09\\\/Kyklos-ToningShampoo_flac200ml-scaled.jpg\",\"datePublished\":\"2025-07-29T09:43:28+00:00\",\"dateModified\":\"2025-07-29T09:43:32+00:00\",\"description\":\"Shampoo to reduce hair loss. Stimulates blood circulation in the scalp and activates the hair follicle to reduce hair loss.\",\"breadcrumb\":{\"@id\":\"https:\\\/\\\/moozapro.com\\\/en\\\/produktas\\\/jean-paulmyne-kyklos-toning-shampoo\\\/#breadcrumb\"},\"inLanguage\":\"en-US\",\"potentialAction\":[{\"@type\":\"ReadAction\",\"target\":[\"https:\\\/\\\/moozapro.com\\\/en\\\/produktas\\\/jean-paulmyne-kyklos-toning-shampoo\\\/\"]}]},{\"@type\":\"ImageObject\",\"inLanguage\":\"en-US\",\"@id\":\"https:\\\/\\\/moozapro.com\\\/en\\\/produktas\\\/jean-paulmyne-kyklos-toning-shampoo\\\/#primaryimage\",\"url\":\"https:\\\/\\\/moozapro.com\\\/wp-content\\\/uploads\\\/2022\\\/09\\\/Kyklos-ToningShampoo_flac200ml-scaled.jpg\",\"contentUrl\":\"https:\\\/\\\/moozapro.com\\\/wp-content\\\/uploads\\\/2022\\\/09\\\/Kyklos-ToningShampoo_flac200ml-scaled.jpg\",\"width\":1920,\"height\":2560,\"caption\":\"plauku slinkimas\"},{\"@type\":\"BreadcrumbList\",\"@id\":\"https:\\\/\\\/moozapro.com\\\/en\\\/produktas\\\/jean-paulmyne-kyklos-toning-shampoo\\\/#breadcrumb\",\"itemListElement\":[{\"@type\":\"ListItem\",\"position\":1,\"name\":\"Pagrindinis\",\"item\":\"https:\\\/\\\/moozapro.com\\\/en\\\/\"},{\"@type\":\"ListItem\",\"position\":2,\"name\":\"Shop\",\"item\":\"https:\\\/\\\/moozapro.com\\\/en\\\/shop-2\\\/\"},{\"@type\":\"ListItem\",\"position\":3,\"name\":\"Jean Paulmyne KYKLOS TONING Shampoo\"}]},{\"@type\":\"WebSite\",\"@id\":\"https:\\\/\\\/moozapro.com\\\/en\\\/#website\",\"url\":\"https:\\\/\\\/moozapro.com\\\/en\\\/\",\"name\":\"Mooza Pro\",\"description\":\"Priemon\u0117s j\u016bs\u0173 plaukams\",\"publisher\":{\"@id\":\"https:\\\/\\\/moozapro.com\\\/en\\\/#organization\"},\"potentialAction\":[{\"@type\":\"SearchAction\",\"target\":{\"@type\":\"EntryPoint\",\"urlTemplate\":\"https:\\\/\\\/moozapro.com\\\/en\\\/?s={search_term_string}\"},\"query-input\":{\"@type\":\"PropertyValueSpecification\",\"valueRequired\":true,\"valueName\":\"search_term_string\"}}],\"inLanguage\":\"en-US\"},{\"@type\":\"Organization\",\"@id\":\"https:\\\/\\\/moozapro.com\\\/en\\\/#organization\",\"name\":\"Mooza Pro\",\"url\":\"https:\\\/\\\/moozapro.com\\\/en\\\/\",\"logo\":{\"@type\":\"ImageObject\",\"inLanguage\":\"en-US\",\"@id\":\"https:\\\/\\\/moozapro.com\\\/en\\\/#\\\/schema\\\/logo\\\/image\\\/\",\"url\":\"https:\\\/\\\/moozapro.com\\\/wp-content\\\/uploads\\\/2023\\\/11\\\/Mooza-Pro-mazas-logo.png\",\"contentUrl\":\"https:\\\/\\\/moozapro.com\\\/wp-content\\\/uploads\\\/2023\\\/11\\\/Mooza-Pro-mazas-logo.png\",\"width\":250,\"height\":103,\"caption\":\"Mooza Pro\"},\"image\":{\"@id\":\"https:\\\/\\\/moozapro.com\\\/en\\\/#\\\/schema\\\/logo\\\/image\\\/\"},\"sameAs\":[\"https:\\\/\\\/www.facebook.com\\\/moozabeauty\"]}]}<\/script>\n<!-- \/ Yoast SEO plugin. -->","yoast_head_json":{"title":"Jean Paulmyne KYKLOS TONING Shampoo | Mooza Pro","description":"Shampoo to reduce hair loss. Stimulates blood circulation in the scalp and activates the hair follicle to reduce hair loss.","robots":{"index":"index","follow":"follow","max-snippet":"max-snippet:-1","max-image-preview":"max-image-preview:large","max-video-preview":"max-video-preview:-1"},"canonical":"https:\/\/moozapro.com\/en\/produktas\/jean-paulmyne-kyklos-toning-shampoo\/","og_locale":"en_US","og_type":"article","og_title":"Jean Paulmyne KYKLOS TONING Shampoo | Mooza Pro","og_description":"Shampoo to reduce hair loss. Stimulates blood circulation in the scalp and activates the hair follicle to reduce hair loss.","og_url":"https:\/\/moozapro.com\/en\/produktas\/jean-paulmyne-kyklos-toning-shampoo\/","og_site_name":"Mooza Pro","article_publisher":"https:\/\/www.facebook.com\/moozabeauty","article_modified_time":"2025-07-29T09:43:32+00:00","og_image":[{"width":1920,"height":2560,"url":"https:\/\/moozapro.com\/wp-content\/uploads\/2022\/09\/Kyklos-ToningShampoo_flac200ml-scaled.jpg","type":"image\/jpeg"}],"twitter_card":"summary_large_image","twitter_misc":{"Est. reading time":"1 minute"},"schema":{"@context":"https:\/\/schema.org","@graph":[{"@type":"WebPage","@id":"https:\/\/moozapro.com\/en\/produktas\/jean-paulmyne-kyklos-toning-shampoo\/","url":"https:\/\/moozapro.com\/en\/produktas\/jean-paulmyne-kyklos-toning-shampoo\/","name":"Jean Paulmyne KYKLOS TONING Shampoo | Mooza Pro","isPartOf":{"@id":"https:\/\/moozapro.com\/en\/#website"},"primaryImageOfPage":{"@id":"https:\/\/moozapro.com\/en\/produktas\/jean-paulmyne-kyklos-toning-shampoo\/#primaryimage"},"image":{"@id":"https:\/\/moozapro.com\/en\/produktas\/jean-paulmyne-kyklos-toning-shampoo\/#primaryimage"},"thumbnailUrl":"https:\/\/moozapro.com\/wp-content\/uploads\/2022\/09\/Kyklos-ToningShampoo_flac200ml-scaled.jpg","datePublished":"2025-07-29T09:43:28+00:00","dateModified":"2025-07-29T09:43:32+00:00","description":"Shampoo to reduce hair loss. Stimulates blood circulation in the scalp and activates the hair follicle to reduce hair loss.","breadcrumb":{"@id":"https:\/\/moozapro.com\/en\/produktas\/jean-paulmyne-kyklos-toning-shampoo\/#breadcrumb"},"inLanguage":"en-US","potentialAction":[{"@type":"ReadAction","target":["https:\/\/moozapro.com\/en\/produktas\/jean-paulmyne-kyklos-toning-shampoo\/"]}]},{"@type":"ImageObject","inLanguage":"en-US","@id":"https:\/\/moozapro.com\/en\/produktas\/jean-paulmyne-kyklos-toning-shampoo\/#primaryimage","url":"https:\/\/moozapro.com\/wp-content\/uploads\/2022\/09\/Kyklos-ToningShampoo_flac200ml-scaled.jpg","contentUrl":"https:\/\/moozapro.com\/wp-content\/uploads\/2022\/09\/Kyklos-ToningShampoo_flac200ml-scaled.jpg","width":1920,"height":2560,"caption":"plauku slinkimas"},{"@type":"BreadcrumbList","@id":"https:\/\/moozapro.com\/en\/produktas\/jean-paulmyne-kyklos-toning-shampoo\/#breadcrumb","itemListElement":[{"@type":"ListItem","position":1,"name":"Pagrindinis","item":"https:\/\/moozapro.com\/en\/"},{"@type":"ListItem","position":2,"name":"Shop","item":"https:\/\/moozapro.com\/en\/shop-2\/"},{"@type":"ListItem","position":3,"name":"Jean Paulmyne KYKLOS TONING Shampoo"}]},{"@type":"WebSite","@id":"https:\/\/moozapro.com\/en\/#website","url":"https:\/\/moozapro.com\/en\/","name":"Mooza Pro","description":"Priemon\u0117s j\u016bs\u0173 plaukams","publisher":{"@id":"https:\/\/moozapro.com\/en\/#organization"},"potentialAction":[{"@type":"SearchAction","target":{"@type":"EntryPoint","urlTemplate":"https:\/\/moozapro.com\/en\/?s={search_term_string}"},"query-input":{"@type":"PropertyValueSpecification","valueRequired":true,"valueName":"search_term_string"}}],"inLanguage":"en-US"},{"@type":"Organization","@id":"https:\/\/moozapro.com\/en\/#organization","name":"Mooza Pro","url":"https:\/\/moozapro.com\/en\/","logo":{"@type":"ImageObject","inLanguage":"en-US","@id":"https:\/\/moozapro.com\/en\/#\/schema\/logo\/image\/","url":"https:\/\/moozapro.com\/wp-content\/uploads\/2023\/11\/Mooza-Pro-mazas-logo.png","contentUrl":"https:\/\/moozapro.com\/wp-content\/uploads\/2023\/11\/Mooza-Pro-mazas-logo.png","width":250,"height":103,"caption":"Mooza Pro"},"image":{"@id":"https:\/\/moozapro.com\/en\/#\/schema\/logo\/image\/"},"sameAs":["https:\/\/www.facebook.com\/moozabeauty"]}]}},"_links":{"self":[{"href":"https:\/\/moozapro.com\/en\/wp-json\/wp\/v2\/product\/36545","targetHints":{"allow":["GET"]}}],"collection":[{"href":"https:\/\/moozapro.com\/en\/wp-json\/wp\/v2\/product"}],"about":[{"href":"https:\/\/moozapro.com\/en\/wp-json\/wp\/v2\/types\/product"}],"replies":[{"embeddable":true,"href":"https:\/\/moozapro.com\/en\/wp-json\/wp\/v2\/comments?post=36545"}],"version-history":[{"count":1,"href":"https:\/\/moozapro.com\/en\/wp-json\/wp\/v2\/product\/36545\/revisions"}],"predecessor-version":[{"id":36549,"href":"https:\/\/moozapro.com\/en\/wp-json\/wp\/v2\/product\/36545\/revisions\/36549"}],"wp:featuredmedia":[{"embeddable":true,"href":"https:\/\/moozapro.com\/en\/wp-json\/wp\/v2\/media\/36546"}],"wp:attachment":[{"href":"https:\/\/moozapro.com\/en\/wp-json\/wp\/v2\/media?parent=36545"}],"wp:term":[{"taxonomy":"product_brand","embeddable":true,"href":"https:\/\/moozapro.com\/en\/wp-json\/wp\/v2\/product_brand?post=36545"},{"taxonomy":"product_cat","embeddable":true,"href":"https:\/\/moozapro.com\/en\/wp-json\/wp\/v2\/product_cat?post=36545"},{"taxonomy":"product_tag","embeddable":true,"href":"https:\/\/moozapro.com\/en\/wp-json\/wp\/v2\/product_tag?post=36545"}],"curies":[{"name":"wp","href":"https:\/\/api.w.org\/{rel}","templated":true}]}}