{"id":36622,"date":"2025-07-29T12:44:16","date_gmt":"2025-07-29T09:44:16","guid":{"rendered":"https:\/\/moozapro.com\/produktas\/daily-shampoo-with-almond-milk-newsha-gentle-care\/"},"modified":"2025-07-29T12:44:17","modified_gmt":"2025-07-29T09:44:17","slug":"daily-shampoo-with-almond-milk-newsha-gentle-care","status":"publish","type":"product","link":"https:\/\/moozapro.com\/en\/produktas\/daily-shampoo-with-almond-milk-newsha-gentle-care\/","title":{"rendered":"Daily shampoo with almond milk (Newsha Gentle Care)"},"content":{"rendered":"\t\t<div data-elementor-type=\"product-post\" data-elementor-id=\"36622\" class=\"elementor elementor-36622 elementor-6590\" data-elementor-post-type=\"product\">\n\t\t\t\t\t\t<section class=\"elementor-section elementor-top-section elementor-element elementor-element-5f6f5754 elementor-section-boxed elementor-section-height-default elementor-section-height-default\" data-id=\"5f6f5754\" data-element_type=\"section\" data-e-type=\"section\">\n\t\t\t\t\t\t<div class=\"elementor-container elementor-column-gap-default\">\n\t\t\t\t\t<div class=\"elementor-column elementor-col-50 elementor-top-column elementor-element elementor-element-596ac925 kitify-col-width-auto-no kitify-disable-relative-no\" data-id=\"596ac925\" data-element_type=\"column\" data-e-type=\"column\" data-settings=\"{&quot;background_background&quot;:&quot;classic&quot;}\">\n\t\t\t<div class=\"elementor-widget-wrap elementor-element-populated\">\n\t\t\t\t\t\t<div class=\"elementor-element elementor-element-5864c35f elementor-widget elementor-widget-image\" data-id=\"5864c35f\" data-element_type=\"widget\" data-e-type=\"widget\" data-widget_type=\"image.default\">\n\t\t\t\t<div class=\"elementor-widget-container\">\n\t\t\t\t\t\t\t\t\t\t\t\t\t\t\t<img fetchpriority=\"high\" decoding=\"async\" width=\"1707\" height=\"2560\" src=\"https:\/\/moozapro.com\/wp-content\/uploads\/2020\/10\/IMG_9348-scaled.jpg\" class=\"attachment-full size-full wp-image-36630\" alt=\"\" srcset=\"https:\/\/moozapro.com\/wp-content\/uploads\/2020\/10\/IMG_9348-scaled.jpg 1707w, https:\/\/moozapro.com\/wp-content\/uploads\/2020\/10\/IMG_9348-scaled-1000x1500.jpg 1000w, https:\/\/moozapro.com\/wp-content\/uploads\/2020\/10\/IMG_9348-667x1000.jpg 667w, https:\/\/moozapro.com\/wp-content\/uploads\/2020\/10\/IMG_9348-1024x1536.jpg 1024w, https:\/\/moozapro.com\/wp-content\/uploads\/2020\/10\/IMG_9348-1366x2048.jpg 1366w\" sizes=\"(max-width: 1707px) 100vw, 1707px\" \/>\t\t\t\t\t\t\t\t\t\t\t\t\t\t\t<\/div>\n\t\t\t\t<\/div>\n\t\t\t\t\t<\/div>\n\t\t<\/div>\n\t\t\t\t<div class=\"elementor-column elementor-col-50 elementor-top-column elementor-element elementor-element-23cfdfb4 kitify-col-width-auto-no kitify-disable-relative-no\" data-id=\"23cfdfb4\" data-element_type=\"column\" data-e-type=\"column\">\n\t\t\t<div class=\"elementor-widget-wrap elementor-element-populated\">\n\t\t\t\t\t\t<div class=\"elementor-element elementor-element-7f2ec1ad elementor-widget elementor-widget-heading\" data-id=\"7f2ec1ad\" data-element_type=\"widget\" data-e-type=\"widget\" data-widget_type=\"heading.default\">\n\t\t\t\t<div class=\"elementor-widget-container\">\n\t\t\t\t\t<h2 class=\"elementor-heading-title elementor-size-default\">A gentle touch with assured cleanliness. A shampoo for sensitive, normal scalps. <\/h2>\t\t\t\t<\/div>\n\t\t\t\t<\/div>\n\t\t\t\t<div class=\"elementor-element elementor-element-490e6f92 elementor-widget-divider--view-line elementor-widget elementor-widget-divider\" data-id=\"490e6f92\" data-element_type=\"widget\" data-e-type=\"widget\" data-widget_type=\"divider.default\">\n\t\t\t\t<div class=\"elementor-widget-container\">\n\t\t\t\t\t\t\t<div class=\"elementor-divider\">\n\t\t\t<span class=\"elementor-divider-separator\">\n\t\t\t\t\t\t<\/span>\n\t\t<\/div>\n\t\t\t\t\t\t<\/div>\n\t\t\t\t<\/div>\n\t\t\t\t<div class=\"elementor-element elementor-element-5aabfac2 elementor-widget elementor-widget-spacer\" data-id=\"5aabfac2\" data-element_type=\"widget\" data-e-type=\"widget\" data-widget_type=\"spacer.default\">\n\t\t\t\t<div class=\"elementor-widget-container\">\n\t\t\t\t\t\t\t<div class=\"elementor-spacer\">\n\t\t\t<div class=\"elementor-spacer-inner\"><\/div>\n\t\t<\/div>\n\t\t\t\t\t\t<\/div>\n\t\t\t\t<\/div>\n\t\t\t\t<div class=\"elementor-element elementor-element-4b659b9e elementor-widget elementor-widget-text-editor\" data-id=\"4b659b9e\" data-element_type=\"widget\" data-e-type=\"widget\" data-widget_type=\"text-editor.default\">\n\t\t\t\t<div class=\"elementor-widget-container\">\n\t\t\t\t\t\t\t\t\t<p>Suitable for all skin types, preferably sensitive, irritated and prone to dandruff.  <\/p><p>Almond Milk Shampoo gently removes sebum and other impurities from the scalp. It does not dry the hair and skin.   <\/p><p>Easy and simple to use with excellent results.  <\/p><p> <\/p>\t\t\t\t\t\t\t\t<\/div>\n\t\t\t\t<\/div>\n\t\t\t\t\t<\/div>\n\t\t<\/div>\n\t\t\t\t\t<\/div>\n\t\t<\/section>\n\t\t<div class=\"elementor-element elementor-element-4eb85e5f e-flex e-con-boxed kitify-col-width-auto-no ignore-docs-style-no kitify-disable-relative-no e-root-container elementor-top-section e-con e-parent\" data-id=\"4eb85e5f\" data-element_type=\"container\" data-e-type=\"container\">\n\t\t\t\t\t<div class=\"e-con-inner\">\n\t\t\t\t\t<\/div>\n\t\t\t\t<\/div>\n\t\t\t\t<\/div>\n\t\t","protected":false},"excerpt":{"rendered":"<p>Soft and smooth hair, calm and moisturised scalp!<\/p>\n<p>The shampoo is suitable for all types of scalp, especially dry, damaged and over-textured scalps that have visibly lost their moisture balance.<\/p>\n","protected":false},"featured_media":36623,"comment_status":"open","ping_status":"closed","template":"","meta":[],"product_brand":[],"product_cat":[956,985,957,948],"product_tag":[],"class_list":{"0":"post-36622","1":"product","2":"type-product","3":"status-publish","4":"has-post-thumbnail","6":"product_cat-dry-sensitive-skin","7":"product_cat-hair-care","8":"product_cat-normal-skin","9":"product_cat-shampoos","10":"yith_product_brand-newsha","12":"first","13":"instock","14":"taxable","15":"shipping-taxable","16":"purchasable","17":"product-type-variable","18":"has-default-attributes"},"yoast_head":"<!-- This site is optimized with the Yoast SEO plugin v27.4 - https:\/\/yoast.com\/product\/yoast-seo-wordpress\/ -->\n<title>Daily shampoo with almond milk (Newsha Gentle Care) | Mooza Pro<\/title>\n<meta name=\"description\" content=\"Shampoo for dry, sensitive skin and dry hair. It gently removes impurities from the skin and provides light hair care.\" \/>\n<meta name=\"robots\" content=\"index, follow, max-snippet:-1, max-image-preview:large, max-video-preview:-1\" \/>\n<link rel=\"canonical\" href=\"https:\/\/moozapro.com\/en\/produktas\/daily-shampoo-with-almond-milk-newsha-gentle-care\/\" \/>\n<meta property=\"og:locale\" content=\"en_US\" \/>\n<meta property=\"og:type\" content=\"article\" \/>\n<meta property=\"og:title\" content=\"Daily shampoo with almond milk (Newsha Gentle Care) | Mooza Pro\" \/>\n<meta property=\"og:description\" content=\"Shampoo for dry, sensitive skin and dry hair. It gently removes impurities from the skin and provides light hair care.\" \/>\n<meta property=\"og:url\" content=\"https:\/\/moozapro.com\/en\/produktas\/daily-shampoo-with-almond-milk-newsha-gentle-care\/\" \/>\n<meta property=\"og:site_name\" content=\"Mooza Pro\" \/>\n<meta property=\"article:publisher\" content=\"https:\/\/www.facebook.com\/moozabeauty\" \/>\n<meta property=\"article:modified_time\" content=\"2025-07-29T09:44:17+00:00\" \/>\n<meta property=\"og:image\" content=\"https:\/\/moozapro.com\/wp-content\/uploads\/2020\/10\/gentle-care.jpg\" \/>\n\t<meta property=\"og:image:width\" content=\"600\" \/>\n\t<meta property=\"og:image:height\" content=\"600\" \/>\n\t<meta property=\"og:image:type\" content=\"image\/jpeg\" \/>\n<meta name=\"twitter:card\" content=\"summary_large_image\" \/>\n<script type=\"application\/ld+json\" class=\"yoast-schema-graph\">{\"@context\":\"https:\\\/\\\/schema.org\",\"@graph\":[{\"@type\":\"WebPage\",\"@id\":\"https:\\\/\\\/moozapro.com\\\/en\\\/produktas\\\/daily-shampoo-with-almond-milk-newsha-gentle-care\\\/\",\"url\":\"https:\\\/\\\/moozapro.com\\\/en\\\/produktas\\\/daily-shampoo-with-almond-milk-newsha-gentle-care\\\/\",\"name\":\"Daily shampoo with almond milk (Newsha Gentle Care) | Mooza Pro\",\"isPartOf\":{\"@id\":\"https:\\\/\\\/moozapro.com\\\/en\\\/#website\"},\"primaryImageOfPage\":{\"@id\":\"https:\\\/\\\/moozapro.com\\\/en\\\/produktas\\\/daily-shampoo-with-almond-milk-newsha-gentle-care\\\/#primaryimage\"},\"image\":{\"@id\":\"https:\\\/\\\/moozapro.com\\\/en\\\/produktas\\\/daily-shampoo-with-almond-milk-newsha-gentle-care\\\/#primaryimage\"},\"thumbnailUrl\":\"https:\\\/\\\/moozapro.com\\\/wp-content\\\/uploads\\\/2020\\\/10\\\/gentle-care.jpg\",\"datePublished\":\"2025-07-29T09:44:16+00:00\",\"dateModified\":\"2025-07-29T09:44:17+00:00\",\"description\":\"Shampoo for dry, sensitive skin and dry hair. It gently removes impurities from the skin and provides light hair care.\",\"breadcrumb\":{\"@id\":\"https:\\\/\\\/moozapro.com\\\/en\\\/produktas\\\/daily-shampoo-with-almond-milk-newsha-gentle-care\\\/#breadcrumb\"},\"inLanguage\":\"en-US\",\"potentialAction\":[{\"@type\":\"ReadAction\",\"target\":[\"https:\\\/\\\/moozapro.com\\\/en\\\/produktas\\\/daily-shampoo-with-almond-milk-newsha-gentle-care\\\/\"]}]},{\"@type\":\"ImageObject\",\"inLanguage\":\"en-US\",\"@id\":\"https:\\\/\\\/moozapro.com\\\/en\\\/produktas\\\/daily-shampoo-with-almond-milk-newsha-gentle-care\\\/#primaryimage\",\"url\":\"https:\\\/\\\/moozapro.com\\\/wp-content\\\/uploads\\\/2020\\\/10\\\/gentle-care.jpg\",\"contentUrl\":\"https:\\\/\\\/moozapro.com\\\/wp-content\\\/uploads\\\/2020\\\/10\\\/gentle-care.jpg\",\"width\":600,\"height\":600,\"caption\":\"sampunas\"},{\"@type\":\"BreadcrumbList\",\"@id\":\"https:\\\/\\\/moozapro.com\\\/en\\\/produktas\\\/daily-shampoo-with-almond-milk-newsha-gentle-care\\\/#breadcrumb\",\"itemListElement\":[{\"@type\":\"ListItem\",\"position\":1,\"name\":\"Pagrindinis\",\"item\":\"https:\\\/\\\/moozapro.com\\\/en\\\/\"},{\"@type\":\"ListItem\",\"position\":2,\"name\":\"Shop\",\"item\":\"https:\\\/\\\/moozapro.com\\\/en\\\/shop-2\\\/\"},{\"@type\":\"ListItem\",\"position\":3,\"name\":\"Daily shampoo with almond milk (Newsha Gentle Care)\"}]},{\"@type\":\"WebSite\",\"@id\":\"https:\\\/\\\/moozapro.com\\\/en\\\/#website\",\"url\":\"https:\\\/\\\/moozapro.com\\\/en\\\/\",\"name\":\"Mooza Pro\",\"description\":\"Priemon\u0117s j\u016bs\u0173 plaukams\",\"publisher\":{\"@id\":\"https:\\\/\\\/moozapro.com\\\/en\\\/#organization\"},\"potentialAction\":[{\"@type\":\"SearchAction\",\"target\":{\"@type\":\"EntryPoint\",\"urlTemplate\":\"https:\\\/\\\/moozapro.com\\\/en\\\/?s={search_term_string}\"},\"query-input\":{\"@type\":\"PropertyValueSpecification\",\"valueRequired\":true,\"valueName\":\"search_term_string\"}}],\"inLanguage\":\"en-US\"},{\"@type\":\"Organization\",\"@id\":\"https:\\\/\\\/moozapro.com\\\/en\\\/#organization\",\"name\":\"Mooza Pro\",\"url\":\"https:\\\/\\\/moozapro.com\\\/en\\\/\",\"logo\":{\"@type\":\"ImageObject\",\"inLanguage\":\"en-US\",\"@id\":\"https:\\\/\\\/moozapro.com\\\/en\\\/#\\\/schema\\\/logo\\\/image\\\/\",\"url\":\"https:\\\/\\\/moozapro.com\\\/wp-content\\\/uploads\\\/2023\\\/11\\\/Mooza-Pro-mazas-logo.png\",\"contentUrl\":\"https:\\\/\\\/moozapro.com\\\/wp-content\\\/uploads\\\/2023\\\/11\\\/Mooza-Pro-mazas-logo.png\",\"width\":250,\"height\":103,\"caption\":\"Mooza Pro\"},\"image\":{\"@id\":\"https:\\\/\\\/moozapro.com\\\/en\\\/#\\\/schema\\\/logo\\\/image\\\/\"},\"sameAs\":[\"https:\\\/\\\/www.facebook.com\\\/moozabeauty\"]}]}<\/script>\n<!-- \/ Yoast SEO plugin. -->","yoast_head_json":{"title":"Daily shampoo with almond milk (Newsha Gentle Care) | Mooza Pro","description":"Shampoo for dry, sensitive skin and dry hair. It gently removes impurities from the skin and provides light hair care.","robots":{"index":"index","follow":"follow","max-snippet":"max-snippet:-1","max-image-preview":"max-image-preview:large","max-video-preview":"max-video-preview:-1"},"canonical":"https:\/\/moozapro.com\/en\/produktas\/daily-shampoo-with-almond-milk-newsha-gentle-care\/","og_locale":"en_US","og_type":"article","og_title":"Daily shampoo with almond milk (Newsha Gentle Care) | Mooza Pro","og_description":"Shampoo for dry, sensitive skin and dry hair. It gently removes impurities from the skin and provides light hair care.","og_url":"https:\/\/moozapro.com\/en\/produktas\/daily-shampoo-with-almond-milk-newsha-gentle-care\/","og_site_name":"Mooza Pro","article_publisher":"https:\/\/www.facebook.com\/moozabeauty","article_modified_time":"2025-07-29T09:44:17+00:00","og_image":[{"width":600,"height":600,"url":"https:\/\/moozapro.com\/wp-content\/uploads\/2020\/10\/gentle-care.jpg","type":"image\/jpeg"}],"twitter_card":"summary_large_image","schema":{"@context":"https:\/\/schema.org","@graph":[{"@type":"WebPage","@id":"https:\/\/moozapro.com\/en\/produktas\/daily-shampoo-with-almond-milk-newsha-gentle-care\/","url":"https:\/\/moozapro.com\/en\/produktas\/daily-shampoo-with-almond-milk-newsha-gentle-care\/","name":"Daily shampoo with almond milk (Newsha Gentle Care) | Mooza Pro","isPartOf":{"@id":"https:\/\/moozapro.com\/en\/#website"},"primaryImageOfPage":{"@id":"https:\/\/moozapro.com\/en\/produktas\/daily-shampoo-with-almond-milk-newsha-gentle-care\/#primaryimage"},"image":{"@id":"https:\/\/moozapro.com\/en\/produktas\/daily-shampoo-with-almond-milk-newsha-gentle-care\/#primaryimage"},"thumbnailUrl":"https:\/\/moozapro.com\/wp-content\/uploads\/2020\/10\/gentle-care.jpg","datePublished":"2025-07-29T09:44:16+00:00","dateModified":"2025-07-29T09:44:17+00:00","description":"Shampoo for dry, sensitive skin and dry hair. It gently removes impurities from the skin and provides light hair care.","breadcrumb":{"@id":"https:\/\/moozapro.com\/en\/produktas\/daily-shampoo-with-almond-milk-newsha-gentle-care\/#breadcrumb"},"inLanguage":"en-US","potentialAction":[{"@type":"ReadAction","target":["https:\/\/moozapro.com\/en\/produktas\/daily-shampoo-with-almond-milk-newsha-gentle-care\/"]}]},{"@type":"ImageObject","inLanguage":"en-US","@id":"https:\/\/moozapro.com\/en\/produktas\/daily-shampoo-with-almond-milk-newsha-gentle-care\/#primaryimage","url":"https:\/\/moozapro.com\/wp-content\/uploads\/2020\/10\/gentle-care.jpg","contentUrl":"https:\/\/moozapro.com\/wp-content\/uploads\/2020\/10\/gentle-care.jpg","width":600,"height":600,"caption":"sampunas"},{"@type":"BreadcrumbList","@id":"https:\/\/moozapro.com\/en\/produktas\/daily-shampoo-with-almond-milk-newsha-gentle-care\/#breadcrumb","itemListElement":[{"@type":"ListItem","position":1,"name":"Pagrindinis","item":"https:\/\/moozapro.com\/en\/"},{"@type":"ListItem","position":2,"name":"Shop","item":"https:\/\/moozapro.com\/en\/shop-2\/"},{"@type":"ListItem","position":3,"name":"Daily shampoo with almond milk (Newsha Gentle Care)"}]},{"@type":"WebSite","@id":"https:\/\/moozapro.com\/en\/#website","url":"https:\/\/moozapro.com\/en\/","name":"Mooza Pro","description":"Priemon\u0117s j\u016bs\u0173 plaukams","publisher":{"@id":"https:\/\/moozapro.com\/en\/#organization"},"potentialAction":[{"@type":"SearchAction","target":{"@type":"EntryPoint","urlTemplate":"https:\/\/moozapro.com\/en\/?s={search_term_string}"},"query-input":{"@type":"PropertyValueSpecification","valueRequired":true,"valueName":"search_term_string"}}],"inLanguage":"en-US"},{"@type":"Organization","@id":"https:\/\/moozapro.com\/en\/#organization","name":"Mooza Pro","url":"https:\/\/moozapro.com\/en\/","logo":{"@type":"ImageObject","inLanguage":"en-US","@id":"https:\/\/moozapro.com\/en\/#\/schema\/logo\/image\/","url":"https:\/\/moozapro.com\/wp-content\/uploads\/2023\/11\/Mooza-Pro-mazas-logo.png","contentUrl":"https:\/\/moozapro.com\/wp-content\/uploads\/2023\/11\/Mooza-Pro-mazas-logo.png","width":250,"height":103,"caption":"Mooza Pro"},"image":{"@id":"https:\/\/moozapro.com\/en\/#\/schema\/logo\/image\/"},"sameAs":["https:\/\/www.facebook.com\/moozabeauty"]}]}},"_links":{"self":[{"href":"https:\/\/moozapro.com\/en\/wp-json\/wp\/v2\/product\/36622","targetHints":{"allow":["GET"]}}],"collection":[{"href":"https:\/\/moozapro.com\/en\/wp-json\/wp\/v2\/product"}],"about":[{"href":"https:\/\/moozapro.com\/en\/wp-json\/wp\/v2\/types\/product"}],"replies":[{"embeddable":true,"href":"https:\/\/moozapro.com\/en\/wp-json\/wp\/v2\/comments?post=36622"}],"version-history":[{"count":1,"href":"https:\/\/moozapro.com\/en\/wp-json\/wp\/v2\/product\/36622\/revisions"}],"predecessor-version":[{"id":36631,"href":"https:\/\/moozapro.com\/en\/wp-json\/wp\/v2\/product\/36622\/revisions\/36631"}],"wp:featuredmedia":[{"embeddable":true,"href":"https:\/\/moozapro.com\/en\/wp-json\/wp\/v2\/media\/36623"}],"wp:attachment":[{"href":"https:\/\/moozapro.com\/en\/wp-json\/wp\/v2\/media?parent=36622"}],"wp:term":[{"taxonomy":"product_brand","embeddable":true,"href":"https:\/\/moozapro.com\/en\/wp-json\/wp\/v2\/product_brand?post=36622"},{"taxonomy":"product_cat","embeddable":true,"href":"https:\/\/moozapro.com\/en\/wp-json\/wp\/v2\/product_cat?post=36622"},{"taxonomy":"product_tag","embeddable":true,"href":"https:\/\/moozapro.com\/en\/wp-json\/wp\/v2\/product_tag?post=36622"}],"curies":[{"name":"wp","href":"https:\/\/api.w.org\/{rel}","templated":true}]}}