{"id":36658,"date":"2020-07-08T12:43:51","date_gmt":"2025-07-29T09:44:28","guid":{"rendered":"https:\/\/moozapro.com\/produktas\/shampoo-for-the-volume\/"},"modified":"2025-07-29T12:44:28","modified_gmt":"2025-07-29T09:44:28","slug":"shampoo-for-the-volume","status":"publish","type":"product","link":"https:\/\/moozapro.com\/en\/produktas\/shampoo-for-the-volume\/","title":{"rendered":"Shampoo for the volume"},"content":{"rendered":"<p>A volumising shampoo, visibly more volume in the hair.<\/p>\n<p>Gently removes impurities from the scalp, suitable for sensitive, irritated and oily scalps.<\/p>\n<p>The Volume Shampoo is designed for fine hair that lacks volume from the roots. Violet saffron extracts stimulate the hair follicles from the outside, resulting in faster hair growth. The result: visibly more volume and elasticity.  <\/p>\n<p>Active ingredient: saffron is a source of antioxidants. Antioxidants provide a protective effect on the hair while stimulating cell renewal, thus repairing damaged parts of the hair structure. In hair care, saffron stimulates the hair follicles, which are responsible for the condition of the hair, so that the hair regains its strength, elasticity and vitality, thus increasing its volume.  <\/p>\n<p>To use: massage a small amount of the product into the scalp, rinse thoroughly with warm water and repeat twice. After shampooing, use a mask or conditioner. <\/p>\n<p><span style=\"font-size: 8pt;\">Composition: AQUA, SODIUM LAURETH SULPHATE, COCOAMIDOPROPYL BETAINE, GLYCOL DISTEARATE, PHENOXYTHANOL, PARFUM, SODIUM CHLORIDE, POLYQUATERNIUM-6, CARBOMER, SODIUM HYDROXYDE, LAURETH-4, POLYQUATERNIUM-28, SODIUM BENZOATE, LIMONENE, HYDROLYSED WHEAT PROTEIN, TRIETHYLENE GLYCOL, HEXYL CINNAMAL, SODIUM PHYTATE, CITRAL, GLYCERINE. LINALOOL, CITRIC ACID, LACTIC ACID, HYDROXYCITRONELLAL, CROCUS SATIVUS FLOWER EXTRACT <\/span><\/p>\n","protected":false},"excerpt":{"rendered":"<p>Gently removes impurities from the scalp, suitable for sensitive, irritated and oily scalps.<\/p>\n<p>The Volume Shampoo is designed for fine hair that lacks volume from the roots. Violet saffron extracts stimulate the hair follicles from the outside, resulting in faster hair growth. The result: visibly more volume and elasticity.  <\/p>\n","protected":false},"featured_media":36659,"comment_status":"open","ping_status":"closed","template":"","meta":[],"product_brand":[],"product_cat":[953,985,957,948],"product_tag":[993,1039,997,965,958,967],"class_list":{"0":"post-36658","1":"product","2":"type-product","3":"status-publish","4":"has-post-thumbnail","6":"product_cat-fat-skin","7":"product_cat-hair-care","8":"product_cat-normal-skin","9":"product_cat-shampoos","10":"product_tag-coloured-hair","11":"product_tag-flaky-scalp","12":"product_tag-natural-hair","13":"product_tag-oily-scalp","14":"product_tag-sensitive-scalp","15":"product_tag-thin-hair","16":"yith_product_brand-newsha","18":"first","19":"instock","20":"taxable","21":"shipping-taxable","22":"purchasable","23":"product-type-variable","24":"has-default-attributes"},"yoast_head":"<!-- This site is optimized with the Yoast SEO plugin v27.4 - https:\/\/yoast.com\/product\/yoast-seo-wordpress\/ -->\n<title>Shampoo for the volume | Mooza Pro<\/title>\n<meta name=\"robots\" content=\"index, follow, max-snippet:-1, max-image-preview:large, max-video-preview:-1\" \/>\n<link rel=\"canonical\" href=\"https:\/\/moozapro.com\/en\/produktas\/shampoo-for-the-volume\/\" \/>\n<meta property=\"og:locale\" content=\"en_US\" \/>\n<meta property=\"og:type\" content=\"article\" \/>\n<meta property=\"og:title\" content=\"Shampoo for the volume | Mooza Pro\" \/>\n<meta property=\"og:description\" content=\"Gently removes impurities from the scalp, suitable for sensitive, irritated and oily scalps. The Volume Shampoo is designed for fine hair that lacks volume from the roots. Violet saffron extracts stimulate the hair follicles from the outside, resulting in faster hair growth. The result: visibly more volume and elasticity.\" \/>\n<meta property=\"og:url\" content=\"https:\/\/moozapro.com\/en\/produktas\/shampoo-for-the-volume\/\" \/>\n<meta property=\"og:site_name\" content=\"Mooza Pro\" \/>\n<meta property=\"article:publisher\" content=\"https:\/\/www.facebook.com\/moozabeauty\" \/>\n<meta property=\"og:image\" content=\"https:\/\/moozapro.com\/wp-content\/uploads\/2020\/07\/hc_gvs_250ml_0_4.jpg\" \/>\n\t<meta property=\"og:image:width\" content=\"600\" \/>\n\t<meta property=\"og:image:height\" content=\"600\" \/>\n\t<meta property=\"og:image:type\" content=\"image\/jpeg\" \/>\n<meta name=\"twitter:card\" content=\"summary_large_image\" \/>\n<meta name=\"twitter:label1\" content=\"Est. reading time\" \/>\n\t<meta name=\"twitter:data1\" content=\"1 minute\" \/>\n<script type=\"application\/ld+json\" class=\"yoast-schema-graph\">{\"@context\":\"https:\\\/\\\/schema.org\",\"@graph\":[{\"@type\":\"WebPage\",\"@id\":\"https:\\\/\\\/moozapro.com\\\/en\\\/produktas\\\/shampoo-for-the-volume\\\/\",\"url\":\"https:\\\/\\\/moozapro.com\\\/en\\\/produktas\\\/shampoo-for-the-volume\\\/\",\"name\":\"Shampoo for the volume | Mooza Pro\",\"isPartOf\":{\"@id\":\"https:\\\/\\\/moozapro.com\\\/en\\\/#website\"},\"primaryImageOfPage\":{\"@id\":\"https:\\\/\\\/moozapro.com\\\/en\\\/produktas\\\/shampoo-for-the-volume\\\/#primaryimage\"},\"image\":{\"@id\":\"https:\\\/\\\/moozapro.com\\\/en\\\/produktas\\\/shampoo-for-the-volume\\\/#primaryimage\"},\"thumbnailUrl\":\"https:\\\/\\\/moozapro.com\\\/wp-content\\\/uploads\\\/2020\\\/07\\\/hc_gvs_250ml_0_4.jpg\",\"datePublished\":\"2025-07-29T09:44:28+00:00\",\"breadcrumb\":{\"@id\":\"https:\\\/\\\/moozapro.com\\\/en\\\/produktas\\\/shampoo-for-the-volume\\\/#breadcrumb\"},\"inLanguage\":\"en-US\",\"potentialAction\":[{\"@type\":\"ReadAction\",\"target\":[\"https:\\\/\\\/moozapro.com\\\/en\\\/produktas\\\/shampoo-for-the-volume\\\/\"]}]},{\"@type\":\"ImageObject\",\"inLanguage\":\"en-US\",\"@id\":\"https:\\\/\\\/moozapro.com\\\/en\\\/produktas\\\/shampoo-for-the-volume\\\/#primaryimage\",\"url\":\"https:\\\/\\\/moozapro.com\\\/wp-content\\\/uploads\\\/2020\\\/07\\\/hc_gvs_250ml_0_4.jpg\",\"contentUrl\":\"https:\\\/\\\/moozapro.com\\\/wp-content\\\/uploads\\\/2020\\\/07\\\/hc_gvs_250ml_0_4.jpg\",\"width\":600,\"height\":600,\"caption\":\"apimties \u0161amp\u016bnas\"},{\"@type\":\"BreadcrumbList\",\"@id\":\"https:\\\/\\\/moozapro.com\\\/en\\\/produktas\\\/shampoo-for-the-volume\\\/#breadcrumb\",\"itemListElement\":[{\"@type\":\"ListItem\",\"position\":1,\"name\":\"Pagrindinis\",\"item\":\"https:\\\/\\\/moozapro.com\\\/en\\\/\"},{\"@type\":\"ListItem\",\"position\":2,\"name\":\"Shop\",\"item\":\"https:\\\/\\\/moozapro.com\\\/en\\\/shop-2\\\/\"},{\"@type\":\"ListItem\",\"position\":3,\"name\":\"Shampoo for the volume\"}]},{\"@type\":\"WebSite\",\"@id\":\"https:\\\/\\\/moozapro.com\\\/en\\\/#website\",\"url\":\"https:\\\/\\\/moozapro.com\\\/en\\\/\",\"name\":\"Mooza Pro\",\"description\":\"Priemon\u0117s j\u016bs\u0173 plaukams\",\"publisher\":{\"@id\":\"https:\\\/\\\/moozapro.com\\\/en\\\/#organization\"},\"potentialAction\":[{\"@type\":\"SearchAction\",\"target\":{\"@type\":\"EntryPoint\",\"urlTemplate\":\"https:\\\/\\\/moozapro.com\\\/en\\\/?s={search_term_string}\"},\"query-input\":{\"@type\":\"PropertyValueSpecification\",\"valueRequired\":true,\"valueName\":\"search_term_string\"}}],\"inLanguage\":\"en-US\"},{\"@type\":\"Organization\",\"@id\":\"https:\\\/\\\/moozapro.com\\\/en\\\/#organization\",\"name\":\"Mooza Pro\",\"url\":\"https:\\\/\\\/moozapro.com\\\/en\\\/\",\"logo\":{\"@type\":\"ImageObject\",\"inLanguage\":\"en-US\",\"@id\":\"https:\\\/\\\/moozapro.com\\\/en\\\/#\\\/schema\\\/logo\\\/image\\\/\",\"url\":\"https:\\\/\\\/moozapro.com\\\/wp-content\\\/uploads\\\/2023\\\/11\\\/Mooza-Pro-mazas-logo.png\",\"contentUrl\":\"https:\\\/\\\/moozapro.com\\\/wp-content\\\/uploads\\\/2023\\\/11\\\/Mooza-Pro-mazas-logo.png\",\"width\":250,\"height\":103,\"caption\":\"Mooza Pro\"},\"image\":{\"@id\":\"https:\\\/\\\/moozapro.com\\\/en\\\/#\\\/schema\\\/logo\\\/image\\\/\"},\"sameAs\":[\"https:\\\/\\\/www.facebook.com\\\/moozabeauty\"]}]}<\/script>\n<!-- \/ Yoast SEO plugin. -->","yoast_head_json":{"title":"Shampoo for the volume | Mooza Pro","robots":{"index":"index","follow":"follow","max-snippet":"max-snippet:-1","max-image-preview":"max-image-preview:large","max-video-preview":"max-video-preview:-1"},"canonical":"https:\/\/moozapro.com\/en\/produktas\/shampoo-for-the-volume\/","og_locale":"en_US","og_type":"article","og_title":"Shampoo for the volume | Mooza Pro","og_description":"Gently removes impurities from the scalp, suitable for sensitive, irritated and oily scalps. The Volume Shampoo is designed for fine hair that lacks volume from the roots. Violet saffron extracts stimulate the hair follicles from the outside, resulting in faster hair growth. The result: visibly more volume and elasticity.","og_url":"https:\/\/moozapro.com\/en\/produktas\/shampoo-for-the-volume\/","og_site_name":"Mooza Pro","article_publisher":"https:\/\/www.facebook.com\/moozabeauty","og_image":[{"width":600,"height":600,"url":"https:\/\/moozapro.com\/wp-content\/uploads\/2020\/07\/hc_gvs_250ml_0_4.jpg","type":"image\/jpeg"}],"twitter_card":"summary_large_image","twitter_misc":{"Est. reading time":"1 minute"},"schema":{"@context":"https:\/\/schema.org","@graph":[{"@type":"WebPage","@id":"https:\/\/moozapro.com\/en\/produktas\/shampoo-for-the-volume\/","url":"https:\/\/moozapro.com\/en\/produktas\/shampoo-for-the-volume\/","name":"Shampoo for the volume | Mooza Pro","isPartOf":{"@id":"https:\/\/moozapro.com\/en\/#website"},"primaryImageOfPage":{"@id":"https:\/\/moozapro.com\/en\/produktas\/shampoo-for-the-volume\/#primaryimage"},"image":{"@id":"https:\/\/moozapro.com\/en\/produktas\/shampoo-for-the-volume\/#primaryimage"},"thumbnailUrl":"https:\/\/moozapro.com\/wp-content\/uploads\/2020\/07\/hc_gvs_250ml_0_4.jpg","datePublished":"2025-07-29T09:44:28+00:00","breadcrumb":{"@id":"https:\/\/moozapro.com\/en\/produktas\/shampoo-for-the-volume\/#breadcrumb"},"inLanguage":"en-US","potentialAction":[{"@type":"ReadAction","target":["https:\/\/moozapro.com\/en\/produktas\/shampoo-for-the-volume\/"]}]},{"@type":"ImageObject","inLanguage":"en-US","@id":"https:\/\/moozapro.com\/en\/produktas\/shampoo-for-the-volume\/#primaryimage","url":"https:\/\/moozapro.com\/wp-content\/uploads\/2020\/07\/hc_gvs_250ml_0_4.jpg","contentUrl":"https:\/\/moozapro.com\/wp-content\/uploads\/2020\/07\/hc_gvs_250ml_0_4.jpg","width":600,"height":600,"caption":"apimties \u0161amp\u016bnas"},{"@type":"BreadcrumbList","@id":"https:\/\/moozapro.com\/en\/produktas\/shampoo-for-the-volume\/#breadcrumb","itemListElement":[{"@type":"ListItem","position":1,"name":"Pagrindinis","item":"https:\/\/moozapro.com\/en\/"},{"@type":"ListItem","position":2,"name":"Shop","item":"https:\/\/moozapro.com\/en\/shop-2\/"},{"@type":"ListItem","position":3,"name":"Shampoo for the volume"}]},{"@type":"WebSite","@id":"https:\/\/moozapro.com\/en\/#website","url":"https:\/\/moozapro.com\/en\/","name":"Mooza Pro","description":"Priemon\u0117s j\u016bs\u0173 plaukams","publisher":{"@id":"https:\/\/moozapro.com\/en\/#organization"},"potentialAction":[{"@type":"SearchAction","target":{"@type":"EntryPoint","urlTemplate":"https:\/\/moozapro.com\/en\/?s={search_term_string}"},"query-input":{"@type":"PropertyValueSpecification","valueRequired":true,"valueName":"search_term_string"}}],"inLanguage":"en-US"},{"@type":"Organization","@id":"https:\/\/moozapro.com\/en\/#organization","name":"Mooza Pro","url":"https:\/\/moozapro.com\/en\/","logo":{"@type":"ImageObject","inLanguage":"en-US","@id":"https:\/\/moozapro.com\/en\/#\/schema\/logo\/image\/","url":"https:\/\/moozapro.com\/wp-content\/uploads\/2023\/11\/Mooza-Pro-mazas-logo.png","contentUrl":"https:\/\/moozapro.com\/wp-content\/uploads\/2023\/11\/Mooza-Pro-mazas-logo.png","width":250,"height":103,"caption":"Mooza Pro"},"image":{"@id":"https:\/\/moozapro.com\/en\/#\/schema\/logo\/image\/"},"sameAs":["https:\/\/www.facebook.com\/moozabeauty"]}]}},"_links":{"self":[{"href":"https:\/\/moozapro.com\/en\/wp-json\/wp\/v2\/product\/36658","targetHints":{"allow":["GET"]}}],"collection":[{"href":"https:\/\/moozapro.com\/en\/wp-json\/wp\/v2\/product"}],"about":[{"href":"https:\/\/moozapro.com\/en\/wp-json\/wp\/v2\/types\/product"}],"replies":[{"embeddable":true,"href":"https:\/\/moozapro.com\/en\/wp-json\/wp\/v2\/comments?post=36658"}],"version-history":[{"count":0,"href":"https:\/\/moozapro.com\/en\/wp-json\/wp\/v2\/product\/36658\/revisions"}],"wp:featuredmedia":[{"embeddable":true,"href":"https:\/\/moozapro.com\/en\/wp-json\/wp\/v2\/media\/36659"}],"wp:attachment":[{"href":"https:\/\/moozapro.com\/en\/wp-json\/wp\/v2\/media?parent=36658"}],"wp:term":[{"taxonomy":"product_brand","embeddable":true,"href":"https:\/\/moozapro.com\/en\/wp-json\/wp\/v2\/product_brand?post=36658"},{"taxonomy":"product_cat","embeddable":true,"href":"https:\/\/moozapro.com\/en\/wp-json\/wp\/v2\/product_cat?post=36658"},{"taxonomy":"product_tag","embeddable":true,"href":"https:\/\/moozapro.com\/en\/wp-json\/wp\/v2\/product_tag?post=36658"}],"curies":[{"name":"wp","href":"https:\/\/api.w.org\/{rel}","templated":true}]}}