{"id":36664,"date":"2025-07-29T12:44:29","date_gmt":"2025-07-29T09:44:29","guid":{"rendered":"https:\/\/moozapro.com\/produktas\/nourishing-mask\/"},"modified":"2025-07-29T12:44:30","modified_gmt":"2025-07-29T09:44:30","slug":"nourishing-mask","status":"publish","type":"product","link":"https:\/\/moozapro.com\/en\/produktas\/nourishing-mask\/","title":{"rendered":"Nourishing Mask"},"content":{"rendered":"\t\t<div data-elementor-type=\"product-post\" data-elementor-id=\"36664\" class=\"elementor elementor-36664 elementor-3975\" data-elementor-post-type=\"product\">\n\t\t\t\t\t\t<section class=\"elementor-section elementor-top-section elementor-element elementor-element-3aebb913 elementor-section-boxed elementor-section-height-default elementor-section-height-default\" data-id=\"3aebb913\" data-element_type=\"section\" data-e-type=\"section\">\n\t\t\t\t\t\t<div class=\"elementor-container elementor-column-gap-default\">\n\t\t\t\t\t<div class=\"elementor-column elementor-col-50 elementor-top-column elementor-element elementor-element-76adf0c0 kitify-col-width-auto-no kitify-disable-relative-no\" data-id=\"76adf0c0\" data-element_type=\"column\" data-e-type=\"column\" data-settings=\"{&quot;background_background&quot;:&quot;classic&quot;}\">\n\t\t\t<div class=\"elementor-widget-wrap elementor-element-populated\">\n\t\t\t\t\t\t<div class=\"elementor-element elementor-element-7b0aaa71 elementor-widget elementor-widget-image\" data-id=\"7b0aaa71\" data-element_type=\"widget\" data-e-type=\"widget\" data-widget_type=\"image.default\">\n\t\t\t\t<div class=\"elementor-widget-container\">\n\t\t\t\t\t\t\t\t\t\t\t\t\t\t\t<img fetchpriority=\"high\" decoding=\"async\" width=\"601\" height=\"747\" src=\"https:\/\/moozapro.com\/wp-content\/uploads\/2020\/07\/Screenshot-2022-02-15-at-11.10.47.png\" class=\"attachment-full size-full wp-image-36670\" alt=\"\" srcset=\"https:\/\/moozapro.com\/wp-content\/uploads\/2020\/07\/Screenshot-2022-02-15-at-11.10.47.png 601w, https:\/\/moozapro.com\/wp-content\/uploads\/2020\/07\/Screenshot-2022-02-15-at-11.10.47-306x380.png 306w, https:\/\/moozapro.com\/wp-content\/uploads\/2020\/07\/Screenshot-2022-02-15-at-11.10.47-314x390.png 314w, https:\/\/moozapro.com\/wp-content\/uploads\/2020\/07\/Screenshot-2022-02-15-at-11.10.47-180x225.png 180w\" sizes=\"(max-width: 601px) 100vw, 601px\" \/>\t\t\t\t\t\t\t\t\t\t\t\t\t\t\t<\/div>\n\t\t\t\t<\/div>\n\t\t\t\t\t<\/div>\n\t\t<\/div>\n\t\t\t\t<div class=\"elementor-column elementor-col-50 elementor-top-column elementor-element elementor-element-710ea3c2 kitify-col-width-auto-no kitify-disable-relative-no\" data-id=\"710ea3c2\" data-element_type=\"column\" data-e-type=\"column\">\n\t\t\t<div class=\"elementor-widget-wrap elementor-element-populated\">\n\t\t\t\t\t\t<div class=\"elementor-element elementor-element-2259a71d elementor-widget elementor-widget-heading\" data-id=\"2259a71d\" data-element_type=\"widget\" data-e-type=\"widget\" data-widget_type=\"heading.default\">\n\t\t\t\t<div class=\"elementor-widget-container\">\n\t\t\t\t\t<h2 class=\"elementor-heading-title elementor-size-default\">If your hair is like straw, shea butter and olive leaf extract will save it.<\/h2>\t\t\t\t<\/div>\n\t\t\t\t<\/div>\n\t\t\t\t<div class=\"elementor-element elementor-element-2482e6e0 elementor-widget-divider--view-line elementor-widget elementor-widget-divider\" data-id=\"2482e6e0\" data-element_type=\"widget\" data-e-type=\"widget\" data-widget_type=\"divider.default\">\n\t\t\t\t<div class=\"elementor-widget-container\">\n\t\t\t\t\t\t\t<div class=\"elementor-divider\">\n\t\t\t<span class=\"elementor-divider-separator\">\n\t\t\t\t\t\t<\/span>\n\t\t<\/div>\n\t\t\t\t\t\t<\/div>\n\t\t\t\t<\/div>\n\t\t\t\t<div class=\"elementor-element elementor-element-41ec06b3 elementor-widget elementor-widget-spacer\" data-id=\"41ec06b3\" data-element_type=\"widget\" data-e-type=\"widget\" data-widget_type=\"spacer.default\">\n\t\t\t\t<div class=\"elementor-widget-container\">\n\t\t\t\t\t\t\t<div class=\"elementor-spacer\">\n\t\t\t<div class=\"elementor-spacer-inner\"><\/div>\n\t\t<\/div>\n\t\t\t\t\t\t<\/div>\n\t\t\t\t<\/div>\n\t\t\t\t<div class=\"elementor-element elementor-element-67de93e0 elementor-widget elementor-widget-text-editor\" data-id=\"67de93e0\" data-element_type=\"widget\" data-e-type=\"widget\" data-widget_type=\"text-editor.default\">\n\t\t\t\t<div class=\"elementor-widget-container\">\n\t\t\t\t\t\t\t\t\t<p>Tangled hair that has lost its shine and elasticity can be restored instantly.<\/p><p>The nourishing mask is suitable for all hair types and is most recommended for medium to thick hair.<\/p><p>Restores and nourishes dry, damaged hair, prevents hair breakage, gives elasticity and shine.<\/p><p> <\/p><p><strong>Active ingredient:<\/strong> shea butter &#8211; a source of minerals, vitamins and antioxidants. Extracted from shea nuts, shea butter has a nourishing effect, thus saturating the broken parts of the hair structure. <\/p>\t\t\t\t\t\t\t\t<\/div>\n\t\t\t\t<\/div>\n\t\t\t\t\t<\/div>\n\t\t<\/div>\n\t\t\t\t\t<\/div>\n\t\t<\/section>\n\t\t\t\t<section class=\"elementor-section elementor-top-section elementor-element elementor-element-24689bf2 elementor-reverse-mobile elementor-section-boxed elementor-section-height-default elementor-section-height-default\" data-id=\"24689bf2\" data-element_type=\"section\" data-e-type=\"section\">\n\t\t\t\t\t\t<div class=\"elementor-container elementor-column-gap-default\">\n\t\t\t\t\t<div class=\"elementor-column elementor-col-50 elementor-top-column elementor-element elementor-element-243084f0 kitify-col-width-auto-no kitify-disable-relative-no\" data-id=\"243084f0\" data-element_type=\"column\" data-e-type=\"column\">\n\t\t\t<div class=\"elementor-widget-wrap elementor-element-populated\">\n\t\t\t\t\t\t<div class=\"elementor-element elementor-element-3b9baa48 elementor-widget elementor-widget-heading\" data-id=\"3b9baa48\" data-element_type=\"widget\" data-e-type=\"widget\" data-widget_type=\"heading.default\">\n\t\t\t\t<div class=\"elementor-widget-container\">\n\t\t\t\t\t<h2 class=\"elementor-heading-title elementor-size-default\">Use of  <\/h2>\t\t\t\t<\/div>\n\t\t\t\t<\/div>\n\t\t\t\t<div class=\"elementor-element elementor-element-479aff01 elementor-widget-divider--view-line elementor-widget elementor-widget-divider\" data-id=\"479aff01\" data-element_type=\"widget\" data-e-type=\"widget\" data-widget_type=\"divider.default\">\n\t\t\t\t<div class=\"elementor-widget-container\">\n\t\t\t\t\t\t\t<div class=\"elementor-divider\">\n\t\t\t<span class=\"elementor-divider-separator\">\n\t\t\t\t\t\t<\/span>\n\t\t<\/div>\n\t\t\t\t\t\t<\/div>\n\t\t\t\t<\/div>\n\t\t\t\t<div class=\"elementor-element elementor-element-27ba9f6b elementor-widget elementor-widget-spacer\" data-id=\"27ba9f6b\" data-element_type=\"widget\" data-e-type=\"widget\" data-widget_type=\"spacer.default\">\n\t\t\t\t<div class=\"elementor-widget-container\">\n\t\t\t\t\t\t\t<div class=\"elementor-spacer\">\n\t\t\t<div class=\"elementor-spacer-inner\"><\/div>\n\t\t<\/div>\n\t\t\t\t\t\t<\/div>\n\t\t\t\t<\/div>\n\t\t\t\t<div class=\"elementor-element elementor-element-5bd1a37a elementor-widget elementor-widget-text-editor\" data-id=\"5bd1a37a\" data-element_type=\"widget\" data-e-type=\"widget\" data-widget_type=\"text-editor.default\">\n\t\t\t\t<div class=\"elementor-widget-container\">\n\t\t\t\t\t\t\t\t\t<p>Gently massage a small amount of the product into washed and blow-dried hair.<\/p><p>For daily use, hold for <strong>2-3min <\/strong>,  <\/p><p>for an intense effect, leave on for <strong>15-20 minutes<\/strong> while gently warming.<\/p><p>  Rinse, use at least once a week.<\/p>\t\t\t\t\t\t\t\t<\/div>\n\t\t\t\t<\/div>\n\t\t\t\t<div class=\"elementor-element elementor-element-10b4f3c elementor-widget elementor-widget-spacer\" data-id=\"10b4f3c\" data-element_type=\"widget\" data-e-type=\"widget\" data-widget_type=\"spacer.default\">\n\t\t\t\t<div class=\"elementor-widget-container\">\n\t\t\t\t\t\t\t<div class=\"elementor-spacer\">\n\t\t\t<div class=\"elementor-spacer-inner\"><\/div>\n\t\t<\/div>\n\t\t\t\t\t\t<\/div>\n\t\t\t\t<\/div>\n\t\t\t\t<div class=\"elementor-element elementor-element-cd83cb3 elementor-widget elementor-widget-text-editor\" data-id=\"cd83cb3\" data-element_type=\"widget\" data-e-type=\"widget\" data-widget_type=\"text-editor.default\">\n\t\t\t\t<div class=\"elementor-widget-container\">\n\t\t\t\t\t\t\t\t\t<h6 style=\"font-style: normal; font-variant-ligatures: normal; font-variant-caps: normal; font-weight: 400; font-size: 16px; font-family: Arial;\">Composition: AQUA (WATER\/EAU), CETEARYL ALCOHOL, ISOPROPYL PALMITATE, BEHENTRIMONIUM METHOSULPHATE, CETYL ALCOHOL, PHENOXYETHANOL, FRAGRANCE\/PARFUM, POLYSORBATE 60, STEARALKONIUM CHLORIDE, PENTAERYTHRITYL TETRAISOSTEARATE, BUTYROSPERMUM PARKII (SHEA) BUTTER, OLEA EUROPAEA (OLIVE) LEAF EXTRACT, ALOE BARBADENSIS LEAF JUICE, HONEY\/MEL\/YEAST, CINNAMIDOPROPYLTRIMONIUM CHLORIDE, VACCINIUM MACROCARPON (CRANBERRY) SEED OIL, CORYLUS AVELLANA (HAZELNUT) SEED OIL, JUGLANS REGIA (WALNUT) SEED OIL, TETRASODIUM EDTA, PROPYLENE GLYCOL, PANTHENOL, BUTYLENE GLYCOL, BENZYL SALICYLATE, HYDROXYISOHEXYL 3-CYCLOHEXENE CARBOXALDEHYDE, LINALOOL, ALPHA-ISOMETHYL IONONE, IODOPROPYNYL BUTYLCARBAMATE, CITRIC ACID, YELLOW 6\/ CI 15985\/ KI5, YELLOW 5\/CI 19140\/ KI4.<\/h6><p style=\"font-style: normal; font-variant-ligatures: normal; font-variant-caps: normal; font-weight: 400; font-size: 16px; font-family: Arial;\"> <\/p>\t\t\t\t\t\t\t\t<\/div>\n\t\t\t\t<\/div>\n\t\t\t\t<div class=\"elementor-element elementor-element-434f9f44 elementor-widget elementor-widget-spacer\" data-id=\"434f9f44\" data-element_type=\"widget\" data-e-type=\"widget\" data-widget_type=\"spacer.default\">\n\t\t\t\t<div class=\"elementor-widget-container\">\n\t\t\t\t\t\t\t<div class=\"elementor-spacer\">\n\t\t\t<div class=\"elementor-spacer-inner\"><\/div>\n\t\t<\/div>\n\t\t\t\t\t\t<\/div>\n\t\t\t\t<\/div>\n\t\t\t\t\t<\/div>\n\t\t<\/div>\n\t\t\t\t<div class=\"elementor-column elementor-col-50 elementor-top-column elementor-element elementor-element-356a8a06 kitify-col-width-auto-no kitify-disable-relative-no\" data-id=\"356a8a06\" data-element_type=\"column\" data-e-type=\"column\">\n\t\t\t<div class=\"elementor-widget-wrap elementor-element-populated\">\n\t\t\t\t\t\t<div class=\"elementor-element elementor-element-33bfdc41 elementor-widget elementor-widget-image\" data-id=\"33bfdc41\" data-element_type=\"widget\" data-e-type=\"widget\" data-widget_type=\"image.default\">\n\t\t\t\t<div class=\"elementor-widget-container\">\n\t\t\t\t\t\t\t\t\t\t\t\t\t\t\t<img decoding=\"async\" width=\"602\" height=\"749\" src=\"https:\/\/moozapro.com\/wp-content\/uploads\/2020\/07\/Screenshot-2022-02-15-at-11.10.25.png\" class=\"attachment-full size-full wp-image-36671\" alt=\"\" srcset=\"https:\/\/moozapro.com\/wp-content\/uploads\/2020\/07\/Screenshot-2022-02-15-at-11.10.25.png 602w, https:\/\/moozapro.com\/wp-content\/uploads\/2020\/07\/Screenshot-2022-02-15-at-11.10.25-305x380.png 305w, https:\/\/moozapro.com\/wp-content\/uploads\/2020\/07\/Screenshot-2022-02-15-at-11.10.25-313x390.png 313w, https:\/\/moozapro.com\/wp-content\/uploads\/2020\/07\/Screenshot-2022-02-15-at-11.10.25-180x225.png 180w\" sizes=\"(max-width: 602px) 100vw, 602px\" \/>\t\t\t\t\t\t\t\t\t\t\t\t\t\t\t<\/div>\n\t\t\t\t<\/div>\n\t\t\t\t\t<\/div>\n\t\t<\/div>\n\t\t\t\t\t<\/div>\n\t\t<\/section>\n\t\t\t\t<\/div>\n\t\t","protected":false},"excerpt":{"rendered":"<h4 style=\"text-align: center;\">Restores and nourishes dry, damaged hair, prevents hair breakage, gives elasticity and shine.<\/h4>\n<h4 style=\"text-align: center;\">The nourishing mask is suitable for all hair types and is most recommended for medium to thick hair.<\/h4>\n<p>&nbsp;<\/p>\n<p>&nbsp;<\/p>\n","protected":false},"featured_media":36665,"comment_status":"open","ping_status":"closed","template":"","meta":[],"product_brand":[],"product_cat":[941,985,1001,969,952],"product_tag":[994,943,963,958],"class_list":{"0":"post-36664","1":"product","2":"type-product","3":"status-publish","4":"has-post-thumbnail","6":"product_cat-damaged-hair-structure","7":"product_cat-hair-care","8":"product_cat-masks","9":"product_cat-straight-hair","10":"product_cat-wavy-blown-hair","11":"product_tag-damaged-hair","12":"product_tag-dry-hair","13":"product_tag-dry-scalp","14":"product_tag-sensitive-scalp","15":"yith_product_brand-newsha","17":"first","18":"instock","19":"taxable","20":"shipping-taxable","21":"purchasable","22":"product-type-variable","23":"has-default-attributes"},"yoast_head":"<!-- This site is optimized with the Yoast SEO plugin v27.4 - https:\/\/yoast.com\/product\/yoast-seo-wordpress\/ -->\n<title>Nourishing Mask | Mooza Pro<\/title>\n<meta name=\"robots\" content=\"index, follow, max-snippet:-1, max-image-preview:large, max-video-preview:-1\" \/>\n<link rel=\"canonical\" href=\"https:\/\/moozapro.com\/en\/produktas\/nourishing-mask\/\" \/>\n<meta property=\"og:locale\" content=\"en_US\" \/>\n<meta property=\"og:type\" content=\"article\" \/>\n<meta property=\"og:title\" content=\"Nourishing Mask | Mooza Pro\" \/>\n<meta property=\"og:description\" content=\"Restores and nourishes dry, damaged hair, prevents hair breakage, gives elasticity and shine. The nourishing mask is suitable for all hair types and is most recommended for medium to thick hair. &nbsp; &nbsp;\" \/>\n<meta property=\"og:url\" content=\"https:\/\/moozapro.com\/en\/produktas\/nourishing-mask\/\" \/>\n<meta property=\"og:site_name\" content=\"Mooza Pro\" \/>\n<meta property=\"article:publisher\" content=\"https:\/\/www.facebook.com\/moozabeauty\" \/>\n<meta property=\"article:modified_time\" content=\"2025-07-29T09:44:30+00:00\" \/>\n<meta property=\"og:image\" content=\"https:\/\/moozapro.com\/wp-content\/uploads\/2020\/07\/dtm.jpg\" \/>\n\t<meta property=\"og:image:width\" content=\"600\" \/>\n\t<meta property=\"og:image:height\" content=\"600\" \/>\n\t<meta property=\"og:image:type\" content=\"image\/jpeg\" \/>\n<meta name=\"twitter:card\" content=\"summary_large_image\" \/>\n<meta name=\"twitter:label1\" content=\"Est. reading time\" \/>\n\t<meta name=\"twitter:data1\" content=\"1 minute\" \/>\n<script type=\"application\/ld+json\" class=\"yoast-schema-graph\">{\"@context\":\"https:\\\/\\\/schema.org\",\"@graph\":[{\"@type\":\"WebPage\",\"@id\":\"https:\\\/\\\/moozapro.com\\\/en\\\/produktas\\\/nourishing-mask\\\/\",\"url\":\"https:\\\/\\\/moozapro.com\\\/en\\\/produktas\\\/nourishing-mask\\\/\",\"name\":\"Nourishing Mask | Mooza Pro\",\"isPartOf\":{\"@id\":\"https:\\\/\\\/moozapro.com\\\/en\\\/#website\"},\"primaryImageOfPage\":{\"@id\":\"https:\\\/\\\/moozapro.com\\\/en\\\/produktas\\\/nourishing-mask\\\/#primaryimage\"},\"image\":{\"@id\":\"https:\\\/\\\/moozapro.com\\\/en\\\/produktas\\\/nourishing-mask\\\/#primaryimage\"},\"thumbnailUrl\":\"https:\\\/\\\/moozapro.com\\\/wp-content\\\/uploads\\\/2020\\\/07\\\/dtm.jpg\",\"datePublished\":\"2025-07-29T09:44:29+00:00\",\"dateModified\":\"2025-07-29T09:44:30+00:00\",\"breadcrumb\":{\"@id\":\"https:\\\/\\\/moozapro.com\\\/en\\\/produktas\\\/nourishing-mask\\\/#breadcrumb\"},\"inLanguage\":\"en-US\",\"potentialAction\":[{\"@type\":\"ReadAction\",\"target\":[\"https:\\\/\\\/moozapro.com\\\/en\\\/produktas\\\/nourishing-mask\\\/\"]}]},{\"@type\":\"ImageObject\",\"inLanguage\":\"en-US\",\"@id\":\"https:\\\/\\\/moozapro.com\\\/en\\\/produktas\\\/nourishing-mask\\\/#primaryimage\",\"url\":\"https:\\\/\\\/moozapro.com\\\/wp-content\\\/uploads\\\/2020\\\/07\\\/dtm.jpg\",\"contentUrl\":\"https:\\\/\\\/moozapro.com\\\/wp-content\\\/uploads\\\/2020\\\/07\\\/dtm.jpg\",\"width\":600,\"height\":600,\"caption\":\"maitinamoji kauke\"},{\"@type\":\"BreadcrumbList\",\"@id\":\"https:\\\/\\\/moozapro.com\\\/en\\\/produktas\\\/nourishing-mask\\\/#breadcrumb\",\"itemListElement\":[{\"@type\":\"ListItem\",\"position\":1,\"name\":\"Pagrindinis\",\"item\":\"https:\\\/\\\/moozapro.com\\\/en\\\/\"},{\"@type\":\"ListItem\",\"position\":2,\"name\":\"Shop\",\"item\":\"https:\\\/\\\/moozapro.com\\\/en\\\/shop-2\\\/\"},{\"@type\":\"ListItem\",\"position\":3,\"name\":\"Nourishing Mask\"}]},{\"@type\":\"WebSite\",\"@id\":\"https:\\\/\\\/moozapro.com\\\/en\\\/#website\",\"url\":\"https:\\\/\\\/moozapro.com\\\/en\\\/\",\"name\":\"Mooza Pro\",\"description\":\"Priemon\u0117s j\u016bs\u0173 plaukams\",\"publisher\":{\"@id\":\"https:\\\/\\\/moozapro.com\\\/en\\\/#organization\"},\"potentialAction\":[{\"@type\":\"SearchAction\",\"target\":{\"@type\":\"EntryPoint\",\"urlTemplate\":\"https:\\\/\\\/moozapro.com\\\/en\\\/?s={search_term_string}\"},\"query-input\":{\"@type\":\"PropertyValueSpecification\",\"valueRequired\":true,\"valueName\":\"search_term_string\"}}],\"inLanguage\":\"en-US\"},{\"@type\":\"Organization\",\"@id\":\"https:\\\/\\\/moozapro.com\\\/en\\\/#organization\",\"name\":\"Mooza Pro\",\"url\":\"https:\\\/\\\/moozapro.com\\\/en\\\/\",\"logo\":{\"@type\":\"ImageObject\",\"inLanguage\":\"en-US\",\"@id\":\"https:\\\/\\\/moozapro.com\\\/en\\\/#\\\/schema\\\/logo\\\/image\\\/\",\"url\":\"https:\\\/\\\/moozapro.com\\\/wp-content\\\/uploads\\\/2023\\\/11\\\/Mooza-Pro-mazas-logo.png\",\"contentUrl\":\"https:\\\/\\\/moozapro.com\\\/wp-content\\\/uploads\\\/2023\\\/11\\\/Mooza-Pro-mazas-logo.png\",\"width\":250,\"height\":103,\"caption\":\"Mooza Pro\"},\"image\":{\"@id\":\"https:\\\/\\\/moozapro.com\\\/en\\\/#\\\/schema\\\/logo\\\/image\\\/\"},\"sameAs\":[\"https:\\\/\\\/www.facebook.com\\\/moozabeauty\"]}]}<\/script>\n<!-- \/ Yoast SEO plugin. -->","yoast_head_json":{"title":"Nourishing Mask | Mooza Pro","robots":{"index":"index","follow":"follow","max-snippet":"max-snippet:-1","max-image-preview":"max-image-preview:large","max-video-preview":"max-video-preview:-1"},"canonical":"https:\/\/moozapro.com\/en\/produktas\/nourishing-mask\/","og_locale":"en_US","og_type":"article","og_title":"Nourishing Mask | Mooza Pro","og_description":"Restores and nourishes dry, damaged hair, prevents hair breakage, gives elasticity and shine. The nourishing mask is suitable for all hair types and is most recommended for medium to thick hair. &nbsp; &nbsp;","og_url":"https:\/\/moozapro.com\/en\/produktas\/nourishing-mask\/","og_site_name":"Mooza Pro","article_publisher":"https:\/\/www.facebook.com\/moozabeauty","article_modified_time":"2025-07-29T09:44:30+00:00","og_image":[{"width":600,"height":600,"url":"https:\/\/moozapro.com\/wp-content\/uploads\/2020\/07\/dtm.jpg","type":"image\/jpeg"}],"twitter_card":"summary_large_image","twitter_misc":{"Est. reading time":"1 minute"},"schema":{"@context":"https:\/\/schema.org","@graph":[{"@type":"WebPage","@id":"https:\/\/moozapro.com\/en\/produktas\/nourishing-mask\/","url":"https:\/\/moozapro.com\/en\/produktas\/nourishing-mask\/","name":"Nourishing Mask | Mooza Pro","isPartOf":{"@id":"https:\/\/moozapro.com\/en\/#website"},"primaryImageOfPage":{"@id":"https:\/\/moozapro.com\/en\/produktas\/nourishing-mask\/#primaryimage"},"image":{"@id":"https:\/\/moozapro.com\/en\/produktas\/nourishing-mask\/#primaryimage"},"thumbnailUrl":"https:\/\/moozapro.com\/wp-content\/uploads\/2020\/07\/dtm.jpg","datePublished":"2025-07-29T09:44:29+00:00","dateModified":"2025-07-29T09:44:30+00:00","breadcrumb":{"@id":"https:\/\/moozapro.com\/en\/produktas\/nourishing-mask\/#breadcrumb"},"inLanguage":"en-US","potentialAction":[{"@type":"ReadAction","target":["https:\/\/moozapro.com\/en\/produktas\/nourishing-mask\/"]}]},{"@type":"ImageObject","inLanguage":"en-US","@id":"https:\/\/moozapro.com\/en\/produktas\/nourishing-mask\/#primaryimage","url":"https:\/\/moozapro.com\/wp-content\/uploads\/2020\/07\/dtm.jpg","contentUrl":"https:\/\/moozapro.com\/wp-content\/uploads\/2020\/07\/dtm.jpg","width":600,"height":600,"caption":"maitinamoji kauke"},{"@type":"BreadcrumbList","@id":"https:\/\/moozapro.com\/en\/produktas\/nourishing-mask\/#breadcrumb","itemListElement":[{"@type":"ListItem","position":1,"name":"Pagrindinis","item":"https:\/\/moozapro.com\/en\/"},{"@type":"ListItem","position":2,"name":"Shop","item":"https:\/\/moozapro.com\/en\/shop-2\/"},{"@type":"ListItem","position":3,"name":"Nourishing Mask"}]},{"@type":"WebSite","@id":"https:\/\/moozapro.com\/en\/#website","url":"https:\/\/moozapro.com\/en\/","name":"Mooza Pro","description":"Priemon\u0117s j\u016bs\u0173 plaukams","publisher":{"@id":"https:\/\/moozapro.com\/en\/#organization"},"potentialAction":[{"@type":"SearchAction","target":{"@type":"EntryPoint","urlTemplate":"https:\/\/moozapro.com\/en\/?s={search_term_string}"},"query-input":{"@type":"PropertyValueSpecification","valueRequired":true,"valueName":"search_term_string"}}],"inLanguage":"en-US"},{"@type":"Organization","@id":"https:\/\/moozapro.com\/en\/#organization","name":"Mooza Pro","url":"https:\/\/moozapro.com\/en\/","logo":{"@type":"ImageObject","inLanguage":"en-US","@id":"https:\/\/moozapro.com\/en\/#\/schema\/logo\/image\/","url":"https:\/\/moozapro.com\/wp-content\/uploads\/2023\/11\/Mooza-Pro-mazas-logo.png","contentUrl":"https:\/\/moozapro.com\/wp-content\/uploads\/2023\/11\/Mooza-Pro-mazas-logo.png","width":250,"height":103,"caption":"Mooza Pro"},"image":{"@id":"https:\/\/moozapro.com\/en\/#\/schema\/logo\/image\/"},"sameAs":["https:\/\/www.facebook.com\/moozabeauty"]}]}},"_links":{"self":[{"href":"https:\/\/moozapro.com\/en\/wp-json\/wp\/v2\/product\/36664","targetHints":{"allow":["GET"]}}],"collection":[{"href":"https:\/\/moozapro.com\/en\/wp-json\/wp\/v2\/product"}],"about":[{"href":"https:\/\/moozapro.com\/en\/wp-json\/wp\/v2\/types\/product"}],"replies":[{"embeddable":true,"href":"https:\/\/moozapro.com\/en\/wp-json\/wp\/v2\/comments?post=36664"}],"version-history":[{"count":1,"href":"https:\/\/moozapro.com\/en\/wp-json\/wp\/v2\/product\/36664\/revisions"}],"predecessor-version":[{"id":36672,"href":"https:\/\/moozapro.com\/en\/wp-json\/wp\/v2\/product\/36664\/revisions\/36672"}],"wp:featuredmedia":[{"embeddable":true,"href":"https:\/\/moozapro.com\/en\/wp-json\/wp\/v2\/media\/36665"}],"wp:attachment":[{"href":"https:\/\/moozapro.com\/en\/wp-json\/wp\/v2\/media?parent=36664"}],"wp:term":[{"taxonomy":"product_brand","embeddable":true,"href":"https:\/\/moozapro.com\/en\/wp-json\/wp\/v2\/product_brand?post=36664"},{"taxonomy":"product_cat","embeddable":true,"href":"https:\/\/moozapro.com\/en\/wp-json\/wp\/v2\/product_cat?post=36664"},{"taxonomy":"product_tag","embeddable":true,"href":"https:\/\/moozapro.com\/en\/wp-json\/wp\/v2\/product_tag?post=36664"}],"curies":[{"name":"wp","href":"https:\/\/api.w.org\/{rel}","templated":true}]}}