{"id":36673,"date":"2020-06-24T12:28:05","date_gmt":"2020-06-24T09:28:05","guid":{"rendered":"https:\/\/moozapro.com\/produktas\/heat-protection-42035\/"},"modified":"2026-02-13T16:55:56","modified_gmt":"2026-02-13T14:55:56","slug":"heat-protection-42035","status":"publish","type":"product","link":"https:\/\/moozapro.com\/en\/produktas\/heat-protection-42035\/","title":{"rendered":"Heat protection (42035)"},"content":{"rendered":"<p>Want to curl your hair or straighten it but fear heat damage?<\/p>\n<p>Not only safe hair shaping, but long-lasting shape retention. Spray-on heat protection with a gentle hold that gives texture to the shaped hair.  Ease of hair removal from the roots. Suitable for straightening and curling with all hot tools up to 230 degrees. The product prevents hair from frizzing and matting, even on a wet rainy day.  <\/p>\n<p>Suitable for all hair types, for best results before curling hair with hot tools.<\/p>\n<p>Active ingredient : Grape Seed Extract is a hair protectant that protects against humidity, frizz and tangles. The active ingredient helps to close the hair shaft, thus protecting the core of the hair against damage to the structure caused by negative external influences. <\/p>\n<p>Application: shake the product before use. Spray onto wet and\/or dry hair. It is recommended to use on wet and dry hair before straightening\/curling.  <\/p>\n","protected":false},"excerpt":{"rendered":"<p>Expressive shape and protected, healthy hair.<\/p>\n<p>Not only safe hair shaping, but long-lasting shape retention. Spray-on heat protection with a gentle hold that gives texture to the shaped hair. <\/p>\n<p>&nbsp;<\/p>\n<div class=\"elementor-element elementor-element-1686c8f elementor-widget elementor-widget-woocommerce-product-short-description\" data-id=\"1686c8f\" data-element_type=\"widget\" data-widget_type=\"woocommerce-product-short-description.default\">\n<div class=\"elementor-widget-container\">\n<div class=\"woocommerce-product-details__short-description\">\n<p>&nbsp;<\/p>\n<\/div>\n<\/div>\n<\/div>\n","protected":false},"featured_media":36676,"comment_status":"open","ping_status":"closed","template":"","meta":[],"product_brand":[],"product_cat":[986,985],"product_tag":[942,994,967],"class_list":{"0":"post-36673","1":"product","2":"type-product","3":"status-publish","4":"has-post-thumbnail","6":"product_cat-for-shaping-and-keeping-in-shape","7":"product_cat-hair-care","8":"product_tag-curly-hair","9":"product_tag-damaged-hair","10":"product_tag-thin-hair","11":"yith_product_brand-newsha","13":"first","14":"instock","15":"taxable","16":"shipping-taxable","17":"purchasable","18":"product-type-simple"},"yoast_head":"<!-- This site is optimized with the Yoast SEO plugin v27.4 - https:\/\/yoast.com\/product\/yoast-seo-wordpress\/ -->\n<title>Heat protection (42035) | Mooza Pro<\/title>\n<meta name=\"robots\" content=\"index, follow, max-snippet:-1, max-image-preview:large, max-video-preview:-1\" \/>\n<link rel=\"canonical\" href=\"https:\/\/moozapro.com\/en\/produktas\/heat-protection-42035\/\" \/>\n<meta property=\"og:locale\" content=\"en_US\" \/>\n<meta property=\"og:type\" content=\"article\" \/>\n<meta property=\"og:title\" content=\"Heat protection (42035) | Mooza Pro\" \/>\n<meta property=\"og:description\" content=\"Expressive shape and protected, healthy hair. Not only safe hair shaping, but long-lasting shape retention. Spray-on heat protection with a gentle hold that gives texture to the shaped hair.  &nbsp;   &nbsp;\" \/>\n<meta property=\"og:url\" content=\"https:\/\/moozapro.com\/en\/produktas\/heat-protection-42035\/\" \/>\n<meta property=\"og:site_name\" content=\"Mooza Pro\" \/>\n<meta property=\"article:publisher\" content=\"https:\/\/www.facebook.com\/moozabeauty\" \/>\n<meta property=\"article:modified_time\" content=\"2026-02-13T14:55:56+00:00\" \/>\n<meta property=\"og:image\" content=\"https:\/\/moozapro.com\/wp-content\/uploads\/2020\/06\/c_hpbs_200ml_0.jpg\" \/>\n\t<meta property=\"og:image:width\" content=\"600\" \/>\n\t<meta property=\"og:image:height\" content=\"600\" \/>\n\t<meta property=\"og:image:type\" content=\"image\/jpeg\" \/>\n<meta name=\"twitter:card\" content=\"summary_large_image\" \/>\n<meta name=\"twitter:label1\" content=\"Est. reading time\" \/>\n\t<meta name=\"twitter:data1\" content=\"1 minute\" \/>\n<script type=\"application\/ld+json\" class=\"yoast-schema-graph\">{\"@context\":\"https:\\\/\\\/schema.org\",\"@graph\":[{\"@type\":\"WebPage\",\"@id\":\"https:\\\/\\\/moozapro.com\\\/en\\\/produktas\\\/heat-protection-42035\\\/\",\"url\":\"https:\\\/\\\/moozapro.com\\\/en\\\/produktas\\\/heat-protection-42035\\\/\",\"name\":\"Heat protection (42035) | Mooza Pro\",\"isPartOf\":{\"@id\":\"https:\\\/\\\/moozapro.com\\\/en\\\/#website\"},\"primaryImageOfPage\":{\"@id\":\"https:\\\/\\\/moozapro.com\\\/en\\\/produktas\\\/heat-protection-42035\\\/#primaryimage\"},\"image\":{\"@id\":\"https:\\\/\\\/moozapro.com\\\/en\\\/produktas\\\/heat-protection-42035\\\/#primaryimage\"},\"thumbnailUrl\":\"https:\\\/\\\/moozapro.com\\\/wp-content\\\/uploads\\\/2020\\\/06\\\/c_hpbs_200ml_0.jpg\",\"datePublished\":\"2020-06-24T09:28:05+00:00\",\"dateModified\":\"2026-02-13T14:55:56+00:00\",\"breadcrumb\":{\"@id\":\"https:\\\/\\\/moozapro.com\\\/en\\\/produktas\\\/heat-protection-42035\\\/#breadcrumb\"},\"inLanguage\":\"en-US\",\"potentialAction\":[{\"@type\":\"ReadAction\",\"target\":[\"https:\\\/\\\/moozapro.com\\\/en\\\/produktas\\\/heat-protection-42035\\\/\"]}]},{\"@type\":\"ImageObject\",\"inLanguage\":\"en-US\",\"@id\":\"https:\\\/\\\/moozapro.com\\\/en\\\/produktas\\\/heat-protection-42035\\\/#primaryimage\",\"url\":\"https:\\\/\\\/moozapro.com\\\/wp-content\\\/uploads\\\/2020\\\/06\\\/c_hpbs_200ml_0.jpg\",\"contentUrl\":\"https:\\\/\\\/moozapro.com\\\/wp-content\\\/uploads\\\/2020\\\/06\\\/c_hpbs_200ml_0.jpg\",\"width\":600,\"height\":600,\"caption\":\"hair protection against heat\"},{\"@type\":\"BreadcrumbList\",\"@id\":\"https:\\\/\\\/moozapro.com\\\/en\\\/produktas\\\/heat-protection-42035\\\/#breadcrumb\",\"itemListElement\":[{\"@type\":\"ListItem\",\"position\":1,\"name\":\"Pagrindinis\",\"item\":\"https:\\\/\\\/moozapro.com\\\/en\\\/\"},{\"@type\":\"ListItem\",\"position\":2,\"name\":\"Shop\",\"item\":\"https:\\\/\\\/moozapro.com\\\/en\\\/shop-2\\\/\"},{\"@type\":\"ListItem\",\"position\":3,\"name\":\"Heat protection (42035)\"}]},{\"@type\":\"WebSite\",\"@id\":\"https:\\\/\\\/moozapro.com\\\/en\\\/#website\",\"url\":\"https:\\\/\\\/moozapro.com\\\/en\\\/\",\"name\":\"Mooza Pro\",\"description\":\"Priemon\u0117s j\u016bs\u0173 plaukams\",\"publisher\":{\"@id\":\"https:\\\/\\\/moozapro.com\\\/en\\\/#organization\"},\"potentialAction\":[{\"@type\":\"SearchAction\",\"target\":{\"@type\":\"EntryPoint\",\"urlTemplate\":\"https:\\\/\\\/moozapro.com\\\/en\\\/?s={search_term_string}\"},\"query-input\":{\"@type\":\"PropertyValueSpecification\",\"valueRequired\":true,\"valueName\":\"search_term_string\"}}],\"inLanguage\":\"en-US\"},{\"@type\":\"Organization\",\"@id\":\"https:\\\/\\\/moozapro.com\\\/en\\\/#organization\",\"name\":\"Mooza Pro\",\"url\":\"https:\\\/\\\/moozapro.com\\\/en\\\/\",\"logo\":{\"@type\":\"ImageObject\",\"inLanguage\":\"en-US\",\"@id\":\"https:\\\/\\\/moozapro.com\\\/en\\\/#\\\/schema\\\/logo\\\/image\\\/\",\"url\":\"https:\\\/\\\/moozapro.com\\\/wp-content\\\/uploads\\\/2023\\\/11\\\/Mooza-Pro-mazas-logo.png\",\"contentUrl\":\"https:\\\/\\\/moozapro.com\\\/wp-content\\\/uploads\\\/2023\\\/11\\\/Mooza-Pro-mazas-logo.png\",\"width\":250,\"height\":103,\"caption\":\"Mooza Pro\"},\"image\":{\"@id\":\"https:\\\/\\\/moozapro.com\\\/en\\\/#\\\/schema\\\/logo\\\/image\\\/\"},\"sameAs\":[\"https:\\\/\\\/www.facebook.com\\\/moozabeauty\"]}]}<\/script>\n<!-- \/ Yoast SEO plugin. -->","yoast_head_json":{"title":"Heat protection (42035) | Mooza Pro","robots":{"index":"index","follow":"follow","max-snippet":"max-snippet:-1","max-image-preview":"max-image-preview:large","max-video-preview":"max-video-preview:-1"},"canonical":"https:\/\/moozapro.com\/en\/produktas\/heat-protection-42035\/","og_locale":"en_US","og_type":"article","og_title":"Heat protection (42035) | Mooza Pro","og_description":"Expressive shape and protected, healthy hair. Not only safe hair shaping, but long-lasting shape retention. Spray-on heat protection with a gentle hold that gives texture to the shaped hair.  &nbsp;   &nbsp;","og_url":"https:\/\/moozapro.com\/en\/produktas\/heat-protection-42035\/","og_site_name":"Mooza Pro","article_publisher":"https:\/\/www.facebook.com\/moozabeauty","article_modified_time":"2026-02-13T14:55:56+00:00","og_image":[{"width":600,"height":600,"url":"https:\/\/moozapro.com\/wp-content\/uploads\/2020\/06\/c_hpbs_200ml_0.jpg","type":"image\/jpeg"}],"twitter_card":"summary_large_image","twitter_misc":{"Est. reading time":"1 minute"},"schema":{"@context":"https:\/\/schema.org","@graph":[{"@type":"WebPage","@id":"https:\/\/moozapro.com\/en\/produktas\/heat-protection-42035\/","url":"https:\/\/moozapro.com\/en\/produktas\/heat-protection-42035\/","name":"Heat protection (42035) | Mooza Pro","isPartOf":{"@id":"https:\/\/moozapro.com\/en\/#website"},"primaryImageOfPage":{"@id":"https:\/\/moozapro.com\/en\/produktas\/heat-protection-42035\/#primaryimage"},"image":{"@id":"https:\/\/moozapro.com\/en\/produktas\/heat-protection-42035\/#primaryimage"},"thumbnailUrl":"https:\/\/moozapro.com\/wp-content\/uploads\/2020\/06\/c_hpbs_200ml_0.jpg","datePublished":"2020-06-24T09:28:05+00:00","dateModified":"2026-02-13T14:55:56+00:00","breadcrumb":{"@id":"https:\/\/moozapro.com\/en\/produktas\/heat-protection-42035\/#breadcrumb"},"inLanguage":"en-US","potentialAction":[{"@type":"ReadAction","target":["https:\/\/moozapro.com\/en\/produktas\/heat-protection-42035\/"]}]},{"@type":"ImageObject","inLanguage":"en-US","@id":"https:\/\/moozapro.com\/en\/produktas\/heat-protection-42035\/#primaryimage","url":"https:\/\/moozapro.com\/wp-content\/uploads\/2020\/06\/c_hpbs_200ml_0.jpg","contentUrl":"https:\/\/moozapro.com\/wp-content\/uploads\/2020\/06\/c_hpbs_200ml_0.jpg","width":600,"height":600,"caption":"hair protection against heat"},{"@type":"BreadcrumbList","@id":"https:\/\/moozapro.com\/en\/produktas\/heat-protection-42035\/#breadcrumb","itemListElement":[{"@type":"ListItem","position":1,"name":"Pagrindinis","item":"https:\/\/moozapro.com\/en\/"},{"@type":"ListItem","position":2,"name":"Shop","item":"https:\/\/moozapro.com\/en\/shop-2\/"},{"@type":"ListItem","position":3,"name":"Heat protection (42035)"}]},{"@type":"WebSite","@id":"https:\/\/moozapro.com\/en\/#website","url":"https:\/\/moozapro.com\/en\/","name":"Mooza Pro","description":"Priemon\u0117s j\u016bs\u0173 plaukams","publisher":{"@id":"https:\/\/moozapro.com\/en\/#organization"},"potentialAction":[{"@type":"SearchAction","target":{"@type":"EntryPoint","urlTemplate":"https:\/\/moozapro.com\/en\/?s={search_term_string}"},"query-input":{"@type":"PropertyValueSpecification","valueRequired":true,"valueName":"search_term_string"}}],"inLanguage":"en-US"},{"@type":"Organization","@id":"https:\/\/moozapro.com\/en\/#organization","name":"Mooza Pro","url":"https:\/\/moozapro.com\/en\/","logo":{"@type":"ImageObject","inLanguage":"en-US","@id":"https:\/\/moozapro.com\/en\/#\/schema\/logo\/image\/","url":"https:\/\/moozapro.com\/wp-content\/uploads\/2023\/11\/Mooza-Pro-mazas-logo.png","contentUrl":"https:\/\/moozapro.com\/wp-content\/uploads\/2023\/11\/Mooza-Pro-mazas-logo.png","width":250,"height":103,"caption":"Mooza Pro"},"image":{"@id":"https:\/\/moozapro.com\/en\/#\/schema\/logo\/image\/"},"sameAs":["https:\/\/www.facebook.com\/moozabeauty"]}]}},"_links":{"self":[{"href":"https:\/\/moozapro.com\/en\/wp-json\/wp\/v2\/product\/36673","targetHints":{"allow":["GET"]}}],"collection":[{"href":"https:\/\/moozapro.com\/en\/wp-json\/wp\/v2\/product"}],"about":[{"href":"https:\/\/moozapro.com\/en\/wp-json\/wp\/v2\/types\/product"}],"replies":[{"embeddable":true,"href":"https:\/\/moozapro.com\/en\/wp-json\/wp\/v2\/comments?post=36673"}],"version-history":[{"count":1,"href":"https:\/\/moozapro.com\/en\/wp-json\/wp\/v2\/product\/36673\/revisions"}],"predecessor-version":[{"id":40744,"href":"https:\/\/moozapro.com\/en\/wp-json\/wp\/v2\/product\/36673\/revisions\/40744"}],"wp:featuredmedia":[{"embeddable":true,"href":"https:\/\/moozapro.com\/en\/wp-json\/wp\/v2\/media\/36676"}],"wp:attachment":[{"href":"https:\/\/moozapro.com\/en\/wp-json\/wp\/v2\/media?parent=36673"}],"wp:term":[{"taxonomy":"product_brand","embeddable":true,"href":"https:\/\/moozapro.com\/en\/wp-json\/wp\/v2\/product_brand?post=36673"},{"taxonomy":"product_cat","embeddable":true,"href":"https:\/\/moozapro.com\/en\/wp-json\/wp\/v2\/product_cat?post=36673"},{"taxonomy":"product_tag","embeddable":true,"href":"https:\/\/moozapro.com\/en\/wp-json\/wp\/v2\/product_tag?post=36673"}],"curies":[{"name":"wp","href":"https:\/\/api.w.org\/{rel}","templated":true}]}}