{"id":37205,"date":"2024-05-27T15:38:01","date_gmt":"2024-05-27T12:38:01","guid":{"rendered":"https:\/\/moozapro.com\/produktas\/mens-anti-hair-loss-shampoo-cuba\/"},"modified":"2026-02-13T16:00:22","modified_gmt":"2026-02-13T14:00:22","slug":"mens-anti-hair-loss-shampoo-cuba","status":"publish","type":"product","link":"https:\/\/moozapro.com\/en\/produktas\/mens-anti-hair-loss-shampoo-cuba\/","title":{"rendered":"Men&#8217;s anti-hair loss shampoo &#8220;Cuba&#8221;"},"content":{"rendered":"<p>A refreshing anti-hair loss shampoo enriched with Peppermint to protect and strengthen the hair.<\/p>\n<p>An advanced formula rich in essential oils, including Buriti, Jojoba and Almond Oil, to nourish and moisturise hair.<\/p>\n<p>USE: apply to wet skin and hair, massage in, rinse. In case of extreme hair loss, leave the product on the skin for 1-5min. <\/p>\n<p>Composition:<span style=\"font-size: 8pt;\">Aqua, Ammonium lauryl sulphate, Cocamidopropyl betaine, Sodium lauryl glucose carboxylate, Lauryl glucoside, Curcuma longa callus conditioned media, Gardenia taitensis flower extract, Melia azadirachta seed oil, Simmondsia chinensis seed oil, Prunus amygdalus dulcis oil, Oryza sativa bran oil, Cocos nucifera oil, Mauritia flexuosa fruit oil, Mentha viridis leaf oil, Mentha piperita oil, Commiphora myrrha oil, Santalum album oil, Pinus mugo leaf oil | Pinus mugo, Cupressus sempervirens leaf oil, Cedrus atlantica wood oil | Cedrus atlantica oil\/ extract, Menthol, Citric acid, Phytic acid, Sodium benzoate, Limonene, Pinene, Citrus aurantifolia peel oil distilled, Tetrasodium glutamate diacetate, Pentylene glycol, Tocopherol.<\/span><\/p>\n","protected":false},"excerpt":{"rendered":"<p>A refreshing anti-hair loss shampoo enriched with Peppermint to protect and strengthen the hair. An advanced formula rich in essential oils, including Buriti, Jojoba and Almond Oil, to nourish and moisturise hair. USE: apply to wet skin and hair, massage in, rinse. In case of extreme hair loss, leave the product on the skin for 1-5min. Composition:Aqua, Ammonium lauryl sulphate,\u2026<\/p>\n","protected":false},"featured_media":37206,"comment_status":"open","ping_status":"closed","template":"","meta":[],"product_brand":[],"product_cat":[987,1053],"product_tag":[],"class_list":{"0":"post-37205","1":"product","2":"type-product","3":"status-publish","4":"has-post-thumbnail","6":"product_cat-products-for-men","7":"product_cat-the-inglorious-mariner-en","8":"yith_product_brand-the-inglorious-mariner","10":"first","11":"instock","12":"taxable","13":"shipping-taxable","14":"purchasable","15":"product-type-simple"},"yoast_head":"<!-- This site is optimized with the Yoast SEO plugin v27.4 - https:\/\/yoast.com\/product\/yoast-seo-wordpress\/ -->\n<title>Men&#039;s anti-hair loss shampoo &quot;Cuba&quot; | Mooza Pro<\/title>\n<meta name=\"robots\" content=\"index, follow, max-snippet:-1, max-image-preview:large, max-video-preview:-1\" \/>\n<link rel=\"canonical\" href=\"https:\/\/moozapro.com\/en\/produktas\/mens-anti-hair-loss-shampoo-cuba\/\" \/>\n<meta property=\"og:locale\" content=\"en_US\" \/>\n<meta property=\"og:type\" content=\"article\" \/>\n<meta property=\"og:title\" content=\"Men&#039;s anti-hair loss shampoo &quot;Cuba&quot; | Mooza Pro\" \/>\n<meta property=\"og:description\" content=\"A refreshing anti-hair loss shampoo enriched with Peppermint to protect and strengthen the hair. An advanced formula rich in essential oils, including Buriti, Jojoba and Almond Oil, to nourish and moisturise hair. USE: apply to wet skin and hair, massage in, rinse. In case of extreme hair loss, leave the product on the skin for 1-5min. Composition:Aqua, Ammonium lauryl sulphate,\u2026\" \/>\n<meta property=\"og:url\" content=\"https:\/\/moozapro.com\/en\/produktas\/mens-anti-hair-loss-shampoo-cuba\/\" \/>\n<meta property=\"og:site_name\" content=\"Mooza Pro\" \/>\n<meta property=\"article:publisher\" content=\"https:\/\/www.facebook.com\/moozabeauty\" \/>\n<meta property=\"article:modified_time\" content=\"2026-02-13T14:00:22+00:00\" \/>\n<meta property=\"og:image\" content=\"https:\/\/moozapro.com\/wp-content\/uploads\/2024\/05\/cuba.jpg\" \/>\n\t<meta property=\"og:image:width\" content=\"1200\" \/>\n\t<meta property=\"og:image:height\" content=\"1200\" \/>\n\t<meta property=\"og:image:type\" content=\"image\/jpeg\" \/>\n<meta name=\"twitter:card\" content=\"summary_large_image\" \/>\n<meta name=\"twitter:label1\" content=\"Est. reading time\" \/>\n\t<meta name=\"twitter:data1\" content=\"1 minute\" \/>\n<script type=\"application\/ld+json\" class=\"yoast-schema-graph\">{\"@context\":\"https:\\\/\\\/schema.org\",\"@graph\":[{\"@type\":\"WebPage\",\"@id\":\"https:\\\/\\\/moozapro.com\\\/en\\\/produktas\\\/mens-anti-hair-loss-shampoo-cuba\\\/\",\"url\":\"https:\\\/\\\/moozapro.com\\\/en\\\/produktas\\\/mens-anti-hair-loss-shampoo-cuba\\\/\",\"name\":\"Men's anti-hair loss shampoo \\\"Cuba\\\" | Mooza Pro\",\"isPartOf\":{\"@id\":\"https:\\\/\\\/moozapro.com\\\/en\\\/#website\"},\"primaryImageOfPage\":{\"@id\":\"https:\\\/\\\/moozapro.com\\\/en\\\/produktas\\\/mens-anti-hair-loss-shampoo-cuba\\\/#primaryimage\"},\"image\":{\"@id\":\"https:\\\/\\\/moozapro.com\\\/en\\\/produktas\\\/mens-anti-hair-loss-shampoo-cuba\\\/#primaryimage\"},\"thumbnailUrl\":\"https:\\\/\\\/moozapro.com\\\/wp-content\\\/uploads\\\/2024\\\/05\\\/cuba.jpg\",\"datePublished\":\"2024-05-27T12:38:01+00:00\",\"dateModified\":\"2026-02-13T14:00:22+00:00\",\"breadcrumb\":{\"@id\":\"https:\\\/\\\/moozapro.com\\\/en\\\/produktas\\\/mens-anti-hair-loss-shampoo-cuba\\\/#breadcrumb\"},\"inLanguage\":\"en-US\",\"potentialAction\":[{\"@type\":\"ReadAction\",\"target\":[\"https:\\\/\\\/moozapro.com\\\/en\\\/produktas\\\/mens-anti-hair-loss-shampoo-cuba\\\/\"]}]},{\"@type\":\"ImageObject\",\"inLanguage\":\"en-US\",\"@id\":\"https:\\\/\\\/moozapro.com\\\/en\\\/produktas\\\/mens-anti-hair-loss-shampoo-cuba\\\/#primaryimage\",\"url\":\"https:\\\/\\\/moozapro.com\\\/wp-content\\\/uploads\\\/2024\\\/05\\\/cuba.jpg\",\"contentUrl\":\"https:\\\/\\\/moozapro.com\\\/wp-content\\\/uploads\\\/2024\\\/05\\\/cuba.jpg\",\"width\":1200,\"height\":1200},{\"@type\":\"BreadcrumbList\",\"@id\":\"https:\\\/\\\/moozapro.com\\\/en\\\/produktas\\\/mens-anti-hair-loss-shampoo-cuba\\\/#breadcrumb\",\"itemListElement\":[{\"@type\":\"ListItem\",\"position\":1,\"name\":\"Pagrindinis\",\"item\":\"https:\\\/\\\/moozapro.com\\\/en\\\/\"},{\"@type\":\"ListItem\",\"position\":2,\"name\":\"Shop\",\"item\":\"https:\\\/\\\/moozapro.com\\\/en\\\/shop-2\\\/\"},{\"@type\":\"ListItem\",\"position\":3,\"name\":\"Men&#8217;s anti-hair loss shampoo &#171;Cuba\\\"\"}]},{\"@type\":\"WebSite\",\"@id\":\"https:\\\/\\\/moozapro.com\\\/en\\\/#website\",\"url\":\"https:\\\/\\\/moozapro.com\\\/en\\\/\",\"name\":\"Mooza Pro\",\"description\":\"Priemon\u0117s j\u016bs\u0173 plaukams\",\"publisher\":{\"@id\":\"https:\\\/\\\/moozapro.com\\\/en\\\/#organization\"},\"potentialAction\":[{\"@type\":\"SearchAction\",\"target\":{\"@type\":\"EntryPoint\",\"urlTemplate\":\"https:\\\/\\\/moozapro.com\\\/en\\\/?s={search_term_string}\"},\"query-input\":{\"@type\":\"PropertyValueSpecification\",\"valueRequired\":true,\"valueName\":\"search_term_string\"}}],\"inLanguage\":\"en-US\"},{\"@type\":\"Organization\",\"@id\":\"https:\\\/\\\/moozapro.com\\\/en\\\/#organization\",\"name\":\"Mooza Pro\",\"url\":\"https:\\\/\\\/moozapro.com\\\/en\\\/\",\"logo\":{\"@type\":\"ImageObject\",\"inLanguage\":\"en-US\",\"@id\":\"https:\\\/\\\/moozapro.com\\\/en\\\/#\\\/schema\\\/logo\\\/image\\\/\",\"url\":\"https:\\\/\\\/moozapro.com\\\/wp-content\\\/uploads\\\/2023\\\/11\\\/Mooza-Pro-mazas-logo.png\",\"contentUrl\":\"https:\\\/\\\/moozapro.com\\\/wp-content\\\/uploads\\\/2023\\\/11\\\/Mooza-Pro-mazas-logo.png\",\"width\":250,\"height\":103,\"caption\":\"Mooza Pro\"},\"image\":{\"@id\":\"https:\\\/\\\/moozapro.com\\\/en\\\/#\\\/schema\\\/logo\\\/image\\\/\"},\"sameAs\":[\"https:\\\/\\\/www.facebook.com\\\/moozabeauty\"]}]}<\/script>\n<!-- \/ Yoast SEO plugin. -->","yoast_head_json":{"title":"Men's anti-hair loss shampoo \"Cuba\" | Mooza Pro","robots":{"index":"index","follow":"follow","max-snippet":"max-snippet:-1","max-image-preview":"max-image-preview:large","max-video-preview":"max-video-preview:-1"},"canonical":"https:\/\/moozapro.com\/en\/produktas\/mens-anti-hair-loss-shampoo-cuba\/","og_locale":"en_US","og_type":"article","og_title":"Men's anti-hair loss shampoo \"Cuba\" | Mooza Pro","og_description":"A refreshing anti-hair loss shampoo enriched with Peppermint to protect and strengthen the hair. An advanced formula rich in essential oils, including Buriti, Jojoba and Almond Oil, to nourish and moisturise hair. USE: apply to wet skin and hair, massage in, rinse. In case of extreme hair loss, leave the product on the skin for 1-5min. Composition:Aqua, Ammonium lauryl sulphate,\u2026","og_url":"https:\/\/moozapro.com\/en\/produktas\/mens-anti-hair-loss-shampoo-cuba\/","og_site_name":"Mooza Pro","article_publisher":"https:\/\/www.facebook.com\/moozabeauty","article_modified_time":"2026-02-13T14:00:22+00:00","og_image":[{"width":1200,"height":1200,"url":"https:\/\/moozapro.com\/wp-content\/uploads\/2024\/05\/cuba.jpg","type":"image\/jpeg"}],"twitter_card":"summary_large_image","twitter_misc":{"Est. reading time":"1 minute"},"schema":{"@context":"https:\/\/schema.org","@graph":[{"@type":"WebPage","@id":"https:\/\/moozapro.com\/en\/produktas\/mens-anti-hair-loss-shampoo-cuba\/","url":"https:\/\/moozapro.com\/en\/produktas\/mens-anti-hair-loss-shampoo-cuba\/","name":"Men's anti-hair loss shampoo \"Cuba\" | Mooza Pro","isPartOf":{"@id":"https:\/\/moozapro.com\/en\/#website"},"primaryImageOfPage":{"@id":"https:\/\/moozapro.com\/en\/produktas\/mens-anti-hair-loss-shampoo-cuba\/#primaryimage"},"image":{"@id":"https:\/\/moozapro.com\/en\/produktas\/mens-anti-hair-loss-shampoo-cuba\/#primaryimage"},"thumbnailUrl":"https:\/\/moozapro.com\/wp-content\/uploads\/2024\/05\/cuba.jpg","datePublished":"2024-05-27T12:38:01+00:00","dateModified":"2026-02-13T14:00:22+00:00","breadcrumb":{"@id":"https:\/\/moozapro.com\/en\/produktas\/mens-anti-hair-loss-shampoo-cuba\/#breadcrumb"},"inLanguage":"en-US","potentialAction":[{"@type":"ReadAction","target":["https:\/\/moozapro.com\/en\/produktas\/mens-anti-hair-loss-shampoo-cuba\/"]}]},{"@type":"ImageObject","inLanguage":"en-US","@id":"https:\/\/moozapro.com\/en\/produktas\/mens-anti-hair-loss-shampoo-cuba\/#primaryimage","url":"https:\/\/moozapro.com\/wp-content\/uploads\/2024\/05\/cuba.jpg","contentUrl":"https:\/\/moozapro.com\/wp-content\/uploads\/2024\/05\/cuba.jpg","width":1200,"height":1200},{"@type":"BreadcrumbList","@id":"https:\/\/moozapro.com\/en\/produktas\/mens-anti-hair-loss-shampoo-cuba\/#breadcrumb","itemListElement":[{"@type":"ListItem","position":1,"name":"Pagrindinis","item":"https:\/\/moozapro.com\/en\/"},{"@type":"ListItem","position":2,"name":"Shop","item":"https:\/\/moozapro.com\/en\/shop-2\/"},{"@type":"ListItem","position":3,"name":"Men&#8217;s anti-hair loss shampoo &#171;Cuba\""}]},{"@type":"WebSite","@id":"https:\/\/moozapro.com\/en\/#website","url":"https:\/\/moozapro.com\/en\/","name":"Mooza Pro","description":"Priemon\u0117s j\u016bs\u0173 plaukams","publisher":{"@id":"https:\/\/moozapro.com\/en\/#organization"},"potentialAction":[{"@type":"SearchAction","target":{"@type":"EntryPoint","urlTemplate":"https:\/\/moozapro.com\/en\/?s={search_term_string}"},"query-input":{"@type":"PropertyValueSpecification","valueRequired":true,"valueName":"search_term_string"}}],"inLanguage":"en-US"},{"@type":"Organization","@id":"https:\/\/moozapro.com\/en\/#organization","name":"Mooza Pro","url":"https:\/\/moozapro.com\/en\/","logo":{"@type":"ImageObject","inLanguage":"en-US","@id":"https:\/\/moozapro.com\/en\/#\/schema\/logo\/image\/","url":"https:\/\/moozapro.com\/wp-content\/uploads\/2023\/11\/Mooza-Pro-mazas-logo.png","contentUrl":"https:\/\/moozapro.com\/wp-content\/uploads\/2023\/11\/Mooza-Pro-mazas-logo.png","width":250,"height":103,"caption":"Mooza Pro"},"image":{"@id":"https:\/\/moozapro.com\/en\/#\/schema\/logo\/image\/"},"sameAs":["https:\/\/www.facebook.com\/moozabeauty"]}]}},"_links":{"self":[{"href":"https:\/\/moozapro.com\/en\/wp-json\/wp\/v2\/product\/37205","targetHints":{"allow":["GET"]}}],"collection":[{"href":"https:\/\/moozapro.com\/en\/wp-json\/wp\/v2\/product"}],"about":[{"href":"https:\/\/moozapro.com\/en\/wp-json\/wp\/v2\/types\/product"}],"replies":[{"embeddable":true,"href":"https:\/\/moozapro.com\/en\/wp-json\/wp\/v2\/comments?post=37205"}],"version-history":[{"count":1,"href":"https:\/\/moozapro.com\/en\/wp-json\/wp\/v2\/product\/37205\/revisions"}],"predecessor-version":[{"id":40716,"href":"https:\/\/moozapro.com\/en\/wp-json\/wp\/v2\/product\/37205\/revisions\/40716"}],"wp:featuredmedia":[{"embeddable":true,"href":"https:\/\/moozapro.com\/en\/wp-json\/wp\/v2\/media\/37206"}],"wp:attachment":[{"href":"https:\/\/moozapro.com\/en\/wp-json\/wp\/v2\/media?parent=37205"}],"wp:term":[{"taxonomy":"product_brand","embeddable":true,"href":"https:\/\/moozapro.com\/en\/wp-json\/wp\/v2\/product_brand?post=37205"},{"taxonomy":"product_cat","embeddable":true,"href":"https:\/\/moozapro.com\/en\/wp-json\/wp\/v2\/product_cat?post=37205"},{"taxonomy":"product_tag","embeddable":true,"href":"https:\/\/moozapro.com\/en\/wp-json\/wp\/v2\/product_tag?post=37205"}],"curies":[{"name":"wp","href":"https:\/\/api.w.org\/{rel}","templated":true}]}}