{"id":37214,"date":"2023-04-24T14:51:18","date_gmt":"2025-07-29T09:48:17","guid":{"rendered":"https:\/\/moozapro.com\/produktas\/guna-rinseless-conditioner-to-maintain-volume\/"},"modified":"2025-09-30T14:15:52","modified_gmt":"2025-09-30T11:15:52","slug":"guna-rinseless-conditioner-to-maintain-volume","status":"publish","type":"product","link":"https:\/\/moozapro.com\/en\/produktas\/guna-rinseless-conditioner-to-maintain-volume\/","title":{"rendered":"GUNA Rinseless conditioner to maintain volume"},"content":{"rendered":"\t\t<div data-elementor-type=\"product-post\" data-elementor-id=\"37214\" class=\"elementor elementor-37214 elementor-20008\" data-elementor-post-type=\"product\">\n\t\t\t\t\t\t<section class=\"elementor-section elementor-top-section elementor-element elementor-element-10d1c5ce elementor-section-boxed elementor-section-height-default elementor-section-height-default\" data-id=\"10d1c5ce\" data-element_type=\"section\" data-e-type=\"section\">\n\t\t\t\t\t\t<div class=\"elementor-container elementor-column-gap-default\">\n\t\t\t\t\t<div class=\"elementor-column elementor-col-100 elementor-top-column elementor-element elementor-element-23ee9344 kitify-col-width-auto-no kitify-disable-relative-no\" data-id=\"23ee9344\" data-element_type=\"column\" data-e-type=\"column\">\n\t\t\t<div class=\"elementor-widget-wrap elementor-element-populated\">\n\t\t\t\t\t\t<div class=\"elementor-element elementor-element-3b7a582a elementor-widget elementor-widget-heading\" data-id=\"3b7a582a\" data-element_type=\"widget\" data-e-type=\"widget\" data-widget_type=\"heading.default\">\n\t\t\t\t<div class=\"elementor-widget-container\">\n\t\t\t\t\t<h2 class=\"elementor-heading-title elementor-size-default\">A volumising and deeply moisturising leave-in conditioner<\/h2>\t\t\t\t<\/div>\n\t\t\t\t<\/div>\n\t\t\t\t<div class=\"elementor-element elementor-element-40e25622 elementor-widget-divider--view-line elementor-widget elementor-widget-divider\" data-id=\"40e25622\" data-element_type=\"widget\" data-e-type=\"widget\" data-widget_type=\"divider.default\">\n\t\t\t\t<div class=\"elementor-widget-container\">\n\t\t\t\t\t\t\t<div class=\"elementor-divider\">\n\t\t\t<span class=\"elementor-divider-separator\">\n\t\t\t\t\t\t<\/span>\n\t\t<\/div>\n\t\t\t\t\t\t<\/div>\n\t\t\t\t<\/div>\n\t\t\t\t<div class=\"elementor-element elementor-element-5cd91a84 elementor-widget elementor-widget-spacer\" data-id=\"5cd91a84\" data-element_type=\"widget\" data-e-type=\"widget\" data-widget_type=\"spacer.default\">\n\t\t\t\t<div class=\"elementor-widget-container\">\n\t\t\t\t\t\t\t<div class=\"elementor-spacer\">\n\t\t\t<div class=\"elementor-spacer-inner\"><\/div>\n\t\t<\/div>\n\t\t\t\t\t\t<\/div>\n\t\t\t\t<\/div>\n\t\t\t\t<div class=\"elementor-element elementor-element-d036289 elementor-widget elementor-widget-text-editor\" data-id=\"d036289\" data-element_type=\"widget\" data-e-type=\"widget\" data-widget_type=\"text-editor.default\">\n\t\t\t\t<div class=\"elementor-widget-container\">\n\t\t\t\t\t\t\t\t\t<p>A long-lasting conditioner suitable for all hair types, but a favourite for fine hair.<\/p><p><strong>The result:<\/strong> ultra-high volume, deep conditioning of the hair.  <\/p><p>&#8211; Provides hydration<\/p><p>&#8211; Creates and maintains the volume created<\/p><p>&#8211; 97% natural ingredients<\/p><p>&#8211; protects the hair from external influences<\/p><p>-reduces sulking and grumbling.  <\/p><p>TALPA: 150ml<\/p><p>USE:<\/p><ul><li>Use after each wash on damp hair.  <\/li><li>Spray 15-20cm away from the hair.  <\/li><li>Spray along the length of the hair and comb through from root to tip after spraying.  <\/li><\/ul>\t\t\t\t\t\t\t\t<\/div>\n\t\t\t\t<\/div>\n\t\t\t\t\t<\/div>\n\t\t<\/div>\n\t\t\t\t\t<\/div>\n\t\t<\/section>\n\t\t\t\t<\/div>\n\t\t","protected":false},"excerpt":{"rendered":"<p>A volumising and deeply moisturising leave-in conditioner A long-lasting conditioner suitable for all hair types, but a favourite for fine hair. The result: ultra-high volume, deep conditioning of the hair. &#8211; Provides hydration &#8211; Creates and maintains the volume created &#8211; 97% natural ingredients &#8211; protects the hair from external influences -reduces sulking and grumbling. TALPA: 150ml USE: Use after\u2026<\/p>\n","protected":false},"featured_media":37215,"comment_status":"open","ping_status":"closed","template":"","meta":[],"product_brand":[],"product_cat":[1003,969],"product_tag":[943,997,944,967,964],"class_list":{"0":"post-37214","1":"product","2":"type-product","3":"status-publish","4":"has-post-thumbnail","6":"product_cat-leaving-air-conditioners-behind","7":"product_cat-straight-hair","8":"product_tag-dry-hair","9":"product_tag-natural-hair","10":"product_tag-straight-hair","11":"product_tag-thin-hair","12":"product_tag-wavy-hair","14":"first","15":"instock","16":"sale","17":"taxable","18":"shipping-taxable","19":"purchasable","20":"product-type-simple"},"yoast_head":"<!-- This site is optimized with the Yoast SEO plugin v27.4 - https:\/\/yoast.com\/product\/yoast-seo-wordpress\/ -->\n<title>GUNA Rinseless conditioner to maintain volume | Mooza Pro<\/title>\n<meta name=\"description\" content=\"A leave-in conditioner that does not weigh down and maintains volume. Suitable for thin, weak and volume-deprived hair in need of hydration and health\" \/>\n<meta name=\"robots\" content=\"index, follow, max-snippet:-1, max-image-preview:large, max-video-preview:-1\" \/>\n<link rel=\"canonical\" href=\"https:\/\/moozapro.com\/en\/produktas\/guna-rinseless-conditioner-to-maintain-volume\/\" \/>\n<meta property=\"og:locale\" content=\"en_US\" \/>\n<meta property=\"og:type\" content=\"article\" \/>\n<meta property=\"og:title\" content=\"GUNA Rinseless conditioner to maintain volume | Mooza Pro\" \/>\n<meta property=\"og:description\" content=\"A leave-in conditioner that does not weigh down and maintains volume. Suitable for thin, weak and volume-deprived hair in need of hydration and health\" \/>\n<meta property=\"og:url\" content=\"https:\/\/moozapro.com\/en\/produktas\/guna-rinseless-conditioner-to-maintain-volume\/\" \/>\n<meta property=\"og:site_name\" content=\"Mooza Pro\" \/>\n<meta property=\"article:publisher\" content=\"https:\/\/www.facebook.com\/moozabeauty\" \/>\n<meta property=\"article:modified_time\" content=\"2025-09-30T11:15:52+00:00\" \/>\n<meta property=\"og:image\" content=\"https:\/\/moozapro.com\/wp-content\/uploads\/2023\/04\/img_flac_OcrysSurya_VolumizingLeaveIn_150ml_flat_cmyk-scaled.jpg\" \/>\n\t<meta property=\"og:image:width\" content=\"1920\" \/>\n\t<meta property=\"og:image:height\" content=\"2560\" \/>\n\t<meta property=\"og:image:type\" content=\"image\/jpeg\" \/>\n<meta name=\"twitter:card\" content=\"summary_large_image\" \/>\n<script type=\"application\/ld+json\" class=\"yoast-schema-graph\">{\"@context\":\"https:\\\/\\\/schema.org\",\"@graph\":[{\"@type\":\"WebPage\",\"@id\":\"https:\\\/\\\/moozapro.com\\\/en\\\/produktas\\\/guna-rinseless-conditioner-to-maintain-volume\\\/\",\"url\":\"https:\\\/\\\/moozapro.com\\\/en\\\/produktas\\\/guna-rinseless-conditioner-to-maintain-volume\\\/\",\"name\":\"GUNA Rinseless conditioner to maintain volume | Mooza Pro\",\"isPartOf\":{\"@id\":\"https:\\\/\\\/moozapro.com\\\/en\\\/#website\"},\"primaryImageOfPage\":{\"@id\":\"https:\\\/\\\/moozapro.com\\\/en\\\/produktas\\\/guna-rinseless-conditioner-to-maintain-volume\\\/#primaryimage\"},\"image\":{\"@id\":\"https:\\\/\\\/moozapro.com\\\/en\\\/produktas\\\/guna-rinseless-conditioner-to-maintain-volume\\\/#primaryimage\"},\"thumbnailUrl\":\"https:\\\/\\\/moozapro.com\\\/wp-content\\\/uploads\\\/2023\\\/04\\\/img_flac_OcrysSurya_VolumizingLeaveIn_150ml_flat_cmyk-scaled.jpg\",\"datePublished\":\"2025-07-29T09:48:17+00:00\",\"dateModified\":\"2025-09-30T11:15:52+00:00\",\"description\":\"A leave-in conditioner that does not weigh down and maintains volume. Suitable for thin, weak and volume-deprived hair in need of hydration and health\",\"breadcrumb\":{\"@id\":\"https:\\\/\\\/moozapro.com\\\/en\\\/produktas\\\/guna-rinseless-conditioner-to-maintain-volume\\\/#breadcrumb\"},\"inLanguage\":\"en-US\",\"potentialAction\":[{\"@type\":\"ReadAction\",\"target\":[\"https:\\\/\\\/moozapro.com\\\/en\\\/produktas\\\/guna-rinseless-conditioner-to-maintain-volume\\\/\"]}]},{\"@type\":\"ImageObject\",\"inLanguage\":\"en-US\",\"@id\":\"https:\\\/\\\/moozapro.com\\\/en\\\/produktas\\\/guna-rinseless-conditioner-to-maintain-volume\\\/#primaryimage\",\"url\":\"https:\\\/\\\/moozapro.com\\\/wp-content\\\/uploads\\\/2023\\\/04\\\/img_flac_OcrysSurya_VolumizingLeaveIn_150ml_flat_cmyk-scaled.jpg\",\"contentUrl\":\"https:\\\/\\\/moozapro.com\\\/wp-content\\\/uploads\\\/2023\\\/04\\\/img_flac_OcrysSurya_VolumizingLeaveIn_150ml_flat_cmyk-scaled.jpg\",\"width\":1920,\"height\":2560},{\"@type\":\"BreadcrumbList\",\"@id\":\"https:\\\/\\\/moozapro.com\\\/en\\\/produktas\\\/guna-rinseless-conditioner-to-maintain-volume\\\/#breadcrumb\",\"itemListElement\":[{\"@type\":\"ListItem\",\"position\":1,\"name\":\"Pagrindinis\",\"item\":\"https:\\\/\\\/moozapro.com\\\/en\\\/\"},{\"@type\":\"ListItem\",\"position\":2,\"name\":\"Shop\",\"item\":\"https:\\\/\\\/moozapro.com\\\/en\\\/shop-2\\\/\"},{\"@type\":\"ListItem\",\"position\":3,\"name\":\"GUNA Rinseless conditioner to maintain volume\"}]},{\"@type\":\"WebSite\",\"@id\":\"https:\\\/\\\/moozapro.com\\\/en\\\/#website\",\"url\":\"https:\\\/\\\/moozapro.com\\\/en\\\/\",\"name\":\"Mooza Pro\",\"description\":\"Priemon\u0117s j\u016bs\u0173 plaukams\",\"publisher\":{\"@id\":\"https:\\\/\\\/moozapro.com\\\/en\\\/#organization\"},\"potentialAction\":[{\"@type\":\"SearchAction\",\"target\":{\"@type\":\"EntryPoint\",\"urlTemplate\":\"https:\\\/\\\/moozapro.com\\\/en\\\/?s={search_term_string}\"},\"query-input\":{\"@type\":\"PropertyValueSpecification\",\"valueRequired\":true,\"valueName\":\"search_term_string\"}}],\"inLanguage\":\"en-US\"},{\"@type\":\"Organization\",\"@id\":\"https:\\\/\\\/moozapro.com\\\/en\\\/#organization\",\"name\":\"Mooza Pro\",\"url\":\"https:\\\/\\\/moozapro.com\\\/en\\\/\",\"logo\":{\"@type\":\"ImageObject\",\"inLanguage\":\"en-US\",\"@id\":\"https:\\\/\\\/moozapro.com\\\/en\\\/#\\\/schema\\\/logo\\\/image\\\/\",\"url\":\"https:\\\/\\\/moozapro.com\\\/wp-content\\\/uploads\\\/2023\\\/11\\\/Mooza-Pro-mazas-logo.png\",\"contentUrl\":\"https:\\\/\\\/moozapro.com\\\/wp-content\\\/uploads\\\/2023\\\/11\\\/Mooza-Pro-mazas-logo.png\",\"width\":250,\"height\":103,\"caption\":\"Mooza Pro\"},\"image\":{\"@id\":\"https:\\\/\\\/moozapro.com\\\/en\\\/#\\\/schema\\\/logo\\\/image\\\/\"},\"sameAs\":[\"https:\\\/\\\/www.facebook.com\\\/moozabeauty\"]}]}<\/script>\n<!-- \/ Yoast SEO plugin. -->","yoast_head_json":{"title":"GUNA Rinseless conditioner to maintain volume | Mooza Pro","description":"A leave-in conditioner that does not weigh down and maintains volume. Suitable for thin, weak and volume-deprived hair in need of hydration and health","robots":{"index":"index","follow":"follow","max-snippet":"max-snippet:-1","max-image-preview":"max-image-preview:large","max-video-preview":"max-video-preview:-1"},"canonical":"https:\/\/moozapro.com\/en\/produktas\/guna-rinseless-conditioner-to-maintain-volume\/","og_locale":"en_US","og_type":"article","og_title":"GUNA Rinseless conditioner to maintain volume | Mooza Pro","og_description":"A leave-in conditioner that does not weigh down and maintains volume. Suitable for thin, weak and volume-deprived hair in need of hydration and health","og_url":"https:\/\/moozapro.com\/en\/produktas\/guna-rinseless-conditioner-to-maintain-volume\/","og_site_name":"Mooza Pro","article_publisher":"https:\/\/www.facebook.com\/moozabeauty","article_modified_time":"2025-09-30T11:15:52+00:00","og_image":[{"width":1920,"height":2560,"url":"https:\/\/moozapro.com\/wp-content\/uploads\/2023\/04\/img_flac_OcrysSurya_VolumizingLeaveIn_150ml_flat_cmyk-scaled.jpg","type":"image\/jpeg"}],"twitter_card":"summary_large_image","schema":{"@context":"https:\/\/schema.org","@graph":[{"@type":"WebPage","@id":"https:\/\/moozapro.com\/en\/produktas\/guna-rinseless-conditioner-to-maintain-volume\/","url":"https:\/\/moozapro.com\/en\/produktas\/guna-rinseless-conditioner-to-maintain-volume\/","name":"GUNA Rinseless conditioner to maintain volume | Mooza Pro","isPartOf":{"@id":"https:\/\/moozapro.com\/en\/#website"},"primaryImageOfPage":{"@id":"https:\/\/moozapro.com\/en\/produktas\/guna-rinseless-conditioner-to-maintain-volume\/#primaryimage"},"image":{"@id":"https:\/\/moozapro.com\/en\/produktas\/guna-rinseless-conditioner-to-maintain-volume\/#primaryimage"},"thumbnailUrl":"https:\/\/moozapro.com\/wp-content\/uploads\/2023\/04\/img_flac_OcrysSurya_VolumizingLeaveIn_150ml_flat_cmyk-scaled.jpg","datePublished":"2025-07-29T09:48:17+00:00","dateModified":"2025-09-30T11:15:52+00:00","description":"A leave-in conditioner that does not weigh down and maintains volume. Suitable for thin, weak and volume-deprived hair in need of hydration and health","breadcrumb":{"@id":"https:\/\/moozapro.com\/en\/produktas\/guna-rinseless-conditioner-to-maintain-volume\/#breadcrumb"},"inLanguage":"en-US","potentialAction":[{"@type":"ReadAction","target":["https:\/\/moozapro.com\/en\/produktas\/guna-rinseless-conditioner-to-maintain-volume\/"]}]},{"@type":"ImageObject","inLanguage":"en-US","@id":"https:\/\/moozapro.com\/en\/produktas\/guna-rinseless-conditioner-to-maintain-volume\/#primaryimage","url":"https:\/\/moozapro.com\/wp-content\/uploads\/2023\/04\/img_flac_OcrysSurya_VolumizingLeaveIn_150ml_flat_cmyk-scaled.jpg","contentUrl":"https:\/\/moozapro.com\/wp-content\/uploads\/2023\/04\/img_flac_OcrysSurya_VolumizingLeaveIn_150ml_flat_cmyk-scaled.jpg","width":1920,"height":2560},{"@type":"BreadcrumbList","@id":"https:\/\/moozapro.com\/en\/produktas\/guna-rinseless-conditioner-to-maintain-volume\/#breadcrumb","itemListElement":[{"@type":"ListItem","position":1,"name":"Pagrindinis","item":"https:\/\/moozapro.com\/en\/"},{"@type":"ListItem","position":2,"name":"Shop","item":"https:\/\/moozapro.com\/en\/shop-2\/"},{"@type":"ListItem","position":3,"name":"GUNA Rinseless conditioner to maintain volume"}]},{"@type":"WebSite","@id":"https:\/\/moozapro.com\/en\/#website","url":"https:\/\/moozapro.com\/en\/","name":"Mooza Pro","description":"Priemon\u0117s j\u016bs\u0173 plaukams","publisher":{"@id":"https:\/\/moozapro.com\/en\/#organization"},"potentialAction":[{"@type":"SearchAction","target":{"@type":"EntryPoint","urlTemplate":"https:\/\/moozapro.com\/en\/?s={search_term_string}"},"query-input":{"@type":"PropertyValueSpecification","valueRequired":true,"valueName":"search_term_string"}}],"inLanguage":"en-US"},{"@type":"Organization","@id":"https:\/\/moozapro.com\/en\/#organization","name":"Mooza Pro","url":"https:\/\/moozapro.com\/en\/","logo":{"@type":"ImageObject","inLanguage":"en-US","@id":"https:\/\/moozapro.com\/en\/#\/schema\/logo\/image\/","url":"https:\/\/moozapro.com\/wp-content\/uploads\/2023\/11\/Mooza-Pro-mazas-logo.png","contentUrl":"https:\/\/moozapro.com\/wp-content\/uploads\/2023\/11\/Mooza-Pro-mazas-logo.png","width":250,"height":103,"caption":"Mooza Pro"},"image":{"@id":"https:\/\/moozapro.com\/en\/#\/schema\/logo\/image\/"},"sameAs":["https:\/\/www.facebook.com\/moozabeauty"]}]}},"_links":{"self":[{"href":"https:\/\/moozapro.com\/en\/wp-json\/wp\/v2\/product\/37214","targetHints":{"allow":["GET"]}}],"collection":[{"href":"https:\/\/moozapro.com\/en\/wp-json\/wp\/v2\/product"}],"about":[{"href":"https:\/\/moozapro.com\/en\/wp-json\/wp\/v2\/types\/product"}],"replies":[{"embeddable":true,"href":"https:\/\/moozapro.com\/en\/wp-json\/wp\/v2\/comments?post=37214"}],"version-history":[{"count":1,"href":"https:\/\/moozapro.com\/en\/wp-json\/wp\/v2\/product\/37214\/revisions"}],"predecessor-version":[{"id":37216,"href":"https:\/\/moozapro.com\/en\/wp-json\/wp\/v2\/product\/37214\/revisions\/37216"}],"wp:featuredmedia":[{"embeddable":true,"href":"https:\/\/moozapro.com\/en\/wp-json\/wp\/v2\/media\/37215"}],"wp:attachment":[{"href":"https:\/\/moozapro.com\/en\/wp-json\/wp\/v2\/media?parent=37214"}],"wp:term":[{"taxonomy":"product_brand","embeddable":true,"href":"https:\/\/moozapro.com\/en\/wp-json\/wp\/v2\/product_brand?post=37214"},{"taxonomy":"product_cat","embeddable":true,"href":"https:\/\/moozapro.com\/en\/wp-json\/wp\/v2\/product_cat?post=37214"},{"taxonomy":"product_tag","embeddable":true,"href":"https:\/\/moozapro.com\/en\/wp-json\/wp\/v2\/product_tag?post=37214"}],"curies":[{"name":"wp","href":"https:\/\/api.w.org\/{rel}","templated":true}]}}