{"id":37233,"date":"2023-11-13T19:36:50","date_gmt":"2023-11-13T17:36:50","guid":{"rendered":"https:\/\/moozapro.com\/produktas\/smooth-shine-spray\/"},"modified":"2025-07-29T12:48:36","modified_gmt":"2025-07-29T09:48:36","slug":"smooth-shine-spray","status":"publish","type":"product","link":"https:\/\/moozapro.com\/en\/produktas\/smooth-shine-spray\/","title":{"rendered":"Smooth &amp; Shine Spray"},"content":{"rendered":"\t\t<div data-elementor-type=\"product-post\" data-elementor-id=\"37233\" class=\"elementor elementor-37233 elementor-20882\" data-elementor-post-type=\"product\">\n\t\t\t\t\t\t<section class=\"elementor-section elementor-top-section elementor-element elementor-element-1bf1eede elementor-section-boxed elementor-section-height-default elementor-section-height-default\" data-id=\"1bf1eede\" data-element_type=\"section\" data-e-type=\"section\">\n\t\t\t\t\t\t<div class=\"elementor-container elementor-column-gap-default\">\n\t\t\t\t\t<div class=\"elementor-column elementor-col-50 elementor-top-column elementor-element elementor-element-6b4668b1 kitify-col-width-auto-no kitify-disable-relative-no\" data-id=\"6b4668b1\" data-element_type=\"column\" data-e-type=\"column\" data-settings=\"{&quot;background_background&quot;:&quot;classic&quot;}\">\n\t\t\t<div class=\"elementor-widget-wrap elementor-element-populated\">\n\t\t\t\t\t\t<div class=\"elementor-element elementor-element-1994cf25 elementor-widget elementor-widget-image\" data-id=\"1994cf25\" data-element_type=\"widget\" data-e-type=\"widget\" data-widget_type=\"image.default\">\n\t\t\t\t<div class=\"elementor-widget-container\">\n\t\t\t\t\t\t\t\t\t\t\t\t\t\t\t<img fetchpriority=\"high\" decoding=\"async\" width=\"667\" height=\"1000\" src=\"https:\/\/moozapro.com\/wp-content\/uploads\/2023\/02\/IMG_1605.jpg\" class=\"attachment-full size-full wp-image-37271\" alt=\"\" \/>\t\t\t\t\t\t\t\t\t\t\t\t\t\t\t<\/div>\n\t\t\t\t<\/div>\n\t\t\t\t\t<\/div>\n\t\t<\/div>\n\t\t\t\t<div class=\"elementor-column elementor-col-50 elementor-top-column elementor-element elementor-element-42928de2 kitify-col-width-auto-no kitify-disable-relative-no\" data-id=\"42928de2\" data-element_type=\"column\" data-e-type=\"column\">\n\t\t\t<div class=\"elementor-widget-wrap elementor-element-populated\">\n\t\t\t\t\t\t<div class=\"elementor-element elementor-element-4d669e0c elementor-widget elementor-widget-heading\" data-id=\"4d669e0c\" data-element_type=\"widget\" data-e-type=\"widget\" data-widget_type=\"heading.default\">\n\t\t\t\t<div class=\"elementor-widget-container\">\n\t\t\t\t\t<h2 class=\"elementor-heading-title elementor-size-default\">Softness &amp; Shine Spray - gives hair a long-lasting, silky smoothness and a reliable gliding effect.  <\/h2>\t\t\t\t<\/div>\n\t\t\t\t<\/div>\n\t\t\t\t<div class=\"elementor-element elementor-element-4d140960 elementor-widget elementor-widget-spacer\" data-id=\"4d140960\" data-element_type=\"widget\" data-e-type=\"widget\" data-widget_type=\"spacer.default\">\n\t\t\t\t<div class=\"elementor-widget-container\">\n\t\t\t\t\t\t\t<div class=\"elementor-spacer\">\n\t\t\t<div class=\"elementor-spacer-inner\"><\/div>\n\t\t<\/div>\n\t\t\t\t\t\t<\/div>\n\t\t\t\t<\/div>\n\t\t\t\t<div class=\"elementor-element elementor-element-4bbc537 elementor-widget-divider--view-line elementor-widget elementor-widget-divider\" data-id=\"4bbc537\" data-element_type=\"widget\" data-e-type=\"widget\" data-widget_type=\"divider.default\">\n\t\t\t\t<div class=\"elementor-widget-container\">\n\t\t\t\t\t\t\t<div class=\"elementor-divider\">\n\t\t\t<span class=\"elementor-divider-separator\">\n\t\t\t\t\t\t<\/span>\n\t\t<\/div>\n\t\t\t\t\t\t<\/div>\n\t\t\t\t<\/div>\n\t\t\t\t<div class=\"elementor-element elementor-element-1bba2c6f elementor-widget elementor-widget-text-editor\" data-id=\"1bba2c6f\" data-element_type=\"widget\" data-e-type=\"widget\" data-widget_type=\"text-editor.default\">\n\t\t\t\t<div class=\"elementor-widget-container\">\n\t\t\t\t\t\t\t\t\t<p>Suitable for all hair types, it creates an upswept look without weighing hair down or leaving a greasy residue. It gives the hair an unmistakable shine. Discover the secret to healthy-looking and breathtaking hair!  <\/p><p><strong>USE<\/strong><\/p><p style=\"font-weight: 400;\"><em>Step 1<\/em><\/p><p style=\"font-weight: 400;\">When you&#8217;ve finished your normal hair care routine, divide your towel-dried hair into several sections. Spray Brilliant Smooth &amp; Shine Spray generously and evenly on damp hair. <\/p><p style=\"font-weight: 400;\"> <\/p><p style=\"font-weight: 400;\"><em>Step 2<\/em><\/p><p style=\"font-weight: 400;\">Dry each part using a round brush such as the NEWSHA Round Brush. Then use additional styling tools on dry hair.<\/p><p> <\/p><p> <\/p>\t\t\t\t\t\t\t\t<\/div>\n\t\t\t\t<\/div>\n\t\t\t\t\t<\/div>\n\t\t<\/div>\n\t\t\t\t\t<\/div>\n\t\t<\/section>\n\t\t<div class=\"elementor-element elementor-element-bda04e4 e-flex e-con-boxed kitify-col-width-auto-no ignore-docs-style-no kitify-disable-relative-no e-root-container elementor-top-section e-con e-parent\" data-id=\"bda04e4\" data-element_type=\"container\" data-e-type=\"container\">\n\t\t\t\t\t<div class=\"e-con-inner\">\n\t\t<div class=\"elementor-element elementor-element-8024b7e e-con-full e-flex kitify-col-width-auto-no ignore-docs-style-no kitify-disable-relative-no e-con e-child\" data-id=\"8024b7e\" data-element_type=\"container\" data-e-type=\"container\">\n\t\t\t\t<div class=\"elementor-element elementor-element-b9101c5 elementor-widget elementor-widget-text-editor\" data-id=\"b9101c5\" data-element_type=\"widget\" data-e-type=\"widget\" data-widget_type=\"text-editor.default\">\n\t\t\t\t<div class=\"elementor-widget-container\">\n\t\t\t\t\t\t\t\t\t<p style=\"font-weight: 400;\">Valuable, nourishing ingredients provide hair with sufficient moisture, fight split ends and breakage, and give it natural shine.<\/p>\t\t\t\t\t\t\t\t<\/div>\n\t\t\t\t<\/div>\n\t\t\t\t<\/div>\n\t\t<div class=\"elementor-element elementor-element-4ba5eb7 e-con-full e-flex kitify-col-width-auto-no ignore-docs-style-no kitify-disable-relative-no e-con e-child\" data-id=\"4ba5eb7\" data-element_type=\"container\" data-e-type=\"container\">\n\t\t\t\t<div class=\"elementor-element elementor-element-3052708 elementor-widget elementor-widget-text-editor\" data-id=\"3052708\" data-element_type=\"widget\" data-e-type=\"widget\" data-widget_type=\"text-editor.default\">\n\t\t\t\t<div class=\"elementor-widget-container\">\n\t\t\t\t\t\t\t\t\t<p style=\"font-weight: 400;\">&#8220;Brilliant Smooth &amp; Shine Spray gives your hair straightness and reduces frizz and flyaways.  <\/p>\t\t\t\t\t\t\t\t<\/div>\n\t\t\t\t<\/div>\n\t\t\t\t<\/div>\n\t\t<div class=\"elementor-element elementor-element-b7eb51b e-con-full e-flex kitify-col-width-auto-no ignore-docs-style-no kitify-disable-relative-no e-con e-child\" data-id=\"b7eb51b\" data-element_type=\"container\" data-e-type=\"container\">\n\t\t\t\t<div class=\"elementor-element elementor-element-4aabbf8 elementor-widget elementor-widget-text-editor\" data-id=\"4aabbf8\" data-element_type=\"widget\" data-e-type=\"widget\" data-widget_type=\"text-editor.default\">\n\t\t\t\t<div class=\"elementor-widget-container\">\n\t\t\t\t\t\t\t\t\t<p style=\"font-weight: 400;\">In addition to high-quality ingredients, we rely on luxurious, elegant design to add a touch of elegance to your bathroom.<\/p>\t\t\t\t\t\t\t\t<\/div>\n\t\t\t\t<\/div>\n\t\t\t\t<\/div>\n\t\t\t\t\t<\/div>\n\t\t\t\t<\/div>\n\t\t<div class=\"elementor-element elementor-element-8f31690 e-flex e-con-boxed kitify-col-width-auto-no ignore-docs-style-no kitify-disable-relative-no e-root-container elementor-top-section e-con e-parent\" data-id=\"8f31690\" data-element_type=\"container\" data-e-type=\"container\">\n\t\t\t\t\t<div class=\"e-con-inner\">\n\t\t\t\t<div class=\"elementor-element elementor-element-931b201 elementor-widget elementor-widget-image\" data-id=\"931b201\" data-element_type=\"widget\" data-e-type=\"widget\" data-widget_type=\"image.default\">\n\t\t\t\t<div class=\"elementor-widget-container\">\n\t\t\t\t\t\t\t\t\t\t\t\t\t\t\t<img decoding=\"async\" width=\"1000\" height=\"562\" src=\"https:\/\/moozapro.com\/wp-content\/uploads\/2023\/11\/LP_NEWSHAXFarina_6-1000x562.jpg\" class=\"attachment-large size-large wp-image-37235\" alt=\"\" srcset=\"https:\/\/moozapro.com\/wp-content\/uploads\/2023\/11\/LP_NEWSHAXFarina_6-1000x562.jpg 1000w, https:\/\/moozapro.com\/wp-content\/uploads\/2023\/11\/LP_NEWSHAXFarina_6-750x422.jpg 750w, https:\/\/moozapro.com\/wp-content\/uploads\/2023\/11\/LP_NEWSHAXFarina_6.jpg 1160w\" sizes=\"(max-width: 1000px) 100vw, 1000px\" \/>\t\t\t\t\t\t\t\t\t\t\t\t\t\t\t<\/div>\n\t\t\t\t<\/div>\n\t\t\t\t\t<\/div>\n\t\t\t\t<\/div>\n\t\t<div class=\"elementor-element elementor-element-8ab9da0 e-flex e-con-boxed kitify-col-width-auto-no ignore-docs-style-no kitify-disable-relative-no e-root-container elementor-top-section e-con e-parent\" data-id=\"8ab9da0\" data-element_type=\"container\" data-e-type=\"container\">\n\t\t\t\t\t<div class=\"e-con-inner\">\n\t\t<div class=\"elementor-element elementor-element-fc84729 e-con-full e-flex kitify-col-width-auto-no ignore-docs-style-no kitify-disable-relative-no e-con e-child\" data-id=\"fc84729\" data-element_type=\"container\" data-e-type=\"container\">\n\t\t\t\t<div class=\"elementor-element elementor-element-e9537ed elementor-widget elementor-widget-text-editor\" data-id=\"e9537ed\" data-element_type=\"widget\" data-e-type=\"widget\" data-widget_type=\"text-editor.default\">\n\t\t\t\t<div class=\"elementor-widget-container\">\n\t\t\t\t\t\t\t\t\t<p style=\"font-weight: 400;\">POMEGRANATE SEED OIL<\/p><p style=\"font-weight: 400;\">Thanks to its soothing and anti-inflammatory properties, it improves any styling and acts as a health promoter for the hair and scalp. It not only adds moisture but also gives hair a silky shine. Its powerful action strengthens the hair and gives it a healthy appearance.  <\/p>\t\t\t\t\t\t\t\t<\/div>\n\t\t\t\t<\/div>\n\t\t\t\t<\/div>\n\t\t<div class=\"elementor-element elementor-element-72c5f0b e-con-full e-flex kitify-col-width-auto-no ignore-docs-style-no kitify-disable-relative-no e-con e-child\" data-id=\"72c5f0b\" data-element_type=\"container\" data-e-type=\"container\">\n\t\t\t\t<div class=\"elementor-element elementor-element-64ac470 elementor-widget elementor-widget-text-editor\" data-id=\"64ac470\" data-element_type=\"widget\" data-e-type=\"widget\" data-widget_type=\"text-editor.default\">\n\t\t\t\t<div class=\"elementor-widget-container\">\n\t\t\t\t\t\t\t\t\t<p style=\"font-weight: 400;\">Calendula EXTRACT<\/p><p style=\"font-weight: 400;\">Calendula extract is derived from calendula and is particularly suitable for dry, brittle and weak hair. It provides hair with plenty of moisture and gives it a silky shine. <\/p>\t\t\t\t\t\t\t\t<\/div>\n\t\t\t\t<\/div>\n\t\t\t\t<\/div>\n\t\t<div class=\"elementor-element elementor-element-5049d94 e-con-full e-flex kitify-col-width-auto-no ignore-docs-style-no kitify-disable-relative-no e-con e-child\" data-id=\"5049d94\" data-element_type=\"container\" data-e-type=\"container\">\n\t\t\t\t<div class=\"elementor-element elementor-element-6c1b1d3 elementor-widget elementor-widget-text-editor\" data-id=\"6c1b1d3\" data-element_type=\"widget\" data-e-type=\"widget\" data-widget_type=\"text-editor.default\">\n\t\t\t\t<div class=\"elementor-widget-container\">\n\t\t\t\t\t\t\t\t\t<p style=\"font-weight: 400;\">CHAMOMILE FLOWER EXTRACT<\/p><p style=\"font-weight: 400;\">This extract comes from real chamomile. The mild chamomile extract, which is rich in bisabolol, ensures hair smoothness, elasticity and maintains the hair&#8217;s natural shine.   <\/p>\t\t\t\t\t\t\t\t<\/div>\n\t\t\t\t<\/div>\n\t\t\t\t<\/div>\n\t\t\t\t\t<\/div>\n\t\t\t\t<\/div>\n\t\t\t\t<\/div>\n\t\t","protected":false},"excerpt":{"rendered":"<p>Softness &amp; Shine Spray &#8211; gives hair a long-lasting, silky smoothness and a reliable gliding effect. Suitable for all hair types, it creates an upswept look without weighing hair down or leaving a greasy residue. It gives the hair an unmistakable shine. Discover the secret to healthy-looking and breathtaking hair! USE Step 1 When you&#8217;ve finished your normal hair care\u2026<\/p>\n","protected":false},"featured_media":37234,"comment_status":"open","ping_status":"closed","template":"","meta":[],"product_brand":[],"product_cat":[959,985],"product_tag":[],"class_list":{"0":"post-37233","1":"product","2":"type-product","3":"status-publish","4":"has-post-thumbnail","6":"product_cat-creams-oils-serums-fluids-sprays","7":"product_cat-hair-care","8":"yith_product_brand-newsha","10":"first","11":"instock","12":"taxable","13":"shipping-taxable","14":"purchasable","15":"product-type-simple"},"yoast_head":"<!-- This site is optimized with the Yoast SEO plugin v27.4 - https:\/\/yoast.com\/product\/yoast-seo-wordpress\/ -->\n<title>Smooth &amp; Shine Spray | Mooza Pro<\/title>\n<meta name=\"robots\" content=\"index, follow, max-snippet:-1, max-image-preview:large, max-video-preview:-1\" \/>\n<link rel=\"canonical\" href=\"https:\/\/moozapro.com\/en\/produktas\/smooth-shine-spray\/\" \/>\n<meta property=\"og:locale\" content=\"en_US\" \/>\n<meta property=\"og:type\" content=\"article\" \/>\n<meta property=\"og:title\" content=\"Smooth &amp; Shine Spray | Mooza Pro\" \/>\n<meta property=\"og:description\" content=\"Softness &amp; Shine Spray &#8211; gives hair a long-lasting, silky smoothness and a reliable gliding effect. Suitable for all hair types, it creates an upswept look without weighing hair down or leaving a greasy residue. It gives the hair an unmistakable shine. Discover the secret to healthy-looking and breathtaking hair! USE Step 1 When you&#8217;ve finished your normal hair care\u2026\" \/>\n<meta property=\"og:url\" content=\"https:\/\/moozapro.com\/en\/produktas\/smooth-shine-spray\/\" \/>\n<meta property=\"og:site_name\" content=\"Mooza Pro\" \/>\n<meta property=\"article:publisher\" content=\"https:\/\/www.facebook.com\/moozabeauty\" \/>\n<meta property=\"article:modified_time\" content=\"2025-07-29T09:48:36+00:00\" \/>\n<meta property=\"og:image\" content=\"https:\/\/moozapro.com\/wp-content\/uploads\/2023\/11\/NEWSHA_Brilliant_Smooth___Shine_Spray_540x910.webp\" \/>\n\t<meta property=\"og:image:width\" content=\"712\" \/>\n\t<meta property=\"og:image:height\" content=\"1200\" \/>\n\t<meta property=\"og:image:type\" content=\"image\/webp\" \/>\n<meta name=\"twitter:card\" content=\"summary_large_image\" \/>\n<meta name=\"twitter:label1\" content=\"Est. reading time\" \/>\n\t<meta name=\"twitter:data1\" content=\"1 minute\" \/>\n<script type=\"application\/ld+json\" class=\"yoast-schema-graph\">{\"@context\":\"https:\\\/\\\/schema.org\",\"@graph\":[{\"@type\":\"WebPage\",\"@id\":\"https:\\\/\\\/moozapro.com\\\/en\\\/produktas\\\/smooth-shine-spray\\\/\",\"url\":\"https:\\\/\\\/moozapro.com\\\/en\\\/produktas\\\/smooth-shine-spray\\\/\",\"name\":\"Smooth &amp; Shine Spray | Mooza Pro\",\"isPartOf\":{\"@id\":\"https:\\\/\\\/moozapro.com\\\/en\\\/#website\"},\"primaryImageOfPage\":{\"@id\":\"https:\\\/\\\/moozapro.com\\\/en\\\/produktas\\\/smooth-shine-spray\\\/#primaryimage\"},\"image\":{\"@id\":\"https:\\\/\\\/moozapro.com\\\/en\\\/produktas\\\/smooth-shine-spray\\\/#primaryimage\"},\"thumbnailUrl\":\"https:\\\/\\\/moozapro.com\\\/wp-content\\\/uploads\\\/2023\\\/11\\\/NEWSHA_Brilliant_Smooth___Shine_Spray_540x910.webp\",\"datePublished\":\"2023-11-13T17:36:50+00:00\",\"dateModified\":\"2025-07-29T09:48:36+00:00\",\"breadcrumb\":{\"@id\":\"https:\\\/\\\/moozapro.com\\\/en\\\/produktas\\\/smooth-shine-spray\\\/#breadcrumb\"},\"inLanguage\":\"en-US\",\"potentialAction\":[{\"@type\":\"ReadAction\",\"target\":[\"https:\\\/\\\/moozapro.com\\\/en\\\/produktas\\\/smooth-shine-spray\\\/\"]}]},{\"@type\":\"ImageObject\",\"inLanguage\":\"en-US\",\"@id\":\"https:\\\/\\\/moozapro.com\\\/en\\\/produktas\\\/smooth-shine-spray\\\/#primaryimage\",\"url\":\"https:\\\/\\\/moozapro.com\\\/wp-content\\\/uploads\\\/2023\\\/11\\\/NEWSHA_Brilliant_Smooth___Shine_Spray_540x910.webp\",\"contentUrl\":\"https:\\\/\\\/moozapro.com\\\/wp-content\\\/uploads\\\/2023\\\/11\\\/NEWSHA_Brilliant_Smooth___Shine_Spray_540x910.webp\",\"width\":712,\"height\":1200},{\"@type\":\"BreadcrumbList\",\"@id\":\"https:\\\/\\\/moozapro.com\\\/en\\\/produktas\\\/smooth-shine-spray\\\/#breadcrumb\",\"itemListElement\":[{\"@type\":\"ListItem\",\"position\":1,\"name\":\"Pagrindinis\",\"item\":\"https:\\\/\\\/moozapro.com\\\/en\\\/\"},{\"@type\":\"ListItem\",\"position\":2,\"name\":\"Shop\",\"item\":\"https:\\\/\\\/moozapro.com\\\/en\\\/shop-2\\\/\"},{\"@type\":\"ListItem\",\"position\":3,\"name\":\"Smooth &amp; Shine Spray\"}]},{\"@type\":\"WebSite\",\"@id\":\"https:\\\/\\\/moozapro.com\\\/en\\\/#website\",\"url\":\"https:\\\/\\\/moozapro.com\\\/en\\\/\",\"name\":\"Mooza Pro\",\"description\":\"Priemon\u0117s j\u016bs\u0173 plaukams\",\"publisher\":{\"@id\":\"https:\\\/\\\/moozapro.com\\\/en\\\/#organization\"},\"potentialAction\":[{\"@type\":\"SearchAction\",\"target\":{\"@type\":\"EntryPoint\",\"urlTemplate\":\"https:\\\/\\\/moozapro.com\\\/en\\\/?s={search_term_string}\"},\"query-input\":{\"@type\":\"PropertyValueSpecification\",\"valueRequired\":true,\"valueName\":\"search_term_string\"}}],\"inLanguage\":\"en-US\"},{\"@type\":\"Organization\",\"@id\":\"https:\\\/\\\/moozapro.com\\\/en\\\/#organization\",\"name\":\"Mooza Pro\",\"url\":\"https:\\\/\\\/moozapro.com\\\/en\\\/\",\"logo\":{\"@type\":\"ImageObject\",\"inLanguage\":\"en-US\",\"@id\":\"https:\\\/\\\/moozapro.com\\\/en\\\/#\\\/schema\\\/logo\\\/image\\\/\",\"url\":\"https:\\\/\\\/moozapro.com\\\/wp-content\\\/uploads\\\/2023\\\/11\\\/Mooza-Pro-mazas-logo.png\",\"contentUrl\":\"https:\\\/\\\/moozapro.com\\\/wp-content\\\/uploads\\\/2023\\\/11\\\/Mooza-Pro-mazas-logo.png\",\"width\":250,\"height\":103,\"caption\":\"Mooza Pro\"},\"image\":{\"@id\":\"https:\\\/\\\/moozapro.com\\\/en\\\/#\\\/schema\\\/logo\\\/image\\\/\"},\"sameAs\":[\"https:\\\/\\\/www.facebook.com\\\/moozabeauty\"]}]}<\/script>\n<!-- \/ Yoast SEO plugin. -->","yoast_head_json":{"title":"Smooth &amp; Shine Spray | Mooza Pro","robots":{"index":"index","follow":"follow","max-snippet":"max-snippet:-1","max-image-preview":"max-image-preview:large","max-video-preview":"max-video-preview:-1"},"canonical":"https:\/\/moozapro.com\/en\/produktas\/smooth-shine-spray\/","og_locale":"en_US","og_type":"article","og_title":"Smooth &amp; Shine Spray | Mooza Pro","og_description":"Softness &amp; Shine Spray &#8211; gives hair a long-lasting, silky smoothness and a reliable gliding effect. Suitable for all hair types, it creates an upswept look without weighing hair down or leaving a greasy residue. It gives the hair an unmistakable shine. Discover the secret to healthy-looking and breathtaking hair! USE Step 1 When you&#8217;ve finished your normal hair care\u2026","og_url":"https:\/\/moozapro.com\/en\/produktas\/smooth-shine-spray\/","og_site_name":"Mooza Pro","article_publisher":"https:\/\/www.facebook.com\/moozabeauty","article_modified_time":"2025-07-29T09:48:36+00:00","og_image":[{"width":712,"height":1200,"url":"https:\/\/moozapro.com\/wp-content\/uploads\/2023\/11\/NEWSHA_Brilliant_Smooth___Shine_Spray_540x910.webp","type":"image\/webp"}],"twitter_card":"summary_large_image","twitter_misc":{"Est. reading time":"1 minute"},"schema":{"@context":"https:\/\/schema.org","@graph":[{"@type":"WebPage","@id":"https:\/\/moozapro.com\/en\/produktas\/smooth-shine-spray\/","url":"https:\/\/moozapro.com\/en\/produktas\/smooth-shine-spray\/","name":"Smooth &amp; Shine Spray | Mooza Pro","isPartOf":{"@id":"https:\/\/moozapro.com\/en\/#website"},"primaryImageOfPage":{"@id":"https:\/\/moozapro.com\/en\/produktas\/smooth-shine-spray\/#primaryimage"},"image":{"@id":"https:\/\/moozapro.com\/en\/produktas\/smooth-shine-spray\/#primaryimage"},"thumbnailUrl":"https:\/\/moozapro.com\/wp-content\/uploads\/2023\/11\/NEWSHA_Brilliant_Smooth___Shine_Spray_540x910.webp","datePublished":"2023-11-13T17:36:50+00:00","dateModified":"2025-07-29T09:48:36+00:00","breadcrumb":{"@id":"https:\/\/moozapro.com\/en\/produktas\/smooth-shine-spray\/#breadcrumb"},"inLanguage":"en-US","potentialAction":[{"@type":"ReadAction","target":["https:\/\/moozapro.com\/en\/produktas\/smooth-shine-spray\/"]}]},{"@type":"ImageObject","inLanguage":"en-US","@id":"https:\/\/moozapro.com\/en\/produktas\/smooth-shine-spray\/#primaryimage","url":"https:\/\/moozapro.com\/wp-content\/uploads\/2023\/11\/NEWSHA_Brilliant_Smooth___Shine_Spray_540x910.webp","contentUrl":"https:\/\/moozapro.com\/wp-content\/uploads\/2023\/11\/NEWSHA_Brilliant_Smooth___Shine_Spray_540x910.webp","width":712,"height":1200},{"@type":"BreadcrumbList","@id":"https:\/\/moozapro.com\/en\/produktas\/smooth-shine-spray\/#breadcrumb","itemListElement":[{"@type":"ListItem","position":1,"name":"Pagrindinis","item":"https:\/\/moozapro.com\/en\/"},{"@type":"ListItem","position":2,"name":"Shop","item":"https:\/\/moozapro.com\/en\/shop-2\/"},{"@type":"ListItem","position":3,"name":"Smooth &amp; Shine Spray"}]},{"@type":"WebSite","@id":"https:\/\/moozapro.com\/en\/#website","url":"https:\/\/moozapro.com\/en\/","name":"Mooza Pro","description":"Priemon\u0117s j\u016bs\u0173 plaukams","publisher":{"@id":"https:\/\/moozapro.com\/en\/#organization"},"potentialAction":[{"@type":"SearchAction","target":{"@type":"EntryPoint","urlTemplate":"https:\/\/moozapro.com\/en\/?s={search_term_string}"},"query-input":{"@type":"PropertyValueSpecification","valueRequired":true,"valueName":"search_term_string"}}],"inLanguage":"en-US"},{"@type":"Organization","@id":"https:\/\/moozapro.com\/en\/#organization","name":"Mooza Pro","url":"https:\/\/moozapro.com\/en\/","logo":{"@type":"ImageObject","inLanguage":"en-US","@id":"https:\/\/moozapro.com\/en\/#\/schema\/logo\/image\/","url":"https:\/\/moozapro.com\/wp-content\/uploads\/2023\/11\/Mooza-Pro-mazas-logo.png","contentUrl":"https:\/\/moozapro.com\/wp-content\/uploads\/2023\/11\/Mooza-Pro-mazas-logo.png","width":250,"height":103,"caption":"Mooza Pro"},"image":{"@id":"https:\/\/moozapro.com\/en\/#\/schema\/logo\/image\/"},"sameAs":["https:\/\/www.facebook.com\/moozabeauty"]}]}},"_links":{"self":[{"href":"https:\/\/moozapro.com\/en\/wp-json\/wp\/v2\/product\/37233","targetHints":{"allow":["GET"]}}],"collection":[{"href":"https:\/\/moozapro.com\/en\/wp-json\/wp\/v2\/product"}],"about":[{"href":"https:\/\/moozapro.com\/en\/wp-json\/wp\/v2\/types\/product"}],"replies":[{"embeddable":true,"href":"https:\/\/moozapro.com\/en\/wp-json\/wp\/v2\/comments?post=37233"}],"version-history":[{"count":1,"href":"https:\/\/moozapro.com\/en\/wp-json\/wp\/v2\/product\/37233\/revisions"}],"predecessor-version":[{"id":37236,"href":"https:\/\/moozapro.com\/en\/wp-json\/wp\/v2\/product\/37233\/revisions\/37236"}],"wp:featuredmedia":[{"embeddable":true,"href":"https:\/\/moozapro.com\/en\/wp-json\/wp\/v2\/media\/37234"}],"wp:attachment":[{"href":"https:\/\/moozapro.com\/en\/wp-json\/wp\/v2\/media?parent=37233"}],"wp:term":[{"taxonomy":"product_brand","embeddable":true,"href":"https:\/\/moozapro.com\/en\/wp-json\/wp\/v2\/product_brand?post=37233"},{"taxonomy":"product_cat","embeddable":true,"href":"https:\/\/moozapro.com\/en\/wp-json\/wp\/v2\/product_cat?post=37233"},{"taxonomy":"product_tag","embeddable":true,"href":"https:\/\/moozapro.com\/en\/wp-json\/wp\/v2\/product_tag?post=37233"}],"curies":[{"name":"wp","href":"https:\/\/api.w.org\/{rel}","templated":true}]}}