{"id":37237,"date":"2025-07-29T12:48:32","date_gmt":"2025-07-29T09:48:32","guid":{"rendered":"https:\/\/moozapro.com\/produktas\/kilauea-matt-styling-paste\/"},"modified":"2025-07-29T12:48:36","modified_gmt":"2025-07-29T09:48:36","slug":"kilauea-matt-styling-paste","status":"publish","type":"product","link":"https:\/\/moozapro.com\/en\/produktas\/kilauea-matt-styling-paste\/","title":{"rendered":"KILAUEA matt styling paste"},"content":{"rendered":"\t\t<div data-elementor-type=\"product-post\" data-elementor-id=\"37237\" class=\"elementor elementor-37237 elementor-20396\" data-elementor-post-type=\"product\">\n\t\t\t\t\t\t<section class=\"elementor-section elementor-top-section elementor-element elementor-element-19c3f264 elementor-section-boxed elementor-section-height-default elementor-section-height-default\" data-id=\"19c3f264\" data-element_type=\"section\" data-e-type=\"section\">\n\t\t\t\t\t\t<div class=\"elementor-container elementor-column-gap-default\">\n\t\t\t\t\t<div class=\"elementor-column elementor-col-50 elementor-top-column elementor-element elementor-element-5ae5ee34 kitify-col-width-auto-no kitify-disable-relative-no\" data-id=\"5ae5ee34\" data-element_type=\"column\" data-e-type=\"column\" data-settings=\"{&quot;background_background&quot;:&quot;classic&quot;}\">\n\t\t\t<div class=\"elementor-widget-wrap elementor-element-populated\">\n\t\t\t\t\t\t<div class=\"elementor-element elementor-element-75467c66 elementor-widget elementor-widget-image\" data-id=\"75467c66\" data-element_type=\"widget\" data-e-type=\"widget\" data-widget_type=\"image.default\">\n\t\t\t\t<div class=\"elementor-widget-container\">\n\t\t\t\t\t\t\t\t\t\t\t\t\t\t\t<img fetchpriority=\"high\" decoding=\"async\" width=\"1707\" height=\"2560\" src=\"https:\/\/moozapro.com\/wp-content\/uploads\/2023\/06\/IMG_5474-scaled.jpg\" class=\"attachment-full size-full wp-image-37239\" alt=\"\" srcset=\"https:\/\/moozapro.com\/wp-content\/uploads\/2023\/06\/IMG_5474-scaled.jpg 1707w, https:\/\/moozapro.com\/wp-content\/uploads\/2023\/06\/IMG_5474-scaled-1000x1500.jpg 1000w, https:\/\/moozapro.com\/wp-content\/uploads\/2023\/06\/IMG_5474-667x1000.jpg 667w, https:\/\/moozapro.com\/wp-content\/uploads\/2023\/06\/IMG_5474-1024x1536.jpg 1024w, https:\/\/moozapro.com\/wp-content\/uploads\/2023\/06\/IMG_5474-1365x2048.jpg 1365w\" sizes=\"(max-width: 1707px) 100vw, 1707px\" \/>\t\t\t\t\t\t\t\t\t\t\t\t\t\t\t<\/div>\n\t\t\t\t<\/div>\n\t\t\t\t\t<\/div>\n\t\t<\/div>\n\t\t\t\t<div class=\"elementor-column elementor-col-50 elementor-top-column elementor-element elementor-element-354dbd3 kitify-col-width-auto-no kitify-disable-relative-no\" data-id=\"354dbd3\" data-element_type=\"column\" data-e-type=\"column\">\n\t\t\t<div class=\"elementor-widget-wrap elementor-element-populated\">\n\t\t\t\t\t\t<div class=\"elementor-element elementor-element-203d18ca elementor-widget elementor-widget-heading\" data-id=\"203d18ca\" data-element_type=\"widget\" data-e-type=\"widget\" data-widget_type=\"heading.default\">\n\t\t\t\t<div class=\"elementor-widget-container\">\n\t\t\t\t\t<h2 class=\"elementor-heading-title elementor-size-default\">A matt styling paste for shaping and fixing all hair types.  <\/h2>\t\t\t\t<\/div>\n\t\t\t\t<\/div>\n\t\t\t\t<div class=\"elementor-element elementor-element-4ffec5a8 elementor-widget-divider--view-line elementor-widget elementor-widget-divider\" data-id=\"4ffec5a8\" data-element_type=\"widget\" data-e-type=\"widget\" data-widget_type=\"divider.default\">\n\t\t\t\t<div class=\"elementor-widget-container\">\n\t\t\t\t\t\t\t<div class=\"elementor-divider\">\n\t\t\t<span class=\"elementor-divider-separator\">\n\t\t\t\t\t\t<\/span>\n\t\t<\/div>\n\t\t\t\t\t\t<\/div>\n\t\t\t\t<\/div>\n\t\t\t\t<div class=\"elementor-element elementor-element-53aa0530 elementor-widget elementor-widget-spacer\" data-id=\"53aa0530\" data-element_type=\"widget\" data-e-type=\"widget\" data-widget_type=\"spacer.default\">\n\t\t\t\t<div class=\"elementor-widget-container\">\n\t\t\t\t\t\t\t<div class=\"elementor-spacer\">\n\t\t\t<div class=\"elementor-spacer-inner\"><\/div>\n\t\t<\/div>\n\t\t\t\t\t\t<\/div>\n\t\t\t\t<\/div>\n\t\t\t\t<div class=\"elementor-element elementor-element-4f005f6f elementor-widget elementor-widget-text-editor\" data-id=\"4f005f6f\" data-element_type=\"widget\" data-e-type=\"widget\" data-widget_type=\"text-editor.default\">\n\t\t\t\t<div class=\"elementor-widget-container\">\n\t\t\t\t\t\t\t\t\t<p>Different shapes and images with one shaping paste.  <\/p><p>Convenient shaping and reshaping with stable fixation.<\/p><ul><li>for shaping wet and dry hair<\/li><li>medium or strong fixation by product volume<\/li><li>easy reformatting during the day.  <\/li><\/ul><p>Capacity: 100ml<\/p><p><span style=\"font-family: georgia, palatino, serif;\"><strong>USE:  <\/strong><\/span><\/p><p>Distribute a small amount of the product on the hair and style it into a hairstyle. For a stable hold, use Molokay Hairspray.   <\/p>\t\t\t\t\t\t\t\t<\/div>\n\t\t\t\t<\/div>\n\t\t\t\t\t<\/div>\n\t\t<\/div>\n\t\t\t\t\t<\/div>\n\t\t<\/section>\n\t\t<div class=\"elementor-element elementor-element-c80b03a e-flex e-con-boxed kitify-col-width-auto-no ignore-docs-style-no kitify-disable-relative-no e-root-container elementor-top-section e-con e-parent\" data-id=\"c80b03a\" data-element_type=\"container\" data-e-type=\"container\">\n\t\t\t\t\t<div class=\"e-con-inner\">\n\t\t\t\t\t<\/div>\n\t\t\t\t<\/div>\n\t\t\t\t<\/div>\n\t\t","protected":false},"excerpt":{"rendered":"<p>A matt styling paste for shaping and fixing all hair types. Different shapes and images with one shaping paste. Convenient shaping and reshaping with stable fixation. for shaping wet and dry hair medium or strong fixation by product volume easy reformatting during the day. Capacity: 100ml USE: Distribute a small amount of the product on the hair and style it\u2026<\/p>\n","protected":false},"featured_media":37238,"comment_status":"open","ping_status":"closed","template":"","meta":[],"product_brand":[],"product_cat":[987,1053],"product_tag":[],"class_list":{"0":"post-37237","1":"product","2":"type-product","3":"status-publish","4":"has-post-thumbnail","6":"product_cat-products-for-men","7":"product_cat-the-inglorious-mariner-en","9":"first","10":"instock","11":"taxable","12":"shipping-taxable","13":"purchasable","14":"product-type-simple"},"yoast_head":"<!-- This site is optimized with the Yoast SEO plugin v27.4 - https:\/\/yoast.com\/product\/yoast-seo-wordpress\/ -->\n<title>KILAUEA matt styling paste | Mooza Pro<\/title>\n<meta name=\"description\" content=\"Matte shaping paste, medium - strong hold and easy reshaping.\" \/>\n<meta name=\"robots\" content=\"index, follow, max-snippet:-1, max-image-preview:large, max-video-preview:-1\" \/>\n<link rel=\"canonical\" href=\"https:\/\/moozapro.com\/en\/produktas\/kilauea-matt-styling-paste\/\" \/>\n<meta property=\"og:locale\" content=\"en_US\" \/>\n<meta property=\"og:type\" content=\"article\" \/>\n<meta property=\"og:title\" content=\"KILAUEA matt styling paste | Mooza Pro\" \/>\n<meta property=\"og:description\" content=\"Matte shaping paste, medium - strong hold and easy reshaping.\" \/>\n<meta property=\"og:url\" content=\"https:\/\/moozapro.com\/en\/produktas\/kilauea-matt-styling-paste\/\" \/>\n<meta property=\"og:site_name\" content=\"Mooza Pro\" \/>\n<meta property=\"article:publisher\" content=\"https:\/\/www.facebook.com\/moozabeauty\" \/>\n<meta property=\"article:modified_time\" content=\"2025-07-29T09:48:36+00:00\" \/>\n<meta property=\"og:image\" content=\"https:\/\/moozapro.com\/wp-content\/uploads\/2023\/06\/IMG_5595-scaled.jpg\" \/>\n\t<meta property=\"og:image:width\" content=\"1707\" \/>\n\t<meta property=\"og:image:height\" content=\"2560\" \/>\n\t<meta property=\"og:image:type\" content=\"image\/jpeg\" \/>\n<meta name=\"twitter:card\" content=\"summary_large_image\" \/>\n<script type=\"application\/ld+json\" class=\"yoast-schema-graph\">{\"@context\":\"https:\\\/\\\/schema.org\",\"@graph\":[{\"@type\":\"WebPage\",\"@id\":\"https:\\\/\\\/moozapro.com\\\/en\\\/produktas\\\/kilauea-matt-styling-paste\\\/\",\"url\":\"https:\\\/\\\/moozapro.com\\\/en\\\/produktas\\\/kilauea-matt-styling-paste\\\/\",\"name\":\"KILAUEA matt styling paste | Mooza Pro\",\"isPartOf\":{\"@id\":\"https:\\\/\\\/moozapro.com\\\/en\\\/#website\"},\"primaryImageOfPage\":{\"@id\":\"https:\\\/\\\/moozapro.com\\\/en\\\/produktas\\\/kilauea-matt-styling-paste\\\/#primaryimage\"},\"image\":{\"@id\":\"https:\\\/\\\/moozapro.com\\\/en\\\/produktas\\\/kilauea-matt-styling-paste\\\/#primaryimage\"},\"thumbnailUrl\":\"https:\\\/\\\/moozapro.com\\\/wp-content\\\/uploads\\\/2023\\\/06\\\/IMG_5595-scaled.jpg\",\"datePublished\":\"2025-07-29T09:48:32+00:00\",\"dateModified\":\"2025-07-29T09:48:36+00:00\",\"description\":\"Matte shaping paste, medium - strong hold and easy reshaping.\",\"breadcrumb\":{\"@id\":\"https:\\\/\\\/moozapro.com\\\/en\\\/produktas\\\/kilauea-matt-styling-paste\\\/#breadcrumb\"},\"inLanguage\":\"en-US\",\"potentialAction\":[{\"@type\":\"ReadAction\",\"target\":[\"https:\\\/\\\/moozapro.com\\\/en\\\/produktas\\\/kilauea-matt-styling-paste\\\/\"]}]},{\"@type\":\"ImageObject\",\"inLanguage\":\"en-US\",\"@id\":\"https:\\\/\\\/moozapro.com\\\/en\\\/produktas\\\/kilauea-matt-styling-paste\\\/#primaryimage\",\"url\":\"https:\\\/\\\/moozapro.com\\\/wp-content\\\/uploads\\\/2023\\\/06\\\/IMG_5595-scaled.jpg\",\"contentUrl\":\"https:\\\/\\\/moozapro.com\\\/wp-content\\\/uploads\\\/2023\\\/06\\\/IMG_5595-scaled.jpg\",\"width\":1707,\"height\":2560},{\"@type\":\"BreadcrumbList\",\"@id\":\"https:\\\/\\\/moozapro.com\\\/en\\\/produktas\\\/kilauea-matt-styling-paste\\\/#breadcrumb\",\"itemListElement\":[{\"@type\":\"ListItem\",\"position\":1,\"name\":\"Pagrindinis\",\"item\":\"https:\\\/\\\/moozapro.com\\\/en\\\/\"},{\"@type\":\"ListItem\",\"position\":2,\"name\":\"Shop\",\"item\":\"https:\\\/\\\/moozapro.com\\\/en\\\/shop-2\\\/\"},{\"@type\":\"ListItem\",\"position\":3,\"name\":\"KILAUEA matt styling paste\"}]},{\"@type\":\"WebSite\",\"@id\":\"https:\\\/\\\/moozapro.com\\\/en\\\/#website\",\"url\":\"https:\\\/\\\/moozapro.com\\\/en\\\/\",\"name\":\"Mooza Pro\",\"description\":\"Priemon\u0117s j\u016bs\u0173 plaukams\",\"publisher\":{\"@id\":\"https:\\\/\\\/moozapro.com\\\/en\\\/#organization\"},\"potentialAction\":[{\"@type\":\"SearchAction\",\"target\":{\"@type\":\"EntryPoint\",\"urlTemplate\":\"https:\\\/\\\/moozapro.com\\\/en\\\/?s={search_term_string}\"},\"query-input\":{\"@type\":\"PropertyValueSpecification\",\"valueRequired\":true,\"valueName\":\"search_term_string\"}}],\"inLanguage\":\"en-US\"},{\"@type\":\"Organization\",\"@id\":\"https:\\\/\\\/moozapro.com\\\/en\\\/#organization\",\"name\":\"Mooza Pro\",\"url\":\"https:\\\/\\\/moozapro.com\\\/en\\\/\",\"logo\":{\"@type\":\"ImageObject\",\"inLanguage\":\"en-US\",\"@id\":\"https:\\\/\\\/moozapro.com\\\/en\\\/#\\\/schema\\\/logo\\\/image\\\/\",\"url\":\"https:\\\/\\\/moozapro.com\\\/wp-content\\\/uploads\\\/2023\\\/11\\\/Mooza-Pro-mazas-logo.png\",\"contentUrl\":\"https:\\\/\\\/moozapro.com\\\/wp-content\\\/uploads\\\/2023\\\/11\\\/Mooza-Pro-mazas-logo.png\",\"width\":250,\"height\":103,\"caption\":\"Mooza Pro\"},\"image\":{\"@id\":\"https:\\\/\\\/moozapro.com\\\/en\\\/#\\\/schema\\\/logo\\\/image\\\/\"},\"sameAs\":[\"https:\\\/\\\/www.facebook.com\\\/moozabeauty\"]}]}<\/script>\n<!-- \/ Yoast SEO plugin. -->","yoast_head_json":{"title":"KILAUEA matt styling paste | Mooza Pro","description":"Matte shaping paste, medium - strong hold and easy reshaping.","robots":{"index":"index","follow":"follow","max-snippet":"max-snippet:-1","max-image-preview":"max-image-preview:large","max-video-preview":"max-video-preview:-1"},"canonical":"https:\/\/moozapro.com\/en\/produktas\/kilauea-matt-styling-paste\/","og_locale":"en_US","og_type":"article","og_title":"KILAUEA matt styling paste | Mooza Pro","og_description":"Matte shaping paste, medium - strong hold and easy reshaping.","og_url":"https:\/\/moozapro.com\/en\/produktas\/kilauea-matt-styling-paste\/","og_site_name":"Mooza Pro","article_publisher":"https:\/\/www.facebook.com\/moozabeauty","article_modified_time":"2025-07-29T09:48:36+00:00","og_image":[{"width":1707,"height":2560,"url":"https:\/\/moozapro.com\/wp-content\/uploads\/2023\/06\/IMG_5595-scaled.jpg","type":"image\/jpeg"}],"twitter_card":"summary_large_image","schema":{"@context":"https:\/\/schema.org","@graph":[{"@type":"WebPage","@id":"https:\/\/moozapro.com\/en\/produktas\/kilauea-matt-styling-paste\/","url":"https:\/\/moozapro.com\/en\/produktas\/kilauea-matt-styling-paste\/","name":"KILAUEA matt styling paste | Mooza Pro","isPartOf":{"@id":"https:\/\/moozapro.com\/en\/#website"},"primaryImageOfPage":{"@id":"https:\/\/moozapro.com\/en\/produktas\/kilauea-matt-styling-paste\/#primaryimage"},"image":{"@id":"https:\/\/moozapro.com\/en\/produktas\/kilauea-matt-styling-paste\/#primaryimage"},"thumbnailUrl":"https:\/\/moozapro.com\/wp-content\/uploads\/2023\/06\/IMG_5595-scaled.jpg","datePublished":"2025-07-29T09:48:32+00:00","dateModified":"2025-07-29T09:48:36+00:00","description":"Matte shaping paste, medium - strong hold and easy reshaping.","breadcrumb":{"@id":"https:\/\/moozapro.com\/en\/produktas\/kilauea-matt-styling-paste\/#breadcrumb"},"inLanguage":"en-US","potentialAction":[{"@type":"ReadAction","target":["https:\/\/moozapro.com\/en\/produktas\/kilauea-matt-styling-paste\/"]}]},{"@type":"ImageObject","inLanguage":"en-US","@id":"https:\/\/moozapro.com\/en\/produktas\/kilauea-matt-styling-paste\/#primaryimage","url":"https:\/\/moozapro.com\/wp-content\/uploads\/2023\/06\/IMG_5595-scaled.jpg","contentUrl":"https:\/\/moozapro.com\/wp-content\/uploads\/2023\/06\/IMG_5595-scaled.jpg","width":1707,"height":2560},{"@type":"BreadcrumbList","@id":"https:\/\/moozapro.com\/en\/produktas\/kilauea-matt-styling-paste\/#breadcrumb","itemListElement":[{"@type":"ListItem","position":1,"name":"Pagrindinis","item":"https:\/\/moozapro.com\/en\/"},{"@type":"ListItem","position":2,"name":"Shop","item":"https:\/\/moozapro.com\/en\/shop-2\/"},{"@type":"ListItem","position":3,"name":"KILAUEA matt styling paste"}]},{"@type":"WebSite","@id":"https:\/\/moozapro.com\/en\/#website","url":"https:\/\/moozapro.com\/en\/","name":"Mooza Pro","description":"Priemon\u0117s j\u016bs\u0173 plaukams","publisher":{"@id":"https:\/\/moozapro.com\/en\/#organization"},"potentialAction":[{"@type":"SearchAction","target":{"@type":"EntryPoint","urlTemplate":"https:\/\/moozapro.com\/en\/?s={search_term_string}"},"query-input":{"@type":"PropertyValueSpecification","valueRequired":true,"valueName":"search_term_string"}}],"inLanguage":"en-US"},{"@type":"Organization","@id":"https:\/\/moozapro.com\/en\/#organization","name":"Mooza Pro","url":"https:\/\/moozapro.com\/en\/","logo":{"@type":"ImageObject","inLanguage":"en-US","@id":"https:\/\/moozapro.com\/en\/#\/schema\/logo\/image\/","url":"https:\/\/moozapro.com\/wp-content\/uploads\/2023\/11\/Mooza-Pro-mazas-logo.png","contentUrl":"https:\/\/moozapro.com\/wp-content\/uploads\/2023\/11\/Mooza-Pro-mazas-logo.png","width":250,"height":103,"caption":"Mooza Pro"},"image":{"@id":"https:\/\/moozapro.com\/en\/#\/schema\/logo\/image\/"},"sameAs":["https:\/\/www.facebook.com\/moozabeauty"]}]}},"_links":{"self":[{"href":"https:\/\/moozapro.com\/en\/wp-json\/wp\/v2\/product\/37237","targetHints":{"allow":["GET"]}}],"collection":[{"href":"https:\/\/moozapro.com\/en\/wp-json\/wp\/v2\/product"}],"about":[{"href":"https:\/\/moozapro.com\/en\/wp-json\/wp\/v2\/types\/product"}],"replies":[{"embeddable":true,"href":"https:\/\/moozapro.com\/en\/wp-json\/wp\/v2\/comments?post=37237"}],"version-history":[{"count":1,"href":"https:\/\/moozapro.com\/en\/wp-json\/wp\/v2\/product\/37237\/revisions"}],"predecessor-version":[{"id":37240,"href":"https:\/\/moozapro.com\/en\/wp-json\/wp\/v2\/product\/37237\/revisions\/37240"}],"wp:featuredmedia":[{"embeddable":true,"href":"https:\/\/moozapro.com\/en\/wp-json\/wp\/v2\/media\/37238"}],"wp:attachment":[{"href":"https:\/\/moozapro.com\/en\/wp-json\/wp\/v2\/media?parent=37237"}],"wp:term":[{"taxonomy":"product_brand","embeddable":true,"href":"https:\/\/moozapro.com\/en\/wp-json\/wp\/v2\/product_brand?post=37237"},{"taxonomy":"product_cat","embeddable":true,"href":"https:\/\/moozapro.com\/en\/wp-json\/wp\/v2\/product_cat?post=37237"},{"taxonomy":"product_tag","embeddable":true,"href":"https:\/\/moozapro.com\/en\/wp-json\/wp\/v2\/product_tag?post=37237"}],"curies":[{"name":"wp","href":"https:\/\/api.w.org\/{rel}","templated":true}]}}