{"id":37400,"date":"2025-07-29T12:49:33","date_gmt":"2025-07-29T09:49:33","guid":{"rendered":"https:\/\/moozapro.com\/produktas\/jawa-hair-beard-and-body-soap\/"},"modified":"2025-07-29T12:49:35","modified_gmt":"2025-07-29T09:49:35","slug":"jawa-hair-beard-and-body-soap","status":"publish","type":"product","link":"https:\/\/moozapro.com\/en\/produktas\/jawa-hair-beard-and-body-soap\/","title":{"rendered":"&#8221; JAWA&#8221; &#8211; hair, beard and body soap"},"content":{"rendered":"\t\t<div data-elementor-type=\"product-post\" data-elementor-id=\"37400\" class=\"elementor elementor-37400 elementor-17122\" data-elementor-post-type=\"product\">\n\t\t\t\t\t\t<section class=\"elementor-section elementor-top-section elementor-element elementor-element-60124979 elementor-section-boxed elementor-section-height-default elementor-section-height-default\" data-id=\"60124979\" data-element_type=\"section\" data-e-type=\"section\">\n\t\t\t\t\t\t<div class=\"elementor-container elementor-column-gap-default\">\n\t\t\t\t\t<div class=\"elementor-column elementor-col-50 elementor-top-column elementor-element elementor-element-3314e73c kitify-col-width-auto-no kitify-disable-relative-no\" data-id=\"3314e73c\" data-element_type=\"column\" data-e-type=\"column\" data-settings=\"{&quot;background_background&quot;:&quot;classic&quot;}\">\n\t\t\t<div class=\"elementor-widget-wrap elementor-element-populated\">\n\t\t\t\t\t\t<div class=\"elementor-element elementor-element-1f7b469 elementor-widget elementor-widget-image\" data-id=\"1f7b469\" data-element_type=\"widget\" data-e-type=\"widget\" data-widget_type=\"image.default\">\n\t\t\t\t<div class=\"elementor-widget-container\">\n\t\t\t\t\t\t\t\t\t\t\t\t\t\t\t<img fetchpriority=\"high\" decoding=\"async\" width=\"2560\" height=\"1707\" src=\"https:\/\/moozapro.com\/wp-content\/uploads\/2022\/08\/IMG_1616-1-scaled.jpg\" class=\"attachment-full size-full wp-image-37402\" alt=\"Universalus muilas vyrams\" srcset=\"https:\/\/moozapro.com\/wp-content\/uploads\/2022\/08\/IMG_1616-1-scaled.jpg 2560w, https:\/\/moozapro.com\/wp-content\/uploads\/2022\/08\/IMG_1616-1-1000x667.jpg 1000w, https:\/\/moozapro.com\/wp-content\/uploads\/2022\/08\/IMG_1616-1-750x500.jpg 750w, https:\/\/moozapro.com\/wp-content\/uploads\/2022\/08\/IMG_1616-1-1536x1024.jpg 1536w, https:\/\/moozapro.com\/wp-content\/uploads\/2022\/08\/IMG_1616-1-2048x1365.jpg 2048w\" sizes=\"(max-width: 2560px) 100vw, 2560px\" \/>\t\t\t\t\t\t\t\t\t\t\t\t\t\t\t<\/div>\n\t\t\t\t<\/div>\n\t\t\t\t\t<\/div>\n\t\t<\/div>\n\t\t\t\t<div class=\"elementor-column elementor-col-50 elementor-top-column elementor-element elementor-element-649643c kitify-col-width-auto-no kitify-disable-relative-no\" data-id=\"649643c\" data-element_type=\"column\" data-e-type=\"column\">\n\t\t\t<div class=\"elementor-widget-wrap elementor-element-populated\">\n\t\t\t\t\t\t<div class=\"elementor-element elementor-element-3b80f3e2 elementor-widget elementor-widget-heading\" data-id=\"3b80f3e2\" data-element_type=\"widget\" data-e-type=\"widget\" data-widget_type=\"heading.default\">\n\t\t\t\t<div class=\"elementor-widget-container\">\n\t\t\t\t\t<h2 class=\"elementor-heading-title elementor-size-default\">Universal soap for men. Suitable for beard, hair and body. <\/h2>\t\t\t\t<\/div>\n\t\t\t\t<\/div>\n\t\t\t\t<div class=\"elementor-element elementor-element-6b63c374 elementor-widget-divider--view-line elementor-widget elementor-widget-divider\" data-id=\"6b63c374\" data-element_type=\"widget\" data-e-type=\"widget\" data-widget_type=\"divider.default\">\n\t\t\t\t<div class=\"elementor-widget-container\">\n\t\t\t\t\t\t\t<div class=\"elementor-divider\">\n\t\t\t<span class=\"elementor-divider-separator\">\n\t\t\t\t\t\t<\/span>\n\t\t<\/div>\n\t\t\t\t\t\t<\/div>\n\t\t\t\t<\/div>\n\t\t\t\t<div class=\"elementor-element elementor-element-5b005401 elementor-widget elementor-widget-spacer\" data-id=\"5b005401\" data-element_type=\"widget\" data-e-type=\"widget\" data-widget_type=\"spacer.default\">\n\t\t\t\t<div class=\"elementor-widget-container\">\n\t\t\t\t\t\t\t<div class=\"elementor-spacer\">\n\t\t\t<div class=\"elementor-spacer-inner\"><\/div>\n\t\t<\/div>\n\t\t\t\t\t\t<\/div>\n\t\t\t\t<\/div>\n\t\t\t\t<div class=\"elementor-element elementor-element-24c98592 elementor-widget elementor-widget-text-editor\" data-id=\"24c98592\" data-element_type=\"widget\" data-e-type=\"widget\" data-widget_type=\"text-editor.default\">\n\t\t\t\t<div class=\"elementor-widget-container\">\n\t\t\t\t\t\t\t\t\t<p>One product, but different uses. Soap contains natural oils that will keep your skin and hair moisturised, nourished and protected from external factors.   <\/p><p><strong>The result:<\/strong> visibly shiny and soft hair, moisturised skin.  <\/p><p> <\/p><p>Just one product in your bath.<\/p><p><strong>Use:<\/strong> Soap moistened in warm water can be used to wash both hair, body and beard.<\/p>\t\t\t\t\t\t\t\t<\/div>\n\t\t\t\t<\/div>\n\t\t\t\t\t<\/div>\n\t\t<\/div>\n\t\t\t\t\t<\/div>\n\t\t<\/section>\n\t\t\t\t<\/div>\n\t\t","protected":false},"excerpt":{"rendered":"<p>Universal soap for men. Suitable for beard, hair and body. One product, but different uses. Soap contains natural oils that will keep your skin and hair moisturised, nourished and protected from external factors. The result: visibly shiny and soft hair, moisturised skin. Just one product in your bath. Use: Soap moistened in warm water can be used to wash both\u2026<\/p>\n","protected":false},"featured_media":37401,"comment_status":"open","ping_status":"closed","template":"","meta":[],"product_brand":[],"product_cat":[987,948,1053],"product_tag":[],"class_list":{"0":"post-37400","1":"product","2":"type-product","3":"status-publish","4":"has-post-thumbnail","6":"product_cat-products-for-men","7":"product_cat-shampoos","8":"product_cat-the-inglorious-mariner-en","10":"first","11":"instock","12":"taxable","13":"shipping-taxable","14":"purchasable","15":"product-type-simple"},"yoast_head":"<!-- This site is optimized with the Yoast SEO plugin v27.4 - https:\/\/yoast.com\/product\/yoast-seo-wordpress\/ -->\n<title>&quot; JAWA&quot; - hair, beard and body soap | Mooza Pro<\/title>\n<meta name=\"description\" content=\"An all-purpose soap for men, suitable for beard, hair and body. The main notes of the soap are sandalwood oil.\" \/>\n<meta name=\"robots\" content=\"index, follow, max-snippet:-1, max-image-preview:large, max-video-preview:-1\" \/>\n<link rel=\"canonical\" href=\"https:\/\/moozapro.com\/en\/produktas\/jawa-hair-beard-and-body-soap\/\" \/>\n<meta property=\"og:locale\" content=\"en_US\" \/>\n<meta property=\"og:type\" content=\"article\" \/>\n<meta property=\"og:title\" content=\"&quot; JAWA&quot; - hair, beard and body soap | Mooza Pro\" \/>\n<meta property=\"og:description\" content=\"An all-purpose soap for men, suitable for beard, hair and body. The main notes of the soap are sandalwood oil.\" \/>\n<meta property=\"og:url\" content=\"https:\/\/moozapro.com\/en\/produktas\/jawa-hair-beard-and-body-soap\/\" \/>\n<meta property=\"og:site_name\" content=\"Mooza Pro\" \/>\n<meta property=\"article:publisher\" content=\"https:\/\/www.facebook.com\/moozabeauty\" \/>\n<meta property=\"article:modified_time\" content=\"2025-07-29T09:49:35+00:00\" \/>\n<meta property=\"og:image\" content=\"https:\/\/moozapro.com\/wp-content\/uploads\/2022\/08\/IMG_1626-2-scaled.jpg\" \/>\n\t<meta property=\"og:image:width\" content=\"2560\" \/>\n\t<meta property=\"og:image:height\" content=\"1707\" \/>\n\t<meta property=\"og:image:type\" content=\"image\/jpeg\" \/>\n<meta name=\"twitter:card\" content=\"summary_large_image\" \/>\n<script type=\"application\/ld+json\" class=\"yoast-schema-graph\">{\"@context\":\"https:\\\/\\\/schema.org\",\"@graph\":[{\"@type\":\"WebPage\",\"@id\":\"https:\\\/\\\/moozapro.com\\\/en\\\/produktas\\\/jawa-hair-beard-and-body-soap\\\/\",\"url\":\"https:\\\/\\\/moozapro.com\\\/en\\\/produktas\\\/jawa-hair-beard-and-body-soap\\\/\",\"name\":\"\\\" JAWA\\\" - hair, beard and body soap | Mooza Pro\",\"isPartOf\":{\"@id\":\"https:\\\/\\\/moozapro.com\\\/en\\\/#website\"},\"primaryImageOfPage\":{\"@id\":\"https:\\\/\\\/moozapro.com\\\/en\\\/produktas\\\/jawa-hair-beard-and-body-soap\\\/#primaryimage\"},\"image\":{\"@id\":\"https:\\\/\\\/moozapro.com\\\/en\\\/produktas\\\/jawa-hair-beard-and-body-soap\\\/#primaryimage\"},\"thumbnailUrl\":\"https:\\\/\\\/moozapro.com\\\/wp-content\\\/uploads\\\/2022\\\/08\\\/IMG_1626-2-scaled.jpg\",\"datePublished\":\"2025-07-29T09:49:33+00:00\",\"dateModified\":\"2025-07-29T09:49:35+00:00\",\"description\":\"An all-purpose soap for men, suitable for beard, hair and body. The main notes of the soap are sandalwood oil.\",\"breadcrumb\":{\"@id\":\"https:\\\/\\\/moozapro.com\\\/en\\\/produktas\\\/jawa-hair-beard-and-body-soap\\\/#breadcrumb\"},\"inLanguage\":\"en-US\",\"potentialAction\":[{\"@type\":\"ReadAction\",\"target\":[\"https:\\\/\\\/moozapro.com\\\/en\\\/produktas\\\/jawa-hair-beard-and-body-soap\\\/\"]}]},{\"@type\":\"ImageObject\",\"inLanguage\":\"en-US\",\"@id\":\"https:\\\/\\\/moozapro.com\\\/en\\\/produktas\\\/jawa-hair-beard-and-body-soap\\\/#primaryimage\",\"url\":\"https:\\\/\\\/moozapro.com\\\/wp-content\\\/uploads\\\/2022\\\/08\\\/IMG_1626-2-scaled.jpg\",\"contentUrl\":\"https:\\\/\\\/moozapro.com\\\/wp-content\\\/uploads\\\/2022\\\/08\\\/IMG_1626-2-scaled.jpg\",\"width\":2560,\"height\":1707,\"caption\":\"universalus muilas vyrams\"},{\"@type\":\"BreadcrumbList\",\"@id\":\"https:\\\/\\\/moozapro.com\\\/en\\\/produktas\\\/jawa-hair-beard-and-body-soap\\\/#breadcrumb\",\"itemListElement\":[{\"@type\":\"ListItem\",\"position\":1,\"name\":\"Pagrindinis\",\"item\":\"https:\\\/\\\/moozapro.com\\\/en\\\/\"},{\"@type\":\"ListItem\",\"position\":2,\"name\":\"Shop\",\"item\":\"https:\\\/\\\/moozapro.com\\\/en\\\/shop-2\\\/\"},{\"@type\":\"ListItem\",\"position\":3,\"name\":\"\\\" JAWA\\\" - hair, beard and body soap\"}]},{\"@type\":\"WebSite\",\"@id\":\"https:\\\/\\\/moozapro.com\\\/en\\\/#website\",\"url\":\"https:\\\/\\\/moozapro.com\\\/en\\\/\",\"name\":\"Mooza Pro\",\"description\":\"Priemon\u0117s j\u016bs\u0173 plaukams\",\"publisher\":{\"@id\":\"https:\\\/\\\/moozapro.com\\\/en\\\/#organization\"},\"potentialAction\":[{\"@type\":\"SearchAction\",\"target\":{\"@type\":\"EntryPoint\",\"urlTemplate\":\"https:\\\/\\\/moozapro.com\\\/en\\\/?s={search_term_string}\"},\"query-input\":{\"@type\":\"PropertyValueSpecification\",\"valueRequired\":true,\"valueName\":\"search_term_string\"}}],\"inLanguage\":\"en-US\"},{\"@type\":\"Organization\",\"@id\":\"https:\\\/\\\/moozapro.com\\\/en\\\/#organization\",\"name\":\"Mooza Pro\",\"url\":\"https:\\\/\\\/moozapro.com\\\/en\\\/\",\"logo\":{\"@type\":\"ImageObject\",\"inLanguage\":\"en-US\",\"@id\":\"https:\\\/\\\/moozapro.com\\\/en\\\/#\\\/schema\\\/logo\\\/image\\\/\",\"url\":\"https:\\\/\\\/moozapro.com\\\/wp-content\\\/uploads\\\/2023\\\/11\\\/Mooza-Pro-mazas-logo.png\",\"contentUrl\":\"https:\\\/\\\/moozapro.com\\\/wp-content\\\/uploads\\\/2023\\\/11\\\/Mooza-Pro-mazas-logo.png\",\"width\":250,\"height\":103,\"caption\":\"Mooza Pro\"},\"image\":{\"@id\":\"https:\\\/\\\/moozapro.com\\\/en\\\/#\\\/schema\\\/logo\\\/image\\\/\"},\"sameAs\":[\"https:\\\/\\\/www.facebook.com\\\/moozabeauty\"]}]}<\/script>\n<!-- \/ Yoast SEO plugin. -->","yoast_head_json":{"title":"\" JAWA\" - hair, beard and body soap | Mooza Pro","description":"An all-purpose soap for men, suitable for beard, hair and body. The main notes of the soap are sandalwood oil.","robots":{"index":"index","follow":"follow","max-snippet":"max-snippet:-1","max-image-preview":"max-image-preview:large","max-video-preview":"max-video-preview:-1"},"canonical":"https:\/\/moozapro.com\/en\/produktas\/jawa-hair-beard-and-body-soap\/","og_locale":"en_US","og_type":"article","og_title":"\" JAWA\" - hair, beard and body soap | Mooza Pro","og_description":"An all-purpose soap for men, suitable for beard, hair and body. The main notes of the soap are sandalwood oil.","og_url":"https:\/\/moozapro.com\/en\/produktas\/jawa-hair-beard-and-body-soap\/","og_site_name":"Mooza Pro","article_publisher":"https:\/\/www.facebook.com\/moozabeauty","article_modified_time":"2025-07-29T09:49:35+00:00","og_image":[{"width":2560,"height":1707,"url":"https:\/\/moozapro.com\/wp-content\/uploads\/2022\/08\/IMG_1626-2-scaled.jpg","type":"image\/jpeg"}],"twitter_card":"summary_large_image","schema":{"@context":"https:\/\/schema.org","@graph":[{"@type":"WebPage","@id":"https:\/\/moozapro.com\/en\/produktas\/jawa-hair-beard-and-body-soap\/","url":"https:\/\/moozapro.com\/en\/produktas\/jawa-hair-beard-and-body-soap\/","name":"\" JAWA\" - hair, beard and body soap | Mooza Pro","isPartOf":{"@id":"https:\/\/moozapro.com\/en\/#website"},"primaryImageOfPage":{"@id":"https:\/\/moozapro.com\/en\/produktas\/jawa-hair-beard-and-body-soap\/#primaryimage"},"image":{"@id":"https:\/\/moozapro.com\/en\/produktas\/jawa-hair-beard-and-body-soap\/#primaryimage"},"thumbnailUrl":"https:\/\/moozapro.com\/wp-content\/uploads\/2022\/08\/IMG_1626-2-scaled.jpg","datePublished":"2025-07-29T09:49:33+00:00","dateModified":"2025-07-29T09:49:35+00:00","description":"An all-purpose soap for men, suitable for beard, hair and body. The main notes of the soap are sandalwood oil.","breadcrumb":{"@id":"https:\/\/moozapro.com\/en\/produktas\/jawa-hair-beard-and-body-soap\/#breadcrumb"},"inLanguage":"en-US","potentialAction":[{"@type":"ReadAction","target":["https:\/\/moozapro.com\/en\/produktas\/jawa-hair-beard-and-body-soap\/"]}]},{"@type":"ImageObject","inLanguage":"en-US","@id":"https:\/\/moozapro.com\/en\/produktas\/jawa-hair-beard-and-body-soap\/#primaryimage","url":"https:\/\/moozapro.com\/wp-content\/uploads\/2022\/08\/IMG_1626-2-scaled.jpg","contentUrl":"https:\/\/moozapro.com\/wp-content\/uploads\/2022\/08\/IMG_1626-2-scaled.jpg","width":2560,"height":1707,"caption":"universalus muilas vyrams"},{"@type":"BreadcrumbList","@id":"https:\/\/moozapro.com\/en\/produktas\/jawa-hair-beard-and-body-soap\/#breadcrumb","itemListElement":[{"@type":"ListItem","position":1,"name":"Pagrindinis","item":"https:\/\/moozapro.com\/en\/"},{"@type":"ListItem","position":2,"name":"Shop","item":"https:\/\/moozapro.com\/en\/shop-2\/"},{"@type":"ListItem","position":3,"name":"\" JAWA\" - hair, beard and body soap"}]},{"@type":"WebSite","@id":"https:\/\/moozapro.com\/en\/#website","url":"https:\/\/moozapro.com\/en\/","name":"Mooza Pro","description":"Priemon\u0117s j\u016bs\u0173 plaukams","publisher":{"@id":"https:\/\/moozapro.com\/en\/#organization"},"potentialAction":[{"@type":"SearchAction","target":{"@type":"EntryPoint","urlTemplate":"https:\/\/moozapro.com\/en\/?s={search_term_string}"},"query-input":{"@type":"PropertyValueSpecification","valueRequired":true,"valueName":"search_term_string"}}],"inLanguage":"en-US"},{"@type":"Organization","@id":"https:\/\/moozapro.com\/en\/#organization","name":"Mooza Pro","url":"https:\/\/moozapro.com\/en\/","logo":{"@type":"ImageObject","inLanguage":"en-US","@id":"https:\/\/moozapro.com\/en\/#\/schema\/logo\/image\/","url":"https:\/\/moozapro.com\/wp-content\/uploads\/2023\/11\/Mooza-Pro-mazas-logo.png","contentUrl":"https:\/\/moozapro.com\/wp-content\/uploads\/2023\/11\/Mooza-Pro-mazas-logo.png","width":250,"height":103,"caption":"Mooza Pro"},"image":{"@id":"https:\/\/moozapro.com\/en\/#\/schema\/logo\/image\/"},"sameAs":["https:\/\/www.facebook.com\/moozabeauty"]}]}},"_links":{"self":[{"href":"https:\/\/moozapro.com\/en\/wp-json\/wp\/v2\/product\/37400","targetHints":{"allow":["GET"]}}],"collection":[{"href":"https:\/\/moozapro.com\/en\/wp-json\/wp\/v2\/product"}],"about":[{"href":"https:\/\/moozapro.com\/en\/wp-json\/wp\/v2\/types\/product"}],"replies":[{"embeddable":true,"href":"https:\/\/moozapro.com\/en\/wp-json\/wp\/v2\/comments?post=37400"}],"version-history":[{"count":1,"href":"https:\/\/moozapro.com\/en\/wp-json\/wp\/v2\/product\/37400\/revisions"}],"predecessor-version":[{"id":37403,"href":"https:\/\/moozapro.com\/en\/wp-json\/wp\/v2\/product\/37400\/revisions\/37403"}],"wp:featuredmedia":[{"embeddable":true,"href":"https:\/\/moozapro.com\/en\/wp-json\/wp\/v2\/media\/37401"}],"wp:attachment":[{"href":"https:\/\/moozapro.com\/en\/wp-json\/wp\/v2\/media?parent=37400"}],"wp:term":[{"taxonomy":"product_brand","embeddable":true,"href":"https:\/\/moozapro.com\/en\/wp-json\/wp\/v2\/product_brand?post=37400"},{"taxonomy":"product_cat","embeddable":true,"href":"https:\/\/moozapro.com\/en\/wp-json\/wp\/v2\/product_cat?post=37400"},{"taxonomy":"product_tag","embeddable":true,"href":"https:\/\/moozapro.com\/en\/wp-json\/wp\/v2\/product_tag?post=37400"}],"curies":[{"name":"wp","href":"https:\/\/api.w.org\/{rel}","templated":true}]}}