{"id":40466,"date":"2025-08-21T22:28:09","date_gmt":"2025-08-21T19:28:09","guid":{"rendered":"https:\/\/moozapro.com\/produktas\/mooza-rinseless-conditioner\/"},"modified":"2026-04-21T14:43:07","modified_gmt":"2026-04-21T11:43:07","slug":"mooza-rinseless-conditioner","status":"publish","type":"product","link":"https:\/\/moozapro.com\/en\/produktas\/mooza-rinseless-conditioner\/","title":{"rendered":"Mooza rinseless conditioner"},"content":{"rendered":"\t\t<div data-elementor-type=\"product-post\" data-elementor-id=\"40466\" class=\"elementor elementor-40466 elementor-40448\" data-elementor-post-type=\"product\">\n\t\t\t\t<div class=\"elementor-element elementor-element-78dc44d9 e-flex e-con-boxed kitify-col-width-auto-no ignore-docs-style-no kitify-disable-relative-no e-root-container elementor-top-section e-con e-parent\" data-id=\"78dc44d9\" data-element_type=\"container\" data-e-type=\"container\">\n\t\t\t\t\t<div class=\"e-con-inner\">\n\t\t<div class=\"elementor-element elementor-element-99e7546 e-con-full e-flex kitify-col-width-auto-no ignore-docs-style-no kitify-disable-relative-no e-con e-child\" data-id=\"99e7546\" data-element_type=\"container\" data-e-type=\"container\" data-settings=\"{&quot;background_background&quot;:&quot;classic&quot;}\">\n\t\t\t\t<div class=\"elementor-element elementor-element-7c73daac elementor-widget elementor-widget-image\" data-id=\"7c73daac\" data-element_type=\"widget\" data-e-type=\"widget\" data-widget_type=\"image.default\">\n\t\t\t\t<div class=\"elementor-widget-container\">\n\t\t\t\t\t\t\t\t\t\t\t\t\t\t\t<img fetchpriority=\"high\" decoding=\"async\" width=\"1707\" height=\"2560\" src=\"https:\/\/moozapro.com\/wp-content\/uploads\/2025\/08\/IMG_6350-scaled.png\" class=\"attachment-full size-full wp-image-40452\" alt=\"\" srcset=\"https:\/\/moozapro.com\/wp-content\/uploads\/2025\/08\/IMG_6350-scaled.png 1707w, https:\/\/moozapro.com\/wp-content\/uploads\/2025\/08\/IMG_6350-667x1000.png 667w, https:\/\/moozapro.com\/wp-content\/uploads\/2025\/08\/IMG_6350-1024x1536.png 1024w, https:\/\/moozapro.com\/wp-content\/uploads\/2025\/08\/IMG_6350-1365x2048.png 1365w, https:\/\/moozapro.com\/wp-content\/uploads\/2025\/08\/IMG_6350-1000x1500.png 1000w\" sizes=\"(max-width: 1707px) 100vw, 1707px\" \/>\t\t\t\t\t\t\t\t\t\t\t\t\t\t\t<\/div>\n\t\t\t\t<\/div>\n\t\t\t\t<\/div>\n\t\t<div class=\"elementor-element elementor-element-4113e0ce e-con-full e-flex kitify-col-width-auto-no ignore-docs-style-no kitify-disable-relative-no e-con e-child\" data-id=\"4113e0ce\" data-element_type=\"container\" data-e-type=\"container\">\n\t\t\t\t<div class=\"elementor-element elementor-element-6c7de681 elementor-widget elementor-widget-heading\" data-id=\"6c7de681\" data-element_type=\"widget\" data-e-type=\"widget\" data-widget_type=\"heading.default\">\n\t\t\t\t<div class=\"elementor-widget-container\">\n\t\t\t\t\t<h2 class=\"elementor-heading-title elementor-size-default\">NEW Mooza Rinseless Conditioner, for all hair types, creates a light hair care routine.<\/h2>\t\t\t\t<\/div>\n\t\t\t\t<\/div>\n\t\t\t\t<div class=\"elementor-element elementor-element-20177dea elementor-widget-divider--view-line elementor-widget elementor-widget-divider\" data-id=\"20177dea\" data-element_type=\"widget\" data-e-type=\"widget\" data-widget_type=\"divider.default\">\n\t\t\t\t<div class=\"elementor-widget-container\">\n\t\t\t\t\t\t\t<div class=\"elementor-divider\">\n\t\t\t<span class=\"elementor-divider-separator\">\n\t\t\t\t\t\t<\/span>\n\t\t<\/div>\n\t\t\t\t\t\t<\/div>\n\t\t\t\t<\/div>\n\t\t\t\t<div class=\"elementor-element elementor-element-f6a9ea elementor-widget elementor-widget-spacer\" data-id=\"f6a9ea\" data-element_type=\"widget\" data-e-type=\"widget\" data-widget_type=\"spacer.default\">\n\t\t\t\t<div class=\"elementor-widget-container\">\n\t\t\t\t\t\t\t<div class=\"elementor-spacer\">\n\t\t\t<div class=\"elementor-spacer-inner\"><\/div>\n\t\t<\/div>\n\t\t\t\t\t\t<\/div>\n\t\t\t\t<\/div>\n\t\t\t\t<div class=\"elementor-element elementor-element-76617b86 elementor-widget elementor-widget-text-editor\" data-id=\"76617b86\" data-element_type=\"widget\" data-e-type=\"widget\" data-widget_type=\"text-editor.default\">\n\t\t\t\t<div class=\"elementor-widget-container\">\n\t\t\t\t\t\t\t\t\t<p>The result is easily and quickly relaxed and detangled, even on wet hair. Smoothness without heaviness. Shine and elasticity.  <\/p><p><strong>The result:<\/strong> visibly stronger, healthier and renewed hair.<\/p><p>&#8211; Allows you to comb even wet hair<\/p><p>-it intensely moisturises the hair<\/p><p>&#8211; Protects against dryer heat<\/p><p>-Gives softness and healthy shine<\/p>\t\t\t\t\t\t\t\t<\/div>\n\t\t\t\t<\/div>\n\t\t\t\t<\/div>\n\t\t\t\t\t<\/div>\n\t\t\t\t<\/div>\n\t\t<div class=\"elementor-element elementor-element-634d3ca6 e-flex e-con-boxed kitify-col-width-auto-no ignore-docs-style-no kitify-disable-relative-no e-root-container elementor-top-section e-con e-parent\" data-id=\"634d3ca6\" data-element_type=\"container\" data-e-type=\"container\">\n\t\t\t\t\t<div class=\"e-con-inner\">\n\t\t<div class=\"elementor-element elementor-element-4b545baa e-con-full e-flex kitify-col-width-auto-no ignore-docs-style-no kitify-disable-relative-no e-con e-child\" data-id=\"4b545baa\" data-element_type=\"container\" data-e-type=\"container\">\n\t\t\t\t<div class=\"elementor-element elementor-element-592a73d2 elementor-widget elementor-widget-heading\" data-id=\"592a73d2\" data-element_type=\"widget\" data-e-type=\"widget\" data-widget_type=\"heading.default\">\n\t\t\t\t<div class=\"elementor-widget-container\">\n\t\t\t\t\t<h2 class=\"elementor-heading-title elementor-size-default\">Use of  <\/h2>\t\t\t\t<\/div>\n\t\t\t\t<\/div>\n\t\t\t\t<div class=\"elementor-element elementor-element-3424f416 elementor-widget-divider--view-line elementor-widget elementor-widget-divider\" data-id=\"3424f416\" data-element_type=\"widget\" data-e-type=\"widget\" data-widget_type=\"divider.default\">\n\t\t\t\t<div class=\"elementor-widget-container\">\n\t\t\t\t\t\t\t<div class=\"elementor-divider\">\n\t\t\t<span class=\"elementor-divider-separator\">\n\t\t\t\t\t\t<\/span>\n\t\t<\/div>\n\t\t\t\t\t\t<\/div>\n\t\t\t\t<\/div>\n\t\t\t\t<div class=\"elementor-element elementor-element-680991fe elementor-widget elementor-widget-spacer\" data-id=\"680991fe\" data-element_type=\"widget\" data-e-type=\"widget\" data-widget_type=\"spacer.default\">\n\t\t\t\t<div class=\"elementor-widget-container\">\n\t\t\t\t\t\t\t<div class=\"elementor-spacer\">\n\t\t\t<div class=\"elementor-spacer-inner\"><\/div>\n\t\t<\/div>\n\t\t\t\t\t\t<\/div>\n\t\t\t\t<\/div>\n\t\t\t\t<div class=\"elementor-element elementor-element-354b11f0 elementor-widget elementor-widget-text-editor\" data-id=\"354b11f0\" data-element_type=\"widget\" data-e-type=\"widget\" data-widget_type=\"text-editor.default\">\n\t\t\t\t<div class=\"elementor-widget-container\">\n\t\t\t\t\t\t\t\t\t<p>Use after each wash on towel-dried hair, spray directly or in the palm of the hand and distribute on the hair through the lengths and tips, avoiding the skin.  <\/p><p>The number of clicks is individually determined by hair type, length, dryness and the desired result.  <\/p><p>Can be used on dry hair after blow-drying as a finishing product for extra shine, scent and hold.  <\/p><p>It can also be used on dry hair as a light moisturising treatment when styling hair after a night out.<\/p><p> <\/p>\t\t\t\t\t\t\t\t<\/div>\n\t\t\t\t<\/div>\n\t\t\t\t<div class=\"elementor-element elementor-element-2d376b54 elementor-widget elementor-widget-spacer\" data-id=\"2d376b54\" data-element_type=\"widget\" data-e-type=\"widget\" data-widget_type=\"spacer.default\">\n\t\t\t\t<div class=\"elementor-widget-container\">\n\t\t\t\t\t\t\t<div class=\"elementor-spacer\">\n\t\t\t<div class=\"elementor-spacer-inner\"><\/div>\n\t\t<\/div>\n\t\t\t\t\t\t<\/div>\n\t\t\t\t<\/div>\n\t\t\t\t<\/div>\n\t\t<div class=\"elementor-element elementor-element-9dd366f e-con-full e-flex kitify-col-width-auto-no ignore-docs-style-no kitify-disable-relative-no e-con e-child\" data-id=\"9dd366f\" data-element_type=\"container\" data-e-type=\"container\">\n\t\t\t\t<div class=\"elementor-element elementor-element-675dd0de elementor-widget elementor-widget-image\" data-id=\"675dd0de\" data-element_type=\"widget\" data-e-type=\"widget\" data-widget_type=\"image.default\">\n\t\t\t\t<div class=\"elementor-widget-container\">\n\t\t\t\t\t\t\t\t\t\t\t\t\t\t\t<img decoding=\"async\" src=\"https:\/\/moozapro.com\/wp-content\/uploads\/2025\/08\/Ieva-reklaminis-galutinis.mp4\" title=\"\" alt=\"\" loading=\"lazy\" \/>\t\t\t\t\t\t\t\t\t\t\t\t\t\t\t<\/div>\n\t\t\t\t<\/div>\n\t\t\t\t<\/div>\n\t\t\t\t\t<\/div>\n\t\t\t\t<\/div>\n\t\t<div class=\"elementor-element elementor-element-7d70828 e-flex e-con-boxed kitify-col-width-auto-no ignore-docs-style-no kitify-disable-relative-no e-root-container elementor-top-section e-con e-parent\" data-id=\"7d70828\" data-element_type=\"container\" data-e-type=\"container\">\n\t\t\t\t\t<div class=\"e-con-inner\">\n\t\t<div class=\"elementor-element elementor-element-1a81d66 e-con-full e-flex kitify-col-width-auto-no ignore-docs-style-no kitify-disable-relative-no e-con e-child\" data-id=\"1a81d66\" data-element_type=\"container\" data-e-type=\"container\">\n\t\t\t\t<div class=\"elementor-element elementor-element-9d292e5 elementor-widget-tablet__width-initial elementor-widget elementor-widget-image\" data-id=\"9d292e5\" data-element_type=\"widget\" data-e-type=\"widget\" data-widget_type=\"image.default\">\n\t\t\t\t<div class=\"elementor-widget-container\">\n\t\t\t\t\t\t\t\t\t\t\t\t\t\t\t<img decoding=\"async\" src=\"https:\/\/moozapro.com\/wp-content\/uploads\/2025\/08\/IMG_6382-1.png\" class=\"attachment-full size-full wp-image-40491\" alt=\"\" \/>\t\t\t\t\t\t\t\t\t\t\t\t\t\t\t<\/div>\n\t\t\t\t<\/div>\n\t\t\t\t<div class=\"elementor-element elementor-element-6971b2a elementor-widget elementor-widget-spacer\" data-id=\"6971b2a\" data-element_type=\"widget\" data-e-type=\"widget\" data-widget_type=\"spacer.default\">\n\t\t\t\t<div class=\"elementor-widget-container\">\n\t\t\t\t\t\t\t<div class=\"elementor-spacer\">\n\t\t\t<div class=\"elementor-spacer-inner\"><\/div>\n\t\t<\/div>\n\t\t\t\t\t\t<\/div>\n\t\t\t\t<\/div>\n\t\t\t\t<div class=\"elementor-element elementor-element-66fc2c2 elementor-widget elementor-widget-heading\" data-id=\"66fc2c2\" data-element_type=\"widget\" data-e-type=\"widget\" data-widget_type=\"heading.default\">\n\t\t\t\t<div class=\"elementor-widget-container\">\n\t\t\t\t\t<h2 class=\"elementor-heading-title elementor-size-default\">Ingredients<\/h2>\t\t\t\t<\/div>\n\t\t\t\t<\/div>\n\t\t\t\t<div class=\"elementor-element elementor-element-54ec44d elementor-widget-divider--view-line elementor-widget elementor-widget-divider\" data-id=\"54ec44d\" data-element_type=\"widget\" data-e-type=\"widget\" data-widget_type=\"divider.default\">\n\t\t\t\t<div class=\"elementor-widget-container\">\n\t\t\t\t\t\t\t<div class=\"elementor-divider\">\n\t\t\t<span class=\"elementor-divider-separator\">\n\t\t\t\t\t\t<\/span>\n\t\t<\/div>\n\t\t\t\t\t\t<\/div>\n\t\t\t\t<\/div>\n\t\t\t\t<div class=\"elementor-element elementor-element-b76c603 elementor-widget elementor-widget-text-editor\" data-id=\"b76c603\" data-element_type=\"widget\" data-e-type=\"widget\" data-widget_type=\"text-editor.default\">\n\t\t\t\t<div class=\"elementor-widget-container\">\n\t\t\t\t\t\t\t\t\t<p data-start=\"209\" data-end=\"288\"><strong data-start=\"209\" data-end=\"227\">Water<\/strong> &#8211; a solvent, the base in which other substances dissolve.<\/p><p data-start=\"291\" data-end=\"400\"><strong data-start=\"291\" data-end=\"311\">Cetearyl alcohol<\/strong> &#8211; fatty alcohol, gives a creamy texture, softens the hair, gives slipperiness.<\/p><p data-start=\"403\" data-end=\"546\"><strong data-start=\"403\" data-end=\"463\">Vitis vinifera (grape) seed oil<\/strong> &#8211; lightweight, nourishing, shiny, moisturising and anti-frizz.<\/p><p data-start=\"549\" data-end=\"655\"><strong data-start=\"549\" data-end=\"572\">Phenyl trimethicone<\/strong> &#8211; silicone, gives softness, prevents moisture loss and smoothes hair.<\/p><p data-start=\"658\" data-end=\"765\"><strong data-start=\"658\" data-end=\"685\">Behentrimonium chloride<\/strong> &#8211; conditioning agent, reduces frizz, helps detangling<\/p><p data-start=\"658\" data-end=\"765\"><strong data-start=\"823\" data-end=\"881\">Hydrolyzed rice protein<\/strong> &#8211; strengthens the hair structure, increases volume and elasticity.<\/p><p><strong data-start=\"952\" data-end=\"983\">Panthenol (provitamin B5)<\/strong> &#8211; moisturises, thickens hair, gives shine.<\/p><p><strong data-start=\"1035\" data-end=\"1071\">Tocopheryl acetate (vitamin E)<\/strong> &#8211; antioxidant, protects against the damaging effects of the environment, nourishes hair and scalp.<\/p><p data-start=\"1473\" data-end=\"1581\"><strong data-start=\"1473\" data-end=\"1506\">Citric acid<\/strong> &#8211; regulates pH, keeping hair and skin closer to their natural balance<\/p><p data-start=\"1473\" data-end=\"1581\">Water, Cetearyl alcohol, Vitis vinifera (Grape) seed oil, Phenyl trimethicone, Behentrimonium chloride, Hydrolyzed rice protein, Panthenol, Tocopheryl acetate, Lauryl glucoside, Sodium lauryl glucose carboxylate, Fragrance, Cetrimonium chloride, Citric acid, Sodium benzoate, Potassium sorbate, Phenoxyethanol, Isopropyl alcohol, Ethylhexylglycerin, Hexamethylindanopyran, Tetramethyl acetyloctahydronaphthalenes, Linalyl acetate, Dimethyl phenethyl acetate<\/p>\t\t\t\t\t\t\t\t<\/div>\n\t\t\t\t<\/div>\n\t\t\t\t<div class=\"elementor-element elementor-element-f9c27cb elementor-widget elementor-widget-spacer\" data-id=\"f9c27cb\" data-element_type=\"widget\" data-e-type=\"widget\" data-widget_type=\"spacer.default\">\n\t\t\t\t<div class=\"elementor-widget-container\">\n\t\t\t\t\t\t\t<div class=\"elementor-spacer\">\n\t\t\t<div class=\"elementor-spacer-inner\"><\/div>\n\t\t<\/div>\n\t\t\t\t\t\t<\/div>\n\t\t\t\t<\/div>\n\t\t\t\t<\/div>\n\t\t\t\t\t<\/div>\n\t\t\t\t<\/div>\n\t\t\t\t<\/div>\n\t\t","protected":false},"excerpt":{"rendered":"<p>NEW Mooza Rinseless Conditioner, for all hair types, creates a light hair care routine. The result is easily and quickly relaxed and detangled, even on wet hair. Smoothness without heaviness. Shine and elasticity. The result: visibly stronger, healthier and renewed hair. &#8211; Allows you to comb even wet hair -it intensely moisturises the hair &#8211; Protects against dryer heat -Gives\u2026<\/p>\n","protected":false},"featured_media":40452,"comment_status":"open","ping_status":"closed","template":"","meta":[],"product_brand":[],"product_cat":[961,941,956,953,985,962,1003,957,969,952],"product_tag":[],"class_list":{"0":"post-40466","1":"product","2":"type-product","3":"status-publish","4":"has-post-thumbnail","6":"product_cat-curly-hair","7":"product_cat-damaged-hair-structure","8":"product_cat-dry-sensitive-skin","9":"product_cat-fat-skin","10":"product_cat-hair-care","11":"product_cat-hair-loss-baldness","12":"product_cat-leaving-air-conditioners-behind","13":"product_cat-normal-skin","14":"product_cat-straight-hair","15":"product_cat-wavy-blown-hair","16":"yith_product_brand-mooza","18":"first","19":"instock","20":"taxable","21":"shipping-taxable","22":"purchasable","23":"product-type-variable","24":"has-default-attributes"},"yoast_head":"<!-- This site is optimized with the Yoast SEO plugin v27.4 - https:\/\/yoast.com\/product\/yoast-seo-wordpress\/ -->\n<title>Mooza rinseless conditioner | Mooza Pro<\/title>\n<meta name=\"robots\" content=\"index, follow, max-snippet:-1, max-image-preview:large, max-video-preview:-1\" \/>\n<link rel=\"canonical\" href=\"https:\/\/moozapro.com\/en\/produktas\/mooza-rinseless-conditioner\/\" \/>\n<meta property=\"og:locale\" content=\"en_US\" \/>\n<meta property=\"og:type\" content=\"article\" \/>\n<meta property=\"og:title\" content=\"Mooza rinseless conditioner | Mooza Pro\" \/>\n<meta property=\"og:description\" content=\"NEW Mooza Rinseless Conditioner, for all hair types, creates a light hair care routine. The result is easily and quickly relaxed and detangled, even on wet hair. Smoothness without heaviness. Shine and elasticity. The result: visibly stronger, healthier and renewed hair. &#8211; Allows you to comb even wet hair -it intensely moisturises the hair &#8211; Protects against dryer heat -Gives\u2026\" \/>\n<meta property=\"og:url\" content=\"https:\/\/moozapro.com\/en\/produktas\/mooza-rinseless-conditioner\/\" \/>\n<meta property=\"og:site_name\" content=\"Mooza Pro\" \/>\n<meta property=\"article:publisher\" content=\"https:\/\/www.facebook.com\/moozabeauty\" \/>\n<meta property=\"article:modified_time\" content=\"2026-04-21T11:43:07+00:00\" \/>\n<meta property=\"og:image\" content=\"https:\/\/moozapro.com\/wp-content\/uploads\/2025\/08\/IMG_6350-667x1000.png\" \/>\n\t<meta property=\"og:image:width\" content=\"667\" \/>\n\t<meta property=\"og:image:height\" content=\"1000\" \/>\n\t<meta property=\"og:image:type\" content=\"image\/png\" \/>\n<meta name=\"twitter:card\" content=\"summary_large_image\" \/>\n<meta name=\"twitter:label1\" content=\"Est. reading time\" \/>\n\t<meta name=\"twitter:data1\" content=\"2 minutes\" \/>\n<script type=\"application\/ld+json\" class=\"yoast-schema-graph\">{\"@context\":\"https:\\\/\\\/schema.org\",\"@graph\":[{\"@type\":\"WebPage\",\"@id\":\"https:\\\/\\\/moozapro.com\\\/en\\\/produktas\\\/mooza-rinseless-conditioner\\\/\",\"url\":\"https:\\\/\\\/moozapro.com\\\/en\\\/produktas\\\/mooza-rinseless-conditioner\\\/\",\"name\":\"Mooza rinseless conditioner | Mooza Pro\",\"isPartOf\":{\"@id\":\"https:\\\/\\\/moozapro.com\\\/en\\\/#website\"},\"primaryImageOfPage\":{\"@id\":\"https:\\\/\\\/moozapro.com\\\/en\\\/produktas\\\/mooza-rinseless-conditioner\\\/#primaryimage\"},\"image\":{\"@id\":\"https:\\\/\\\/moozapro.com\\\/en\\\/produktas\\\/mooza-rinseless-conditioner\\\/#primaryimage\"},\"thumbnailUrl\":\"https:\\\/\\\/moozapro.com\\\/wp-content\\\/uploads\\\/2025\\\/08\\\/IMG_6350-scaled.png\",\"datePublished\":\"2025-08-21T19:28:09+00:00\",\"dateModified\":\"2026-04-21T11:43:07+00:00\",\"breadcrumb\":{\"@id\":\"https:\\\/\\\/moozapro.com\\\/en\\\/produktas\\\/mooza-rinseless-conditioner\\\/#breadcrumb\"},\"inLanguage\":\"en-US\",\"potentialAction\":[{\"@type\":\"ReadAction\",\"target\":[\"https:\\\/\\\/moozapro.com\\\/en\\\/produktas\\\/mooza-rinseless-conditioner\\\/\"]}]},{\"@type\":\"ImageObject\",\"inLanguage\":\"en-US\",\"@id\":\"https:\\\/\\\/moozapro.com\\\/en\\\/produktas\\\/mooza-rinseless-conditioner\\\/#primaryimage\",\"url\":\"https:\\\/\\\/moozapro.com\\\/wp-content\\\/uploads\\\/2025\\\/08\\\/IMG_6350-scaled.png\",\"contentUrl\":\"https:\\\/\\\/moozapro.com\\\/wp-content\\\/uploads\\\/2025\\\/08\\\/IMG_6350-scaled.png\",\"width\":1707,\"height\":2560},{\"@type\":\"BreadcrumbList\",\"@id\":\"https:\\\/\\\/moozapro.com\\\/en\\\/produktas\\\/mooza-rinseless-conditioner\\\/#breadcrumb\",\"itemListElement\":[{\"@type\":\"ListItem\",\"position\":1,\"name\":\"Pagrindinis\",\"item\":\"https:\\\/\\\/moozapro.com\\\/en\\\/\"},{\"@type\":\"ListItem\",\"position\":2,\"name\":\"Shop\",\"item\":\"https:\\\/\\\/moozapro.com\\\/en\\\/shop-2\\\/\"},{\"@type\":\"ListItem\",\"position\":3,\"name\":\"Mooza rinseless conditioner\"}]},{\"@type\":\"WebSite\",\"@id\":\"https:\\\/\\\/moozapro.com\\\/en\\\/#website\",\"url\":\"https:\\\/\\\/moozapro.com\\\/en\\\/\",\"name\":\"Mooza Pro\",\"description\":\"Priemon\u0117s j\u016bs\u0173 plaukams\",\"publisher\":{\"@id\":\"https:\\\/\\\/moozapro.com\\\/en\\\/#organization\"},\"potentialAction\":[{\"@type\":\"SearchAction\",\"target\":{\"@type\":\"EntryPoint\",\"urlTemplate\":\"https:\\\/\\\/moozapro.com\\\/en\\\/?s={search_term_string}\"},\"query-input\":{\"@type\":\"PropertyValueSpecification\",\"valueRequired\":true,\"valueName\":\"search_term_string\"}}],\"inLanguage\":\"en-US\"},{\"@type\":\"Organization\",\"@id\":\"https:\\\/\\\/moozapro.com\\\/en\\\/#organization\",\"name\":\"Mooza Pro\",\"url\":\"https:\\\/\\\/moozapro.com\\\/en\\\/\",\"logo\":{\"@type\":\"ImageObject\",\"inLanguage\":\"en-US\",\"@id\":\"https:\\\/\\\/moozapro.com\\\/en\\\/#\\\/schema\\\/logo\\\/image\\\/\",\"url\":\"https:\\\/\\\/moozapro.com\\\/wp-content\\\/uploads\\\/2023\\\/11\\\/Mooza-Pro-mazas-logo.png\",\"contentUrl\":\"https:\\\/\\\/moozapro.com\\\/wp-content\\\/uploads\\\/2023\\\/11\\\/Mooza-Pro-mazas-logo.png\",\"width\":250,\"height\":103,\"caption\":\"Mooza Pro\"},\"image\":{\"@id\":\"https:\\\/\\\/moozapro.com\\\/en\\\/#\\\/schema\\\/logo\\\/image\\\/\"},\"sameAs\":[\"https:\\\/\\\/www.facebook.com\\\/moozabeauty\"]}]}<\/script>\n<!-- \/ Yoast SEO plugin. -->","yoast_head_json":{"title":"Mooza rinseless conditioner | Mooza Pro","robots":{"index":"index","follow":"follow","max-snippet":"max-snippet:-1","max-image-preview":"max-image-preview:large","max-video-preview":"max-video-preview:-1"},"canonical":"https:\/\/moozapro.com\/en\/produktas\/mooza-rinseless-conditioner\/","og_locale":"en_US","og_type":"article","og_title":"Mooza rinseless conditioner | Mooza Pro","og_description":"NEW Mooza Rinseless Conditioner, for all hair types, creates a light hair care routine. The result is easily and quickly relaxed and detangled, even on wet hair. Smoothness without heaviness. Shine and elasticity. The result: visibly stronger, healthier and renewed hair. &#8211; Allows you to comb even wet hair -it intensely moisturises the hair &#8211; Protects against dryer heat -Gives\u2026","og_url":"https:\/\/moozapro.com\/en\/produktas\/mooza-rinseless-conditioner\/","og_site_name":"Mooza Pro","article_publisher":"https:\/\/www.facebook.com\/moozabeauty","article_modified_time":"2026-04-21T11:43:07+00:00","og_image":[{"width":667,"height":1000,"url":"https:\/\/moozapro.com\/wp-content\/uploads\/2025\/08\/IMG_6350-667x1000.png","type":"image\/png"}],"twitter_card":"summary_large_image","twitter_misc":{"Est. reading time":"2 minutes"},"schema":{"@context":"https:\/\/schema.org","@graph":[{"@type":"WebPage","@id":"https:\/\/moozapro.com\/en\/produktas\/mooza-rinseless-conditioner\/","url":"https:\/\/moozapro.com\/en\/produktas\/mooza-rinseless-conditioner\/","name":"Mooza rinseless conditioner | Mooza Pro","isPartOf":{"@id":"https:\/\/moozapro.com\/en\/#website"},"primaryImageOfPage":{"@id":"https:\/\/moozapro.com\/en\/produktas\/mooza-rinseless-conditioner\/#primaryimage"},"image":{"@id":"https:\/\/moozapro.com\/en\/produktas\/mooza-rinseless-conditioner\/#primaryimage"},"thumbnailUrl":"https:\/\/moozapro.com\/wp-content\/uploads\/2025\/08\/IMG_6350-scaled.png","datePublished":"2025-08-21T19:28:09+00:00","dateModified":"2026-04-21T11:43:07+00:00","breadcrumb":{"@id":"https:\/\/moozapro.com\/en\/produktas\/mooza-rinseless-conditioner\/#breadcrumb"},"inLanguage":"en-US","potentialAction":[{"@type":"ReadAction","target":["https:\/\/moozapro.com\/en\/produktas\/mooza-rinseless-conditioner\/"]}]},{"@type":"ImageObject","inLanguage":"en-US","@id":"https:\/\/moozapro.com\/en\/produktas\/mooza-rinseless-conditioner\/#primaryimage","url":"https:\/\/moozapro.com\/wp-content\/uploads\/2025\/08\/IMG_6350-scaled.png","contentUrl":"https:\/\/moozapro.com\/wp-content\/uploads\/2025\/08\/IMG_6350-scaled.png","width":1707,"height":2560},{"@type":"BreadcrumbList","@id":"https:\/\/moozapro.com\/en\/produktas\/mooza-rinseless-conditioner\/#breadcrumb","itemListElement":[{"@type":"ListItem","position":1,"name":"Pagrindinis","item":"https:\/\/moozapro.com\/en\/"},{"@type":"ListItem","position":2,"name":"Shop","item":"https:\/\/moozapro.com\/en\/shop-2\/"},{"@type":"ListItem","position":3,"name":"Mooza rinseless conditioner"}]},{"@type":"WebSite","@id":"https:\/\/moozapro.com\/en\/#website","url":"https:\/\/moozapro.com\/en\/","name":"Mooza Pro","description":"Priemon\u0117s j\u016bs\u0173 plaukams","publisher":{"@id":"https:\/\/moozapro.com\/en\/#organization"},"potentialAction":[{"@type":"SearchAction","target":{"@type":"EntryPoint","urlTemplate":"https:\/\/moozapro.com\/en\/?s={search_term_string}"},"query-input":{"@type":"PropertyValueSpecification","valueRequired":true,"valueName":"search_term_string"}}],"inLanguage":"en-US"},{"@type":"Organization","@id":"https:\/\/moozapro.com\/en\/#organization","name":"Mooza Pro","url":"https:\/\/moozapro.com\/en\/","logo":{"@type":"ImageObject","inLanguage":"en-US","@id":"https:\/\/moozapro.com\/en\/#\/schema\/logo\/image\/","url":"https:\/\/moozapro.com\/wp-content\/uploads\/2023\/11\/Mooza-Pro-mazas-logo.png","contentUrl":"https:\/\/moozapro.com\/wp-content\/uploads\/2023\/11\/Mooza-Pro-mazas-logo.png","width":250,"height":103,"caption":"Mooza Pro"},"image":{"@id":"https:\/\/moozapro.com\/en\/#\/schema\/logo\/image\/"},"sameAs":["https:\/\/www.facebook.com\/moozabeauty"]}]}},"_links":{"self":[{"href":"https:\/\/moozapro.com\/en\/wp-json\/wp\/v2\/product\/40466","targetHints":{"allow":["GET"]}}],"collection":[{"href":"https:\/\/moozapro.com\/en\/wp-json\/wp\/v2\/product"}],"about":[{"href":"https:\/\/moozapro.com\/en\/wp-json\/wp\/v2\/types\/product"}],"replies":[{"embeddable":true,"href":"https:\/\/moozapro.com\/en\/wp-json\/wp\/v2\/comments?post=40466"}],"version-history":[{"count":4,"href":"https:\/\/moozapro.com\/en\/wp-json\/wp\/v2\/product\/40466\/revisions"}],"predecessor-version":[{"id":41124,"href":"https:\/\/moozapro.com\/en\/wp-json\/wp\/v2\/product\/40466\/revisions\/41124"}],"wp:featuredmedia":[{"embeddable":true,"href":"https:\/\/moozapro.com\/en\/wp-json\/wp\/v2\/media\/40452"}],"wp:attachment":[{"href":"https:\/\/moozapro.com\/en\/wp-json\/wp\/v2\/media?parent=40466"}],"wp:term":[{"taxonomy":"product_brand","embeddable":true,"href":"https:\/\/moozapro.com\/en\/wp-json\/wp\/v2\/product_brand?post=40466"},{"taxonomy":"product_cat","embeddable":true,"href":"https:\/\/moozapro.com\/en\/wp-json\/wp\/v2\/product_cat?post=40466"},{"taxonomy":"product_tag","embeddable":true,"href":"https:\/\/moozapro.com\/en\/wp-json\/wp\/v2\/product_tag?post=40466"}],"curies":[{"name":"wp","href":"https:\/\/api.w.org\/{rel}","templated":true}]}}