{"id":40982,"date":"2025-12-30T13:33:02","date_gmt":"2025-12-30T11:33:02","guid":{"rendered":"https:\/\/moozapro.com\/produktas\/mooza-shampoo-for-normal-skin\/"},"modified":"2026-01-25T11:43:39","modified_gmt":"2026-01-25T09:43:39","slug":"mooza-shampoo-for-normal-skin","status":"publish","type":"product","link":"https:\/\/moozapro.com\/en\/produktas\/mooza-shampoo-for-normal-skin\/","title":{"rendered":"Mooza shampoo for normal skin"},"content":{"rendered":"\t\t<div data-elementor-type=\"product-post\" data-elementor-id=\"40982\" class=\"elementor elementor-40982 elementor-40969\" data-elementor-post-type=\"product\">\n\t\t\t\t<div class=\"elementor-element elementor-element-65b9102d e-flex e-con-boxed kitify-col-width-auto-no ignore-docs-style-no kitify-disable-relative-no e-root-container elementor-top-section e-con e-parent\" data-id=\"65b9102d\" data-element_type=\"container\">\n\t\t\t\t\t<div class=\"e-con-inner\">\n\t\t<div class=\"elementor-element elementor-element-5530598a e-con-full e-flex kitify-col-width-auto-no ignore-docs-style-no kitify-disable-relative-no e-con e-child\" data-id=\"5530598a\" data-element_type=\"container\" data-settings=\"{&quot;background_background&quot;:&quot;classic&quot;}\">\n\t\t\t\t<div class=\"elementor-element elementor-element-3a7c47d0 elementor-widget elementor-widget-image\" data-id=\"3a7c47d0\" data-element_type=\"widget\" data-widget_type=\"image.default\">\n\t\t\t\t<div class=\"elementor-widget-container\">\n\t\t\t\t\t\t\t\t\t\t\t\t\t\t\t<img fetchpriority=\"high\" decoding=\"async\" width=\"1707\" height=\"2560\" src=\"https:\/\/moozapro.com\/wp-content\/uploads\/2025\/12\/IMG_8087-scaled.jpg\" class=\"attachment-full size-full wp-image-41000\" alt=\"\" srcset=\"https:\/\/moozapro.com\/wp-content\/uploads\/2025\/12\/IMG_8087-scaled.jpg 1707w, https:\/\/moozapro.com\/wp-content\/uploads\/2025\/12\/IMG_8087-667x1000.jpg 667w, https:\/\/moozapro.com\/wp-content\/uploads\/2025\/12\/IMG_8087-1024x1536.jpg 1024w, https:\/\/moozapro.com\/wp-content\/uploads\/2025\/12\/IMG_8087-1365x2048.jpg 1365w, https:\/\/moozapro.com\/wp-content\/uploads\/2025\/12\/IMG_8087-1000x1500.jpg 1000w\" sizes=\"(max-width: 1707px) 100vw, 1707px\" \/>\t\t\t\t\t\t\t\t\t\t\t\t\t\t\t<\/div>\n\t\t\t\t<\/div>\n\t\t\t\t<\/div>\n\t\t<div class=\"elementor-element elementor-element-40126399 e-con-full e-flex kitify-col-width-auto-no ignore-docs-style-no kitify-disable-relative-no e-con e-child\" data-id=\"40126399\" data-element_type=\"container\">\n\t\t\t\t<div class=\"elementor-element elementor-element-23dfba8c elementor-widget elementor-widget-heading\" data-id=\"23dfba8c\" data-element_type=\"widget\" data-widget_type=\"heading.default\">\n\t\t\t\t<div class=\"elementor-widget-container\">\n\t\t\t\t\t<h2 class=\"elementor-heading-title elementor-size-default\">Universal shampoo for normal\/sensitive scalp. Suitable for daily use for the whole family.   <\/h2>\t\t\t\t<\/div>\n\t\t\t\t<\/div>\n\t\t\t\t<div class=\"elementor-element elementor-element-62512dce elementor-widget-divider--view-line elementor-widget elementor-widget-divider\" data-id=\"62512dce\" data-element_type=\"widget\" data-widget_type=\"divider.default\">\n\t\t\t\t<div class=\"elementor-widget-container\">\n\t\t\t\t\t\t\t<div class=\"elementor-divider\">\n\t\t\t<span class=\"elementor-divider-separator\">\n\t\t\t\t\t\t<\/span>\n\t\t<\/div>\n\t\t\t\t\t\t<\/div>\n\t\t\t\t<\/div>\n\t\t\t\t<div class=\"elementor-element elementor-element-274525ef elementor-widget elementor-widget-spacer\" data-id=\"274525ef\" data-element_type=\"widget\" data-widget_type=\"spacer.default\">\n\t\t\t\t<div class=\"elementor-widget-container\">\n\t\t\t\t\t\t\t<div class=\"elementor-spacer\">\n\t\t\t<div class=\"elementor-spacer-inner\"><\/div>\n\t\t<\/div>\n\t\t\t\t\t\t<\/div>\n\t\t\t\t<\/div>\n\t\t\t\t<div class=\"elementor-element elementor-element-6af846c6 elementor-widget elementor-widget-text-editor\" data-id=\"6af846c6\" data-element_type=\"widget\" data-widget_type=\"text-editor.default\">\n\t\t\t\t<div class=\"elementor-widget-container\">\n\t\t\t\t\t\t\t\t\t<p data-start=\"1372\" data-end=\"1445\">Function:<\/p><p data-start=\"1372\" data-end=\"1445\">\u2714\ufe0f Gently cleanses<br data-start=\"1388\" data-end=\"1391\">\u2714\ufe0f Moisturises<br data-start=\"1401\" data-end=\"1404\">\u2714\ufe0f Soothes<br data-start=\"1413\" data-end=\"1416\">\u2714\ufe0f Does not damage the skin barrier<\/p><p data-start=\"1447\" data-end=\"1606\">Suitable for <strong data-start=\"1453\" data-end=\"1491\">normal, dry and sensitive skin<\/strong> as well as for daily use.  <\/p><p>USE: Massage the product into the skin during each wash, repeat twice. After rinsing, apply the Mooza mask.   <\/p>\t\t\t\t\t\t\t\t<\/div>\n\t\t\t\t<\/div>\n\t\t\t\t<\/div>\n\t\t\t\t\t<\/div>\n\t\t\t\t<\/div>\n\t\t<div class=\"elementor-element elementor-element-263e9cc6 e-flex e-con-boxed kitify-col-width-auto-no ignore-docs-style-no kitify-disable-relative-no e-root-container elementor-top-section e-con e-parent\" data-id=\"263e9cc6\" data-element_type=\"container\">\n\t\t\t\t\t<div class=\"e-con-inner\">\n\t\t<div class=\"elementor-element elementor-element-6b1b065c e-con-full e-flex kitify-col-width-auto-no ignore-docs-style-no kitify-disable-relative-no e-con e-child\" data-id=\"6b1b065c\" data-element_type=\"container\">\n\t\t\t\t<div class=\"elementor-element elementor-element-7e092399 elementor-widget elementor-widget-heading\" data-id=\"7e092399\" data-element_type=\"widget\" data-widget_type=\"heading.default\">\n\t\t\t\t<div class=\"elementor-widget-container\">\n\t\t\t\t\t<h2 class=\"elementor-heading-title elementor-size-default\">Composition and effects<\/h2>\t\t\t\t<\/div>\n\t\t\t\t<\/div>\n\t\t\t\t<div class=\"elementor-element elementor-element-184a0a74 elementor-widget-divider--view-line elementor-widget elementor-widget-divider\" data-id=\"184a0a74\" data-element_type=\"widget\" data-widget_type=\"divider.default\">\n\t\t\t\t<div class=\"elementor-widget-container\">\n\t\t\t\t\t\t\t<div class=\"elementor-divider\">\n\t\t\t<span class=\"elementor-divider-separator\">\n\t\t\t\t\t\t<\/span>\n\t\t<\/div>\n\t\t\t\t\t\t<\/div>\n\t\t\t\t<\/div>\n\t\t\t\t<div class=\"elementor-element elementor-element-78ed943 elementor-widget elementor-widget-spacer\" data-id=\"78ed943\" data-element_type=\"widget\" data-widget_type=\"spacer.default\">\n\t\t\t\t<div class=\"elementor-widget-container\">\n\t\t\t\t\t\t\t<div class=\"elementor-spacer\">\n\t\t\t<div class=\"elementor-spacer-inner\"><\/div>\n\t\t<\/div>\n\t\t\t\t\t\t<\/div>\n\t\t\t\t<\/div>\n\t\t\t\t<div class=\"elementor-element elementor-element-4adf998b elementor-widget elementor-widget-text-editor\" data-id=\"4adf998b\" data-element_type=\"widget\" data-widget_type=\"text-editor.default\">\n\t\t\t\t<div class=\"elementor-widget-container\">\n\t\t\t\t\t\t\t\t\t<p data-start=\"172\" data-end=\"289\">Main ingredients and their effects.<\/p><p data-start=\"191\" data-end=\"276\"><strong data-start=\"191\" data-end=\"221\">Sodium Lauroyl Sarcosinate<\/strong> &#8211; a gentle cleanser that cleanses without damaging the skin barrier.<\/p><p data-start=\"278\" data-end=\"381\"><strong data-start=\"278\" data-end=\"306\">Sodium Lauroyl Glutamate<\/strong> &#8211; a very mild, amino acid-based cleanser suitable for sensitive skin.<\/p><p data-start=\"383\" data-end=\"462\"><strong data-start=\"383\" data-end=\"409\">Cocamidopropyl Betaine<\/strong> &#8211; a mild foaming cleanser that reduces irritation.<\/p><p data-start=\"464\" data-end=\"545\"><strong data-start=\"464\" data-end=\"495\">Lactic Acid<\/strong> &#8211; lightly exfoliates, moisturises and maintains the skin&#8217;s pH.<\/p><p data-start=\"547\" data-end=\"619\"><strong data-start=\"547\" data-end=\"572\">Glycerin<\/strong> &#8211; a strong moisturiser, attracts water to the skin.<\/p><p data-start=\"621\" data-end=\"685\"><strong data-start=\"621\" data-end=\"634\">Laureth-2<\/strong> &#8211; helps dissolve grease and dirt, gentle.<\/p><p data-start=\"687\" data-end=\"754\"><strong data-start=\"687\" data-end=\"718\">PEG-90 Glyceryl Isostearate<\/strong> &#8211; emulsifier, stabilises the formula.<\/p><p data-start=\"756\" data-end=\"818\"><strong data-start=\"756\" data-end=\"783\">Hydrolyzed Rice Protein<\/strong> &#8211; moisturises and smooths the skin.<\/p><p data-start=\"820\" data-end=\"909\"><strong data-start=\"820\" data-end=\"851\">Panthenol (provitamin B5)<\/strong> &#8211; soothes, promotes skin renewal, reduces irritation.<\/p><p data-start=\"820\" data-end=\"909\">Aqua, Sodium lauroyl sarcosinate, Sodium lauroyl glutamate, Cocamidopropyl betaine, Lactic acid, Glycerin, Laureth-2, PEG-90 glyceryl isostearate, Hydrolysed rice protein, Panthenol, Parfum, Polyquaternium-10, Myristyl lactate, Citric acid, Sodium benzoate, Potassium sorbate, Ethylhexylglycerin, Phenoxyethanol, Linalyl acetate, Tetramethyl acetyloctahydronaphthalenes, Acetylcedrene<\/p><p data-start=\"961\" data-end=\"1029\"> <\/p>\t\t\t\t\t\t\t\t<\/div>\n\t\t\t\t<\/div>\n\t\t\t\t<div class=\"elementor-element elementor-element-2afcd198 elementor-widget elementor-widget-spacer\" data-id=\"2afcd198\" data-element_type=\"widget\" data-widget_type=\"spacer.default\">\n\t\t\t\t<div class=\"elementor-widget-container\">\n\t\t\t\t\t\t\t<div class=\"elementor-spacer\">\n\t\t\t<div class=\"elementor-spacer-inner\"><\/div>\n\t\t<\/div>\n\t\t\t\t\t\t<\/div>\n\t\t\t\t<\/div>\n\t\t\t\t<\/div>\n\t\t<div class=\"elementor-element elementor-element-5f7313f4 e-con-full e-flex kitify-col-width-auto-no ignore-docs-style-no kitify-disable-relative-no e-con e-child\" data-id=\"5f7313f4\" data-element_type=\"container\">\n\t\t\t\t<div class=\"elementor-element elementor-element-4dd3853f elementor-widget elementor-widget-image\" data-id=\"4dd3853f\" data-element_type=\"widget\" data-widget_type=\"image.default\">\n\t\t\t\t<div class=\"elementor-widget-container\">\n\t\t\t\t\t\t\t\t\t\t\t\t\t\t\t<img decoding=\"async\" width=\"1707\" height=\"2560\" src=\"https:\/\/moozapro.com\/wp-content\/uploads\/2025\/08\/DSC_9130-scaled.jpg\" class=\"attachment-full size-full wp-image-40302\" alt=\"\" srcset=\"https:\/\/moozapro.com\/wp-content\/uploads\/2025\/08\/DSC_9130-scaled.jpg 1707w, https:\/\/moozapro.com\/wp-content\/uploads\/2025\/08\/DSC_9130-667x1000.jpg 667w, https:\/\/moozapro.com\/wp-content\/uploads\/2025\/08\/DSC_9130-1024x1536.jpg 1024w, https:\/\/moozapro.com\/wp-content\/uploads\/2025\/08\/DSC_9130-1365x2048.jpg 1365w, https:\/\/moozapro.com\/wp-content\/uploads\/2025\/08\/DSC_9130-1000x1500.jpg 1000w\" sizes=\"(max-width: 1707px) 100vw, 1707px\" \/>\t\t\t\t\t\t\t\t\t\t\t\t\t\t\t<\/div>\n\t\t\t\t<\/div>\n\t\t\t\t<\/div>\n\t\t\t\t\t<\/div>\n\t\t\t\t<\/div>\n\t\t\t\t<\/div>\n\t\t","protected":false},"excerpt":{"rendered":"<p>Universal shampoo for normal\/sensitive scalp. Suitable for daily use for the whole family. Function: \u2714\ufe0f Gently cleanses\u2714\ufe0f Moisturises\u2714\ufe0f Soothes\u2714\ufe0f Does not damage the skin barrier Suitable for normal, dry and sensitive skin as well as for daily use. USE: Massage the product into the skin during each wash, repeat twice. After rinsing, apply the Mooza mask. Composition and effects Main\u2026<\/p>\n","protected":false},"featured_media":40983,"comment_status":"open","ping_status":"closed","template":"","meta":[],"product_brand":[],"product_cat":[956,953,957,948],"product_tag":[],"class_list":{"0":"post-40982","1":"product","2":"type-product","3":"status-publish","4":"has-post-thumbnail","6":"product_cat-dry-sensitive-skin","7":"product_cat-fat-skin","8":"product_cat-normal-skin","9":"product_cat-shampoos","10":"yith_product_brand-mooza","12":"first","13":"instock","14":"taxable","15":"shipping-taxable","16":"purchasable","17":"product-type-variable"},"yoast_head":"<!-- This site is optimized with the Yoast SEO plugin v26.3 - https:\/\/yoast.com\/wordpress\/plugins\/seo\/ -->\n<title>Mooza shampoo for normal skin | Mooza Pro<\/title>\n<meta name=\"robots\" content=\"index, follow, max-snippet:-1, max-image-preview:large, max-video-preview:-1\" \/>\n<link rel=\"canonical\" href=\"https:\/\/moozapro.com\/en\/produktas\/mooza-shampoo-for-normal-skin\/\" \/>\n<meta property=\"og:locale\" content=\"en_US\" \/>\n<meta property=\"og:type\" content=\"article\" \/>\n<meta property=\"og:title\" content=\"Mooza shampoo for normal skin | Mooza Pro\" \/>\n<meta property=\"og:description\" content=\"Universal shampoo for normal\/sensitive scalp. Suitable for daily use for the whole family. Function: \u2714\ufe0f Gently cleanses\u2714\ufe0f Moisturises\u2714\ufe0f Soothes\u2714\ufe0f Does not damage the skin barrier Suitable for normal, dry and sensitive skin as well as for daily use. USE: Massage the product into the skin during each wash, repeat twice. After rinsing, apply the Mooza mask. Composition and effects Main\u2026\" \/>\n<meta property=\"og:url\" content=\"https:\/\/moozapro.com\/en\/produktas\/mooza-shampoo-for-normal-skin\/\" \/>\n<meta property=\"og:site_name\" content=\"Mooza Pro\" \/>\n<meta property=\"article:publisher\" content=\"https:\/\/www.facebook.com\/moozabeauty\" \/>\n<meta property=\"article:modified_time\" content=\"2026-01-25T09:43:39+00:00\" \/>\n<meta property=\"og:image\" content=\"https:\/\/moozapro.com\/wp-content\/uploads\/2025\/12\/IMG_8089-scaled.jpg\" \/>\n\t<meta property=\"og:image:width\" content=\"1707\" \/>\n\t<meta property=\"og:image:height\" content=\"2560\" \/>\n\t<meta property=\"og:image:type\" content=\"image\/jpeg\" \/>\n<meta name=\"twitter:card\" content=\"summary_large_image\" \/>\n<meta name=\"twitter:label1\" content=\"Est. reading time\" \/>\n\t<meta name=\"twitter:data1\" content=\"1 minute\" \/>\n<script type=\"application\/ld+json\" class=\"yoast-schema-graph\">{\"@context\":\"https:\/\/schema.org\",\"@graph\":[{\"@type\":\"WebPage\",\"@id\":\"https:\/\/moozapro.com\/en\/produktas\/mooza-shampoo-for-normal-skin\/\",\"url\":\"https:\/\/moozapro.com\/en\/produktas\/mooza-shampoo-for-normal-skin\/\",\"name\":\"Mooza shampoo for normal skin | Mooza Pro\",\"isPartOf\":{\"@id\":\"https:\/\/moozapro.com\/en\/#website\"},\"primaryImageOfPage\":{\"@id\":\"https:\/\/moozapro.com\/en\/produktas\/mooza-shampoo-for-normal-skin\/#primaryimage\"},\"image\":{\"@id\":\"https:\/\/moozapro.com\/en\/produktas\/mooza-shampoo-for-normal-skin\/#primaryimage\"},\"thumbnailUrl\":\"https:\/\/moozapro.com\/wp-content\/uploads\/2025\/12\/IMG_8089-scaled.jpg\",\"datePublished\":\"2025-12-30T11:33:02+00:00\",\"dateModified\":\"2026-01-25T09:43:39+00:00\",\"breadcrumb\":{\"@id\":\"https:\/\/moozapro.com\/en\/produktas\/mooza-shampoo-for-normal-skin\/#breadcrumb\"},\"inLanguage\":\"en-US\",\"potentialAction\":[{\"@type\":\"ReadAction\",\"target\":[\"https:\/\/moozapro.com\/en\/produktas\/mooza-shampoo-for-normal-skin\/\"]}]},{\"@type\":\"ImageObject\",\"inLanguage\":\"en-US\",\"@id\":\"https:\/\/moozapro.com\/en\/produktas\/mooza-shampoo-for-normal-skin\/#primaryimage\",\"url\":\"https:\/\/moozapro.com\/wp-content\/uploads\/2025\/12\/IMG_8089-scaled.jpg\",\"contentUrl\":\"https:\/\/moozapro.com\/wp-content\/uploads\/2025\/12\/IMG_8089-scaled.jpg\",\"width\":1707,\"height\":2560},{\"@type\":\"BreadcrumbList\",\"@id\":\"https:\/\/moozapro.com\/en\/produktas\/mooza-shampoo-for-normal-skin\/#breadcrumb\",\"itemListElement\":[{\"@type\":\"ListItem\",\"position\":1,\"name\":\"Pagrindinis\",\"item\":\"https:\/\/moozapro.com\/en\/\"},{\"@type\":\"ListItem\",\"position\":2,\"name\":\"Shop\",\"item\":\"https:\/\/moozapro.com\/en\/shop-2\/\"},{\"@type\":\"ListItem\",\"position\":3,\"name\":\"Mooza shampoo for normal skin\"}]},{\"@type\":\"WebSite\",\"@id\":\"https:\/\/moozapro.com\/en\/#website\",\"url\":\"https:\/\/moozapro.com\/en\/\",\"name\":\"Mooza Pro\",\"description\":\"Priemon\u0117s j\u016bs\u0173 plaukams\",\"publisher\":{\"@id\":\"https:\/\/moozapro.com\/en\/#organization\"},\"potentialAction\":[{\"@type\":\"SearchAction\",\"target\":{\"@type\":\"EntryPoint\",\"urlTemplate\":\"https:\/\/moozapro.com\/en\/?s={search_term_string}\"},\"query-input\":{\"@type\":\"PropertyValueSpecification\",\"valueRequired\":true,\"valueName\":\"search_term_string\"}}],\"inLanguage\":\"en-US\"},{\"@type\":\"Organization\",\"@id\":\"https:\/\/moozapro.com\/en\/#organization\",\"name\":\"Mooza Pro\",\"url\":\"https:\/\/moozapro.com\/en\/\",\"logo\":{\"@type\":\"ImageObject\",\"inLanguage\":\"en-US\",\"@id\":\"https:\/\/moozapro.com\/en\/#\/schema\/logo\/image\/\",\"url\":\"https:\/\/moozapro.com\/wp-content\/uploads\/2023\/11\/Mooza-Pro-mazas-logo.png\",\"contentUrl\":\"https:\/\/moozapro.com\/wp-content\/uploads\/2023\/11\/Mooza-Pro-mazas-logo.png\",\"width\":250,\"height\":103,\"caption\":\"Mooza Pro\"},\"image\":{\"@id\":\"https:\/\/moozapro.com\/en\/#\/schema\/logo\/image\/\"},\"sameAs\":[\"https:\/\/www.facebook.com\/moozabeauty\"]}]}<\/script>\n<!-- \/ Yoast SEO plugin. -->","yoast_head_json":{"title":"Mooza shampoo for normal skin | Mooza Pro","robots":{"index":"index","follow":"follow","max-snippet":"max-snippet:-1","max-image-preview":"max-image-preview:large","max-video-preview":"max-video-preview:-1"},"canonical":"https:\/\/moozapro.com\/en\/produktas\/mooza-shampoo-for-normal-skin\/","og_locale":"en_US","og_type":"article","og_title":"Mooza shampoo for normal skin | Mooza Pro","og_description":"Universal shampoo for normal\/sensitive scalp. Suitable for daily use for the whole family. Function: \u2714\ufe0f Gently cleanses\u2714\ufe0f Moisturises\u2714\ufe0f Soothes\u2714\ufe0f Does not damage the skin barrier Suitable for normal, dry and sensitive skin as well as for daily use. USE: Massage the product into the skin during each wash, repeat twice. After rinsing, apply the Mooza mask. Composition and effects Main\u2026","og_url":"https:\/\/moozapro.com\/en\/produktas\/mooza-shampoo-for-normal-skin\/","og_site_name":"Mooza Pro","article_publisher":"https:\/\/www.facebook.com\/moozabeauty","article_modified_time":"2026-01-25T09:43:39+00:00","og_image":[{"width":1707,"height":2560,"url":"https:\/\/moozapro.com\/wp-content\/uploads\/2025\/12\/IMG_8089-scaled.jpg","type":"image\/jpeg"}],"twitter_card":"summary_large_image","twitter_misc":{"Est. reading time":"1 minute"},"schema":{"@context":"https:\/\/schema.org","@graph":[{"@type":"WebPage","@id":"https:\/\/moozapro.com\/en\/produktas\/mooza-shampoo-for-normal-skin\/","url":"https:\/\/moozapro.com\/en\/produktas\/mooza-shampoo-for-normal-skin\/","name":"Mooza shampoo for normal skin | Mooza Pro","isPartOf":{"@id":"https:\/\/moozapro.com\/en\/#website"},"primaryImageOfPage":{"@id":"https:\/\/moozapro.com\/en\/produktas\/mooza-shampoo-for-normal-skin\/#primaryimage"},"image":{"@id":"https:\/\/moozapro.com\/en\/produktas\/mooza-shampoo-for-normal-skin\/#primaryimage"},"thumbnailUrl":"https:\/\/moozapro.com\/wp-content\/uploads\/2025\/12\/IMG_8089-scaled.jpg","datePublished":"2025-12-30T11:33:02+00:00","dateModified":"2026-01-25T09:43:39+00:00","breadcrumb":{"@id":"https:\/\/moozapro.com\/en\/produktas\/mooza-shampoo-for-normal-skin\/#breadcrumb"},"inLanguage":"en-US","potentialAction":[{"@type":"ReadAction","target":["https:\/\/moozapro.com\/en\/produktas\/mooza-shampoo-for-normal-skin\/"]}]},{"@type":"ImageObject","inLanguage":"en-US","@id":"https:\/\/moozapro.com\/en\/produktas\/mooza-shampoo-for-normal-skin\/#primaryimage","url":"https:\/\/moozapro.com\/wp-content\/uploads\/2025\/12\/IMG_8089-scaled.jpg","contentUrl":"https:\/\/moozapro.com\/wp-content\/uploads\/2025\/12\/IMG_8089-scaled.jpg","width":1707,"height":2560},{"@type":"BreadcrumbList","@id":"https:\/\/moozapro.com\/en\/produktas\/mooza-shampoo-for-normal-skin\/#breadcrumb","itemListElement":[{"@type":"ListItem","position":1,"name":"Pagrindinis","item":"https:\/\/moozapro.com\/en\/"},{"@type":"ListItem","position":2,"name":"Shop","item":"https:\/\/moozapro.com\/en\/shop-2\/"},{"@type":"ListItem","position":3,"name":"Mooza shampoo for normal skin"}]},{"@type":"WebSite","@id":"https:\/\/moozapro.com\/en\/#website","url":"https:\/\/moozapro.com\/en\/","name":"Mooza Pro","description":"Priemon\u0117s j\u016bs\u0173 plaukams","publisher":{"@id":"https:\/\/moozapro.com\/en\/#organization"},"potentialAction":[{"@type":"SearchAction","target":{"@type":"EntryPoint","urlTemplate":"https:\/\/moozapro.com\/en\/?s={search_term_string}"},"query-input":{"@type":"PropertyValueSpecification","valueRequired":true,"valueName":"search_term_string"}}],"inLanguage":"en-US"},{"@type":"Organization","@id":"https:\/\/moozapro.com\/en\/#organization","name":"Mooza Pro","url":"https:\/\/moozapro.com\/en\/","logo":{"@type":"ImageObject","inLanguage":"en-US","@id":"https:\/\/moozapro.com\/en\/#\/schema\/logo\/image\/","url":"https:\/\/moozapro.com\/wp-content\/uploads\/2023\/11\/Mooza-Pro-mazas-logo.png","contentUrl":"https:\/\/moozapro.com\/wp-content\/uploads\/2023\/11\/Mooza-Pro-mazas-logo.png","width":250,"height":103,"caption":"Mooza Pro"},"image":{"@id":"https:\/\/moozapro.com\/en\/#\/schema\/logo\/image\/"},"sameAs":["https:\/\/www.facebook.com\/moozabeauty"]}]}},"_links":{"self":[{"href":"https:\/\/moozapro.com\/en\/wp-json\/wp\/v2\/product\/40982","targetHints":{"allow":["GET"]}}],"collection":[{"href":"https:\/\/moozapro.com\/en\/wp-json\/wp\/v2\/product"}],"about":[{"href":"https:\/\/moozapro.com\/en\/wp-json\/wp\/v2\/types\/product"}],"replies":[{"embeddable":true,"href":"https:\/\/moozapro.com\/en\/wp-json\/wp\/v2\/comments?post=40982"}],"version-history":[{"count":2,"href":"https:\/\/moozapro.com\/en\/wp-json\/wp\/v2\/product\/40982\/revisions"}],"predecessor-version":[{"id":41088,"href":"https:\/\/moozapro.com\/en\/wp-json\/wp\/v2\/product\/40982\/revisions\/41088"}],"wp:featuredmedia":[{"embeddable":true,"href":"https:\/\/moozapro.com\/en\/wp-json\/wp\/v2\/media\/40983"}],"wp:attachment":[{"href":"https:\/\/moozapro.com\/en\/wp-json\/wp\/v2\/media?parent=40982"}],"wp:term":[{"taxonomy":"product_brand","embeddable":true,"href":"https:\/\/moozapro.com\/en\/wp-json\/wp\/v2\/product_brand?post=40982"},{"taxonomy":"product_cat","embeddable":true,"href":"https:\/\/moozapro.com\/en\/wp-json\/wp\/v2\/product_cat?post=40982"},{"taxonomy":"product_tag","embeddable":true,"href":"https:\/\/moozapro.com\/en\/wp-json\/wp\/v2\/product_tag?post=40982"}],"curies":[{"name":"wp","href":"https:\/\/api.w.org\/{rel}","templated":true}]}}