{"id":21652,"date":"2024-04-10T18:41:31","date_gmt":"2024-04-10T15:41:31","guid":{"rendered":"https:\/\/moozapro.com\/produktas\/newsha-stiprinoss-kondicionieris-bez-skalosanas\/"},"modified":"2026-04-27T15:35:59","modified_gmt":"2026-04-27T12:35:59","slug":"newsha-stiprinoss-kondicionieris-bez-skalosanas","status":"publish","type":"product","link":"https:\/\/moozapro.com\/lv\/produktas\/newsha-stiprinoss-kondicionieris-bez-skalosanas\/","title":{"rendered":"Newsha Stiprino\u0161s kondicionieris bez skalo\u0161anas"},"content":{"rendered":"\t\t<div data-elementor-type=\"product-post\" data-elementor-id=\"21652\" class=\"elementor elementor-21652 elementor-21421\" data-elementor-post-type=\"product\">\n\t\t\t\t<div class=\"elementor-element elementor-element-69dc046 e-flex e-con-boxed kitify-col-width-auto-no ignore-docs-style-no kitify-disable-relative-no e-root-container elementor-top-section e-con e-parent\" data-id=\"69dc046\" data-element_type=\"container\" data-e-type=\"container\">\n\t\t\t\t\t<div class=\"e-con-inner\">\n\t\t\t\t<div class=\"elementor-element elementor-element-7aff5c8 elementor-widget elementor-widget-image\" data-id=\"7aff5c8\" data-element_type=\"widget\" data-e-type=\"widget\" data-widget_type=\"image.default\">\n\t\t\t\t<div class=\"elementor-widget-container\">\n\t\t\t\t\t\t\t\t\t\t\t\t\t\t\t<img fetchpriority=\"high\" decoding=\"async\" width=\"1920\" height=\"960\" src=\"https:\/\/moozapro.com\/wp-content\/uploads\/2024\/04\/mood.webp\" class=\"attachment-full size-full wp-image-21654\" alt=\"\" srcset=\"https:\/\/moozapro.com\/wp-content\/uploads\/2024\/04\/mood.webp 1920w, https:\/\/moozapro.com\/wp-content\/uploads\/2024\/04\/mood-1000x500.webp 1000w\" sizes=\"(max-width: 1920px) 100vw, 1920px\" \/>\t\t\t\t\t\t\t\t\t\t\t\t\t\t\t<\/div>\n\t\t\t\t<\/div>\n\t\t\t\t\t<\/div>\n\t\t\t\t<\/div>\n\t\t<div class=\"elementor-element elementor-element-2e32250 e-flex e-con-boxed kitify-col-width-auto-no ignore-docs-style-no kitify-disable-relative-no e-root-container elementor-top-section e-con e-parent\" data-id=\"2e32250\" data-element_type=\"container\" data-e-type=\"container\">\n\t\t\t\t\t<div class=\"e-con-inner\">\n\t\t\t\t<div class=\"elementor-element elementor-element-de8867d elementor-widget-divider--view-line elementor-widget elementor-widget-divider\" data-id=\"de8867d\" data-element_type=\"widget\" data-e-type=\"widget\" data-widget_type=\"divider.default\">\n\t\t\t\t<div class=\"elementor-widget-container\">\n\t\t\t\t\t\t\t<div class=\"elementor-divider\">\n\t\t\t<span class=\"elementor-divider-separator\">\n\t\t\t\t\t\t<\/span>\n\t\t<\/div>\n\t\t\t\t\t\t<\/div>\n\t\t\t\t<\/div>\n\t\t\t\t<div class=\"elementor-element elementor-element-f8fe1f9 elementor-widget elementor-widget-text-editor\" data-id=\"f8fe1f9\" data-element_type=\"widget\" data-e-type=\"widget\" data-widget_type=\"text-editor.default\">\n\t\t\t\t<div class=\"elementor-widget-container\">\n\t\t\t\t\t\t\t\t\t<p><em><strong><span style=\"font-size: 14pt;\">Nostiprino\u0161s atst\u0101\u0161anas kondicionieris<\/span><\/strong><\/em> veicina intens\u012bvu matu aug\u0161anu. Piem\u0113rots visiem matu tipiem, pat \u013coti smalkiem matiem. <strong>NEWSHA Ultimate Bond Repair Effect<\/strong> ir \u012bpa\u0161i izstr\u0101d\u0101ta sp\u0113c\u012bga formula, kas sast\u0101v no \u010dia s\u0113klu ekstrakta, k\u0101postiem un d\u017eekas aug\u013ciem. Pateicoties NEWSHA tehnolo\u0123ijai, smalki mati tiek past\u0101v\u012bgi stiprin\u0101ti, tiek atjaunota zaud\u0113t\u0101 elast\u012bba un samazin\u0101ta matu p\u016bko\u0161an\u0101s. Kondicionieris palielina matu kupluma saj\u016btu, nepadarot tos smagus.   <\/p><p>Izsmidzin\u0101ms kondicionieris bez skalo\u0161anas nodro\u0161ina perfektu elast\u012bbas un elast\u012bbas kombin\u0101ciju, kas ne tikai padara matus kupl\u0101kus un bl\u012bv\u0101kus, bet ar\u012b pie\u0161\u0137ir tiem jaunu vitalit\u0101ti.<\/p><p>Barojo\u0161\u0101s sast\u0101vda\u013cas ir \u012bpa\u0161i maigas un pie\u0161\u0137ir matu garumiem un galiem mitrumu un sp\u012bdumu, nepadarot tos smagus.<\/p>\t\t\t\t\t\t\t\t<\/div>\n\t\t\t\t<\/div>\n\t\t\t\t\t<\/div>\n\t\t\t\t<\/div>\n\t\t<div class=\"elementor-element elementor-element-069e46f e-flex e-con-boxed kitify-col-width-auto-no ignore-docs-style-no kitify-disable-relative-no e-root-container elementor-top-section e-con e-parent\" data-id=\"069e46f\" data-element_type=\"container\" data-e-type=\"container\">\n\t\t\t\t\t<div class=\"e-con-inner\">\n\t\t<div class=\"elementor-element elementor-element-70488a7 e-con-full e-flex kitify-col-width-auto-no ignore-docs-style-no kitify-disable-relative-no e-con e-child\" data-id=\"70488a7\" data-element_type=\"container\" data-e-type=\"container\" data-settings=\"{&quot;background_background&quot;:&quot;classic&quot;}\">\n\t\t\t\t<div class=\"elementor-element elementor-element-51ed784 elementor-widget elementor-widget-image\" data-id=\"51ed784\" data-element_type=\"widget\" data-e-type=\"widget\" data-widget_type=\"image.default\">\n\t\t\t\t<div class=\"elementor-widget-container\">\n\t\t\t\t\t\t\t\t\t\t\t\t\t\t\t<img decoding=\"async\" width=\"1707\" height=\"2560\" src=\"https:\/\/moozapro.com\/wp-content\/uploads\/2024\/04\/IMG_9370-scaled.jpg\" class=\"attachment-full size-full wp-image-23875\" alt=\"\" srcset=\"https:\/\/moozapro.com\/wp-content\/uploads\/2024\/04\/IMG_9370-scaled.jpg 1707w, https:\/\/moozapro.com\/wp-content\/uploads\/2024\/04\/IMG_9370-scaled-1000x1500.jpg 1000w, https:\/\/moozapro.com\/wp-content\/uploads\/2024\/04\/IMG_9370-667x1000.jpg 667w, https:\/\/moozapro.com\/wp-content\/uploads\/2024\/04\/IMG_9370-1024x1536.jpg 1024w, https:\/\/moozapro.com\/wp-content\/uploads\/2024\/04\/IMG_9370-1365x2048.jpg 1365w\" sizes=\"(max-width: 1707px) 100vw, 1707px\" \/>\t\t\t\t\t\t\t\t\t\t\t\t\t\t\t<\/div>\n\t\t\t\t<\/div>\n\t\t\t\t<\/div>\n\t\t<div class=\"elementor-element elementor-element-65160c8 e-con-full e-flex kitify-col-width-auto-no ignore-docs-style-no kitify-disable-relative-no e-con e-child\" data-id=\"65160c8\" data-element_type=\"container\" data-e-type=\"container\">\n\t\t\t\t<div class=\"elementor-element elementor-element-303be60 elementor-widget elementor-widget-heading\" data-id=\"303be60\" data-element_type=\"widget\" data-e-type=\"widget\" data-widget_type=\"heading.default\">\n\t\t\t\t<div class=\"elementor-widget-container\">\n\t\t\t\t\t<h2 class=\"elementor-heading-title elementor-size-default\">USE<\/h2>\t\t\t\t<\/div>\n\t\t\t\t<\/div>\n\t\t\t\t<div class=\"elementor-element elementor-element-1330dc8 elementor-widget-divider--view-line elementor-widget elementor-widget-divider\" data-id=\"1330dc8\" data-element_type=\"widget\" data-e-type=\"widget\" data-widget_type=\"divider.default\">\n\t\t\t\t<div class=\"elementor-widget-container\">\n\t\t\t\t\t\t\t<div class=\"elementor-divider\">\n\t\t\t<span class=\"elementor-divider-separator\">\n\t\t\t\t\t\t<\/span>\n\t\t<\/div>\n\t\t\t\t\t\t<\/div>\n\t\t\t\t<\/div>\n\t\t\t\t<div class=\"elementor-element elementor-element-ebc2e59 elementor-widget elementor-widget-spacer\" data-id=\"ebc2e59\" data-element_type=\"widget\" data-e-type=\"widget\" data-widget_type=\"spacer.default\">\n\t\t\t\t<div class=\"elementor-widget-container\">\n\t\t\t\t\t\t\t<div class=\"elementor-spacer\">\n\t\t\t<div class=\"elementor-spacer-inner\"><\/div>\n\t\t<\/div>\n\t\t\t\t\t\t<\/div>\n\t\t\t\t<\/div>\n\t\t\t\t<div class=\"elementor-element elementor-element-c0015c7 elementor-widget elementor-widget-text-editor\" data-id=\"c0015c7\" data-element_type=\"widget\" data-e-type=\"widget\" data-widget_type=\"text-editor.default\">\n\t\t\t\t<div class=\"elementor-widget-container\">\n\t\t\t\t\t\t\t\t\t<ol><li>\u0160amp\u016bns matiem<\/li><li>Uzkl\u0101jiet masku vai kondicionieri<\/li><li>Lai iz\u017e\u0101v\u0113tu matus p\u0113c mazg\u0101\u0161anas<\/li><li>Izsmidziniet Newsha Stiprino\u0161o kondicionieri bez skalo\u0161anas (20 cm) no matiem.  <\/li><li>Iz\u0137emm\u0113jiet un ieveidojiet matus k\u0101 parasti.<\/li><\/ol><p>SECIN\u0100JUMI:<\/p>\t\t\t\t\t\t\t\t<\/div>\n\t\t\t\t<\/div>\n\t\t\t\t<\/div>\n\t\t\t\t\t<\/div>\n\t\t\t\t<\/div>\n\t\t\t\t<\/div>\n\t\t","protected":false},"excerpt":{"rendered":"<p>Nostiprino\u0161s atst\u0101\u0161anas kondicionieris veicina intens\u012bvu matu aug\u0161anu. Piem\u0113rots visiem matu tipiem, pat \u013coti smalkiem matiem. NEWSHA Ultimate Bond Repair Effect ir \u012bpa\u0161i izstr\u0101d\u0101ta sp\u0113c\u012bga formula, kas sast\u0101v no \u010dia s\u0113klu ekstrakta, k\u0101postiem un d\u017eekas aug\u013ciem. Pateicoties NEWSHA tehnolo\u0123ijai, smalki mati tiek past\u0101v\u012bgi stiprin\u0101ti, tiek atjaunota zaud\u0113t\u0101 elast\u012bba un samazin\u0101ta matu p\u016bko\u0161an\u0101s. Kondicionieris palielina matu kupluma saj\u016btu, nepadarot tos smagus. Izsmidzin\u0101ms\u2026<\/p>\n","protected":false},"featured_media":21653,"comment_status":"open","ping_status":"closed","template":"","meta":[],"product_brand":[],"product_cat":[435,434],"product_tag":[],"class_list":{"0":"post-21652","1":"product","2":"type-product","3":"status-publish","4":"has-post-thumbnail","6":"product_cat-gaisa-kondicionieru-atstasana-aiz-muguras","7":"product_cat-matu-kopsana","8":"yith_product_brand-newsha","10":"first","11":"instock","12":"taxable","13":"shipping-taxable","14":"purchasable","15":"product-type-simple"},"yoast_head":"<!-- This site is optimized with the Yoast SEO plugin v27.4 - https:\/\/yoast.com\/product\/yoast-seo-wordpress\/ -->\n<title>Newsha Stiprino\u0161s kondicionieris bez skalo\u0161anas | Mooza Pro<\/title>\n<meta name=\"description\" content=\"Stiprina un atjauno boj\u0101to matu strukt\u016bru. Kondicion\u0113\u0161ana un balin\u0101\u0161anai ikdienas matu rut\u012bnas. Piem\u0113rots visiem matu tipiem, pat \u013coti smalkiem matiem.\" \/>\n<meta name=\"robots\" content=\"index, follow, max-snippet:-1, max-image-preview:large, max-video-preview:-1\" \/>\n<link rel=\"canonical\" href=\"https:\/\/moozapro.com\/lv\/produktas\/newsha-stiprinoss-kondicionieris-bez-skalosanas\/\" \/>\n<meta property=\"og:locale\" content=\"lv_LV\" \/>\n<meta property=\"og:type\" content=\"article\" \/>\n<meta property=\"og:title\" content=\"Newsha Stiprino\u0161s kondicionieris bez skalo\u0161anas | Mooza Pro\" \/>\n<meta property=\"og:description\" content=\"Stiprina un atjauno boj\u0101to matu strukt\u016bru. Kondicion\u0113\u0161ana un balin\u0101\u0161anai ikdienas matu rut\u012bnas. Piem\u0113rots visiem matu tipiem, pat \u013coti smalkiem matiem.\" \/>\n<meta property=\"og:url\" content=\"https:\/\/moozapro.com\/lv\/produktas\/newsha-stiprinoss-kondicionieris-bez-skalosanas\/\" \/>\n<meta property=\"og:site_name\" content=\"Mooza Pro\" \/>\n<meta property=\"article:publisher\" content=\"https:\/\/www.facebook.com\/moozabeauty\" \/>\n<meta property=\"article:modified_time\" content=\"2026-04-27T12:35:59+00:00\" \/>\n<meta property=\"og:image\" content=\"https:\/\/moozapro.com\/wp-content\/uploads\/2024\/04\/newsha-strenghtening_leave_in_conditioner_200ml_1.webp\" \/>\n\t<meta property=\"og:image:width\" content=\"1000\" \/>\n\t<meta property=\"og:image:height\" content=\"1000\" \/>\n\t<meta property=\"og:image:type\" content=\"image\/webp\" \/>\n<meta name=\"twitter:card\" content=\"summary_large_image\" \/>\n<meta name=\"twitter:label1\" content=\"Est. reading time\" \/>\n\t<meta name=\"twitter:data1\" content=\"1 minute\" \/>\n<script type=\"application\/ld+json\" class=\"yoast-schema-graph\">{\"@context\":\"https:\\\/\\\/schema.org\",\"@graph\":[{\"@type\":\"WebPage\",\"@id\":\"https:\\\/\\\/moozapro.com\\\/lv\\\/produktas\\\/newsha-stiprinoss-kondicionieris-bez-skalosanas\\\/\",\"url\":\"https:\\\/\\\/moozapro.com\\\/lv\\\/produktas\\\/newsha-stiprinoss-kondicionieris-bez-skalosanas\\\/\",\"name\":\"Newsha Stiprino\u0161s kondicionieris bez skalo\u0161anas | Mooza Pro\",\"isPartOf\":{\"@id\":\"https:\\\/\\\/moozapro.com\\\/lv\\\/#website\"},\"primaryImageOfPage\":{\"@id\":\"https:\\\/\\\/moozapro.com\\\/lv\\\/produktas\\\/newsha-stiprinoss-kondicionieris-bez-skalosanas\\\/#primaryimage\"},\"image\":{\"@id\":\"https:\\\/\\\/moozapro.com\\\/lv\\\/produktas\\\/newsha-stiprinoss-kondicionieris-bez-skalosanas\\\/#primaryimage\"},\"thumbnailUrl\":\"https:\\\/\\\/moozapro.com\\\/wp-content\\\/uploads\\\/2024\\\/04\\\/newsha-strenghtening_leave_in_conditioner_200ml_1.webp\",\"datePublished\":\"2024-04-10T15:41:31+00:00\",\"dateModified\":\"2026-04-27T12:35:59+00:00\",\"description\":\"Stiprina un atjauno boj\u0101to matu strukt\u016bru. Kondicion\u0113\u0161ana un balin\u0101\u0161anai ikdienas matu rut\u012bnas. Piem\u0113rots visiem matu tipiem, pat \u013coti smalkiem matiem.\",\"breadcrumb\":{\"@id\":\"https:\\\/\\\/moozapro.com\\\/lv\\\/produktas\\\/newsha-stiprinoss-kondicionieris-bez-skalosanas\\\/#breadcrumb\"},\"inLanguage\":\"lv-LV\",\"potentialAction\":[{\"@type\":\"ReadAction\",\"target\":[\"https:\\\/\\\/moozapro.com\\\/lv\\\/produktas\\\/newsha-stiprinoss-kondicionieris-bez-skalosanas\\\/\"]}]},{\"@type\":\"ImageObject\",\"inLanguage\":\"lv-LV\",\"@id\":\"https:\\\/\\\/moozapro.com\\\/lv\\\/produktas\\\/newsha-stiprinoss-kondicionieris-bez-skalosanas\\\/#primaryimage\",\"url\":\"https:\\\/\\\/moozapro.com\\\/wp-content\\\/uploads\\\/2024\\\/04\\\/newsha-strenghtening_leave_in_conditioner_200ml_1.webp\",\"contentUrl\":\"https:\\\/\\\/moozapro.com\\\/wp-content\\\/uploads\\\/2024\\\/04\\\/newsha-strenghtening_leave_in_conditioner_200ml_1.webp\",\"width\":1000,\"height\":1000},{\"@type\":\"BreadcrumbList\",\"@id\":\"https:\\\/\\\/moozapro.com\\\/lv\\\/produktas\\\/newsha-stiprinoss-kondicionieris-bez-skalosanas\\\/#breadcrumb\",\"itemListElement\":[{\"@type\":\"ListItem\",\"position\":1,\"name\":\"Galvenais\",\"item\":\"https:\\\/\\\/moozapro.com\\\/lv\\\/\"},{\"@type\":\"ListItem\",\"position\":2,\"name\":\"Visi produkti\",\"item\":\"https:\\\/\\\/moozapro.com\\\/lv\\\/shop\\\/\"},{\"@type\":\"ListItem\",\"position\":3,\"name\":\"Newsha Stiprino\u0161s kondicionieris bez skalo\u0161anas\"}]},{\"@type\":\"WebSite\",\"@id\":\"https:\\\/\\\/moozapro.com\\\/lv\\\/#website\",\"url\":\"https:\\\/\\\/moozapro.com\\\/lv\\\/\",\"name\":\"Mooza Pro\",\"description\":\"Priemon\u0117s j\u016bs\u0173 plaukams\",\"publisher\":{\"@id\":\"https:\\\/\\\/moozapro.com\\\/lv\\\/#organization\"},\"potentialAction\":[{\"@type\":\"SearchAction\",\"target\":{\"@type\":\"EntryPoint\",\"urlTemplate\":\"https:\\\/\\\/moozapro.com\\\/lv\\\/?s={search_term_string}\"},\"query-input\":{\"@type\":\"PropertyValueSpecification\",\"valueRequired\":true,\"valueName\":\"search_term_string\"}}],\"inLanguage\":\"lv-LV\"},{\"@type\":\"Organization\",\"@id\":\"https:\\\/\\\/moozapro.com\\\/lv\\\/#organization\",\"name\":\"Mooza Pro\",\"url\":\"https:\\\/\\\/moozapro.com\\\/lv\\\/\",\"logo\":{\"@type\":\"ImageObject\",\"inLanguage\":\"lv-LV\",\"@id\":\"https:\\\/\\\/moozapro.com\\\/lv\\\/#\\\/schema\\\/logo\\\/image\\\/\",\"url\":\"https:\\\/\\\/moozapro.com\\\/wp-content\\\/uploads\\\/2023\\\/11\\\/Mooza-Pro-mazas-logo.png\",\"contentUrl\":\"https:\\\/\\\/moozapro.com\\\/wp-content\\\/uploads\\\/2023\\\/11\\\/Mooza-Pro-mazas-logo.png\",\"width\":250,\"height\":103,\"caption\":\"Mooza Pro\"},\"image\":{\"@id\":\"https:\\\/\\\/moozapro.com\\\/lv\\\/#\\\/schema\\\/logo\\\/image\\\/\"},\"sameAs\":[\"https:\\\/\\\/www.facebook.com\\\/moozabeauty\"]}]}<\/script>\n<!-- \/ Yoast SEO plugin. -->","yoast_head_json":{"title":"Newsha Stiprino\u0161s kondicionieris bez skalo\u0161anas | Mooza Pro","description":"Stiprina un atjauno boj\u0101to matu strukt\u016bru. Kondicion\u0113\u0161ana un balin\u0101\u0161anai ikdienas matu rut\u012bnas. Piem\u0113rots visiem matu tipiem, pat \u013coti smalkiem matiem.","robots":{"index":"index","follow":"follow","max-snippet":"max-snippet:-1","max-image-preview":"max-image-preview:large","max-video-preview":"max-video-preview:-1"},"canonical":"https:\/\/moozapro.com\/lv\/produktas\/newsha-stiprinoss-kondicionieris-bez-skalosanas\/","og_locale":"lv_LV","og_type":"article","og_title":"Newsha Stiprino\u0161s kondicionieris bez skalo\u0161anas | Mooza Pro","og_description":"Stiprina un atjauno boj\u0101to matu strukt\u016bru. Kondicion\u0113\u0161ana un balin\u0101\u0161anai ikdienas matu rut\u012bnas. Piem\u0113rots visiem matu tipiem, pat \u013coti smalkiem matiem.","og_url":"https:\/\/moozapro.com\/lv\/produktas\/newsha-stiprinoss-kondicionieris-bez-skalosanas\/","og_site_name":"Mooza Pro","article_publisher":"https:\/\/www.facebook.com\/moozabeauty","article_modified_time":"2026-04-27T12:35:59+00:00","og_image":[{"width":1000,"height":1000,"url":"https:\/\/moozapro.com\/wp-content\/uploads\/2024\/04\/newsha-strenghtening_leave_in_conditioner_200ml_1.webp","type":"image\/webp"}],"twitter_card":"summary_large_image","twitter_misc":{"Est. reading time":"1 minute"},"schema":{"@context":"https:\/\/schema.org","@graph":[{"@type":"WebPage","@id":"https:\/\/moozapro.com\/lv\/produktas\/newsha-stiprinoss-kondicionieris-bez-skalosanas\/","url":"https:\/\/moozapro.com\/lv\/produktas\/newsha-stiprinoss-kondicionieris-bez-skalosanas\/","name":"Newsha Stiprino\u0161s kondicionieris bez skalo\u0161anas | Mooza Pro","isPartOf":{"@id":"https:\/\/moozapro.com\/lv\/#website"},"primaryImageOfPage":{"@id":"https:\/\/moozapro.com\/lv\/produktas\/newsha-stiprinoss-kondicionieris-bez-skalosanas\/#primaryimage"},"image":{"@id":"https:\/\/moozapro.com\/lv\/produktas\/newsha-stiprinoss-kondicionieris-bez-skalosanas\/#primaryimage"},"thumbnailUrl":"https:\/\/moozapro.com\/wp-content\/uploads\/2024\/04\/newsha-strenghtening_leave_in_conditioner_200ml_1.webp","datePublished":"2024-04-10T15:41:31+00:00","dateModified":"2026-04-27T12:35:59+00:00","description":"Stiprina un atjauno boj\u0101to matu strukt\u016bru. Kondicion\u0113\u0161ana un balin\u0101\u0161anai ikdienas matu rut\u012bnas. Piem\u0113rots visiem matu tipiem, pat \u013coti smalkiem matiem.","breadcrumb":{"@id":"https:\/\/moozapro.com\/lv\/produktas\/newsha-stiprinoss-kondicionieris-bez-skalosanas\/#breadcrumb"},"inLanguage":"lv-LV","potentialAction":[{"@type":"ReadAction","target":["https:\/\/moozapro.com\/lv\/produktas\/newsha-stiprinoss-kondicionieris-bez-skalosanas\/"]}]},{"@type":"ImageObject","inLanguage":"lv-LV","@id":"https:\/\/moozapro.com\/lv\/produktas\/newsha-stiprinoss-kondicionieris-bez-skalosanas\/#primaryimage","url":"https:\/\/moozapro.com\/wp-content\/uploads\/2024\/04\/newsha-strenghtening_leave_in_conditioner_200ml_1.webp","contentUrl":"https:\/\/moozapro.com\/wp-content\/uploads\/2024\/04\/newsha-strenghtening_leave_in_conditioner_200ml_1.webp","width":1000,"height":1000},{"@type":"BreadcrumbList","@id":"https:\/\/moozapro.com\/lv\/produktas\/newsha-stiprinoss-kondicionieris-bez-skalosanas\/#breadcrumb","itemListElement":[{"@type":"ListItem","position":1,"name":"Galvenais","item":"https:\/\/moozapro.com\/lv\/"},{"@type":"ListItem","position":2,"name":"Visi produkti","item":"https:\/\/moozapro.com\/lv\/shop\/"},{"@type":"ListItem","position":3,"name":"Newsha Stiprino\u0161s kondicionieris bez skalo\u0161anas"}]},{"@type":"WebSite","@id":"https:\/\/moozapro.com\/lv\/#website","url":"https:\/\/moozapro.com\/lv\/","name":"Mooza Pro","description":"Priemon\u0117s j\u016bs\u0173 plaukams","publisher":{"@id":"https:\/\/moozapro.com\/lv\/#organization"},"potentialAction":[{"@type":"SearchAction","target":{"@type":"EntryPoint","urlTemplate":"https:\/\/moozapro.com\/lv\/?s={search_term_string}"},"query-input":{"@type":"PropertyValueSpecification","valueRequired":true,"valueName":"search_term_string"}}],"inLanguage":"lv-LV"},{"@type":"Organization","@id":"https:\/\/moozapro.com\/lv\/#organization","name":"Mooza Pro","url":"https:\/\/moozapro.com\/lv\/","logo":{"@type":"ImageObject","inLanguage":"lv-LV","@id":"https:\/\/moozapro.com\/lv\/#\/schema\/logo\/image\/","url":"https:\/\/moozapro.com\/wp-content\/uploads\/2023\/11\/Mooza-Pro-mazas-logo.png","contentUrl":"https:\/\/moozapro.com\/wp-content\/uploads\/2023\/11\/Mooza-Pro-mazas-logo.png","width":250,"height":103,"caption":"Mooza Pro"},"image":{"@id":"https:\/\/moozapro.com\/lv\/#\/schema\/logo\/image\/"},"sameAs":["https:\/\/www.facebook.com\/moozabeauty"]}]}},"_links":{"self":[{"href":"https:\/\/moozapro.com\/lv\/wp-json\/wp\/v2\/product\/21652","targetHints":{"allow":["GET"]}}],"collection":[{"href":"https:\/\/moozapro.com\/lv\/wp-json\/wp\/v2\/product"}],"about":[{"href":"https:\/\/moozapro.com\/lv\/wp-json\/wp\/v2\/types\/product"}],"replies":[{"embeddable":true,"href":"https:\/\/moozapro.com\/lv\/wp-json\/wp\/v2\/comments?post=21652"}],"version-history":[{"count":5,"href":"https:\/\/moozapro.com\/lv\/wp-json\/wp\/v2\/product\/21652\/revisions"}],"predecessor-version":[{"id":43000,"href":"https:\/\/moozapro.com\/lv\/wp-json\/wp\/v2\/product\/21652\/revisions\/43000"}],"wp:featuredmedia":[{"embeddable":true,"href":"https:\/\/moozapro.com\/lv\/wp-json\/wp\/v2\/media\/21653"}],"wp:attachment":[{"href":"https:\/\/moozapro.com\/lv\/wp-json\/wp\/v2\/media?parent=21652"}],"wp:term":[{"taxonomy":"product_brand","embeddable":true,"href":"https:\/\/moozapro.com\/lv\/wp-json\/wp\/v2\/product_brand?post=21652"},{"taxonomy":"product_cat","embeddable":true,"href":"https:\/\/moozapro.com\/lv\/wp-json\/wp\/v2\/product_cat?post=21652"},{"taxonomy":"product_tag","embeddable":true,"href":"https:\/\/moozapro.com\/lv\/wp-json\/wp\/v2\/product_tag?post=21652"}],"curies":[{"name":"wp","href":"https:\/\/api.w.org\/{rel}","templated":true}]}}