{"id":21672,"date":"2024-05-27T15:47:44","date_gmt":"2024-07-24T11:18:30","guid":{"rendered":"https:\/\/moozapro.com\/produktas\/veidosanas-zeleja-ar-toni\/"},"modified":"2025-06-25T20:33:27","modified_gmt":"2025-06-25T17:33:27","slug":"veidosanas-zeleja-ar-toni","status":"publish","type":"product","link":"https:\/\/moozapro.com\/lv\/produktas\/veidosanas-zeleja-ar-toni\/","title":{"rendered":"Veido\u0161anas \u017eeleja ar toni"},"content":{"rendered":"<p>Veido\u0161anas \u017eeleja ar oglekli nodro\u0161ina stingru un ilgsto\u0161u fiks\u0101ciju. Alvejas ekstrakts, argana e\u013c\u013ca un pantenols baro matus, padarot tos m\u012bkstus.<\/p>\n<p>Melns produkts ar kokogli, tas mask\u0113 sirmus matus.<\/p>\n<p>Piem\u0113rots lieto\u0161anai uz galvas un b\u0101rdas matiem.<\/p>\n<p>Lieto\u0161ana:<br \/>\nPirms ieveido\u0161anas uzkl\u0101jiet vajadz\u012bgo produkta daudzumu, lai pie\u0161\u0137irtu nevainojamu fiks\u0101ciju un nosegtu sirmus matus.<\/p>\n<p>Sast\u0101vs<span style=\"font-size: 8pt;\">:\u016adens, denatur\u0113ts spirts,., PVP, propandiols, karbom\u0113rs, glicer\u012bns, vizlas, kokogles, parfums, CI 77499, CI 77891, n\u0101trija hidroks\u012bds, fenoksietanols, etilheksilglicer\u012bns, eigenols, linalols, limon\u0113ns, citrusaug\u013cu e\u013c\u013ca, hidroksicitronel\u0101ls, Linalilacet\u0101ts, alfa-izometiljonons, heksilcinnamals, kumar\u012bns, Citrus limon mizu e\u013c\u013ca, pin\u0113ns, acetilcedr\u0113ns, cinamilspirts, citralis, citronelols, geraniols, eugenilacet\u0101ts, Evernia prunastri ekstrakts, beta-kariofil\u0113ns.<\/span><\/p>\n","protected":false},"excerpt":{"rendered":"<p>Veido\u0161anas \u017eeleja ar oglekli nodro\u0161ina stingru un ilgsto\u0161u fiks\u0101ciju. Alvejas ekstrakts, argana e\u013c\u013ca un pantenols baro matus, padarot tos m\u012bkstus. Melns produkts ar kokogli, tas mask\u0113 sirmus matus. Piem\u0113rots lieto\u0161anai uz galvas un b\u0101rdas matiem. Lieto\u0161ana: Pirms ieveido\u0161anas uzkl\u0101jiet vajadz\u012bgo produkta daudzumu, lai pie\u0161\u0137irtu nevainojamu fiks\u0101ciju un nosegtu sirmus matus. Sast\u0101vs:\u016adens, denatur\u0113ts spirts,., PVP, propandiols, karbom\u0113rs, glicer\u012bns, vizlas, kokogles, parfums,\u2026<\/p>\n","protected":false},"featured_media":21673,"comment_status":"open","ping_status":"closed","template":"","meta":[],"product_brand":[],"product_cat":[449,450],"product_tag":[],"class_list":{"0":"post-21672","1":"product","2":"type-product","3":"status-publish","4":"has-post-thumbnail","6":"product_cat-nezeligais-jurasbraucejs","7":"product_cat-produkti-viriesiem","9":"first","10":"instock","11":"taxable","12":"shipping-taxable","13":"purchasable","14":"product-type-simple"},"yoast_head":"<!-- This site is optimized with the Yoast SEO plugin v27.4 - https:\/\/yoast.com\/product\/yoast-seo-wordpress\/ -->\n<title>Veido\u0161anas \u017eeleja ar toni | Mooza Pro<\/title>\n<meta name=\"robots\" content=\"index, follow, max-snippet:-1, max-image-preview:large, max-video-preview:-1\" \/>\n<link rel=\"canonical\" href=\"https:\/\/moozapro.com\/lv\/produktas\/veidosanas-zeleja-ar-toni\/\" \/>\n<meta property=\"og:locale\" content=\"lv_LV\" \/>\n<meta property=\"og:type\" content=\"article\" \/>\n<meta property=\"og:title\" content=\"Veido\u0161anas \u017eeleja ar toni | Mooza Pro\" \/>\n<meta property=\"og:description\" content=\"Veido\u0161anas \u017eeleja ar oglekli nodro\u0161ina stingru un ilgsto\u0161u fiks\u0101ciju. Alvejas ekstrakts, argana e\u013c\u013ca un pantenols baro matus, padarot tos m\u012bkstus. Melns produkts ar kokogli, tas mask\u0113 sirmus matus. Piem\u0113rots lieto\u0161anai uz galvas un b\u0101rdas matiem. Lieto\u0161ana: Pirms ieveido\u0161anas uzkl\u0101jiet vajadz\u012bgo produkta daudzumu, lai pie\u0161\u0137irtu nevainojamu fiks\u0101ciju un nosegtu sirmus matus. Sast\u0101vs:\u016adens, denatur\u0113ts spirts,., PVP, propandiols, karbom\u0113rs, glicer\u012bns, vizlas, kokogles, parfums,\u2026\" \/>\n<meta property=\"og:url\" content=\"https:\/\/moozapro.com\/lv\/produktas\/veidosanas-zeleja-ar-toni\/\" \/>\n<meta property=\"og:site_name\" content=\"Mooza Pro\" \/>\n<meta property=\"article:publisher\" content=\"https:\/\/www.facebook.com\/moozabeauty\" \/>\n<meta property=\"article:modified_time\" content=\"2025-06-25T17:33:27+00:00\" \/>\n<meta property=\"og:image\" content=\"https:\/\/moozapro.com\/wp-content\/uploads\/2024\/05\/kauai.jpg\" \/>\n\t<meta property=\"og:image:width\" content=\"1200\" \/>\n\t<meta property=\"og:image:height\" content=\"1200\" \/>\n\t<meta property=\"og:image:type\" content=\"image\/jpeg\" \/>\n<meta name=\"twitter:card\" content=\"summary_large_image\" \/>\n<meta name=\"twitter:label1\" content=\"Est. reading time\" \/>\n\t<meta name=\"twitter:data1\" content=\"1 minute\" \/>\n<script type=\"application\/ld+json\" class=\"yoast-schema-graph\">{\"@context\":\"https:\\\/\\\/schema.org\",\"@graph\":[{\"@type\":\"WebPage\",\"@id\":\"https:\\\/\\\/moozapro.com\\\/lv\\\/produktas\\\/veidosanas-zeleja-ar-toni\\\/\",\"url\":\"https:\\\/\\\/moozapro.com\\\/lv\\\/produktas\\\/veidosanas-zeleja-ar-toni\\\/\",\"name\":\"Veido\u0161anas \u017eeleja ar toni | Mooza Pro\",\"isPartOf\":{\"@id\":\"https:\\\/\\\/moozapro.com\\\/lv\\\/#website\"},\"primaryImageOfPage\":{\"@id\":\"https:\\\/\\\/moozapro.com\\\/lv\\\/produktas\\\/veidosanas-zeleja-ar-toni\\\/#primaryimage\"},\"image\":{\"@id\":\"https:\\\/\\\/moozapro.com\\\/lv\\\/produktas\\\/veidosanas-zeleja-ar-toni\\\/#primaryimage\"},\"thumbnailUrl\":\"https:\\\/\\\/moozapro.com\\\/wp-content\\\/uploads\\\/2024\\\/05\\\/kauai.jpg\",\"datePublished\":\"2024-07-24T11:18:30+00:00\",\"dateModified\":\"2025-06-25T17:33:27+00:00\",\"breadcrumb\":{\"@id\":\"https:\\\/\\\/moozapro.com\\\/lv\\\/produktas\\\/veidosanas-zeleja-ar-toni\\\/#breadcrumb\"},\"inLanguage\":\"lv-LV\",\"potentialAction\":[{\"@type\":\"ReadAction\",\"target\":[\"https:\\\/\\\/moozapro.com\\\/lv\\\/produktas\\\/veidosanas-zeleja-ar-toni\\\/\"]}]},{\"@type\":\"ImageObject\",\"inLanguage\":\"lv-LV\",\"@id\":\"https:\\\/\\\/moozapro.com\\\/lv\\\/produktas\\\/veidosanas-zeleja-ar-toni\\\/#primaryimage\",\"url\":\"https:\\\/\\\/moozapro.com\\\/wp-content\\\/uploads\\\/2024\\\/05\\\/kauai.jpg\",\"contentUrl\":\"https:\\\/\\\/moozapro.com\\\/wp-content\\\/uploads\\\/2024\\\/05\\\/kauai.jpg\",\"width\":1200,\"height\":1200},{\"@type\":\"BreadcrumbList\",\"@id\":\"https:\\\/\\\/moozapro.com\\\/lv\\\/produktas\\\/veidosanas-zeleja-ar-toni\\\/#breadcrumb\",\"itemListElement\":[{\"@type\":\"ListItem\",\"position\":1,\"name\":\"Galvenais\",\"item\":\"https:\\\/\\\/moozapro.com\\\/lv\\\/\"},{\"@type\":\"ListItem\",\"position\":2,\"name\":\"Visi produkti\",\"item\":\"https:\\\/\\\/moozapro.com\\\/lv\\\/shop\\\/\"},{\"@type\":\"ListItem\",\"position\":3,\"name\":\"Veido\u0161anas \u017eeleja ar toni\"}]},{\"@type\":\"WebSite\",\"@id\":\"https:\\\/\\\/moozapro.com\\\/lv\\\/#website\",\"url\":\"https:\\\/\\\/moozapro.com\\\/lv\\\/\",\"name\":\"Mooza Pro\",\"description\":\"Priemon\u0117s j\u016bs\u0173 plaukams\",\"publisher\":{\"@id\":\"https:\\\/\\\/moozapro.com\\\/lv\\\/#organization\"},\"potentialAction\":[{\"@type\":\"SearchAction\",\"target\":{\"@type\":\"EntryPoint\",\"urlTemplate\":\"https:\\\/\\\/moozapro.com\\\/lv\\\/?s={search_term_string}\"},\"query-input\":{\"@type\":\"PropertyValueSpecification\",\"valueRequired\":true,\"valueName\":\"search_term_string\"}}],\"inLanguage\":\"lv-LV\"},{\"@type\":\"Organization\",\"@id\":\"https:\\\/\\\/moozapro.com\\\/lv\\\/#organization\",\"name\":\"Mooza Pro\",\"url\":\"https:\\\/\\\/moozapro.com\\\/lv\\\/\",\"logo\":{\"@type\":\"ImageObject\",\"inLanguage\":\"lv-LV\",\"@id\":\"https:\\\/\\\/moozapro.com\\\/lv\\\/#\\\/schema\\\/logo\\\/image\\\/\",\"url\":\"https:\\\/\\\/moozapro.com\\\/wp-content\\\/uploads\\\/2023\\\/11\\\/Mooza-Pro-mazas-logo.png\",\"contentUrl\":\"https:\\\/\\\/moozapro.com\\\/wp-content\\\/uploads\\\/2023\\\/11\\\/Mooza-Pro-mazas-logo.png\",\"width\":250,\"height\":103,\"caption\":\"Mooza Pro\"},\"image\":{\"@id\":\"https:\\\/\\\/moozapro.com\\\/lv\\\/#\\\/schema\\\/logo\\\/image\\\/\"},\"sameAs\":[\"https:\\\/\\\/www.facebook.com\\\/moozabeauty\"]}]}<\/script>\n<!-- \/ Yoast SEO plugin. -->","yoast_head_json":{"title":"Veido\u0161anas \u017eeleja ar toni | Mooza Pro","robots":{"index":"index","follow":"follow","max-snippet":"max-snippet:-1","max-image-preview":"max-image-preview:large","max-video-preview":"max-video-preview:-1"},"canonical":"https:\/\/moozapro.com\/lv\/produktas\/veidosanas-zeleja-ar-toni\/","og_locale":"lv_LV","og_type":"article","og_title":"Veido\u0161anas \u017eeleja ar toni | Mooza Pro","og_description":"Veido\u0161anas \u017eeleja ar oglekli nodro\u0161ina stingru un ilgsto\u0161u fiks\u0101ciju. Alvejas ekstrakts, argana e\u013c\u013ca un pantenols baro matus, padarot tos m\u012bkstus. Melns produkts ar kokogli, tas mask\u0113 sirmus matus. Piem\u0113rots lieto\u0161anai uz galvas un b\u0101rdas matiem. Lieto\u0161ana: Pirms ieveido\u0161anas uzkl\u0101jiet vajadz\u012bgo produkta daudzumu, lai pie\u0161\u0137irtu nevainojamu fiks\u0101ciju un nosegtu sirmus matus. Sast\u0101vs:\u016adens, denatur\u0113ts spirts,., PVP, propandiols, karbom\u0113rs, glicer\u012bns, vizlas, kokogles, parfums,\u2026","og_url":"https:\/\/moozapro.com\/lv\/produktas\/veidosanas-zeleja-ar-toni\/","og_site_name":"Mooza Pro","article_publisher":"https:\/\/www.facebook.com\/moozabeauty","article_modified_time":"2025-06-25T17:33:27+00:00","og_image":[{"width":1200,"height":1200,"url":"https:\/\/moozapro.com\/wp-content\/uploads\/2024\/05\/kauai.jpg","type":"image\/jpeg"}],"twitter_card":"summary_large_image","twitter_misc":{"Est. reading time":"1 minute"},"schema":{"@context":"https:\/\/schema.org","@graph":[{"@type":"WebPage","@id":"https:\/\/moozapro.com\/lv\/produktas\/veidosanas-zeleja-ar-toni\/","url":"https:\/\/moozapro.com\/lv\/produktas\/veidosanas-zeleja-ar-toni\/","name":"Veido\u0161anas \u017eeleja ar toni | Mooza Pro","isPartOf":{"@id":"https:\/\/moozapro.com\/lv\/#website"},"primaryImageOfPage":{"@id":"https:\/\/moozapro.com\/lv\/produktas\/veidosanas-zeleja-ar-toni\/#primaryimage"},"image":{"@id":"https:\/\/moozapro.com\/lv\/produktas\/veidosanas-zeleja-ar-toni\/#primaryimage"},"thumbnailUrl":"https:\/\/moozapro.com\/wp-content\/uploads\/2024\/05\/kauai.jpg","datePublished":"2024-07-24T11:18:30+00:00","dateModified":"2025-06-25T17:33:27+00:00","breadcrumb":{"@id":"https:\/\/moozapro.com\/lv\/produktas\/veidosanas-zeleja-ar-toni\/#breadcrumb"},"inLanguage":"lv-LV","potentialAction":[{"@type":"ReadAction","target":["https:\/\/moozapro.com\/lv\/produktas\/veidosanas-zeleja-ar-toni\/"]}]},{"@type":"ImageObject","inLanguage":"lv-LV","@id":"https:\/\/moozapro.com\/lv\/produktas\/veidosanas-zeleja-ar-toni\/#primaryimage","url":"https:\/\/moozapro.com\/wp-content\/uploads\/2024\/05\/kauai.jpg","contentUrl":"https:\/\/moozapro.com\/wp-content\/uploads\/2024\/05\/kauai.jpg","width":1200,"height":1200},{"@type":"BreadcrumbList","@id":"https:\/\/moozapro.com\/lv\/produktas\/veidosanas-zeleja-ar-toni\/#breadcrumb","itemListElement":[{"@type":"ListItem","position":1,"name":"Galvenais","item":"https:\/\/moozapro.com\/lv\/"},{"@type":"ListItem","position":2,"name":"Visi produkti","item":"https:\/\/moozapro.com\/lv\/shop\/"},{"@type":"ListItem","position":3,"name":"Veido\u0161anas \u017eeleja ar toni"}]},{"@type":"WebSite","@id":"https:\/\/moozapro.com\/lv\/#website","url":"https:\/\/moozapro.com\/lv\/","name":"Mooza Pro","description":"Priemon\u0117s j\u016bs\u0173 plaukams","publisher":{"@id":"https:\/\/moozapro.com\/lv\/#organization"},"potentialAction":[{"@type":"SearchAction","target":{"@type":"EntryPoint","urlTemplate":"https:\/\/moozapro.com\/lv\/?s={search_term_string}"},"query-input":{"@type":"PropertyValueSpecification","valueRequired":true,"valueName":"search_term_string"}}],"inLanguage":"lv-LV"},{"@type":"Organization","@id":"https:\/\/moozapro.com\/lv\/#organization","name":"Mooza Pro","url":"https:\/\/moozapro.com\/lv\/","logo":{"@type":"ImageObject","inLanguage":"lv-LV","@id":"https:\/\/moozapro.com\/lv\/#\/schema\/logo\/image\/","url":"https:\/\/moozapro.com\/wp-content\/uploads\/2023\/11\/Mooza-Pro-mazas-logo.png","contentUrl":"https:\/\/moozapro.com\/wp-content\/uploads\/2023\/11\/Mooza-Pro-mazas-logo.png","width":250,"height":103,"caption":"Mooza Pro"},"image":{"@id":"https:\/\/moozapro.com\/lv\/#\/schema\/logo\/image\/"},"sameAs":["https:\/\/www.facebook.com\/moozabeauty"]}]}},"_links":{"self":[{"href":"https:\/\/moozapro.com\/lv\/wp-json\/wp\/v2\/product\/21672","targetHints":{"allow":["GET"]}}],"collection":[{"href":"https:\/\/moozapro.com\/lv\/wp-json\/wp\/v2\/product"}],"about":[{"href":"https:\/\/moozapro.com\/lv\/wp-json\/wp\/v2\/types\/product"}],"replies":[{"embeddable":true,"href":"https:\/\/moozapro.com\/lv\/wp-json\/wp\/v2\/comments?post=21672"}],"version-history":[{"count":1,"href":"https:\/\/moozapro.com\/lv\/wp-json\/wp\/v2\/product\/21672\/revisions"}],"predecessor-version":[{"id":24877,"href":"https:\/\/moozapro.com\/lv\/wp-json\/wp\/v2\/product\/21672\/revisions\/24877"}],"wp:featuredmedia":[{"embeddable":true,"href":"https:\/\/moozapro.com\/lv\/wp-json\/wp\/v2\/media\/21673"}],"wp:attachment":[{"href":"https:\/\/moozapro.com\/lv\/wp-json\/wp\/v2\/media?parent=21672"}],"wp:term":[{"taxonomy":"product_brand","embeddable":true,"href":"https:\/\/moozapro.com\/lv\/wp-json\/wp\/v2\/product_brand?post=21672"},{"taxonomy":"product_cat","embeddable":true,"href":"https:\/\/moozapro.com\/lv\/wp-json\/wp\/v2\/product_cat?post=21672"},{"taxonomy":"product_tag","embeddable":true,"href":"https:\/\/moozapro.com\/lv\/wp-json\/wp\/v2\/product_tag?post=21672"}],"curies":[{"name":"wp","href":"https:\/\/api.w.org\/{rel}","templated":true}]}}