{"id":23410,"date":"2024-05-27T15:03:59","date_gmt":"2024-08-02T07:13:38","guid":{"rendered":"https:\/\/moozapro.com\/produktas\/parfimerijas-udens-kermenim-un-matiemmandarine\/"},"modified":"2025-07-11T16:15:52","modified_gmt":"2025-07-11T13:15:52","slug":"parfimerijas-udens-kermenim-un-matiemmandarine","status":"publish","type":"product","link":"https:\/\/moozapro.com\/lv\/produktas\/parfimerijas-udens-kermenim-un-matiemmandarine\/","title":{"rendered":"Parfim\u0113rijas \u016bdens \u0137ermenim un matiem\"MANDARINE\""},"content":{"rendered":"\t\t<div data-elementor-type=\"product-post\" data-elementor-id=\"23410\" class=\"elementor elementor-23410 elementor-21554\" data-elementor-post-type=\"product\">\n\t\t\t\t\t\t<section class=\"elementor-section elementor-top-section elementor-element elementor-element-3535d90 elementor-section-boxed elementor-section-height-default elementor-section-height-default\" data-id=\"3535d90\" data-element_type=\"section\" data-e-type=\"section\">\n\t\t\t\t\t\t<div class=\"elementor-container elementor-column-gap-default\">\n\t\t\t\t\t<div class=\"elementor-column elementor-col-50 elementor-top-column elementor-element elementor-element-7d23604e kitify-col-width-auto-no kitify-disable-relative-no\" data-id=\"7d23604e\" data-element_type=\"column\" data-e-type=\"column\" data-settings=\"{&quot;background_background&quot;:&quot;classic&quot;}\">\n\t\t\t<div class=\"elementor-widget-wrap elementor-element-populated\">\n\t\t\t\t\t\t<div class=\"elementor-element elementor-element-bf0e105 elementor-widget elementor-widget-video\" data-id=\"bf0e105\" data-element_type=\"widget\" data-e-type=\"widget\" data-settings=\"{&quot;video_type&quot;:&quot;hosted&quot;,&quot;controls&quot;:&quot;yes&quot;}\" data-widget_type=\"video.default\">\n\t\t\t\t<div class=\"elementor-widget-container\">\n\t\t\t\t\t\t\t<div class=\"e-hosted-video elementor-wrapper elementor-open-inline\">\n\t\t\t\t\t<video class=\"elementor-video\" src=\"https:\/\/moozapro.com\/wp-content\/uploads\/2024\/05\/IMG_9777.mov\" controls=\"\" preload=\"metadata\" controlsList=\"nodownload\"><\/video>\n\t\t\t\t<\/div>\n\t\t\t\t\t\t<\/div>\n\t\t\t\t<\/div>\n\t\t\t\t\t<\/div>\n\t\t<\/div>\n\t\t\t\t<div class=\"elementor-column elementor-col-50 elementor-top-column elementor-element elementor-element-1dd0f4a9 kitify-col-width-auto-no kitify-disable-relative-no\" data-id=\"1dd0f4a9\" data-element_type=\"column\" data-e-type=\"column\">\n\t\t\t<div class=\"elementor-widget-wrap elementor-element-populated\">\n\t\t\t\t\t\t<div class=\"elementor-element elementor-element-77b00f9a elementor-widget elementor-widget-heading\" data-id=\"77b00f9a\" data-element_type=\"widget\" data-e-type=\"widget\" data-widget_type=\"heading.default\">\n\t\t\t\t<div class=\"elementor-widget-container\">\n\t\t\t\t\t<h2 class=\"elementor-heading-title elementor-size-default\">\u013boti augsta koncentr\u0101cija pastiprin\u0101t\u0101ja nekav\u0113joties uzlabo matu saj\u016btu un palielinaNEWSHA Treatments masku kondicion\u0113\u0161anas efektu.<\/h2>\t\t\t\t<\/div>\n\t\t\t\t<\/div>\n\t\t\t\t<div class=\"elementor-element elementor-element-115cad53 elementor-widget-divider--view-line elementor-widget elementor-widget-divider\" data-id=\"115cad53\" data-element_type=\"widget\" data-e-type=\"widget\" data-widget_type=\"divider.default\">\n\t\t\t\t<div class=\"elementor-widget-container\">\n\t\t\t\t\t\t\t<div class=\"elementor-divider\">\n\t\t\t<span class=\"elementor-divider-separator\">\n\t\t\t\t\t\t<\/span>\n\t\t<\/div>\n\t\t\t\t\t\t<\/div>\n\t\t\t\t<\/div>\n\t\t\t\t<div class=\"elementor-element elementor-element-4a5f61c1 elementor-widget elementor-widget-spacer\" data-id=\"4a5f61c1\" data-element_type=\"widget\" data-e-type=\"widget\" data-widget_type=\"spacer.default\">\n\t\t\t\t<div class=\"elementor-widget-container\">\n\t\t\t\t\t\t\t<div class=\"elementor-spacer\">\n\t\t\t<div class=\"elementor-spacer-inner\"><\/div>\n\t\t<\/div>\n\t\t\t\t\t\t<\/div>\n\t\t\t\t<\/div>\n\t\t\t\t<div class=\"elementor-element elementor-element-921de9f elementor-widget elementor-widget-text-editor\" data-id=\"921de9f\" data-element_type=\"widget\" data-e-type=\"widget\" data-widget_type=\"text-editor.default\">\n\t\t\t\t<div class=\"elementor-widget-container\">\n\t\t\t\t\t\t\t\t\t<p>Mitrino\u0161s aromatiz\u0113ts \u016bdens ar alvejas sulu un bie\u0161u ekstraktu ilgsto\u0161ai mitrin\u0101\u0161anai . Viegl\u0101 konsistence \u0101tri ies\u016bcas \u0101d\u0101 un padara to z\u012bdainu visas dienas garum\u0101, bet rakstur\u012bgais arom\u0101ts saglab\u0101jas. <\/p><p><em>Lieto\u0161ana: Izsmidziniet uz \u0101das un matiem p\u0113c du\u0161as vai dienas laik\u0101. <\/em><\/p><p><em><strong>Arom\u0101ti:<\/strong><\/em><\/p><p><strong>Galven\u0101s notis:<\/strong> za\u013c\u0101s notis, apels\u012bns, mandari<\/p><p><strong>Sekund\u0101r\u0101s notis:<\/strong> roze, jasm\u012bns;<\/p><p><strong>Tre\u0161\u0101s notis:<\/strong>\u012briss, t\u0113ja.<\/p><p>Tilpums: 250 ml<\/p><p><span style=\"font-size: 8pt;\">Sast\u0101vs: Aloe barbadensis lapu sula, Alcohol denat: Aqua (\u016adens), Aloe barbadensis lapu sula, Alcohol denat., Parfum (smar\u017eviela), fenoksietanols, hidroliz\u0113ta kukur\u016bzas ciete, Beta vulgaris (bie\u0161u) saknes ekstrakts, Etilheksilglicer\u012bns, citronsk\u0101be, n\u0101trija benzo\u0101ts, k\u0101lija sorb\u0101ts.<\/span><\/p>\t\t\t\t\t\t\t\t<\/div>\n\t\t\t\t<\/div>\n\t\t\t\t\t<\/div>\n\t\t<\/div>\n\t\t\t\t\t<\/div>\n\t\t<\/section>\n\t\t<div class=\"elementor-element elementor-element-bf85125 e-flex e-con-boxed kitify-col-width-auto-no ignore-docs-style-no kitify-disable-relative-no e-root-container elementor-top-section e-con e-parent\" data-id=\"bf85125\" data-element_type=\"container\" data-e-type=\"container\">\n\t\t\t\t\t<div class=\"e-con-inner\">\n\t\t\t\t\t<\/div>\n\t\t\t\t<\/div>\n\t\t\t\t<\/div>\n\t\t","protected":false},"excerpt":{"rendered":"<p>https:\/\/moozapro.com\/wp-content\/uploads\/2024\/05\/IMG_9777.mov \u013boti augsta koncentr\u0101cija pastiprin\u0101t\u0101ja nekav\u0113joties uzlabo matu saj\u016btu un palielinaNEWSHA Treatments masku kondicion\u0113\u0161anas efektu. Mitrino\u0161s aromatiz\u0113ts \u016bdens ar alvejas sulu un bie\u0161u ekstraktu ilgsto\u0161ai mitrin\u0101\u0161anai . Viegl\u0101 konsistence \u0101tri ies\u016bcas \u0101d\u0101 un padara to z\u012bdainu visas dienas garum\u0101, bet rakstur\u012bgais arom\u0101ts saglab\u0101jas. Lieto\u0161ana: Izsmidziniet uz \u0101das un matiem p\u0113c du\u0161as vai dienas laik\u0101. Arom\u0101ti: Galven\u0101s notis: za\u013c\u0101s notis, apels\u012bns,\u2026<\/p>\n","protected":false},"featured_media":23400,"comment_status":"open","ping_status":"closed","template":"elementor_theme","meta":[],"product_brand":[],"product_cat":[452,476,458,481],"product_tag":[],"class_list":{"0":"post-23410","1":"product","2":"type-product","3":"status-publish","4":"has-post-thumbnail","6":"product_cat-glam1965-lv","7":"product_cat-kremi-ellas-serumi-skidrumi-aerosoli","8":"product_cat-sejas-adas-kopsana","9":"product_cat-sejas-un-kermena-kopsana","11":"first","12":"instock","13":"taxable","14":"shipping-taxable","15":"purchasable","16":"product-type-simple"},"yoast_head":"<!-- This site is optimized with the Yoast SEO plugin v27.4 - https:\/\/yoast.com\/product\/yoast-seo-wordpress\/ -->\n<title>Parfim\u0113rijas \u016bdens \u0137ermenim un matiem&quot;MANDARINE&quot; | Mooza Pro<\/title>\n<meta name=\"robots\" content=\"index, follow, max-snippet:-1, max-image-preview:large, max-video-preview:-1\" \/>\n<link rel=\"canonical\" href=\"https:\/\/moozapro.com\/lv\/produktas\/parfimerijas-udens-kermenim-un-matiemmandarine\/\" \/>\n<meta property=\"og:locale\" content=\"lv_LV\" \/>\n<meta property=\"og:type\" content=\"article\" \/>\n<meta property=\"og:title\" content=\"Parfim\u0113rijas \u016bdens \u0137ermenim un matiem&quot;MANDARINE&quot; | Mooza Pro\" \/>\n<meta property=\"og:description\" content=\"https:\/\/moozapro.com\/wp-content\/uploads\/2024\/05\/IMG_9777.mov \u013boti augsta koncentr\u0101cija pastiprin\u0101t\u0101ja nekav\u0113joties uzlabo matu saj\u016btu un palielinaNEWSHA Treatments masku kondicion\u0113\u0161anas efektu. Mitrino\u0161s aromatiz\u0113ts \u016bdens ar alvejas sulu un bie\u0161u ekstraktu ilgsto\u0161ai mitrin\u0101\u0161anai . Viegl\u0101 konsistence \u0101tri ies\u016bcas \u0101d\u0101 un padara to z\u012bdainu visas dienas garum\u0101, bet rakstur\u012bgais arom\u0101ts saglab\u0101jas. Lieto\u0161ana: Izsmidziniet uz \u0101das un matiem p\u0113c du\u0161as vai dienas laik\u0101. Arom\u0101ti: Galven\u0101s notis: za\u013c\u0101s notis, apels\u012bns,\u2026\" \/>\n<meta property=\"og:url\" content=\"https:\/\/moozapro.com\/lv\/produktas\/parfimerijas-udens-kermenim-un-matiemmandarine\/\" \/>\n<meta property=\"og:site_name\" content=\"Mooza Pro\" \/>\n<meta property=\"article:publisher\" content=\"https:\/\/www.facebook.com\/moozabeauty\" \/>\n<meta property=\"article:modified_time\" content=\"2025-07-11T13:15:52+00:00\" \/>\n<meta property=\"og:image\" content=\"https:\/\/moozapro.com\/wp-content\/uploads\/2024\/05\/acqua-profumata-idratante-rose-mandarine.jpg\" \/>\n\t<meta property=\"og:image:width\" content=\"1100\" \/>\n\t<meta property=\"og:image:height\" content=\"1422\" \/>\n\t<meta property=\"og:image:type\" content=\"image\/jpeg\" \/>\n<meta name=\"twitter:card\" content=\"summary_large_image\" \/>\n<meta name=\"twitter:label1\" content=\"Est. reading time\" \/>\n\t<meta name=\"twitter:data1\" content=\"1 minute\" \/>\n<script type=\"application\/ld+json\" class=\"yoast-schema-graph\">{\"@context\":\"https:\\\/\\\/schema.org\",\"@graph\":[{\"@type\":\"WebPage\",\"@id\":\"https:\\\/\\\/moozapro.com\\\/lv\\\/produktas\\\/parfimerijas-udens-kermenim-un-matiemmandarine\\\/\",\"url\":\"https:\\\/\\\/moozapro.com\\\/lv\\\/produktas\\\/parfimerijas-udens-kermenim-un-matiemmandarine\\\/\",\"name\":\"Parfim\u0113rijas \u016bdens \u0137ermenim un matiem\\\"MANDARINE\\\" | Mooza Pro\",\"isPartOf\":{\"@id\":\"https:\\\/\\\/moozapro.com\\\/lv\\\/#website\"},\"primaryImageOfPage\":{\"@id\":\"https:\\\/\\\/moozapro.com\\\/lv\\\/produktas\\\/parfimerijas-udens-kermenim-un-matiemmandarine\\\/#primaryimage\"},\"image\":{\"@id\":\"https:\\\/\\\/moozapro.com\\\/lv\\\/produktas\\\/parfimerijas-udens-kermenim-un-matiemmandarine\\\/#primaryimage\"},\"thumbnailUrl\":\"https:\\\/\\\/moozapro.com\\\/wp-content\\\/uploads\\\/2024\\\/05\\\/acqua-profumata-idratante-rose-mandarine.jpg\",\"datePublished\":\"2024-08-02T07:13:38+00:00\",\"dateModified\":\"2025-07-11T13:15:52+00:00\",\"breadcrumb\":{\"@id\":\"https:\\\/\\\/moozapro.com\\\/lv\\\/produktas\\\/parfimerijas-udens-kermenim-un-matiemmandarine\\\/#breadcrumb\"},\"inLanguage\":\"lv-LV\",\"potentialAction\":[{\"@type\":\"ReadAction\",\"target\":[\"https:\\\/\\\/moozapro.com\\\/lv\\\/produktas\\\/parfimerijas-udens-kermenim-un-matiemmandarine\\\/\"]}]},{\"@type\":\"ImageObject\",\"inLanguage\":\"lv-LV\",\"@id\":\"https:\\\/\\\/moozapro.com\\\/lv\\\/produktas\\\/parfimerijas-udens-kermenim-un-matiemmandarine\\\/#primaryimage\",\"url\":\"https:\\\/\\\/moozapro.com\\\/wp-content\\\/uploads\\\/2024\\\/05\\\/acqua-profumata-idratante-rose-mandarine.jpg\",\"contentUrl\":\"https:\\\/\\\/moozapro.com\\\/wp-content\\\/uploads\\\/2024\\\/05\\\/acqua-profumata-idratante-rose-mandarine.jpg\",\"width\":1100,\"height\":1422},{\"@type\":\"BreadcrumbList\",\"@id\":\"https:\\\/\\\/moozapro.com\\\/lv\\\/produktas\\\/parfimerijas-udens-kermenim-un-matiemmandarine\\\/#breadcrumb\",\"itemListElement\":[{\"@type\":\"ListItem\",\"position\":1,\"name\":\"Galvenais\",\"item\":\"https:\\\/\\\/moozapro.com\\\/lv\\\/\"},{\"@type\":\"ListItem\",\"position\":2,\"name\":\"Visi produkti\",\"item\":\"https:\\\/\\\/moozapro.com\\\/lv\\\/shop\\\/\"},{\"@type\":\"ListItem\",\"position\":3,\"name\":\"Parfim\u0113rijas \u016bdens \u0137ermenim un matiem&#8221;MANDARINE&#8221;\"}]},{\"@type\":\"WebSite\",\"@id\":\"https:\\\/\\\/moozapro.com\\\/lv\\\/#website\",\"url\":\"https:\\\/\\\/moozapro.com\\\/lv\\\/\",\"name\":\"Mooza Pro\",\"description\":\"Priemon\u0117s j\u016bs\u0173 plaukams\",\"publisher\":{\"@id\":\"https:\\\/\\\/moozapro.com\\\/lv\\\/#organization\"},\"potentialAction\":[{\"@type\":\"SearchAction\",\"target\":{\"@type\":\"EntryPoint\",\"urlTemplate\":\"https:\\\/\\\/moozapro.com\\\/lv\\\/?s={search_term_string}\"},\"query-input\":{\"@type\":\"PropertyValueSpecification\",\"valueRequired\":true,\"valueName\":\"search_term_string\"}}],\"inLanguage\":\"lv-LV\"},{\"@type\":\"Organization\",\"@id\":\"https:\\\/\\\/moozapro.com\\\/lv\\\/#organization\",\"name\":\"Mooza Pro\",\"url\":\"https:\\\/\\\/moozapro.com\\\/lv\\\/\",\"logo\":{\"@type\":\"ImageObject\",\"inLanguage\":\"lv-LV\",\"@id\":\"https:\\\/\\\/moozapro.com\\\/lv\\\/#\\\/schema\\\/logo\\\/image\\\/\",\"url\":\"https:\\\/\\\/moozapro.com\\\/wp-content\\\/uploads\\\/2023\\\/11\\\/Mooza-Pro-mazas-logo.png\",\"contentUrl\":\"https:\\\/\\\/moozapro.com\\\/wp-content\\\/uploads\\\/2023\\\/11\\\/Mooza-Pro-mazas-logo.png\",\"width\":250,\"height\":103,\"caption\":\"Mooza Pro\"},\"image\":{\"@id\":\"https:\\\/\\\/moozapro.com\\\/lv\\\/#\\\/schema\\\/logo\\\/image\\\/\"},\"sameAs\":[\"https:\\\/\\\/www.facebook.com\\\/moozabeauty\"]}]}<\/script>\n<!-- \/ Yoast SEO plugin. -->","yoast_head_json":{"title":"Parfim\u0113rijas \u016bdens \u0137ermenim un matiem\"MANDARINE\" | Mooza Pro","robots":{"index":"index","follow":"follow","max-snippet":"max-snippet:-1","max-image-preview":"max-image-preview:large","max-video-preview":"max-video-preview:-1"},"canonical":"https:\/\/moozapro.com\/lv\/produktas\/parfimerijas-udens-kermenim-un-matiemmandarine\/","og_locale":"lv_LV","og_type":"article","og_title":"Parfim\u0113rijas \u016bdens \u0137ermenim un matiem\"MANDARINE\" | Mooza Pro","og_description":"https:\/\/moozapro.com\/wp-content\/uploads\/2024\/05\/IMG_9777.mov \u013boti augsta koncentr\u0101cija pastiprin\u0101t\u0101ja nekav\u0113joties uzlabo matu saj\u016btu un palielinaNEWSHA Treatments masku kondicion\u0113\u0161anas efektu. Mitrino\u0161s aromatiz\u0113ts \u016bdens ar alvejas sulu un bie\u0161u ekstraktu ilgsto\u0161ai mitrin\u0101\u0161anai . Viegl\u0101 konsistence \u0101tri ies\u016bcas \u0101d\u0101 un padara to z\u012bdainu visas dienas garum\u0101, bet rakstur\u012bgais arom\u0101ts saglab\u0101jas. Lieto\u0161ana: Izsmidziniet uz \u0101das un matiem p\u0113c du\u0161as vai dienas laik\u0101. Arom\u0101ti: Galven\u0101s notis: za\u013c\u0101s notis, apels\u012bns,\u2026","og_url":"https:\/\/moozapro.com\/lv\/produktas\/parfimerijas-udens-kermenim-un-matiemmandarine\/","og_site_name":"Mooza Pro","article_publisher":"https:\/\/www.facebook.com\/moozabeauty","article_modified_time":"2025-07-11T13:15:52+00:00","og_image":[{"width":1100,"height":1422,"url":"https:\/\/moozapro.com\/wp-content\/uploads\/2024\/05\/acqua-profumata-idratante-rose-mandarine.jpg","type":"image\/jpeg"}],"twitter_card":"summary_large_image","twitter_misc":{"Est. reading time":"1 minute"},"schema":{"@context":"https:\/\/schema.org","@graph":[{"@type":"WebPage","@id":"https:\/\/moozapro.com\/lv\/produktas\/parfimerijas-udens-kermenim-un-matiemmandarine\/","url":"https:\/\/moozapro.com\/lv\/produktas\/parfimerijas-udens-kermenim-un-matiemmandarine\/","name":"Parfim\u0113rijas \u016bdens \u0137ermenim un matiem\"MANDARINE\" | Mooza Pro","isPartOf":{"@id":"https:\/\/moozapro.com\/lv\/#website"},"primaryImageOfPage":{"@id":"https:\/\/moozapro.com\/lv\/produktas\/parfimerijas-udens-kermenim-un-matiemmandarine\/#primaryimage"},"image":{"@id":"https:\/\/moozapro.com\/lv\/produktas\/parfimerijas-udens-kermenim-un-matiemmandarine\/#primaryimage"},"thumbnailUrl":"https:\/\/moozapro.com\/wp-content\/uploads\/2024\/05\/acqua-profumata-idratante-rose-mandarine.jpg","datePublished":"2024-08-02T07:13:38+00:00","dateModified":"2025-07-11T13:15:52+00:00","breadcrumb":{"@id":"https:\/\/moozapro.com\/lv\/produktas\/parfimerijas-udens-kermenim-un-matiemmandarine\/#breadcrumb"},"inLanguage":"lv-LV","potentialAction":[{"@type":"ReadAction","target":["https:\/\/moozapro.com\/lv\/produktas\/parfimerijas-udens-kermenim-un-matiemmandarine\/"]}]},{"@type":"ImageObject","inLanguage":"lv-LV","@id":"https:\/\/moozapro.com\/lv\/produktas\/parfimerijas-udens-kermenim-un-matiemmandarine\/#primaryimage","url":"https:\/\/moozapro.com\/wp-content\/uploads\/2024\/05\/acqua-profumata-idratante-rose-mandarine.jpg","contentUrl":"https:\/\/moozapro.com\/wp-content\/uploads\/2024\/05\/acqua-profumata-idratante-rose-mandarine.jpg","width":1100,"height":1422},{"@type":"BreadcrumbList","@id":"https:\/\/moozapro.com\/lv\/produktas\/parfimerijas-udens-kermenim-un-matiemmandarine\/#breadcrumb","itemListElement":[{"@type":"ListItem","position":1,"name":"Galvenais","item":"https:\/\/moozapro.com\/lv\/"},{"@type":"ListItem","position":2,"name":"Visi produkti","item":"https:\/\/moozapro.com\/lv\/shop\/"},{"@type":"ListItem","position":3,"name":"Parfim\u0113rijas \u016bdens \u0137ermenim un matiem&#8221;MANDARINE&#8221;"}]},{"@type":"WebSite","@id":"https:\/\/moozapro.com\/lv\/#website","url":"https:\/\/moozapro.com\/lv\/","name":"Mooza Pro","description":"Priemon\u0117s j\u016bs\u0173 plaukams","publisher":{"@id":"https:\/\/moozapro.com\/lv\/#organization"},"potentialAction":[{"@type":"SearchAction","target":{"@type":"EntryPoint","urlTemplate":"https:\/\/moozapro.com\/lv\/?s={search_term_string}"},"query-input":{"@type":"PropertyValueSpecification","valueRequired":true,"valueName":"search_term_string"}}],"inLanguage":"lv-LV"},{"@type":"Organization","@id":"https:\/\/moozapro.com\/lv\/#organization","name":"Mooza Pro","url":"https:\/\/moozapro.com\/lv\/","logo":{"@type":"ImageObject","inLanguage":"lv-LV","@id":"https:\/\/moozapro.com\/lv\/#\/schema\/logo\/image\/","url":"https:\/\/moozapro.com\/wp-content\/uploads\/2023\/11\/Mooza-Pro-mazas-logo.png","contentUrl":"https:\/\/moozapro.com\/wp-content\/uploads\/2023\/11\/Mooza-Pro-mazas-logo.png","width":250,"height":103,"caption":"Mooza Pro"},"image":{"@id":"https:\/\/moozapro.com\/lv\/#\/schema\/logo\/image\/"},"sameAs":["https:\/\/www.facebook.com\/moozabeauty"]}]}},"_links":{"self":[{"href":"https:\/\/moozapro.com\/lv\/wp-json\/wp\/v2\/product\/23410","targetHints":{"allow":["GET"]}}],"collection":[{"href":"https:\/\/moozapro.com\/lv\/wp-json\/wp\/v2\/product"}],"about":[{"href":"https:\/\/moozapro.com\/lv\/wp-json\/wp\/v2\/types\/product"}],"replies":[{"embeddable":true,"href":"https:\/\/moozapro.com\/lv\/wp-json\/wp\/v2\/comments?post=23410"}],"version-history":[{"count":2,"href":"https:\/\/moozapro.com\/lv\/wp-json\/wp\/v2\/product\/23410\/revisions"}],"predecessor-version":[{"id":30205,"href":"https:\/\/moozapro.com\/lv\/wp-json\/wp\/v2\/product\/23410\/revisions\/30205"}],"wp:featuredmedia":[{"embeddable":true,"href":"https:\/\/moozapro.com\/lv\/wp-json\/wp\/v2\/media\/23400"}],"wp:attachment":[{"href":"https:\/\/moozapro.com\/lv\/wp-json\/wp\/v2\/media?parent=23410"}],"wp:term":[{"taxonomy":"product_brand","embeddable":true,"href":"https:\/\/moozapro.com\/lv\/wp-json\/wp\/v2\/product_brand?post=23410"},{"taxonomy":"product_cat","embeddable":true,"href":"https:\/\/moozapro.com\/lv\/wp-json\/wp\/v2\/product_cat?post=23410"},{"taxonomy":"product_tag","embeddable":true,"href":"https:\/\/moozapro.com\/lv\/wp-json\/wp\/v2\/product_tag?post=23410"}],"curies":[{"name":"wp","href":"https:\/\/api.w.org\/{rel}","templated":true}]}}