{"id":23412,"date":"2024-08-03T13:11:19","date_gmt":"2024-08-03T10:11:19","guid":{"rendered":"https:\/\/moozapro.com\/produktas\/sampuns-kondicionieris-un-skrubis-viena\/"},"modified":"2025-07-11T16:15:53","modified_gmt":"2025-07-11T13:15:53","slug":"sampuns-kondicionieris-un-skrubis-viena","status":"publish","type":"product","link":"https:\/\/moozapro.com\/lv\/produktas\/sampuns-kondicionieris-un-skrubis-viena\/","title":{"rendered":"\u0160amp\u016bns, kondicionieris un skrubis vien\u0101"},"content":{"rendered":"\t\t<div data-elementor-type=\"product-post\" data-elementor-id=\"23412\" class=\"elementor elementor-23412 elementor-21545\" data-elementor-post-type=\"product\">\n\t\t\t\t<div class=\"elementor-element elementor-element-40a6df7 e-flex e-con-boxed kitify-col-width-auto-no ignore-docs-style-no kitify-disable-relative-no e-root-container elementor-top-section e-con e-parent\" data-id=\"40a6df7\" data-element_type=\"container\" data-e-type=\"container\">\n\t\t\t\t\t<div class=\"e-con-inner\">\n\t\t<div class=\"elementor-element elementor-element-246e9a4 e-con-full e-flex kitify-col-width-auto-no ignore-docs-style-no kitify-disable-relative-no e-con e-child\" data-id=\"246e9a4\" data-element_type=\"container\" data-e-type=\"container\" data-settings=\"{&quot;background_background&quot;:&quot;classic&quot;}\">\n\t\t\t\t<div class=\"elementor-element elementor-element-1e7c1ef elementor-widget elementor-widget-image\" data-id=\"1e7c1ef\" data-element_type=\"widget\" data-e-type=\"widget\" data-widget_type=\"image.default\">\n\t\t\t\t<div class=\"elementor-widget-container\">\n\t\t\t\t\t\t\t\t\t\t\t\t\t\t\t<img fetchpriority=\"high\" decoding=\"async\" width=\"1100\" height=\"1422\" src=\"https:\/\/moozapro.com\/wp-content\/uploads\/2024\/05\/cowash-peeling.jpg\" class=\"attachment-full size-full wp-image-23398\" alt=\"\" srcset=\"https:\/\/moozapro.com\/wp-content\/uploads\/2024\/05\/cowash-peeling.jpg 1100w, https:\/\/moozapro.com\/wp-content\/uploads\/2024\/05\/cowash-peeling-1000x1293.jpg 1000w\" sizes=\"(max-width: 1100px) 100vw, 1100px\" \/>\t\t\t\t\t\t\t\t\t\t\t\t\t\t\t<\/div>\n\t\t\t\t<\/div>\n\t\t\t\t<\/div>\n\t\t<div class=\"elementor-element elementor-element-21259e3 e-con-full e-flex kitify-col-width-auto-no ignore-docs-style-no kitify-disable-relative-no e-con e-child\" data-id=\"21259e3\" data-element_type=\"container\" data-e-type=\"container\">\n\t\t\t\t<div class=\"elementor-element elementor-element-893adb6 elementor-widget elementor-widget-heading\" data-id=\"893adb6\" data-element_type=\"widget\" data-e-type=\"widget\" data-widget_type=\"heading.default\">\n\t\t\t\t<div class=\"elementor-widget-container\">\n\t\t\t\t\t<h2 class=\"elementor-heading-title elementor-size-default\">Unik\u0101ls produkts - tr\u012bs funkcijas vien\u0101. \u0100tram un \u012bpa\u0161i labam rezult\u0101tam.<\/h2>\t\t\t\t<\/div>\n\t\t\t\t<\/div>\n\t\t\t\t<div class=\"elementor-element elementor-element-8a75d44 elementor-widget-divider--view-line elementor-widget elementor-widget-divider\" data-id=\"8a75d44\" data-element_type=\"widget\" data-e-type=\"widget\" data-widget_type=\"divider.default\">\n\t\t\t\t<div class=\"elementor-widget-container\">\n\t\t\t\t\t\t\t<div class=\"elementor-divider\">\n\t\t\t<span class=\"elementor-divider-separator\">\n\t\t\t\t\t\t<\/span>\n\t\t<\/div>\n\t\t\t\t\t\t<\/div>\n\t\t\t\t<\/div>\n\t\t\t\t<div class=\"elementor-element elementor-element-2cdc1e5 elementor-widget elementor-widget-spacer\" data-id=\"2cdc1e5\" data-element_type=\"widget\" data-e-type=\"widget\" data-widget_type=\"spacer.default\">\n\t\t\t\t<div class=\"elementor-widget-container\">\n\t\t\t\t\t\t\t<div class=\"elementor-spacer\">\n\t\t\t<div class=\"elementor-spacer-inner\"><\/div>\n\t\t<\/div>\n\t\t\t\t\t\t<\/div>\n\t\t\t\t<\/div>\n\t\t\t\t<div class=\"elementor-element elementor-element-80941e4 elementor-widget elementor-widget-text-editor\" data-id=\"80941e4\" data-element_type=\"widget\" data-e-type=\"widget\" data-widget_type=\"text-editor.default\">\n\t\t\t\t<div class=\"elementor-widget-container\">\n\t\t\t\t\t\t\t\t\t<p>Unik\u0101ls produkts, kas piem\u0113rots visiem galvas \u0101das un matu tipiem.  <\/p><p>Ar probiotik\u0101m bag\u0101tin\u0101ta \u0101das mazg\u0101\u0161ana un matu kop\u0161ana vienlaic\u012bgi.  <\/p><p>\u0160amp\u016bns, kondicionieris un skrubis vien\u0101. Ir gr\u016bti notic\u0113t, ka vien\u0101 produkt\u0101 darbojas tik daudz da\u017e\u0101du funkciju.  <\/p><p>Veicot produkta test\u0113\u0161anu, m\u0113s paman\u012bj\u0101m da\u017eas \u013coti interesantas lietas:  <\/p><ul><li>produkts nav putas, bet \u013coti labi att\u012bra galvas \u0101du<\/li><li>mazg\u0101\u0161anas laik\u0101 nav sap\u012b\u0161an\u0101s vai ie\u0137er\u0161an\u0101s<\/li><li>p\u0113c mazg\u0101\u0161anas mati ir bez raupjuma un t\u012bri.  <\/li><\/ul><p>Ilgsto\u0161i lietojot, nov\u0113ro matu aug\u0161anas pa\u0101trin\u0101\u0161anos.  <\/p><p><em><strong>IZMANTO\u0160ANA: <\/strong><\/em>Uzkl\u0101jiet l\u012bdzekli uz galvas \u0101das un matiem, ar maig\u0101m mas\u0101\u017eas kust\u012bb\u0101m izklied\u0113jot pa galvas \u0101du un matiem. Atk\u0101rtojiet divas reizes.  <\/p><p>P\u0113c mazg\u0101\u0161anas izmantojiet atst\u0101\u0161anas kondicionierus.  <\/p><p><span style=\"font-size: 8pt;\">\u016adens, cetearilspirts, distearoletilhidroksietilmonija metosulf\u0101ts, glicer\u012bns, hidroksietilceluloze, laktokoku fermenta liz\u0101ts, parf\u012bms, fenoksietanols, etilheksilglicer\u012bns, piensk\u0101be, tetrametil acetilketahidronaftal\u012bns, benzilspirts, pin\u0113ns, heksametilindanopir\u0101ns.<\/span><\/p>\t\t\t\t\t\t\t\t<\/div>\n\t\t\t\t<\/div>\n\t\t\t\t<\/div>\n\t\t\t\t\t<\/div>\n\t\t\t\t<\/div>\n\t\t\t\t<\/div>\n\t\t","protected":false},"excerpt":{"rendered":"<p>Unik\u0101ls produkts - tr\u012bs funkcijas vien\u0101. \u0100tram un \u012bpa\u0161i labam rezult\u0101tam. Unik\u0101ls produkts, kas piem\u0113rots visiem galvas \u0101das un matu tipiem. Ar probiotik\u0101m bag\u0101tin\u0101ta \u0101das mazg\u0101\u0161ana un matu kop\u0161ana vienlaic\u012bgi. \u0160amp\u016bns, kondicionieris un skrubis vien\u0101. Ir gr\u016bti notic\u0113t, ka vien\u0101 produkt\u0101 darbojas tik daudz da\u017e\u0101du funkciju. Veicot produkta test\u0113\u0161anu, m\u0113s paman\u012bj\u0101m da\u017eas \u013coti interesantas lietas: produkts nav putas, bet \u013coti\u2026<\/p>\n","protected":false},"featured_media":23398,"comment_status":"open","ping_status":"closed","template":"","meta":[],"product_brand":[],"product_cat":[452,475,479],"product_tag":[],"class_list":{"0":"post-23412","1":"product","2":"type-product","3":"status-publish","4":"has-post-thumbnail","6":"product_cat-glam1965-lv","7":"product_cat-kondicionieri","8":"product_cat-sampuni","10":"first","11":"instock","12":"taxable","13":"shipping-taxable","14":"purchasable","15":"product-type-simple"},"yoast_head":"<!-- This site is optimized with the Yoast SEO plugin v27.4 - https:\/\/yoast.com\/product\/yoast-seo-wordpress\/ -->\n<title>\u0160amp\u016bns, kondicionieris un skrubis vien\u0101 | Mooza Pro<\/title>\n<meta name=\"robots\" content=\"index, follow, max-snippet:-1, max-image-preview:large, max-video-preview:-1\" \/>\n<link rel=\"canonical\" href=\"https:\/\/moozapro.com\/lv\/produktas\/sampuns-kondicionieris-un-skrubis-viena\/\" \/>\n<meta property=\"og:locale\" content=\"lv_LV\" \/>\n<meta property=\"og:type\" content=\"article\" \/>\n<meta property=\"og:title\" content=\"\u0160amp\u016bns, kondicionieris un skrubis vien\u0101 | Mooza Pro\" \/>\n<meta property=\"og:description\" content=\"Unik\u0101ls produkts - tr\u012bs funkcijas vien\u0101. \u0100tram un \u012bpa\u0161i labam rezult\u0101tam. Unik\u0101ls produkts, kas piem\u0113rots visiem galvas \u0101das un matu tipiem. Ar probiotik\u0101m bag\u0101tin\u0101ta \u0101das mazg\u0101\u0161ana un matu kop\u0161ana vienlaic\u012bgi. \u0160amp\u016bns, kondicionieris un skrubis vien\u0101. Ir gr\u016bti notic\u0113t, ka vien\u0101 produkt\u0101 darbojas tik daudz da\u017e\u0101du funkciju. Veicot produkta test\u0113\u0161anu, m\u0113s paman\u012bj\u0101m da\u017eas \u013coti interesantas lietas: produkts nav putas, bet \u013coti\u2026\" \/>\n<meta property=\"og:url\" content=\"https:\/\/moozapro.com\/lv\/produktas\/sampuns-kondicionieris-un-skrubis-viena\/\" \/>\n<meta property=\"og:site_name\" content=\"Mooza Pro\" \/>\n<meta property=\"article:publisher\" content=\"https:\/\/www.facebook.com\/moozabeauty\" \/>\n<meta property=\"article:modified_time\" content=\"2025-07-11T13:15:53+00:00\" \/>\n<meta property=\"og:image\" content=\"https:\/\/moozapro.com\/wp-content\/uploads\/2024\/05\/cowash-peeling.jpg\" \/>\n\t<meta property=\"og:image:width\" content=\"1100\" \/>\n\t<meta property=\"og:image:height\" content=\"1422\" \/>\n\t<meta property=\"og:image:type\" content=\"image\/jpeg\" \/>\n<meta name=\"twitter:card\" content=\"summary_large_image\" \/>\n<meta name=\"twitter:label1\" content=\"Est. reading time\" \/>\n\t<meta name=\"twitter:data1\" content=\"1 minute\" \/>\n<script type=\"application\/ld+json\" class=\"yoast-schema-graph\">{\"@context\":\"https:\\\/\\\/schema.org\",\"@graph\":[{\"@type\":\"WebPage\",\"@id\":\"https:\\\/\\\/moozapro.com\\\/lv\\\/produktas\\\/sampuns-kondicionieris-un-skrubis-viena\\\/\",\"url\":\"https:\\\/\\\/moozapro.com\\\/lv\\\/produktas\\\/sampuns-kondicionieris-un-skrubis-viena\\\/\",\"name\":\"\u0160amp\u016bns, kondicionieris un skrubis vien\u0101 | Mooza Pro\",\"isPartOf\":{\"@id\":\"https:\\\/\\\/moozapro.com\\\/lv\\\/#website\"},\"primaryImageOfPage\":{\"@id\":\"https:\\\/\\\/moozapro.com\\\/lv\\\/produktas\\\/sampuns-kondicionieris-un-skrubis-viena\\\/#primaryimage\"},\"image\":{\"@id\":\"https:\\\/\\\/moozapro.com\\\/lv\\\/produktas\\\/sampuns-kondicionieris-un-skrubis-viena\\\/#primaryimage\"},\"thumbnailUrl\":\"https:\\\/\\\/moozapro.com\\\/wp-content\\\/uploads\\\/2024\\\/05\\\/cowash-peeling.jpg\",\"datePublished\":\"2024-08-03T10:11:19+00:00\",\"dateModified\":\"2025-07-11T13:15:53+00:00\",\"breadcrumb\":{\"@id\":\"https:\\\/\\\/moozapro.com\\\/lv\\\/produktas\\\/sampuns-kondicionieris-un-skrubis-viena\\\/#breadcrumb\"},\"inLanguage\":\"lv-LV\",\"potentialAction\":[{\"@type\":\"ReadAction\",\"target\":[\"https:\\\/\\\/moozapro.com\\\/lv\\\/produktas\\\/sampuns-kondicionieris-un-skrubis-viena\\\/\"]}]},{\"@type\":\"ImageObject\",\"inLanguage\":\"lv-LV\",\"@id\":\"https:\\\/\\\/moozapro.com\\\/lv\\\/produktas\\\/sampuns-kondicionieris-un-skrubis-viena\\\/#primaryimage\",\"url\":\"https:\\\/\\\/moozapro.com\\\/wp-content\\\/uploads\\\/2024\\\/05\\\/cowash-peeling.jpg\",\"contentUrl\":\"https:\\\/\\\/moozapro.com\\\/wp-content\\\/uploads\\\/2024\\\/05\\\/cowash-peeling.jpg\",\"width\":1100,\"height\":1422},{\"@type\":\"BreadcrumbList\",\"@id\":\"https:\\\/\\\/moozapro.com\\\/lv\\\/produktas\\\/sampuns-kondicionieris-un-skrubis-viena\\\/#breadcrumb\",\"itemListElement\":[{\"@type\":\"ListItem\",\"position\":1,\"name\":\"Galvenais\",\"item\":\"https:\\\/\\\/moozapro.com\\\/lv\\\/\"},{\"@type\":\"ListItem\",\"position\":2,\"name\":\"Visi produkti\",\"item\":\"https:\\\/\\\/moozapro.com\\\/lv\\\/shop\\\/\"},{\"@type\":\"ListItem\",\"position\":3,\"name\":\"\u0160amp\u016bns, kondicionieris un skrubis vien\u0101\"}]},{\"@type\":\"WebSite\",\"@id\":\"https:\\\/\\\/moozapro.com\\\/lv\\\/#website\",\"url\":\"https:\\\/\\\/moozapro.com\\\/lv\\\/\",\"name\":\"Mooza Pro\",\"description\":\"Priemon\u0117s j\u016bs\u0173 plaukams\",\"publisher\":{\"@id\":\"https:\\\/\\\/moozapro.com\\\/lv\\\/#organization\"},\"potentialAction\":[{\"@type\":\"SearchAction\",\"target\":{\"@type\":\"EntryPoint\",\"urlTemplate\":\"https:\\\/\\\/moozapro.com\\\/lv\\\/?s={search_term_string}\"},\"query-input\":{\"@type\":\"PropertyValueSpecification\",\"valueRequired\":true,\"valueName\":\"search_term_string\"}}],\"inLanguage\":\"lv-LV\"},{\"@type\":\"Organization\",\"@id\":\"https:\\\/\\\/moozapro.com\\\/lv\\\/#organization\",\"name\":\"Mooza Pro\",\"url\":\"https:\\\/\\\/moozapro.com\\\/lv\\\/\",\"logo\":{\"@type\":\"ImageObject\",\"inLanguage\":\"lv-LV\",\"@id\":\"https:\\\/\\\/moozapro.com\\\/lv\\\/#\\\/schema\\\/logo\\\/image\\\/\",\"url\":\"https:\\\/\\\/moozapro.com\\\/wp-content\\\/uploads\\\/2023\\\/11\\\/Mooza-Pro-mazas-logo.png\",\"contentUrl\":\"https:\\\/\\\/moozapro.com\\\/wp-content\\\/uploads\\\/2023\\\/11\\\/Mooza-Pro-mazas-logo.png\",\"width\":250,\"height\":103,\"caption\":\"Mooza Pro\"},\"image\":{\"@id\":\"https:\\\/\\\/moozapro.com\\\/lv\\\/#\\\/schema\\\/logo\\\/image\\\/\"},\"sameAs\":[\"https:\\\/\\\/www.facebook.com\\\/moozabeauty\"]}]}<\/script>\n<!-- \/ Yoast SEO plugin. -->","yoast_head_json":{"title":"\u0160amp\u016bns, kondicionieris un skrubis vien\u0101 | Mooza Pro","robots":{"index":"index","follow":"follow","max-snippet":"max-snippet:-1","max-image-preview":"max-image-preview:large","max-video-preview":"max-video-preview:-1"},"canonical":"https:\/\/moozapro.com\/lv\/produktas\/sampuns-kondicionieris-un-skrubis-viena\/","og_locale":"lv_LV","og_type":"article","og_title":"\u0160amp\u016bns, kondicionieris un skrubis vien\u0101 | Mooza Pro","og_description":"Unik\u0101ls produkts - tr\u012bs funkcijas vien\u0101. \u0100tram un \u012bpa\u0161i labam rezult\u0101tam. Unik\u0101ls produkts, kas piem\u0113rots visiem galvas \u0101das un matu tipiem. Ar probiotik\u0101m bag\u0101tin\u0101ta \u0101das mazg\u0101\u0161ana un matu kop\u0161ana vienlaic\u012bgi. \u0160amp\u016bns, kondicionieris un skrubis vien\u0101. Ir gr\u016bti notic\u0113t, ka vien\u0101 produkt\u0101 darbojas tik daudz da\u017e\u0101du funkciju. Veicot produkta test\u0113\u0161anu, m\u0113s paman\u012bj\u0101m da\u017eas \u013coti interesantas lietas: produkts nav putas, bet \u013coti\u2026","og_url":"https:\/\/moozapro.com\/lv\/produktas\/sampuns-kondicionieris-un-skrubis-viena\/","og_site_name":"Mooza Pro","article_publisher":"https:\/\/www.facebook.com\/moozabeauty","article_modified_time":"2025-07-11T13:15:53+00:00","og_image":[{"width":1100,"height":1422,"url":"https:\/\/moozapro.com\/wp-content\/uploads\/2024\/05\/cowash-peeling.jpg","type":"image\/jpeg"}],"twitter_card":"summary_large_image","twitter_misc":{"Est. reading time":"1 minute"},"schema":{"@context":"https:\/\/schema.org","@graph":[{"@type":"WebPage","@id":"https:\/\/moozapro.com\/lv\/produktas\/sampuns-kondicionieris-un-skrubis-viena\/","url":"https:\/\/moozapro.com\/lv\/produktas\/sampuns-kondicionieris-un-skrubis-viena\/","name":"\u0160amp\u016bns, kondicionieris un skrubis vien\u0101 | Mooza Pro","isPartOf":{"@id":"https:\/\/moozapro.com\/lv\/#website"},"primaryImageOfPage":{"@id":"https:\/\/moozapro.com\/lv\/produktas\/sampuns-kondicionieris-un-skrubis-viena\/#primaryimage"},"image":{"@id":"https:\/\/moozapro.com\/lv\/produktas\/sampuns-kondicionieris-un-skrubis-viena\/#primaryimage"},"thumbnailUrl":"https:\/\/moozapro.com\/wp-content\/uploads\/2024\/05\/cowash-peeling.jpg","datePublished":"2024-08-03T10:11:19+00:00","dateModified":"2025-07-11T13:15:53+00:00","breadcrumb":{"@id":"https:\/\/moozapro.com\/lv\/produktas\/sampuns-kondicionieris-un-skrubis-viena\/#breadcrumb"},"inLanguage":"lv-LV","potentialAction":[{"@type":"ReadAction","target":["https:\/\/moozapro.com\/lv\/produktas\/sampuns-kondicionieris-un-skrubis-viena\/"]}]},{"@type":"ImageObject","inLanguage":"lv-LV","@id":"https:\/\/moozapro.com\/lv\/produktas\/sampuns-kondicionieris-un-skrubis-viena\/#primaryimage","url":"https:\/\/moozapro.com\/wp-content\/uploads\/2024\/05\/cowash-peeling.jpg","contentUrl":"https:\/\/moozapro.com\/wp-content\/uploads\/2024\/05\/cowash-peeling.jpg","width":1100,"height":1422},{"@type":"BreadcrumbList","@id":"https:\/\/moozapro.com\/lv\/produktas\/sampuns-kondicionieris-un-skrubis-viena\/#breadcrumb","itemListElement":[{"@type":"ListItem","position":1,"name":"Galvenais","item":"https:\/\/moozapro.com\/lv\/"},{"@type":"ListItem","position":2,"name":"Visi produkti","item":"https:\/\/moozapro.com\/lv\/shop\/"},{"@type":"ListItem","position":3,"name":"\u0160amp\u016bns, kondicionieris un skrubis vien\u0101"}]},{"@type":"WebSite","@id":"https:\/\/moozapro.com\/lv\/#website","url":"https:\/\/moozapro.com\/lv\/","name":"Mooza Pro","description":"Priemon\u0117s j\u016bs\u0173 plaukams","publisher":{"@id":"https:\/\/moozapro.com\/lv\/#organization"},"potentialAction":[{"@type":"SearchAction","target":{"@type":"EntryPoint","urlTemplate":"https:\/\/moozapro.com\/lv\/?s={search_term_string}"},"query-input":{"@type":"PropertyValueSpecification","valueRequired":true,"valueName":"search_term_string"}}],"inLanguage":"lv-LV"},{"@type":"Organization","@id":"https:\/\/moozapro.com\/lv\/#organization","name":"Mooza Pro","url":"https:\/\/moozapro.com\/lv\/","logo":{"@type":"ImageObject","inLanguage":"lv-LV","@id":"https:\/\/moozapro.com\/lv\/#\/schema\/logo\/image\/","url":"https:\/\/moozapro.com\/wp-content\/uploads\/2023\/11\/Mooza-Pro-mazas-logo.png","contentUrl":"https:\/\/moozapro.com\/wp-content\/uploads\/2023\/11\/Mooza-Pro-mazas-logo.png","width":250,"height":103,"caption":"Mooza Pro"},"image":{"@id":"https:\/\/moozapro.com\/lv\/#\/schema\/logo\/image\/"},"sameAs":["https:\/\/www.facebook.com\/moozabeauty"]}]}},"_links":{"self":[{"href":"https:\/\/moozapro.com\/lv\/wp-json\/wp\/v2\/product\/23412","targetHints":{"allow":["GET"]}}],"collection":[{"href":"https:\/\/moozapro.com\/lv\/wp-json\/wp\/v2\/product"}],"about":[{"href":"https:\/\/moozapro.com\/lv\/wp-json\/wp\/v2\/types\/product"}],"replies":[{"embeddable":true,"href":"https:\/\/moozapro.com\/lv\/wp-json\/wp\/v2\/comments?post=23412"}],"version-history":[{"count":2,"href":"https:\/\/moozapro.com\/lv\/wp-json\/wp\/v2\/product\/23412\/revisions"}],"predecessor-version":[{"id":30206,"href":"https:\/\/moozapro.com\/lv\/wp-json\/wp\/v2\/product\/23412\/revisions\/30206"}],"wp:featuredmedia":[{"embeddable":true,"href":"https:\/\/moozapro.com\/lv\/wp-json\/wp\/v2\/media\/23398"}],"wp:attachment":[{"href":"https:\/\/moozapro.com\/lv\/wp-json\/wp\/v2\/media?parent=23412"}],"wp:term":[{"taxonomy":"product_brand","embeddable":true,"href":"https:\/\/moozapro.com\/lv\/wp-json\/wp\/v2\/product_brand?post=23412"},{"taxonomy":"product_cat","embeddable":true,"href":"https:\/\/moozapro.com\/lv\/wp-json\/wp\/v2\/product_cat?post=23412"},{"taxonomy":"product_tag","embeddable":true,"href":"https:\/\/moozapro.com\/lv\/wp-json\/wp\/v2\/product_tag?post=23412"}],"curies":[{"name":"wp","href":"https:\/\/api.w.org\/{rel}","templated":true}]}}