{"id":23440,"date":"2023-06-26T16:14:09","date_gmt":"2024-08-03T10:30:02","guid":{"rendered":"https:\/\/moozapro.com\/produktas\/mitrinosas-augsanas-ampulas\/"},"modified":"2025-07-28T17:45:02","modified_gmt":"2025-07-28T14:45:02","slug":"mitrinosas-augsanas-ampulas","status":"publish","type":"product","link":"https:\/\/moozapro.com\/lv\/produktas\/mitrinosas-augsanas-ampulas\/","title":{"rendered":"Mitrino\u0161as aug\u0161anas ampulas"},"content":{"rendered":"\t\t<div data-elementor-type=\"product-post\" data-elementor-id=\"23440\" class=\"elementor elementor-23440 elementor-20357\" data-elementor-post-type=\"product\">\n\t\t\t\t<div class=\"elementor-element elementor-element-3c91d3da e-flex e-con-boxed kitify-col-width-auto-no ignore-docs-style-no kitify-disable-relative-no e-root-container elementor-top-section e-con e-parent\" data-id=\"3c91d3da\" data-element_type=\"container\">\n\t\t\t\t\t<div class=\"e-con-inner\">\n\t\t\t\t<div class=\"elementor-element elementor-element-201e78f4 elementor-widget-tablet__width-initial elementor-widget elementor-widget-image\" data-id=\"201e78f4\" data-element_type=\"widget\" data-widget_type=\"image.default\">\n\t\t\t\t<div class=\"elementor-widget-container\">\n\t\t\t\t\t\t\t\t\t\t\t\t\t\t\t<img fetchpriority=\"high\" decoding=\"async\" width=\"686\" height=\"458\" src=\"https:\/\/moozapro.com\/wp-content\/uploads\/2023\/02\/image-1-1.png\" class=\"attachment-medium size-medium wp-image-23176\" alt=\"\" \/>\t\t\t\t\t\t\t\t\t\t\t\t\t\t\t<\/div>\n\t\t\t\t<\/div>\n\t\t<div class=\"elementor-element elementor-element-70cb91ab e-con-full e-flex kitify-col-width-auto-no ignore-docs-style-no kitify-disable-relative-no e-con e-child\" data-id=\"70cb91ab\" data-element_type=\"container\">\n\t\t\t\t<div class=\"elementor-element elementor-element-403f241 elementor-widget elementor-widget-text-editor\" data-id=\"403f241\" data-element_type=\"widget\" data-widget_type=\"text-editor.default\">\n\t\t\t\t<div class=\"elementor-widget-container\">\n\t\t\t\t\t\t\t\t\t<p><span style=\"font-family: 'trebuchet ms', geneva, sans-serif;\"><span style=\"font-weight: 400;\">&#8220;GLAM 1965&#8243; z\u012bmols ir izstr\u0101d\u0101ts un ra\u017eots It\u0101lij\u0101, iev\u0113rojot biolo\u0123iskuma un dabiskuma politiku. \u0160ai l\u012bnijai ir pie\u0161\u0137irts AIAB sertifik\u0101ts, kas apliecina, ka t\u0101 ir bioorganisk\u0101 kosm\u0113tikas l\u012bdzeklis. Tas apliecina, ka visi produkti sast\u0101v no 95 % dab\u012bg\u0101m sast\u0101vda\u013c\u0101m.    <\/span><\/span><\/p><p> <\/p><p><span style=\"font-family: 'trebuchet ms', geneva, sans-serif;\"><span style=\"font-weight: 400;\">100% p\u0101rstr\u0101d\u0101jams iepakojums ir ne tikai ilgtsp\u0113j\u012bga pieeja dabai, bet ar\u012b r\u016bpes par produktu kvalit\u0101ti.<\/span><\/span><\/p><p> <\/p><p><em><span style=\"font-family: 'trebuchet ms', geneva, sans-serif;\"><strong>Lietojiet dabisko kosm\u0113tiku un veiciniet t\u012br\u0101ku r\u012btdienu ar *GLAM* !<\/strong><\/span><\/em><\/p>\t\t\t\t\t\t\t\t<\/div>\n\t\t\t\t<\/div>\n\t\t\t\t<\/div>\n\t\t\t\t\t<\/div>\n\t\t\t\t<\/div>\n\t\t\t\t<section class=\"elementor-section elementor-top-section elementor-element elementor-element-55c7cb8 elementor-section-boxed elementor-section-height-default elementor-section-height-default\" data-id=\"55c7cb8\" data-element_type=\"section\">\n\t\t\t\t\t\t<div class=\"elementor-container elementor-column-gap-default\">\n\t\t\t\t\t<div class=\"elementor-column elementor-col-50 elementor-top-column elementor-element elementor-element-3fb301b2 kitify-col-width-auto-no kitify-disable-relative-no\" data-id=\"3fb301b2\" data-element_type=\"column\" data-settings=\"{&quot;background_background&quot;:&quot;classic&quot;}\">\n\t\t\t<div class=\"elementor-widget-wrap elementor-element-populated\">\n\t\t\t\t\t\t<div class=\"elementor-element elementor-element-29ae287e elementor-widget elementor-widget-image\" data-id=\"29ae287e\" data-element_type=\"widget\" data-widget_type=\"image.default\">\n\t\t\t\t<div class=\"elementor-widget-container\">\n\t\t\t\t\t\t\t\t\t\t\t\t\t\t\t<img decoding=\"async\" width=\"1981\" height=\"1357\" src=\"https:\/\/moozapro.com\/wp-content\/uploads\/2023\/06\/Hidrata_H3_fiala.jpeg\" class=\"attachment-full size-full wp-image-23298\" alt=\"\" srcset=\"https:\/\/moozapro.com\/wp-content\/uploads\/2023\/06\/Hidrata_H3_fiala.jpeg 1981w, https:\/\/moozapro.com\/wp-content\/uploads\/2023\/06\/Hidrata_H3_fiala-1000x685.jpeg 1000w, https:\/\/moozapro.com\/wp-content\/uploads\/2023\/06\/Hidrata_H3_fiala-750x514.jpeg 750w, https:\/\/moozapro.com\/wp-content\/uploads\/2023\/06\/Hidrata_H3_fiala-1536x1052.jpeg 1536w\" sizes=\"(max-width: 1981px) 100vw, 1981px\" \/>\t\t\t\t\t\t\t\t\t\t\t\t\t\t\t<\/div>\n\t\t\t\t<\/div>\n\t\t\t\t\t<\/div>\n\t\t<\/div>\n\t\t\t\t<div class=\"elementor-column elementor-col-50 elementor-top-column elementor-element elementor-element-1c1b39b7 kitify-col-width-auto-no kitify-disable-relative-no\" data-id=\"1c1b39b7\" data-element_type=\"column\">\n\t\t\t<div class=\"elementor-widget-wrap elementor-element-populated\">\n\t\t\t\t\t\t<div class=\"elementor-element elementor-element-3e3ced19 elementor-widget elementor-widget-heading\" data-id=\"3e3ced19\" data-element_type=\"widget\" data-widget_type=\"heading.default\">\n\t\t\t\t<div class=\"elementor-widget-container\">\n\t\t\t\t\t<h2 class=\"elementor-heading-title elementor-size-default\">Akt\u012bv\u0101s ampulas pret matu izkri\u0161anu.\n<\/h2>\t\t\t\t<\/div>\n\t\t\t\t<\/div>\n\t\t\t\t<div class=\"elementor-element elementor-element-3ceed4b elementor-widget-divider--view-line elementor-widget elementor-widget-divider\" data-id=\"3ceed4b\" data-element_type=\"widget\" data-widget_type=\"divider.default\">\n\t\t\t\t<div class=\"elementor-widget-container\">\n\t\t\t\t\t\t\t<div class=\"elementor-divider\">\n\t\t\t<span class=\"elementor-divider-separator\">\n\t\t\t\t\t\t<\/span>\n\t\t<\/div>\n\t\t\t\t\t\t<\/div>\n\t\t\t\t<\/div>\n\t\t\t\t<div class=\"elementor-element elementor-element-70fa7fd7 elementor-widget elementor-widget-spacer\" data-id=\"70fa7fd7\" data-element_type=\"widget\" data-widget_type=\"spacer.default\">\n\t\t\t\t<div class=\"elementor-widget-container\">\n\t\t\t\t\t\t\t<div class=\"elementor-spacer\">\n\t\t\t<div class=\"elementor-spacer-inner\"><\/div>\n\t\t<\/div>\n\t\t\t\t\t\t<\/div>\n\t\t\t\t<\/div>\n\t\t\t\t<div class=\"elementor-element elementor-element-75364278 elementor-widget elementor-widget-text-editor\" data-id=\"75364278\" data-element_type=\"widget\" data-widget_type=\"text-editor.default\">\n\t\t\t\t<div class=\"elementor-widget-container\">\n\t\t\t\t\t\t\t\t\t<ul><li><span style=\"font-weight: 400; font-family: georgia, palatino, serif;\">Akt\u012bv\u0101s ampulas sausai \u0101dai pret matu izkri\u0161anu.  <\/span><\/li><li>Mitrina sausu, kairin\u0101tu \u0101du.<\/li><li>Nov\u0113r\u0161 matu izkri\u0161anu un stimul\u0113 matu aug\u0161anu.  <\/li><\/ul><p><span style=\"font-family: georgia, palatino, serif;\"><em><span style=\"font-weight: 400;\">* Neirolo\u0123isks matu izkri\u0161ana - sezon\u0101ls matu izkri\u0161ana, ko izraisa stress vai citi faktori.<\/span><\/em><\/span><\/p><p><em>Ietilp\u012bba: 12 gab.<\/em><\/p>\t\t\t\t\t\t\t\t<\/div>\n\t\t\t\t<\/div>\n\t\t\t\t\t<\/div>\n\t\t<\/div>\n\t\t\t\t\t<\/div>\n\t\t<\/section>\n\t\t\t\t<section class=\"elementor-section elementor-top-section elementor-element elementor-element-7815eeae elementor-reverse-mobile elementor-section-boxed elementor-section-height-default elementor-section-height-default\" data-id=\"7815eeae\" data-element_type=\"section\">\n\t\t\t\t\t\t<div class=\"elementor-container elementor-column-gap-default\">\n\t\t\t\t\t<div class=\"elementor-column elementor-col-50 elementor-top-column elementor-element elementor-element-5b641c89 kitify-col-width-auto-no kitify-disable-relative-no\" data-id=\"5b641c89\" data-element_type=\"column\">\n\t\t\t<div class=\"elementor-widget-wrap elementor-element-populated\">\n\t\t\t\t\t\t<div class=\"elementor-element elementor-element-27940914 elementor-widget elementor-widget-heading\" data-id=\"27940914\" data-element_type=\"widget\" data-widget_type=\"heading.default\">\n\t\t\t\t<div class=\"elementor-widget-container\">\n\t\t\t\t\t<h2 class=\"elementor-heading-title elementor-size-small\">Izmanto\u0161ana  <\/h2>\t\t\t\t<\/div>\n\t\t\t\t<\/div>\n\t\t\t\t<div class=\"elementor-element elementor-element-6f840a81 elementor-widget-divider--view-line elementor-widget elementor-widget-divider\" data-id=\"6f840a81\" data-element_type=\"widget\" data-widget_type=\"divider.default\">\n\t\t\t\t<div class=\"elementor-widget-container\">\n\t\t\t\t\t\t\t<div class=\"elementor-divider\">\n\t\t\t<span class=\"elementor-divider-separator\">\n\t\t\t\t\t\t<\/span>\n\t\t<\/div>\n\t\t\t\t\t\t<\/div>\n\t\t\t\t<\/div>\n\t\t\t\t<div class=\"elementor-element elementor-element-19413cf1 elementor-widget elementor-widget-text-editor\" data-id=\"19413cf1\" data-element_type=\"widget\" data-widget_type=\"text-editor.default\">\n\t\t\t\t<div class=\"elementor-widget-container\">\n\t\t\t\t\t\t\t\t\t<p>Izmantojiet akt\u012bv\u0101s ampulas atbilsto\u0161i \u0101das un matu st\u0101voklim.<\/p><ul><li>\u012apa\u0161i sausai \u0101dai un akt\u012bvam matu izkri\u0161anai pirm\u0101s 3 ned\u0113\u013cas lietojiet p\u0113c katras mazg\u0101\u0161anas reizes. P\u0113c trim ned\u0113\u013c\u0101m lietojiet katru otro mazg\u0101\u0161anas reizi.<\/li><li>Sejas \u0101das mitrin\u0101\u0161anai un \u0101das zuduma aptur\u0113\u0161anai lietojiet 1-2 reizes ned\u0113\u013c\u0101.  <\/li><\/ul><p>Izkl\u0101jiet visu viena iepakojuma saturu uz galvas \u0101das.<\/p><p>Maigi iemas\u0113jiet un atst\u0101jiet uz 5-10 min\u016bt\u0113m.  <\/p><p>Veidojiet matus.<\/p><h6><span style=\"font-size: 8pt;\"><b>Sast\u0101vs: \u016bdens, denatur\u0113ts spirts,., Aloe barbadensis lapu sula(*), Trifolium pratense\/Vigna radiata asnu ekstrakts, j\u016bras \u016bdens, hidroliz\u0113ts zir\u0146u prote\u012bns, hidroliz\u0113ts augu prote\u012bns, Daucus carota (Carrot) sativa saknes ekstrakts, Prunus amygdalus dulcis (Sweet almond) aug\u013cu ekstrakts, Cucumis sativus (Cucumber) aug\u013cu ekstrakts, Paeonia suffruticosa sak\u0146u ekstrakts, Prunus persica (persiku) aug\u013cu ekstrakts, Cucumis melo (melones) aug\u013cu ekstrakts, Passifl ora edulis aug\u013cu ekstrakts, Mel ekstrakts, Euphrasia offi cinalis ekstrakts, Kappaphycus alvarezii ekstrakts, Cocos nucifera (kokosriekstu) \u016bdens, Glicer\u012bns, Citronsk\u0101be, K\u0101lija sorb\u0101ts, N\u0101trija benzo\u0101ts, Smar\u017ea.<br>(*) no biolo\u0123isk\u0101s lauksaimniec\u012bbas.<\/b><\/span><\/h6><h6> <\/h6>\t\t\t\t\t\t\t\t<\/div>\n\t\t\t\t<\/div>\n\t\t\t\t<div class=\"elementor-element elementor-element-5bcf77bf elementor-widget elementor-widget-spacer\" data-id=\"5bcf77bf\" data-element_type=\"widget\" data-widget_type=\"spacer.default\">\n\t\t\t\t<div class=\"elementor-widget-container\">\n\t\t\t\t\t\t\t<div class=\"elementor-spacer\">\n\t\t\t<div class=\"elementor-spacer-inner\"><\/div>\n\t\t<\/div>\n\t\t\t\t\t\t<\/div>\n\t\t\t\t<\/div>\n\t\t\t\t\t<\/div>\n\t\t<\/div>\n\t\t\t\t<div class=\"elementor-column elementor-col-50 elementor-top-column elementor-element elementor-element-e895a1b kitify-col-width-auto-no kitify-disable-relative-no\" data-id=\"e895a1b\" data-element_type=\"column\">\n\t\t\t<div class=\"elementor-widget-wrap elementor-element-populated\">\n\t\t\t\t\t\t<div class=\"elementor-element elementor-element-e83213b elementor-widget elementor-widget-image\" data-id=\"e83213b\" data-element_type=\"widget\" data-widget_type=\"image.default\">\n\t\t\t\t<div class=\"elementor-widget-container\">\n\t\t\t\t\t\t\t\t\t\t\t\t\t\t\t<img decoding=\"async\" width=\"752\" height=\"678\" src=\"https:\/\/moozapro.com\/wp-content\/uploads\/2023\/06\/Hidrata_H3_fiala-2.jpeg\" class=\"attachment-full size-full wp-image-23297\" alt=\"\" srcset=\"https:\/\/moozapro.com\/wp-content\/uploads\/2023\/06\/Hidrata_H3_fiala-2.jpeg 752w, https:\/\/moozapro.com\/wp-content\/uploads\/2023\/06\/Hidrata_H3_fiala-2-750x676.jpeg 750w\" sizes=\"(max-width: 752px) 100vw, 752px\" \/>\t\t\t\t\t\t\t\t\t\t\t\t\t\t\t<\/div>\n\t\t\t\t<\/div>\n\t\t\t\t\t<\/div>\n\t\t<\/div>\n\t\t\t\t\t<\/div>\n\t\t<\/section>\n\t\t\t\t<\/div>\n\t\t","protected":false},"excerpt":{"rendered":"<p>&#8220;GLAM 1965&#8243; z\u012bmols ir izstr\u0101d\u0101ts un ra\u017eots It\u0101lij\u0101, iev\u0113rojot biolo\u0123iskuma un dabiskuma politiku. \u0160ai l\u012bnijai ir pie\u0161\u0137irts AIAB sertifik\u0101ts, kas apliecina, ka t\u0101 ir bioorganisk\u0101 kosm\u0113tikas l\u012bdzeklis. Tas apliecina, ka visi produkti sast\u0101v no 95 % dab\u012bg\u0101m sast\u0101vda\u013c\u0101m. 100% p\u0101rstr\u0101d\u0101jams iepakojums ir ne tikai ilgtsp\u0113j\u012bga pieeja dabai, bet ar\u012b r\u016bpes par produktu kvalit\u0101ti. Lietojiet dabisko kosm\u0113tiku un veiciniet t\u012br\u0101ku r\u012btdienu\u2026<\/p>\n","protected":false},"featured_media":23297,"comment_status":"open","ping_status":"closed","template":"","meta":[],"product_brand":[],"product_cat":[452,456,470,472],"product_tag":[],"class_list":{"0":"post-23440","1":"product","2":"type-product","3":"status-publish","4":"has-post-thumbnail","6":"product_cat-glam1965-lv","7":"product_cat-sausa-ada","8":"product_cat-matu-izkrisana-balding","9":"product_cat-sausa-jutiga-ada","11":"first","12":"instock","13":"taxable","14":"shipping-taxable","15":"purchasable","16":"product-type-simple"},"yoast_head":"<!-- This site is optimized with the Yoast SEO plugin v26.3 - https:\/\/yoast.com\/wordpress\/plugins\/seo\/ -->\n<title>Mitrino\u0161as aug\u0161anas ampulas | Mooza Pro<\/title>\n<meta name=\"description\" content=\"Sausai, jut\u012bgai \u0101dai, mitrino\u0161as ampulas matu aug\u0161anas stimul\u0113\u0161anai un matu izkri\u0161anas nov\u0113r\u0161anai.\" \/>\n<meta name=\"robots\" content=\"index, follow, max-snippet:-1, max-image-preview:large, max-video-preview:-1\" \/>\n<link rel=\"canonical\" href=\"https:\/\/moozapro.com\/lv\/produktas\/mitrinosas-augsanas-ampulas\/\" \/>\n<meta property=\"og:locale\" content=\"lv_LV\" \/>\n<meta property=\"og:type\" content=\"article\" \/>\n<meta property=\"og:title\" content=\"Mitrino\u0161as aug\u0161anas ampulas | Mooza Pro\" \/>\n<meta property=\"og:description\" content=\"Sausai, jut\u012bgai \u0101dai, mitrino\u0161as ampulas matu aug\u0161anas stimul\u0113\u0161anai un matu izkri\u0161anas nov\u0113r\u0161anai.\" \/>\n<meta property=\"og:url\" content=\"https:\/\/moozapro.com\/lv\/produktas\/mitrinosas-augsanas-ampulas\/\" \/>\n<meta property=\"og:site_name\" content=\"Mooza Pro\" \/>\n<meta property=\"article:publisher\" content=\"https:\/\/www.facebook.com\/moozabeauty\" \/>\n<meta property=\"article:modified_time\" content=\"2025-07-28T14:45:02+00:00\" \/>\n<meta property=\"og:image\" content=\"https:\/\/moozapro.com\/wp-content\/uploads\/2023\/06\/Hidrata_H3_fiala-2.jpeg\" \/>\n\t<meta property=\"og:image:width\" content=\"752\" \/>\n\t<meta property=\"og:image:height\" content=\"678\" \/>\n\t<meta property=\"og:image:type\" content=\"image\/jpeg\" \/>\n<meta name=\"twitter:card\" content=\"summary_large_image\" \/>\n<meta name=\"twitter:label1\" content=\"Est. reading time\" \/>\n\t<meta name=\"twitter:data1\" content=\"2 min\u016btes\" \/>\n<script type=\"application\/ld+json\" class=\"yoast-schema-graph\">{\"@context\":\"https:\/\/schema.org\",\"@graph\":[{\"@type\":\"WebPage\",\"@id\":\"https:\/\/moozapro.com\/lv\/produktas\/mitrinosas-augsanas-ampulas\/\",\"url\":\"https:\/\/moozapro.com\/lv\/produktas\/mitrinosas-augsanas-ampulas\/\",\"name\":\"Mitrino\u0161as aug\u0161anas ampulas | Mooza Pro\",\"isPartOf\":{\"@id\":\"https:\/\/moozapro.com\/lv\/#website\"},\"primaryImageOfPage\":{\"@id\":\"https:\/\/moozapro.com\/lv\/produktas\/mitrinosas-augsanas-ampulas\/#primaryimage\"},\"image\":{\"@id\":\"https:\/\/moozapro.com\/lv\/produktas\/mitrinosas-augsanas-ampulas\/#primaryimage\"},\"thumbnailUrl\":\"https:\/\/moozapro.com\/wp-content\/uploads\/2023\/06\/Hidrata_H3_fiala-2.jpeg\",\"datePublished\":\"2024-08-03T10:30:02+00:00\",\"dateModified\":\"2025-07-28T14:45:02+00:00\",\"description\":\"Sausai, jut\u012bgai \u0101dai, mitrino\u0161as ampulas matu aug\u0161anas stimul\u0113\u0161anai un matu izkri\u0161anas nov\u0113r\u0161anai.\",\"breadcrumb\":{\"@id\":\"https:\/\/moozapro.com\/lv\/produktas\/mitrinosas-augsanas-ampulas\/#breadcrumb\"},\"inLanguage\":\"lv-LV\",\"potentialAction\":[{\"@type\":\"ReadAction\",\"target\":[\"https:\/\/moozapro.com\/lv\/produktas\/mitrinosas-augsanas-ampulas\/\"]}]},{\"@type\":\"ImageObject\",\"inLanguage\":\"lv-LV\",\"@id\":\"https:\/\/moozapro.com\/lv\/produktas\/mitrinosas-augsanas-ampulas\/#primaryimage\",\"url\":\"https:\/\/moozapro.com\/wp-content\/uploads\/2023\/06\/Hidrata_H3_fiala-2.jpeg\",\"contentUrl\":\"https:\/\/moozapro.com\/wp-content\/uploads\/2023\/06\/Hidrata_H3_fiala-2.jpeg\",\"width\":752,\"height\":678},{\"@type\":\"BreadcrumbList\",\"@id\":\"https:\/\/moozapro.com\/lv\/produktas\/mitrinosas-augsanas-ampulas\/#breadcrumb\",\"itemListElement\":[{\"@type\":\"ListItem\",\"position\":1,\"name\":\"Galvenais\",\"item\":\"https:\/\/moozapro.com\/lv\/\"},{\"@type\":\"ListItem\",\"position\":2,\"name\":\"Visi produkti\",\"item\":\"https:\/\/moozapro.com\/lv\/shop\/\"},{\"@type\":\"ListItem\",\"position\":3,\"name\":\"Mitrino\u0161as aug\u0161anas ampulas\"}]},{\"@type\":\"WebSite\",\"@id\":\"https:\/\/moozapro.com\/lv\/#website\",\"url\":\"https:\/\/moozapro.com\/lv\/\",\"name\":\"Mooza Pro\",\"description\":\"Priemon\u0117s j\u016bs\u0173 plaukams\",\"publisher\":{\"@id\":\"https:\/\/moozapro.com\/lv\/#organization\"},\"potentialAction\":[{\"@type\":\"SearchAction\",\"target\":{\"@type\":\"EntryPoint\",\"urlTemplate\":\"https:\/\/moozapro.com\/lv\/?s={search_term_string}\"},\"query-input\":{\"@type\":\"PropertyValueSpecification\",\"valueRequired\":true,\"valueName\":\"search_term_string\"}}],\"inLanguage\":\"lv-LV\"},{\"@type\":\"Organization\",\"@id\":\"https:\/\/moozapro.com\/lv\/#organization\",\"name\":\"Mooza Pro\",\"url\":\"https:\/\/moozapro.com\/lv\/\",\"logo\":{\"@type\":\"ImageObject\",\"inLanguage\":\"lv-LV\",\"@id\":\"https:\/\/moozapro.com\/lv\/#\/schema\/logo\/image\/\",\"url\":\"https:\/\/moozapro.com\/wp-content\/uploads\/2023\/11\/Mooza-Pro-mazas-logo.png\",\"contentUrl\":\"https:\/\/moozapro.com\/wp-content\/uploads\/2023\/11\/Mooza-Pro-mazas-logo.png\",\"width\":250,\"height\":103,\"caption\":\"Mooza Pro\"},\"image\":{\"@id\":\"https:\/\/moozapro.com\/lv\/#\/schema\/logo\/image\/\"},\"sameAs\":[\"https:\/\/www.facebook.com\/moozabeauty\"]}]}<\/script>\n<!-- \/ Yoast SEO plugin. -->","yoast_head_json":{"title":"Mitrino\u0161as aug\u0161anas ampulas | Mooza Pro","description":"Sausai, jut\u012bgai \u0101dai, mitrino\u0161as ampulas matu aug\u0161anas stimul\u0113\u0161anai un matu izkri\u0161anas nov\u0113r\u0161anai.","robots":{"index":"index","follow":"follow","max-snippet":"max-snippet:-1","max-image-preview":"max-image-preview:large","max-video-preview":"max-video-preview:-1"},"canonical":"https:\/\/moozapro.com\/lv\/produktas\/mitrinosas-augsanas-ampulas\/","og_locale":"lv_LV","og_type":"article","og_title":"Mitrino\u0161as aug\u0161anas ampulas | Mooza Pro","og_description":"Sausai, jut\u012bgai \u0101dai, mitrino\u0161as ampulas matu aug\u0161anas stimul\u0113\u0161anai un matu izkri\u0161anas nov\u0113r\u0161anai.","og_url":"https:\/\/moozapro.com\/lv\/produktas\/mitrinosas-augsanas-ampulas\/","og_site_name":"Mooza Pro","article_publisher":"https:\/\/www.facebook.com\/moozabeauty","article_modified_time":"2025-07-28T14:45:02+00:00","og_image":[{"width":752,"height":678,"url":"https:\/\/moozapro.com\/wp-content\/uploads\/2023\/06\/Hidrata_H3_fiala-2.jpeg","type":"image\/jpeg"}],"twitter_card":"summary_large_image","twitter_misc":{"Est. reading time":"2 min\u016btes"},"schema":{"@context":"https:\/\/schema.org","@graph":[{"@type":"WebPage","@id":"https:\/\/moozapro.com\/lv\/produktas\/mitrinosas-augsanas-ampulas\/","url":"https:\/\/moozapro.com\/lv\/produktas\/mitrinosas-augsanas-ampulas\/","name":"Mitrino\u0161as aug\u0161anas ampulas | Mooza Pro","isPartOf":{"@id":"https:\/\/moozapro.com\/lv\/#website"},"primaryImageOfPage":{"@id":"https:\/\/moozapro.com\/lv\/produktas\/mitrinosas-augsanas-ampulas\/#primaryimage"},"image":{"@id":"https:\/\/moozapro.com\/lv\/produktas\/mitrinosas-augsanas-ampulas\/#primaryimage"},"thumbnailUrl":"https:\/\/moozapro.com\/wp-content\/uploads\/2023\/06\/Hidrata_H3_fiala-2.jpeg","datePublished":"2024-08-03T10:30:02+00:00","dateModified":"2025-07-28T14:45:02+00:00","description":"Sausai, jut\u012bgai \u0101dai, mitrino\u0161as ampulas matu aug\u0161anas stimul\u0113\u0161anai un matu izkri\u0161anas nov\u0113r\u0161anai.","breadcrumb":{"@id":"https:\/\/moozapro.com\/lv\/produktas\/mitrinosas-augsanas-ampulas\/#breadcrumb"},"inLanguage":"lv-LV","potentialAction":[{"@type":"ReadAction","target":["https:\/\/moozapro.com\/lv\/produktas\/mitrinosas-augsanas-ampulas\/"]}]},{"@type":"ImageObject","inLanguage":"lv-LV","@id":"https:\/\/moozapro.com\/lv\/produktas\/mitrinosas-augsanas-ampulas\/#primaryimage","url":"https:\/\/moozapro.com\/wp-content\/uploads\/2023\/06\/Hidrata_H3_fiala-2.jpeg","contentUrl":"https:\/\/moozapro.com\/wp-content\/uploads\/2023\/06\/Hidrata_H3_fiala-2.jpeg","width":752,"height":678},{"@type":"BreadcrumbList","@id":"https:\/\/moozapro.com\/lv\/produktas\/mitrinosas-augsanas-ampulas\/#breadcrumb","itemListElement":[{"@type":"ListItem","position":1,"name":"Galvenais","item":"https:\/\/moozapro.com\/lv\/"},{"@type":"ListItem","position":2,"name":"Visi produkti","item":"https:\/\/moozapro.com\/lv\/shop\/"},{"@type":"ListItem","position":3,"name":"Mitrino\u0161as aug\u0161anas ampulas"}]},{"@type":"WebSite","@id":"https:\/\/moozapro.com\/lv\/#website","url":"https:\/\/moozapro.com\/lv\/","name":"Mooza Pro","description":"Priemon\u0117s j\u016bs\u0173 plaukams","publisher":{"@id":"https:\/\/moozapro.com\/lv\/#organization"},"potentialAction":[{"@type":"SearchAction","target":{"@type":"EntryPoint","urlTemplate":"https:\/\/moozapro.com\/lv\/?s={search_term_string}"},"query-input":{"@type":"PropertyValueSpecification","valueRequired":true,"valueName":"search_term_string"}}],"inLanguage":"lv-LV"},{"@type":"Organization","@id":"https:\/\/moozapro.com\/lv\/#organization","name":"Mooza Pro","url":"https:\/\/moozapro.com\/lv\/","logo":{"@type":"ImageObject","inLanguage":"lv-LV","@id":"https:\/\/moozapro.com\/lv\/#\/schema\/logo\/image\/","url":"https:\/\/moozapro.com\/wp-content\/uploads\/2023\/11\/Mooza-Pro-mazas-logo.png","contentUrl":"https:\/\/moozapro.com\/wp-content\/uploads\/2023\/11\/Mooza-Pro-mazas-logo.png","width":250,"height":103,"caption":"Mooza Pro"},"image":{"@id":"https:\/\/moozapro.com\/lv\/#\/schema\/logo\/image\/"},"sameAs":["https:\/\/www.facebook.com\/moozabeauty"]}]}},"_links":{"self":[{"href":"https:\/\/moozapro.com\/lv\/wp-json\/wp\/v2\/product\/23440","targetHints":{"allow":["GET"]}}],"collection":[{"href":"https:\/\/moozapro.com\/lv\/wp-json\/wp\/v2\/product"}],"about":[{"href":"https:\/\/moozapro.com\/lv\/wp-json\/wp\/v2\/types\/product"}],"replies":[{"embeddable":true,"href":"https:\/\/moozapro.com\/lv\/wp-json\/wp\/v2\/comments?post=23440"}],"version-history":[{"count":3,"href":"https:\/\/moozapro.com\/lv\/wp-json\/wp\/v2\/product\/23440\/revisions"}],"predecessor-version":[{"id":31247,"href":"https:\/\/moozapro.com\/lv\/wp-json\/wp\/v2\/product\/23440\/revisions\/31247"}],"wp:featuredmedia":[{"embeddable":true,"href":"https:\/\/moozapro.com\/lv\/wp-json\/wp\/v2\/media\/23297"}],"wp:attachment":[{"href":"https:\/\/moozapro.com\/lv\/wp-json\/wp\/v2\/media?parent=23440"}],"wp:term":[{"taxonomy":"product_brand","embeddable":true,"href":"https:\/\/moozapro.com\/lv\/wp-json\/wp\/v2\/product_brand?post=23440"},{"taxonomy":"product_cat","embeddable":true,"href":"https:\/\/moozapro.com\/lv\/wp-json\/wp\/v2\/product_cat?post=23440"},{"taxonomy":"product_tag","embeddable":true,"href":"https:\/\/moozapro.com\/lv\/wp-json\/wp\/v2\/product_tag?post=23440"}],"curies":[{"name":"wp","href":"https:\/\/api.w.org\/{rel}","templated":true}]}}