{"id":23456,"date":"2020-06-20T13:49:55","date_gmt":"2024-08-03T10:43:05","guid":{"rendered":"https:\/\/moozapro.com\/produktas\/attiross-sampuns\/"},"modified":"2025-07-13T20:12:11","modified_gmt":"2025-07-13T17:12:11","slug":"attiross-sampuns","status":"publish","type":"product","link":"https:\/\/moozapro.com\/lv\/produktas\/attiross-sampuns\/","title":{"rendered":"Att\u012bro\u0161s \u0161amp\u016bns"},"content":{"rendered":"<p style=\"text-align: center;\">Maiga galvas \u0101das dzi\u013ca att\u012br\u012b\u0161ana. Maigi un vienm\u0113r\u012bgi att\u012bra galvas \u0101das virsmu, no\u0146em atmiru\u0161os \u0101das atlikumus un nov\u0113r\u0161 sausas blaugznas. Galvenais, lai ieg\u016btu vesel\u012bgus matus, ir vesel\u012bga un t\u012bra galvas \u0101da. No\u0146em no matiem produktu atliekas un citus piemais\u012bjumus. Piem\u0113rots visiem galvas \u0101das tipiem reizi div\u0101s ned\u0113\u013c\u0101s. Taukainai galvas \u0101dai - vienu ka\u0137i ned\u0113\u013c\u0101.<\/p>\n<p style=\"text-align: center;\">Akt\u012bv\u0101 viela - v\u012bnogu kauli\u0146u ekstrakts - ir dab\u012bgs produkts intens\u012bvai \u0101das att\u012br\u012b\u0161anai un nov\u0113r\u0161 s\u0113n\u012b\u0161u infekciju un bakt\u0113riju aug\u0161anu.<\/p>\n<p style=\"text-align: center;\">Priek\u0161roc\u012bbas: v\u012bnogu kauli\u0146u ekstrakts ir dab\u012bgs att\u012bro\u0161s l\u012bdzeklis, kas ieg\u016bts no dabas un darbojas ar\u012b k\u0101 asinsvadu stiprin\u0101t\u0101js caur \u0101du, nesatur parab\u0113nus.<\/p>\n<p style=\"text-align: center;\">Lieto\u0161ana: uz mitras galvas \u0101das vienm\u0113r\u012bgi uzkl\u0101jiet rieksta lieluma produkta daudzumu, viegli iemas\u0113jiet un noskalojiet, atk\u0101rtojiet tik rei\u017eu, cik nepiecie\u0161ams, p\u0113c tam izmantojiet kondicionieri. V\u012brie\u0161iem var lietot katru mazg\u0101\u0161anas reizi, sieviet\u0113m - ne bie\u017e\u0101k k\u0101 reizi ned\u0113\u013c\u0101.<\/p>\n<p style=\"text-align: center;\"><span style=\"font-size: 8pt;\">SUDETIS: LAURILSULF\u0100TS, N\u0100TRIJA LAURILSULF\u0100TS, N\u0100TRIJA LAURETSULF\u0100TS, KOKAMIDOPROPIL BETA\u012aNS, SMAR\u017dVIELAS\/PARFUM, PPG-2 HIDROKSIETILKOKOKO\/IZOSTEARAM\u012aDS, KOKAM\u012aDS MIPA, GLICER\u012aNS, VITIS VINI-FERA (V\u012aNOGU) S\u0112KLU EKSTRAKTS, VACCINIUM MACROCARPON (DZ\u0112RVE\u0145U) S\u0112KLU E\u013b\u013bA, CORYLUS AVELLANA (LAZDU RIEKSTU) S\u0112KLU E\u013b\u013bA, JUGLANS REGIA (VALRIEKSTU) S\u0112KLU E\u013b\u013bA, FENOKSIETANOLS, GLIKONOLAKTONS, TETRAN\u0100TRIJA EDTA, N\u0100TRIJA BENZO\u0100TS, KALCIJA GLIKON\u0100TS, CITRONSK\u0100BE, AMIL CINNAMAL, LINALOLS, BENZIL BENZO\u0100TS, ZA\u013b\u0160 8\/ CI 59040, ZA\u013b\u0160 5\/ CI 61570, DZELTENS 10\/ CI 47005.<\/span><\/p>\n","protected":false},"excerpt":{"rendered":"<p>Maiga galvas \u0101das dzi\u013ca att\u012br\u012b\u0161ana<\/p>\n<p>Maigi un vienm\u0113r\u012bgi att\u012bra galvas \u0101das virsmu, no\u0146em atmiru\u0161os \u0101das atlikumus un nov\u0113r\u0161 sausas blaugznas. Galvenais, lai ieg\u016btu vesel\u012bgus matus, ir vesel\u012bga un t\u012bra galvas \u0101da.<\/p>\n","protected":false},"featured_media":22271,"comment_status":"open","ping_status":"closed","template":"","meta":[],"product_brand":[],"product_cat":[434,450,479,471],"product_tag":[673,443,674],"class_list":{"0":"post-23456","1":"product","2":"type-product","3":"status-publish","4":"has-post-thumbnail","6":"product_cat-matu-kopsana","7":"product_cat-produkti-viriesiem","8":"product_cat-sampuni","9":"product_cat-taukaina-ada","10":"product_tag-lapu-blaugznas-galvas-ada","11":"product_tag-plani-mati","12":"product_tag-taukaina-galvas-ada","13":"yith_product_brand-newsha","15":"first","16":"instock","17":"taxable","18":"shipping-taxable","19":"purchasable","20":"product-type-variable","21":"has-default-attributes"},"yoast_head":"<!-- This site is optimized with the Yoast SEO plugin v27.4 - https:\/\/yoast.com\/product\/yoast-seo-wordpress\/ -->\n<title>Att\u012bro\u0161s \u0161amp\u016bns | Mooza Pro<\/title>\n<meta name=\"description\" content=\"Maigi un dzi\u013ci att\u012bra taukainu \u0101du. Nov\u0113r\u0161 net\u012brumus un regul\u0113 \u0101das taukain\u012bbu. Piem\u0113rots taukainas \u0101das probl\u0113m\u0101m.\" \/>\n<meta name=\"robots\" content=\"index, follow, max-snippet:-1, max-image-preview:large, max-video-preview:-1\" \/>\n<link rel=\"canonical\" href=\"https:\/\/moozapro.com\/lv\/produktas\/attiross-sampuns\/\" \/>\n<meta property=\"og:locale\" content=\"lv_LV\" \/>\n<meta property=\"og:type\" content=\"article\" \/>\n<meta property=\"og:title\" content=\"Att\u012bro\u0161s \u0161amp\u016bns | Mooza Pro\" \/>\n<meta property=\"og:description\" content=\"Maigi un dzi\u013ci att\u012bra taukainu \u0101du. Nov\u0113r\u0161 net\u012brumus un regul\u0113 \u0101das taukain\u012bbu. Piem\u0113rots taukainas \u0101das probl\u0113m\u0101m.\" \/>\n<meta property=\"og:url\" content=\"https:\/\/moozapro.com\/lv\/produktas\/attiross-sampuns\/\" \/>\n<meta property=\"og:site_name\" content=\"Mooza Pro\" \/>\n<meta property=\"article:publisher\" content=\"https:\/\/www.facebook.com\/moozabeauty\" \/>\n<meta property=\"article:modified_time\" content=\"2025-07-13T17:12:11+00:00\" \/>\n<meta property=\"og:image\" content=\"https:\/\/moozapro.com\/wp-content\/uploads\/2020\/06\/deep-cl-sh.jpg\" \/>\n\t<meta property=\"og:image:width\" content=\"600\" \/>\n\t<meta property=\"og:image:height\" content=\"600\" \/>\n\t<meta property=\"og:image:type\" content=\"image\/jpeg\" \/>\n<meta name=\"twitter:card\" content=\"summary_large_image\" \/>\n<meta name=\"twitter:label1\" content=\"Est. reading time\" \/>\n\t<meta name=\"twitter:data1\" content=\"1 minute\" \/>\n<script type=\"application\/ld+json\" class=\"yoast-schema-graph\">{\"@context\":\"https:\\\/\\\/schema.org\",\"@graph\":[{\"@type\":\"WebPage\",\"@id\":\"https:\\\/\\\/moozapro.com\\\/lv\\\/produktas\\\/attiross-sampuns\\\/\",\"url\":\"https:\\\/\\\/moozapro.com\\\/lv\\\/produktas\\\/attiross-sampuns\\\/\",\"name\":\"Att\u012bro\u0161s \u0161amp\u016bns | Mooza Pro\",\"isPartOf\":{\"@id\":\"https:\\\/\\\/moozapro.com\\\/lv\\\/#website\"},\"primaryImageOfPage\":{\"@id\":\"https:\\\/\\\/moozapro.com\\\/lv\\\/produktas\\\/attiross-sampuns\\\/#primaryimage\"},\"image\":{\"@id\":\"https:\\\/\\\/moozapro.com\\\/lv\\\/produktas\\\/attiross-sampuns\\\/#primaryimage\"},\"thumbnailUrl\":\"https:\\\/\\\/moozapro.com\\\/wp-content\\\/uploads\\\/2020\\\/06\\\/deep-cl-sh.jpg\",\"datePublished\":\"2024-08-03T10:43:05+00:00\",\"dateModified\":\"2025-07-13T17:12:11+00:00\",\"description\":\"Maigi un dzi\u013ci att\u012bra taukainu \u0101du. Nov\u0113r\u0161 net\u012brumus un regul\u0113 \u0101das taukain\u012bbu. Piem\u0113rots taukainas \u0101das probl\u0113m\u0101m.\",\"breadcrumb\":{\"@id\":\"https:\\\/\\\/moozapro.com\\\/lv\\\/produktas\\\/attiross-sampuns\\\/#breadcrumb\"},\"inLanguage\":\"lv-LV\",\"potentialAction\":[{\"@type\":\"ReadAction\",\"target\":[\"https:\\\/\\\/moozapro.com\\\/lv\\\/produktas\\\/attiross-sampuns\\\/\"]}]},{\"@type\":\"ImageObject\",\"inLanguage\":\"lv-LV\",\"@id\":\"https:\\\/\\\/moozapro.com\\\/lv\\\/produktas\\\/attiross-sampuns\\\/#primaryimage\",\"url\":\"https:\\\/\\\/moozapro.com\\\/wp-content\\\/uploads\\\/2020\\\/06\\\/deep-cl-sh.jpg\",\"contentUrl\":\"https:\\\/\\\/moozapro.com\\\/wp-content\\\/uploads\\\/2020\\\/06\\\/deep-cl-sh.jpg\",\"width\":600,\"height\":600,\"caption\":\"pa\u0161apkalpo\u0161an\u0101s\"},{\"@type\":\"BreadcrumbList\",\"@id\":\"https:\\\/\\\/moozapro.com\\\/lv\\\/produktas\\\/attiross-sampuns\\\/#breadcrumb\",\"itemListElement\":[{\"@type\":\"ListItem\",\"position\":1,\"name\":\"Galvenais\",\"item\":\"https:\\\/\\\/moozapro.com\\\/lv\\\/\"},{\"@type\":\"ListItem\",\"position\":2,\"name\":\"Visi produkti\",\"item\":\"https:\\\/\\\/moozapro.com\\\/lv\\\/shop\\\/\"},{\"@type\":\"ListItem\",\"position\":3,\"name\":\"Att\u012bro\u0161s \u0161amp\u016bns\"}]},{\"@type\":\"WebSite\",\"@id\":\"https:\\\/\\\/moozapro.com\\\/lv\\\/#website\",\"url\":\"https:\\\/\\\/moozapro.com\\\/lv\\\/\",\"name\":\"Mooza Pro\",\"description\":\"Priemon\u0117s j\u016bs\u0173 plaukams\",\"publisher\":{\"@id\":\"https:\\\/\\\/moozapro.com\\\/lv\\\/#organization\"},\"potentialAction\":[{\"@type\":\"SearchAction\",\"target\":{\"@type\":\"EntryPoint\",\"urlTemplate\":\"https:\\\/\\\/moozapro.com\\\/lv\\\/?s={search_term_string}\"},\"query-input\":{\"@type\":\"PropertyValueSpecification\",\"valueRequired\":true,\"valueName\":\"search_term_string\"}}],\"inLanguage\":\"lv-LV\"},{\"@type\":\"Organization\",\"@id\":\"https:\\\/\\\/moozapro.com\\\/lv\\\/#organization\",\"name\":\"Mooza Pro\",\"url\":\"https:\\\/\\\/moozapro.com\\\/lv\\\/\",\"logo\":{\"@type\":\"ImageObject\",\"inLanguage\":\"lv-LV\",\"@id\":\"https:\\\/\\\/moozapro.com\\\/lv\\\/#\\\/schema\\\/logo\\\/image\\\/\",\"url\":\"https:\\\/\\\/moozapro.com\\\/wp-content\\\/uploads\\\/2023\\\/11\\\/Mooza-Pro-mazas-logo.png\",\"contentUrl\":\"https:\\\/\\\/moozapro.com\\\/wp-content\\\/uploads\\\/2023\\\/11\\\/Mooza-Pro-mazas-logo.png\",\"width\":250,\"height\":103,\"caption\":\"Mooza Pro\"},\"image\":{\"@id\":\"https:\\\/\\\/moozapro.com\\\/lv\\\/#\\\/schema\\\/logo\\\/image\\\/\"},\"sameAs\":[\"https:\\\/\\\/www.facebook.com\\\/moozabeauty\"]}]}<\/script>\n<!-- \/ Yoast SEO plugin. -->","yoast_head_json":{"title":"Att\u012bro\u0161s \u0161amp\u016bns | Mooza Pro","description":"Maigi un dzi\u013ci att\u012bra taukainu \u0101du. Nov\u0113r\u0161 net\u012brumus un regul\u0113 \u0101das taukain\u012bbu. Piem\u0113rots taukainas \u0101das probl\u0113m\u0101m.","robots":{"index":"index","follow":"follow","max-snippet":"max-snippet:-1","max-image-preview":"max-image-preview:large","max-video-preview":"max-video-preview:-1"},"canonical":"https:\/\/moozapro.com\/lv\/produktas\/attiross-sampuns\/","og_locale":"lv_LV","og_type":"article","og_title":"Att\u012bro\u0161s \u0161amp\u016bns | Mooza Pro","og_description":"Maigi un dzi\u013ci att\u012bra taukainu \u0101du. Nov\u0113r\u0161 net\u012brumus un regul\u0113 \u0101das taukain\u012bbu. Piem\u0113rots taukainas \u0101das probl\u0113m\u0101m.","og_url":"https:\/\/moozapro.com\/lv\/produktas\/attiross-sampuns\/","og_site_name":"Mooza Pro","article_publisher":"https:\/\/www.facebook.com\/moozabeauty","article_modified_time":"2025-07-13T17:12:11+00:00","og_image":[{"width":600,"height":600,"url":"https:\/\/moozapro.com\/wp-content\/uploads\/2020\/06\/deep-cl-sh.jpg","type":"image\/jpeg"}],"twitter_card":"summary_large_image","twitter_misc":{"Est. reading time":"1 minute"},"schema":{"@context":"https:\/\/schema.org","@graph":[{"@type":"WebPage","@id":"https:\/\/moozapro.com\/lv\/produktas\/attiross-sampuns\/","url":"https:\/\/moozapro.com\/lv\/produktas\/attiross-sampuns\/","name":"Att\u012bro\u0161s \u0161amp\u016bns | Mooza Pro","isPartOf":{"@id":"https:\/\/moozapro.com\/lv\/#website"},"primaryImageOfPage":{"@id":"https:\/\/moozapro.com\/lv\/produktas\/attiross-sampuns\/#primaryimage"},"image":{"@id":"https:\/\/moozapro.com\/lv\/produktas\/attiross-sampuns\/#primaryimage"},"thumbnailUrl":"https:\/\/moozapro.com\/wp-content\/uploads\/2020\/06\/deep-cl-sh.jpg","datePublished":"2024-08-03T10:43:05+00:00","dateModified":"2025-07-13T17:12:11+00:00","description":"Maigi un dzi\u013ci att\u012bra taukainu \u0101du. Nov\u0113r\u0161 net\u012brumus un regul\u0113 \u0101das taukain\u012bbu. Piem\u0113rots taukainas \u0101das probl\u0113m\u0101m.","breadcrumb":{"@id":"https:\/\/moozapro.com\/lv\/produktas\/attiross-sampuns\/#breadcrumb"},"inLanguage":"lv-LV","potentialAction":[{"@type":"ReadAction","target":["https:\/\/moozapro.com\/lv\/produktas\/attiross-sampuns\/"]}]},{"@type":"ImageObject","inLanguage":"lv-LV","@id":"https:\/\/moozapro.com\/lv\/produktas\/attiross-sampuns\/#primaryimage","url":"https:\/\/moozapro.com\/wp-content\/uploads\/2020\/06\/deep-cl-sh.jpg","contentUrl":"https:\/\/moozapro.com\/wp-content\/uploads\/2020\/06\/deep-cl-sh.jpg","width":600,"height":600,"caption":"pa\u0161apkalpo\u0161an\u0101s"},{"@type":"BreadcrumbList","@id":"https:\/\/moozapro.com\/lv\/produktas\/attiross-sampuns\/#breadcrumb","itemListElement":[{"@type":"ListItem","position":1,"name":"Galvenais","item":"https:\/\/moozapro.com\/lv\/"},{"@type":"ListItem","position":2,"name":"Visi produkti","item":"https:\/\/moozapro.com\/lv\/shop\/"},{"@type":"ListItem","position":3,"name":"Att\u012bro\u0161s \u0161amp\u016bns"}]},{"@type":"WebSite","@id":"https:\/\/moozapro.com\/lv\/#website","url":"https:\/\/moozapro.com\/lv\/","name":"Mooza Pro","description":"Priemon\u0117s j\u016bs\u0173 plaukams","publisher":{"@id":"https:\/\/moozapro.com\/lv\/#organization"},"potentialAction":[{"@type":"SearchAction","target":{"@type":"EntryPoint","urlTemplate":"https:\/\/moozapro.com\/lv\/?s={search_term_string}"},"query-input":{"@type":"PropertyValueSpecification","valueRequired":true,"valueName":"search_term_string"}}],"inLanguage":"lv-LV"},{"@type":"Organization","@id":"https:\/\/moozapro.com\/lv\/#organization","name":"Mooza Pro","url":"https:\/\/moozapro.com\/lv\/","logo":{"@type":"ImageObject","inLanguage":"lv-LV","@id":"https:\/\/moozapro.com\/lv\/#\/schema\/logo\/image\/","url":"https:\/\/moozapro.com\/wp-content\/uploads\/2023\/11\/Mooza-Pro-mazas-logo.png","contentUrl":"https:\/\/moozapro.com\/wp-content\/uploads\/2023\/11\/Mooza-Pro-mazas-logo.png","width":250,"height":103,"caption":"Mooza Pro"},"image":{"@id":"https:\/\/moozapro.com\/lv\/#\/schema\/logo\/image\/"},"sameAs":["https:\/\/www.facebook.com\/moozabeauty"]}]}},"_links":{"self":[{"href":"https:\/\/moozapro.com\/lv\/wp-json\/wp\/v2\/product\/23456","targetHints":{"allow":["GET"]}}],"collection":[{"href":"https:\/\/moozapro.com\/lv\/wp-json\/wp\/v2\/product"}],"about":[{"href":"https:\/\/moozapro.com\/lv\/wp-json\/wp\/v2\/types\/product"}],"replies":[{"embeddable":true,"href":"https:\/\/moozapro.com\/lv\/wp-json\/wp\/v2\/comments?post=23456"}],"version-history":[{"count":1,"href":"https:\/\/moozapro.com\/lv\/wp-json\/wp\/v2\/product\/23456\/revisions"}],"predecessor-version":[{"id":30231,"href":"https:\/\/moozapro.com\/lv\/wp-json\/wp\/v2\/product\/23456\/revisions\/30231"}],"wp:featuredmedia":[{"embeddable":true,"href":"https:\/\/moozapro.com\/lv\/wp-json\/wp\/v2\/media\/22271"}],"wp:attachment":[{"href":"https:\/\/moozapro.com\/lv\/wp-json\/wp\/v2\/media?parent=23456"}],"wp:term":[{"taxonomy":"product_brand","embeddable":true,"href":"https:\/\/moozapro.com\/lv\/wp-json\/wp\/v2\/product_brand?post=23456"},{"taxonomy":"product_cat","embeddable":true,"href":"https:\/\/moozapro.com\/lv\/wp-json\/wp\/v2\/product_cat?post=23456"},{"taxonomy":"product_tag","embeddable":true,"href":"https:\/\/moozapro.com\/lv\/wp-json\/wp\/v2\/product_tag?post=23456"}],"curies":[{"name":"wp","href":"https:\/\/api.w.org\/{rel}","templated":true}]}}