{"id":23474,"date":"2020-07-08T22:22:06","date_gmt":"2020-07-08T19:22:06","guid":{"rendered":"https:\/\/moozapro.com\/produktas\/apudenosanas-tilpuma-smidzinatajs-42045\/"},"modified":"2025-07-14T16:12:48","modified_gmt":"2025-07-14T13:12:48","slug":"apudenosanas-tilpuma-smidzinatajs-42045","status":"publish","type":"product","link":"https:\/\/moozapro.com\/lv\/produktas\/apudenosanas-tilpuma-smidzinatajs-42045\/","title":{"rendered":"Ap\u016bde\u0146o\u0161anas tilpuma smidzin\u0101t\u0101js (42045)"},"content":{"rendered":"<p style=\"text-align: center;\">Mitrums un tilpums - neiesp\u0113jam\u0101 misija?<\/p>\n<p style=\"text-align: center;\">Ne par apjomu palielino\u0161u izsmidzin\u0101t\u0101ju. Tekstura un viegla veido\u0161ana visiem matu biezumiem.<\/p>\n<p style=\"text-align: center;\">Pl\u0101nus matus iecien\u012bju\u0161i, lai tie b\u016btu izteiksm\u012bgi un apjom\u012bgi jau no sakn\u0113m, savuk\u0101rt biezi mati ir iecien\u012bti, lai viegli p\u0101rvald\u012btu matu pland\u012b\u0161anos.<\/p>\n<p style=\"text-align: center;\">Runa nav tikai par izteiksm\u012bgu apjomu, bet ar\u012b par vesel\u012bgiem matiem. Tropisko orhideju ekstraktam ir \u012bpa\u0161i sp\u0113c\u012bga mitrino\u0161a iedarb\u012bba.<\/p>\n<p style=\"text-align: center;\">Garant\u0113ta matu aug\u0161ana, iztur\u012bba, elast\u012bba un bl\u012bvums. Pateicoties pat\u012bkamajai izsmidzin\u0101mai tekst\u016brai, l\u012bdzekli var vienm\u0113r\u012bgi sadal\u012bt matos, t\u0101d\u0113j\u0101di nodro\u0161inot perfekti gludu, vienm\u0113r\u012bgu apjomu, vienlaikus nepadarot matus smagus.<\/p>\n<p style=\"text-align: center;\">Akt\u012bv\u0101 viela: orhideju ekstrakts - v\u0113rt\u012bgi prote\u012bni un antioksidanti, kas ieg\u016bti tie\u0161i no orhideju sakn\u0113m un labv\u0113l\u012bgi ietekm\u0113 matu strukt\u016bru. Orhideju ekstrakts matu kosm\u0113tik\u0101 nodro\u0161ina papildu mitrumu un nov\u0113r\u0161 matu iz\u017e\u016b\u0161anu. Vienlaikus tas palielina matu stipr\u012bbu, elast\u012bbu un bl\u012bvumu, pie\u0161\u0137irot tiem redzamu apjomu.<\/p>\n<p style=\"text-align: center;\">Lieto\u0161ana: izsmidziniet uz mitriem, ar dvieli nosusin\u0101tiem matiem, iz\u0137emm\u0113jiet ar \u0137emmi. Iz\u017e\u0101v\u0113jiet ar apa\u013cu suku.<\/p>\n<p style=\"text-align: center;\">\n","protected":false},"excerpt":{"rendered":"<h4 style=\"text-align: center;\">Biezs, pl\u0101ns, izp\u016bsts vai taisns?<\/h4>\n<h5 style=\"text-align: center;\">Visiem matu tipiem, numur viens! Nodro\u0161ina tekst\u016bru, vieglu veido\u0161anu un notur\u012bgus rezult\u0101tus.<\/h5>\n","protected":false},"featured_media":22115,"comment_status":"open","ping_status":"closed","template":"","meta":[],"product_brand":[],"product_cat":[476,434,440,471],"product_tag":[446,443],"class_list":{"0":"post-23474","1":"product","2":"type-product","3":"status-publish","4":"has-post-thumbnail","6":"product_cat-kremi-ellas-serumi-skidrumi-aerosoli","7":"product_cat-matu-kopsana","8":"product_cat-taisni-mati","9":"product_cat-taukaina-ada","10":"product_tag-bojati-mati","11":"product_tag-plani-mati","12":"yith_product_brand-newsha","14":"first","15":"instock","16":"taxable","17":"shipping-taxable","18":"purchasable","19":"product-type-simple"},"yoast_head":"<!-- This site is optimized with the Yoast SEO plugin v27.4 - https:\/\/yoast.com\/product\/yoast-seo-wordpress\/ -->\n<title>Ap\u016bde\u0146o\u0161anas tilpuma smidzin\u0101t\u0101js (42045) | Mooza Pro<\/title>\n<meta name=\"robots\" content=\"index, follow, max-snippet:-1, max-image-preview:large, max-video-preview:-1\" \/>\n<link rel=\"canonical\" href=\"https:\/\/moozapro.com\/lv\/produktas\/apudenosanas-tilpuma-smidzinatajs-42045\/\" \/>\n<meta property=\"og:locale\" content=\"lv_LV\" \/>\n<meta property=\"og:type\" content=\"article\" \/>\n<meta property=\"og:title\" content=\"Ap\u016bde\u0146o\u0161anas tilpuma smidzin\u0101t\u0101js (42045) | Mooza Pro\" \/>\n<meta property=\"og:description\" content=\"Biezs, pl\u0101ns, izp\u016bsts vai taisns? Visiem matu tipiem, numur viens! Nodro\u0161ina tekst\u016bru, vieglu veido\u0161anu un notur\u012bgus rezult\u0101tus.\" \/>\n<meta property=\"og:url\" content=\"https:\/\/moozapro.com\/lv\/produktas\/apudenosanas-tilpuma-smidzinatajs-42045\/\" \/>\n<meta property=\"og:site_name\" content=\"Mooza Pro\" \/>\n<meta property=\"article:publisher\" content=\"https:\/\/www.facebook.com\/moozabeauty\" \/>\n<meta property=\"article:modified_time\" content=\"2025-07-14T13:12:48+00:00\" \/>\n<meta property=\"og:image\" content=\"https:\/\/moozapro.com\/wp-content\/uploads\/2020\/07\/hc_sts_125ml_0_1-1.jpg\" \/>\n\t<meta property=\"og:image:width\" content=\"600\" \/>\n\t<meta property=\"og:image:height\" content=\"600\" \/>\n\t<meta property=\"og:image:type\" content=\"image\/jpeg\" \/>\n<meta name=\"twitter:card\" content=\"summary_large_image\" \/>\n<meta name=\"twitter:label1\" content=\"Est. reading time\" \/>\n\t<meta name=\"twitter:data1\" content=\"1 minute\" \/>\n<script type=\"application\/ld+json\" class=\"yoast-schema-graph\">{\"@context\":\"https:\\\/\\\/schema.org\",\"@graph\":[{\"@type\":\"WebPage\",\"@id\":\"https:\\\/\\\/moozapro.com\\\/lv\\\/produktas\\\/apudenosanas-tilpuma-smidzinatajs-42045\\\/\",\"url\":\"https:\\\/\\\/moozapro.com\\\/lv\\\/produktas\\\/apudenosanas-tilpuma-smidzinatajs-42045\\\/\",\"name\":\"Ap\u016bde\u0146o\u0161anas tilpuma smidzin\u0101t\u0101js (42045) | Mooza Pro\",\"isPartOf\":{\"@id\":\"https:\\\/\\\/moozapro.com\\\/lv\\\/#website\"},\"primaryImageOfPage\":{\"@id\":\"https:\\\/\\\/moozapro.com\\\/lv\\\/produktas\\\/apudenosanas-tilpuma-smidzinatajs-42045\\\/#primaryimage\"},\"image\":{\"@id\":\"https:\\\/\\\/moozapro.com\\\/lv\\\/produktas\\\/apudenosanas-tilpuma-smidzinatajs-42045\\\/#primaryimage\"},\"thumbnailUrl\":\"https:\\\/\\\/moozapro.com\\\/wp-content\\\/uploads\\\/2020\\\/07\\\/hc_sts_125ml_0_1-1.jpg\",\"datePublished\":\"2020-07-08T19:22:06+00:00\",\"dateModified\":\"2025-07-14T13:12:48+00:00\",\"breadcrumb\":{\"@id\":\"https:\\\/\\\/moozapro.com\\\/lv\\\/produktas\\\/apudenosanas-tilpuma-smidzinatajs-42045\\\/#breadcrumb\"},\"inLanguage\":\"lv-LV\",\"potentialAction\":[{\"@type\":\"ReadAction\",\"target\":[\"https:\\\/\\\/moozapro.com\\\/lv\\\/produktas\\\/apudenosanas-tilpuma-smidzinatajs-42045\\\/\"]}]},{\"@type\":\"ImageObject\",\"inLanguage\":\"lv-LV\",\"@id\":\"https:\\\/\\\/moozapro.com\\\/lv\\\/produktas\\\/apudenosanas-tilpuma-smidzinatajs-42045\\\/#primaryimage\",\"url\":\"https:\\\/\\\/moozapro.com\\\/wp-content\\\/uploads\\\/2020\\\/07\\\/hc_sts_125ml_0_1-1.jpg\",\"contentUrl\":\"https:\\\/\\\/moozapro.com\\\/wp-content\\\/uploads\\\/2020\\\/07\\\/hc_sts_125ml_0_1-1.jpg\",\"width\":600,\"height\":600,\"caption\":\"Barojo\u0161s \u0161\u0137idrums\"},{\"@type\":\"BreadcrumbList\",\"@id\":\"https:\\\/\\\/moozapro.com\\\/lv\\\/produktas\\\/apudenosanas-tilpuma-smidzinatajs-42045\\\/#breadcrumb\",\"itemListElement\":[{\"@type\":\"ListItem\",\"position\":1,\"name\":\"Galvenais\",\"item\":\"https:\\\/\\\/moozapro.com\\\/lv\\\/\"},{\"@type\":\"ListItem\",\"position\":2,\"name\":\"Visi produkti\",\"item\":\"https:\\\/\\\/moozapro.com\\\/lv\\\/shop\\\/\"},{\"@type\":\"ListItem\",\"position\":3,\"name\":\"Ap\u016bde\u0146o\u0161anas tilpuma smidzin\u0101t\u0101js (42045)\"}]},{\"@type\":\"WebSite\",\"@id\":\"https:\\\/\\\/moozapro.com\\\/lv\\\/#website\",\"url\":\"https:\\\/\\\/moozapro.com\\\/lv\\\/\",\"name\":\"Mooza Pro\",\"description\":\"Priemon\u0117s j\u016bs\u0173 plaukams\",\"publisher\":{\"@id\":\"https:\\\/\\\/moozapro.com\\\/lv\\\/#organization\"},\"potentialAction\":[{\"@type\":\"SearchAction\",\"target\":{\"@type\":\"EntryPoint\",\"urlTemplate\":\"https:\\\/\\\/moozapro.com\\\/lv\\\/?s={search_term_string}\"},\"query-input\":{\"@type\":\"PropertyValueSpecification\",\"valueRequired\":true,\"valueName\":\"search_term_string\"}}],\"inLanguage\":\"lv-LV\"},{\"@type\":\"Organization\",\"@id\":\"https:\\\/\\\/moozapro.com\\\/lv\\\/#organization\",\"name\":\"Mooza Pro\",\"url\":\"https:\\\/\\\/moozapro.com\\\/lv\\\/\",\"logo\":{\"@type\":\"ImageObject\",\"inLanguage\":\"lv-LV\",\"@id\":\"https:\\\/\\\/moozapro.com\\\/lv\\\/#\\\/schema\\\/logo\\\/image\\\/\",\"url\":\"https:\\\/\\\/moozapro.com\\\/wp-content\\\/uploads\\\/2023\\\/11\\\/Mooza-Pro-mazas-logo.png\",\"contentUrl\":\"https:\\\/\\\/moozapro.com\\\/wp-content\\\/uploads\\\/2023\\\/11\\\/Mooza-Pro-mazas-logo.png\",\"width\":250,\"height\":103,\"caption\":\"Mooza Pro\"},\"image\":{\"@id\":\"https:\\\/\\\/moozapro.com\\\/lv\\\/#\\\/schema\\\/logo\\\/image\\\/\"},\"sameAs\":[\"https:\\\/\\\/www.facebook.com\\\/moozabeauty\"]}]}<\/script>\n<!-- \/ Yoast SEO plugin. -->","yoast_head_json":{"title":"Ap\u016bde\u0146o\u0161anas tilpuma smidzin\u0101t\u0101js (42045) | Mooza Pro","robots":{"index":"index","follow":"follow","max-snippet":"max-snippet:-1","max-image-preview":"max-image-preview:large","max-video-preview":"max-video-preview:-1"},"canonical":"https:\/\/moozapro.com\/lv\/produktas\/apudenosanas-tilpuma-smidzinatajs-42045\/","og_locale":"lv_LV","og_type":"article","og_title":"Ap\u016bde\u0146o\u0161anas tilpuma smidzin\u0101t\u0101js (42045) | Mooza Pro","og_description":"Biezs, pl\u0101ns, izp\u016bsts vai taisns? Visiem matu tipiem, numur viens! Nodro\u0161ina tekst\u016bru, vieglu veido\u0161anu un notur\u012bgus rezult\u0101tus.","og_url":"https:\/\/moozapro.com\/lv\/produktas\/apudenosanas-tilpuma-smidzinatajs-42045\/","og_site_name":"Mooza Pro","article_publisher":"https:\/\/www.facebook.com\/moozabeauty","article_modified_time":"2025-07-14T13:12:48+00:00","og_image":[{"width":600,"height":600,"url":"https:\/\/moozapro.com\/wp-content\/uploads\/2020\/07\/hc_sts_125ml_0_1-1.jpg","type":"image\/jpeg"}],"twitter_card":"summary_large_image","twitter_misc":{"Est. reading time":"1 minute"},"schema":{"@context":"https:\/\/schema.org","@graph":[{"@type":"WebPage","@id":"https:\/\/moozapro.com\/lv\/produktas\/apudenosanas-tilpuma-smidzinatajs-42045\/","url":"https:\/\/moozapro.com\/lv\/produktas\/apudenosanas-tilpuma-smidzinatajs-42045\/","name":"Ap\u016bde\u0146o\u0161anas tilpuma smidzin\u0101t\u0101js (42045) | Mooza Pro","isPartOf":{"@id":"https:\/\/moozapro.com\/lv\/#website"},"primaryImageOfPage":{"@id":"https:\/\/moozapro.com\/lv\/produktas\/apudenosanas-tilpuma-smidzinatajs-42045\/#primaryimage"},"image":{"@id":"https:\/\/moozapro.com\/lv\/produktas\/apudenosanas-tilpuma-smidzinatajs-42045\/#primaryimage"},"thumbnailUrl":"https:\/\/moozapro.com\/wp-content\/uploads\/2020\/07\/hc_sts_125ml_0_1-1.jpg","datePublished":"2020-07-08T19:22:06+00:00","dateModified":"2025-07-14T13:12:48+00:00","breadcrumb":{"@id":"https:\/\/moozapro.com\/lv\/produktas\/apudenosanas-tilpuma-smidzinatajs-42045\/#breadcrumb"},"inLanguage":"lv-LV","potentialAction":[{"@type":"ReadAction","target":["https:\/\/moozapro.com\/lv\/produktas\/apudenosanas-tilpuma-smidzinatajs-42045\/"]}]},{"@type":"ImageObject","inLanguage":"lv-LV","@id":"https:\/\/moozapro.com\/lv\/produktas\/apudenosanas-tilpuma-smidzinatajs-42045\/#primaryimage","url":"https:\/\/moozapro.com\/wp-content\/uploads\/2020\/07\/hc_sts_125ml_0_1-1.jpg","contentUrl":"https:\/\/moozapro.com\/wp-content\/uploads\/2020\/07\/hc_sts_125ml_0_1-1.jpg","width":600,"height":600,"caption":"Barojo\u0161s \u0161\u0137idrums"},{"@type":"BreadcrumbList","@id":"https:\/\/moozapro.com\/lv\/produktas\/apudenosanas-tilpuma-smidzinatajs-42045\/#breadcrumb","itemListElement":[{"@type":"ListItem","position":1,"name":"Galvenais","item":"https:\/\/moozapro.com\/lv\/"},{"@type":"ListItem","position":2,"name":"Visi produkti","item":"https:\/\/moozapro.com\/lv\/shop\/"},{"@type":"ListItem","position":3,"name":"Ap\u016bde\u0146o\u0161anas tilpuma smidzin\u0101t\u0101js (42045)"}]},{"@type":"WebSite","@id":"https:\/\/moozapro.com\/lv\/#website","url":"https:\/\/moozapro.com\/lv\/","name":"Mooza Pro","description":"Priemon\u0117s j\u016bs\u0173 plaukams","publisher":{"@id":"https:\/\/moozapro.com\/lv\/#organization"},"potentialAction":[{"@type":"SearchAction","target":{"@type":"EntryPoint","urlTemplate":"https:\/\/moozapro.com\/lv\/?s={search_term_string}"},"query-input":{"@type":"PropertyValueSpecification","valueRequired":true,"valueName":"search_term_string"}}],"inLanguage":"lv-LV"},{"@type":"Organization","@id":"https:\/\/moozapro.com\/lv\/#organization","name":"Mooza Pro","url":"https:\/\/moozapro.com\/lv\/","logo":{"@type":"ImageObject","inLanguage":"lv-LV","@id":"https:\/\/moozapro.com\/lv\/#\/schema\/logo\/image\/","url":"https:\/\/moozapro.com\/wp-content\/uploads\/2023\/11\/Mooza-Pro-mazas-logo.png","contentUrl":"https:\/\/moozapro.com\/wp-content\/uploads\/2023\/11\/Mooza-Pro-mazas-logo.png","width":250,"height":103,"caption":"Mooza Pro"},"image":{"@id":"https:\/\/moozapro.com\/lv\/#\/schema\/logo\/image\/"},"sameAs":["https:\/\/www.facebook.com\/moozabeauty"]}]}},"_links":{"self":[{"href":"https:\/\/moozapro.com\/lv\/wp-json\/wp\/v2\/product\/23474","targetHints":{"allow":["GET"]}}],"collection":[{"href":"https:\/\/moozapro.com\/lv\/wp-json\/wp\/v2\/product"}],"about":[{"href":"https:\/\/moozapro.com\/lv\/wp-json\/wp\/v2\/types\/product"}],"replies":[{"embeddable":true,"href":"https:\/\/moozapro.com\/lv\/wp-json\/wp\/v2\/comments?post=23474"}],"version-history":[{"count":1,"href":"https:\/\/moozapro.com\/lv\/wp-json\/wp\/v2\/product\/23474\/revisions"}],"predecessor-version":[{"id":30306,"href":"https:\/\/moozapro.com\/lv\/wp-json\/wp\/v2\/product\/23474\/revisions\/30306"}],"wp:featuredmedia":[{"embeddable":true,"href":"https:\/\/moozapro.com\/lv\/wp-json\/wp\/v2\/media\/22115"}],"wp:attachment":[{"href":"https:\/\/moozapro.com\/lv\/wp-json\/wp\/v2\/media?parent=23474"}],"wp:term":[{"taxonomy":"product_brand","embeddable":true,"href":"https:\/\/moozapro.com\/lv\/wp-json\/wp\/v2\/product_brand?post=23474"},{"taxonomy":"product_cat","embeddable":true,"href":"https:\/\/moozapro.com\/lv\/wp-json\/wp\/v2\/product_cat?post=23474"},{"taxonomy":"product_tag","embeddable":true,"href":"https:\/\/moozapro.com\/lv\/wp-json\/wp\/v2\/product_tag?post=23474"}],"curies":[{"name":"wp","href":"https:\/\/api.w.org\/{rel}","templated":true}]}}