{"id":23483,"date":"2020-07-01T16:10:07","date_gmt":"2024-08-03T11:01:49","guid":{"rendered":"https:\/\/moozapro.com\/produktas\/barojosa-maska\/"},"modified":"2025-07-28T18:35:34","modified_gmt":"2025-07-28T15:35:34","slug":"barojosa-maska","status":"publish","type":"product","link":"https:\/\/moozapro.com\/lv\/produktas\/barojosa-maska\/","title":{"rendered":"Barojo\u0161a maska"},"content":{"rendered":"\t\t<div data-elementor-type=\"product-post\" data-elementor-id=\"23483\" class=\"elementor elementor-23483 elementor-3975\" data-elementor-post-type=\"product\">\n\t\t\t\t\t\t<section class=\"elementor-section elementor-top-section elementor-element elementor-element-3aebb913 elementor-section-boxed elementor-section-height-default elementor-section-height-default\" data-id=\"3aebb913\" data-element_type=\"section\" data-e-type=\"section\">\n\t\t\t\t\t\t<div class=\"elementor-container elementor-column-gap-default\">\n\t\t\t\t\t<div class=\"elementor-column elementor-col-50 elementor-top-column elementor-element elementor-element-76adf0c0 kitify-col-width-auto-no kitify-disable-relative-no\" data-id=\"76adf0c0\" data-element_type=\"column\" data-e-type=\"column\" data-settings=\"{&quot;background_background&quot;:&quot;classic&quot;}\">\n\t\t\t<div class=\"elementor-widget-wrap elementor-element-populated\">\n\t\t\t\t\t\t<div class=\"elementor-element elementor-element-7b0aaa71 elementor-widget elementor-widget-image\" data-id=\"7b0aaa71\" data-element_type=\"widget\" data-e-type=\"widget\" data-widget_type=\"image.default\">\n\t\t\t\t<div class=\"elementor-widget-container\">\n\t\t\t\t\t\t\t\t\t\t\t\t\t\t\t<img fetchpriority=\"high\" decoding=\"async\" width=\"601\" height=\"747\" src=\"https:\/\/moozapro.com\/wp-content\/uploads\/2020\/07\/Screenshot-2022-02-15-at-11.10.47.png\" class=\"attachment-full size-full wp-image-22745\" alt=\"\" srcset=\"https:\/\/moozapro.com\/wp-content\/uploads\/2020\/07\/Screenshot-2022-02-15-at-11.10.47.png 601w, https:\/\/moozapro.com\/wp-content\/uploads\/2020\/07\/Screenshot-2022-02-15-at-11.10.47-306x380.png 306w, https:\/\/moozapro.com\/wp-content\/uploads\/2020\/07\/Screenshot-2022-02-15-at-11.10.47-314x390.png 314w, https:\/\/moozapro.com\/wp-content\/uploads\/2020\/07\/Screenshot-2022-02-15-at-11.10.47-180x225.png 180w\" sizes=\"(max-width: 601px) 100vw, 601px\" \/>\t\t\t\t\t\t\t\t\t\t\t\t\t\t\t<\/div>\n\t\t\t\t<\/div>\n\t\t\t\t\t<\/div>\n\t\t<\/div>\n\t\t\t\t<div class=\"elementor-column elementor-col-50 elementor-top-column elementor-element elementor-element-710ea3c2 kitify-col-width-auto-no kitify-disable-relative-no\" data-id=\"710ea3c2\" data-element_type=\"column\" data-e-type=\"column\">\n\t\t\t<div class=\"elementor-widget-wrap elementor-element-populated\">\n\t\t\t\t\t\t<div class=\"elementor-element elementor-element-2259a71d elementor-widget elementor-widget-heading\" data-id=\"2259a71d\" data-element_type=\"widget\" data-e-type=\"widget\" data-widget_type=\"heading.default\">\n\t\t\t\t<div class=\"elementor-widget-container\">\n\t\t\t\t\t<h2 class=\"elementor-heading-title elementor-size-default\">Ja j\u016bsu mati ir k\u0101 salmi, tos gl\u0101bs \u0161\u012b sviests un ol\u012bvu lapu ekstrakts.<\/h2>\t\t\t\t<\/div>\n\t\t\t\t<\/div>\n\t\t\t\t<div class=\"elementor-element elementor-element-2482e6e0 elementor-widget-divider--view-line elementor-widget elementor-widget-divider\" data-id=\"2482e6e0\" data-element_type=\"widget\" data-e-type=\"widget\" data-widget_type=\"divider.default\">\n\t\t\t\t<div class=\"elementor-widget-container\">\n\t\t\t\t\t\t\t<div class=\"elementor-divider\">\n\t\t\t<span class=\"elementor-divider-separator\">\n\t\t\t\t\t\t<\/span>\n\t\t<\/div>\n\t\t\t\t\t\t<\/div>\n\t\t\t\t<\/div>\n\t\t\t\t<div class=\"elementor-element elementor-element-41ec06b3 elementor-widget elementor-widget-spacer\" data-id=\"41ec06b3\" data-element_type=\"widget\" data-e-type=\"widget\" data-widget_type=\"spacer.default\">\n\t\t\t\t<div class=\"elementor-widget-container\">\n\t\t\t\t\t\t\t<div class=\"elementor-spacer\">\n\t\t\t<div class=\"elementor-spacer-inner\"><\/div>\n\t\t<\/div>\n\t\t\t\t\t\t<\/div>\n\t\t\t\t<\/div>\n\t\t\t\t<div class=\"elementor-element elementor-element-67de93e0 elementor-widget elementor-widget-text-editor\" data-id=\"67de93e0\" data-element_type=\"widget\" data-e-type=\"widget\" data-widget_type=\"text-editor.default\">\n\t\t\t\t<div class=\"elementor-widget-container\">\n\t\t\t\t\t\t\t\t\t<p>Sapinu\u0161os matus, kas zaud\u0113ju\u0161i sp\u012bdumu un elast\u012bbu, var atjaunot uzreiz.<\/p><p>Barojo\u0161\u0101 maska ir piem\u0113rota visiem matu tipiem, un to vislab\u0101k ieteicams lietot vid\u0113ji bieziem un bieziem matiem.<\/p><p>Atjauno un baro sausus, boj\u0101tus matus, nov\u0113r\u0161 matu l\u016b\u0161anu, pie\u0161\u0137ir elast\u012bbu un sp\u012bdumu.<\/p><p> <\/p><p><strong>Akt\u012bv\u0101 viela:<\/strong> \u0161\u012b sviests - miner\u0101lvielu, vitam\u012bnu un antioksidantu avots. \u0160\u012b sviests, kas ieg\u016bts no \u0161\u012b riekstiem, nodro\u0161ina barojo\u0161u iedarb\u012bbu, t\u0101d\u0113j\u0101di pies\u0101tinot boj\u0101t\u0101s matu strukt\u016bras da\u013cas.<\/p>\t\t\t\t\t\t\t\t<\/div>\n\t\t\t\t<\/div>\n\t\t\t\t\t<\/div>\n\t\t<\/div>\n\t\t\t\t\t<\/div>\n\t\t<\/section>\n\t\t\t\t<section class=\"elementor-section elementor-top-section elementor-element elementor-element-24689bf2 elementor-reverse-mobile elementor-section-boxed elementor-section-height-default elementor-section-height-default\" data-id=\"24689bf2\" data-element_type=\"section\" data-e-type=\"section\">\n\t\t\t\t\t\t<div class=\"elementor-container elementor-column-gap-default\">\n\t\t\t\t\t<div class=\"elementor-column elementor-col-50 elementor-top-column elementor-element elementor-element-243084f0 kitify-col-width-auto-no kitify-disable-relative-no\" data-id=\"243084f0\" data-element_type=\"column\" data-e-type=\"column\">\n\t\t\t<div class=\"elementor-widget-wrap elementor-element-populated\">\n\t\t\t\t\t\t<div class=\"elementor-element elementor-element-3b9baa48 elementor-widget elementor-widget-heading\" data-id=\"3b9baa48\" data-element_type=\"widget\" data-e-type=\"widget\" data-widget_type=\"heading.default\">\n\t\t\t\t<div class=\"elementor-widget-container\">\n\t\t\t\t\t<h2 class=\"elementor-heading-title elementor-size-default\">Izmanto\u0161ana  <\/h2>\t\t\t\t<\/div>\n\t\t\t\t<\/div>\n\t\t\t\t<div class=\"elementor-element elementor-element-479aff01 elementor-widget-divider--view-line elementor-widget elementor-widget-divider\" data-id=\"479aff01\" data-element_type=\"widget\" data-e-type=\"widget\" data-widget_type=\"divider.default\">\n\t\t\t\t<div class=\"elementor-widget-container\">\n\t\t\t\t\t\t\t<div class=\"elementor-divider\">\n\t\t\t<span class=\"elementor-divider-separator\">\n\t\t\t\t\t\t<\/span>\n\t\t<\/div>\n\t\t\t\t\t\t<\/div>\n\t\t\t\t<\/div>\n\t\t\t\t<div class=\"elementor-element elementor-element-27ba9f6b elementor-widget elementor-widget-spacer\" data-id=\"27ba9f6b\" data-element_type=\"widget\" data-e-type=\"widget\" data-widget_type=\"spacer.default\">\n\t\t\t\t<div class=\"elementor-widget-container\">\n\t\t\t\t\t\t\t<div class=\"elementor-spacer\">\n\t\t\t<div class=\"elementor-spacer-inner\"><\/div>\n\t\t<\/div>\n\t\t\t\t\t\t<\/div>\n\t\t\t\t<\/div>\n\t\t\t\t<div class=\"elementor-element elementor-element-5bd1a37a elementor-widget elementor-widget-text-editor\" data-id=\"5bd1a37a\" data-element_type=\"widget\" data-e-type=\"widget\" data-widget_type=\"text-editor.default\">\n\t\t\t\t<div class=\"elementor-widget-container\">\n\t\t\t\t\t\t\t\t\t<p>Maigi iemas\u0113jiet nelielu daudzumu l\u012bdzek\u013ca mazg\u0101tos, iz\u017e\u0101v\u0113tos matos.<\/p><p>Ikdienas lieto\u0161anai turiet <strong>2-3 min, <\/strong> <\/p><p>intens\u012bvai iedarb\u012bbai atst\u0101jiet uz <strong>15-20 min\u016bt\u0113m<\/strong>, nedaudz sasildot.<\/p><p>  Izskalojiet, izmantojiet vismaz reizi ned\u0113\u013c\u0101.<\/p>\t\t\t\t\t\t\t\t<\/div>\n\t\t\t\t<\/div>\n\t\t\t\t<div class=\"elementor-element elementor-element-10b4f3c elementor-widget elementor-widget-spacer\" data-id=\"10b4f3c\" data-element_type=\"widget\" data-e-type=\"widget\" data-widget_type=\"spacer.default\">\n\t\t\t\t<div class=\"elementor-widget-container\">\n\t\t\t\t\t\t\t<div class=\"elementor-spacer\">\n\t\t\t<div class=\"elementor-spacer-inner\"><\/div>\n\t\t<\/div>\n\t\t\t\t\t\t<\/div>\n\t\t\t\t<\/div>\n\t\t\t\t<div class=\"elementor-element elementor-element-cd83cb3 elementor-widget elementor-widget-text-editor\" data-id=\"cd83cb3\" data-element_type=\"widget\" data-e-type=\"widget\" data-widget_type=\"text-editor.default\">\n\t\t\t\t<div class=\"elementor-widget-container\">\n\t\t\t\t\t\t\t\t\t<h6 style=\"font-style: normal; font-variant-ligatures: normal; font-variant-caps: normal; font-weight: 400; font-size: 16px; font-family: Arial;\">Sast\u0101vs: \u016aDENS (\u016aDENS), CETEARILSPIRTS, IZOPROPILPALMIT\u0100TS, BEHENTRIMONIJA METOSULF\u0100TS, CETILSPIRTS, FENOKSIETANOLS, SMAR\u017dVIELA\/PARFUMS, POLISORB\u0100TS 60, STEARALKONIJA HLOR\u012aDS, PENTAERITR\u012aTILTETRAIZOSTEAR\u0100TS, SVIESTS BUTYROSPERMUM PARKII (SHEA), OLEA EUROPAEA (OL\u012aVU) LAPU EKSTRAKTS, ALOE BARBADENSIS LAPU SULA, MEDUS\/PEL\u0112JUMS\/RAUGS, KAN\u0112\u013bKO\u0145EPROPILTRIMONIJA HLOR\u012aDS, VACCINIUM MACROCARPON (DZ\u0112RVE\u0145U) S\u0112KLU E\u013b\u013bA, CORYLUS AVELLANA (LAZDU RIEKSTU) S\u0112KLU E\u013b\u013bA, JUGLANS REGIA (VALRIEKSTU) S\u0112KLU E\u013b\u013bA, TETRASODIUM EDTA, PROPIL\u0112NGLIKOLS, PANTENOLS, BUTIL\u0112NGLIKOLS, BENZILSALICIL\u0100TS, HIDROKSIZOHEKSIL 3-CIKLOHEKS\u0112NKARBOKSALDEH\u012aDS, LINALOLS, ALFA-IZOMETILJONONS, JODOPROPINILBUTILKARBAM\u0100TS, CITRONSK\u0100BE, DZELTENAIS 6\/CI 15985\/ KI5, DZELTENAIS 5\/CI 19140\/ KI4.<\/h6><p style=\"font-style: normal; font-variant-ligatures: normal; font-variant-caps: normal; font-weight: 400; font-size: 16px; font-family: Arial;\"> <\/p>\t\t\t\t\t\t\t\t<\/div>\n\t\t\t\t<\/div>\n\t\t\t\t<div class=\"elementor-element elementor-element-434f9f44 elementor-widget elementor-widget-spacer\" data-id=\"434f9f44\" data-element_type=\"widget\" data-e-type=\"widget\" data-widget_type=\"spacer.default\">\n\t\t\t\t<div class=\"elementor-widget-container\">\n\t\t\t\t\t\t\t<div class=\"elementor-spacer\">\n\t\t\t<div class=\"elementor-spacer-inner\"><\/div>\n\t\t<\/div>\n\t\t\t\t\t\t<\/div>\n\t\t\t\t<\/div>\n\t\t\t\t\t<\/div>\n\t\t<\/div>\n\t\t\t\t<div class=\"elementor-column elementor-col-50 elementor-top-column elementor-element elementor-element-356a8a06 kitify-col-width-auto-no kitify-disable-relative-no\" data-id=\"356a8a06\" data-element_type=\"column\" data-e-type=\"column\">\n\t\t\t<div class=\"elementor-widget-wrap elementor-element-populated\">\n\t\t\t\t\t\t<div class=\"elementor-element elementor-element-33bfdc41 elementor-widget elementor-widget-image\" data-id=\"33bfdc41\" data-element_type=\"widget\" data-e-type=\"widget\" data-widget_type=\"image.default\">\n\t\t\t\t<div class=\"elementor-widget-container\">\n\t\t\t\t\t\t\t\t\t\t\t\t\t\t\t<img decoding=\"async\" width=\"602\" height=\"749\" src=\"https:\/\/moozapro.com\/wp-content\/uploads\/2020\/07\/Screenshot-2022-02-15-at-11.10.25.png\" class=\"attachment-full size-full wp-image-22746\" alt=\"\" srcset=\"https:\/\/moozapro.com\/wp-content\/uploads\/2020\/07\/Screenshot-2022-02-15-at-11.10.25.png 602w, https:\/\/moozapro.com\/wp-content\/uploads\/2020\/07\/Screenshot-2022-02-15-at-11.10.25-305x380.png 305w, https:\/\/moozapro.com\/wp-content\/uploads\/2020\/07\/Screenshot-2022-02-15-at-11.10.25-313x390.png 313w, https:\/\/moozapro.com\/wp-content\/uploads\/2020\/07\/Screenshot-2022-02-15-at-11.10.25-180x225.png 180w\" sizes=\"(max-width: 602px) 100vw, 602px\" \/>\t\t\t\t\t\t\t\t\t\t\t\t\t\t\t<\/div>\n\t\t\t\t<\/div>\n\t\t\t\t\t<\/div>\n\t\t<\/div>\n\t\t\t\t\t<\/div>\n\t\t<\/section>\n\t\t\t\t<\/div>\n\t\t","protected":false},"excerpt":{"rendered":"<h4 style=\"text-align: center;\">Atjauno un baro sausus, boj\u0101tus matus, nov\u0113r\u0161 matu l\u016b\u0161anu, pie\u0161\u0137ir elast\u012bbu un sp\u012bdumu.<\/h4>\n<h4 style=\"text-align: center;\">Barojo\u0161\u0101 maska ir piem\u0113rota visiem matu tipiem, un to vislab\u0101k ieteicams lietot vid\u0113ji bieziem un bieziem matiem.<\/h4>\n<p>&nbsp;<\/p>\n<p>&nbsp;<\/p>\n","protected":false},"featured_media":22211,"comment_status":"open","ping_status":"closed","template":"","meta":[],"product_brand":[],"product_cat":[442,474,434,440,439],"product_tag":[446,671,675,448],"class_list":{"0":"post-23483","1":"product","2":"type-product","3":"status-publish","4":"has-post-thumbnail","6":"product_cat-bojata-matu-struktura","7":"product_cat-maskas","8":"product_cat-matu-kopsana","9":"product_cat-taisni-mati","10":"product_cat-vilnaini-vilnaini-mati","11":"product_tag-bojati-mati","12":"product_tag-jutiga-galvas-ada","13":"product_tag-sausa-galvas-ada","14":"product_tag-sausi-mati","15":"yith_product_brand-newsha","17":"first","18":"instock","19":"taxable","20":"shipping-taxable","21":"purchasable","22":"product-type-variable","23":"has-default-attributes"},"yoast_head":"<!-- This site is optimized with the Yoast SEO plugin v27.4 - https:\/\/yoast.com\/product\/yoast-seo-wordpress\/ -->\n<title>Barojo\u0161a maska | Mooza Pro<\/title>\n<meta name=\"robots\" content=\"index, follow, max-snippet:-1, max-image-preview:large, max-video-preview:-1\" \/>\n<link rel=\"canonical\" href=\"https:\/\/moozapro.com\/lv\/produktas\/barojosa-maska\/\" \/>\n<meta property=\"og:locale\" content=\"lv_LV\" \/>\n<meta property=\"og:type\" content=\"article\" \/>\n<meta property=\"og:title\" content=\"Barojo\u0161a maska | Mooza Pro\" \/>\n<meta property=\"og:description\" content=\"Atjauno un baro sausus, boj\u0101tus matus, nov\u0113r\u0161 matu l\u016b\u0161anu, pie\u0161\u0137ir elast\u012bbu un sp\u012bdumu. Barojo\u0161\u0101 maska ir piem\u0113rota visiem matu tipiem, un to vislab\u0101k ieteicams lietot vid\u0113ji bieziem un bieziem matiem. &nbsp; &nbsp;\" \/>\n<meta property=\"og:url\" content=\"https:\/\/moozapro.com\/lv\/produktas\/barojosa-maska\/\" \/>\n<meta property=\"og:site_name\" content=\"Mooza Pro\" \/>\n<meta property=\"article:publisher\" content=\"https:\/\/www.facebook.com\/moozabeauty\" \/>\n<meta property=\"article:modified_time\" content=\"2025-07-28T15:35:34+00:00\" \/>\n<meta property=\"og:image\" content=\"https:\/\/moozapro.com\/wp-content\/uploads\/2020\/07\/dtm.jpg\" \/>\n\t<meta property=\"og:image:width\" content=\"600\" \/>\n\t<meta property=\"og:image:height\" content=\"600\" \/>\n\t<meta property=\"og:image:type\" content=\"image\/jpeg\" \/>\n<meta name=\"twitter:card\" content=\"summary_large_image\" \/>\n<meta name=\"twitter:label1\" content=\"Est. reading time\" \/>\n\t<meta name=\"twitter:data1\" content=\"1 minute\" \/>\n<script type=\"application\/ld+json\" class=\"yoast-schema-graph\">{\"@context\":\"https:\\\/\\\/schema.org\",\"@graph\":[{\"@type\":\"WebPage\",\"@id\":\"https:\\\/\\\/moozapro.com\\\/lv\\\/produktas\\\/barojosa-maska\\\/\",\"url\":\"https:\\\/\\\/moozapro.com\\\/lv\\\/produktas\\\/barojosa-maska\\\/\",\"name\":\"Barojo\u0161a maska | Mooza Pro\",\"isPartOf\":{\"@id\":\"https:\\\/\\\/moozapro.com\\\/lv\\\/#website\"},\"primaryImageOfPage\":{\"@id\":\"https:\\\/\\\/moozapro.com\\\/lv\\\/produktas\\\/barojosa-maska\\\/#primaryimage\"},\"image\":{\"@id\":\"https:\\\/\\\/moozapro.com\\\/lv\\\/produktas\\\/barojosa-maska\\\/#primaryimage\"},\"thumbnailUrl\":\"https:\\\/\\\/moozapro.com\\\/wp-content\\\/uploads\\\/2020\\\/07\\\/dtm.jpg\",\"datePublished\":\"2024-08-03T11:01:49+00:00\",\"dateModified\":\"2025-07-28T15:35:34+00:00\",\"breadcrumb\":{\"@id\":\"https:\\\/\\\/moozapro.com\\\/lv\\\/produktas\\\/barojosa-maska\\\/#breadcrumb\"},\"inLanguage\":\"lv-LV\",\"potentialAction\":[{\"@type\":\"ReadAction\",\"target\":[\"https:\\\/\\\/moozapro.com\\\/lv\\\/produktas\\\/barojosa-maska\\\/\"]}]},{\"@type\":\"ImageObject\",\"inLanguage\":\"lv-LV\",\"@id\":\"https:\\\/\\\/moozapro.com\\\/lv\\\/produktas\\\/barojosa-maska\\\/#primaryimage\",\"url\":\"https:\\\/\\\/moozapro.com\\\/wp-content\\\/uploads\\\/2020\\\/07\\\/dtm.jpg\",\"contentUrl\":\"https:\\\/\\\/moozapro.com\\\/wp-content\\\/uploads\\\/2020\\\/07\\\/dtm.jpg\",\"width\":600,\"height\":600,\"caption\":\"barojo\u0161a maska\"},{\"@type\":\"BreadcrumbList\",\"@id\":\"https:\\\/\\\/moozapro.com\\\/lv\\\/produktas\\\/barojosa-maska\\\/#breadcrumb\",\"itemListElement\":[{\"@type\":\"ListItem\",\"position\":1,\"name\":\"Galvenais\",\"item\":\"https:\\\/\\\/moozapro.com\\\/lv\\\/\"},{\"@type\":\"ListItem\",\"position\":2,\"name\":\"Visi produkti\",\"item\":\"https:\\\/\\\/moozapro.com\\\/lv\\\/shop\\\/\"},{\"@type\":\"ListItem\",\"position\":3,\"name\":\"Barojo\u0161a maska\"}]},{\"@type\":\"WebSite\",\"@id\":\"https:\\\/\\\/moozapro.com\\\/lv\\\/#website\",\"url\":\"https:\\\/\\\/moozapro.com\\\/lv\\\/\",\"name\":\"Mooza Pro\",\"description\":\"Priemon\u0117s j\u016bs\u0173 plaukams\",\"publisher\":{\"@id\":\"https:\\\/\\\/moozapro.com\\\/lv\\\/#organization\"},\"potentialAction\":[{\"@type\":\"SearchAction\",\"target\":{\"@type\":\"EntryPoint\",\"urlTemplate\":\"https:\\\/\\\/moozapro.com\\\/lv\\\/?s={search_term_string}\"},\"query-input\":{\"@type\":\"PropertyValueSpecification\",\"valueRequired\":true,\"valueName\":\"search_term_string\"}}],\"inLanguage\":\"lv-LV\"},{\"@type\":\"Organization\",\"@id\":\"https:\\\/\\\/moozapro.com\\\/lv\\\/#organization\",\"name\":\"Mooza Pro\",\"url\":\"https:\\\/\\\/moozapro.com\\\/lv\\\/\",\"logo\":{\"@type\":\"ImageObject\",\"inLanguage\":\"lv-LV\",\"@id\":\"https:\\\/\\\/moozapro.com\\\/lv\\\/#\\\/schema\\\/logo\\\/image\\\/\",\"url\":\"https:\\\/\\\/moozapro.com\\\/wp-content\\\/uploads\\\/2023\\\/11\\\/Mooza-Pro-mazas-logo.png\",\"contentUrl\":\"https:\\\/\\\/moozapro.com\\\/wp-content\\\/uploads\\\/2023\\\/11\\\/Mooza-Pro-mazas-logo.png\",\"width\":250,\"height\":103,\"caption\":\"Mooza Pro\"},\"image\":{\"@id\":\"https:\\\/\\\/moozapro.com\\\/lv\\\/#\\\/schema\\\/logo\\\/image\\\/\"},\"sameAs\":[\"https:\\\/\\\/www.facebook.com\\\/moozabeauty\"]}]}<\/script>\n<!-- \/ Yoast SEO plugin. -->","yoast_head_json":{"title":"Barojo\u0161a maska | Mooza Pro","robots":{"index":"index","follow":"follow","max-snippet":"max-snippet:-1","max-image-preview":"max-image-preview:large","max-video-preview":"max-video-preview:-1"},"canonical":"https:\/\/moozapro.com\/lv\/produktas\/barojosa-maska\/","og_locale":"lv_LV","og_type":"article","og_title":"Barojo\u0161a maska | Mooza Pro","og_description":"Atjauno un baro sausus, boj\u0101tus matus, nov\u0113r\u0161 matu l\u016b\u0161anu, pie\u0161\u0137ir elast\u012bbu un sp\u012bdumu. Barojo\u0161\u0101 maska ir piem\u0113rota visiem matu tipiem, un to vislab\u0101k ieteicams lietot vid\u0113ji bieziem un bieziem matiem. &nbsp; &nbsp;","og_url":"https:\/\/moozapro.com\/lv\/produktas\/barojosa-maska\/","og_site_name":"Mooza Pro","article_publisher":"https:\/\/www.facebook.com\/moozabeauty","article_modified_time":"2025-07-28T15:35:34+00:00","og_image":[{"width":600,"height":600,"url":"https:\/\/moozapro.com\/wp-content\/uploads\/2020\/07\/dtm.jpg","type":"image\/jpeg"}],"twitter_card":"summary_large_image","twitter_misc":{"Est. reading time":"1 minute"},"schema":{"@context":"https:\/\/schema.org","@graph":[{"@type":"WebPage","@id":"https:\/\/moozapro.com\/lv\/produktas\/barojosa-maska\/","url":"https:\/\/moozapro.com\/lv\/produktas\/barojosa-maska\/","name":"Barojo\u0161a maska | Mooza Pro","isPartOf":{"@id":"https:\/\/moozapro.com\/lv\/#website"},"primaryImageOfPage":{"@id":"https:\/\/moozapro.com\/lv\/produktas\/barojosa-maska\/#primaryimage"},"image":{"@id":"https:\/\/moozapro.com\/lv\/produktas\/barojosa-maska\/#primaryimage"},"thumbnailUrl":"https:\/\/moozapro.com\/wp-content\/uploads\/2020\/07\/dtm.jpg","datePublished":"2024-08-03T11:01:49+00:00","dateModified":"2025-07-28T15:35:34+00:00","breadcrumb":{"@id":"https:\/\/moozapro.com\/lv\/produktas\/barojosa-maska\/#breadcrumb"},"inLanguage":"lv-LV","potentialAction":[{"@type":"ReadAction","target":["https:\/\/moozapro.com\/lv\/produktas\/barojosa-maska\/"]}]},{"@type":"ImageObject","inLanguage":"lv-LV","@id":"https:\/\/moozapro.com\/lv\/produktas\/barojosa-maska\/#primaryimage","url":"https:\/\/moozapro.com\/wp-content\/uploads\/2020\/07\/dtm.jpg","contentUrl":"https:\/\/moozapro.com\/wp-content\/uploads\/2020\/07\/dtm.jpg","width":600,"height":600,"caption":"barojo\u0161a maska"},{"@type":"BreadcrumbList","@id":"https:\/\/moozapro.com\/lv\/produktas\/barojosa-maska\/#breadcrumb","itemListElement":[{"@type":"ListItem","position":1,"name":"Galvenais","item":"https:\/\/moozapro.com\/lv\/"},{"@type":"ListItem","position":2,"name":"Visi produkti","item":"https:\/\/moozapro.com\/lv\/shop\/"},{"@type":"ListItem","position":3,"name":"Barojo\u0161a maska"}]},{"@type":"WebSite","@id":"https:\/\/moozapro.com\/lv\/#website","url":"https:\/\/moozapro.com\/lv\/","name":"Mooza Pro","description":"Priemon\u0117s j\u016bs\u0173 plaukams","publisher":{"@id":"https:\/\/moozapro.com\/lv\/#organization"},"potentialAction":[{"@type":"SearchAction","target":{"@type":"EntryPoint","urlTemplate":"https:\/\/moozapro.com\/lv\/?s={search_term_string}"},"query-input":{"@type":"PropertyValueSpecification","valueRequired":true,"valueName":"search_term_string"}}],"inLanguage":"lv-LV"},{"@type":"Organization","@id":"https:\/\/moozapro.com\/lv\/#organization","name":"Mooza Pro","url":"https:\/\/moozapro.com\/lv\/","logo":{"@type":"ImageObject","inLanguage":"lv-LV","@id":"https:\/\/moozapro.com\/lv\/#\/schema\/logo\/image\/","url":"https:\/\/moozapro.com\/wp-content\/uploads\/2023\/11\/Mooza-Pro-mazas-logo.png","contentUrl":"https:\/\/moozapro.com\/wp-content\/uploads\/2023\/11\/Mooza-Pro-mazas-logo.png","width":250,"height":103,"caption":"Mooza Pro"},"image":{"@id":"https:\/\/moozapro.com\/lv\/#\/schema\/logo\/image\/"},"sameAs":["https:\/\/www.facebook.com\/moozabeauty"]}]}},"_links":{"self":[{"href":"https:\/\/moozapro.com\/lv\/wp-json\/wp\/v2\/product\/23483","targetHints":{"allow":["GET"]}}],"collection":[{"href":"https:\/\/moozapro.com\/lv\/wp-json\/wp\/v2\/product"}],"about":[{"href":"https:\/\/moozapro.com\/lv\/wp-json\/wp\/v2\/types\/product"}],"replies":[{"embeddable":true,"href":"https:\/\/moozapro.com\/lv\/wp-json\/wp\/v2\/comments?post=23483"}],"version-history":[{"count":3,"href":"https:\/\/moozapro.com\/lv\/wp-json\/wp\/v2\/product\/23483\/revisions"}],"predecessor-version":[{"id":31455,"href":"https:\/\/moozapro.com\/lv\/wp-json\/wp\/v2\/product\/23483\/revisions\/31455"}],"wp:featuredmedia":[{"embeddable":true,"href":"https:\/\/moozapro.com\/lv\/wp-json\/wp\/v2\/media\/22211"}],"wp:attachment":[{"href":"https:\/\/moozapro.com\/lv\/wp-json\/wp\/v2\/media?parent=23483"}],"wp:term":[{"taxonomy":"product_brand","embeddable":true,"href":"https:\/\/moozapro.com\/lv\/wp-json\/wp\/v2\/product_brand?post=23483"},{"taxonomy":"product_cat","embeddable":true,"href":"https:\/\/moozapro.com\/lv\/wp-json\/wp\/v2\/product_cat?post=23483"},{"taxonomy":"product_tag","embeddable":true,"href":"https:\/\/moozapro.com\/lv\/wp-json\/wp\/v2\/product_tag?post=23483"}],"curies":[{"name":"wp","href":"https:\/\/api.w.org\/{rel}","templated":true}]}}