{"id":23497,"date":"2020-06-20T14:40:16","date_gmt":"2020-06-20T11:40:16","guid":{"rendered":"https:\/\/moozapro.com\/produktas\/mitrinosa-procedura-maska-matiem\/"},"modified":"2025-11-18T12:29:58","modified_gmt":"2025-11-18T10:29:58","slug":"mitrinosa-procedura-maska-matiem","status":"publish","type":"product","link":"https:\/\/moozapro.com\/lv\/produktas\/mitrinosa-procedura-maska-matiem\/","title":{"rendered":"Mitrino\u0161a proced\u016bra (maska) matiem"},"content":{"rendered":"<p style=\"text-align: center;\">Mitrino\u0161s atjaunojo\u0161s l\u012bdzeklis smalkiem, vid\u0113ji bieziem un bieziem matiem. Kerat\u012bna prote\u012bni un kolag\u0113ns intens\u012bvi mitrina, stiprina un m\u012bkstina matus. Izbal\u0113ju\u0161ie, neelast\u012bgie un mitrumu zaud\u0113ju\u0161ie mati tiek atjaunoti ar vienu atjaunojo\u0161u proced\u016bru, ko varat viegli veikt m\u0101j\u0101s. Tas ir ilgsto\u0161s matu strukt\u016bras pies\u0101tin\u0101jums ar mitrumu.   <\/p>\n<p style=\"text-align: center;\">Akt\u012bv\u0101 viela: sojas prote\u012bns, kas ieg\u016bts no sojas pupi\u0146\u0101m un satur vair\u0101k nek\u0101 20 % sojas prote\u012bna. dab\u012bg\u0101m e\u013c\u013c\u0101m un 17 da\u017e\u0101du veidu olbaltumviel\u0101m. Sojas prote\u012bni atjauno matu strukt\u016bru, iek\u013c\u016bstot matu stumbr\u0101, mitrina un stiprina matus, k\u0101 ar\u012b aptur matu noveco\u0161an\u0101s procesu. Lai sasniegtu vislab\u0101kos rezult\u0101tus, lietojiet kop\u0101 ar dzi\u013ci att\u012bro\u0161u \u0161amp\u016bnu reizi ned\u0113\u013c\u0101.   <\/p>\n<p style=\"text-align: center;\">Ieguvumi: intens\u012bva darb\u012bba un atjauno\u0161ana, \u017eilbino\u0161i sp\u012bd\u012bgi mati, m\u012bksti un gludi.<\/p>\n<p style=\"text-align: center;\">Lieto\u0161ana: uzkl\u0101jiet nelielu produkta daudzumu uz mitriem, ar dvieli nosusin\u0101tiem matiem no sakn\u0113m l\u012bdz galiem. Pl\u0101niem matiem atst\u0101jiet uzkl\u0101t uz 7 min, norm\u0101liem matiem - uz 14 min un bieziem matiem - uz 21 min. Izskalojiet, lietojiet reizi ned\u0113\u013c\u0101.<\/p>\n<p>&nbsp;<\/p>\n<p><span style=\"font-size: 10pt;\">Sast\u0101vs:<\/span><\/p>\n<p><span style=\"font-size: 10pt;\">\u016adens, ciklopentasiloks\u0101ns, cetearilspirts, propil\u0113nglikols, paraffinum liquidum, cetimonija hlor\u012bds, dimetikons, petrolats, parfim\u0113rijas alkohols, hidroksietilceluloze, dimetikonols, kr\u0101sots sojas prote\u012bns, hidroliz\u0113ts kukur\u016bzas prote\u012bns, hidroliz\u0113ts kvie\u0161u prote\u012bns, glicer\u012bns, bht, glicerila ster\u0101ts, amodimetikons, chlorella vulgaris ekstrakts, d-limon\u0113ns, izocetila alkohols, kvaternijs-70, c11-15 pareth-7, heksilcinamols, behenilspirts, benzofenons-3, dimetilpabamidopropillaurdimonija toz\u012bl\u0101ts, din\u0101trija edta, din\u0101trija lauriminodipropion\u0101ta tokoferilfosf\u0101ti, glicer\u012bns, hidroksietilcetearamidopropildimonija hlor\u012bds, laurets-9, poloksam\u0113rs 338, t\u0113jas dodecilbenzolsulfon\u0101ts, tridecet-12, argin\u012bna hcl, butilfenilmetilpropionalu, linalolu, glic\u012bnu, pantenolu, acetilciste\u012bnu, citronsk\u0101bi, kreat\u012bnu, prolinu, ser\u012bnu, C12-14 sek-pareth-5, C12-14 sek-pareth-7, laurilliz\u012bnu, dmdm hidranto\u012bnu, fenoksietanolu.<\/span><\/p>\n","protected":false},"excerpt":{"rendered":"<p>Kerat\u012bna prote\u012bni un kolag\u0113ns intens\u012bvi mitrina, stiprina un m\u012bkstina matus.<\/p>\n<p>Izbal\u0113ju\u0161ie, neelast\u012bgie un mitrumu zaud\u0113ju\u0161ie mati tiek atjaunoti ar vienu atjaunojo\u0161u proced\u016bru, ko varat viegli veikt m\u0101j\u0101s. Tas ir ilgsto\u0161s matu strukt\u016bras pies\u0101tin\u0101jums ar mitrumu. <\/p>\n","protected":false},"featured_media":22251,"comment_status":"open","ping_status":"closed","template":"","meta":[],"product_brand":[],"product_cat":[474,434,440,439],"product_tag":[446,444,443],"class_list":{"0":"post-23497","1":"product","2":"type-product","3":"status-publish","4":"has-post-thumbnail","6":"product_cat-maskas","7":"product_cat-matu-kopsana","8":"product_cat-taisni-mati","9":"product_cat-vilnaini-vilnaini-mati","10":"product_tag-bojati-mati","11":"product_tag-krasoti-mati","12":"product_tag-plani-mati","13":"yith_product_brand-newsha","15":"first","16":"instock","17":"taxable","18":"shipping-taxable","19":"purchasable","20":"product-type-variable","21":"has-default-attributes"},"yoast_head":"<!-- This site is optimized with the Yoast SEO plugin v27.4 - https:\/\/yoast.com\/product\/yoast-seo-wordpress\/ -->\n<title>Mitrino\u0161a proced\u016bra (maska) matiem | Mooza Pro<\/title>\n<meta name=\"description\" content=\"Mitrino\u0161a maska-terapija sausiem, elast\u012bbu zaud\u0113ju\u0161iem matiem. Tas neapgr\u016btina matus, sniedz piln\u012bbas saj\u016btu un pies\u0101tina matus.\" \/>\n<meta name=\"robots\" content=\"index, follow, max-snippet:-1, max-image-preview:large, max-video-preview:-1\" \/>\n<link rel=\"canonical\" href=\"https:\/\/moozapro.com\/lv\/produktas\/mitrinosa-procedura-maska-matiem\/\" \/>\n<meta property=\"og:locale\" content=\"lv_LV\" \/>\n<meta property=\"og:type\" content=\"article\" \/>\n<meta property=\"og:title\" content=\"Mitrino\u0161a proced\u016bra (maska) matiem | Mooza Pro\" \/>\n<meta property=\"og:description\" content=\"Mitrino\u0161a maska-terapija sausiem, elast\u012bbu zaud\u0113ju\u0161iem matiem. Tas neapgr\u016btina matus, sniedz piln\u012bbas saj\u016btu un pies\u0101tina matus.\" \/>\n<meta property=\"og:url\" content=\"https:\/\/moozapro.com\/lv\/produktas\/mitrinosa-procedura-maska-matiem\/\" \/>\n<meta property=\"og:site_name\" content=\"Mooza Pro\" \/>\n<meta property=\"article:publisher\" content=\"https:\/\/www.facebook.com\/moozabeauty\" \/>\n<meta property=\"article:modified_time\" content=\"2025-11-18T10:29:58+00:00\" \/>\n<meta property=\"og:image\" content=\"https:\/\/moozapro.com\/wp-content\/uploads\/2020\/06\/flawles.jpg\" \/>\n\t<meta property=\"og:image:width\" content=\"600\" \/>\n\t<meta property=\"og:image:height\" content=\"600\" \/>\n\t<meta property=\"og:image:type\" content=\"image\/jpeg\" \/>\n<meta name=\"twitter:card\" content=\"summary_large_image\" \/>\n<meta name=\"twitter:label1\" content=\"Est. reading time\" \/>\n\t<meta name=\"twitter:data1\" content=\"2 min\u016btes\" \/>\n<script type=\"application\/ld+json\" class=\"yoast-schema-graph\">{\"@context\":\"https:\\\/\\\/schema.org\",\"@graph\":[{\"@type\":\"WebPage\",\"@id\":\"https:\\\/\\\/moozapro.com\\\/lv\\\/produktas\\\/mitrinosa-procedura-maska-matiem\\\/\",\"url\":\"https:\\\/\\\/moozapro.com\\\/lv\\\/produktas\\\/mitrinosa-procedura-maska-matiem\\\/\",\"name\":\"Mitrino\u0161a proced\u016bra (maska) matiem | Mooza Pro\",\"isPartOf\":{\"@id\":\"https:\\\/\\\/moozapro.com\\\/lv\\\/#website\"},\"primaryImageOfPage\":{\"@id\":\"https:\\\/\\\/moozapro.com\\\/lv\\\/produktas\\\/mitrinosa-procedura-maska-matiem\\\/#primaryimage\"},\"image\":{\"@id\":\"https:\\\/\\\/moozapro.com\\\/lv\\\/produktas\\\/mitrinosa-procedura-maska-matiem\\\/#primaryimage\"},\"thumbnailUrl\":\"https:\\\/\\\/moozapro.com\\\/wp-content\\\/uploads\\\/2020\\\/06\\\/flawles.jpg\",\"datePublished\":\"2020-06-20T11:40:16+00:00\",\"dateModified\":\"2025-11-18T10:29:58+00:00\",\"description\":\"Mitrino\u0161a maska-terapija sausiem, elast\u012bbu zaud\u0113ju\u0161iem matiem. Tas neapgr\u016btina matus, sniedz piln\u012bbas saj\u016btu un pies\u0101tina matus.\",\"breadcrumb\":{\"@id\":\"https:\\\/\\\/moozapro.com\\\/lv\\\/produktas\\\/mitrinosa-procedura-maska-matiem\\\/#breadcrumb\"},\"inLanguage\":\"lv-LV\",\"potentialAction\":[{\"@type\":\"ReadAction\",\"target\":[\"https:\\\/\\\/moozapro.com\\\/lv\\\/produktas\\\/mitrinosa-procedura-maska-matiem\\\/\"]}]},{\"@type\":\"ImageObject\",\"inLanguage\":\"lv-LV\",\"@id\":\"https:\\\/\\\/moozapro.com\\\/lv\\\/produktas\\\/mitrinosa-procedura-maska-matiem\\\/#primaryimage\",\"url\":\"https:\\\/\\\/moozapro.com\\\/wp-content\\\/uploads\\\/2020\\\/06\\\/flawles.jpg\",\"contentUrl\":\"https:\\\/\\\/moozapro.com\\\/wp-content\\\/uploads\\\/2020\\\/06\\\/flawles.jpg\",\"width\":600,\"height\":600,\"caption\":\"irig\u0101cijas terapija\"},{\"@type\":\"BreadcrumbList\",\"@id\":\"https:\\\/\\\/moozapro.com\\\/lv\\\/produktas\\\/mitrinosa-procedura-maska-matiem\\\/#breadcrumb\",\"itemListElement\":[{\"@type\":\"ListItem\",\"position\":1,\"name\":\"Galvenais\",\"item\":\"https:\\\/\\\/moozapro.com\\\/lv\\\/\"},{\"@type\":\"ListItem\",\"position\":2,\"name\":\"Visi produkti\",\"item\":\"https:\\\/\\\/moozapro.com\\\/lv\\\/shop\\\/\"},{\"@type\":\"ListItem\",\"position\":3,\"name\":\"Mitrino\u0161a proced\u016bra (maska) matiem\"}]},{\"@type\":\"WebSite\",\"@id\":\"https:\\\/\\\/moozapro.com\\\/lv\\\/#website\",\"url\":\"https:\\\/\\\/moozapro.com\\\/lv\\\/\",\"name\":\"Mooza Pro\",\"description\":\"Priemon\u0117s j\u016bs\u0173 plaukams\",\"publisher\":{\"@id\":\"https:\\\/\\\/moozapro.com\\\/lv\\\/#organization\"},\"potentialAction\":[{\"@type\":\"SearchAction\",\"target\":{\"@type\":\"EntryPoint\",\"urlTemplate\":\"https:\\\/\\\/moozapro.com\\\/lv\\\/?s={search_term_string}\"},\"query-input\":{\"@type\":\"PropertyValueSpecification\",\"valueRequired\":true,\"valueName\":\"search_term_string\"}}],\"inLanguage\":\"lv-LV\"},{\"@type\":\"Organization\",\"@id\":\"https:\\\/\\\/moozapro.com\\\/lv\\\/#organization\",\"name\":\"Mooza Pro\",\"url\":\"https:\\\/\\\/moozapro.com\\\/lv\\\/\",\"logo\":{\"@type\":\"ImageObject\",\"inLanguage\":\"lv-LV\",\"@id\":\"https:\\\/\\\/moozapro.com\\\/lv\\\/#\\\/schema\\\/logo\\\/image\\\/\",\"url\":\"https:\\\/\\\/moozapro.com\\\/wp-content\\\/uploads\\\/2023\\\/11\\\/Mooza-Pro-mazas-logo.png\",\"contentUrl\":\"https:\\\/\\\/moozapro.com\\\/wp-content\\\/uploads\\\/2023\\\/11\\\/Mooza-Pro-mazas-logo.png\",\"width\":250,\"height\":103,\"caption\":\"Mooza Pro\"},\"image\":{\"@id\":\"https:\\\/\\\/moozapro.com\\\/lv\\\/#\\\/schema\\\/logo\\\/image\\\/\"},\"sameAs\":[\"https:\\\/\\\/www.facebook.com\\\/moozabeauty\"]}]}<\/script>\n<!-- \/ Yoast SEO plugin. -->","yoast_head_json":{"title":"Mitrino\u0161a proced\u016bra (maska) matiem | Mooza Pro","description":"Mitrino\u0161a maska-terapija sausiem, elast\u012bbu zaud\u0113ju\u0161iem matiem. Tas neapgr\u016btina matus, sniedz piln\u012bbas saj\u016btu un pies\u0101tina matus.","robots":{"index":"index","follow":"follow","max-snippet":"max-snippet:-1","max-image-preview":"max-image-preview:large","max-video-preview":"max-video-preview:-1"},"canonical":"https:\/\/moozapro.com\/lv\/produktas\/mitrinosa-procedura-maska-matiem\/","og_locale":"lv_LV","og_type":"article","og_title":"Mitrino\u0161a proced\u016bra (maska) matiem | Mooza Pro","og_description":"Mitrino\u0161a maska-terapija sausiem, elast\u012bbu zaud\u0113ju\u0161iem matiem. Tas neapgr\u016btina matus, sniedz piln\u012bbas saj\u016btu un pies\u0101tina matus.","og_url":"https:\/\/moozapro.com\/lv\/produktas\/mitrinosa-procedura-maska-matiem\/","og_site_name":"Mooza Pro","article_publisher":"https:\/\/www.facebook.com\/moozabeauty","article_modified_time":"2025-11-18T10:29:58+00:00","og_image":[{"width":600,"height":600,"url":"https:\/\/moozapro.com\/wp-content\/uploads\/2020\/06\/flawles.jpg","type":"image\/jpeg"}],"twitter_card":"summary_large_image","twitter_misc":{"Est. reading time":"2 min\u016btes"},"schema":{"@context":"https:\/\/schema.org","@graph":[{"@type":"WebPage","@id":"https:\/\/moozapro.com\/lv\/produktas\/mitrinosa-procedura-maska-matiem\/","url":"https:\/\/moozapro.com\/lv\/produktas\/mitrinosa-procedura-maska-matiem\/","name":"Mitrino\u0161a proced\u016bra (maska) matiem | Mooza Pro","isPartOf":{"@id":"https:\/\/moozapro.com\/lv\/#website"},"primaryImageOfPage":{"@id":"https:\/\/moozapro.com\/lv\/produktas\/mitrinosa-procedura-maska-matiem\/#primaryimage"},"image":{"@id":"https:\/\/moozapro.com\/lv\/produktas\/mitrinosa-procedura-maska-matiem\/#primaryimage"},"thumbnailUrl":"https:\/\/moozapro.com\/wp-content\/uploads\/2020\/06\/flawles.jpg","datePublished":"2020-06-20T11:40:16+00:00","dateModified":"2025-11-18T10:29:58+00:00","description":"Mitrino\u0161a maska-terapija sausiem, elast\u012bbu zaud\u0113ju\u0161iem matiem. Tas neapgr\u016btina matus, sniedz piln\u012bbas saj\u016btu un pies\u0101tina matus.","breadcrumb":{"@id":"https:\/\/moozapro.com\/lv\/produktas\/mitrinosa-procedura-maska-matiem\/#breadcrumb"},"inLanguage":"lv-LV","potentialAction":[{"@type":"ReadAction","target":["https:\/\/moozapro.com\/lv\/produktas\/mitrinosa-procedura-maska-matiem\/"]}]},{"@type":"ImageObject","inLanguage":"lv-LV","@id":"https:\/\/moozapro.com\/lv\/produktas\/mitrinosa-procedura-maska-matiem\/#primaryimage","url":"https:\/\/moozapro.com\/wp-content\/uploads\/2020\/06\/flawles.jpg","contentUrl":"https:\/\/moozapro.com\/wp-content\/uploads\/2020\/06\/flawles.jpg","width":600,"height":600,"caption":"irig\u0101cijas terapija"},{"@type":"BreadcrumbList","@id":"https:\/\/moozapro.com\/lv\/produktas\/mitrinosa-procedura-maska-matiem\/#breadcrumb","itemListElement":[{"@type":"ListItem","position":1,"name":"Galvenais","item":"https:\/\/moozapro.com\/lv\/"},{"@type":"ListItem","position":2,"name":"Visi produkti","item":"https:\/\/moozapro.com\/lv\/shop\/"},{"@type":"ListItem","position":3,"name":"Mitrino\u0161a proced\u016bra (maska) matiem"}]},{"@type":"WebSite","@id":"https:\/\/moozapro.com\/lv\/#website","url":"https:\/\/moozapro.com\/lv\/","name":"Mooza Pro","description":"Priemon\u0117s j\u016bs\u0173 plaukams","publisher":{"@id":"https:\/\/moozapro.com\/lv\/#organization"},"potentialAction":[{"@type":"SearchAction","target":{"@type":"EntryPoint","urlTemplate":"https:\/\/moozapro.com\/lv\/?s={search_term_string}"},"query-input":{"@type":"PropertyValueSpecification","valueRequired":true,"valueName":"search_term_string"}}],"inLanguage":"lv-LV"},{"@type":"Organization","@id":"https:\/\/moozapro.com\/lv\/#organization","name":"Mooza Pro","url":"https:\/\/moozapro.com\/lv\/","logo":{"@type":"ImageObject","inLanguage":"lv-LV","@id":"https:\/\/moozapro.com\/lv\/#\/schema\/logo\/image\/","url":"https:\/\/moozapro.com\/wp-content\/uploads\/2023\/11\/Mooza-Pro-mazas-logo.png","contentUrl":"https:\/\/moozapro.com\/wp-content\/uploads\/2023\/11\/Mooza-Pro-mazas-logo.png","width":250,"height":103,"caption":"Mooza Pro"},"image":{"@id":"https:\/\/moozapro.com\/lv\/#\/schema\/logo\/image\/"},"sameAs":["https:\/\/www.facebook.com\/moozabeauty"]}]}},"_links":{"self":[{"href":"https:\/\/moozapro.com\/lv\/wp-json\/wp\/v2\/product\/23497","targetHints":{"allow":["GET"]}}],"collection":[{"href":"https:\/\/moozapro.com\/lv\/wp-json\/wp\/v2\/product"}],"about":[{"href":"https:\/\/moozapro.com\/lv\/wp-json\/wp\/v2\/types\/product"}],"replies":[{"embeddable":true,"href":"https:\/\/moozapro.com\/lv\/wp-json\/wp\/v2\/comments?post=23497"}],"version-history":[{"count":2,"href":"https:\/\/moozapro.com\/lv\/wp-json\/wp\/v2\/product\/23497\/revisions"}],"predecessor-version":[{"id":40754,"href":"https:\/\/moozapro.com\/lv\/wp-json\/wp\/v2\/product\/23497\/revisions\/40754"}],"wp:featuredmedia":[{"embeddable":true,"href":"https:\/\/moozapro.com\/lv\/wp-json\/wp\/v2\/media\/22251"}],"wp:attachment":[{"href":"https:\/\/moozapro.com\/lv\/wp-json\/wp\/v2\/media?parent=23497"}],"wp:term":[{"taxonomy":"product_brand","embeddable":true,"href":"https:\/\/moozapro.com\/lv\/wp-json\/wp\/v2\/product_brand?post=23497"},{"taxonomy":"product_cat","embeddable":true,"href":"https:\/\/moozapro.com\/lv\/wp-json\/wp\/v2\/product_cat?post=23497"},{"taxonomy":"product_tag","embeddable":true,"href":"https:\/\/moozapro.com\/lv\/wp-json\/wp\/v2\/product_tag?post=23497"}],"curies":[{"name":"wp","href":"https:\/\/api.w.org\/{rel}","templated":true}]}}