{"id":23505,"date":"2022-07-12T18:09:44","date_gmt":"2024-08-03T11:14:14","guid":{"rendered":"https:\/\/moozapro.com\/produktas\/hug-gloss-spray\/"},"modified":"2025-07-28T18:31:08","modified_gmt":"2025-07-28T15:31:08","slug":"hug-gloss-spray","status":"publish","type":"product","link":"https:\/\/moozapro.com\/lv\/produktas\/hug-gloss-spray\/","title":{"rendered":"&#8220;HUG Gloss Spray"},"content":{"rendered":"\t\t<div data-elementor-type=\"product-post\" data-elementor-id=\"23505\" class=\"elementor elementor-23505 elementor-15921\" data-elementor-post-type=\"product\">\n\t\t\t\t\t\t<section class=\"elementor-section elementor-top-section elementor-element elementor-element-3ed2c9dc elementor-section-boxed elementor-section-height-default elementor-section-height-default\" data-id=\"3ed2c9dc\" data-element_type=\"section\" data-e-type=\"section\">\n\t\t\t\t\t\t<div class=\"elementor-container elementor-column-gap-default\">\n\t\t\t\t\t<div class=\"elementor-column elementor-col-50 elementor-top-column elementor-element elementor-element-3c7422e3 kitify-col-width-auto-no kitify-disable-relative-no\" data-id=\"3c7422e3\" data-element_type=\"column\" data-e-type=\"column\" data-settings=\"{&quot;background_background&quot;:&quot;classic&quot;}\">\n\t\t\t<div class=\"elementor-widget-wrap elementor-element-populated\">\n\t\t\t\t\t\t<div class=\"elementor-element elementor-element-47cbd520 elementor-widget elementor-widget-image\" data-id=\"47cbd520\" data-element_type=\"widget\" data-e-type=\"widget\" data-widget_type=\"image.default\">\n\t\t\t\t<div class=\"elementor-widget-container\">\n\t\t\t\t\t\t\t\t\t\t\t\t\t\t\t<img fetchpriority=\"high\" decoding=\"async\" width=\"2501\" height=\"2560\" src=\"https:\/\/moozapro.com\/wp-content\/uploads\/2022\/07\/trio_P0A4098_grande-scaled.png\" class=\"attachment-full size-full wp-image-22857\" alt=\"\" srcset=\"https:\/\/moozapro.com\/wp-content\/uploads\/2022\/07\/trio_P0A4098_grande-scaled.png 2501w, https:\/\/moozapro.com\/wp-content\/uploads\/2022\/07\/trio_P0A4098_grande-scaled-1000x1024.png 1000w\" sizes=\"(max-width: 2501px) 100vw, 2501px\" \/>\t\t\t\t\t\t\t\t\t\t\t\t\t\t\t<\/div>\n\t\t\t\t<\/div>\n\t\t\t\t\t<\/div>\n\t\t<\/div>\n\t\t\t\t<div class=\"elementor-column elementor-col-50 elementor-top-column elementor-element elementor-element-4513fe83 kitify-col-width-auto-no kitify-disable-relative-no\" data-id=\"4513fe83\" data-element_type=\"column\" data-e-type=\"column\">\n\t\t\t<div class=\"elementor-widget-wrap elementor-element-populated\">\n\t\t\t\t\t\t<div class=\"elementor-element elementor-element-2dfc4da8 elementor-widget elementor-widget-heading\" data-id=\"2dfc4da8\" data-element_type=\"widget\" data-e-type=\"widget\" data-widget_type=\"heading.default\">\n\t\t\t\t<div class=\"elementor-widget-container\">\n\t\t\t\t\t<h2 class=\"elementor-heading-title elementor-size-default\">\"HUG Gloss Spray<\/h2>\t\t\t\t<\/div>\n\t\t\t\t<\/div>\n\t\t\t\t<div class=\"elementor-element elementor-element-37c9e5d4 elementor-widget-divider--view-line elementor-widget elementor-widget-divider\" data-id=\"37c9e5d4\" data-element_type=\"widget\" data-e-type=\"widget\" data-widget_type=\"divider.default\">\n\t\t\t\t<div class=\"elementor-widget-container\">\n\t\t\t\t\t\t\t<div class=\"elementor-divider\">\n\t\t\t<span class=\"elementor-divider-separator\">\n\t\t\t\t\t\t<\/span>\n\t\t<\/div>\n\t\t\t\t\t\t<\/div>\n\t\t\t\t<\/div>\n\t\t\t\t<div class=\"elementor-element elementor-element-1f5a7490 elementor-widget elementor-widget-spacer\" data-id=\"1f5a7490\" data-element_type=\"widget\" data-e-type=\"widget\" data-widget_type=\"spacer.default\">\n\t\t\t\t<div class=\"elementor-widget-container\">\n\t\t\t\t\t\t\t<div class=\"elementor-spacer\">\n\t\t\t<div class=\"elementor-spacer-inner\"><\/div>\n\t\t<\/div>\n\t\t\t\t\t\t<\/div>\n\t\t\t\t<\/div>\n\t\t\t\t<div class=\"elementor-element elementor-element-1ee91c2e elementor-widget elementor-widget-text-editor\" data-id=\"1ee91c2e\" data-element_type=\"widget\" data-e-type=\"widget\" data-widget_type=\"text-editor.default\">\n\t\t\t\t<div class=\"elementor-widget-container\">\n\t\t\t\t\t\t\t\t\t<p>Viegla un sp\u012bd\u012bga matu laka.  <span style=\"background-color: var(--theme-body-bg-color);\">T\u0101s viegl\u0101 migla pie\u0161\u0137irs j\u016bsu friz\u016brai nep\u0101rsp\u0113jamu sp\u012bdumu.  <\/span><\/p><p><span style=\"background-color: var(--theme-body-bg-color);\"> <\/span><\/p><p>Lieto\u0161ana: uzkl\u0101jiet vajadz\u012bgo daudzumu p\u0113c matu veido\u0161anas, lai pie\u0161\u0137irtu matiem kr\u0101\u0161\u0146u, dabisku sp\u012bdumu.  <\/p><p>Sp\u012bdums ir j\u016btams uzreiz p\u0113c uzkl\u0101\u0161anas. Pal\u012bdz aizsarg\u0101t matus no mitruma un pie\u0161\u0137ir matiem unik\u0101lu saj\u016btu. Tas ir bag\u0101ts ar labv\u0113l\u012bg\u0101m akt\u012bvaj\u0101m sast\u0101vda\u013c\u0101m, nenoslogo matus un neatst\u0101j nogulsnes.<\/p><p> <\/p><p><span style=\"font-weight: 400;\">Alkohols den\u0101ts, dimetikons, fenilpropil dimetilsiloksilsilik\u0101ts, feniltrimetikons, lycium barbarum aug\u013cu ekstrakts, \u016bdens, propil\u0113nglikols, parfum, heksil cinnamal.<\/span><\/p><p> <\/p><p> <\/p><p><span style=\"font-family: Arial; font-size: 16px; font-style: normal; font-variant-ligatures: normal; font-variant-caps: normal; font-weight: 400; background-color: var(--theme-body-bg-color);\"> <\/span><\/p><p><span style=\"font-family: Arial; font-size: 16px; font-style: normal; font-variant-ligatures: normal; font-variant-caps: normal; font-weight: 400; background-color: var(--theme-body-bg-color);\">Ietilp\u012bba: 100 ml.<\/span><\/p>\t\t\t\t\t\t\t\t<\/div>\n\t\t\t\t<\/div>\n\t\t\t\t\t<\/div>\n\t\t<\/div>\n\t\t\t\t\t<\/div>\n\t\t<\/section>\n\t\t\t\t<\/div>\n\t\t","protected":false},"excerpt":{"rendered":"<p>&#8220;HUG Gloss Spray Viegla un sp\u012bd\u012bga matu laka. T\u0101s viegl\u0101 migla pie\u0161\u0137irs j\u016bsu friz\u016brai nep\u0101rsp\u0113jamu sp\u012bdumu. Lieto\u0161ana: uzkl\u0101jiet vajadz\u012bgo daudzumu p\u0113c matu veido\u0161anas, lai pie\u0161\u0137irtu matiem kr\u0101\u0161\u0146u, dabisku sp\u012bdumu. Sp\u012bdums ir j\u016btams uzreiz p\u0113c uzkl\u0101\u0161anas. Pal\u012bdz aizsarg\u0101t matus no mitruma un pie\u0161\u0137ir matiem unik\u0101lu saj\u016btu. Tas ir bag\u0101ts ar labv\u0113l\u012bg\u0101m akt\u012bvaj\u0101m sast\u0101vda\u013c\u0101m, nenoslogo matus un neatst\u0101j nogulsnes. Alkohols den\u0101ts, dimetikons,\u2026<\/p>\n","protected":false},"featured_media":22856,"comment_status":"open","ping_status":"closed","template":"","meta":[],"product_brand":[],"product_cat":[441,440,439],"product_tag":[676,446,445,447,671,444,672,677],"class_list":{"0":"post-23505","1":"product","2":"type-product","3":"status-publish","4":"has-post-thumbnail","6":"product_cat-cirtaini-mati","7":"product_cat-taisni-mati","8":"product_cat-vilnaini-vilnaini-mati","9":"product_tag-biezi-mati","10":"product_tag-bojati-mati","11":"product_tag-cirtaini-mati","12":"product_tag-dabigie-mati","13":"product_tag-jutiga-galvas-ada","14":"product_tag-krasoti-mati","15":"product_tag-normala-galvas-ada","16":"product_tag-taisni-mati","18":"first","19":"instock","20":"sale","21":"taxable","22":"shipping-taxable","23":"purchasable","24":"product-type-simple"},"yoast_head":"<!-- This site is optimized with the Yoast SEO plugin v27.4 - https:\/\/yoast.com\/product\/yoast-seo-wordpress\/ -->\n<title>&quot;HUG Gloss Spray | Mooza Pro<\/title>\n<meta name=\"description\" content=\"Viegla, sp\u012bd\u012bga matu laka. T\u0101s viegl\u0101 migla pie\u0161\u0137irs j\u016bsu friz\u016brai nep\u0101rsp\u0113jamu sp\u012bdumu.\" \/>\n<meta name=\"robots\" content=\"index, follow, max-snippet:-1, max-image-preview:large, max-video-preview:-1\" \/>\n<link rel=\"canonical\" href=\"https:\/\/moozapro.com\/lv\/produktas\/hug-gloss-spray\/\" \/>\n<meta property=\"og:locale\" content=\"lv_LV\" \/>\n<meta property=\"og:type\" content=\"article\" \/>\n<meta property=\"og:title\" content=\"&quot;HUG Gloss Spray | Mooza Pro\" \/>\n<meta property=\"og:description\" content=\"Viegla, sp\u012bd\u012bga matu laka. T\u0101s viegl\u0101 migla pie\u0161\u0137irs j\u016bsu friz\u016brai nep\u0101rsp\u0113jamu sp\u012bdumu.\" \/>\n<meta property=\"og:url\" content=\"https:\/\/moozapro.com\/lv\/produktas\/hug-gloss-spray\/\" \/>\n<meta property=\"og:site_name\" content=\"Mooza Pro\" \/>\n<meta property=\"article:publisher\" content=\"https:\/\/www.facebook.com\/moozabeauty\" \/>\n<meta property=\"article:modified_time\" content=\"2025-07-28T15:31:08+00:00\" \/>\n<meta property=\"og:image\" content=\"https:\/\/moozapro.com\/wp-content\/uploads\/2022\/07\/Hug_-HUSP04_lets_shine_100ml-scaled.jpg\" \/>\n\t<meta property=\"og:image:width\" content=\"1810\" \/>\n\t<meta property=\"og:image:height\" content=\"2560\" \/>\n\t<meta property=\"og:image:type\" content=\"image\/jpeg\" \/>\n<meta name=\"twitter:card\" content=\"summary_large_image\" \/>\n<meta name=\"twitter:label1\" content=\"Est. reading time\" \/>\n\t<meta name=\"twitter:data1\" content=\"1 minute\" \/>\n<script type=\"application\/ld+json\" class=\"yoast-schema-graph\">{\"@context\":\"https:\\\/\\\/schema.org\",\"@graph\":[{\"@type\":\"WebPage\",\"@id\":\"https:\\\/\\\/moozapro.com\\\/lv\\\/produktas\\\/hug-gloss-spray\\\/\",\"url\":\"https:\\\/\\\/moozapro.com\\\/lv\\\/produktas\\\/hug-gloss-spray\\\/\",\"name\":\"\\\"HUG Gloss Spray | Mooza Pro\",\"isPartOf\":{\"@id\":\"https:\\\/\\\/moozapro.com\\\/lv\\\/#website\"},\"primaryImageOfPage\":{\"@id\":\"https:\\\/\\\/moozapro.com\\\/lv\\\/produktas\\\/hug-gloss-spray\\\/#primaryimage\"},\"image\":{\"@id\":\"https:\\\/\\\/moozapro.com\\\/lv\\\/produktas\\\/hug-gloss-spray\\\/#primaryimage\"},\"thumbnailUrl\":\"https:\\\/\\\/moozapro.com\\\/wp-content\\\/uploads\\\/2022\\\/07\\\/Hug_-HUSP04_lets_shine_100ml-scaled.jpg\",\"datePublished\":\"2024-08-03T11:14:14+00:00\",\"dateModified\":\"2025-07-28T15:31:08+00:00\",\"description\":\"Viegla, sp\u012bd\u012bga matu laka. T\u0101s viegl\u0101 migla pie\u0161\u0137irs j\u016bsu friz\u016brai nep\u0101rsp\u0113jamu sp\u012bdumu.\",\"breadcrumb\":{\"@id\":\"https:\\\/\\\/moozapro.com\\\/lv\\\/produktas\\\/hug-gloss-spray\\\/#breadcrumb\"},\"inLanguage\":\"lv-LV\",\"potentialAction\":[{\"@type\":\"ReadAction\",\"target\":[\"https:\\\/\\\/moozapro.com\\\/lv\\\/produktas\\\/hug-gloss-spray\\\/\"]}]},{\"@type\":\"ImageObject\",\"inLanguage\":\"lv-LV\",\"@id\":\"https:\\\/\\\/moozapro.com\\\/lv\\\/produktas\\\/hug-gloss-spray\\\/#primaryimage\",\"url\":\"https:\\\/\\\/moozapro.com\\\/wp-content\\\/uploads\\\/2022\\\/07\\\/Hug_-HUSP04_lets_shine_100ml-scaled.jpg\",\"contentUrl\":\"https:\\\/\\\/moozapro.com\\\/wp-content\\\/uploads\\\/2022\\\/07\\\/Hug_-HUSP04_lets_shine_100ml-scaled.jpg\",\"width\":1810,\"height\":2560,\"caption\":\"ProEXR faila apraksts =Atrib\u016bti= cameraAperture (float): 36 cameraFNumber (float): 8 cameraFarClip (float): 1e+030 cameraFarRange (float): 1000 cameraFocalLength (float): 80 cameraFov (float): 21.0314 cameraNearClip (float): 0 cameraNearRange (float): 0 cameraProjection (int): 0 cameraTargetDistance (float): 45.7111 cameraTransform (m44f): [{1, 0, 6.44308e-012, 0}, {0, -0.999829, -0.0184829, -45.2316}, {-5.17275e-012, 0.0184829, -0.999829, 10.3112}, {0, 0, 0, 1}] kan\u0101li (chlist) saspie\u0161ana: Zip dataWindow (box2i): [0, 0, 0, 3999, 5656] displayWindow (box2i): [0, 0, 0, 3999, 5656] lineOrder (lineOrder): Palielinot Y nosaukums (virkne): \\\"\\\" pixelAspectRatio (float): 1 screenWindowCenter (v2f): [0, 0] screenWindowWidth (float): 1 tips (virkne): \\\"scanlineimage\\\" vrayInfo\\\/camera (virkne): \\\"Cam_ALIVE\\\" vrayInfo\\\/computername (virkne): \\\"b5\\\" vrayInfo\\\/cpu (virkne): \\\"INTEL\\\/Model:13,Family:6,Stepping:7,Cache:0\\\" vrayInfo\\\/date (virkne): \\\"13\\\/04\\\/2018\\\" vrayInfo\\\/filename (string): \\\"ALIVE_v01.max\\\" vrayInfo\\\/frame (virkne): \\\"00000\\\" vrayInfo\\\/h (virkne): \\\"1508\\\" vrayInfo\\\/mhz (string): \\\"0MHz\\\" vrayInfo\\\/noiseThreshold (virkne): \\\"0.001000\\\" vrayInfo\\\/numPasses (virkne): \\\"0\\\" vrayInfo\\\/numSubdivs (virkne): \\\"0.00\\\" vrayInfo\\\/os (virkne): \\\"Win7\\\" vrayInfo\\\/primitives (virkne): \\\"12092\\\" vrayInfo\\\/ram (virkne): \\\"32720MB\\\" vrayInfo\\\/rendertime (string): \\\" 0h 1m 9.9s\\\" vrayInfo\\\/time (virkne): \\\"22:50:17\\\" vrayInfo\\\/vmem (virkne): \\\"8388608MB\\\" vrayInfo\\\/vraycore (virkne): \\\"3.60.03\\\" vrayInfo\\\/vrayversion (string): \\\"V-Ray iek\u0161\u0113j\u0101 versija Adv 3.60.03\\\" vrayInfo\\\/w (virkne): \\\"1340\\\" =Kan\u0101li= A (puse) B (puse) G (puse) R (puse) VRayDiffuseFilter.B (puse) VRayDiffuseFilter.G (puse) VRayDiffuseFilter.R (puse) VRayGlobalIllumination.B (puse) VRayGlobalIllumination.G (puse) VRayGlobalIllumination.R (puse) VRayLighting.B (puse) VRayLighting.G (puse) VRayLighting.R (puse) VRayObjectID.B (puse) VRayObjectID.G (puse) VRayObjectID.R (puse) VRayReflection.B (puse) VRayReflection.G (puse) VRayReflection.R (puse) VRayRefracti\"},{\"@type\":\"BreadcrumbList\",\"@id\":\"https:\\\/\\\/moozapro.com\\\/lv\\\/produktas\\\/hug-gloss-spray\\\/#breadcrumb\",\"itemListElement\":[{\"@type\":\"ListItem\",\"position\":1,\"name\":\"Galvenais\",\"item\":\"https:\\\/\\\/moozapro.com\\\/lv\\\/\"},{\"@type\":\"ListItem\",\"position\":2,\"name\":\"Visi produkti\",\"item\":\"https:\\\/\\\/moozapro.com\\\/lv\\\/shop\\\/\"},{\"@type\":\"ListItem\",\"position\":3,\"name\":\"&#8220;HUG Gloss Spray\"}]},{\"@type\":\"WebSite\",\"@id\":\"https:\\\/\\\/moozapro.com\\\/lv\\\/#website\",\"url\":\"https:\\\/\\\/moozapro.com\\\/lv\\\/\",\"name\":\"Mooza Pro\",\"description\":\"Priemon\u0117s j\u016bs\u0173 plaukams\",\"publisher\":{\"@id\":\"https:\\\/\\\/moozapro.com\\\/lv\\\/#organization\"},\"potentialAction\":[{\"@type\":\"SearchAction\",\"target\":{\"@type\":\"EntryPoint\",\"urlTemplate\":\"https:\\\/\\\/moozapro.com\\\/lv\\\/?s={search_term_string}\"},\"query-input\":{\"@type\":\"PropertyValueSpecification\",\"valueRequired\":true,\"valueName\":\"search_term_string\"}}],\"inLanguage\":\"lv-LV\"},{\"@type\":\"Organization\",\"@id\":\"https:\\\/\\\/moozapro.com\\\/lv\\\/#organization\",\"name\":\"Mooza Pro\",\"url\":\"https:\\\/\\\/moozapro.com\\\/lv\\\/\",\"logo\":{\"@type\":\"ImageObject\",\"inLanguage\":\"lv-LV\",\"@id\":\"https:\\\/\\\/moozapro.com\\\/lv\\\/#\\\/schema\\\/logo\\\/image\\\/\",\"url\":\"https:\\\/\\\/moozapro.com\\\/wp-content\\\/uploads\\\/2023\\\/11\\\/Mooza-Pro-mazas-logo.png\",\"contentUrl\":\"https:\\\/\\\/moozapro.com\\\/wp-content\\\/uploads\\\/2023\\\/11\\\/Mooza-Pro-mazas-logo.png\",\"width\":250,\"height\":103,\"caption\":\"Mooza Pro\"},\"image\":{\"@id\":\"https:\\\/\\\/moozapro.com\\\/lv\\\/#\\\/schema\\\/logo\\\/image\\\/\"},\"sameAs\":[\"https:\\\/\\\/www.facebook.com\\\/moozabeauty\"]}]}<\/script>\n<!-- \/ Yoast SEO plugin. -->","yoast_head_json":{"title":"\"HUG Gloss Spray | Mooza Pro","description":"Viegla, sp\u012bd\u012bga matu laka. T\u0101s viegl\u0101 migla pie\u0161\u0137irs j\u016bsu friz\u016brai nep\u0101rsp\u0113jamu sp\u012bdumu.","robots":{"index":"index","follow":"follow","max-snippet":"max-snippet:-1","max-image-preview":"max-image-preview:large","max-video-preview":"max-video-preview:-1"},"canonical":"https:\/\/moozapro.com\/lv\/produktas\/hug-gloss-spray\/","og_locale":"lv_LV","og_type":"article","og_title":"\"HUG Gloss Spray | Mooza Pro","og_description":"Viegla, sp\u012bd\u012bga matu laka. T\u0101s viegl\u0101 migla pie\u0161\u0137irs j\u016bsu friz\u016brai nep\u0101rsp\u0113jamu sp\u012bdumu.","og_url":"https:\/\/moozapro.com\/lv\/produktas\/hug-gloss-spray\/","og_site_name":"Mooza Pro","article_publisher":"https:\/\/www.facebook.com\/moozabeauty","article_modified_time":"2025-07-28T15:31:08+00:00","og_image":[{"width":1810,"height":2560,"url":"https:\/\/moozapro.com\/wp-content\/uploads\/2022\/07\/Hug_-HUSP04_lets_shine_100ml-scaled.jpg","type":"image\/jpeg"}],"twitter_card":"summary_large_image","twitter_misc":{"Est. reading time":"1 minute"},"schema":{"@context":"https:\/\/schema.org","@graph":[{"@type":"WebPage","@id":"https:\/\/moozapro.com\/lv\/produktas\/hug-gloss-spray\/","url":"https:\/\/moozapro.com\/lv\/produktas\/hug-gloss-spray\/","name":"\"HUG Gloss Spray | Mooza Pro","isPartOf":{"@id":"https:\/\/moozapro.com\/lv\/#website"},"primaryImageOfPage":{"@id":"https:\/\/moozapro.com\/lv\/produktas\/hug-gloss-spray\/#primaryimage"},"image":{"@id":"https:\/\/moozapro.com\/lv\/produktas\/hug-gloss-spray\/#primaryimage"},"thumbnailUrl":"https:\/\/moozapro.com\/wp-content\/uploads\/2022\/07\/Hug_-HUSP04_lets_shine_100ml-scaled.jpg","datePublished":"2024-08-03T11:14:14+00:00","dateModified":"2025-07-28T15:31:08+00:00","description":"Viegla, sp\u012bd\u012bga matu laka. T\u0101s viegl\u0101 migla pie\u0161\u0137irs j\u016bsu friz\u016brai nep\u0101rsp\u0113jamu sp\u012bdumu.","breadcrumb":{"@id":"https:\/\/moozapro.com\/lv\/produktas\/hug-gloss-spray\/#breadcrumb"},"inLanguage":"lv-LV","potentialAction":[{"@type":"ReadAction","target":["https:\/\/moozapro.com\/lv\/produktas\/hug-gloss-spray\/"]}]},{"@type":"ImageObject","inLanguage":"lv-LV","@id":"https:\/\/moozapro.com\/lv\/produktas\/hug-gloss-spray\/#primaryimage","url":"https:\/\/moozapro.com\/wp-content\/uploads\/2022\/07\/Hug_-HUSP04_lets_shine_100ml-scaled.jpg","contentUrl":"https:\/\/moozapro.com\/wp-content\/uploads\/2022\/07\/Hug_-HUSP04_lets_shine_100ml-scaled.jpg","width":1810,"height":2560,"caption":"ProEXR faila apraksts =Atrib\u016bti= cameraAperture (float): 36 cameraFNumber (float): 8 cameraFarClip (float): 1e+030 cameraFarRange (float): 1000 cameraFocalLength (float): 80 cameraFov (float): 21.0314 cameraNearClip (float): 0 cameraNearRange (float): 0 cameraProjection (int): 0 cameraTargetDistance (float): 45.7111 cameraTransform (m44f): [{1, 0, 6.44308e-012, 0}, {0, -0.999829, -0.0184829, -45.2316}, {-5.17275e-012, 0.0184829, -0.999829, 10.3112}, {0, 0, 0, 1}] kan\u0101li (chlist) saspie\u0161ana: Zip dataWindow (box2i): [0, 0, 0, 3999, 5656] displayWindow (box2i): [0, 0, 0, 3999, 5656] lineOrder (lineOrder): Palielinot Y nosaukums (virkne): \"\" pixelAspectRatio (float): 1 screenWindowCenter (v2f): [0, 0] screenWindowWidth (float): 1 tips (virkne): \"scanlineimage\" vrayInfo\/camera (virkne): \"Cam_ALIVE\" vrayInfo\/computername (virkne): \"b5\" vrayInfo\/cpu (virkne): \"INTEL\/Model:13,Family:6,Stepping:7,Cache:0\" vrayInfo\/date (virkne): \"13\/04\/2018\" vrayInfo\/filename (string): \"ALIVE_v01.max\" vrayInfo\/frame (virkne): \"00000\" vrayInfo\/h (virkne): \"1508\" vrayInfo\/mhz (string): \"0MHz\" vrayInfo\/noiseThreshold (virkne): \"0.001000\" vrayInfo\/numPasses (virkne): \"0\" vrayInfo\/numSubdivs (virkne): \"0.00\" vrayInfo\/os (virkne): \"Win7\" vrayInfo\/primitives (virkne): \"12092\" vrayInfo\/ram (virkne): \"32720MB\" vrayInfo\/rendertime (string): \" 0h 1m 9.9s\" vrayInfo\/time (virkne): \"22:50:17\" vrayInfo\/vmem (virkne): \"8388608MB\" vrayInfo\/vraycore (virkne): \"3.60.03\" vrayInfo\/vrayversion (string): \"V-Ray iek\u0161\u0113j\u0101 versija Adv 3.60.03\" vrayInfo\/w (virkne): \"1340\" =Kan\u0101li= A (puse) B (puse) G (puse) R (puse) VRayDiffuseFilter.B (puse) VRayDiffuseFilter.G (puse) VRayDiffuseFilter.R (puse) VRayGlobalIllumination.B (puse) VRayGlobalIllumination.G (puse) VRayGlobalIllumination.R (puse) VRayLighting.B (puse) VRayLighting.G (puse) VRayLighting.R (puse) VRayObjectID.B (puse) VRayObjectID.G (puse) VRayObjectID.R (puse) VRayReflection.B (puse) VRayReflection.G (puse) VRayReflection.R (puse) VRayRefracti"},{"@type":"BreadcrumbList","@id":"https:\/\/moozapro.com\/lv\/produktas\/hug-gloss-spray\/#breadcrumb","itemListElement":[{"@type":"ListItem","position":1,"name":"Galvenais","item":"https:\/\/moozapro.com\/lv\/"},{"@type":"ListItem","position":2,"name":"Visi produkti","item":"https:\/\/moozapro.com\/lv\/shop\/"},{"@type":"ListItem","position":3,"name":"&#8220;HUG Gloss Spray"}]},{"@type":"WebSite","@id":"https:\/\/moozapro.com\/lv\/#website","url":"https:\/\/moozapro.com\/lv\/","name":"Mooza Pro","description":"Priemon\u0117s j\u016bs\u0173 plaukams","publisher":{"@id":"https:\/\/moozapro.com\/lv\/#organization"},"potentialAction":[{"@type":"SearchAction","target":{"@type":"EntryPoint","urlTemplate":"https:\/\/moozapro.com\/lv\/?s={search_term_string}"},"query-input":{"@type":"PropertyValueSpecification","valueRequired":true,"valueName":"search_term_string"}}],"inLanguage":"lv-LV"},{"@type":"Organization","@id":"https:\/\/moozapro.com\/lv\/#organization","name":"Mooza Pro","url":"https:\/\/moozapro.com\/lv\/","logo":{"@type":"ImageObject","inLanguage":"lv-LV","@id":"https:\/\/moozapro.com\/lv\/#\/schema\/logo\/image\/","url":"https:\/\/moozapro.com\/wp-content\/uploads\/2023\/11\/Mooza-Pro-mazas-logo.png","contentUrl":"https:\/\/moozapro.com\/wp-content\/uploads\/2023\/11\/Mooza-Pro-mazas-logo.png","width":250,"height":103,"caption":"Mooza Pro"},"image":{"@id":"https:\/\/moozapro.com\/lv\/#\/schema\/logo\/image\/"},"sameAs":["https:\/\/www.facebook.com\/moozabeauty"]}]}},"_links":{"self":[{"href":"https:\/\/moozapro.com\/lv\/wp-json\/wp\/v2\/product\/23505","targetHints":{"allow":["GET"]}}],"collection":[{"href":"https:\/\/moozapro.com\/lv\/wp-json\/wp\/v2\/product"}],"about":[{"href":"https:\/\/moozapro.com\/lv\/wp-json\/wp\/v2\/types\/product"}],"replies":[{"embeddable":true,"href":"https:\/\/moozapro.com\/lv\/wp-json\/wp\/v2\/comments?post=23505"}],"version-history":[{"count":3,"href":"https:\/\/moozapro.com\/lv\/wp-json\/wp\/v2\/product\/23505\/revisions"}],"predecessor-version":[{"id":31426,"href":"https:\/\/moozapro.com\/lv\/wp-json\/wp\/v2\/product\/23505\/revisions\/31426"}],"wp:featuredmedia":[{"embeddable":true,"href":"https:\/\/moozapro.com\/lv\/wp-json\/wp\/v2\/media\/22856"}],"wp:attachment":[{"href":"https:\/\/moozapro.com\/lv\/wp-json\/wp\/v2\/media?parent=23505"}],"wp:term":[{"taxonomy":"product_brand","embeddable":true,"href":"https:\/\/moozapro.com\/lv\/wp-json\/wp\/v2\/product_brand?post=23505"},{"taxonomy":"product_cat","embeddable":true,"href":"https:\/\/moozapro.com\/lv\/wp-json\/wp\/v2\/product_cat?post=23505"},{"taxonomy":"product_tag","embeddable":true,"href":"https:\/\/moozapro.com\/lv\/wp-json\/wp\/v2\/product_tag?post=23505"}],"curies":[{"name":"wp","href":"https:\/\/api.w.org\/{rel}","templated":true}]}}