{"id":23523,"date":"2022-02-25T15:41:52","date_gmt":"2022-02-25T13:41:52","guid":{"rendered":"https:\/\/moozapro.com\/produktas\/kermena-losjons\/"},"modified":"2025-07-28T18:33:26","modified_gmt":"2025-07-28T15:33:26","slug":"kermena-losjons","status":"publish","type":"product","link":"https:\/\/moozapro.com\/lv\/produktas\/kermena-losjons\/","title":{"rendered":"\u0136erme\u0146a losjons"},"content":{"rendered":"\t\t<div data-elementor-type=\"product-post\" data-elementor-id=\"23523\" class=\"elementor elementor-23523 elementor-14541\" data-elementor-post-type=\"product\">\n\t\t\t\t\t\t<section class=\"elementor-section elementor-top-section elementor-element elementor-element-2f0dba82 elementor-section-boxed elementor-section-height-default elementor-section-height-default\" data-id=\"2f0dba82\" data-element_type=\"section\" data-e-type=\"section\">\n\t\t\t\t\t\t<div class=\"elementor-container elementor-column-gap-default\">\n\t\t\t\t\t<div class=\"elementor-column elementor-col-50 elementor-top-column elementor-element elementor-element-437b3c24 kitify-col-width-auto-no kitify-disable-relative-no\" data-id=\"437b3c24\" data-element_type=\"column\" data-e-type=\"column\" data-settings=\"{&quot;background_background&quot;:&quot;classic&quot;}\">\n\t\t\t<div class=\"elementor-widget-wrap elementor-element-populated\">\n\t\t\t\t\t\t<div class=\"elementor-element elementor-element-e69005f elementor-widget elementor-widget-image\" data-id=\"e69005f\" data-element_type=\"widget\" data-e-type=\"widget\" data-widget_type=\"image.default\">\n\t\t\t\t<div class=\"elementor-widget-container\">\n\t\t\t\t\t\t\t\t\t\t\t\t\t\t\t<img decoding=\"async\" src=\"https:\/\/moozapro.com\/wp-content\/uploads\/2022\/02\/cropped-of-young-woman-applying-lotion-on-shoulder-2021-08-28-11-04-34-utc-2-scaled.jpg\" title=\"\" alt=\"\" loading=\"lazy\" \/>\t\t\t\t\t\t\t\t\t\t\t\t\t\t\t<\/div>\n\t\t\t\t<\/div>\n\t\t\t\t\t<\/div>\n\t\t<\/div>\n\t\t\t\t<div class=\"elementor-column elementor-col-50 elementor-top-column elementor-element elementor-element-1f00a1d kitify-col-width-auto-no kitify-disable-relative-no\" data-id=\"1f00a1d\" data-element_type=\"column\" data-e-type=\"column\">\n\t\t\t<div class=\"elementor-widget-wrap elementor-element-populated\">\n\t\t\t\t\t\t<div class=\"elementor-element elementor-element-405a670f elementor-widget elementor-widget-heading\" data-id=\"405a670f\" data-element_type=\"widget\" data-e-type=\"widget\" data-widget_type=\"heading.default\">\n\t\t\t\t<div class=\"elementor-widget-container\">\n\t\t\t\t\t<h2 class=\"elementor-heading-title elementor-size-default\">\u0136erme\u0146a losjons<\/h2>\t\t\t\t<\/div>\n\t\t\t\t<\/div>\n\t\t\t\t<div class=\"elementor-element elementor-element-31ea4157 elementor-widget-divider--view-line elementor-widget elementor-widget-divider\" data-id=\"31ea4157\" data-element_type=\"widget\" data-e-type=\"widget\" data-widget_type=\"divider.default\">\n\t\t\t\t<div class=\"elementor-widget-container\">\n\t\t\t\t\t\t\t<div class=\"elementor-divider\">\n\t\t\t<span class=\"elementor-divider-separator\">\n\t\t\t\t\t\t<\/span>\n\t\t<\/div>\n\t\t\t\t\t\t<\/div>\n\t\t\t\t<\/div>\n\t\t\t\t<div class=\"elementor-element elementor-element-1eec3503 elementor-widget elementor-widget-text-editor\" data-id=\"1eec3503\" data-element_type=\"widget\" data-e-type=\"widget\" data-widget_type=\"text-editor.default\">\n\t\t\t\t<div class=\"elementor-widget-container\">\n\t\t\t\t\t\t\t\t\t<p>Intens\u012bvi barojo\u0161ais kr\u0113ms nodro\u0161ina \u0101dai mitrumu un elast\u012bbu, bet t\u0101 viegl\u0101 tekst\u016bra nodro\u0161ina \u0101tru uzs\u016bk\u0161anos.<\/p><p>Kokvilnas s\u0113klu e\u013c\u013ca satur visas omega-6 grupas tauksk\u0101bes, t\u0101p\u0113c t\u0101 ir ide\u0101la izv\u0113le \u0101dai, kas ir \u012bpa\u0161i jut\u012bga pret sausumu.<\/p><p>Kokvilnas ekstrakti ir ide\u0101li piem\u0113roti l\u012bdzsvarotai un maigai \u0137erme\u0146a \u0101dai, pateicoties to mitrino\u0161aj\u0101m \u012bpa\u0161\u012bb\u0101m.<\/p><p> <\/p><p>Lieto\u0161ana: p\u0113c mazg\u0101\u0161anas izspiediet rok\u0101s rieksta lieluma losjona daudzumu un uzkl\u0101jiet uz sausas \u0101das.<\/p><p>Padoms: Ja j\u016bsu \u0101da ir \u012bpa\u0161i sausa, sajauciet 1-2 pilienus argana e\u013c\u013cas ar kr\u0113mu un uzkl\u0101jiet uz saus\u0101m viet\u0101m.<\/p>\t\t\t\t\t\t\t\t<\/div>\n\t\t\t\t<\/div>\n\t\t\t\t\t<\/div>\n\t\t<\/div>\n\t\t\t\t\t<\/div>\n\t\t<\/section>\n\t\t\t\t<\/div>\n\t\t","protected":false},"excerpt":{"rendered":"<p>Iem\u012bl\u0113sieties unik\u0101laj\u0101 maigas kokvilnas smar\u017e\u0101 un izbaudiet piln\u012bgi jaunu \u0101das saj\u016btu ar Newsha \u0137erme\u0146a losjonu!<\/p>\n","protected":false},"featured_media":22968,"comment_status":"open","ping_status":"closed","template":"","meta":[],"product_brand":[],"product_cat":[481],"product_tag":[],"class_list":{"0":"post-23523","1":"product","2":"type-product","3":"status-publish","4":"has-post-thumbnail","6":"product_cat-sejas-un-kermena-kopsana","7":"yith_product_brand-newsha","9":"first","10":"instock","11":"taxable","12":"shipping-taxable","13":"purchasable","14":"product-type-simple"},"yoast_head":"<!-- This site is optimized with the Yoast SEO plugin v27.4 - https:\/\/yoast.com\/product\/yoast-seo-wordpress\/ -->\n<title>\u0136erme\u0146a losjons | Mooza Pro<\/title>\n<meta name=\"description\" content=\"Newsha \u0137erme\u0146a losjons - intens\u012bvi barojo\u0161s kr\u0113ms, kas nodro\u0161ina \u0101das mitrin\u0101\u0161anu un elast\u012bbu un \u0101tri ies\u016bcas, pateicoties t\u0101 vieglajai tekst\u016brai.\" \/>\n<meta name=\"robots\" content=\"index, follow, max-snippet:-1, max-image-preview:large, max-video-preview:-1\" \/>\n<link rel=\"canonical\" href=\"https:\/\/moozapro.com\/lv\/produktas\/kermena-losjons\/\" \/>\n<meta property=\"og:locale\" content=\"lv_LV\" \/>\n<meta property=\"og:type\" content=\"article\" \/>\n<meta property=\"og:title\" content=\"\u0136erme\u0146a losjons | Mooza Pro\" \/>\n<meta property=\"og:description\" content=\"Newsha \u0137erme\u0146a losjons - intens\u012bvi barojo\u0161s kr\u0113ms, kas nodro\u0161ina \u0101das mitrin\u0101\u0161anu un elast\u012bbu un \u0101tri ies\u016bcas, pateicoties t\u0101 vieglajai tekst\u016brai.\" \/>\n<meta property=\"og:url\" content=\"https:\/\/moozapro.com\/lv\/produktas\/kermena-losjons\/\" \/>\n<meta property=\"og:site_name\" content=\"Mooza Pro\" \/>\n<meta property=\"article:publisher\" content=\"https:\/\/www.facebook.com\/moozabeauty\" \/>\n<meta property=\"article:modified_time\" content=\"2025-07-28T15:33:26+00:00\" \/>\n<meta property=\"og:image\" content=\"https:\/\/moozapro.com\/wp-content\/uploads\/2022\/02\/newsha-body-lotion-2.jpeg\" \/>\n\t<meta property=\"og:image:width\" content=\"1000\" \/>\n\t<meta property=\"og:image:height\" content=\"1000\" \/>\n\t<meta property=\"og:image:type\" content=\"image\/jpeg\" \/>\n<meta name=\"twitter:card\" content=\"summary_large_image\" \/>\n<meta name=\"twitter:label1\" content=\"Est. reading time\" \/>\n\t<meta name=\"twitter:data1\" content=\"1 minute\" \/>\n<script type=\"application\/ld+json\" class=\"yoast-schema-graph\">{\"@context\":\"https:\\\/\\\/schema.org\",\"@graph\":[{\"@type\":\"WebPage\",\"@id\":\"https:\\\/\\\/moozapro.com\\\/lv\\\/produktas\\\/kermena-losjons\\\/\",\"url\":\"https:\\\/\\\/moozapro.com\\\/lv\\\/produktas\\\/kermena-losjons\\\/\",\"name\":\"\u0136erme\u0146a losjons | Mooza Pro\",\"isPartOf\":{\"@id\":\"https:\\\/\\\/moozapro.com\\\/lv\\\/#website\"},\"primaryImageOfPage\":{\"@id\":\"https:\\\/\\\/moozapro.com\\\/lv\\\/produktas\\\/kermena-losjons\\\/#primaryimage\"},\"image\":{\"@id\":\"https:\\\/\\\/moozapro.com\\\/lv\\\/produktas\\\/kermena-losjons\\\/#primaryimage\"},\"thumbnailUrl\":\"https:\\\/\\\/moozapro.com\\\/wp-content\\\/uploads\\\/2022\\\/02\\\/newsha-body-lotion-2.jpeg\",\"datePublished\":\"2022-02-25T13:41:52+00:00\",\"dateModified\":\"2025-07-28T15:33:26+00:00\",\"description\":\"Newsha \u0137erme\u0146a losjons - intens\u012bvi barojo\u0161s kr\u0113ms, kas nodro\u0161ina \u0101das mitrin\u0101\u0161anu un elast\u012bbu un \u0101tri ies\u016bcas, pateicoties t\u0101 vieglajai tekst\u016brai.\",\"breadcrumb\":{\"@id\":\"https:\\\/\\\/moozapro.com\\\/lv\\\/produktas\\\/kermena-losjons\\\/#breadcrumb\"},\"inLanguage\":\"lv-LV\",\"potentialAction\":[{\"@type\":\"ReadAction\",\"target\":[\"https:\\\/\\\/moozapro.com\\\/lv\\\/produktas\\\/kermena-losjons\\\/\"]}]},{\"@type\":\"ImageObject\",\"inLanguage\":\"lv-LV\",\"@id\":\"https:\\\/\\\/moozapro.com\\\/lv\\\/produktas\\\/kermena-losjons\\\/#primaryimage\",\"url\":\"https:\\\/\\\/moozapro.com\\\/wp-content\\\/uploads\\\/2022\\\/02\\\/newsha-body-lotion-2.jpeg\",\"contentUrl\":\"https:\\\/\\\/moozapro.com\\\/wp-content\\\/uploads\\\/2022\\\/02\\\/newsha-body-lotion-2.jpeg\",\"width\":1000,\"height\":1000,\"caption\":\"\u0137erme\u0146a kr\u0113ms\"},{\"@type\":\"BreadcrumbList\",\"@id\":\"https:\\\/\\\/moozapro.com\\\/lv\\\/produktas\\\/kermena-losjons\\\/#breadcrumb\",\"itemListElement\":[{\"@type\":\"ListItem\",\"position\":1,\"name\":\"Galvenais\",\"item\":\"https:\\\/\\\/moozapro.com\\\/lv\\\/\"},{\"@type\":\"ListItem\",\"position\":2,\"name\":\"Visi produkti\",\"item\":\"https:\\\/\\\/moozapro.com\\\/lv\\\/shop\\\/\"},{\"@type\":\"ListItem\",\"position\":3,\"name\":\"\u0136erme\u0146a losjons\"}]},{\"@type\":\"WebSite\",\"@id\":\"https:\\\/\\\/moozapro.com\\\/lv\\\/#website\",\"url\":\"https:\\\/\\\/moozapro.com\\\/lv\\\/\",\"name\":\"Mooza Pro\",\"description\":\"Priemon\u0117s j\u016bs\u0173 plaukams\",\"publisher\":{\"@id\":\"https:\\\/\\\/moozapro.com\\\/lv\\\/#organization\"},\"potentialAction\":[{\"@type\":\"SearchAction\",\"target\":{\"@type\":\"EntryPoint\",\"urlTemplate\":\"https:\\\/\\\/moozapro.com\\\/lv\\\/?s={search_term_string}\"},\"query-input\":{\"@type\":\"PropertyValueSpecification\",\"valueRequired\":true,\"valueName\":\"search_term_string\"}}],\"inLanguage\":\"lv-LV\"},{\"@type\":\"Organization\",\"@id\":\"https:\\\/\\\/moozapro.com\\\/lv\\\/#organization\",\"name\":\"Mooza Pro\",\"url\":\"https:\\\/\\\/moozapro.com\\\/lv\\\/\",\"logo\":{\"@type\":\"ImageObject\",\"inLanguage\":\"lv-LV\",\"@id\":\"https:\\\/\\\/moozapro.com\\\/lv\\\/#\\\/schema\\\/logo\\\/image\\\/\",\"url\":\"https:\\\/\\\/moozapro.com\\\/wp-content\\\/uploads\\\/2023\\\/11\\\/Mooza-Pro-mazas-logo.png\",\"contentUrl\":\"https:\\\/\\\/moozapro.com\\\/wp-content\\\/uploads\\\/2023\\\/11\\\/Mooza-Pro-mazas-logo.png\",\"width\":250,\"height\":103,\"caption\":\"Mooza Pro\"},\"image\":{\"@id\":\"https:\\\/\\\/moozapro.com\\\/lv\\\/#\\\/schema\\\/logo\\\/image\\\/\"},\"sameAs\":[\"https:\\\/\\\/www.facebook.com\\\/moozabeauty\"]}]}<\/script>\n<!-- \/ Yoast SEO plugin. -->","yoast_head_json":{"title":"\u0136erme\u0146a losjons | Mooza Pro","description":"Newsha \u0137erme\u0146a losjons - intens\u012bvi barojo\u0161s kr\u0113ms, kas nodro\u0161ina \u0101das mitrin\u0101\u0161anu un elast\u012bbu un \u0101tri ies\u016bcas, pateicoties t\u0101 vieglajai tekst\u016brai.","robots":{"index":"index","follow":"follow","max-snippet":"max-snippet:-1","max-image-preview":"max-image-preview:large","max-video-preview":"max-video-preview:-1"},"canonical":"https:\/\/moozapro.com\/lv\/produktas\/kermena-losjons\/","og_locale":"lv_LV","og_type":"article","og_title":"\u0136erme\u0146a losjons | Mooza Pro","og_description":"Newsha \u0137erme\u0146a losjons - intens\u012bvi barojo\u0161s kr\u0113ms, kas nodro\u0161ina \u0101das mitrin\u0101\u0161anu un elast\u012bbu un \u0101tri ies\u016bcas, pateicoties t\u0101 vieglajai tekst\u016brai.","og_url":"https:\/\/moozapro.com\/lv\/produktas\/kermena-losjons\/","og_site_name":"Mooza Pro","article_publisher":"https:\/\/www.facebook.com\/moozabeauty","article_modified_time":"2025-07-28T15:33:26+00:00","og_image":[{"width":1000,"height":1000,"url":"https:\/\/moozapro.com\/wp-content\/uploads\/2022\/02\/newsha-body-lotion-2.jpeg","type":"image\/jpeg"}],"twitter_card":"summary_large_image","twitter_misc":{"Est. reading time":"1 minute"},"schema":{"@context":"https:\/\/schema.org","@graph":[{"@type":"WebPage","@id":"https:\/\/moozapro.com\/lv\/produktas\/kermena-losjons\/","url":"https:\/\/moozapro.com\/lv\/produktas\/kermena-losjons\/","name":"\u0136erme\u0146a losjons | Mooza Pro","isPartOf":{"@id":"https:\/\/moozapro.com\/lv\/#website"},"primaryImageOfPage":{"@id":"https:\/\/moozapro.com\/lv\/produktas\/kermena-losjons\/#primaryimage"},"image":{"@id":"https:\/\/moozapro.com\/lv\/produktas\/kermena-losjons\/#primaryimage"},"thumbnailUrl":"https:\/\/moozapro.com\/wp-content\/uploads\/2022\/02\/newsha-body-lotion-2.jpeg","datePublished":"2022-02-25T13:41:52+00:00","dateModified":"2025-07-28T15:33:26+00:00","description":"Newsha \u0137erme\u0146a losjons - intens\u012bvi barojo\u0161s kr\u0113ms, kas nodro\u0161ina \u0101das mitrin\u0101\u0161anu un elast\u012bbu un \u0101tri ies\u016bcas, pateicoties t\u0101 vieglajai tekst\u016brai.","breadcrumb":{"@id":"https:\/\/moozapro.com\/lv\/produktas\/kermena-losjons\/#breadcrumb"},"inLanguage":"lv-LV","potentialAction":[{"@type":"ReadAction","target":["https:\/\/moozapro.com\/lv\/produktas\/kermena-losjons\/"]}]},{"@type":"ImageObject","inLanguage":"lv-LV","@id":"https:\/\/moozapro.com\/lv\/produktas\/kermena-losjons\/#primaryimage","url":"https:\/\/moozapro.com\/wp-content\/uploads\/2022\/02\/newsha-body-lotion-2.jpeg","contentUrl":"https:\/\/moozapro.com\/wp-content\/uploads\/2022\/02\/newsha-body-lotion-2.jpeg","width":1000,"height":1000,"caption":"\u0137erme\u0146a kr\u0113ms"},{"@type":"BreadcrumbList","@id":"https:\/\/moozapro.com\/lv\/produktas\/kermena-losjons\/#breadcrumb","itemListElement":[{"@type":"ListItem","position":1,"name":"Galvenais","item":"https:\/\/moozapro.com\/lv\/"},{"@type":"ListItem","position":2,"name":"Visi produkti","item":"https:\/\/moozapro.com\/lv\/shop\/"},{"@type":"ListItem","position":3,"name":"\u0136erme\u0146a losjons"}]},{"@type":"WebSite","@id":"https:\/\/moozapro.com\/lv\/#website","url":"https:\/\/moozapro.com\/lv\/","name":"Mooza Pro","description":"Priemon\u0117s j\u016bs\u0173 plaukams","publisher":{"@id":"https:\/\/moozapro.com\/lv\/#organization"},"potentialAction":[{"@type":"SearchAction","target":{"@type":"EntryPoint","urlTemplate":"https:\/\/moozapro.com\/lv\/?s={search_term_string}"},"query-input":{"@type":"PropertyValueSpecification","valueRequired":true,"valueName":"search_term_string"}}],"inLanguage":"lv-LV"},{"@type":"Organization","@id":"https:\/\/moozapro.com\/lv\/#organization","name":"Mooza Pro","url":"https:\/\/moozapro.com\/lv\/","logo":{"@type":"ImageObject","inLanguage":"lv-LV","@id":"https:\/\/moozapro.com\/lv\/#\/schema\/logo\/image\/","url":"https:\/\/moozapro.com\/wp-content\/uploads\/2023\/11\/Mooza-Pro-mazas-logo.png","contentUrl":"https:\/\/moozapro.com\/wp-content\/uploads\/2023\/11\/Mooza-Pro-mazas-logo.png","width":250,"height":103,"caption":"Mooza Pro"},"image":{"@id":"https:\/\/moozapro.com\/lv\/#\/schema\/logo\/image\/"},"sameAs":["https:\/\/www.facebook.com\/moozabeauty"]}]}},"_links":{"self":[{"href":"https:\/\/moozapro.com\/lv\/wp-json\/wp\/v2\/product\/23523","targetHints":{"allow":["GET"]}}],"collection":[{"href":"https:\/\/moozapro.com\/lv\/wp-json\/wp\/v2\/product"}],"about":[{"href":"https:\/\/moozapro.com\/lv\/wp-json\/wp\/v2\/types\/product"}],"replies":[{"embeddable":true,"href":"https:\/\/moozapro.com\/lv\/wp-json\/wp\/v2\/comments?post=23523"}],"version-history":[{"count":4,"href":"https:\/\/moozapro.com\/lv\/wp-json\/wp\/v2\/product\/23523\/revisions"}],"predecessor-version":[{"id":31438,"href":"https:\/\/moozapro.com\/lv\/wp-json\/wp\/v2\/product\/23523\/revisions\/31438"}],"wp:featuredmedia":[{"embeddable":true,"href":"https:\/\/moozapro.com\/lv\/wp-json\/wp\/v2\/media\/22968"}],"wp:attachment":[{"href":"https:\/\/moozapro.com\/lv\/wp-json\/wp\/v2\/media?parent=23523"}],"wp:term":[{"taxonomy":"product_brand","embeddable":true,"href":"https:\/\/moozapro.com\/lv\/wp-json\/wp\/v2\/product_brand?post=23523"},{"taxonomy":"product_cat","embeddable":true,"href":"https:\/\/moozapro.com\/lv\/wp-json\/wp\/v2\/product_cat?post=23523"},{"taxonomy":"product_tag","embeddable":true,"href":"https:\/\/moozapro.com\/lv\/wp-json\/wp\/v2\/product_tag?post=23523"}],"curies":[{"name":"wp","href":"https:\/\/api.w.org\/{rel}","templated":true}]}}