{"id":23542,"date":"2021-07-02T00:44:07","date_gmt":"2024-08-05T07:39:30","guid":{"rendered":"https:\/\/moozapro.com\/produktas\/sausais-sampuns\/"},"modified":"2025-07-11T16:16:34","modified_gmt":"2025-07-11T13:16:34","slug":"sausais-sampuns","status":"publish","type":"product","link":"https:\/\/moozapro.com\/lv\/produktas\/sausais-sampuns\/","title":{"rendered":"Sausais \u0161amp\u016bns"},"content":{"rendered":"<p class=\"p1\"><span class=\"s1\">Uzticami absorb\u0113 un neitraliz\u0113 lieko e\u013c\u013cu, nogulsnes un smakas - svaigiem un t\u012briem matiem.<\/span><\/p>\n<p class=\"p1\"><span class=\"s1\">- No\u0146em sebumu un atlikumus<\/span><\/p>\n<p class=\"p1\"><span class=\"s1\">- pie\u0161\u0137ir apjomu un kuplumu<\/span><\/p>\n<p class=\"p1\"><span class=\"s1\">- pie\u0161\u0137ir matu tekst\u016bru<\/span><\/p>\n<p class=\"p1\"><span class=\"s1\">- svaiga smar\u017ea<\/span><\/p>\n<p class=\"p1\"><span class=\"s1\">- kopti mati vis\u0101s situ\u0101cij\u0101s<\/span><\/p>\n<hr>\n<p class=\"p1\"><span class=\"s1\">V\u0113rt\u012bgajam r\u012bsu pulverim piem\u012bt absorb\u0113jo\u0161a un antioksid\u0113jo\u0161a iedarb\u012bba, jo tas satur lielu daudzumu dabisk\u0101 orizanola. Turkl\u0101t tas ir \u012bpa\u0161i piem\u0113rots matiem, kas \u0101tri taukojas, jo dabiski saista lieko sebumu. <\/span><\/p>\n<p class=\"p1\"><span class=\"s1\">Lietojiet uz sausiem matiem. Pirms lieto\u0161anas pudel\u012bti labi sakratiet. Izsmidziniet uz matu l\u012bnijas no 20 cm att\u0101luma un r\u016bp\u012bgi iemas\u0113jiet ar pirkstiem. Iz\u0137emm\u0113jiet matus no sakn\u0113m l\u012bdz galiem, lai veidotu da\u017e\u0101das friz\u016bras.   <\/span><\/p>\n","protected":false},"excerpt":{"rendered":"<p style=\"text-align: center;\"><em>\u012apa\u0161i maigs sausais \u0161amp\u016bns ar ekskluz\u012bvu ra\u017eo\u0161anas formulu visiem matu tipiem. Tas dro\u0161i absorb\u0113 lieko sebumu un padara matus t\u012brus un svaigi izmazg\u0101tus. <\/em><\/p>\n","protected":false},"featured_media":22682,"comment_status":"open","ping_status":"closed","template":"","meta":[],"product_brand":[],"product_cat":[434,469,479],"product_tag":[],"class_list":{"0":"post-23542","1":"product","2":"type-product","3":"status-publish","4":"has-post-thumbnail","6":"product_cat-matu-kopsana","7":"product_cat-normala-ada","8":"product_cat-sampuni","9":"yith_product_brand-newsha","11":"first","12":"instock","13":"taxable","14":"shipping-taxable","15":"purchasable","16":"product-type-variable","17":"has-default-attributes"},"yoast_head":"<!-- This site is optimized with the Yoast SEO plugin v27.4 - https:\/\/yoast.com\/product\/yoast-seo-wordpress\/ -->\n<title>Sausais \u0161amp\u016bns | Mooza Pro<\/title>\n<meta name=\"description\" content=\"Sausais \u0161amp\u016bns \u0101trai galvas \u0101das att\u012br\u012b\u0161anai. \u0100trs un efekt\u012bvs rezult\u0101ts, ja laika ir maz. Svar\u012bgi lietot atbild\u012bgi.\" \/>\n<meta name=\"robots\" content=\"index, follow, max-snippet:-1, max-image-preview:large, max-video-preview:-1\" \/>\n<link rel=\"canonical\" href=\"https:\/\/moozapro.com\/lv\/produktas\/sausais-sampuns\/\" \/>\n<meta property=\"og:locale\" content=\"lv_LV\" \/>\n<meta property=\"og:type\" content=\"article\" \/>\n<meta property=\"og:title\" content=\"Sausais \u0161amp\u016bns | Mooza Pro\" \/>\n<meta property=\"og:description\" content=\"Sausais \u0161amp\u016bns \u0101trai galvas \u0101das att\u012br\u012b\u0161anai. \u0100trs un efekt\u012bvs rezult\u0101ts, ja laika ir maz. Svar\u012bgi lietot atbild\u012bgi.\" \/>\n<meta property=\"og:url\" content=\"https:\/\/moozapro.com\/lv\/produktas\/sausais-sampuns\/\" \/>\n<meta property=\"og:site_name\" content=\"Mooza Pro\" \/>\n<meta property=\"article:publisher\" content=\"https:\/\/www.facebook.com\/moozabeauty\" \/>\n<meta property=\"article:modified_time\" content=\"2025-07-11T13:16:34+00:00\" \/>\n<meta property=\"og:image\" content=\"https:\/\/moozapro.com\/wp-content\/uploads\/2021\/07\/7A7EE7E0-67CD-442F-B22F-964D611830E0.jpeg\" \/>\n\t<meta property=\"og:image:width\" content=\"1000\" \/>\n\t<meta property=\"og:image:height\" content=\"1000\" \/>\n\t<meta property=\"og:image:type\" content=\"image\/jpeg\" \/>\n<meta name=\"twitter:card\" content=\"summary_large_image\" \/>\n<meta name=\"twitter:label1\" content=\"Est. reading time\" \/>\n\t<meta name=\"twitter:data1\" content=\"1 minute\" \/>\n<script type=\"application\/ld+json\" class=\"yoast-schema-graph\">{\"@context\":\"https:\\\/\\\/schema.org\",\"@graph\":[{\"@type\":\"WebPage\",\"@id\":\"https:\\\/\\\/moozapro.com\\\/lv\\\/produktas\\\/sausais-sampuns\\\/\",\"url\":\"https:\\\/\\\/moozapro.com\\\/lv\\\/produktas\\\/sausais-sampuns\\\/\",\"name\":\"Sausais \u0161amp\u016bns | Mooza Pro\",\"isPartOf\":{\"@id\":\"https:\\\/\\\/moozapro.com\\\/lv\\\/#website\"},\"primaryImageOfPage\":{\"@id\":\"https:\\\/\\\/moozapro.com\\\/lv\\\/produktas\\\/sausais-sampuns\\\/#primaryimage\"},\"image\":{\"@id\":\"https:\\\/\\\/moozapro.com\\\/lv\\\/produktas\\\/sausais-sampuns\\\/#primaryimage\"},\"thumbnailUrl\":\"https:\\\/\\\/moozapro.com\\\/wp-content\\\/uploads\\\/2021\\\/07\\\/7A7EE7E0-67CD-442F-B22F-964D611830E0.jpeg\",\"datePublished\":\"2024-08-05T07:39:30+00:00\",\"dateModified\":\"2025-07-11T13:16:34+00:00\",\"description\":\"Sausais \u0161amp\u016bns \u0101trai galvas \u0101das att\u012br\u012b\u0161anai. \u0100trs un efekt\u012bvs rezult\u0101ts, ja laika ir maz. Svar\u012bgi lietot atbild\u012bgi.\",\"breadcrumb\":{\"@id\":\"https:\\\/\\\/moozapro.com\\\/lv\\\/produktas\\\/sausais-sampuns\\\/#breadcrumb\"},\"inLanguage\":\"lv-LV\",\"potentialAction\":[{\"@type\":\"ReadAction\",\"target\":[\"https:\\\/\\\/moozapro.com\\\/lv\\\/produktas\\\/sausais-sampuns\\\/\"]}]},{\"@type\":\"ImageObject\",\"inLanguage\":\"lv-LV\",\"@id\":\"https:\\\/\\\/moozapro.com\\\/lv\\\/produktas\\\/sausais-sampuns\\\/#primaryimage\",\"url\":\"https:\\\/\\\/moozapro.com\\\/wp-content\\\/uploads\\\/2021\\\/07\\\/7A7EE7E0-67CD-442F-B22F-964D611830E0.jpeg\",\"contentUrl\":\"https:\\\/\\\/moozapro.com\\\/wp-content\\\/uploads\\\/2021\\\/07\\\/7A7EE7E0-67CD-442F-B22F-964D611830E0.jpeg\",\"width\":1000,\"height\":1000},{\"@type\":\"BreadcrumbList\",\"@id\":\"https:\\\/\\\/moozapro.com\\\/lv\\\/produktas\\\/sausais-sampuns\\\/#breadcrumb\",\"itemListElement\":[{\"@type\":\"ListItem\",\"position\":1,\"name\":\"Galvenais\",\"item\":\"https:\\\/\\\/moozapro.com\\\/lv\\\/\"},{\"@type\":\"ListItem\",\"position\":2,\"name\":\"Visi produkti\",\"item\":\"https:\\\/\\\/moozapro.com\\\/lv\\\/shop\\\/\"},{\"@type\":\"ListItem\",\"position\":3,\"name\":\"Sausais \u0161amp\u016bns\"}]},{\"@type\":\"WebSite\",\"@id\":\"https:\\\/\\\/moozapro.com\\\/lv\\\/#website\",\"url\":\"https:\\\/\\\/moozapro.com\\\/lv\\\/\",\"name\":\"Mooza Pro\",\"description\":\"Priemon\u0117s j\u016bs\u0173 plaukams\",\"publisher\":{\"@id\":\"https:\\\/\\\/moozapro.com\\\/lv\\\/#organization\"},\"potentialAction\":[{\"@type\":\"SearchAction\",\"target\":{\"@type\":\"EntryPoint\",\"urlTemplate\":\"https:\\\/\\\/moozapro.com\\\/lv\\\/?s={search_term_string}\"},\"query-input\":{\"@type\":\"PropertyValueSpecification\",\"valueRequired\":true,\"valueName\":\"search_term_string\"}}],\"inLanguage\":\"lv-LV\"},{\"@type\":\"Organization\",\"@id\":\"https:\\\/\\\/moozapro.com\\\/lv\\\/#organization\",\"name\":\"Mooza Pro\",\"url\":\"https:\\\/\\\/moozapro.com\\\/lv\\\/\",\"logo\":{\"@type\":\"ImageObject\",\"inLanguage\":\"lv-LV\",\"@id\":\"https:\\\/\\\/moozapro.com\\\/lv\\\/#\\\/schema\\\/logo\\\/image\\\/\",\"url\":\"https:\\\/\\\/moozapro.com\\\/wp-content\\\/uploads\\\/2023\\\/11\\\/Mooza-Pro-mazas-logo.png\",\"contentUrl\":\"https:\\\/\\\/moozapro.com\\\/wp-content\\\/uploads\\\/2023\\\/11\\\/Mooza-Pro-mazas-logo.png\",\"width\":250,\"height\":103,\"caption\":\"Mooza Pro\"},\"image\":{\"@id\":\"https:\\\/\\\/moozapro.com\\\/lv\\\/#\\\/schema\\\/logo\\\/image\\\/\"},\"sameAs\":[\"https:\\\/\\\/www.facebook.com\\\/moozabeauty\"]}]}<\/script>\n<!-- \/ Yoast SEO plugin. -->","yoast_head_json":{"title":"Sausais \u0161amp\u016bns | Mooza Pro","description":"Sausais \u0161amp\u016bns \u0101trai galvas \u0101das att\u012br\u012b\u0161anai. \u0100trs un efekt\u012bvs rezult\u0101ts, ja laika ir maz. Svar\u012bgi lietot atbild\u012bgi.","robots":{"index":"index","follow":"follow","max-snippet":"max-snippet:-1","max-image-preview":"max-image-preview:large","max-video-preview":"max-video-preview:-1"},"canonical":"https:\/\/moozapro.com\/lv\/produktas\/sausais-sampuns\/","og_locale":"lv_LV","og_type":"article","og_title":"Sausais \u0161amp\u016bns | Mooza Pro","og_description":"Sausais \u0161amp\u016bns \u0101trai galvas \u0101das att\u012br\u012b\u0161anai. \u0100trs un efekt\u012bvs rezult\u0101ts, ja laika ir maz. Svar\u012bgi lietot atbild\u012bgi.","og_url":"https:\/\/moozapro.com\/lv\/produktas\/sausais-sampuns\/","og_site_name":"Mooza Pro","article_publisher":"https:\/\/www.facebook.com\/moozabeauty","article_modified_time":"2025-07-11T13:16:34+00:00","og_image":[{"width":1000,"height":1000,"url":"https:\/\/moozapro.com\/wp-content\/uploads\/2021\/07\/7A7EE7E0-67CD-442F-B22F-964D611830E0.jpeg","type":"image\/jpeg"}],"twitter_card":"summary_large_image","twitter_misc":{"Est. reading time":"1 minute"},"schema":{"@context":"https:\/\/schema.org","@graph":[{"@type":"WebPage","@id":"https:\/\/moozapro.com\/lv\/produktas\/sausais-sampuns\/","url":"https:\/\/moozapro.com\/lv\/produktas\/sausais-sampuns\/","name":"Sausais \u0161amp\u016bns | Mooza Pro","isPartOf":{"@id":"https:\/\/moozapro.com\/lv\/#website"},"primaryImageOfPage":{"@id":"https:\/\/moozapro.com\/lv\/produktas\/sausais-sampuns\/#primaryimage"},"image":{"@id":"https:\/\/moozapro.com\/lv\/produktas\/sausais-sampuns\/#primaryimage"},"thumbnailUrl":"https:\/\/moozapro.com\/wp-content\/uploads\/2021\/07\/7A7EE7E0-67CD-442F-B22F-964D611830E0.jpeg","datePublished":"2024-08-05T07:39:30+00:00","dateModified":"2025-07-11T13:16:34+00:00","description":"Sausais \u0161amp\u016bns \u0101trai galvas \u0101das att\u012br\u012b\u0161anai. \u0100trs un efekt\u012bvs rezult\u0101ts, ja laika ir maz. Svar\u012bgi lietot atbild\u012bgi.","breadcrumb":{"@id":"https:\/\/moozapro.com\/lv\/produktas\/sausais-sampuns\/#breadcrumb"},"inLanguage":"lv-LV","potentialAction":[{"@type":"ReadAction","target":["https:\/\/moozapro.com\/lv\/produktas\/sausais-sampuns\/"]}]},{"@type":"ImageObject","inLanguage":"lv-LV","@id":"https:\/\/moozapro.com\/lv\/produktas\/sausais-sampuns\/#primaryimage","url":"https:\/\/moozapro.com\/wp-content\/uploads\/2021\/07\/7A7EE7E0-67CD-442F-B22F-964D611830E0.jpeg","contentUrl":"https:\/\/moozapro.com\/wp-content\/uploads\/2021\/07\/7A7EE7E0-67CD-442F-B22F-964D611830E0.jpeg","width":1000,"height":1000},{"@type":"BreadcrumbList","@id":"https:\/\/moozapro.com\/lv\/produktas\/sausais-sampuns\/#breadcrumb","itemListElement":[{"@type":"ListItem","position":1,"name":"Galvenais","item":"https:\/\/moozapro.com\/lv\/"},{"@type":"ListItem","position":2,"name":"Visi produkti","item":"https:\/\/moozapro.com\/lv\/shop\/"},{"@type":"ListItem","position":3,"name":"Sausais \u0161amp\u016bns"}]},{"@type":"WebSite","@id":"https:\/\/moozapro.com\/lv\/#website","url":"https:\/\/moozapro.com\/lv\/","name":"Mooza Pro","description":"Priemon\u0117s j\u016bs\u0173 plaukams","publisher":{"@id":"https:\/\/moozapro.com\/lv\/#organization"},"potentialAction":[{"@type":"SearchAction","target":{"@type":"EntryPoint","urlTemplate":"https:\/\/moozapro.com\/lv\/?s={search_term_string}"},"query-input":{"@type":"PropertyValueSpecification","valueRequired":true,"valueName":"search_term_string"}}],"inLanguage":"lv-LV"},{"@type":"Organization","@id":"https:\/\/moozapro.com\/lv\/#organization","name":"Mooza Pro","url":"https:\/\/moozapro.com\/lv\/","logo":{"@type":"ImageObject","inLanguage":"lv-LV","@id":"https:\/\/moozapro.com\/lv\/#\/schema\/logo\/image\/","url":"https:\/\/moozapro.com\/wp-content\/uploads\/2023\/11\/Mooza-Pro-mazas-logo.png","contentUrl":"https:\/\/moozapro.com\/wp-content\/uploads\/2023\/11\/Mooza-Pro-mazas-logo.png","width":250,"height":103,"caption":"Mooza Pro"},"image":{"@id":"https:\/\/moozapro.com\/lv\/#\/schema\/logo\/image\/"},"sameAs":["https:\/\/www.facebook.com\/moozabeauty"]}]}},"_links":{"self":[{"href":"https:\/\/moozapro.com\/lv\/wp-json\/wp\/v2\/product\/23542","targetHints":{"allow":["GET"]}}],"collection":[{"href":"https:\/\/moozapro.com\/lv\/wp-json\/wp\/v2\/product"}],"about":[{"href":"https:\/\/moozapro.com\/lv\/wp-json\/wp\/v2\/types\/product"}],"replies":[{"embeddable":true,"href":"https:\/\/moozapro.com\/lv\/wp-json\/wp\/v2\/comments?post=23542"}],"version-history":[{"count":1,"href":"https:\/\/moozapro.com\/lv\/wp-json\/wp\/v2\/product\/23542\/revisions"}],"predecessor-version":[{"id":30234,"href":"https:\/\/moozapro.com\/lv\/wp-json\/wp\/v2\/product\/23542\/revisions\/30234"}],"wp:featuredmedia":[{"embeddable":true,"href":"https:\/\/moozapro.com\/lv\/wp-json\/wp\/v2\/media\/22682"}],"wp:attachment":[{"href":"https:\/\/moozapro.com\/lv\/wp-json\/wp\/v2\/media?parent=23542"}],"wp:term":[{"taxonomy":"product_brand","embeddable":true,"href":"https:\/\/moozapro.com\/lv\/wp-json\/wp\/v2\/product_brand?post=23542"},{"taxonomy":"product_cat","embeddable":true,"href":"https:\/\/moozapro.com\/lv\/wp-json\/wp\/v2\/product_cat?post=23542"},{"taxonomy":"product_tag","embeddable":true,"href":"https:\/\/moozapro.com\/lv\/wp-json\/wp\/v2\/product_tag?post=23542"}],"curies":[{"name":"wp","href":"https:\/\/api.w.org\/{rel}","templated":true}]}}