{"id":23547,"date":"2022-07-28T16:11:40","date_gmt":"2022-07-28T13:11:40","guid":{"rendered":"https:\/\/moozapro.com\/produktas\/jasmine-losjons-pec-skusanas\/"},"modified":"2026-04-27T15:58:52","modified_gmt":"2026-04-27T12:58:52","slug":"jasmine-losjons-pec-skusanas","status":"publish","type":"product","link":"https:\/\/moozapro.com\/lv\/produktas\/jasmine-losjons-pec-skusanas\/","title":{"rendered":"&#8220;JASMINE Losjons p\u0113c sk\u016b\u0161an\u0101s"},"content":{"rendered":"\t\t<div data-elementor-type=\"product-post\" data-elementor-id=\"23547\" class=\"elementor elementor-23547 elementor-16864\" data-elementor-post-type=\"product\">\n\t\t\t\t\t\t<section class=\"elementor-section elementor-top-section elementor-element elementor-element-643b6b39 elementor-section-boxed elementor-section-height-default elementor-section-height-default\" data-id=\"643b6b39\" data-element_type=\"section\" data-e-type=\"section\">\n\t\t\t\t\t\t<div class=\"elementor-container elementor-column-gap-default\">\n\t\t\t\t\t<div class=\"elementor-column elementor-col-50 elementor-top-column elementor-element elementor-element-2ac13c2f kitify-col-width-auto-no kitify-disable-relative-no\" data-id=\"2ac13c2f\" data-element_type=\"column\" data-e-type=\"column\" data-settings=\"{&quot;background_background&quot;:&quot;classic&quot;}\">\n\t\t\t<div class=\"elementor-widget-wrap elementor-element-populated\">\n\t\t\t\t\t\t<div class=\"elementor-element elementor-element-343880b5 elementor-widget elementor-widget-image\" data-id=\"343880b5\" data-element_type=\"widget\" data-e-type=\"widget\" data-widget_type=\"image.default\">\n\t\t\t\t<div class=\"elementor-widget-container\">\n\t\t\t\t\t\t\t\t\t\t\t\t\t\t\t<img fetchpriority=\"high\" decoding=\"async\" width=\"1356\" height=\"1817\" src=\"https:\/\/moozapro.com\/wp-content\/uploads\/2022\/07\/handsome-young-man-with-a-stylish-hairstyle-and-st-2022-02-08-04-34-14-utc-scaled-e1659014076862.jpg\" class=\"attachment-full size-full wp-image-22912\" alt=\"modelisbeard\" srcset=\"https:\/\/moozapro.com\/wp-content\/uploads\/2022\/07\/handsome-young-man-with-a-stylish-hairstyle-and-st-2022-02-08-04-34-14-utc-scaled-e1659014076862.jpg 1356w, https:\/\/moozapro.com\/wp-content\/uploads\/2022\/07\/handsome-young-man-with-a-stylish-hairstyle-and-st-2022-02-08-04-34-14-utc-scaled-e1659014076862-1000x1340.jpg 1000w, https:\/\/moozapro.com\/wp-content\/uploads\/2022\/07\/handsome-young-man-with-a-stylish-hairstyle-and-st-2022-02-08-04-34-14-utc-scaled-e1659014076862-746x1000.jpg 746w, https:\/\/moozapro.com\/wp-content\/uploads\/2022\/07\/handsome-young-man-with-a-stylish-hairstyle-and-st-2022-02-08-04-34-14-utc-scaled-e1659014076862-1146x1536.jpg 1146w\" sizes=\"(max-width: 1356px) 100vw, 1356px\" \/>\t\t\t\t\t\t\t\t\t\t\t\t\t\t\t<\/div>\n\t\t\t\t<\/div>\n\t\t\t\t\t<\/div>\n\t\t<\/div>\n\t\t\t\t<div class=\"elementor-column elementor-col-50 elementor-top-column elementor-element elementor-element-2bc015ac kitify-col-width-auto-no kitify-disable-relative-no\" data-id=\"2bc015ac\" data-element_type=\"column\" data-e-type=\"column\">\n\t\t\t<div class=\"elementor-widget-wrap elementor-element-populated\">\n\t\t\t\t\t\t<div class=\"elementor-element elementor-element-335ba0ea elementor-widget elementor-widget-heading\" data-id=\"335ba0ea\" data-element_type=\"widget\" data-e-type=\"widget\" data-widget_type=\"heading.default\">\n\t\t\t\t<div class=\"elementor-widget-container\">\n\t\t\t\t\t<h2 class=\"elementor-heading-title elementor-size-default\">\"JASMINE losjons p\u0113c sk\u016b\u0161an\u0101s bez alkohola<\/h2>\t\t\t\t<\/div>\n\t\t\t\t<\/div>\n\t\t\t\t<div class=\"elementor-element elementor-element-7eeebe69 elementor-widget-divider--view-line elementor-widget elementor-widget-divider\" data-id=\"7eeebe69\" data-element_type=\"widget\" data-e-type=\"widget\" data-widget_type=\"divider.default\">\n\t\t\t\t<div class=\"elementor-widget-container\">\n\t\t\t\t\t\t\t<div class=\"elementor-divider\">\n\t\t\t<span class=\"elementor-divider-separator\">\n\t\t\t\t\t\t<\/span>\n\t\t<\/div>\n\t\t\t\t\t\t<\/div>\n\t\t\t\t<\/div>\n\t\t\t\t<div class=\"elementor-element elementor-element-40a3aa5f elementor-widget elementor-widget-spacer\" data-id=\"40a3aa5f\" data-element_type=\"widget\" data-e-type=\"widget\" data-widget_type=\"spacer.default\">\n\t\t\t\t<div class=\"elementor-widget-container\">\n\t\t\t\t\t\t\t<div class=\"elementor-spacer\">\n\t\t\t<div class=\"elementor-spacer-inner\"><\/div>\n\t\t<\/div>\n\t\t\t\t\t\t<\/div>\n\t\t\t\t<\/div>\n\t\t\t\t<div class=\"elementor-element elementor-element-3c2d0783 elementor-widget elementor-widget-text-editor\" data-id=\"3c2d0783\" data-element_type=\"widget\" data-e-type=\"widget\" data-widget_type=\"text-editor.default\">\n\t\t\t\t<div class=\"elementor-widget-container\">\n\t\t\t\t\t\t\t\t\t<p>Atsvaidzino\u0161s, mitrino\u0161s losjons p\u0113c sk\u016b\u0161an\u0101s, kas nesatur ALKOHOLU. Tam ir \u012bpa\u0161i pat\u012bkama iedarb\u012bba, tas nomierina sakairin\u0101tu \u0101du un ilgsto\u0161i izdala greznu, ekskluz\u012bvu arom\u0101tu. Piem\u0113rots visiem \u0101das tipiem, p\u0113c sejas un galvas \u0101das sk\u016b\u0161an\u0101s (\u0101das boj\u0101jumi).   Nomierina un dezinfic\u0113 \u0101du, nov\u0113r\u0161 aps\u0101rtumu, izsitumus un jut\u012bgumu.  <\/p><p>Lieto\u0161ana: p\u0113c sk\u016b\u0161an\u0101s uzkl\u0101jiet da\u017eus pilienus l\u012bdzek\u013ca un vienm\u0113r\u012bgi izkl\u0101jiet uz sejas.<\/p><div><div>Aug\u0161\u0113j\u0101s notis: bergamotes, greipfr\u016bta, \u0101bolu, kardamona.  <\/div><div>Sirds notis: eva\u0146\u0123\u0113lija lilija, neroli, sandalkoks, jasm\u012bns.<\/div><div>Galven\u0101s notis: ciedrs, vani\u013ca, dzintars, baltais muskuss.<\/div><div> <\/div><div> <\/div><div>Ietilp\u012bba: 50 ml.<\/div><div> <\/div><div><span style=\"font-size: 10pt;\">Sast\u0101vs: Sast\u0101vs: \u016bdens, euglena gracilis ekstrakts, PEG-40 hidrohidrohidr\u0113ta r\u012bcine\u013c\u013ca, parfum, etoksidiglikols, metillakt\u0101ts, glicer\u012bns, fenoksietanols, ppg-25 laureth-25, imidazolidnil, ur\u012bnviela, bisabolols, glicer\u012bns, n\u0101trija dehidroacet\u0101ts, etilheksilglicer\u012bns, aloe barbadensis lapu sula, fenoksietanols, n\u0101trija hialuron\u0101ts, k\u0101lija sorb\u0101ts, tokoferols, heksilcinamols, butilfenilmetilpropionals, linalols, hidroksicitronella kumar\u012bns, benzilbenzo\u0101ts, alfa-izometiljonons, eugenols, limon\u0113ns, citronelols, geraniols.<\/span><\/div><\/div>\t\t\t\t\t\t\t\t<\/div>\n\t\t\t\t<\/div>\n\t\t\t\t\t<\/div>\n\t\t<\/div>\n\t\t\t\t\t<\/div>\n\t\t<\/section>\n\t\t\t\t<\/div>\n\t\t","protected":false},"excerpt":{"rendered":"<p>&#8220;JASMINE losjons p\u0113c sk\u016b\u0161an\u0101s bez alkohola Atsvaidzino\u0161s, mitrino\u0161s losjons p\u0113c sk\u016b\u0161an\u0101s, kas nesatur ALKOHOLU. Tam ir \u012bpa\u0161i pat\u012bkama iedarb\u012bba, tas nomierina sakairin\u0101tu \u0101du un ilgsto\u0161i izdala greznu, ekskluz\u012bvu arom\u0101tu. Piem\u0113rots visiem \u0101das tipiem, p\u0113c sejas un galvas \u0101das sk\u016b\u0161an\u0101s (\u0101das boj\u0101jumi). Nomierina un dezinfic\u0113 \u0101du, nov\u0113r\u0161 aps\u0101rtumu, izsitumus un jut\u012bgumu. Lieto\u0161ana: p\u0113c sk\u016b\u0161an\u0101s uzkl\u0101jiet da\u017eus pilienus l\u012bdzek\u013ca un vienm\u0113r\u012bgi izkl\u0101jiet\u2026<\/p>\n","protected":false},"featured_media":22910,"comment_status":"open","ping_status":"closed","template":"","meta":[],"product_brand":[],"product_cat":[449,450],"product_tag":[],"class_list":{"0":"post-23547","1":"product","2":"type-product","3":"status-publish","4":"has-post-thumbnail","6":"product_cat-nezeligais-jurasbraucejs","7":"product_cat-produkti-viriesiem","8":"yith_product_brand-nezeligais-jurasbraucejs","10":"first","11":"instock","12":"taxable","13":"shipping-taxable","14":"purchasable","15":"product-type-simple"},"yoast_head":"<!-- This site is optimized with the Yoast SEO plugin v27.4 - https:\/\/yoast.com\/product\/yoast-seo-wordpress\/ -->\n<title>&quot;JASMINE Losjons p\u0113c sk\u016b\u0161an\u0101s | Mooza Pro<\/title>\n<meta name=\"description\" content=\"Atsvaidzino\u0161s, mitrino\u0161s losjons p\u0113c sk\u016b\u0161an\u0101s bez alkohola. Nodro\u0161ina \u012bpa\u0161i pat\u012bkamu iedarb\u012bbu un nomierina sakairin\u0101tu \u0101du.\" \/>\n<meta name=\"robots\" content=\"index, follow, max-snippet:-1, max-image-preview:large, max-video-preview:-1\" \/>\n<link rel=\"canonical\" href=\"https:\/\/moozapro.com\/lv\/produktas\/jasmine-losjons-pec-skusanas\/\" \/>\n<meta property=\"og:locale\" content=\"lv_LV\" \/>\n<meta property=\"og:type\" content=\"article\" \/>\n<meta property=\"og:title\" content=\"&quot;JASMINE Losjons p\u0113c sk\u016b\u0161an\u0101s | Mooza Pro\" \/>\n<meta property=\"og:description\" content=\"Atsvaidzino\u0161s, mitrino\u0161s losjons p\u0113c sk\u016b\u0161an\u0101s bez alkohola. Nodro\u0161ina \u012bpa\u0161i pat\u012bkamu iedarb\u012bbu un nomierina sakairin\u0101tu \u0101du.\" \/>\n<meta property=\"og:url\" content=\"https:\/\/moozapro.com\/lv\/produktas\/jasmine-losjons-pec-skusanas\/\" \/>\n<meta property=\"og:site_name\" content=\"Mooza Pro\" \/>\n<meta property=\"article:publisher\" content=\"https:\/\/www.facebook.com\/moozabeauty\" \/>\n<meta property=\"article:modified_time\" content=\"2026-04-27T12:58:52+00:00\" \/>\n<meta property=\"og:image\" content=\"https:\/\/moozapro.com\/wp-content\/uploads\/2022\/07\/23.Jasmine1.jpg\" \/>\n\t<meta property=\"og:image:width\" content=\"1080\" \/>\n\t<meta property=\"og:image:height\" content=\"1080\" \/>\n\t<meta property=\"og:image:type\" content=\"image\/jpeg\" \/>\n<meta name=\"twitter:card\" content=\"summary_large_image\" \/>\n<meta name=\"twitter:label1\" content=\"Est. reading time\" \/>\n\t<meta name=\"twitter:data1\" content=\"1 minute\" \/>\n<script type=\"application\/ld+json\" class=\"yoast-schema-graph\">{\"@context\":\"https:\\\/\\\/schema.org\",\"@graph\":[{\"@type\":\"WebPage\",\"@id\":\"https:\\\/\\\/moozapro.com\\\/lv\\\/produktas\\\/jasmine-losjons-pec-skusanas\\\/\",\"url\":\"https:\\\/\\\/moozapro.com\\\/lv\\\/produktas\\\/jasmine-losjons-pec-skusanas\\\/\",\"name\":\"\\\"JASMINE Losjons p\u0113c sk\u016b\u0161an\u0101s | Mooza Pro\",\"isPartOf\":{\"@id\":\"https:\\\/\\\/moozapro.com\\\/lv\\\/#website\"},\"primaryImageOfPage\":{\"@id\":\"https:\\\/\\\/moozapro.com\\\/lv\\\/produktas\\\/jasmine-losjons-pec-skusanas\\\/#primaryimage\"},\"image\":{\"@id\":\"https:\\\/\\\/moozapro.com\\\/lv\\\/produktas\\\/jasmine-losjons-pec-skusanas\\\/#primaryimage\"},\"thumbnailUrl\":\"https:\\\/\\\/moozapro.com\\\/wp-content\\\/uploads\\\/2022\\\/07\\\/23.Jasmine1.jpg\",\"datePublished\":\"2022-07-28T13:11:40+00:00\",\"dateModified\":\"2026-04-27T12:58:52+00:00\",\"description\":\"Atsvaidzino\u0161s, mitrino\u0161s losjons p\u0113c sk\u016b\u0161an\u0101s bez alkohola. Nodro\u0161ina \u012bpa\u0161i pat\u012bkamu iedarb\u012bbu un nomierina sakairin\u0101tu \u0101du.\",\"breadcrumb\":{\"@id\":\"https:\\\/\\\/moozapro.com\\\/lv\\\/produktas\\\/jasmine-losjons-pec-skusanas\\\/#breadcrumb\"},\"inLanguage\":\"lv-LV\",\"potentialAction\":[{\"@type\":\"ReadAction\",\"target\":[\"https:\\\/\\\/moozapro.com\\\/lv\\\/produktas\\\/jasmine-losjons-pec-skusanas\\\/\"]}]},{\"@type\":\"ImageObject\",\"inLanguage\":\"lv-LV\",\"@id\":\"https:\\\/\\\/moozapro.com\\\/lv\\\/produktas\\\/jasmine-losjons-pec-skusanas\\\/#primaryimage\",\"url\":\"https:\\\/\\\/moozapro.com\\\/wp-content\\\/uploads\\\/2022\\\/07\\\/23.Jasmine1.jpg\",\"contentUrl\":\"https:\\\/\\\/moozapro.com\\\/wp-content\\\/uploads\\\/2022\\\/07\\\/23.Jasmine1.jpg\",\"width\":1080,\"height\":1080,\"caption\":\"jasm\u012bns\"},{\"@type\":\"BreadcrumbList\",\"@id\":\"https:\\\/\\\/moozapro.com\\\/lv\\\/produktas\\\/jasmine-losjons-pec-skusanas\\\/#breadcrumb\",\"itemListElement\":[{\"@type\":\"ListItem\",\"position\":1,\"name\":\"Galvenais\",\"item\":\"https:\\\/\\\/moozapro.com\\\/lv\\\/\"},{\"@type\":\"ListItem\",\"position\":2,\"name\":\"Visi produkti\",\"item\":\"https:\\\/\\\/moozapro.com\\\/lv\\\/shop\\\/\"},{\"@type\":\"ListItem\",\"position\":3,\"name\":\"&#171;JASMINE Losjons p\u0113c sk\u016b\u0161an\u0101s\"}]},{\"@type\":\"WebSite\",\"@id\":\"https:\\\/\\\/moozapro.com\\\/lv\\\/#website\",\"url\":\"https:\\\/\\\/moozapro.com\\\/lv\\\/\",\"name\":\"Mooza Pro\",\"description\":\"Priemon\u0117s j\u016bs\u0173 plaukams\",\"publisher\":{\"@id\":\"https:\\\/\\\/moozapro.com\\\/lv\\\/#organization\"},\"potentialAction\":[{\"@type\":\"SearchAction\",\"target\":{\"@type\":\"EntryPoint\",\"urlTemplate\":\"https:\\\/\\\/moozapro.com\\\/lv\\\/?s={search_term_string}\"},\"query-input\":{\"@type\":\"PropertyValueSpecification\",\"valueRequired\":true,\"valueName\":\"search_term_string\"}}],\"inLanguage\":\"lv-LV\"},{\"@type\":\"Organization\",\"@id\":\"https:\\\/\\\/moozapro.com\\\/lv\\\/#organization\",\"name\":\"Mooza Pro\",\"url\":\"https:\\\/\\\/moozapro.com\\\/lv\\\/\",\"logo\":{\"@type\":\"ImageObject\",\"inLanguage\":\"lv-LV\",\"@id\":\"https:\\\/\\\/moozapro.com\\\/lv\\\/#\\\/schema\\\/logo\\\/image\\\/\",\"url\":\"https:\\\/\\\/moozapro.com\\\/wp-content\\\/uploads\\\/2023\\\/11\\\/Mooza-Pro-mazas-logo.png\",\"contentUrl\":\"https:\\\/\\\/moozapro.com\\\/wp-content\\\/uploads\\\/2023\\\/11\\\/Mooza-Pro-mazas-logo.png\",\"width\":250,\"height\":103,\"caption\":\"Mooza Pro\"},\"image\":{\"@id\":\"https:\\\/\\\/moozapro.com\\\/lv\\\/#\\\/schema\\\/logo\\\/image\\\/\"},\"sameAs\":[\"https:\\\/\\\/www.facebook.com\\\/moozabeauty\"]}]}<\/script>\n<!-- \/ Yoast SEO plugin. -->","yoast_head_json":{"title":"\"JASMINE Losjons p\u0113c sk\u016b\u0161an\u0101s | Mooza Pro","description":"Atsvaidzino\u0161s, mitrino\u0161s losjons p\u0113c sk\u016b\u0161an\u0101s bez alkohola. Nodro\u0161ina \u012bpa\u0161i pat\u012bkamu iedarb\u012bbu un nomierina sakairin\u0101tu \u0101du.","robots":{"index":"index","follow":"follow","max-snippet":"max-snippet:-1","max-image-preview":"max-image-preview:large","max-video-preview":"max-video-preview:-1"},"canonical":"https:\/\/moozapro.com\/lv\/produktas\/jasmine-losjons-pec-skusanas\/","og_locale":"lv_LV","og_type":"article","og_title":"\"JASMINE Losjons p\u0113c sk\u016b\u0161an\u0101s | Mooza Pro","og_description":"Atsvaidzino\u0161s, mitrino\u0161s losjons p\u0113c sk\u016b\u0161an\u0101s bez alkohola. Nodro\u0161ina \u012bpa\u0161i pat\u012bkamu iedarb\u012bbu un nomierina sakairin\u0101tu \u0101du.","og_url":"https:\/\/moozapro.com\/lv\/produktas\/jasmine-losjons-pec-skusanas\/","og_site_name":"Mooza Pro","article_publisher":"https:\/\/www.facebook.com\/moozabeauty","article_modified_time":"2026-04-27T12:58:52+00:00","og_image":[{"width":1080,"height":1080,"url":"https:\/\/moozapro.com\/wp-content\/uploads\/2022\/07\/23.Jasmine1.jpg","type":"image\/jpeg"}],"twitter_card":"summary_large_image","twitter_misc":{"Est. reading time":"1 minute"},"schema":{"@context":"https:\/\/schema.org","@graph":[{"@type":"WebPage","@id":"https:\/\/moozapro.com\/lv\/produktas\/jasmine-losjons-pec-skusanas\/","url":"https:\/\/moozapro.com\/lv\/produktas\/jasmine-losjons-pec-skusanas\/","name":"\"JASMINE Losjons p\u0113c sk\u016b\u0161an\u0101s | Mooza Pro","isPartOf":{"@id":"https:\/\/moozapro.com\/lv\/#website"},"primaryImageOfPage":{"@id":"https:\/\/moozapro.com\/lv\/produktas\/jasmine-losjons-pec-skusanas\/#primaryimage"},"image":{"@id":"https:\/\/moozapro.com\/lv\/produktas\/jasmine-losjons-pec-skusanas\/#primaryimage"},"thumbnailUrl":"https:\/\/moozapro.com\/wp-content\/uploads\/2022\/07\/23.Jasmine1.jpg","datePublished":"2022-07-28T13:11:40+00:00","dateModified":"2026-04-27T12:58:52+00:00","description":"Atsvaidzino\u0161s, mitrino\u0161s losjons p\u0113c sk\u016b\u0161an\u0101s bez alkohola. Nodro\u0161ina \u012bpa\u0161i pat\u012bkamu iedarb\u012bbu un nomierina sakairin\u0101tu \u0101du.","breadcrumb":{"@id":"https:\/\/moozapro.com\/lv\/produktas\/jasmine-losjons-pec-skusanas\/#breadcrumb"},"inLanguage":"lv-LV","potentialAction":[{"@type":"ReadAction","target":["https:\/\/moozapro.com\/lv\/produktas\/jasmine-losjons-pec-skusanas\/"]}]},{"@type":"ImageObject","inLanguage":"lv-LV","@id":"https:\/\/moozapro.com\/lv\/produktas\/jasmine-losjons-pec-skusanas\/#primaryimage","url":"https:\/\/moozapro.com\/wp-content\/uploads\/2022\/07\/23.Jasmine1.jpg","contentUrl":"https:\/\/moozapro.com\/wp-content\/uploads\/2022\/07\/23.Jasmine1.jpg","width":1080,"height":1080,"caption":"jasm\u012bns"},{"@type":"BreadcrumbList","@id":"https:\/\/moozapro.com\/lv\/produktas\/jasmine-losjons-pec-skusanas\/#breadcrumb","itemListElement":[{"@type":"ListItem","position":1,"name":"Galvenais","item":"https:\/\/moozapro.com\/lv\/"},{"@type":"ListItem","position":2,"name":"Visi produkti","item":"https:\/\/moozapro.com\/lv\/shop\/"},{"@type":"ListItem","position":3,"name":"&#171;JASMINE Losjons p\u0113c sk\u016b\u0161an\u0101s"}]},{"@type":"WebSite","@id":"https:\/\/moozapro.com\/lv\/#website","url":"https:\/\/moozapro.com\/lv\/","name":"Mooza Pro","description":"Priemon\u0117s j\u016bs\u0173 plaukams","publisher":{"@id":"https:\/\/moozapro.com\/lv\/#organization"},"potentialAction":[{"@type":"SearchAction","target":{"@type":"EntryPoint","urlTemplate":"https:\/\/moozapro.com\/lv\/?s={search_term_string}"},"query-input":{"@type":"PropertyValueSpecification","valueRequired":true,"valueName":"search_term_string"}}],"inLanguage":"lv-LV"},{"@type":"Organization","@id":"https:\/\/moozapro.com\/lv\/#organization","name":"Mooza Pro","url":"https:\/\/moozapro.com\/lv\/","logo":{"@type":"ImageObject","inLanguage":"lv-LV","@id":"https:\/\/moozapro.com\/lv\/#\/schema\/logo\/image\/","url":"https:\/\/moozapro.com\/wp-content\/uploads\/2023\/11\/Mooza-Pro-mazas-logo.png","contentUrl":"https:\/\/moozapro.com\/wp-content\/uploads\/2023\/11\/Mooza-Pro-mazas-logo.png","width":250,"height":103,"caption":"Mooza Pro"},"image":{"@id":"https:\/\/moozapro.com\/lv\/#\/schema\/logo\/image\/"},"sameAs":["https:\/\/www.facebook.com\/moozabeauty"]}]}},"_links":{"self":[{"href":"https:\/\/moozapro.com\/lv\/wp-json\/wp\/v2\/product\/23547","targetHints":{"allow":["GET"]}}],"collection":[{"href":"https:\/\/moozapro.com\/lv\/wp-json\/wp\/v2\/product"}],"about":[{"href":"https:\/\/moozapro.com\/lv\/wp-json\/wp\/v2\/types\/product"}],"replies":[{"embeddable":true,"href":"https:\/\/moozapro.com\/lv\/wp-json\/wp\/v2\/comments?post=23547"}],"version-history":[{"count":4,"href":"https:\/\/moozapro.com\/lv\/wp-json\/wp\/v2\/product\/23547\/revisions"}],"predecessor-version":[{"id":43013,"href":"https:\/\/moozapro.com\/lv\/wp-json\/wp\/v2\/product\/23547\/revisions\/43013"}],"wp:featuredmedia":[{"embeddable":true,"href":"https:\/\/moozapro.com\/lv\/wp-json\/wp\/v2\/media\/22910"}],"wp:attachment":[{"href":"https:\/\/moozapro.com\/lv\/wp-json\/wp\/v2\/media?parent=23547"}],"wp:term":[{"taxonomy":"product_brand","embeddable":true,"href":"https:\/\/moozapro.com\/lv\/wp-json\/wp\/v2\/product_brand?post=23547"},{"taxonomy":"product_cat","embeddable":true,"href":"https:\/\/moozapro.com\/lv\/wp-json\/wp\/v2\/product_cat?post=23547"},{"taxonomy":"product_tag","embeddable":true,"href":"https:\/\/moozapro.com\/lv\/wp-json\/wp\/v2\/product_tag?post=23547"}],"curies":[{"name":"wp","href":"https:\/\/api.w.org\/{rel}","templated":true}]}}