{"id":23549,"date":"2022-07-28T13:02:22","date_gmt":"2022-07-28T10:02:22","guid":{"rendered":"https:\/\/moozapro.com\/produktas\/vanilla-mitrinosa-bardas-ella\/"},"modified":"2026-02-13T16:21:14","modified_gmt":"2026-02-13T14:21:14","slug":"vanilla-mitrinosa-bardas-ella","status":"publish","type":"product","link":"https:\/\/moozapro.com\/lv\/produktas\/vanilla-mitrinosa-bardas-ella\/","title":{"rendered":"&#8220;VANILLA Mitrino\u0161a b\u0101rdas e\u013c\u013ca"},"content":{"rendered":"\t\t<div data-elementor-type=\"product-post\" data-elementor-id=\"23549\" class=\"elementor elementor-23549 elementor-16822\" data-elementor-post-type=\"product\">\n\t\t\t\t\t\t<section class=\"elementor-section elementor-top-section elementor-element elementor-element-613f8e3e elementor-section-boxed elementor-section-height-default elementor-section-height-default\" data-id=\"613f8e3e\" data-element_type=\"section\" data-e-type=\"section\">\n\t\t\t\t\t\t<div class=\"elementor-container elementor-column-gap-default\">\n\t\t\t\t\t<div class=\"elementor-column elementor-col-50 elementor-top-column elementor-element elementor-element-3c05a9fa kitify-col-width-auto-no kitify-disable-relative-no\" data-id=\"3c05a9fa\" data-element_type=\"column\" data-e-type=\"column\" data-settings=\"{&quot;background_background&quot;:&quot;classic&quot;}\">\n\t\t\t<div class=\"elementor-widget-wrap elementor-element-populated\">\n\t\t\t\t\t\t<div class=\"elementor-element elementor-element-3cc5ee9d elementor-widget elementor-widget-image\" data-id=\"3cc5ee9d\" data-element_type=\"widget\" data-e-type=\"widget\" data-widget_type=\"image.default\">\n\t\t\t\t<div class=\"elementor-widget-container\">\n\t\t\t\t\t\t\t\t\t\t\t\t\t\t\t<img decoding=\"async\" src=\"https:\/\/moozapro.com\/wp-content\/uploads\/2022\/07\/barbershop-2021-08-26-16-53-29-utc-scaled.jpg\" title=\"\" alt=\"model18\" loading=\"lazy\" \/>\t\t\t\t\t\t\t\t\t\t\t\t\t\t\t<\/div>\n\t\t\t\t<\/div>\n\t\t\t\t\t<\/div>\n\t\t<\/div>\n\t\t\t\t<div class=\"elementor-column elementor-col-50 elementor-top-column elementor-element elementor-element-779535a7 kitify-col-width-auto-no kitify-disable-relative-no\" data-id=\"779535a7\" data-element_type=\"column\" data-e-type=\"column\">\n\t\t\t<div class=\"elementor-widget-wrap elementor-element-populated\">\n\t\t\t\t\t\t<div class=\"elementor-element elementor-element-23af69f1 elementor-widget elementor-widget-heading\" data-id=\"23af69f1\" data-element_type=\"widget\" data-e-type=\"widget\" data-widget_type=\"heading.default\">\n\t\t\t\t<div class=\"elementor-widget-container\">\n\t\t\t\t\t<h2 class=\"elementor-heading-title elementor-size-default\">Mitrino\u0161a, sp\u012bd\u012bga b\u0101rdas e\u013c\u013ca \"VANILLA\"<\/h2>\t\t\t\t<\/div>\n\t\t\t\t<\/div>\n\t\t\t\t<div class=\"elementor-element elementor-element-36d2762d elementor-widget-divider--view-line elementor-widget elementor-widget-divider\" data-id=\"36d2762d\" data-element_type=\"widget\" data-e-type=\"widget\" data-widget_type=\"divider.default\">\n\t\t\t\t<div class=\"elementor-widget-container\">\n\t\t\t\t\t\t\t<div class=\"elementor-divider\">\n\t\t\t<span class=\"elementor-divider-separator\">\n\t\t\t\t\t\t<\/span>\n\t\t<\/div>\n\t\t\t\t\t\t<\/div>\n\t\t\t\t<\/div>\n\t\t\t\t<div class=\"elementor-element elementor-element-487ffe0 elementor-widget elementor-widget-spacer\" data-id=\"487ffe0\" data-element_type=\"widget\" data-e-type=\"widget\" data-widget_type=\"spacer.default\">\n\t\t\t\t<div class=\"elementor-widget-container\">\n\t\t\t\t\t\t\t<div class=\"elementor-spacer\">\n\t\t\t<div class=\"elementor-spacer-inner\"><\/div>\n\t\t<\/div>\n\t\t\t\t\t\t<\/div>\n\t\t\t\t<\/div>\n\t\t\t\t<div class=\"elementor-element elementor-element-7bae58c2 elementor-widget elementor-widget-text-editor\" data-id=\"7bae58c2\" data-element_type=\"widget\" data-e-type=\"widget\" data-widget_type=\"text-editor.default\">\n\t\t\t\t<div class=\"elementor-widget-container\">\n\t\t\t\t\t\t\t\t\t<p>Mitrino\u0161\u0101 e\u013c\u013ca m\u012bkstina matus un pie\u0161\u0137ir tiem sp\u012bdumu, pies\u0101tinot ne tikai matus, bet ar\u012b \u0101du. Sast\u0101v\u0101 eso\u0161ais A vitam\u012bns, sald\u0101s mandeles un r\u012bsu klijas pie\u0161\u0137irs j\u016bsu matiem neatk\u0101rtojamu saj\u016btu, un saldi greznais arom\u0101ts saglab\u0101sies ilgi. <\/p><p> <\/p><p>Lieto\u0161ana: i<span style=\"background-color: var(--theme-body-bg-color);\">Izmazg\u0101jiet b\u0101rdu ar \u0161amp\u016bnu, un p\u0113c vajadz\u012bbas e\u013c\u013cu varat uzkl\u0101t uz sausas vai mitras b\u0101rdas. \u012asai b\u0101rdai b\u016bs nepiecie\u0161ami 2-3 pilieni. <\/span><span style=\"background-color: var(--theme-body-bg-color);\">Pilnai\/garai b\u0101rdai nepiecie\u0161ami 4-5 pilieni, uzpiliniet uz plaukst\u0101m, labi saspiediet t\u0101s sav\u0101 plaukst\u0101 un izkl\u0101jiet pa visu b\u0101rdas un \u016bsu garumu. Izkl\u0101jiet l\u012bdzekli pa visu b\u0101rdu un \u016bs\u0101m.   <\/span><span style=\"background-color: var(--theme-body-bg-color);\">M\u0113s iesak\u0101m lietot \u0161o e\u013c\u013cu katru dienu, kad j\u016btat, ka j\u016bsu b\u0101rdas mati iz\u017e\u016bst.<\/span><\/p><p><span style=\"background-color: var(--theme-body-bg-color);\"> <\/span><\/p><p>Ietilp\u012bba: 30 ml.<\/p><p> <\/p><p>Sast\u0101vs: kokoskapril\u0101ts, kokoglicer\u012bdi, undek\u0101ns, tridek\u0101ns, parfum, tokoferila acet\u0101ts, melia azadirachta s\u0113klu e\u013c\u013ca, mauritia flexuosa aug\u013cu e\u013c\u013ca, cocos nucifera e\u013c\u013ca, gardenia tahitiensis ziedu e\u013c\u013ca, simmondsia chinensis e\u013c\u013ca, oryza sativa kliju e\u013c\u013ca, prunus amygdalus dulcis e\u013c\u013ca, cedrus atlantica koksnes e\u013c\u013ca, cupressus sempervirens lapu e\u013c\u013ca, santalum album e\u013c\u013ca, commiphora myrrha e\u013c\u013ca, pinus sylvestris lapu e\u013c\u013ca, tokofenols, limonete, kumar\u012bns, linalols, kan\u0113lis, geraniols, benzilsalicil\u0101ts, citronelols, hidroksicitronelols.<\/p>\t\t\t\t\t\t\t\t<\/div>\n\t\t\t\t<\/div>\n\t\t\t\t\t<\/div>\n\t\t<\/div>\n\t\t\t\t\t<\/div>\n\t\t<\/section>\n\t\t\t\t<\/div>\n\t\t","protected":false},"excerpt":{"rendered":"<p>Mitrino\u0161a, sp\u012bd\u012bga b\u0101rdas e\u013c\u013ca &#8220;VANILLA\" Mitrino\u0161\u0101 e\u013c\u013ca m\u012bkstina matus un pie\u0161\u0137ir tiem sp\u012bdumu, pies\u0101tinot ne tikai matus, bet ar\u012b \u0101du. Sast\u0101v\u0101 eso\u0161ais A vitam\u012bns, sald\u0101s mandeles un r\u012bsu klijas pie\u0161\u0137irs j\u016bsu matiem neatk\u0101rtojamu saj\u016btu, un saldi greznais arom\u0101ts saglab\u0101sies ilgi. Lieto\u0161ana: iIzmazg\u0101jiet b\u0101rdu ar \u0161amp\u016bnu, un p\u0113c vajadz\u012bbas e\u013c\u013cu varat uzkl\u0101t uz sausas vai mitras b\u0101rdas. \u012asai b\u0101rdai b\u016bs nepiecie\u0161ami\u2026<\/p>\n","protected":false},"featured_media":22905,"comment_status":"open","ping_status":"closed","template":"","meta":[],"product_brand":[],"product_cat":[449,450],"product_tag":[],"class_list":{"0":"post-23549","1":"product","2":"type-product","3":"status-publish","4":"has-post-thumbnail","6":"product_cat-nezeligais-jurasbraucejs","7":"product_cat-produkti-viriesiem","8":"yith_product_brand-nezeligais-jurasbraucejs","10":"first","11":"instock","12":"taxable","13":"shipping-taxable","14":"purchasable","15":"product-type-simple"},"yoast_head":"<!-- This site is optimized with the Yoast SEO plugin v27.4 - https:\/\/yoast.com\/product\/yoast-seo-wordpress\/ -->\n<title>&quot;VANILLA Mitrino\u0161a b\u0101rdas e\u013c\u013ca | Mooza Pro<\/title>\n<meta name=\"description\" content=\"Mitrino\u0161\u0101 e\u013c\u013ca m\u012bkstina un mirdz matus, pies\u0101tina ne tikai matus, bet ar\u012b \u0101du, un greznais, saldais arom\u0101ts saglab\u0101jas visas dienas garum\u0101.\" \/>\n<meta name=\"robots\" content=\"index, follow, max-snippet:-1, max-image-preview:large, max-video-preview:-1\" \/>\n<link rel=\"canonical\" href=\"https:\/\/moozapro.com\/lv\/produktas\/vanilla-mitrinosa-bardas-ella\/\" \/>\n<meta property=\"og:locale\" content=\"lv_LV\" \/>\n<meta property=\"og:type\" content=\"article\" \/>\n<meta property=\"og:title\" content=\"&quot;VANILLA Mitrino\u0161a b\u0101rdas e\u013c\u013ca | Mooza Pro\" \/>\n<meta property=\"og:description\" content=\"Mitrino\u0161\u0101 e\u013c\u013ca m\u012bkstina un mirdz matus, pies\u0101tina ne tikai matus, bet ar\u012b \u0101du, un greznais, saldais arom\u0101ts saglab\u0101jas visas dienas garum\u0101.\" \/>\n<meta property=\"og:url\" content=\"https:\/\/moozapro.com\/lv\/produktas\/vanilla-mitrinosa-bardas-ella\/\" \/>\n<meta property=\"og:site_name\" content=\"Mooza Pro\" \/>\n<meta property=\"article:publisher\" content=\"https:\/\/www.facebook.com\/moozabeauty\" \/>\n<meta property=\"article:modified_time\" content=\"2026-02-13T14:21:14+00:00\" \/>\n<meta property=\"og:image\" content=\"https:\/\/moozapro.com\/wp-content\/uploads\/2022\/07\/25.Vanilla1.jpg\" \/>\n\t<meta property=\"og:image:width\" content=\"1080\" \/>\n\t<meta property=\"og:image:height\" content=\"1080\" \/>\n\t<meta property=\"og:image:type\" content=\"image\/jpeg\" \/>\n<meta name=\"twitter:card\" content=\"summary_large_image\" \/>\n<meta name=\"twitter:label1\" content=\"Est. reading time\" \/>\n\t<meta name=\"twitter:data1\" content=\"1 minute\" \/>\n<script type=\"application\/ld+json\" class=\"yoast-schema-graph\">{\"@context\":\"https:\\\/\\\/schema.org\",\"@graph\":[{\"@type\":\"WebPage\",\"@id\":\"https:\\\/\\\/moozapro.com\\\/lv\\\/produktas\\\/vanilla-mitrinosa-bardas-ella\\\/\",\"url\":\"https:\\\/\\\/moozapro.com\\\/lv\\\/produktas\\\/vanilla-mitrinosa-bardas-ella\\\/\",\"name\":\"\\\"VANILLA Mitrino\u0161a b\u0101rdas e\u013c\u013ca | Mooza Pro\",\"isPartOf\":{\"@id\":\"https:\\\/\\\/moozapro.com\\\/lv\\\/#website\"},\"primaryImageOfPage\":{\"@id\":\"https:\\\/\\\/moozapro.com\\\/lv\\\/produktas\\\/vanilla-mitrinosa-bardas-ella\\\/#primaryimage\"},\"image\":{\"@id\":\"https:\\\/\\\/moozapro.com\\\/lv\\\/produktas\\\/vanilla-mitrinosa-bardas-ella\\\/#primaryimage\"},\"thumbnailUrl\":\"https:\\\/\\\/moozapro.com\\\/wp-content\\\/uploads\\\/2022\\\/07\\\/25.Vanilla1.jpg\",\"datePublished\":\"2022-07-28T10:02:22+00:00\",\"dateModified\":\"2026-02-13T14:21:14+00:00\",\"description\":\"Mitrino\u0161\u0101 e\u013c\u013ca m\u012bkstina un mirdz matus, pies\u0101tina ne tikai matus, bet ar\u012b \u0101du, un greznais, saldais arom\u0101ts saglab\u0101jas visas dienas garum\u0101.\",\"breadcrumb\":{\"@id\":\"https:\\\/\\\/moozapro.com\\\/lv\\\/produktas\\\/vanilla-mitrinosa-bardas-ella\\\/#breadcrumb\"},\"inLanguage\":\"lv-LV\",\"potentialAction\":[{\"@type\":\"ReadAction\",\"target\":[\"https:\\\/\\\/moozapro.com\\\/lv\\\/produktas\\\/vanilla-mitrinosa-bardas-ella\\\/\"]}]},{\"@type\":\"ImageObject\",\"inLanguage\":\"lv-LV\",\"@id\":\"https:\\\/\\\/moozapro.com\\\/lv\\\/produktas\\\/vanilla-mitrinosa-bardas-ella\\\/#primaryimage\",\"url\":\"https:\\\/\\\/moozapro.com\\\/wp-content\\\/uploads\\\/2022\\\/07\\\/25.Vanilla1.jpg\",\"contentUrl\":\"https:\\\/\\\/moozapro.com\\\/wp-content\\\/uploads\\\/2022\\\/07\\\/25.Vanilla1.jpg\",\"width\":1080,\"height\":1080,\"caption\":\"vani\u013ca\"},{\"@type\":\"BreadcrumbList\",\"@id\":\"https:\\\/\\\/moozapro.com\\\/lv\\\/produktas\\\/vanilla-mitrinosa-bardas-ella\\\/#breadcrumb\",\"itemListElement\":[{\"@type\":\"ListItem\",\"position\":1,\"name\":\"Galvenais\",\"item\":\"https:\\\/\\\/moozapro.com\\\/lv\\\/\"},{\"@type\":\"ListItem\",\"position\":2,\"name\":\"Visi produkti\",\"item\":\"https:\\\/\\\/moozapro.com\\\/lv\\\/shop\\\/\"},{\"@type\":\"ListItem\",\"position\":3,\"name\":\"&#8220;VANILLA Mitrino\u0161a b\u0101rdas e\u013c\u013ca\"}]},{\"@type\":\"WebSite\",\"@id\":\"https:\\\/\\\/moozapro.com\\\/lv\\\/#website\",\"url\":\"https:\\\/\\\/moozapro.com\\\/lv\\\/\",\"name\":\"Mooza Pro\",\"description\":\"Priemon\u0117s j\u016bs\u0173 plaukams\",\"publisher\":{\"@id\":\"https:\\\/\\\/moozapro.com\\\/lv\\\/#organization\"},\"potentialAction\":[{\"@type\":\"SearchAction\",\"target\":{\"@type\":\"EntryPoint\",\"urlTemplate\":\"https:\\\/\\\/moozapro.com\\\/lv\\\/?s={search_term_string}\"},\"query-input\":{\"@type\":\"PropertyValueSpecification\",\"valueRequired\":true,\"valueName\":\"search_term_string\"}}],\"inLanguage\":\"lv-LV\"},{\"@type\":\"Organization\",\"@id\":\"https:\\\/\\\/moozapro.com\\\/lv\\\/#organization\",\"name\":\"Mooza Pro\",\"url\":\"https:\\\/\\\/moozapro.com\\\/lv\\\/\",\"logo\":{\"@type\":\"ImageObject\",\"inLanguage\":\"lv-LV\",\"@id\":\"https:\\\/\\\/moozapro.com\\\/lv\\\/#\\\/schema\\\/logo\\\/image\\\/\",\"url\":\"https:\\\/\\\/moozapro.com\\\/wp-content\\\/uploads\\\/2023\\\/11\\\/Mooza-Pro-mazas-logo.png\",\"contentUrl\":\"https:\\\/\\\/moozapro.com\\\/wp-content\\\/uploads\\\/2023\\\/11\\\/Mooza-Pro-mazas-logo.png\",\"width\":250,\"height\":103,\"caption\":\"Mooza Pro\"},\"image\":{\"@id\":\"https:\\\/\\\/moozapro.com\\\/lv\\\/#\\\/schema\\\/logo\\\/image\\\/\"},\"sameAs\":[\"https:\\\/\\\/www.facebook.com\\\/moozabeauty\"]}]}<\/script>\n<!-- \/ Yoast SEO plugin. -->","yoast_head_json":{"title":"\"VANILLA Mitrino\u0161a b\u0101rdas e\u013c\u013ca | Mooza Pro","description":"Mitrino\u0161\u0101 e\u013c\u013ca m\u012bkstina un mirdz matus, pies\u0101tina ne tikai matus, bet ar\u012b \u0101du, un greznais, saldais arom\u0101ts saglab\u0101jas visas dienas garum\u0101.","robots":{"index":"index","follow":"follow","max-snippet":"max-snippet:-1","max-image-preview":"max-image-preview:large","max-video-preview":"max-video-preview:-1"},"canonical":"https:\/\/moozapro.com\/lv\/produktas\/vanilla-mitrinosa-bardas-ella\/","og_locale":"lv_LV","og_type":"article","og_title":"\"VANILLA Mitrino\u0161a b\u0101rdas e\u013c\u013ca | Mooza Pro","og_description":"Mitrino\u0161\u0101 e\u013c\u013ca m\u012bkstina un mirdz matus, pies\u0101tina ne tikai matus, bet ar\u012b \u0101du, un greznais, saldais arom\u0101ts saglab\u0101jas visas dienas garum\u0101.","og_url":"https:\/\/moozapro.com\/lv\/produktas\/vanilla-mitrinosa-bardas-ella\/","og_site_name":"Mooza Pro","article_publisher":"https:\/\/www.facebook.com\/moozabeauty","article_modified_time":"2026-02-13T14:21:14+00:00","og_image":[{"width":1080,"height":1080,"url":"https:\/\/moozapro.com\/wp-content\/uploads\/2022\/07\/25.Vanilla1.jpg","type":"image\/jpeg"}],"twitter_card":"summary_large_image","twitter_misc":{"Est. reading time":"1 minute"},"schema":{"@context":"https:\/\/schema.org","@graph":[{"@type":"WebPage","@id":"https:\/\/moozapro.com\/lv\/produktas\/vanilla-mitrinosa-bardas-ella\/","url":"https:\/\/moozapro.com\/lv\/produktas\/vanilla-mitrinosa-bardas-ella\/","name":"\"VANILLA Mitrino\u0161a b\u0101rdas e\u013c\u013ca | Mooza Pro","isPartOf":{"@id":"https:\/\/moozapro.com\/lv\/#website"},"primaryImageOfPage":{"@id":"https:\/\/moozapro.com\/lv\/produktas\/vanilla-mitrinosa-bardas-ella\/#primaryimage"},"image":{"@id":"https:\/\/moozapro.com\/lv\/produktas\/vanilla-mitrinosa-bardas-ella\/#primaryimage"},"thumbnailUrl":"https:\/\/moozapro.com\/wp-content\/uploads\/2022\/07\/25.Vanilla1.jpg","datePublished":"2022-07-28T10:02:22+00:00","dateModified":"2026-02-13T14:21:14+00:00","description":"Mitrino\u0161\u0101 e\u013c\u013ca m\u012bkstina un mirdz matus, pies\u0101tina ne tikai matus, bet ar\u012b \u0101du, un greznais, saldais arom\u0101ts saglab\u0101jas visas dienas garum\u0101.","breadcrumb":{"@id":"https:\/\/moozapro.com\/lv\/produktas\/vanilla-mitrinosa-bardas-ella\/#breadcrumb"},"inLanguage":"lv-LV","potentialAction":[{"@type":"ReadAction","target":["https:\/\/moozapro.com\/lv\/produktas\/vanilla-mitrinosa-bardas-ella\/"]}]},{"@type":"ImageObject","inLanguage":"lv-LV","@id":"https:\/\/moozapro.com\/lv\/produktas\/vanilla-mitrinosa-bardas-ella\/#primaryimage","url":"https:\/\/moozapro.com\/wp-content\/uploads\/2022\/07\/25.Vanilla1.jpg","contentUrl":"https:\/\/moozapro.com\/wp-content\/uploads\/2022\/07\/25.Vanilla1.jpg","width":1080,"height":1080,"caption":"vani\u013ca"},{"@type":"BreadcrumbList","@id":"https:\/\/moozapro.com\/lv\/produktas\/vanilla-mitrinosa-bardas-ella\/#breadcrumb","itemListElement":[{"@type":"ListItem","position":1,"name":"Galvenais","item":"https:\/\/moozapro.com\/lv\/"},{"@type":"ListItem","position":2,"name":"Visi produkti","item":"https:\/\/moozapro.com\/lv\/shop\/"},{"@type":"ListItem","position":3,"name":"&#8220;VANILLA Mitrino\u0161a b\u0101rdas e\u013c\u013ca"}]},{"@type":"WebSite","@id":"https:\/\/moozapro.com\/lv\/#website","url":"https:\/\/moozapro.com\/lv\/","name":"Mooza Pro","description":"Priemon\u0117s j\u016bs\u0173 plaukams","publisher":{"@id":"https:\/\/moozapro.com\/lv\/#organization"},"potentialAction":[{"@type":"SearchAction","target":{"@type":"EntryPoint","urlTemplate":"https:\/\/moozapro.com\/lv\/?s={search_term_string}"},"query-input":{"@type":"PropertyValueSpecification","valueRequired":true,"valueName":"search_term_string"}}],"inLanguage":"lv-LV"},{"@type":"Organization","@id":"https:\/\/moozapro.com\/lv\/#organization","name":"Mooza Pro","url":"https:\/\/moozapro.com\/lv\/","logo":{"@type":"ImageObject","inLanguage":"lv-LV","@id":"https:\/\/moozapro.com\/lv\/#\/schema\/logo\/image\/","url":"https:\/\/moozapro.com\/wp-content\/uploads\/2023\/11\/Mooza-Pro-mazas-logo.png","contentUrl":"https:\/\/moozapro.com\/wp-content\/uploads\/2023\/11\/Mooza-Pro-mazas-logo.png","width":250,"height":103,"caption":"Mooza Pro"},"image":{"@id":"https:\/\/moozapro.com\/lv\/#\/schema\/logo\/image\/"},"sameAs":["https:\/\/www.facebook.com\/moozabeauty"]}]}},"_links":{"self":[{"href":"https:\/\/moozapro.com\/lv\/wp-json\/wp\/v2\/product\/23549","targetHints":{"allow":["GET"]}}],"collection":[{"href":"https:\/\/moozapro.com\/lv\/wp-json\/wp\/v2\/product"}],"about":[{"href":"https:\/\/moozapro.com\/lv\/wp-json\/wp\/v2\/types\/product"}],"replies":[{"embeddable":true,"href":"https:\/\/moozapro.com\/lv\/wp-json\/wp\/v2\/comments?post=23549"}],"version-history":[{"count":5,"href":"https:\/\/moozapro.com\/lv\/wp-json\/wp\/v2\/product\/23549\/revisions"}],"predecessor-version":[{"id":41148,"href":"https:\/\/moozapro.com\/lv\/wp-json\/wp\/v2\/product\/23549\/revisions\/41148"}],"wp:featuredmedia":[{"embeddable":true,"href":"https:\/\/moozapro.com\/lv\/wp-json\/wp\/v2\/media\/22905"}],"wp:attachment":[{"href":"https:\/\/moozapro.com\/lv\/wp-json\/wp\/v2\/media?parent=23549"}],"wp:term":[{"taxonomy":"product_brand","embeddable":true,"href":"https:\/\/moozapro.com\/lv\/wp-json\/wp\/v2\/product_brand?post=23549"},{"taxonomy":"product_cat","embeddable":true,"href":"https:\/\/moozapro.com\/lv\/wp-json\/wp\/v2\/product_cat?post=23549"},{"taxonomy":"product_tag","embeddable":true,"href":"https:\/\/moozapro.com\/lv\/wp-json\/wp\/v2\/product_tag?post=23549"}],"curies":[{"name":"wp","href":"https:\/\/api.w.org\/{rel}","templated":true}]}}