{"id":23551,"date":"2022-07-28T15:41:49","date_gmt":"2022-07-28T12:41:49","guid":{"rendered":"https:\/\/moozapro.com\/produktas\/lilly-bardas-balzams\/"},"modified":"2026-04-27T15:58:21","modified_gmt":"2026-04-27T12:58:21","slug":"lilly-bardas-balzams","status":"publish","type":"product","link":"https:\/\/moozapro.com\/lv\/produktas\/lilly-bardas-balzams\/","title":{"rendered":"&#8220;LILLY\" b\u0101rdas balzams"},"content":{"rendered":"\t\t<div data-elementor-type=\"product-post\" data-elementor-id=\"23551\" class=\"elementor elementor-23551 elementor-16850\" data-elementor-post-type=\"product\">\n\t\t\t\t\t\t<section class=\"elementor-section elementor-top-section elementor-element elementor-element-33328256 elementor-section-boxed elementor-section-height-default elementor-section-height-default\" data-id=\"33328256\" data-element_type=\"section\" data-e-type=\"section\">\n\t\t\t\t\t\t<div class=\"elementor-container elementor-column-gap-default\">\n\t\t\t\t\t<div class=\"elementor-column elementor-col-50 elementor-top-column elementor-element elementor-element-57751cf8 kitify-col-width-auto-no kitify-disable-relative-no\" data-id=\"57751cf8\" data-element_type=\"column\" data-e-type=\"column\" data-settings=\"{&quot;background_background&quot;:&quot;classic&quot;}\">\n\t\t\t<div class=\"elementor-widget-wrap elementor-element-populated\">\n\t\t\t\t\t\t<div class=\"elementor-element elementor-element-002acec elementor-widget elementor-widget-video\" data-id=\"002acec\" data-element_type=\"widget\" data-e-type=\"widget\" data-settings=\"{&quot;video_type&quot;:&quot;hosted&quot;,&quot;controls&quot;:&quot;yes&quot;}\" data-widget_type=\"video.default\">\n\t\t\t\t<div class=\"elementor-widget-container\">\n\t\t\t\t\t\t\t<div class=\"e-hosted-video elementor-wrapper elementor-open-inline\">\n\t\t\t\t\t<video class=\"elementor-video\" src=\"https:\/\/moozapro.com\/wp-content\/uploads\/2022\/07\/20220901-120731-858.mp4\" controls=\"\" preload=\"metadata\" controlsList=\"nodownload\"><\/video>\n\t\t\t\t<\/div>\n\t\t\t\t\t\t<\/div>\n\t\t\t\t<\/div>\n\t\t\t\t\t<\/div>\n\t\t<\/div>\n\t\t\t\t<div class=\"elementor-column elementor-col-50 elementor-top-column elementor-element elementor-element-17cb7e64 kitify-col-width-auto-no kitify-disable-relative-no\" data-id=\"17cb7e64\" data-element_type=\"column\" data-e-type=\"column\">\n\t\t\t<div class=\"elementor-widget-wrap elementor-element-populated\">\n\t\t\t\t\t\t<div class=\"elementor-element elementor-element-580adea8 elementor-widget elementor-widget-heading\" data-id=\"580adea8\" data-element_type=\"widget\" data-e-type=\"widget\" data-widget_type=\"heading.default\">\n\t\t\t\t<div class=\"elementor-widget-container\">\n\t\t\t\t\t<h2 class=\"elementor-heading-title elementor-size-default\">LILLY b\u0101rdas balzams ir piem\u0113rots lieto\u0161anai gan pirms, gan p\u0113c sk\u016b\u0161an\u0101s.<\/h2>\t\t\t\t<\/div>\n\t\t\t\t<\/div>\n\t\t\t\t<div class=\"elementor-element elementor-element-10e42033 elementor-widget-divider--view-line elementor-widget elementor-widget-divider\" data-id=\"10e42033\" data-element_type=\"widget\" data-e-type=\"widget\" data-widget_type=\"divider.default\">\n\t\t\t\t<div class=\"elementor-widget-container\">\n\t\t\t\t\t\t\t<div class=\"elementor-divider\">\n\t\t\t<span class=\"elementor-divider-separator\">\n\t\t\t\t\t\t<\/span>\n\t\t<\/div>\n\t\t\t\t\t\t<\/div>\n\t\t\t\t<\/div>\n\t\t\t\t<div class=\"elementor-element elementor-element-5c5678cb elementor-widget elementor-widget-spacer\" data-id=\"5c5678cb\" data-element_type=\"widget\" data-e-type=\"widget\" data-widget_type=\"spacer.default\">\n\t\t\t\t<div class=\"elementor-widget-container\">\n\t\t\t\t\t\t\t<div class=\"elementor-spacer\">\n\t\t\t<div class=\"elementor-spacer-inner\"><\/div>\n\t\t<\/div>\n\t\t\t\t\t\t<\/div>\n\t\t\t\t<\/div>\n\t\t\t\t<div class=\"elementor-element elementor-element-686205a9 elementor-widget elementor-widget-text-editor\" data-id=\"686205a9\" data-element_type=\"widget\" data-e-type=\"widget\" data-widget_type=\"text-editor.default\">\n\t\t\t\t<div class=\"elementor-widget-container\">\n\t\t\t\t\t\t\t\t\t<p>\u0160is smar\u017e\u012bgais, mitrino\u0161ais b\u0101rdas balzams \u012bpa\u0161i \u0101tri un efekt\u012bvi m\u012bkstina b\u0101rdu, padarot to viegli veidojamu. T\u0101 satur eksotiskas e\u013c\u013cas, piem\u0113ram, buriti un saldo mande\u013cu e\u013c\u013cu, un t\u0101s akt\u012bv\u0101 sast\u0101vda\u013ca terapeitiski iedarbojas uz jut\u012bgu b\u0101rdas \u0101du. Ide\u0101li piem\u0113rots \u0101das mitrin\u0101\u0161anai pirms un p\u0113c sk\u016b\u0161an\u0101s.  <\/p><p>Lieto\u0161ana: pirms sk\u016b\u0161an\u0101s  <span style=\"font-family: Arial; font-size: 16px; font-style: normal; font-variant-ligatures: normal; font-variant-caps: normal; font-weight: 400; background-color: var(--theme-body-bg-color);\">\u0145emiet lielu rieksta lieluma produkta daudzumu un uzkl\u0101jiet to uz v\u0113lamaj\u0101m sejas zon\u0101m, izkl\u0101jiet produktu ar maig\u0101m, mas\u0113jo\u0161\u0101m kust\u012bb\u0101m, noturiet 15-20 sekundes un s\u0101ciet sk\u016b\u0161anos. N <\/span><span style=\"background-color: var(--theme-body-bg-color);\">Lai ieg\u016btu mitrino\u0161u, kr\u0113m\u012bgu efektu p\u0113c sk\u016b\u0161an\u0101s, uzkl\u0101jiet produktu ar\u012b uz matu aug\u0161anas zon\u0101m p\u0113c sk\u016b\u0161an\u0101s un atst\u0101jiet, l\u012bdz tas ies\u016bcas.<\/span><\/p><p>Aug\u0161\u0113j\u0101s notis: bergamotes, greipfr\u016bta, \u0101bolu, kardamona.  <\/p><p>Sirds notis: eva\u0146\u0123\u0113lija lilija, neroli, sandalkoks, jasm\u012bns.<\/p><p>Galven\u0101s notis: ciedrs, vani\u013ca, dzintars, baltais muskuss.<\/p><p>Ietilp\u012bba: 100 ml.<\/p><h6><span style=\"font-size: 8pt; font-family: georgia, palatino, serif;\">Sast\u0101vs: Sast\u0101vs: \u016bdens, butyrospermum parkii sviests, actyldodecanol glicer\u012bna stear\u0101ts, glicer\u012bns, spirta den\u0101ts, kapr\u012blija kapr\u012bna triglicer\u012bds, parfum argania spinosa kemel e\u013c\u013ca, glicer\u012bns, laurilglikoz\u012bds, n\u0101trija laurilglikoze, karboksil\u0101ts, cetearilspirts, cetilpalmit\u0101ts, kokoglikcendes benzolsk\u0101be, propil\u0113nglikols, ksant\u0101na sve\u0137i, metillakt\u0101ts, PPG-25 laurets-25, citronsk\u0101be perseja, grabissima e\u013c\u013ca, simmondsia chinensis s\u0113klu e\u013c\u013ca, propolisa ekstrakts, PLG-40 hidrogen\u0113ta r\u012bcine\u013c\u013ca, lecit\u012bns, melia azadirachta s\u0113klu e\u013c\u013ca, mauritia flexuosa aug\u013cu e\u013c\u013ca, cocos nucifera e\u013c\u013ca, gardenia tahitiensis ziedu e\u013c\u013ca, simmondsia chinensis e\u013c\u013ca, oryza sativa kliju e\u013c\u013ca, prunus amygdalus dulcis e\u013c\u013ca, aloe barbadensis lapu sula, cedrus atlantica koka e\u013c\u013ca, cupressus sempervirens lapu e\u013c\u013ca, santalum album e\u013c\u013ca, commiphora myrrha e\u013c\u013ca, pinus sylvestris lapu e\u013c\u013ca, n\u0101trija dehidroacet\u0101ts, tokoferola askorbi palmit\u0101ts, n\u0101trija benzo\u0101ts, k\u0101lija sorb\u0101ts, limon\u0113ns, kumar\u012bns, alfa-izometiljonons, butilfenilmetilpropionals, linalols, hidroksicitronel\u0101ls, citr\u0101ts.<\/span><\/h6>\t\t\t\t\t\t\t\t<\/div>\n\t\t\t\t<\/div>\n\t\t\t\t\t<\/div>\n\t\t<\/div>\n\t\t\t\t\t<\/div>\n\t\t<\/section>\n\t\t\t\t<\/div>\n\t\t","protected":false},"excerpt":{"rendered":"<p>https:\/\/moozapro.com\/wp-content\/uploads\/2022\/07\/20220901-120731-858.mp4 LILLY b\u0101rdas balzams ir piem\u0113rots lieto\u0161anai gan pirms, gan p\u0113c sk\u016b\u0161an\u0101s. \u0160is smar\u017e\u012bgais, mitrino\u0161ais b\u0101rdas balzams \u012bpa\u0161i \u0101tri un efekt\u012bvi m\u012bkstina b\u0101rdu, padarot to viegli veidojamu. T\u0101 satur eksotiskas e\u013c\u013cas, piem\u0113ram, buriti un saldo mande\u013cu e\u013c\u013cu, un t\u0101s akt\u012bv\u0101 sast\u0101vda\u013ca terapeitiski iedarbojas uz jut\u012bgu b\u0101rdas \u0101du. Ide\u0101li piem\u0113rots \u0101das mitrin\u0101\u0161anai pirms un p\u0113c sk\u016b\u0161an\u0101s. Lieto\u0161ana: pirms sk\u016b\u0161an\u0101s \u0145emiet lielu\u2026<\/p>\n","protected":false},"featured_media":22907,"comment_status":"open","ping_status":"closed","template":"","meta":[],"product_brand":[],"product_cat":[449,450],"product_tag":[],"class_list":{"0":"post-23551","1":"product","2":"type-product","3":"status-publish","4":"has-post-thumbnail","6":"product_cat-nezeligais-jurasbraucejs","7":"product_cat-produkti-viriesiem","8":"yith_product_brand-nezeligais-jurasbraucejs","10":"first","11":"instock","12":"taxable","13":"shipping-taxable","14":"purchasable","15":"product-type-simple"},"yoast_head":"<!-- This site is optimized with the Yoast SEO plugin v27.4 - https:\/\/yoast.com\/product\/yoast-seo-wordpress\/ -->\n<title>&quot;LILLY&quot; b\u0101rdas balzams | Mooza Pro<\/title>\n<meta name=\"description\" content=\"Mitrino\u0161ais b\u0101rdas balzams \u012bpa\u0161i \u0101tri un efekt\u012bvi m\u012bkstina b\u0101rdu, \u013caujot to viegli veidot un kopt.\" \/>\n<meta name=\"robots\" content=\"index, follow, max-snippet:-1, max-image-preview:large, max-video-preview:-1\" \/>\n<link rel=\"canonical\" href=\"https:\/\/moozapro.com\/lv\/produktas\/lilly-bardas-balzams\/\" \/>\n<meta property=\"og:locale\" content=\"lv_LV\" \/>\n<meta property=\"og:type\" content=\"article\" \/>\n<meta property=\"og:title\" content=\"&quot;LILLY&quot; b\u0101rdas balzams | Mooza Pro\" \/>\n<meta property=\"og:description\" content=\"Mitrino\u0161ais b\u0101rdas balzams \u012bpa\u0161i \u0101tri un efekt\u012bvi m\u012bkstina b\u0101rdu, \u013caujot to viegli veidot un kopt.\" \/>\n<meta property=\"og:url\" content=\"https:\/\/moozapro.com\/lv\/produktas\/lilly-bardas-balzams\/\" \/>\n<meta property=\"og:site_name\" content=\"Mooza Pro\" \/>\n<meta property=\"article:publisher\" content=\"https:\/\/www.facebook.com\/moozabeauty\" \/>\n<meta property=\"article:modified_time\" content=\"2026-04-27T12:58:21+00:00\" \/>\n<meta property=\"og:image\" content=\"https:\/\/moozapro.com\/wp-content\/uploads\/2022\/07\/28.Lilly2_.jpg\" \/>\n\t<meta property=\"og:image:width\" content=\"1080\" \/>\n\t<meta property=\"og:image:height\" content=\"1080\" \/>\n\t<meta property=\"og:image:type\" content=\"image\/jpeg\" \/>\n<meta name=\"twitter:card\" content=\"summary_large_image\" \/>\n<meta name=\"twitter:label1\" content=\"Est. reading time\" \/>\n\t<meta name=\"twitter:data1\" content=\"2 min\u016btes\" \/>\n<script type=\"application\/ld+json\" class=\"yoast-schema-graph\">{\"@context\":\"https:\\\/\\\/schema.org\",\"@graph\":[{\"@type\":\"WebPage\",\"@id\":\"https:\\\/\\\/moozapro.com\\\/lv\\\/produktas\\\/lilly-bardas-balzams\\\/\",\"url\":\"https:\\\/\\\/moozapro.com\\\/lv\\\/produktas\\\/lilly-bardas-balzams\\\/\",\"name\":\"\\\"LILLY\\\" b\u0101rdas balzams | Mooza Pro\",\"isPartOf\":{\"@id\":\"https:\\\/\\\/moozapro.com\\\/lv\\\/#website\"},\"primaryImageOfPage\":{\"@id\":\"https:\\\/\\\/moozapro.com\\\/lv\\\/produktas\\\/lilly-bardas-balzams\\\/#primaryimage\"},\"image\":{\"@id\":\"https:\\\/\\\/moozapro.com\\\/lv\\\/produktas\\\/lilly-bardas-balzams\\\/#primaryimage\"},\"thumbnailUrl\":\"https:\\\/\\\/moozapro.com\\\/wp-content\\\/uploads\\\/2022\\\/07\\\/28.Lilly2_.jpg\",\"datePublished\":\"2022-07-28T12:41:49+00:00\",\"dateModified\":\"2026-04-27T12:58:21+00:00\",\"description\":\"Mitrino\u0161ais b\u0101rdas balzams \u012bpa\u0161i \u0101tri un efekt\u012bvi m\u012bkstina b\u0101rdu, \u013caujot to viegli veidot un kopt.\",\"breadcrumb\":{\"@id\":\"https:\\\/\\\/moozapro.com\\\/lv\\\/produktas\\\/lilly-bardas-balzams\\\/#breadcrumb\"},\"inLanguage\":\"lv-LV\",\"potentialAction\":[{\"@type\":\"ReadAction\",\"target\":[\"https:\\\/\\\/moozapro.com\\\/lv\\\/produktas\\\/lilly-bardas-balzams\\\/\"]}]},{\"@type\":\"ImageObject\",\"inLanguage\":\"lv-LV\",\"@id\":\"https:\\\/\\\/moozapro.com\\\/lv\\\/produktas\\\/lilly-bardas-balzams\\\/#primaryimage\",\"url\":\"https:\\\/\\\/moozapro.com\\\/wp-content\\\/uploads\\\/2022\\\/07\\\/28.Lilly2_.jpg\",\"contentUrl\":\"https:\\\/\\\/moozapro.com\\\/wp-content\\\/uploads\\\/2022\\\/07\\\/28.Lilly2_.jpg\",\"width\":1080,\"height\":1080,\"caption\":\"lilija1\"},{\"@type\":\"BreadcrumbList\",\"@id\":\"https:\\\/\\\/moozapro.com\\\/lv\\\/produktas\\\/lilly-bardas-balzams\\\/#breadcrumb\",\"itemListElement\":[{\"@type\":\"ListItem\",\"position\":1,\"name\":\"Galvenais\",\"item\":\"https:\\\/\\\/moozapro.com\\\/lv\\\/\"},{\"@type\":\"ListItem\",\"position\":2,\"name\":\"Visi produkti\",\"item\":\"https:\\\/\\\/moozapro.com\\\/lv\\\/shop\\\/\"},{\"@type\":\"ListItem\",\"position\":3,\"name\":\"&#8222;LILLY&quot; b\u0101rdas balzams\"}]},{\"@type\":\"WebSite\",\"@id\":\"https:\\\/\\\/moozapro.com\\\/lv\\\/#website\",\"url\":\"https:\\\/\\\/moozapro.com\\\/lv\\\/\",\"name\":\"Mooza Pro\",\"description\":\"Priemon\u0117s j\u016bs\u0173 plaukams\",\"publisher\":{\"@id\":\"https:\\\/\\\/moozapro.com\\\/lv\\\/#organization\"},\"potentialAction\":[{\"@type\":\"SearchAction\",\"target\":{\"@type\":\"EntryPoint\",\"urlTemplate\":\"https:\\\/\\\/moozapro.com\\\/lv\\\/?s={search_term_string}\"},\"query-input\":{\"@type\":\"PropertyValueSpecification\",\"valueRequired\":true,\"valueName\":\"search_term_string\"}}],\"inLanguage\":\"lv-LV\"},{\"@type\":\"Organization\",\"@id\":\"https:\\\/\\\/moozapro.com\\\/lv\\\/#organization\",\"name\":\"Mooza Pro\",\"url\":\"https:\\\/\\\/moozapro.com\\\/lv\\\/\",\"logo\":{\"@type\":\"ImageObject\",\"inLanguage\":\"lv-LV\",\"@id\":\"https:\\\/\\\/moozapro.com\\\/lv\\\/#\\\/schema\\\/logo\\\/image\\\/\",\"url\":\"https:\\\/\\\/moozapro.com\\\/wp-content\\\/uploads\\\/2023\\\/11\\\/Mooza-Pro-mazas-logo.png\",\"contentUrl\":\"https:\\\/\\\/moozapro.com\\\/wp-content\\\/uploads\\\/2023\\\/11\\\/Mooza-Pro-mazas-logo.png\",\"width\":250,\"height\":103,\"caption\":\"Mooza Pro\"},\"image\":{\"@id\":\"https:\\\/\\\/moozapro.com\\\/lv\\\/#\\\/schema\\\/logo\\\/image\\\/\"},\"sameAs\":[\"https:\\\/\\\/www.facebook.com\\\/moozabeauty\"]}]}<\/script>\n<!-- \/ Yoast SEO plugin. -->","yoast_head_json":{"title":"\"LILLY\" b\u0101rdas balzams | Mooza Pro","description":"Mitrino\u0161ais b\u0101rdas balzams \u012bpa\u0161i \u0101tri un efekt\u012bvi m\u012bkstina b\u0101rdu, \u013caujot to viegli veidot un kopt.","robots":{"index":"index","follow":"follow","max-snippet":"max-snippet:-1","max-image-preview":"max-image-preview:large","max-video-preview":"max-video-preview:-1"},"canonical":"https:\/\/moozapro.com\/lv\/produktas\/lilly-bardas-balzams\/","og_locale":"lv_LV","og_type":"article","og_title":"\"LILLY\" b\u0101rdas balzams | Mooza Pro","og_description":"Mitrino\u0161ais b\u0101rdas balzams \u012bpa\u0161i \u0101tri un efekt\u012bvi m\u012bkstina b\u0101rdu, \u013caujot to viegli veidot un kopt.","og_url":"https:\/\/moozapro.com\/lv\/produktas\/lilly-bardas-balzams\/","og_site_name":"Mooza Pro","article_publisher":"https:\/\/www.facebook.com\/moozabeauty","article_modified_time":"2026-04-27T12:58:21+00:00","og_image":[{"width":1080,"height":1080,"url":"https:\/\/moozapro.com\/wp-content\/uploads\/2022\/07\/28.Lilly2_.jpg","type":"image\/jpeg"}],"twitter_card":"summary_large_image","twitter_misc":{"Est. reading time":"2 min\u016btes"},"schema":{"@context":"https:\/\/schema.org","@graph":[{"@type":"WebPage","@id":"https:\/\/moozapro.com\/lv\/produktas\/lilly-bardas-balzams\/","url":"https:\/\/moozapro.com\/lv\/produktas\/lilly-bardas-balzams\/","name":"\"LILLY\" b\u0101rdas balzams | Mooza Pro","isPartOf":{"@id":"https:\/\/moozapro.com\/lv\/#website"},"primaryImageOfPage":{"@id":"https:\/\/moozapro.com\/lv\/produktas\/lilly-bardas-balzams\/#primaryimage"},"image":{"@id":"https:\/\/moozapro.com\/lv\/produktas\/lilly-bardas-balzams\/#primaryimage"},"thumbnailUrl":"https:\/\/moozapro.com\/wp-content\/uploads\/2022\/07\/28.Lilly2_.jpg","datePublished":"2022-07-28T12:41:49+00:00","dateModified":"2026-04-27T12:58:21+00:00","description":"Mitrino\u0161ais b\u0101rdas balzams \u012bpa\u0161i \u0101tri un efekt\u012bvi m\u012bkstina b\u0101rdu, \u013caujot to viegli veidot un kopt.","breadcrumb":{"@id":"https:\/\/moozapro.com\/lv\/produktas\/lilly-bardas-balzams\/#breadcrumb"},"inLanguage":"lv-LV","potentialAction":[{"@type":"ReadAction","target":["https:\/\/moozapro.com\/lv\/produktas\/lilly-bardas-balzams\/"]}]},{"@type":"ImageObject","inLanguage":"lv-LV","@id":"https:\/\/moozapro.com\/lv\/produktas\/lilly-bardas-balzams\/#primaryimage","url":"https:\/\/moozapro.com\/wp-content\/uploads\/2022\/07\/28.Lilly2_.jpg","contentUrl":"https:\/\/moozapro.com\/wp-content\/uploads\/2022\/07\/28.Lilly2_.jpg","width":1080,"height":1080,"caption":"lilija1"},{"@type":"BreadcrumbList","@id":"https:\/\/moozapro.com\/lv\/produktas\/lilly-bardas-balzams\/#breadcrumb","itemListElement":[{"@type":"ListItem","position":1,"name":"Galvenais","item":"https:\/\/moozapro.com\/lv\/"},{"@type":"ListItem","position":2,"name":"Visi produkti","item":"https:\/\/moozapro.com\/lv\/shop\/"},{"@type":"ListItem","position":3,"name":"&#8222;LILLY&quot; b\u0101rdas balzams"}]},{"@type":"WebSite","@id":"https:\/\/moozapro.com\/lv\/#website","url":"https:\/\/moozapro.com\/lv\/","name":"Mooza Pro","description":"Priemon\u0117s j\u016bs\u0173 plaukams","publisher":{"@id":"https:\/\/moozapro.com\/lv\/#organization"},"potentialAction":[{"@type":"SearchAction","target":{"@type":"EntryPoint","urlTemplate":"https:\/\/moozapro.com\/lv\/?s={search_term_string}"},"query-input":{"@type":"PropertyValueSpecification","valueRequired":true,"valueName":"search_term_string"}}],"inLanguage":"lv-LV"},{"@type":"Organization","@id":"https:\/\/moozapro.com\/lv\/#organization","name":"Mooza Pro","url":"https:\/\/moozapro.com\/lv\/","logo":{"@type":"ImageObject","inLanguage":"lv-LV","@id":"https:\/\/moozapro.com\/lv\/#\/schema\/logo\/image\/","url":"https:\/\/moozapro.com\/wp-content\/uploads\/2023\/11\/Mooza-Pro-mazas-logo.png","contentUrl":"https:\/\/moozapro.com\/wp-content\/uploads\/2023\/11\/Mooza-Pro-mazas-logo.png","width":250,"height":103,"caption":"Mooza Pro"},"image":{"@id":"https:\/\/moozapro.com\/lv\/#\/schema\/logo\/image\/"},"sameAs":["https:\/\/www.facebook.com\/moozabeauty"]}]}},"_links":{"self":[{"href":"https:\/\/moozapro.com\/lv\/wp-json\/wp\/v2\/product\/23551","targetHints":{"allow":["GET"]}}],"collection":[{"href":"https:\/\/moozapro.com\/lv\/wp-json\/wp\/v2\/product"}],"about":[{"href":"https:\/\/moozapro.com\/lv\/wp-json\/wp\/v2\/types\/product"}],"replies":[{"embeddable":true,"href":"https:\/\/moozapro.com\/lv\/wp-json\/wp\/v2\/comments?post=23551"}],"version-history":[{"count":4,"href":"https:\/\/moozapro.com\/lv\/wp-json\/wp\/v2\/product\/23551\/revisions"}],"predecessor-version":[{"id":40740,"href":"https:\/\/moozapro.com\/lv\/wp-json\/wp\/v2\/product\/23551\/revisions\/40740"}],"wp:featuredmedia":[{"embeddable":true,"href":"https:\/\/moozapro.com\/lv\/wp-json\/wp\/v2\/media\/22907"}],"wp:attachment":[{"href":"https:\/\/moozapro.com\/lv\/wp-json\/wp\/v2\/media?parent=23551"}],"wp:term":[{"taxonomy":"product_brand","embeddable":true,"href":"https:\/\/moozapro.com\/lv\/wp-json\/wp\/v2\/product_brand?post=23551"},{"taxonomy":"product_cat","embeddable":true,"href":"https:\/\/moozapro.com\/lv\/wp-json\/wp\/v2\/product_cat?post=23551"},{"taxonomy":"product_tag","embeddable":true,"href":"https:\/\/moozapro.com\/lv\/wp-json\/wp\/v2\/product_tag?post=23551"}],"curies":[{"name":"wp","href":"https:\/\/api.w.org\/{rel}","templated":true}]}}