{"id":23561,"date":"2022-07-26T16:26:46","date_gmt":"2022-07-26T13:26:46","guid":{"rendered":"https:\/\/moozapro.com\/produktas\/panama-nafta-nav-nafta\/"},"modified":"2026-02-13T16:20:28","modified_gmt":"2026-02-13T14:20:28","slug":"panama-nafta-nav-nafta","status":"publish","type":"product","link":"https:\/\/moozapro.com\/lv\/produktas\/panama-nafta-nav-nafta\/","title":{"rendered":"&#8220;PANAMA\" nafta nav nafta"},"content":{"rendered":"\t\t<div data-elementor-type=\"product-post\" data-elementor-id=\"23561\" class=\"elementor elementor-23561 elementor-16722\" data-elementor-post-type=\"product\">\n\t\t\t\t\t\t<section class=\"elementor-section elementor-top-section elementor-element elementor-element-d9b253b elementor-section-boxed elementor-section-height-default elementor-section-height-default\" data-id=\"d9b253b\" data-element_type=\"section\" data-e-type=\"section\">\n\t\t\t\t\t\t<div class=\"elementor-container elementor-column-gap-default\">\n\t\t\t\t\t<div class=\"elementor-column elementor-col-50 elementor-top-column elementor-element elementor-element-3ac71705 kitify-col-width-auto-no kitify-disable-relative-no\" data-id=\"3ac71705\" data-element_type=\"column\" data-e-type=\"column\" data-settings=\"{&quot;background_background&quot;:&quot;classic&quot;}\">\n\t\t\t<div class=\"elementor-widget-wrap elementor-element-populated\">\n\t\t\t\t\t\t<div class=\"elementor-element elementor-element-ad70ad6 elementor-widget elementor-widget-image\" data-id=\"ad70ad6\" data-element_type=\"widget\" data-e-type=\"widget\" data-widget_type=\"image.default\">\n\t\t\t\t<div class=\"elementor-widget-container\">\n\t\t\t\t\t\t\t\t\t\t\t\t\t\t\t<img decoding=\"async\" src=\"https:\/\/moozapro.com\/wp-content\/uploads\/2022\/07\/hair-styling-2021-08-26-16-53-29-utc-scaled.jpg\" title=\"\" alt=\"mariner model1\" loading=\"lazy\" \/>\t\t\t\t\t\t\t\t\t\t\t\t\t\t\t<\/div>\n\t\t\t\t<\/div>\n\t\t\t\t\t<\/div>\n\t\t<\/div>\n\t\t\t\t<div class=\"elementor-column elementor-col-50 elementor-top-column elementor-element elementor-element-68eeaa5e kitify-col-width-auto-no kitify-disable-relative-no\" data-id=\"68eeaa5e\" data-element_type=\"column\" data-e-type=\"column\">\n\t\t\t<div class=\"elementor-widget-wrap elementor-element-populated\">\n\t\t\t\t\t\t<div class=\"elementor-element elementor-element-18834341 elementor-widget elementor-widget-heading\" data-id=\"18834341\" data-element_type=\"widget\" data-e-type=\"widget\" data-widget_type=\"heading.default\">\n\t\t\t\t<div class=\"elementor-widget-container\">\n\t\t\t\t\t<h2 class=\"elementor-heading-title elementor-size-default\">Viegla e\u013c\u013ca, nevis e\u013c\u013ca.<\/h2>\t\t\t\t<\/div>\n\t\t\t\t<\/div>\n\t\t\t\t<div class=\"elementor-element elementor-element-47e29887 elementor-widget-divider--view-line elementor-widget elementor-widget-divider\" data-id=\"47e29887\" data-element_type=\"widget\" data-e-type=\"widget\" data-widget_type=\"divider.default\">\n\t\t\t\t<div class=\"elementor-widget-container\">\n\t\t\t\t\t\t\t<div class=\"elementor-divider\">\n\t\t\t<span class=\"elementor-divider-separator\">\n\t\t\t\t\t\t<\/span>\n\t\t<\/div>\n\t\t\t\t\t\t<\/div>\n\t\t\t\t<\/div>\n\t\t\t\t<div class=\"elementor-element elementor-element-53b69c9a elementor-widget elementor-widget-spacer\" data-id=\"53b69c9a\" data-element_type=\"widget\" data-e-type=\"widget\" data-widget_type=\"spacer.default\">\n\t\t\t\t<div class=\"elementor-widget-container\">\n\t\t\t\t\t\t\t<div class=\"elementor-spacer\">\n\t\t\t<div class=\"elementor-spacer-inner\"><\/div>\n\t\t<\/div>\n\t\t\t\t\t\t<\/div>\n\t\t\t\t<\/div>\n\t\t\t\t<div class=\"elementor-element elementor-element-6b91da63 elementor-widget elementor-widget-text-editor\" data-id=\"6b91da63\" data-element_type=\"widget\" data-e-type=\"widget\" data-widget_type=\"text-editor.default\">\n\t\t\t\t<div class=\"elementor-widget-container\">\n\t\t\t\t\t\t\t\t\t<p class=\"_04xlpA direction-ltr align-center para-style-body\"><span class=\"JsGRdQ\">Viegla, nee\u013c\u013caina matu e\u013c\u013ca, kas bag\u0101ta ar kumel\u012b\u0161u, arnikas, z\u012bdkoka, b\u0113rzu un simoniju e\u013c\u013c\u0101m. Veido apjomu un aizsarg\u0101 matu stiebru no atmosf\u0113ras iedarb\u012bbas. To var lietot gan uz mitriem, gan  <\/span> <span class=\"JsGRdQ\">uz sausiem matiem, lai rad\u012btu dabisku<\/span> <span class=\"JsGRdQ\">vai izteiksm\u012bgu friz\u016bru. Aizsarg\u0101 matus no iz\u017e\u016b\u0161anas. <\/span><\/p><p class=\"_04xlpA direction-ltr align-center para-style-body\"><strong><span class=\"JsGRdQ\">Lieto\u0161ana:<\/span><\/strong><\/p><p class=\"_04xlpA direction-ltr align-center para-style-body\"><span class=\"JsGRdQ\">Uz\u0146emiet un vienm\u0113r\u012bgi izkl\u0101jiet l\u012bdzekli uz mitriem vai sausiem matiem, veidojot un \u017e\u0101v\u0113jot matus, lai ieg\u016btu v\u0113lamo friz\u016bru.<\/span><\/p><p class=\"_04xlpA direction-ltr align-center para-style-body\"><span class=\"JsGRdQ\">PANAMA ir \u0161\u0137idrs produkts: uzman\u012bgi doz\u0113jiet, lai izvair\u012btos no iz\u0161\u0137\u0113rd\u0113\u0161anas.<\/span><\/p><p class=\"_04xlpA direction-ltr align-center para-style-body\"><strong><span class=\"JsGRdQ\">Siner\u0123ija:<\/span><\/strong><\/p><p class=\"_04xlpA direction-ltr align-center para-style-body\"><span class=\"JsGRdQ\">PANAMA ir lielisks pret iz\u017e\u016b\u0161anu produkts, ide\u0101li piem\u0113rots lieto\u0161anai pirms TORTUGA, lai palielin\u0101tu gala stila notur\u012bbu.<\/span><\/p>\t\t\t\t\t\t\t\t<\/div>\n\t\t\t\t<\/div>\n\t\t\t\t\t<\/div>\n\t\t<\/div>\n\t\t\t\t\t<\/div>\n\t\t<\/section>\n\t\t\t\t<section class=\"elementor-section elementor-top-section elementor-element elementor-element-f0cf404 elementor-section-boxed elementor-section-height-default elementor-section-height-default\" data-id=\"f0cf404\" data-element_type=\"section\" data-e-type=\"section\">\n\t\t\t\t\t\t<div class=\"elementor-container elementor-column-gap-default\">\n\t\t\t\t\t<div class=\"elementor-column elementor-col-100 elementor-top-column elementor-element elementor-element-6be53b5 kitify-col-width-auto-no kitify-disable-relative-no\" data-id=\"6be53b5\" data-element_type=\"column\" data-e-type=\"column\" data-settings=\"{&quot;background_background&quot;:&quot;classic&quot;}\">\n\t\t\t<div class=\"elementor-widget-wrap elementor-element-populated\">\n\t\t\t\t\t\t<div class=\"elementor-element elementor-element-b9f32c7 elementor-widget elementor-widget-video\" data-id=\"b9f32c7\" data-element_type=\"widget\" data-e-type=\"widget\" data-settings=\"{&quot;video_type&quot;:&quot;hosted&quot;,&quot;controls&quot;:&quot;yes&quot;}\" data-widget_type=\"video.default\">\n\t\t\t\t<div class=\"elementor-widget-container\">\n\t\t\t\t\t\t\t<div class=\"e-hosted-video elementor-wrapper elementor-open-inline\">\n\t\t\t\t\t<video class=\"elementor-video\" src=\"https:\/\/moozapro.com\/wp-content\/uploads\/2022\/07\/ilgi-IEVAI-.mov\" controls=\"\" preload=\"metadata\" controlsList=\"nodownload\"><\/video>\n\t\t\t\t<\/div>\n\t\t\t\t\t\t<\/div>\n\t\t\t\t<\/div>\n\t\t\t\t\t<\/div>\n\t\t<\/div>\n\t\t\t\t\t<\/div>\n\t\t<\/section>\n\t\t\t\t<\/div>\n\t\t","protected":false},"excerpt":{"rendered":"<p>Viegla e\u013c\u013ca, nevis e\u013c\u013ca. Viegla, nee\u013c\u013caina matu e\u013c\u013ca, kas bag\u0101ta ar kumel\u012b\u0161u, arnikas, z\u012bdkoka, b\u0113rzu un simoniju e\u013c\u013c\u0101m. Veido apjomu un aizsarg\u0101 matu stiebru no atmosf\u0113ras iedarb\u012bbas. To var lietot gan uz mitriem, gan uz sausiem matiem, lai rad\u012btu dabisku vai izteiksm\u012bgu friz\u016bru. Aizsarg\u0101 matus no iz\u017e\u016b\u0161anas. Lieto\u0161ana: Uz\u0146emiet un vienm\u0113r\u012bgi izkl\u0101jiet l\u012bdzekli uz mitriem vai sausiem matiem, veidojot un\u2026<\/p>\n","protected":false},"featured_media":22889,"comment_status":"open","ping_status":"closed","template":"","meta":[],"product_brand":[],"product_cat":[449,450],"product_tag":[],"class_list":{"0":"post-23561","1":"product","2":"type-product","3":"status-publish","4":"has-post-thumbnail","6":"product_cat-nezeligais-jurasbraucejs","7":"product_cat-produkti-viriesiem","8":"yith_product_brand-nezeligais-jurasbraucejs","10":"first","11":"instock","12":"taxable","13":"shipping-taxable","14":"purchasable","15":"product-type-simple"},"yoast_head":"<!-- This site is optimized with the Yoast SEO plugin v27.4 - https:\/\/yoast.com\/product\/yoast-seo-wordpress\/ -->\n<title>&quot;PANAMA&quot; nafta nav nafta | Mooza Pro<\/title>\n<meta name=\"description\" content=\"Univers\u0101ls produkts, lai rad\u012btu formu, ko izmanto uz mitriem un sausiem matiem, atkar\u012bb\u0101 no v\u0113lam\u0101 rezult\u0101ta, lai rad\u012btu. Sp\u012bd\u012bgs vai mat\u0113ts.\" \/>\n<meta name=\"robots\" content=\"index, follow, max-snippet:-1, max-image-preview:large, max-video-preview:-1\" \/>\n<link rel=\"canonical\" href=\"https:\/\/moozapro.com\/lv\/produktas\/panama-nafta-nav-nafta\/\" \/>\n<meta property=\"og:locale\" content=\"lv_LV\" \/>\n<meta property=\"og:type\" content=\"article\" \/>\n<meta property=\"og:title\" content=\"&quot;PANAMA&quot; nafta nav nafta | Mooza Pro\" \/>\n<meta property=\"og:description\" content=\"Univers\u0101ls produkts, lai rad\u012btu formu, ko izmanto uz mitriem un sausiem matiem, atkar\u012bb\u0101 no v\u0113lam\u0101 rezult\u0101ta, lai rad\u012btu. Sp\u012bd\u012bgs vai mat\u0113ts.\" \/>\n<meta property=\"og:url\" content=\"https:\/\/moozapro.com\/lv\/produktas\/panama-nafta-nav-nafta\/\" \/>\n<meta property=\"og:site_name\" content=\"Mooza Pro\" \/>\n<meta property=\"article:publisher\" content=\"https:\/\/www.facebook.com\/moozabeauty\" \/>\n<meta property=\"article:modified_time\" content=\"2026-02-13T14:20:28+00:00\" \/>\n<meta property=\"og:image\" content=\"https:\/\/moozapro.com\/wp-content\/uploads\/2022\/07\/3.Panama.jpg\" \/>\n\t<meta property=\"og:image:width\" content=\"1080\" \/>\n\t<meta property=\"og:image:height\" content=\"1080\" \/>\n\t<meta property=\"og:image:type\" content=\"image\/jpeg\" \/>\n<meta name=\"twitter:card\" content=\"summary_large_image\" \/>\n<meta name=\"twitter:label1\" content=\"Est. reading time\" \/>\n\t<meta name=\"twitter:data1\" content=\"1 minute\" \/>\n<script type=\"application\/ld+json\" class=\"yoast-schema-graph\">{\"@context\":\"https:\\\/\\\/schema.org\",\"@graph\":[{\"@type\":\"WebPage\",\"@id\":\"https:\\\/\\\/moozapro.com\\\/lv\\\/produktas\\\/panama-nafta-nav-nafta\\\/\",\"url\":\"https:\\\/\\\/moozapro.com\\\/lv\\\/produktas\\\/panama-nafta-nav-nafta\\\/\",\"name\":\"\\\"PANAMA\\\" nafta nav nafta | Mooza Pro\",\"isPartOf\":{\"@id\":\"https:\\\/\\\/moozapro.com\\\/lv\\\/#website\"},\"primaryImageOfPage\":{\"@id\":\"https:\\\/\\\/moozapro.com\\\/lv\\\/produktas\\\/panama-nafta-nav-nafta\\\/#primaryimage\"},\"image\":{\"@id\":\"https:\\\/\\\/moozapro.com\\\/lv\\\/produktas\\\/panama-nafta-nav-nafta\\\/#primaryimage\"},\"thumbnailUrl\":\"https:\\\/\\\/moozapro.com\\\/wp-content\\\/uploads\\\/2022\\\/07\\\/3.Panama.jpg\",\"datePublished\":\"2022-07-26T13:26:46+00:00\",\"dateModified\":\"2026-02-13T14:20:28+00:00\",\"description\":\"Univers\u0101ls produkts, lai rad\u012btu formu, ko izmanto uz mitriem un sausiem matiem, atkar\u012bb\u0101 no v\u0113lam\u0101 rezult\u0101ta, lai rad\u012btu. Sp\u012bd\u012bgs vai mat\u0113ts.\",\"breadcrumb\":{\"@id\":\"https:\\\/\\\/moozapro.com\\\/lv\\\/produktas\\\/panama-nafta-nav-nafta\\\/#breadcrumb\"},\"inLanguage\":\"lv-LV\",\"potentialAction\":[{\"@type\":\"ReadAction\",\"target\":[\"https:\\\/\\\/moozapro.com\\\/lv\\\/produktas\\\/panama-nafta-nav-nafta\\\/\"]}]},{\"@type\":\"ImageObject\",\"inLanguage\":\"lv-LV\",\"@id\":\"https:\\\/\\\/moozapro.com\\\/lv\\\/produktas\\\/panama-nafta-nav-nafta\\\/#primaryimage\",\"url\":\"https:\\\/\\\/moozapro.com\\\/wp-content\\\/uploads\\\/2022\\\/07\\\/3.Panama.jpg\",\"contentUrl\":\"https:\\\/\\\/moozapro.com\\\/wp-content\\\/uploads\\\/2022\\\/07\\\/3.Panama.jpg\",\"width\":1080,\"height\":1080,\"caption\":\"panamas e\u013c\u013ca\"},{\"@type\":\"BreadcrumbList\",\"@id\":\"https:\\\/\\\/moozapro.com\\\/lv\\\/produktas\\\/panama-nafta-nav-nafta\\\/#breadcrumb\",\"itemListElement\":[{\"@type\":\"ListItem\",\"position\":1,\"name\":\"Galvenais\",\"item\":\"https:\\\/\\\/moozapro.com\\\/lv\\\/\"},{\"@type\":\"ListItem\",\"position\":2,\"name\":\"Visi produkti\",\"item\":\"https:\\\/\\\/moozapro.com\\\/lv\\\/shop\\\/\"},{\"@type\":\"ListItem\",\"position\":3,\"name\":\"&#171;PANAMA\\\" nafta nav nafta\"}]},{\"@type\":\"WebSite\",\"@id\":\"https:\\\/\\\/moozapro.com\\\/lv\\\/#website\",\"url\":\"https:\\\/\\\/moozapro.com\\\/lv\\\/\",\"name\":\"Mooza Pro\",\"description\":\"Priemon\u0117s j\u016bs\u0173 plaukams\",\"publisher\":{\"@id\":\"https:\\\/\\\/moozapro.com\\\/lv\\\/#organization\"},\"potentialAction\":[{\"@type\":\"SearchAction\",\"target\":{\"@type\":\"EntryPoint\",\"urlTemplate\":\"https:\\\/\\\/moozapro.com\\\/lv\\\/?s={search_term_string}\"},\"query-input\":{\"@type\":\"PropertyValueSpecification\",\"valueRequired\":true,\"valueName\":\"search_term_string\"}}],\"inLanguage\":\"lv-LV\"},{\"@type\":\"Organization\",\"@id\":\"https:\\\/\\\/moozapro.com\\\/lv\\\/#organization\",\"name\":\"Mooza Pro\",\"url\":\"https:\\\/\\\/moozapro.com\\\/lv\\\/\",\"logo\":{\"@type\":\"ImageObject\",\"inLanguage\":\"lv-LV\",\"@id\":\"https:\\\/\\\/moozapro.com\\\/lv\\\/#\\\/schema\\\/logo\\\/image\\\/\",\"url\":\"https:\\\/\\\/moozapro.com\\\/wp-content\\\/uploads\\\/2023\\\/11\\\/Mooza-Pro-mazas-logo.png\",\"contentUrl\":\"https:\\\/\\\/moozapro.com\\\/wp-content\\\/uploads\\\/2023\\\/11\\\/Mooza-Pro-mazas-logo.png\",\"width\":250,\"height\":103,\"caption\":\"Mooza Pro\"},\"image\":{\"@id\":\"https:\\\/\\\/moozapro.com\\\/lv\\\/#\\\/schema\\\/logo\\\/image\\\/\"},\"sameAs\":[\"https:\\\/\\\/www.facebook.com\\\/moozabeauty\"]}]}<\/script>\n<!-- \/ Yoast SEO plugin. -->","yoast_head_json":{"title":"\"PANAMA\" nafta nav nafta | Mooza Pro","description":"Univers\u0101ls produkts, lai rad\u012btu formu, ko izmanto uz mitriem un sausiem matiem, atkar\u012bb\u0101 no v\u0113lam\u0101 rezult\u0101ta, lai rad\u012btu. Sp\u012bd\u012bgs vai mat\u0113ts.","robots":{"index":"index","follow":"follow","max-snippet":"max-snippet:-1","max-image-preview":"max-image-preview:large","max-video-preview":"max-video-preview:-1"},"canonical":"https:\/\/moozapro.com\/lv\/produktas\/panama-nafta-nav-nafta\/","og_locale":"lv_LV","og_type":"article","og_title":"\"PANAMA\" nafta nav nafta | Mooza Pro","og_description":"Univers\u0101ls produkts, lai rad\u012btu formu, ko izmanto uz mitriem un sausiem matiem, atkar\u012bb\u0101 no v\u0113lam\u0101 rezult\u0101ta, lai rad\u012btu. Sp\u012bd\u012bgs vai mat\u0113ts.","og_url":"https:\/\/moozapro.com\/lv\/produktas\/panama-nafta-nav-nafta\/","og_site_name":"Mooza Pro","article_publisher":"https:\/\/www.facebook.com\/moozabeauty","article_modified_time":"2026-02-13T14:20:28+00:00","og_image":[{"width":1080,"height":1080,"url":"https:\/\/moozapro.com\/wp-content\/uploads\/2022\/07\/3.Panama.jpg","type":"image\/jpeg"}],"twitter_card":"summary_large_image","twitter_misc":{"Est. reading time":"1 minute"},"schema":{"@context":"https:\/\/schema.org","@graph":[{"@type":"WebPage","@id":"https:\/\/moozapro.com\/lv\/produktas\/panama-nafta-nav-nafta\/","url":"https:\/\/moozapro.com\/lv\/produktas\/panama-nafta-nav-nafta\/","name":"\"PANAMA\" nafta nav nafta | Mooza Pro","isPartOf":{"@id":"https:\/\/moozapro.com\/lv\/#website"},"primaryImageOfPage":{"@id":"https:\/\/moozapro.com\/lv\/produktas\/panama-nafta-nav-nafta\/#primaryimage"},"image":{"@id":"https:\/\/moozapro.com\/lv\/produktas\/panama-nafta-nav-nafta\/#primaryimage"},"thumbnailUrl":"https:\/\/moozapro.com\/wp-content\/uploads\/2022\/07\/3.Panama.jpg","datePublished":"2022-07-26T13:26:46+00:00","dateModified":"2026-02-13T14:20:28+00:00","description":"Univers\u0101ls produkts, lai rad\u012btu formu, ko izmanto uz mitriem un sausiem matiem, atkar\u012bb\u0101 no v\u0113lam\u0101 rezult\u0101ta, lai rad\u012btu. Sp\u012bd\u012bgs vai mat\u0113ts.","breadcrumb":{"@id":"https:\/\/moozapro.com\/lv\/produktas\/panama-nafta-nav-nafta\/#breadcrumb"},"inLanguage":"lv-LV","potentialAction":[{"@type":"ReadAction","target":["https:\/\/moozapro.com\/lv\/produktas\/panama-nafta-nav-nafta\/"]}]},{"@type":"ImageObject","inLanguage":"lv-LV","@id":"https:\/\/moozapro.com\/lv\/produktas\/panama-nafta-nav-nafta\/#primaryimage","url":"https:\/\/moozapro.com\/wp-content\/uploads\/2022\/07\/3.Panama.jpg","contentUrl":"https:\/\/moozapro.com\/wp-content\/uploads\/2022\/07\/3.Panama.jpg","width":1080,"height":1080,"caption":"panamas e\u013c\u013ca"},{"@type":"BreadcrumbList","@id":"https:\/\/moozapro.com\/lv\/produktas\/panama-nafta-nav-nafta\/#breadcrumb","itemListElement":[{"@type":"ListItem","position":1,"name":"Galvenais","item":"https:\/\/moozapro.com\/lv\/"},{"@type":"ListItem","position":2,"name":"Visi produkti","item":"https:\/\/moozapro.com\/lv\/shop\/"},{"@type":"ListItem","position":3,"name":"&#171;PANAMA\" nafta nav nafta"}]},{"@type":"WebSite","@id":"https:\/\/moozapro.com\/lv\/#website","url":"https:\/\/moozapro.com\/lv\/","name":"Mooza Pro","description":"Priemon\u0117s j\u016bs\u0173 plaukams","publisher":{"@id":"https:\/\/moozapro.com\/lv\/#organization"},"potentialAction":[{"@type":"SearchAction","target":{"@type":"EntryPoint","urlTemplate":"https:\/\/moozapro.com\/lv\/?s={search_term_string}"},"query-input":{"@type":"PropertyValueSpecification","valueRequired":true,"valueName":"search_term_string"}}],"inLanguage":"lv-LV"},{"@type":"Organization","@id":"https:\/\/moozapro.com\/lv\/#organization","name":"Mooza Pro","url":"https:\/\/moozapro.com\/lv\/","logo":{"@type":"ImageObject","inLanguage":"lv-LV","@id":"https:\/\/moozapro.com\/lv\/#\/schema\/logo\/image\/","url":"https:\/\/moozapro.com\/wp-content\/uploads\/2023\/11\/Mooza-Pro-mazas-logo.png","contentUrl":"https:\/\/moozapro.com\/wp-content\/uploads\/2023\/11\/Mooza-Pro-mazas-logo.png","width":250,"height":103,"caption":"Mooza Pro"},"image":{"@id":"https:\/\/moozapro.com\/lv\/#\/schema\/logo\/image\/"},"sameAs":["https:\/\/www.facebook.com\/moozabeauty"]}]}},"_links":{"self":[{"href":"https:\/\/moozapro.com\/lv\/wp-json\/wp\/v2\/product\/23561","targetHints":{"allow":["GET"]}}],"collection":[{"href":"https:\/\/moozapro.com\/lv\/wp-json\/wp\/v2\/product"}],"about":[{"href":"https:\/\/moozapro.com\/lv\/wp-json\/wp\/v2\/types\/product"}],"replies":[{"embeddable":true,"href":"https:\/\/moozapro.com\/lv\/wp-json\/wp\/v2\/comments?post=23561"}],"version-history":[{"count":5,"href":"https:\/\/moozapro.com\/lv\/wp-json\/wp\/v2\/product\/23561\/revisions"}],"predecessor-version":[{"id":41142,"href":"https:\/\/moozapro.com\/lv\/wp-json\/wp\/v2\/product\/23561\/revisions\/41142"}],"wp:featuredmedia":[{"embeddable":true,"href":"https:\/\/moozapro.com\/lv\/wp-json\/wp\/v2\/media\/22889"}],"wp:attachment":[{"href":"https:\/\/moozapro.com\/lv\/wp-json\/wp\/v2\/media?parent=23561"}],"wp:term":[{"taxonomy":"product_brand","embeddable":true,"href":"https:\/\/moozapro.com\/lv\/wp-json\/wp\/v2\/product_brand?post=23561"},{"taxonomy":"product_cat","embeddable":true,"href":"https:\/\/moozapro.com\/lv\/wp-json\/wp\/v2\/product_cat?post=23561"},{"taxonomy":"product_tag","embeddable":true,"href":"https:\/\/moozapro.com\/lv\/wp-json\/wp\/v2\/product_tag?post=23561"}],"curies":[{"name":"wp","href":"https:\/\/api.w.org\/{rel}","templated":true}]}}