{"id":23610,"date":"2024-08-05T10:59:25","date_gmt":"2024-08-05T07:59:25","guid":{"rendered":"https:\/\/moozapro.com\/produktas\/treasures-keratin-plus-sampuns\/"},"modified":"2025-07-28T18:28:11","modified_gmt":"2025-07-28T15:28:11","slug":"treasures-keratin-plus-sampuns","status":"publish","type":"product","link":"https:\/\/moozapro.com\/lv\/produktas\/treasures-keratin-plus-sampuns\/","title":{"rendered":"TREASURES KERATIN PLUS \u0161amp\u016bns"},"content":{"rendered":"\t\t<div data-elementor-type=\"product-post\" data-elementor-id=\"23610\" class=\"elementor elementor-23610 elementor-16536\" data-elementor-post-type=\"product\">\n\t\t\t\t\t\t<section class=\"elementor-section elementor-top-section elementor-element elementor-element-1c3601c8 elementor-section-boxed elementor-section-height-default elementor-section-height-default\" data-id=\"1c3601c8\" data-element_type=\"section\">\n\t\t\t\t\t\t<div class=\"elementor-container elementor-column-gap-default\">\n\t\t\t\t\t<div class=\"elementor-column elementor-col-50 elementor-top-column elementor-element elementor-element-3d90ecbe kitify-col-width-auto-no kitify-disable-relative-no\" data-id=\"3d90ecbe\" data-element_type=\"column\" data-settings=\"{&quot;background_background&quot;:&quot;classic&quot;}\">\n\t\t\t<div class=\"elementor-widget-wrap elementor-element-populated\">\n\t\t\t\t\t\t<div class=\"elementor-element elementor-element-7fa5a300 elementor-widget elementor-widget-image\" data-id=\"7fa5a300\" data-element_type=\"widget\" data-widget_type=\"image.default\">\n\t\t\t\t<div class=\"elementor-widget-container\">\n\t\t\t\t\t\t\t\t\t\t\t\t\t\t\t<img fetchpriority=\"high\" decoding=\"async\" width=\"1697\" height=\"2560\" src=\"https:\/\/moozapro.com\/wp-content\/uploads\/2022\/07\/modella-mora-scaled.jpg\" class=\"attachment-full size-full wp-image-22884\" alt=\"\" srcset=\"https:\/\/moozapro.com\/wp-content\/uploads\/2022\/07\/modella-mora-scaled.jpg 1697w, https:\/\/moozapro.com\/wp-content\/uploads\/2022\/07\/modella-mora-scaled-1000x1509.jpg 1000w, https:\/\/moozapro.com\/wp-content\/uploads\/2022\/07\/modella-mora-252x380.jpg 252w, https:\/\/moozapro.com\/wp-content\/uploads\/2022\/07\/modella-mora-259x390.jpg 259w, https:\/\/moozapro.com\/wp-content\/uploads\/2022\/07\/modella-mora-1018x1536.jpg 1018w, https:\/\/moozapro.com\/wp-content\/uploads\/2022\/07\/modella-mora-1358x2048.jpg 1358w\" sizes=\"(max-width: 1697px) 100vw, 1697px\" \/>\t\t\t\t\t\t\t\t\t\t\t\t\t\t\t<\/div>\n\t\t\t\t<\/div>\n\t\t\t\t\t<\/div>\n\t\t<\/div>\n\t\t\t\t<div class=\"elementor-column elementor-col-50 elementor-top-column elementor-element elementor-element-65745112 kitify-col-width-auto-no kitify-disable-relative-no\" data-id=\"65745112\" data-element_type=\"column\">\n\t\t\t<div class=\"elementor-widget-wrap elementor-element-populated\">\n\t\t\t\t\t\t<div class=\"elementor-element elementor-element-6505d228 elementor-widget elementor-widget-heading\" data-id=\"6505d228\" data-element_type=\"widget\" data-widget_type=\"heading.default\">\n\t\t\t\t<div class=\"elementor-widget-container\">\n\t\t\t\t\t<h2 class=\"elementor-heading-title elementor-size-default\">\"D\u0100RGUMU KERAT\u012aNS PLUS \u0160AMP\u016aNS<\/h2>\t\t\t\t<\/div>\n\t\t\t\t<\/div>\n\t\t\t\t<div class=\"elementor-element elementor-element-70aa63fd elementor-widget-divider--view-line elementor-widget elementor-widget-divider\" data-id=\"70aa63fd\" data-element_type=\"widget\" data-widget_type=\"divider.default\">\n\t\t\t\t<div class=\"elementor-widget-container\">\n\t\t\t\t\t\t\t<div class=\"elementor-divider\">\n\t\t\t<span class=\"elementor-divider-separator\">\n\t\t\t\t\t\t<\/span>\n\t\t<\/div>\n\t\t\t\t\t\t<\/div>\n\t\t\t\t<\/div>\n\t\t\t\t<div class=\"elementor-element elementor-element-69189bbf elementor-widget elementor-widget-spacer\" data-id=\"69189bbf\" data-element_type=\"widget\" data-widget_type=\"spacer.default\">\n\t\t\t\t<div class=\"elementor-widget-container\">\n\t\t\t\t\t\t\t<div class=\"elementor-spacer\">\n\t\t\t<div class=\"elementor-spacer-inner\"><\/div>\n\t\t<\/div>\n\t\t\t\t\t\t<\/div>\n\t\t\t\t<\/div>\n\t\t\t\t<div class=\"elementor-element elementor-element-7614491 elementor-widget elementor-widget-text-editor\" data-id=\"7614491\" data-element_type=\"widget\" data-widget_type=\"text-editor.default\">\n\t\t\t\t<div class=\"elementor-widget-container\">\n\t\t\t\t\t\t\t\t\t<p>&#8220;TREASURES KERATIN PLUS sagatavo\u0161anas \u0161amp\u016bns. Piem\u0113rots lieto\u0161anai pirms profesion\u0101l\u0101m proced\u016br\u0101m vai \u0101das un matu profilaktiskai att\u012br\u012b\u0161anai. <\/p><p>IZMANTO\u0160ANA:<\/p><p>\u0160amp\u016bns \u0101du un matus mazg\u0101 divas reizes, pirmo skalo\u0161anas reizi piln\u012bb\u0101 neizskalojot, bet otro skalo\u0161anas reizi piln\u012bb\u0101 izskalojot un iz\u017e\u0101v\u0113jot matus.  <\/p><p>P\u0113c mazg\u0101\u0161anas turpiniet proced\u016bru saska\u0146\u0101 ar izv\u0113l\u0113to proced\u016bras protokolu, lai ieg\u016btu v\u0113lamo rezult\u0101tu.  <\/p><p>\u0160is \u0161amp\u016bns no galvas \u0101das un matiem no\u0146em visus net\u012brumus, efekt\u012bvi att\u012bra tos un sagatavo matus v\u0113lamajai atjaunojo\u0161ajai vai iztaisnojo\u0161ajai proced\u016brai.<\/p><p>Piem\u0113rots lieto\u0161anai k\u0101 att\u012bro\u0161s l\u012bdzeklis reizi ned\u0113\u013c\u0101, lai no\u0146emtu uzkr\u0101tos net\u012brumus (produktus) no matiem un \u0101das.  <\/p><p>Ietilp\u012bba: 150 ml.<\/p>\t\t\t\t\t\t\t\t<\/div>\n\t\t\t\t<\/div>\n\t\t\t\t\t<\/div>\n\t\t<\/div>\n\t\t\t\t\t<\/div>\n\t\t<\/section>\n\t\t\t\t<\/div>\n\t\t","protected":false},"excerpt":{"rendered":"<p>&#8220;D\u0100RGUMU KERAT\u012aNS PLUS \u0160AMP\u016aNS &#8220;TREASURES KERATIN PLUS sagatavo\u0161anas \u0161amp\u016bns. Piem\u0113rots lieto\u0161anai pirms profesion\u0101l\u0101m proced\u016br\u0101m vai \u0101das un matu profilaktiskai att\u012br\u012b\u0161anai. IZMANTO\u0160ANA: \u0160amp\u016bns \u0101du un matus mazg\u0101 divas reizes, pirmo skalo\u0161anas reizi piln\u012bb\u0101 neizskalojot, bet otro skalo\u0161anas reizi piln\u012bb\u0101 izskalojot un iz\u017e\u0101v\u0113jot matus. P\u0113c mazg\u0101\u0161anas turpiniet proced\u016bru saska\u0146\u0101 ar izv\u0113l\u0113to proced\u016bras protokolu, lai ieg\u016btu v\u0113lamo rezult\u0101tu. \u0160is \u0161amp\u016bns no galvas \u0101das\u2026<\/p>\n","protected":false},"featured_media":22886,"comment_status":"open","ping_status":"closed","template":"","meta":[],"product_brand":[],"product_cat":[480],"product_tag":[],"class_list":{"0":"post-23610","1":"product","2":"type-product","3":"status-publish","4":"has-post-thumbnail","6":"product_cat-produkti-profesionaliem","8":"first","9":"instock","10":"taxable","11":"shipping-taxable","12":"purchasable","13":"product-type-variable"},"yoast_head":"<!-- This site is optimized with the Yoast SEO plugin v26.3 - https:\/\/yoast.com\/wordpress\/plugins\/seo\/ -->\n<title>TREASURES KERATIN PLUS \u0161amp\u016bns | Mooza Pro<\/title>\n<meta name=\"description\" content=\"Sagatavo\u0161anas \u0161amp\u016bns, kas sagatavo \u0101du un matus pirms proced\u016bras vai ko izmanto k\u0101 att\u012bro\u0161u l\u012bdzekli, lai no matiem no\u0146emtu l\u012bdzek\u013ca atliekas.\" \/>\n<meta name=\"robots\" content=\"index, follow, max-snippet:-1, max-image-preview:large, max-video-preview:-1\" \/>\n<link rel=\"canonical\" href=\"https:\/\/moozapro.com\/lv\/produktas\/treasures-keratin-plus-sampuns\/\" \/>\n<meta property=\"og:locale\" content=\"lv_LV\" \/>\n<meta property=\"og:type\" content=\"article\" \/>\n<meta property=\"og:title\" content=\"TREASURES KERATIN PLUS \u0161amp\u016bns | Mooza Pro\" \/>\n<meta property=\"og:description\" content=\"Sagatavo\u0161anas \u0161amp\u016bns, kas sagatavo \u0101du un matus pirms proced\u016bras vai ko izmanto k\u0101 att\u012bro\u0161u l\u012bdzekli, lai no matiem no\u0146emtu l\u012bdzek\u013ca atliekas.\" \/>\n<meta property=\"og:url\" content=\"https:\/\/moozapro.com\/lv\/produktas\/treasures-keratin-plus-sampuns\/\" \/>\n<meta property=\"og:site_name\" content=\"Mooza Pro\" \/>\n<meta property=\"article:publisher\" content=\"https:\/\/www.facebook.com\/moozabeauty\" \/>\n<meta property=\"article:modified_time\" content=\"2025-07-28T15:28:11+00:00\" \/>\n<meta property=\"og:image\" content=\"https:\/\/moozapro.com\/wp-content\/uploads\/2022\/07\/KP_Treasures_Shampoo_150ml.png\" \/>\n\t<meta property=\"og:image:width\" content=\"3500\" \/>\n\t<meta property=\"og:image:height\" content=\"4950\" \/>\n\t<meta property=\"og:image:type\" content=\"image\/png\" \/>\n<meta name=\"twitter:card\" content=\"summary_large_image\" \/>\n<meta name=\"twitter:label1\" content=\"Est. reading time\" \/>\n\t<meta name=\"twitter:data1\" content=\"1 minute\" \/>\n<script type=\"application\/ld+json\" class=\"yoast-schema-graph\">{\"@context\":\"https:\/\/schema.org\",\"@graph\":[{\"@type\":\"WebPage\",\"@id\":\"https:\/\/moozapro.com\/lv\/produktas\/treasures-keratin-plus-sampuns\/\",\"url\":\"https:\/\/moozapro.com\/lv\/produktas\/treasures-keratin-plus-sampuns\/\",\"name\":\"TREASURES KERATIN PLUS \u0161amp\u016bns | Mooza Pro\",\"isPartOf\":{\"@id\":\"https:\/\/moozapro.com\/lv\/#website\"},\"primaryImageOfPage\":{\"@id\":\"https:\/\/moozapro.com\/lv\/produktas\/treasures-keratin-plus-sampuns\/#primaryimage\"},\"image\":{\"@id\":\"https:\/\/moozapro.com\/lv\/produktas\/treasures-keratin-plus-sampuns\/#primaryimage\"},\"thumbnailUrl\":\"https:\/\/moozapro.com\/wp-content\/uploads\/2022\/07\/KP_Treasures_Shampoo_150ml-scaled.png\",\"datePublished\":\"2024-08-05T07:59:25+00:00\",\"dateModified\":\"2025-07-28T15:28:11+00:00\",\"description\":\"Sagatavo\u0161anas \u0161amp\u016bns, kas sagatavo \u0101du un matus pirms proced\u016bras vai ko izmanto k\u0101 att\u012bro\u0161u l\u012bdzekli, lai no matiem no\u0146emtu l\u012bdzek\u013ca atliekas.\",\"breadcrumb\":{\"@id\":\"https:\/\/moozapro.com\/lv\/produktas\/treasures-keratin-plus-sampuns\/#breadcrumb\"},\"inLanguage\":\"lv-LV\",\"potentialAction\":[{\"@type\":\"ReadAction\",\"target\":[\"https:\/\/moozapro.com\/lv\/produktas\/treasures-keratin-plus-sampuns\/\"]}]},{\"@type\":\"ImageObject\",\"inLanguage\":\"lv-LV\",\"@id\":\"https:\/\/moozapro.com\/lv\/produktas\/treasures-keratin-plus-sampuns\/#primaryimage\",\"url\":\"https:\/\/moozapro.com\/wp-content\/uploads\/2022\/07\/KP_Treasures_Shampoo_150ml-scaled.png\",\"contentUrl\":\"https:\/\/moozapro.com\/wp-content\/uploads\/2022\/07\/KP_Treasures_Shampoo_150ml-scaled.png\",\"width\":1810,\"height\":2560,\"caption\":\"d\u0101rgumu \u0161amp\u016bns\"},{\"@type\":\"BreadcrumbList\",\"@id\":\"https:\/\/moozapro.com\/lv\/produktas\/treasures-keratin-plus-sampuns\/#breadcrumb\",\"itemListElement\":[{\"@type\":\"ListItem\",\"position\":1,\"name\":\"Galvenais\",\"item\":\"https:\/\/moozapro.com\/lv\/\"},{\"@type\":\"ListItem\",\"position\":2,\"name\":\"Visi produkti\",\"item\":\"https:\/\/moozapro.com\/lv\/shop\/\"},{\"@type\":\"ListItem\",\"position\":3,\"name\":\"TREASURES KERATIN PLUS \u0161amp\u016bns\"}]},{\"@type\":\"WebSite\",\"@id\":\"https:\/\/moozapro.com\/lv\/#website\",\"url\":\"https:\/\/moozapro.com\/lv\/\",\"name\":\"Mooza Pro\",\"description\":\"Priemon\u0117s j\u016bs\u0173 plaukams\",\"publisher\":{\"@id\":\"https:\/\/moozapro.com\/lv\/#organization\"},\"potentialAction\":[{\"@type\":\"SearchAction\",\"target\":{\"@type\":\"EntryPoint\",\"urlTemplate\":\"https:\/\/moozapro.com\/lv\/?s={search_term_string}\"},\"query-input\":{\"@type\":\"PropertyValueSpecification\",\"valueRequired\":true,\"valueName\":\"search_term_string\"}}],\"inLanguage\":\"lv-LV\"},{\"@type\":\"Organization\",\"@id\":\"https:\/\/moozapro.com\/lv\/#organization\",\"name\":\"Mooza Pro\",\"url\":\"https:\/\/moozapro.com\/lv\/\",\"logo\":{\"@type\":\"ImageObject\",\"inLanguage\":\"lv-LV\",\"@id\":\"https:\/\/moozapro.com\/lv\/#\/schema\/logo\/image\/\",\"url\":\"https:\/\/moozapro.com\/wp-content\/uploads\/2023\/11\/Mooza-Pro-mazas-logo.png\",\"contentUrl\":\"https:\/\/moozapro.com\/wp-content\/uploads\/2023\/11\/Mooza-Pro-mazas-logo.png\",\"width\":250,\"height\":103,\"caption\":\"Mooza Pro\"},\"image\":{\"@id\":\"https:\/\/moozapro.com\/lv\/#\/schema\/logo\/image\/\"},\"sameAs\":[\"https:\/\/www.facebook.com\/moozabeauty\"]}]}<\/script>\n<!-- \/ Yoast SEO plugin. -->","yoast_head_json":{"title":"TREASURES KERATIN PLUS \u0161amp\u016bns | Mooza Pro","description":"Sagatavo\u0161anas \u0161amp\u016bns, kas sagatavo \u0101du un matus pirms proced\u016bras vai ko izmanto k\u0101 att\u012bro\u0161u l\u012bdzekli, lai no matiem no\u0146emtu l\u012bdzek\u013ca atliekas.","robots":{"index":"index","follow":"follow","max-snippet":"max-snippet:-1","max-image-preview":"max-image-preview:large","max-video-preview":"max-video-preview:-1"},"canonical":"https:\/\/moozapro.com\/lv\/produktas\/treasures-keratin-plus-sampuns\/","og_locale":"lv_LV","og_type":"article","og_title":"TREASURES KERATIN PLUS \u0161amp\u016bns | Mooza Pro","og_description":"Sagatavo\u0161anas \u0161amp\u016bns, kas sagatavo \u0101du un matus pirms proced\u016bras vai ko izmanto k\u0101 att\u012bro\u0161u l\u012bdzekli, lai no matiem no\u0146emtu l\u012bdzek\u013ca atliekas.","og_url":"https:\/\/moozapro.com\/lv\/produktas\/treasures-keratin-plus-sampuns\/","og_site_name":"Mooza Pro","article_publisher":"https:\/\/www.facebook.com\/moozabeauty","article_modified_time":"2025-07-28T15:28:11+00:00","og_image":[{"width":3500,"height":4950,"url":"https:\/\/moozapro.com\/wp-content\/uploads\/2022\/07\/KP_Treasures_Shampoo_150ml.png","type":"image\/png"}],"twitter_card":"summary_large_image","twitter_misc":{"Est. reading time":"1 minute"},"schema":{"@context":"https:\/\/schema.org","@graph":[{"@type":"WebPage","@id":"https:\/\/moozapro.com\/lv\/produktas\/treasures-keratin-plus-sampuns\/","url":"https:\/\/moozapro.com\/lv\/produktas\/treasures-keratin-plus-sampuns\/","name":"TREASURES KERATIN PLUS \u0161amp\u016bns | Mooza Pro","isPartOf":{"@id":"https:\/\/moozapro.com\/lv\/#website"},"primaryImageOfPage":{"@id":"https:\/\/moozapro.com\/lv\/produktas\/treasures-keratin-plus-sampuns\/#primaryimage"},"image":{"@id":"https:\/\/moozapro.com\/lv\/produktas\/treasures-keratin-plus-sampuns\/#primaryimage"},"thumbnailUrl":"https:\/\/moozapro.com\/wp-content\/uploads\/2022\/07\/KP_Treasures_Shampoo_150ml-scaled.png","datePublished":"2024-08-05T07:59:25+00:00","dateModified":"2025-07-28T15:28:11+00:00","description":"Sagatavo\u0161anas \u0161amp\u016bns, kas sagatavo \u0101du un matus pirms proced\u016bras vai ko izmanto k\u0101 att\u012bro\u0161u l\u012bdzekli, lai no matiem no\u0146emtu l\u012bdzek\u013ca atliekas.","breadcrumb":{"@id":"https:\/\/moozapro.com\/lv\/produktas\/treasures-keratin-plus-sampuns\/#breadcrumb"},"inLanguage":"lv-LV","potentialAction":[{"@type":"ReadAction","target":["https:\/\/moozapro.com\/lv\/produktas\/treasures-keratin-plus-sampuns\/"]}]},{"@type":"ImageObject","inLanguage":"lv-LV","@id":"https:\/\/moozapro.com\/lv\/produktas\/treasures-keratin-plus-sampuns\/#primaryimage","url":"https:\/\/moozapro.com\/wp-content\/uploads\/2022\/07\/KP_Treasures_Shampoo_150ml-scaled.png","contentUrl":"https:\/\/moozapro.com\/wp-content\/uploads\/2022\/07\/KP_Treasures_Shampoo_150ml-scaled.png","width":1810,"height":2560,"caption":"d\u0101rgumu \u0161amp\u016bns"},{"@type":"BreadcrumbList","@id":"https:\/\/moozapro.com\/lv\/produktas\/treasures-keratin-plus-sampuns\/#breadcrumb","itemListElement":[{"@type":"ListItem","position":1,"name":"Galvenais","item":"https:\/\/moozapro.com\/lv\/"},{"@type":"ListItem","position":2,"name":"Visi produkti","item":"https:\/\/moozapro.com\/lv\/shop\/"},{"@type":"ListItem","position":3,"name":"TREASURES KERATIN PLUS \u0161amp\u016bns"}]},{"@type":"WebSite","@id":"https:\/\/moozapro.com\/lv\/#website","url":"https:\/\/moozapro.com\/lv\/","name":"Mooza Pro","description":"Priemon\u0117s j\u016bs\u0173 plaukams","publisher":{"@id":"https:\/\/moozapro.com\/lv\/#organization"},"potentialAction":[{"@type":"SearchAction","target":{"@type":"EntryPoint","urlTemplate":"https:\/\/moozapro.com\/lv\/?s={search_term_string}"},"query-input":{"@type":"PropertyValueSpecification","valueRequired":true,"valueName":"search_term_string"}}],"inLanguage":"lv-LV"},{"@type":"Organization","@id":"https:\/\/moozapro.com\/lv\/#organization","name":"Mooza Pro","url":"https:\/\/moozapro.com\/lv\/","logo":{"@type":"ImageObject","inLanguage":"lv-LV","@id":"https:\/\/moozapro.com\/lv\/#\/schema\/logo\/image\/","url":"https:\/\/moozapro.com\/wp-content\/uploads\/2023\/11\/Mooza-Pro-mazas-logo.png","contentUrl":"https:\/\/moozapro.com\/wp-content\/uploads\/2023\/11\/Mooza-Pro-mazas-logo.png","width":250,"height":103,"caption":"Mooza Pro"},"image":{"@id":"https:\/\/moozapro.com\/lv\/#\/schema\/logo\/image\/"},"sameAs":["https:\/\/www.facebook.com\/moozabeauty"]}]}},"_links":{"self":[{"href":"https:\/\/moozapro.com\/lv\/wp-json\/wp\/v2\/product\/23610","targetHints":{"allow":["GET"]}}],"collection":[{"href":"https:\/\/moozapro.com\/lv\/wp-json\/wp\/v2\/product"}],"about":[{"href":"https:\/\/moozapro.com\/lv\/wp-json\/wp\/v2\/types\/product"}],"replies":[{"embeddable":true,"href":"https:\/\/moozapro.com\/lv\/wp-json\/wp\/v2\/comments?post=23610"}],"version-history":[{"count":2,"href":"https:\/\/moozapro.com\/lv\/wp-json\/wp\/v2\/product\/23610\/revisions"}],"predecessor-version":[{"id":31409,"href":"https:\/\/moozapro.com\/lv\/wp-json\/wp\/v2\/product\/23610\/revisions\/31409"}],"wp:featuredmedia":[{"embeddable":true,"href":"https:\/\/moozapro.com\/lv\/wp-json\/wp\/v2\/media\/22886"}],"wp:attachment":[{"href":"https:\/\/moozapro.com\/lv\/wp-json\/wp\/v2\/media?parent=23610"}],"wp:term":[{"taxonomy":"product_brand","embeddable":true,"href":"https:\/\/moozapro.com\/lv\/wp-json\/wp\/v2\/product_brand?post=23610"},{"taxonomy":"product_cat","embeddable":true,"href":"https:\/\/moozapro.com\/lv\/wp-json\/wp\/v2\/product_cat?post=23610"},{"taxonomy":"product_tag","embeddable":true,"href":"https:\/\/moozapro.com\/lv\/wp-json\/wp\/v2\/product_tag?post=23610"}],"curies":[{"name":"wp","href":"https:\/\/api.w.org\/{rel}","templated":true}]}}