{"id":23676,"date":"2022-10-13T17:01:55","date_gmt":"2024-08-05T08:15:23","guid":{"rendered":"https:\/\/moozapro.com\/produktas\/vienreizlietojamie-dzimumlocekli-50-gab\/"},"modified":"2025-07-11T16:15:26","modified_gmt":"2025-07-11T13:15:26","slug":"vienreizlietojamie-dzimumlocekli-50-gab","status":"publish","type":"product","link":"https:\/\/moozapro.com\/lv\/produktas\/vienreizlietojamie-dzimumlocekli-50-gab\/","title":{"rendered":"Vienreizlietojamie dzimumlocek\u013ci (50 gab.)"},"content":{"rendered":"<p>Augstas iztur\u012bbas polietil\u0113na viengabala matu uzlikas matu proced\u016br\u0101m un kr\u0101so\u0161anai.<\/p>\n","protected":false},"excerpt":{"rendered":"<p>Augstas iztur\u012bbas polietil\u0113na viengabala matu uzlikas matu proced\u016br\u0101m un kr\u0101so\u0161anai.<\/p>\n","protected":false},"featured_media":23075,"comment_status":"open","ping_status":"closed","template":"","meta":[],"product_brand":[],"product_cat":[480],"product_tag":[],"class_list":{"0":"post-23676","1":"product","2":"type-product","3":"status-publish","4":"has-post-thumbnail","6":"product_cat-produkti-profesionaliem","8":"first","9":"instock","10":"taxable","11":"shipping-taxable","12":"purchasable","13":"product-type-simple"},"yoast_head":"<!-- This site is optimized with the Yoast SEO plugin v27.4 - https:\/\/yoast.com\/product\/yoast-seo-wordpress\/ -->\n<title>Vienreizlietojamie dzimumlocek\u013ci (50 gab.) | Mooza Pro<\/title>\n<meta name=\"description\" content=\"\u013boti iztur\u012bgi vienreizlietojamie locek\u013ci.\" \/>\n<meta name=\"robots\" content=\"index, follow, max-snippet:-1, max-image-preview:large, max-video-preview:-1\" \/>\n<link rel=\"canonical\" href=\"https:\/\/moozapro.com\/lv\/produktas\/vienreizlietojamie-dzimumlocekli-50-gab\/\" \/>\n<meta property=\"og:locale\" content=\"lv_LV\" \/>\n<meta property=\"og:type\" content=\"article\" \/>\n<meta property=\"og:title\" content=\"Vienreizlietojamie dzimumlocek\u013ci (50 gab.) | Mooza Pro\" \/>\n<meta property=\"og:description\" content=\"\u013boti iztur\u012bgi vienreizlietojamie locek\u013ci.\" \/>\n<meta property=\"og:url\" content=\"https:\/\/moozapro.com\/lv\/produktas\/vienreizlietojamie-dzimumlocekli-50-gab\/\" \/>\n<meta property=\"og:site_name\" content=\"Mooza Pro\" \/>\n<meta property=\"article:publisher\" content=\"https:\/\/www.facebook.com\/moozabeauty\" \/>\n<meta property=\"article:modified_time\" content=\"2025-07-11T13:15:26+00:00\" \/>\n<meta property=\"og:image\" content=\"https:\/\/moozapro.com\/wp-content\/uploads\/2022\/10\/7.png\" \/>\n\t<meta property=\"og:image:width\" content=\"1748\" \/>\n\t<meta property=\"og:image:height\" content=\"1240\" \/>\n\t<meta property=\"og:image:type\" content=\"image\/png\" \/>\n<meta name=\"twitter:card\" content=\"summary_large_image\" \/>\n<script type=\"application\/ld+json\" class=\"yoast-schema-graph\">{\"@context\":\"https:\\\/\\\/schema.org\",\"@graph\":[{\"@type\":\"WebPage\",\"@id\":\"https:\\\/\\\/moozapro.com\\\/lv\\\/produktas\\\/vienreizlietojamie-dzimumlocekli-50-gab\\\/\",\"url\":\"https:\\\/\\\/moozapro.com\\\/lv\\\/produktas\\\/vienreizlietojamie-dzimumlocekli-50-gab\\\/\",\"name\":\"Vienreizlietojamie dzimumlocek\u013ci (50 gab.) | Mooza Pro\",\"isPartOf\":{\"@id\":\"https:\\\/\\\/moozapro.com\\\/lv\\\/#website\"},\"primaryImageOfPage\":{\"@id\":\"https:\\\/\\\/moozapro.com\\\/lv\\\/produktas\\\/vienreizlietojamie-dzimumlocekli-50-gab\\\/#primaryimage\"},\"image\":{\"@id\":\"https:\\\/\\\/moozapro.com\\\/lv\\\/produktas\\\/vienreizlietojamie-dzimumlocekli-50-gab\\\/#primaryimage\"},\"thumbnailUrl\":\"https:\\\/\\\/moozapro.com\\\/wp-content\\\/uploads\\\/2022\\\/10\\\/7.png\",\"datePublished\":\"2024-08-05T08:15:23+00:00\",\"dateModified\":\"2025-07-11T13:15:26+00:00\",\"description\":\"\u013boti iztur\u012bgi vienreizlietojamie locek\u013ci.\",\"breadcrumb\":{\"@id\":\"https:\\\/\\\/moozapro.com\\\/lv\\\/produktas\\\/vienreizlietojamie-dzimumlocekli-50-gab\\\/#breadcrumb\"},\"inLanguage\":\"lv-LV\",\"potentialAction\":[{\"@type\":\"ReadAction\",\"target\":[\"https:\\\/\\\/moozapro.com\\\/lv\\\/produktas\\\/vienreizlietojamie-dzimumlocekli-50-gab\\\/\"]}]},{\"@type\":\"ImageObject\",\"inLanguage\":\"lv-LV\",\"@id\":\"https:\\\/\\\/moozapro.com\\\/lv\\\/produktas\\\/vienreizlietojamie-dzimumlocekli-50-gab\\\/#primaryimage\",\"url\":\"https:\\\/\\\/moozapro.com\\\/wp-content\\\/uploads\\\/2022\\\/10\\\/7.png\",\"contentUrl\":\"https:\\\/\\\/moozapro.com\\\/wp-content\\\/uploads\\\/2022\\\/10\\\/7.png\",\"width\":1748,\"height\":1240},{\"@type\":\"BreadcrumbList\",\"@id\":\"https:\\\/\\\/moozapro.com\\\/lv\\\/produktas\\\/vienreizlietojamie-dzimumlocekli-50-gab\\\/#breadcrumb\",\"itemListElement\":[{\"@type\":\"ListItem\",\"position\":1,\"name\":\"Galvenais\",\"item\":\"https:\\\/\\\/moozapro.com\\\/lv\\\/\"},{\"@type\":\"ListItem\",\"position\":2,\"name\":\"Visi produkti\",\"item\":\"https:\\\/\\\/moozapro.com\\\/lv\\\/shop\\\/\"},{\"@type\":\"ListItem\",\"position\":3,\"name\":\"Vienreizlietojamie dzimumlocek\u013ci (50 gab.)\"}]},{\"@type\":\"WebSite\",\"@id\":\"https:\\\/\\\/moozapro.com\\\/lv\\\/#website\",\"url\":\"https:\\\/\\\/moozapro.com\\\/lv\\\/\",\"name\":\"Mooza Pro\",\"description\":\"Priemon\u0117s j\u016bs\u0173 plaukams\",\"publisher\":{\"@id\":\"https:\\\/\\\/moozapro.com\\\/lv\\\/#organization\"},\"potentialAction\":[{\"@type\":\"SearchAction\",\"target\":{\"@type\":\"EntryPoint\",\"urlTemplate\":\"https:\\\/\\\/moozapro.com\\\/lv\\\/?s={search_term_string}\"},\"query-input\":{\"@type\":\"PropertyValueSpecification\",\"valueRequired\":true,\"valueName\":\"search_term_string\"}}],\"inLanguage\":\"lv-LV\"},{\"@type\":\"Organization\",\"@id\":\"https:\\\/\\\/moozapro.com\\\/lv\\\/#organization\",\"name\":\"Mooza Pro\",\"url\":\"https:\\\/\\\/moozapro.com\\\/lv\\\/\",\"logo\":{\"@type\":\"ImageObject\",\"inLanguage\":\"lv-LV\",\"@id\":\"https:\\\/\\\/moozapro.com\\\/lv\\\/#\\\/schema\\\/logo\\\/image\\\/\",\"url\":\"https:\\\/\\\/moozapro.com\\\/wp-content\\\/uploads\\\/2023\\\/11\\\/Mooza-Pro-mazas-logo.png\",\"contentUrl\":\"https:\\\/\\\/moozapro.com\\\/wp-content\\\/uploads\\\/2023\\\/11\\\/Mooza-Pro-mazas-logo.png\",\"width\":250,\"height\":103,\"caption\":\"Mooza Pro\"},\"image\":{\"@id\":\"https:\\\/\\\/moozapro.com\\\/lv\\\/#\\\/schema\\\/logo\\\/image\\\/\"},\"sameAs\":[\"https:\\\/\\\/www.facebook.com\\\/moozabeauty\"]}]}<\/script>\n<!-- \/ Yoast SEO plugin. -->","yoast_head_json":{"title":"Vienreizlietojamie dzimumlocek\u013ci (50 gab.) | Mooza Pro","description":"\u013boti iztur\u012bgi vienreizlietojamie locek\u013ci.","robots":{"index":"index","follow":"follow","max-snippet":"max-snippet:-1","max-image-preview":"max-image-preview:large","max-video-preview":"max-video-preview:-1"},"canonical":"https:\/\/moozapro.com\/lv\/produktas\/vienreizlietojamie-dzimumlocekli-50-gab\/","og_locale":"lv_LV","og_type":"article","og_title":"Vienreizlietojamie dzimumlocek\u013ci (50 gab.) | Mooza Pro","og_description":"\u013boti iztur\u012bgi vienreizlietojamie locek\u013ci.","og_url":"https:\/\/moozapro.com\/lv\/produktas\/vienreizlietojamie-dzimumlocekli-50-gab\/","og_site_name":"Mooza Pro","article_publisher":"https:\/\/www.facebook.com\/moozabeauty","article_modified_time":"2025-07-11T13:15:26+00:00","og_image":[{"width":1748,"height":1240,"url":"https:\/\/moozapro.com\/wp-content\/uploads\/2022\/10\/7.png","type":"image\/png"}],"twitter_card":"summary_large_image","schema":{"@context":"https:\/\/schema.org","@graph":[{"@type":"WebPage","@id":"https:\/\/moozapro.com\/lv\/produktas\/vienreizlietojamie-dzimumlocekli-50-gab\/","url":"https:\/\/moozapro.com\/lv\/produktas\/vienreizlietojamie-dzimumlocekli-50-gab\/","name":"Vienreizlietojamie dzimumlocek\u013ci (50 gab.) | Mooza Pro","isPartOf":{"@id":"https:\/\/moozapro.com\/lv\/#website"},"primaryImageOfPage":{"@id":"https:\/\/moozapro.com\/lv\/produktas\/vienreizlietojamie-dzimumlocekli-50-gab\/#primaryimage"},"image":{"@id":"https:\/\/moozapro.com\/lv\/produktas\/vienreizlietojamie-dzimumlocekli-50-gab\/#primaryimage"},"thumbnailUrl":"https:\/\/moozapro.com\/wp-content\/uploads\/2022\/10\/7.png","datePublished":"2024-08-05T08:15:23+00:00","dateModified":"2025-07-11T13:15:26+00:00","description":"\u013boti iztur\u012bgi vienreizlietojamie locek\u013ci.","breadcrumb":{"@id":"https:\/\/moozapro.com\/lv\/produktas\/vienreizlietojamie-dzimumlocekli-50-gab\/#breadcrumb"},"inLanguage":"lv-LV","potentialAction":[{"@type":"ReadAction","target":["https:\/\/moozapro.com\/lv\/produktas\/vienreizlietojamie-dzimumlocekli-50-gab\/"]}]},{"@type":"ImageObject","inLanguage":"lv-LV","@id":"https:\/\/moozapro.com\/lv\/produktas\/vienreizlietojamie-dzimumlocekli-50-gab\/#primaryimage","url":"https:\/\/moozapro.com\/wp-content\/uploads\/2022\/10\/7.png","contentUrl":"https:\/\/moozapro.com\/wp-content\/uploads\/2022\/10\/7.png","width":1748,"height":1240},{"@type":"BreadcrumbList","@id":"https:\/\/moozapro.com\/lv\/produktas\/vienreizlietojamie-dzimumlocekli-50-gab\/#breadcrumb","itemListElement":[{"@type":"ListItem","position":1,"name":"Galvenais","item":"https:\/\/moozapro.com\/lv\/"},{"@type":"ListItem","position":2,"name":"Visi produkti","item":"https:\/\/moozapro.com\/lv\/shop\/"},{"@type":"ListItem","position":3,"name":"Vienreizlietojamie dzimumlocek\u013ci (50 gab.)"}]},{"@type":"WebSite","@id":"https:\/\/moozapro.com\/lv\/#website","url":"https:\/\/moozapro.com\/lv\/","name":"Mooza Pro","description":"Priemon\u0117s j\u016bs\u0173 plaukams","publisher":{"@id":"https:\/\/moozapro.com\/lv\/#organization"},"potentialAction":[{"@type":"SearchAction","target":{"@type":"EntryPoint","urlTemplate":"https:\/\/moozapro.com\/lv\/?s={search_term_string}"},"query-input":{"@type":"PropertyValueSpecification","valueRequired":true,"valueName":"search_term_string"}}],"inLanguage":"lv-LV"},{"@type":"Organization","@id":"https:\/\/moozapro.com\/lv\/#organization","name":"Mooza Pro","url":"https:\/\/moozapro.com\/lv\/","logo":{"@type":"ImageObject","inLanguage":"lv-LV","@id":"https:\/\/moozapro.com\/lv\/#\/schema\/logo\/image\/","url":"https:\/\/moozapro.com\/wp-content\/uploads\/2023\/11\/Mooza-Pro-mazas-logo.png","contentUrl":"https:\/\/moozapro.com\/wp-content\/uploads\/2023\/11\/Mooza-Pro-mazas-logo.png","width":250,"height":103,"caption":"Mooza Pro"},"image":{"@id":"https:\/\/moozapro.com\/lv\/#\/schema\/logo\/image\/"},"sameAs":["https:\/\/www.facebook.com\/moozabeauty"]}]}},"_links":{"self":[{"href":"https:\/\/moozapro.com\/lv\/wp-json\/wp\/v2\/product\/23676","targetHints":{"allow":["GET"]}}],"collection":[{"href":"https:\/\/moozapro.com\/lv\/wp-json\/wp\/v2\/product"}],"about":[{"href":"https:\/\/moozapro.com\/lv\/wp-json\/wp\/v2\/types\/product"}],"replies":[{"embeddable":true,"href":"https:\/\/moozapro.com\/lv\/wp-json\/wp\/v2\/comments?post=23676"}],"version-history":[{"count":1,"href":"https:\/\/moozapro.com\/lv\/wp-json\/wp\/v2\/product\/23676\/revisions"}],"predecessor-version":[{"id":30181,"href":"https:\/\/moozapro.com\/lv\/wp-json\/wp\/v2\/product\/23676\/revisions\/30181"}],"wp:featuredmedia":[{"embeddable":true,"href":"https:\/\/moozapro.com\/lv\/wp-json\/wp\/v2\/media\/23075"}],"wp:attachment":[{"href":"https:\/\/moozapro.com\/lv\/wp-json\/wp\/v2\/media?parent=23676"}],"wp:term":[{"taxonomy":"product_brand","embeddable":true,"href":"https:\/\/moozapro.com\/lv\/wp-json\/wp\/v2\/product_brand?post=23676"},{"taxonomy":"product_cat","embeddable":true,"href":"https:\/\/moozapro.com\/lv\/wp-json\/wp\/v2\/product_cat?post=23676"},{"taxonomy":"product_tag","embeddable":true,"href":"https:\/\/moozapro.com\/lv\/wp-json\/wp\/v2\/product_tag?post=23676"}],"curies":[{"name":"wp","href":"https:\/\/api.w.org\/{rel}","templated":true}]}}