{"id":23677,"date":"2022-10-20T13:02:37","date_gmt":"2022-10-20T10:02:37","guid":{"rendered":"https:\/\/moozapro.com\/produktas\/oxilock-reset\/"},"modified":"2025-11-18T12:18:42","modified_gmt":"2025-11-18T10:18:42","slug":"oxilock-reset","status":"publish","type":"product","link":"https:\/\/moozapro.com\/lv\/produktas\/oxilock-reset\/","title":{"rendered":"Oxilock RESET"},"content":{"rendered":"\t\t<div data-elementor-type=\"product-post\" data-elementor-id=\"23677\" class=\"elementor elementor-23677 elementor-18185\" data-elementor-post-type=\"product\">\n\t\t\t\t\t\t<section class=\"elementor-section elementor-top-section elementor-element elementor-element-24ec7054 elementor-section-boxed elementor-section-height-default elementor-section-height-default\" data-id=\"24ec7054\" data-element_type=\"section\" data-e-type=\"section\">\n\t\t\t\t\t\t<div class=\"elementor-container elementor-column-gap-default\">\n\t\t\t\t\t<div class=\"elementor-column elementor-col-50 elementor-top-column elementor-element elementor-element-5c891610 kitify-col-width-auto-no kitify-disable-relative-no\" data-id=\"5c891610\" data-element_type=\"column\" data-e-type=\"column\" data-settings=\"{&quot;background_background&quot;:&quot;classic&quot;}\">\n\t\t\t<div class=\"elementor-widget-wrap elementor-element-populated\">\n\t\t\t\t\t\t<div class=\"elementor-element elementor-element-792bcf62 elementor-widget elementor-widget-image\" data-id=\"792bcf62\" data-element_type=\"widget\" data-e-type=\"widget\" data-widget_type=\"image.default\">\n\t\t\t\t<div class=\"elementor-widget-container\">\n\t\t\t\t\t\t\t\t\t\t\t\t\t\t\t<img fetchpriority=\"high\" decoding=\"async\" width=\"2211\" height=\"2560\" src=\"https:\/\/moozapro.com\/wp-content\/uploads\/2022\/09\/Picture-3-scaled.jpg\" class=\"attachment-full size-full wp-image-23051\" alt=\"\" srcset=\"https:\/\/moozapro.com\/wp-content\/uploads\/2022\/09\/Picture-3-scaled.jpg 2211w, https:\/\/moozapro.com\/wp-content\/uploads\/2022\/09\/Picture-3-scaled-1000x1158.jpg 1000w, https:\/\/moozapro.com\/wp-content\/uploads\/2022\/09\/Picture-3-750x868.jpg 750w, https:\/\/moozapro.com\/wp-content\/uploads\/2022\/09\/Picture-3-864x1000.jpg 864w, https:\/\/moozapro.com\/wp-content\/uploads\/2022\/09\/Picture-3-1327x1536.jpg 1327w, https:\/\/moozapro.com\/wp-content\/uploads\/2022\/09\/Picture-3-1769x2048.jpg 1769w\" sizes=\"(max-width: 2211px) 100vw, 2211px\" \/>\t\t\t\t\t\t\t\t\t\t\t\t\t\t\t<\/div>\n\t\t\t\t<\/div>\n\t\t\t\t\t<\/div>\n\t\t<\/div>\n\t\t\t\t<div class=\"elementor-column elementor-col-50 elementor-top-column elementor-element elementor-element-5716f3e5 kitify-col-width-auto-no kitify-disable-relative-no\" data-id=\"5716f3e5\" data-element_type=\"column\" data-e-type=\"column\">\n\t\t\t<div class=\"elementor-widget-wrap elementor-element-populated\">\n\t\t\t\t\t\t<div class=\"elementor-element elementor-element-41233eaf elementor-widget elementor-widget-heading\" data-id=\"41233eaf\" data-element_type=\"widget\" data-e-type=\"widget\" data-widget_type=\"heading.default\">\n\t\t\t\t<div class=\"elementor-widget-container\">\n\t\t\t\t\t<h2 class=\"elementor-heading-title elementor-size-default\">Dzi\u013ci att\u012bra, nemainot matu kr\u0101su un tekst\u016bru.\nTikai profesion\u0101lai lieto\u0161anai.  <\/h2>\t\t\t\t<\/div>\n\t\t\t\t<\/div>\n\t\t\t\t<div class=\"elementor-element elementor-element-48afe1a elementor-widget-divider--view-line elementor-widget elementor-widget-divider\" data-id=\"48afe1a\" data-element_type=\"widget\" data-e-type=\"widget\" data-widget_type=\"divider.default\">\n\t\t\t\t<div class=\"elementor-widget-container\">\n\t\t\t\t\t\t\t<div class=\"elementor-divider\">\n\t\t\t<span class=\"elementor-divider-separator\">\n\t\t\t\t\t\t<\/span>\n\t\t<\/div>\n\t\t\t\t\t\t<\/div>\n\t\t\t\t<\/div>\n\t\t\t\t<div class=\"elementor-element elementor-element-5ee5395b elementor-widget elementor-widget-spacer\" data-id=\"5ee5395b\" data-element_type=\"widget\" data-e-type=\"widget\" data-widget_type=\"spacer.default\">\n\t\t\t\t<div class=\"elementor-widget-container\">\n\t\t\t\t\t\t\t<div class=\"elementor-spacer\">\n\t\t\t<div class=\"elementor-spacer-inner\"><\/div>\n\t\t<\/div>\n\t\t\t\t\t\t<\/div>\n\t\t\t\t<\/div>\n\t\t\t\t<div class=\"elementor-element elementor-element-9ce8d29 elementor-widget elementor-widget-text-editor\" data-id=\"9ce8d29\" data-element_type=\"widget\" data-e-type=\"widget\" data-widget_type=\"text-editor.default\">\n\t\t\t\t<div class=\"elementor-widget-container\">\n\t\t\t\t\t\t\t\t\t<p>&#8220;T\u012bras lapas\" gad\u012bjum\u0101 m\u0113s to sauktu par RESET proced\u016bru. Sagatavo\u0161anas proced\u016bra, ko var izmantot pirms kr\u0101so\u0161anas, balin\u0101\u0161anas, \u0101rst\u0113\u0161anas vai k\u0101 atsevi\u0161\u0137u proced\u016bru.   <\/p><p>Atjaunot \u0101rst\u0113\u0161ana ir sabalans\u0113ta visiem matu tipiem:<\/p><ul><li>no\u0146em smagos met\u0101lus.<\/li><li>no\u0146em hloru  <\/li><li>no\u0146em produktu atliekas un nos\u0113dumus.<\/li><li>no\u0146em iepriek\u0161\u0113j\u0101s apstr\u0101des atliekas.<\/li><\/ul><p>Sagatavo matus, lai tie absorb\u0113tu akt\u012bv\u0101s sast\u0101vda\u013cas, \u013caujot dro\u0161i veidot t\u012bras kr\u0101sas un veikt balin\u0101\u0161anas proced\u016bras.<\/p><p>Lieto\u0161ana:<\/p><ol><li>\u0160amp\u016bns matiem (uzlabo\u0161ana)<\/li><li>Sajauciet iepakojuma saturu ar \u016bdeni. Izkl\u0101jiet pa visu matu garumu. <\/li><li>Atst\u0101jiet iedarboties uz 5-55 min\u016btes, p\u0113c tam noskalojiet.  <\/li><li>Citas proced\u016bras.  <\/li><\/ol>\t\t\t\t\t\t\t\t<\/div>\n\t\t\t\t<\/div>\n\t\t\t\t\t<\/div>\n\t\t<\/div>\n\t\t\t\t\t<\/div>\n\t\t<\/section>\n\t\t\t\t<\/div>\n\t\t","protected":false},"excerpt":{"rendered":"<p>Dzi\u013ci att\u012bra, nemainot matu kr\u0101su un tekst\u016bru. Tikai profesion\u0101lai lieto\u0161anai. &#8220;T\u012bras lapas\" gad\u012bjum\u0101 m\u0113s to sauktu par RESET proced\u016bru. Sagatavo\u0161anas proced\u016bra, ko var izmantot pirms kr\u0101so\u0161anas, balin\u0101\u0161anas, \u0101rst\u0113\u0161anas vai k\u0101 atsevi\u0161\u0137u proced\u016bru. Atjaunot \u0101rst\u0113\u0161ana ir sabalans\u0113ta visiem matu tipiem: no\u0146em smagos met\u0101lus. no\u0146em hloru no\u0146em produktu atliekas un nos\u0113dumus. no\u0146em iepriek\u0161\u0113j\u0101s apstr\u0101des atliekas. Sagatavo matus, lai tie absorb\u0113tu akt\u012bv\u0101s sast\u0101vda\u013cas,\u2026<\/p>\n","protected":false},"featured_media":23072,"comment_status":"open","ping_status":"closed","template":"","meta":[],"product_brand":[],"product_cat":[480],"product_tag":[],"class_list":{"0":"post-23677","1":"product","2":"type-product","3":"status-publish","4":"has-post-thumbnail","6":"product_cat-produkti-profesionaliem","8":"first","9":"instock","10":"featured","11":"taxable","12":"shipping-taxable","13":"purchasable","14":"product-type-simple"},"yoast_head":"<!-- This site is optimized with the Yoast SEO plugin v27.4 - https:\/\/yoast.com\/product\/yoast-seo-wordpress\/ -->\n<title>Oxilock RESET | Mooza Pro<\/title>\n<meta name=\"robots\" content=\"index, follow, max-snippet:-1, max-image-preview:large, max-video-preview:-1\" \/>\n<link rel=\"canonical\" href=\"https:\/\/moozapro.com\/lv\/produktas\/oxilock-reset\/\" \/>\n<meta property=\"og:locale\" content=\"lv_LV\" \/>\n<meta property=\"og:type\" content=\"article\" \/>\n<meta property=\"og:title\" content=\"Oxilock RESET | Mooza Pro\" \/>\n<meta property=\"og:description\" content=\"Dzi\u013ci att\u012bra, nemainot matu kr\u0101su un tekst\u016bru. Tikai profesion\u0101lai lieto\u0161anai. &#8220;T\u012bras lapas&quot; gad\u012bjum\u0101 m\u0113s to sauktu par RESET proced\u016bru. Sagatavo\u0161anas proced\u016bra, ko var izmantot pirms kr\u0101so\u0161anas, balin\u0101\u0161anas, \u0101rst\u0113\u0161anas vai k\u0101 atsevi\u0161\u0137u proced\u016bru. Atjaunot \u0101rst\u0113\u0161ana ir sabalans\u0113ta visiem matu tipiem: no\u0146em smagos met\u0101lus. no\u0146em hloru no\u0146em produktu atliekas un nos\u0113dumus. no\u0146em iepriek\u0161\u0113j\u0101s apstr\u0101des atliekas. Sagatavo matus, lai tie absorb\u0113tu akt\u012bv\u0101s sast\u0101vda\u013cas,\u2026\" \/>\n<meta property=\"og:url\" content=\"https:\/\/moozapro.com\/lv\/produktas\/oxilock-reset\/\" \/>\n<meta property=\"og:site_name\" content=\"Mooza Pro\" \/>\n<meta property=\"article:publisher\" content=\"https:\/\/www.facebook.com\/moozabeauty\" \/>\n<meta property=\"article:modified_time\" content=\"2025-11-18T10:18:42+00:00\" \/>\n<meta property=\"og:image\" content=\"https:\/\/moozapro.com\/wp-content\/uploads\/2022\/10\/BUSTINA_RESET_fl-copy.jpeg\" \/>\n\t<meta property=\"og:image:width\" content=\"1772\" \/>\n\t<meta property=\"og:image:height\" content=\"1231\" \/>\n\t<meta property=\"og:image:type\" content=\"image\/jpeg\" \/>\n<meta name=\"twitter:card\" content=\"summary_large_image\" \/>\n<meta name=\"twitter:label1\" content=\"Est. reading time\" \/>\n\t<meta name=\"twitter:data1\" content=\"1 minute\" \/>\n<script type=\"application\/ld+json\" class=\"yoast-schema-graph\">{\"@context\":\"https:\\\/\\\/schema.org\",\"@graph\":[{\"@type\":\"WebPage\",\"@id\":\"https:\\\/\\\/moozapro.com\\\/lv\\\/produktas\\\/oxilock-reset\\\/\",\"url\":\"https:\\\/\\\/moozapro.com\\\/lv\\\/produktas\\\/oxilock-reset\\\/\",\"name\":\"Oxilock RESET | Mooza Pro\",\"isPartOf\":{\"@id\":\"https:\\\/\\\/moozapro.com\\\/lv\\\/#website\"},\"primaryImageOfPage\":{\"@id\":\"https:\\\/\\\/moozapro.com\\\/lv\\\/produktas\\\/oxilock-reset\\\/#primaryimage\"},\"image\":{\"@id\":\"https:\\\/\\\/moozapro.com\\\/lv\\\/produktas\\\/oxilock-reset\\\/#primaryimage\"},\"thumbnailUrl\":\"https:\\\/\\\/moozapro.com\\\/wp-content\\\/uploads\\\/2022\\\/10\\\/BUSTINA_RESET_fl-copy.jpeg\",\"datePublished\":\"2022-10-20T10:02:37+00:00\",\"dateModified\":\"2025-11-18T10:18:42+00:00\",\"breadcrumb\":{\"@id\":\"https:\\\/\\\/moozapro.com\\\/lv\\\/produktas\\\/oxilock-reset\\\/#breadcrumb\"},\"inLanguage\":\"lv-LV\",\"potentialAction\":[{\"@type\":\"ReadAction\",\"target\":[\"https:\\\/\\\/moozapro.com\\\/lv\\\/produktas\\\/oxilock-reset\\\/\"]}]},{\"@type\":\"ImageObject\",\"inLanguage\":\"lv-LV\",\"@id\":\"https:\\\/\\\/moozapro.com\\\/lv\\\/produktas\\\/oxilock-reset\\\/#primaryimage\",\"url\":\"https:\\\/\\\/moozapro.com\\\/wp-content\\\/uploads\\\/2022\\\/10\\\/BUSTINA_RESET_fl-copy.jpeg\",\"contentUrl\":\"https:\\\/\\\/moozapro.com\\\/wp-content\\\/uploads\\\/2022\\\/10\\\/BUSTINA_RESET_fl-copy.jpeg\",\"width\":1772,\"height\":1231},{\"@type\":\"BreadcrumbList\",\"@id\":\"https:\\\/\\\/moozapro.com\\\/lv\\\/produktas\\\/oxilock-reset\\\/#breadcrumb\",\"itemListElement\":[{\"@type\":\"ListItem\",\"position\":1,\"name\":\"Galvenais\",\"item\":\"https:\\\/\\\/moozapro.com\\\/lv\\\/\"},{\"@type\":\"ListItem\",\"position\":2,\"name\":\"Visi produkti\",\"item\":\"https:\\\/\\\/moozapro.com\\\/lv\\\/shop\\\/\"},{\"@type\":\"ListItem\",\"position\":3,\"name\":\"Oxilock RESET\"}]},{\"@type\":\"WebSite\",\"@id\":\"https:\\\/\\\/moozapro.com\\\/lv\\\/#website\",\"url\":\"https:\\\/\\\/moozapro.com\\\/lv\\\/\",\"name\":\"Mooza Pro\",\"description\":\"Priemon\u0117s j\u016bs\u0173 plaukams\",\"publisher\":{\"@id\":\"https:\\\/\\\/moozapro.com\\\/lv\\\/#organization\"},\"potentialAction\":[{\"@type\":\"SearchAction\",\"target\":{\"@type\":\"EntryPoint\",\"urlTemplate\":\"https:\\\/\\\/moozapro.com\\\/lv\\\/?s={search_term_string}\"},\"query-input\":{\"@type\":\"PropertyValueSpecification\",\"valueRequired\":true,\"valueName\":\"search_term_string\"}}],\"inLanguage\":\"lv-LV\"},{\"@type\":\"Organization\",\"@id\":\"https:\\\/\\\/moozapro.com\\\/lv\\\/#organization\",\"name\":\"Mooza Pro\",\"url\":\"https:\\\/\\\/moozapro.com\\\/lv\\\/\",\"logo\":{\"@type\":\"ImageObject\",\"inLanguage\":\"lv-LV\",\"@id\":\"https:\\\/\\\/moozapro.com\\\/lv\\\/#\\\/schema\\\/logo\\\/image\\\/\",\"url\":\"https:\\\/\\\/moozapro.com\\\/wp-content\\\/uploads\\\/2023\\\/11\\\/Mooza-Pro-mazas-logo.png\",\"contentUrl\":\"https:\\\/\\\/moozapro.com\\\/wp-content\\\/uploads\\\/2023\\\/11\\\/Mooza-Pro-mazas-logo.png\",\"width\":250,\"height\":103,\"caption\":\"Mooza Pro\"},\"image\":{\"@id\":\"https:\\\/\\\/moozapro.com\\\/lv\\\/#\\\/schema\\\/logo\\\/image\\\/\"},\"sameAs\":[\"https:\\\/\\\/www.facebook.com\\\/moozabeauty\"]}]}<\/script>\n<!-- \/ Yoast SEO plugin. -->","yoast_head_json":{"title":"Oxilock RESET | Mooza Pro","robots":{"index":"index","follow":"follow","max-snippet":"max-snippet:-1","max-image-preview":"max-image-preview:large","max-video-preview":"max-video-preview:-1"},"canonical":"https:\/\/moozapro.com\/lv\/produktas\/oxilock-reset\/","og_locale":"lv_LV","og_type":"article","og_title":"Oxilock RESET | Mooza Pro","og_description":"Dzi\u013ci att\u012bra, nemainot matu kr\u0101su un tekst\u016bru. Tikai profesion\u0101lai lieto\u0161anai. &#8220;T\u012bras lapas\" gad\u012bjum\u0101 m\u0113s to sauktu par RESET proced\u016bru. Sagatavo\u0161anas proced\u016bra, ko var izmantot pirms kr\u0101so\u0161anas, balin\u0101\u0161anas, \u0101rst\u0113\u0161anas vai k\u0101 atsevi\u0161\u0137u proced\u016bru. Atjaunot \u0101rst\u0113\u0161ana ir sabalans\u0113ta visiem matu tipiem: no\u0146em smagos met\u0101lus. no\u0146em hloru no\u0146em produktu atliekas un nos\u0113dumus. no\u0146em iepriek\u0161\u0113j\u0101s apstr\u0101des atliekas. Sagatavo matus, lai tie absorb\u0113tu akt\u012bv\u0101s sast\u0101vda\u013cas,\u2026","og_url":"https:\/\/moozapro.com\/lv\/produktas\/oxilock-reset\/","og_site_name":"Mooza Pro","article_publisher":"https:\/\/www.facebook.com\/moozabeauty","article_modified_time":"2025-11-18T10:18:42+00:00","og_image":[{"width":1772,"height":1231,"url":"https:\/\/moozapro.com\/wp-content\/uploads\/2022\/10\/BUSTINA_RESET_fl-copy.jpeg","type":"image\/jpeg"}],"twitter_card":"summary_large_image","twitter_misc":{"Est. reading time":"1 minute"},"schema":{"@context":"https:\/\/schema.org","@graph":[{"@type":"WebPage","@id":"https:\/\/moozapro.com\/lv\/produktas\/oxilock-reset\/","url":"https:\/\/moozapro.com\/lv\/produktas\/oxilock-reset\/","name":"Oxilock RESET | Mooza Pro","isPartOf":{"@id":"https:\/\/moozapro.com\/lv\/#website"},"primaryImageOfPage":{"@id":"https:\/\/moozapro.com\/lv\/produktas\/oxilock-reset\/#primaryimage"},"image":{"@id":"https:\/\/moozapro.com\/lv\/produktas\/oxilock-reset\/#primaryimage"},"thumbnailUrl":"https:\/\/moozapro.com\/wp-content\/uploads\/2022\/10\/BUSTINA_RESET_fl-copy.jpeg","datePublished":"2022-10-20T10:02:37+00:00","dateModified":"2025-11-18T10:18:42+00:00","breadcrumb":{"@id":"https:\/\/moozapro.com\/lv\/produktas\/oxilock-reset\/#breadcrumb"},"inLanguage":"lv-LV","potentialAction":[{"@type":"ReadAction","target":["https:\/\/moozapro.com\/lv\/produktas\/oxilock-reset\/"]}]},{"@type":"ImageObject","inLanguage":"lv-LV","@id":"https:\/\/moozapro.com\/lv\/produktas\/oxilock-reset\/#primaryimage","url":"https:\/\/moozapro.com\/wp-content\/uploads\/2022\/10\/BUSTINA_RESET_fl-copy.jpeg","contentUrl":"https:\/\/moozapro.com\/wp-content\/uploads\/2022\/10\/BUSTINA_RESET_fl-copy.jpeg","width":1772,"height":1231},{"@type":"BreadcrumbList","@id":"https:\/\/moozapro.com\/lv\/produktas\/oxilock-reset\/#breadcrumb","itemListElement":[{"@type":"ListItem","position":1,"name":"Galvenais","item":"https:\/\/moozapro.com\/lv\/"},{"@type":"ListItem","position":2,"name":"Visi produkti","item":"https:\/\/moozapro.com\/lv\/shop\/"},{"@type":"ListItem","position":3,"name":"Oxilock RESET"}]},{"@type":"WebSite","@id":"https:\/\/moozapro.com\/lv\/#website","url":"https:\/\/moozapro.com\/lv\/","name":"Mooza Pro","description":"Priemon\u0117s j\u016bs\u0173 plaukams","publisher":{"@id":"https:\/\/moozapro.com\/lv\/#organization"},"potentialAction":[{"@type":"SearchAction","target":{"@type":"EntryPoint","urlTemplate":"https:\/\/moozapro.com\/lv\/?s={search_term_string}"},"query-input":{"@type":"PropertyValueSpecification","valueRequired":true,"valueName":"search_term_string"}}],"inLanguage":"lv-LV"},{"@type":"Organization","@id":"https:\/\/moozapro.com\/lv\/#organization","name":"Mooza Pro","url":"https:\/\/moozapro.com\/lv\/","logo":{"@type":"ImageObject","inLanguage":"lv-LV","@id":"https:\/\/moozapro.com\/lv\/#\/schema\/logo\/image\/","url":"https:\/\/moozapro.com\/wp-content\/uploads\/2023\/11\/Mooza-Pro-mazas-logo.png","contentUrl":"https:\/\/moozapro.com\/wp-content\/uploads\/2023\/11\/Mooza-Pro-mazas-logo.png","width":250,"height":103,"caption":"Mooza Pro"},"image":{"@id":"https:\/\/moozapro.com\/lv\/#\/schema\/logo\/image\/"},"sameAs":["https:\/\/www.facebook.com\/moozabeauty"]}]}},"_links":{"self":[{"href":"https:\/\/moozapro.com\/lv\/wp-json\/wp\/v2\/product\/23677","targetHints":{"allow":["GET"]}}],"collection":[{"href":"https:\/\/moozapro.com\/lv\/wp-json\/wp\/v2\/product"}],"about":[{"href":"https:\/\/moozapro.com\/lv\/wp-json\/wp\/v2\/types\/product"}],"replies":[{"embeddable":true,"href":"https:\/\/moozapro.com\/lv\/wp-json\/wp\/v2\/comments?post=23677"}],"version-history":[{"count":2,"href":"https:\/\/moozapro.com\/lv\/wp-json\/wp\/v2\/product\/23677\/revisions"}],"predecessor-version":[{"id":31330,"href":"https:\/\/moozapro.com\/lv\/wp-json\/wp\/v2\/product\/23677\/revisions\/31330"}],"wp:featuredmedia":[{"embeddable":true,"href":"https:\/\/moozapro.com\/lv\/wp-json\/wp\/v2\/media\/23072"}],"wp:attachment":[{"href":"https:\/\/moozapro.com\/lv\/wp-json\/wp\/v2\/media?parent=23677"}],"wp:term":[{"taxonomy":"product_brand","embeddable":true,"href":"https:\/\/moozapro.com\/lv\/wp-json\/wp\/v2\/product_brand?post=23677"},{"taxonomy":"product_cat","embeddable":true,"href":"https:\/\/moozapro.com\/lv\/wp-json\/wp\/v2\/product_cat?post=23677"},{"taxonomy":"product_tag","embeddable":true,"href":"https:\/\/moozapro.com\/lv\/wp-json\/wp\/v2\/product_tag?post=23677"}],"curies":[{"name":"wp","href":"https:\/\/api.w.org\/{rel}","templated":true}]}}