{"id":23680,"date":"2022-10-25T22:04:52","date_gmt":"2024-08-05T08:15:33","guid":{"rendered":"https:\/\/moozapro.com\/produktas\/krasaina-maska-sumaks-violeta\/"},"modified":"2025-07-28T18:18:11","modified_gmt":"2025-07-28T15:18:11","slug":"krasaina-maska-sumaks-violeta","status":"publish","type":"product","link":"https:\/\/moozapro.com\/lv\/produktas\/krasaina-maska-sumaks-violeta\/","title":{"rendered":"Kr\u0101saina maska sumaks (violeta)"},"content":{"rendered":"\t\t<div data-elementor-type=\"product-post\" data-elementor-id=\"23680\" class=\"elementor elementor-23680 elementor-18226\" data-elementor-post-type=\"product\">\n\t\t\t\t\t\t<section class=\"elementor-section elementor-top-section elementor-element elementor-element-76918860 elementor-section-boxed elementor-section-height-default elementor-section-height-default\" data-id=\"76918860\" data-element_type=\"section\">\n\t\t\t\t\t\t<div class=\"elementor-container elementor-column-gap-default\">\n\t\t\t\t\t<div class=\"elementor-column elementor-col-50 elementor-top-column elementor-element elementor-element-5a9e5fa1 kitify-col-width-auto-no kitify-disable-relative-no\" data-id=\"5a9e5fa1\" data-element_type=\"column\" data-settings=\"{&quot;background_background&quot;:&quot;classic&quot;}\">\n\t\t\t<div class=\"elementor-widget-wrap elementor-element-populated\">\n\t\t\t\t\t\t<div class=\"elementor-element elementor-element-5036db7 elementor-widget elementor-widget-image\" data-id=\"5036db7\" data-element_type=\"widget\" data-widget_type=\"image.default\">\n\t\t\t\t<div class=\"elementor-widget-container\">\n\t\t\t\t\t\t\t\t\t\t\t\t\t\t\t<img decoding=\"async\" src=\"https:\/\/moozapro.com\/wp-content\/uploads\/2022\/10\/DSC9348_rosa_cmyk-scaled.jpg\" title=\"\" alt=\"\" loading=\"lazy\" \/>\t\t\t\t\t\t\t\t\t\t\t\t\t\t\t<\/div>\n\t\t\t\t<\/div>\n\t\t\t\t\t<\/div>\n\t\t<\/div>\n\t\t\t\t<div class=\"elementor-column elementor-col-50 elementor-top-column elementor-element elementor-element-19131fda kitify-col-width-auto-no kitify-disable-relative-no\" data-id=\"19131fda\" data-element_type=\"column\">\n\t\t\t<div class=\"elementor-widget-wrap elementor-element-populated\">\n\t\t\t\t\t\t<div class=\"elementor-element elementor-element-39550702 elementor-widget elementor-widget-heading\" data-id=\"39550702\" data-element_type=\"widget\" data-widget_type=\"heading.default\">\n\t\t\t\t<div class=\"elementor-widget-container\">\n\t\t\t\t\t<h2 class=\"elementor-heading-title elementor-size-default\">Spilgtas un intens\u012bvas kr\u0101sas saglab\u0101\u0161anai, uzlabo\u0161anai vai rad\u012b\u0161anai.  <\/h2>\t\t\t\t<\/div>\n\t\t\t\t<\/div>\n\t\t\t\t<div class=\"elementor-element elementor-element-f51c45d elementor-widget-divider--view-line elementor-widget elementor-widget-divider\" data-id=\"f51c45d\" data-element_type=\"widget\" data-widget_type=\"divider.default\">\n\t\t\t\t<div class=\"elementor-widget-container\">\n\t\t\t\t\t\t\t<div class=\"elementor-divider\">\n\t\t\t<span class=\"elementor-divider-separator\">\n\t\t\t\t\t\t<\/span>\n\t\t<\/div>\n\t\t\t\t\t\t<\/div>\n\t\t\t\t<\/div>\n\t\t\t\t<div class=\"elementor-element elementor-element-3577131f elementor-widget elementor-widget-spacer\" data-id=\"3577131f\" data-element_type=\"widget\" data-widget_type=\"spacer.default\">\n\t\t\t\t<div class=\"elementor-widget-container\">\n\t\t\t\t\t\t\t<div class=\"elementor-spacer\">\n\t\t\t<div class=\"elementor-spacer-inner\"><\/div>\n\t\t<\/div>\n\t\t\t\t\t\t<\/div>\n\t\t\t\t<\/div>\n\t\t\t\t<div class=\"elementor-element elementor-element-70707920 elementor-widget elementor-widget-text-editor\" data-id=\"70707920\" data-element_type=\"widget\" data-widget_type=\"text-editor.default\">\n\t\t\t\t<div class=\"elementor-widget-container\">\n\t\t\t\t\t\t\t\t\t<p>No intens\u012bvi violetas l\u012bdz maigi roz\u0101 kr\u0101sai. V\u0113ss violets tonis, lai rad\u012btu da\u017e\u0101dus to\u0146us.  <\/p><p>Lai saglab\u0101tu vai rad\u012btu kr\u0101su.  <\/p><p><strong>Rezult\u0101ts<\/strong>: redzami sp\u0113c\u012bg\u0101ki, vesel\u012bg\u0101ki un gai\u0161\u0101ki mati.<\/p><p>- Aminosk\u0101bes<\/p><p>- Ceram\u012bdi<\/p><p>- Argana e\u013c\u013ca<\/p><p>- Muskusa roze<\/p><p>- Lins\u0113klu e\u013c\u013ca<\/p><p>Tas ne tikai kopj matu kr\u0101su, bet ar\u012b dzi\u013ci mitrina un uztur matu vesel\u012bbu.  <\/p>\t\t\t\t\t\t\t\t<\/div>\n\t\t\t\t<\/div>\n\t\t\t\t\t<\/div>\n\t\t<\/div>\n\t\t\t\t\t<\/div>\n\t\t<\/section>\n\t\t\t\t<section class=\"elementor-section elementor-top-section elementor-element elementor-element-45af50ba elementor-reverse-mobile elementor-section-boxed elementor-section-height-default elementor-section-height-default\" data-id=\"45af50ba\" data-element_type=\"section\">\n\t\t\t\t\t\t<div class=\"elementor-container elementor-column-gap-default\">\n\t\t\t\t\t<div class=\"elementor-column elementor-col-50 elementor-top-column elementor-element elementor-element-720e4cb8 kitify-col-width-auto-no kitify-disable-relative-no\" data-id=\"720e4cb8\" data-element_type=\"column\">\n\t\t\t<div class=\"elementor-widget-wrap elementor-element-populated\">\n\t\t\t\t\t\t<div class=\"elementor-element elementor-element-427f4013 elementor-widget elementor-widget-heading\" data-id=\"427f4013\" data-element_type=\"widget\" data-widget_type=\"heading.default\">\n\t\t\t\t<div class=\"elementor-widget-container\">\n\t\t\t\t\t<h2 class=\"elementor-heading-title elementor-size-default\">Darb\u012bba un lieto\u0161ana  <\/h2>\t\t\t\t<\/div>\n\t\t\t\t<\/div>\n\t\t\t\t<div class=\"elementor-element elementor-element-58d286b elementor-widget-divider--view-line elementor-widget elementor-widget-divider\" data-id=\"58d286b\" data-element_type=\"widget\" data-widget_type=\"divider.default\">\n\t\t\t\t<div class=\"elementor-widget-container\">\n\t\t\t\t\t\t\t<div class=\"elementor-divider\">\n\t\t\t<span class=\"elementor-divider-separator\">\n\t\t\t\t\t\t<\/span>\n\t\t<\/div>\n\t\t\t\t\t\t<\/div>\n\t\t\t\t<\/div>\n\t\t\t\t<div class=\"elementor-element elementor-element-5c8b37b elementor-widget elementor-widget-spacer\" data-id=\"5c8b37b\" data-element_type=\"widget\" data-widget_type=\"spacer.default\">\n\t\t\t\t<div class=\"elementor-widget-container\">\n\t\t\t\t\t\t\t<div class=\"elementor-spacer\">\n\t\t\t<div class=\"elementor-spacer-inner\"><\/div>\n\t\t<\/div>\n\t\t\t\t\t\t<\/div>\n\t\t\t\t<\/div>\n\t\t\t\t<div class=\"elementor-element elementor-element-799b01fb elementor-widget elementor-widget-text-editor\" data-id=\"799b01fb\" data-element_type=\"widget\" data-widget_type=\"text-editor.default\">\n\t\t\t\t<div class=\"elementor-widget-container\">\n\t\t\t\t\t\t\t\t\t<h3>Kr\u0101sain\u0101s maskas vienlaikus veic \u010detras funkcijas:<\/h3><ol><li>Darbojas uz matu v\u0101rpstu - keram\u012bdi atjauno boj\u0101t\u0101s matu v\u0101rpstas vietas.  <\/li><li>Intens\u012bva kr\u0101sa, kas saglab\u0101jas 4-5 mazg\u0101\u0161anas reizes. Kr\u0101sas intensit\u0101te ir atkar\u012bga no dabisko matu kr\u0101sas un tekst\u016bras.<\/li><li>Lai atgrieztos pie dabisk\u0101s matu kr\u0101sas, p\u0113c p\u0101ris mazg\u0101\u0161anas reiz\u0113m papildu pigmenti tiek no\u0146emti, un kr\u0101sa paliek dabiska.  <\/li><li>P\u0113c 6-8 mazg\u0101\u0161anas reizes kr\u0101sa k\u013c\u016bst dab\u012bga. Pateicoties pigmentiem, kas apvij matus, nevis non\u0101k matos, ir iesp\u0113jams dro\u0161i main\u012bt to\u0146us bez boj\u0101jumiem un pies\u0101tinot matus ar kolag\u0113nu un prote\u012bniem.  <\/li><\/ol><h1><strong><span style=\"font-size: 18pt;\">Lieto\u0161ana:<\/span><\/strong><\/h1><ol><li><strong>Izmazg\u0101jiet matus ar \u0161amp\u016bnu.<\/strong><\/li><li><strong>  Nosusiniet s\u016bk\u013cus un samaisiet kr\u0101sas, lai ieg\u016btu v\u0113lamo rezult\u0101tu.  <\/strong><\/li><li><strong>Uzkl\u0101jiet masku un atst\u0101jiet to uzkl\u0101t uz 3-20 min\u016bt\u0113m (atkar\u012bb\u0101 no v\u0113lam\u0101 rezult\u0101ta).<\/strong><\/li><li><strong>Noskalojiet un veidojiet.<\/strong><\/li><\/ol><p> <\/p>\t\t\t\t\t\t\t\t<\/div>\n\t\t\t\t<\/div>\n\t\t\t\t<div class=\"elementor-element elementor-element-123bd561 elementor-widget elementor-widget-spacer\" data-id=\"123bd561\" data-element_type=\"widget\" data-widget_type=\"spacer.default\">\n\t\t\t\t<div class=\"elementor-widget-container\">\n\t\t\t\t\t\t\t<div class=\"elementor-spacer\">\n\t\t\t<div class=\"elementor-spacer-inner\"><\/div>\n\t\t<\/div>\n\t\t\t\t\t\t<\/div>\n\t\t\t\t<\/div>\n\t\t\t\t\t<\/div>\n\t\t<\/div>\n\t\t\t\t<div class=\"elementor-column elementor-col-50 elementor-top-column elementor-element elementor-element-6bd50297 kitify-col-width-auto-no kitify-disable-relative-no\" data-id=\"6bd50297\" data-element_type=\"column\">\n\t\t\t<div class=\"elementor-widget-wrap elementor-element-populated\">\n\t\t\t\t\t\t<div class=\"elementor-element elementor-element-716ad984 elementor-widget elementor-widget-image\" data-id=\"716ad984\" data-element_type=\"widget\" data-widget_type=\"image.default\">\n\t\t\t\t<div class=\"elementor-widget-container\">\n\t\t\t\t\t\t\t\t\t\t\t\t\t\t\t<img decoding=\"async\" src=\"https:\/\/moozapro.com\/wp-content\/uploads\/2022\/10\/Picture-13.png\" title=\"\" alt=\"\" loading=\"lazy\" \/>\t\t\t\t\t\t\t\t\t\t\t\t\t\t\t<\/div>\n\t\t\t\t<\/div>\n\t\t\t\t<div class=\"elementor-element elementor-element-b3cc4fe elementor-widget elementor-widget-image\" data-id=\"b3cc4fe\" data-element_type=\"widget\" data-widget_type=\"image.default\">\n\t\t\t\t<div class=\"elementor-widget-container\">\n\t\t\t\t\t\t\t\t\t\t\t\t\t\t\t<img decoding=\"async\" src=\"https:\/\/moozapro.com\/wp-content\/uploads\/2022\/10\/Picture-14.png\" title=\"\" alt=\"\" loading=\"lazy\" \/>\t\t\t\t\t\t\t\t\t\t\t\t\t\t\t<\/div>\n\t\t\t\t<\/div>\n\t\t\t\t<div class=\"elementor-element elementor-element-358d28a elementor-widget elementor-widget-image\" data-id=\"358d28a\" data-element_type=\"widget\" data-widget_type=\"image.default\">\n\t\t\t\t<div class=\"elementor-widget-container\">\n\t\t\t\t\t\t\t\t\t\t\t\t\t\t\t<img decoding=\"async\" src=\"https:\/\/moozapro.com\/wp-content\/uploads\/2022\/10\/Picture-15.png\" title=\"\" alt=\"\" loading=\"lazy\" \/>\t\t\t\t\t\t\t\t\t\t\t\t\t\t\t<\/div>\n\t\t\t\t<\/div>\n\t\t\t\t<div class=\"elementor-element elementor-element-dc0fedc elementor-widget elementor-widget-image\" data-id=\"dc0fedc\" data-element_type=\"widget\" data-widget_type=\"image.default\">\n\t\t\t\t<div class=\"elementor-widget-container\">\n\t\t\t\t\t\t\t\t\t\t\t\t\t\t\t<img decoding=\"async\" src=\"https:\/\/moozapro.com\/wp-content\/uploads\/2022\/10\/Picture-16.png\" title=\"\" alt=\"\" loading=\"lazy\" \/>\t\t\t\t\t\t\t\t\t\t\t\t\t\t\t<\/div>\n\t\t\t\t<\/div>\n\t\t\t\t\t<\/div>\n\t\t<\/div>\n\t\t\t\t\t<\/div>\n\t\t<\/section>\n\t\t\t\t<\/div>\n\t\t","protected":false},"excerpt":{"rendered":"<p>Spilgtas un intens\u012bvas kr\u0101sas saglab\u0101\u0161anai, uzlabo\u0161anai vai rad\u012b\u0161anai. No intens\u012bvi violetas l\u012bdz maigi roz\u0101 kr\u0101sai. V\u0113ss violets tonis, lai rad\u012btu da\u017e\u0101dus to\u0146us. Lai saglab\u0101tu vai rad\u012btu kr\u0101su. Rezult\u0101ts: redzami sp\u0113c\u012bg\u0101ki, vesel\u012bg\u0101ki un gai\u0161\u0101ki mati. - Aminosk\u0101bes - Ceram\u012bdi - Argana e\u013c\u013ca - Muskusa roze - Lins\u0113klu e\u013c\u013ca Tas ne tikai kopj matu kr\u0101su, bet ar\u012b dzi\u013ci mitrina un uztur matu\u2026<\/p>\n","protected":false},"featured_media":23077,"comment_status":"open","ping_status":"closed","template":"","meta":[],"product_brand":[],"product_cat":[477],"product_tag":[],"class_list":{"0":"post-23680","1":"product","2":"type-product","3":"status-publish","4":"has-post-thumbnail","6":"product_cat-krasainas-maskas","8":"first","9":"instock","10":"sale","11":"taxable","12":"shipping-taxable","13":"purchasable","14":"product-type-simple"},"yoast_head":"<!-- This site is optimized with the Yoast SEO plugin v26.3 - https:\/\/yoast.com\/wordpress\/plugins\/seo\/ -->\n<title>Kr\u0101saina maska sumaks (violeta) | Mooza Pro<\/title>\n<meta name=\"robots\" content=\"index, follow, max-snippet:-1, max-image-preview:large, max-video-preview:-1\" \/>\n<link rel=\"canonical\" href=\"https:\/\/moozapro.com\/lv\/produktas\/krasaina-maska-sumaks-violeta\/\" \/>\n<meta property=\"og:locale\" content=\"lv_LV\" \/>\n<meta property=\"og:type\" content=\"article\" \/>\n<meta property=\"og:title\" content=\"Kr\u0101saina maska sumaks (violeta) | Mooza Pro\" \/>\n<meta property=\"og:description\" content=\"Spilgtas un intens\u012bvas kr\u0101sas saglab\u0101\u0161anai, uzlabo\u0161anai vai rad\u012b\u0161anai. No intens\u012bvi violetas l\u012bdz maigi roz\u0101 kr\u0101sai. V\u0113ss violets tonis, lai rad\u012btu da\u017e\u0101dus to\u0146us. Lai saglab\u0101tu vai rad\u012btu kr\u0101su. Rezult\u0101ts: redzami sp\u0113c\u012bg\u0101ki, vesel\u012bg\u0101ki un gai\u0161\u0101ki mati. - Aminosk\u0101bes - Ceram\u012bdi - Argana e\u013c\u013ca - Muskusa roze - Lins\u0113klu e\u013c\u013ca Tas ne tikai kopj matu kr\u0101su, bet ar\u012b dzi\u013ci mitrina un uztur matu\u2026\" \/>\n<meta property=\"og:url\" content=\"https:\/\/moozapro.com\/lv\/produktas\/krasaina-maska-sumaks-violeta\/\" \/>\n<meta property=\"og:site_name\" content=\"Mooza Pro\" \/>\n<meta property=\"article:publisher\" content=\"https:\/\/www.facebook.com\/moozabeauty\" \/>\n<meta property=\"article:modified_time\" content=\"2025-07-28T15:18:11+00:00\" \/>\n<meta property=\"og:image\" content=\"https:\/\/moozapro.com\/wp-content\/uploads\/2022\/10\/sumac_navitas_mask_250-copia-scaled.jpg\" \/>\n\t<meta property=\"og:image:width\" content=\"1810\" \/>\n\t<meta property=\"og:image:height\" content=\"2560\" \/>\n\t<meta property=\"og:image:type\" content=\"image\/jpeg\" \/>\n<meta name=\"twitter:card\" content=\"summary_large_image\" \/>\n<meta name=\"twitter:label1\" content=\"Est. reading time\" \/>\n\t<meta name=\"twitter:data1\" content=\"1 minute\" \/>\n<script type=\"application\/ld+json\" class=\"yoast-schema-graph\">{\"@context\":\"https:\/\/schema.org\",\"@graph\":[{\"@type\":\"WebPage\",\"@id\":\"https:\/\/moozapro.com\/lv\/produktas\/krasaina-maska-sumaks-violeta\/\",\"url\":\"https:\/\/moozapro.com\/lv\/produktas\/krasaina-maska-sumaks-violeta\/\",\"name\":\"Kr\u0101saina maska sumaks (violeta) | Mooza Pro\",\"isPartOf\":{\"@id\":\"https:\/\/moozapro.com\/lv\/#website\"},\"primaryImageOfPage\":{\"@id\":\"https:\/\/moozapro.com\/lv\/produktas\/krasaina-maska-sumaks-violeta\/#primaryimage\"},\"image\":{\"@id\":\"https:\/\/moozapro.com\/lv\/produktas\/krasaina-maska-sumaks-violeta\/#primaryimage\"},\"thumbnailUrl\":\"https:\/\/moozapro.com\/wp-content\/uploads\/2022\/10\/sumac_navitas_mask_250-copia-scaled.jpg\",\"datePublished\":\"2024-08-05T08:15:33+00:00\",\"dateModified\":\"2025-07-28T15:18:11+00:00\",\"breadcrumb\":{\"@id\":\"https:\/\/moozapro.com\/lv\/produktas\/krasaina-maska-sumaks-violeta\/#breadcrumb\"},\"inLanguage\":\"lv-LV\",\"potentialAction\":[{\"@type\":\"ReadAction\",\"target\":[\"https:\/\/moozapro.com\/lv\/produktas\/krasaina-maska-sumaks-violeta\/\"]}]},{\"@type\":\"ImageObject\",\"inLanguage\":\"lv-LV\",\"@id\":\"https:\/\/moozapro.com\/lv\/produktas\/krasaina-maska-sumaks-violeta\/#primaryimage\",\"url\":\"https:\/\/moozapro.com\/wp-content\/uploads\/2022\/10\/sumac_navitas_mask_250-copia-scaled.jpg\",\"contentUrl\":\"https:\/\/moozapro.com\/wp-content\/uploads\/2022\/10\/sumac_navitas_mask_250-copia-scaled.jpg\",\"width\":1810,\"height\":2560,\"caption\":\"ProEXR faila apraksts =Atrib\u016bti= cameraAperture (float): 36.000004 cameraFNumber (float): 8.000000 cameraFarClip (float): 1000000015047466200000000000000.000000 cameraFarRange (pludi\u0146\u0161): 1000.0000000000 cameraFocalLength (float): 80.000008 cameraFov (float): 22.123064 cameraNearClip (pludi\u0146\u0161): 0.00000000 cameraNearRange (pludi\u0146\u0161): 0.00000000 cameraProjection (int): 0 cameraTargetDistance (float): 61.006699 cameraTransform (m44f) kan\u0101li (chlist) saspie\u0161ana: Zip dataWindow (box2i): [0, 0, 3499, 4948] displayWindow (box2i): [0, 0, 3499, 4948] lineOrder (lineOrder): Palielinot Y pixelAspectRatio (float): 1.000000 screenWindowCenter (v2f): [0.000000, 0.000000, 0.000000] screenWindowWidth (float): 1.000000 =Kan\u0101li= A (puse) B (puse) G (puse) MultiMatteElement.B (puse) MultiMatteElement.G (puse) MultiMatteElement.R (puse) R (puse) VRayDiffuseFilter.B (puse) VRayDiffuseFilter.G (puse) VRayDiffuseFilter.R (puse) VRayGlobalIllumination.B (puse) VRayGlobalIllumination.G (puse) VRayGlobalIllumination.R (puse) VRayLighting.B (puse) VRayLighting.G (puse) VRayLighting.R (puse) VRayObjectID.B (puse) VRayObjectID.G (puse) VRayObjectID.R (puse) VRayReflection.B (puse) VRayReflection.G (puse) VRayReflection.R (puse) VRayRefraction.B (puse) VRayRefraction.G (puse) VRayRefraction.R (puse) VRaySampleRate.B (puse) VRaySampleRate.G (puse) VRaySampleRate.R (puse) VRayShadows.B (puse) VRayShadows.G (puse) VRayShadows.R (puse) VRaySpecular.B (puse) VRaySpecular.G (puse) VRaySpecular.R (puse)\"},{\"@type\":\"BreadcrumbList\",\"@id\":\"https:\/\/moozapro.com\/lv\/produktas\/krasaina-maska-sumaks-violeta\/#breadcrumb\",\"itemListElement\":[{\"@type\":\"ListItem\",\"position\":1,\"name\":\"Galvenais\",\"item\":\"https:\/\/moozapro.com\/lv\/\"},{\"@type\":\"ListItem\",\"position\":2,\"name\":\"Visi produkti\",\"item\":\"https:\/\/moozapro.com\/lv\/shop\/\"},{\"@type\":\"ListItem\",\"position\":3,\"name\":\"Kr\u0101saina maska sumaks (violeta)\"}]},{\"@type\":\"WebSite\",\"@id\":\"https:\/\/moozapro.com\/lv\/#website\",\"url\":\"https:\/\/moozapro.com\/lv\/\",\"name\":\"Mooza Pro\",\"description\":\"Priemon\u0117s j\u016bs\u0173 plaukams\",\"publisher\":{\"@id\":\"https:\/\/moozapro.com\/lv\/#organization\"},\"potentialAction\":[{\"@type\":\"SearchAction\",\"target\":{\"@type\":\"EntryPoint\",\"urlTemplate\":\"https:\/\/moozapro.com\/lv\/?s={search_term_string}\"},\"query-input\":{\"@type\":\"PropertyValueSpecification\",\"valueRequired\":true,\"valueName\":\"search_term_string\"}}],\"inLanguage\":\"lv-LV\"},{\"@type\":\"Organization\",\"@id\":\"https:\/\/moozapro.com\/lv\/#organization\",\"name\":\"Mooza Pro\",\"url\":\"https:\/\/moozapro.com\/lv\/\",\"logo\":{\"@type\":\"ImageObject\",\"inLanguage\":\"lv-LV\",\"@id\":\"https:\/\/moozapro.com\/lv\/#\/schema\/logo\/image\/\",\"url\":\"https:\/\/moozapro.com\/wp-content\/uploads\/2023\/11\/Mooza-Pro-mazas-logo.png\",\"contentUrl\":\"https:\/\/moozapro.com\/wp-content\/uploads\/2023\/11\/Mooza-Pro-mazas-logo.png\",\"width\":250,\"height\":103,\"caption\":\"Mooza Pro\"},\"image\":{\"@id\":\"https:\/\/moozapro.com\/lv\/#\/schema\/logo\/image\/\"},\"sameAs\":[\"https:\/\/www.facebook.com\/moozabeauty\"]}]}<\/script>\n<!-- \/ Yoast SEO plugin. -->","yoast_head_json":{"title":"Kr\u0101saina maska sumaks (violeta) | Mooza Pro","robots":{"index":"index","follow":"follow","max-snippet":"max-snippet:-1","max-image-preview":"max-image-preview:large","max-video-preview":"max-video-preview:-1"},"canonical":"https:\/\/moozapro.com\/lv\/produktas\/krasaina-maska-sumaks-violeta\/","og_locale":"lv_LV","og_type":"article","og_title":"Kr\u0101saina maska sumaks (violeta) | Mooza Pro","og_description":"Spilgtas un intens\u012bvas kr\u0101sas saglab\u0101\u0161anai, uzlabo\u0161anai vai rad\u012b\u0161anai. No intens\u012bvi violetas l\u012bdz maigi roz\u0101 kr\u0101sai. V\u0113ss violets tonis, lai rad\u012btu da\u017e\u0101dus to\u0146us. Lai saglab\u0101tu vai rad\u012btu kr\u0101su. Rezult\u0101ts: redzami sp\u0113c\u012bg\u0101ki, vesel\u012bg\u0101ki un gai\u0161\u0101ki mati. - Aminosk\u0101bes - Ceram\u012bdi - Argana e\u013c\u013ca - Muskusa roze - Lins\u0113klu e\u013c\u013ca Tas ne tikai kopj matu kr\u0101su, bet ar\u012b dzi\u013ci mitrina un uztur matu\u2026","og_url":"https:\/\/moozapro.com\/lv\/produktas\/krasaina-maska-sumaks-violeta\/","og_site_name":"Mooza Pro","article_publisher":"https:\/\/www.facebook.com\/moozabeauty","article_modified_time":"2025-07-28T15:18:11+00:00","og_image":[{"width":1810,"height":2560,"url":"https:\/\/moozapro.com\/wp-content\/uploads\/2022\/10\/sumac_navitas_mask_250-copia-scaled.jpg","type":"image\/jpeg"}],"twitter_card":"summary_large_image","twitter_misc":{"Est. reading time":"1 minute"},"schema":{"@context":"https:\/\/schema.org","@graph":[{"@type":"WebPage","@id":"https:\/\/moozapro.com\/lv\/produktas\/krasaina-maska-sumaks-violeta\/","url":"https:\/\/moozapro.com\/lv\/produktas\/krasaina-maska-sumaks-violeta\/","name":"Kr\u0101saina maska sumaks (violeta) | Mooza Pro","isPartOf":{"@id":"https:\/\/moozapro.com\/lv\/#website"},"primaryImageOfPage":{"@id":"https:\/\/moozapro.com\/lv\/produktas\/krasaina-maska-sumaks-violeta\/#primaryimage"},"image":{"@id":"https:\/\/moozapro.com\/lv\/produktas\/krasaina-maska-sumaks-violeta\/#primaryimage"},"thumbnailUrl":"https:\/\/moozapro.com\/wp-content\/uploads\/2022\/10\/sumac_navitas_mask_250-copia-scaled.jpg","datePublished":"2024-08-05T08:15:33+00:00","dateModified":"2025-07-28T15:18:11+00:00","breadcrumb":{"@id":"https:\/\/moozapro.com\/lv\/produktas\/krasaina-maska-sumaks-violeta\/#breadcrumb"},"inLanguage":"lv-LV","potentialAction":[{"@type":"ReadAction","target":["https:\/\/moozapro.com\/lv\/produktas\/krasaina-maska-sumaks-violeta\/"]}]},{"@type":"ImageObject","inLanguage":"lv-LV","@id":"https:\/\/moozapro.com\/lv\/produktas\/krasaina-maska-sumaks-violeta\/#primaryimage","url":"https:\/\/moozapro.com\/wp-content\/uploads\/2022\/10\/sumac_navitas_mask_250-copia-scaled.jpg","contentUrl":"https:\/\/moozapro.com\/wp-content\/uploads\/2022\/10\/sumac_navitas_mask_250-copia-scaled.jpg","width":1810,"height":2560,"caption":"ProEXR faila apraksts =Atrib\u016bti= cameraAperture (float): 36.000004 cameraFNumber (float): 8.000000 cameraFarClip (float): 1000000015047466200000000000000.000000 cameraFarRange (pludi\u0146\u0161): 1000.0000000000 cameraFocalLength (float): 80.000008 cameraFov (float): 22.123064 cameraNearClip (pludi\u0146\u0161): 0.00000000 cameraNearRange (pludi\u0146\u0161): 0.00000000 cameraProjection (int): 0 cameraTargetDistance (float): 61.006699 cameraTransform (m44f) kan\u0101li (chlist) saspie\u0161ana: Zip dataWindow (box2i): [0, 0, 3499, 4948] displayWindow (box2i): [0, 0, 3499, 4948] lineOrder (lineOrder): Palielinot Y pixelAspectRatio (float): 1.000000 screenWindowCenter (v2f): [0.000000, 0.000000, 0.000000] screenWindowWidth (float): 1.000000 =Kan\u0101li= A (puse) B (puse) G (puse) MultiMatteElement.B (puse) MultiMatteElement.G (puse) MultiMatteElement.R (puse) R (puse) VRayDiffuseFilter.B (puse) VRayDiffuseFilter.G (puse) VRayDiffuseFilter.R (puse) VRayGlobalIllumination.B (puse) VRayGlobalIllumination.G (puse) VRayGlobalIllumination.R (puse) VRayLighting.B (puse) VRayLighting.G (puse) VRayLighting.R (puse) VRayObjectID.B (puse) VRayObjectID.G (puse) VRayObjectID.R (puse) VRayReflection.B (puse) VRayReflection.G (puse) VRayReflection.R (puse) VRayRefraction.B (puse) VRayRefraction.G (puse) VRayRefraction.R (puse) VRaySampleRate.B (puse) VRaySampleRate.G (puse) VRaySampleRate.R (puse) VRayShadows.B (puse) VRayShadows.G (puse) VRayShadows.R (puse) VRaySpecular.B (puse) VRaySpecular.G (puse) VRaySpecular.R (puse)"},{"@type":"BreadcrumbList","@id":"https:\/\/moozapro.com\/lv\/produktas\/krasaina-maska-sumaks-violeta\/#breadcrumb","itemListElement":[{"@type":"ListItem","position":1,"name":"Galvenais","item":"https:\/\/moozapro.com\/lv\/"},{"@type":"ListItem","position":2,"name":"Visi produkti","item":"https:\/\/moozapro.com\/lv\/shop\/"},{"@type":"ListItem","position":3,"name":"Kr\u0101saina maska sumaks (violeta)"}]},{"@type":"WebSite","@id":"https:\/\/moozapro.com\/lv\/#website","url":"https:\/\/moozapro.com\/lv\/","name":"Mooza Pro","description":"Priemon\u0117s j\u016bs\u0173 plaukams","publisher":{"@id":"https:\/\/moozapro.com\/lv\/#organization"},"potentialAction":[{"@type":"SearchAction","target":{"@type":"EntryPoint","urlTemplate":"https:\/\/moozapro.com\/lv\/?s={search_term_string}"},"query-input":{"@type":"PropertyValueSpecification","valueRequired":true,"valueName":"search_term_string"}}],"inLanguage":"lv-LV"},{"@type":"Organization","@id":"https:\/\/moozapro.com\/lv\/#organization","name":"Mooza Pro","url":"https:\/\/moozapro.com\/lv\/","logo":{"@type":"ImageObject","inLanguage":"lv-LV","@id":"https:\/\/moozapro.com\/lv\/#\/schema\/logo\/image\/","url":"https:\/\/moozapro.com\/wp-content\/uploads\/2023\/11\/Mooza-Pro-mazas-logo.png","contentUrl":"https:\/\/moozapro.com\/wp-content\/uploads\/2023\/11\/Mooza-Pro-mazas-logo.png","width":250,"height":103,"caption":"Mooza Pro"},"image":{"@id":"https:\/\/moozapro.com\/lv\/#\/schema\/logo\/image\/"},"sameAs":["https:\/\/www.facebook.com\/moozabeauty"]}]}},"_links":{"self":[{"href":"https:\/\/moozapro.com\/lv\/wp-json\/wp\/v2\/product\/23680","targetHints":{"allow":["GET"]}}],"collection":[{"href":"https:\/\/moozapro.com\/lv\/wp-json\/wp\/v2\/product"}],"about":[{"href":"https:\/\/moozapro.com\/lv\/wp-json\/wp\/v2\/types\/product"}],"replies":[{"embeddable":true,"href":"https:\/\/moozapro.com\/lv\/wp-json\/wp\/v2\/comments?post=23680"}],"version-history":[{"count":4,"href":"https:\/\/moozapro.com\/lv\/wp-json\/wp\/v2\/product\/23680\/revisions"}],"predecessor-version":[{"id":31326,"href":"https:\/\/moozapro.com\/lv\/wp-json\/wp\/v2\/product\/23680\/revisions\/31326"}],"wp:featuredmedia":[{"embeddable":true,"href":"https:\/\/moozapro.com\/lv\/wp-json\/wp\/v2\/media\/23077"}],"wp:attachment":[{"href":"https:\/\/moozapro.com\/lv\/wp-json\/wp\/v2\/media?parent=23680"}],"wp:term":[{"taxonomy":"product_brand","embeddable":true,"href":"https:\/\/moozapro.com\/lv\/wp-json\/wp\/v2\/product_brand?post=23680"},{"taxonomy":"product_cat","embeddable":true,"href":"https:\/\/moozapro.com\/lv\/wp-json\/wp\/v2\/product_cat?post=23680"},{"taxonomy":"product_tag","embeddable":true,"href":"https:\/\/moozapro.com\/lv\/wp-json\/wp\/v2\/product_tag?post=23680"}],"curies":[{"name":"wp","href":"https:\/\/api.w.org\/{rel}","templated":true}]}}