{"id":23723,"date":"2023-01-13T14:01:39","date_gmt":"2023-01-13T12:01:39","guid":{"rendered":"https:\/\/moozapro.com\/produktas\/mateta-pasta-viriesiem\/"},"modified":"2026-04-27T15:53:21","modified_gmt":"2026-04-27T12:53:21","slug":"mateta-pasta-viriesiem","status":"publish","type":"product","link":"https:\/\/moozapro.com\/lv\/produktas\/mateta-pasta-viriesiem\/","title":{"rendered":"Mat\u0113ta pasta v\u012brie\u0161iem"},"content":{"rendered":"\t\t<div data-elementor-type=\"product-post\" data-elementor-id=\"23723\" class=\"elementor elementor-23723 elementor-18978\" data-elementor-post-type=\"product\">\n\t\t\t\t\t\t<section class=\"elementor-section elementor-top-section elementor-element elementor-element-adae21d elementor-section-boxed elementor-section-height-default elementor-section-height-default\" data-id=\"adae21d\" data-element_type=\"section\" data-e-type=\"section\">\n\t\t\t\t\t\t<div class=\"elementor-container elementor-column-gap-default\">\n\t\t\t\t\t<div class=\"elementor-column elementor-col-50 elementor-top-column elementor-element elementor-element-2d414c38 kitify-col-width-auto-no kitify-disable-relative-no\" data-id=\"2d414c38\" data-element_type=\"column\" data-e-type=\"column\" data-settings=\"{&quot;background_background&quot;:&quot;classic&quot;}\">\n\t\t\t<div class=\"elementor-widget-wrap elementor-element-populated\">\n\t\t\t\t\t\t<div class=\"elementor-element elementor-element-42936b1 elementor-widget elementor-widget-image\" data-id=\"42936b1\" data-element_type=\"widget\" data-e-type=\"widget\" data-widget_type=\"image.default\">\n\t\t\t\t<div class=\"elementor-widget-container\">\n\t\t\t\t\t\t\t\t\t\t\t\t\t\t\t<img decoding=\"async\" src=\"https:\/\/moozapro.com\/wp-content\/uploads\/2023\/01\/high-fade-haircuts-for-men.a8f983e3.fill-1200x1200-c100.jpg\" title=\"\" alt=\"\" loading=\"lazy\" \/>\t\t\t\t\t\t\t\t\t\t\t\t\t\t\t<\/div>\n\t\t\t\t<\/div>\n\t\t\t\t\t<\/div>\n\t\t<\/div>\n\t\t\t\t<div class=\"elementor-column elementor-col-50 elementor-top-column elementor-element elementor-element-1c77302a kitify-col-width-auto-no kitify-disable-relative-no\" data-id=\"1c77302a\" data-element_type=\"column\" data-e-type=\"column\">\n\t\t\t<div class=\"elementor-widget-wrap elementor-element-populated\">\n\t\t\t\t\t\t<div class=\"elementor-element elementor-element-57e27b40 elementor-widget elementor-widget-heading\" data-id=\"57e27b40\" data-element_type=\"widget\" data-e-type=\"widget\" data-widget_type=\"heading.default\">\n\t\t\t\t<div class=\"elementor-widget-container\">\n\t\t\t\t\t<h2 class=\"elementor-heading-title elementor-size-default\">MOOZA JAUNUMI!  \nMat\u0113ta matu veido\u0161anas pasta stila nostiprin\u0101\u0161anai un mat\u0113tai apdarei.  <\/h2>\t\t\t\t<\/div>\n\t\t\t\t<\/div>\n\t\t\t\t<div class=\"elementor-element elementor-element-4dddb27c elementor-widget-divider--view-line elementor-widget elementor-widget-divider\" data-id=\"4dddb27c\" data-element_type=\"widget\" data-e-type=\"widget\" data-widget_type=\"divider.default\">\n\t\t\t\t<div class=\"elementor-widget-container\">\n\t\t\t\t\t\t\t<div class=\"elementor-divider\">\n\t\t\t<span class=\"elementor-divider-separator\">\n\t\t\t\t\t\t<\/span>\n\t\t<\/div>\n\t\t\t\t\t\t<\/div>\n\t\t\t\t<\/div>\n\t\t\t\t<div class=\"elementor-element elementor-element-59036647 elementor-widget elementor-widget-spacer\" data-id=\"59036647\" data-element_type=\"widget\" data-e-type=\"widget\" data-widget_type=\"spacer.default\">\n\t\t\t\t<div class=\"elementor-widget-container\">\n\t\t\t\t\t\t\t<div class=\"elementor-spacer\">\n\t\t\t<div class=\"elementor-spacer-inner\"><\/div>\n\t\t<\/div>\n\t\t\t\t\t\t<\/div>\n\t\t\t\t<\/div>\n\t\t\t\t<div class=\"elementor-element elementor-element-23785576 elementor-widget elementor-widget-text-editor\" data-id=\"23785576\" data-element_type=\"widget\" data-e-type=\"widget\" data-widget_type=\"text-editor.default\">\n\t\t\t\t<div class=\"elementor-widget-container\">\n\t\t\t\t\t\t\t\t\t<p><span style=\"font-size: 14pt;\"><i><span style=\"font-weight: 400;\">Pak\u013c\u0101v\u012bgi mati un dabisks mat\u0113ts efekts ir garant\u0113ts visas dienas garum\u0101!<\/span><\/i><\/span><\/p><p><b>Ieguvumi:<\/b><span style=\"font-weight: 400;\">  R\u016bp\u012bgi atlas\u012btie kurkuma ekstrakti stiprina matus un aizsarg\u0101 tos no matu galu \u0161\u0137el\u0161an\u0101s un l\u016b\u0161anas. Kontrole un dro\u0161a fiks\u0101cija visiem matu tipiem.<\/span><\/p><p><b>Lieto\u0161ana:<\/b><span style=\"font-weight: 400;\">  Nepiecie\u0161amo l\u012bdzek\u013ca daudzumu berz\u0113jiet starp plaukst\u0101m, t\u0101d\u0113j\u0101di sasildot un aktiviz\u0113jot akt\u012bv\u0101s sast\u0101vda\u013cas. Uzkl\u0101jiet uz sausiem matiem, labi izkl\u0101jiet un ar rok\u0101m vai \u0137emmi veidojiet v\u0113lamo friz\u016bru.<\/span><\/p><p>Ietilp\u012bba: 75 ml.<\/p>\t\t\t\t\t\t\t\t<\/div>\n\t\t\t\t<\/div>\n\t\t\t\t\t<\/div>\n\t\t<\/div>\n\t\t\t\t\t<\/div>\n\t\t<\/section>\n\t\t\t\t<section class=\"elementor-section elementor-top-section elementor-element elementor-element-5e4e2b6a elementor-reverse-mobile elementor-section-boxed elementor-section-height-default elementor-section-height-default\" data-id=\"5e4e2b6a\" data-element_type=\"section\" data-e-type=\"section\">\n\t\t\t\t\t\t<div class=\"elementor-container elementor-column-gap-default\">\n\t\t\t\t\t<div class=\"elementor-column elementor-col-50 elementor-top-column elementor-element elementor-element-62c4e941 kitify-col-width-auto-no kitify-disable-relative-no\" data-id=\"62c4e941\" data-element_type=\"column\" data-e-type=\"column\">\n\t\t\t<div class=\"elementor-widget-wrap elementor-element-populated\">\n\t\t\t\t\t\t<div class=\"elementor-element elementor-element-4718ad1a elementor-widget-divider--view-line_text elementor-widget-divider--separator-type-pattern elementor-widget-divider--no-spacing elementor-widget-divider--element-align-center elementor-widget elementor-widget-divider\" data-id=\"4718ad1a\" data-element_type=\"widget\" data-e-type=\"widget\" data-widget_type=\"divider.default\">\n\t\t\t\t<div class=\"elementor-widget-container\">\n\t\t\t\t\t\t\t<div class=\"elementor-divider\" style=\"--divider-pattern-url: url(&quot;data:image\/svg+xml,%3Csvg xmlns=&#039;http:\/\/www.w3.org\/2000\/svg&#039; preserveAspectRatio=&#039;xMidYMid meet&#039; overflow=&#039;visible&#039; height=&#039;100%&#039; viewBox=&#039;0 0 126 26&#039; fill=&#039;black&#039; stroke=&#039;none&#039;%3E%3Cpath d=&#039;M3,10.2c2.6,0,2.6,2,2.6,3.2S4.4,16.5,3,16.5s-3-1.4-3-3.2S0.4,10.2,3,10.2z M18.8,10.2c1.7,0,3.2,1.4,3.2,3.2s-1.4,3.2-3.2,3.2c-1.7,0-3.2-1.4-3.2-3.2S17,10.2,18.8,10.2z M34.6,10.2c1.5,0,2.6,1.4,2.6,3.2s-0.5,3.2-1.9,3.2c-1.5,0-3.4-1.4-3.4-3.2S33.1,10.2,34.6,10.2z M50.5,10.2c1.7,0,3.2,1.4,3.2,3.2s-1.4,3.2-3.2,3.2c-1.7,0-3.3-0.9-3.3-2.6S48.7,10.2,50.5,10.2z M66.2,10.2c1.5,0,3.4,1.4,3.4,3.2s-1.9,3.2-3.4,3.2c-1.5,0-2.6-0.4-2.6-2.1S64.8,10.2,66.2,10.2z M82.2,10.2c1.7,0.8,2.6,1.4,2.6,3.2s-0.1,3.2-1.6,3.2c-1.5,0-3.7-1.4-3.7-3.2S80.5,9.4,82.2,10.2zM98.6,10.2c1.5,0,2.6,0.4,2.6,2.1s-1.2,4.2-2.6,4.2c-1.5,0-3.7-0.4-3.7-2.1S97.1,10.2,98.6,10.2z M113.4,10.2c1.2,0,2.2,0.9,2.2,3.2s-0.1,3.2-1.3,3.2s-3.1-1.4-3.1-3.2S112.2,10.2,113.4,10.2z&#039;\/%3E%3C\/svg%3E&quot;);\">\n\t\t\t<span class=\"elementor-divider-separator\">\n\t\t\t\t\t\t\t<span class=\"elementor-divider__text elementor-divider__element\">\n\t\t\t\t<span style=\"caret-color: rgb(0, 0, 0); color: rgb(0, 0, 0); font-style: normal; font-variant-caps: normal; white-space: normal; font-size: 14pt;\"><b>Kurkuma ir galven\u0101 akt\u012bv\u0101 viela<\/b><\/span>\t\t\t\t<\/span>\n\t\t\t\t\t\t<\/span>\n\t\t<\/div>\n\t\t\t\t\t\t<\/div>\n\t\t\t\t<\/div>\n\t\t\t\t<div class=\"elementor-element elementor-element-5dcc26ee elementor-widget elementor-widget-spacer\" data-id=\"5dcc26ee\" data-element_type=\"widget\" data-e-type=\"widget\" data-widget_type=\"spacer.default\">\n\t\t\t\t<div class=\"elementor-widget-container\">\n\t\t\t\t\t\t\t<div class=\"elementor-spacer\">\n\t\t\t<div class=\"elementor-spacer-inner\"><\/div>\n\t\t<\/div>\n\t\t\t\t\t\t<\/div>\n\t\t\t\t<\/div>\n\t\t\t\t<div class=\"elementor-element elementor-element-2785b49a elementor-widget elementor-widget-text-editor\" data-id=\"2785b49a\" data-element_type=\"widget\" data-e-type=\"widget\" data-widget_type=\"text-editor.default\">\n\t\t\t\t<div class=\"elementor-widget-container\">\n\t\t\t\t\t\t\t\t\t<p><span style=\"font-weight: 400; font-size: 14pt;\">Kurkuma stiprina visu \u0137ermeni. T\u0101 nodro\u0161ina matu folikulus ar svar\u012bg\u0101m bar\u012bbas viel\u0101m un stiprina matus. T\u0101 pie\u0161\u0137ir elast\u012bbu boj\u0101tiem matiem, nov\u0113r\u0161 matu galu \u0161\u0137el\u0161anos un l\u016b\u0161anu, nomierina galvas \u0101du un mazina blaugznas.  <\/span><\/p>\t\t\t\t\t\t\t\t<\/div>\n\t\t\t\t<\/div>\n\t\t\t\t<div class=\"elementor-element elementor-element-8458dc3 elementor-widget elementor-widget-spacer\" data-id=\"8458dc3\" data-element_type=\"widget\" data-e-type=\"widget\" data-widget_type=\"spacer.default\">\n\t\t\t\t<div class=\"elementor-widget-container\">\n\t\t\t\t\t\t\t<div class=\"elementor-spacer\">\n\t\t\t<div class=\"elementor-spacer-inner\"><\/div>\n\t\t<\/div>\n\t\t\t\t\t\t<\/div>\n\t\t\t\t<\/div>\n\t\t\t\t\t<\/div>\n\t\t<\/div>\n\t\t\t\t<div class=\"elementor-column elementor-col-50 elementor-top-column elementor-element elementor-element-3ad038f kitify-col-width-auto-no kitify-disable-relative-no\" data-id=\"3ad038f\" data-element_type=\"column\" data-e-type=\"column\">\n\t\t\t<div class=\"elementor-widget-wrap elementor-element-populated\">\n\t\t\t\t\t\t<div class=\"elementor-element elementor-element-4d6c0771 elementor-widget elementor-widget-image\" data-id=\"4d6c0771\" data-element_type=\"widget\" data-e-type=\"widget\" data-widget_type=\"image.default\">\n\t\t\t\t<div class=\"elementor-widget-container\">\n\t\t\t\t\t\t\t\t\t\t\t\t\t\t\t<img decoding=\"async\" src=\"https:\/\/moozapro.com\/wp-content\/uploads\/2023\/01\/Turmeric-Health-Benefits-and-Weight-Loss.jpg\" title=\"\" alt=\"\" loading=\"lazy\" \/>\t\t\t\t\t\t\t\t\t\t\t\t\t\t\t<\/div>\n\t\t\t\t<\/div>\n\t\t\t\t\t<\/div>\n\t\t<\/div>\n\t\t\t\t\t<\/div>\n\t\t<\/section>\n\t\t<div class=\"elementor-element elementor-element-6686415 e-flex e-con-boxed kitify-col-width-auto-no ignore-docs-style-no kitify-disable-relative-no e-root-container elementor-top-section e-con e-parent\" data-id=\"6686415\" data-element_type=\"container\" data-e-type=\"container\">\n\t\t\t\t\t<div class=\"e-con-inner\">\n\t\t\t\t<div class=\"elementor-element elementor-element-f07057e elementor-widget-laptop__width-initial elementor-widget elementor-widget-text-editor\" data-id=\"f07057e\" data-element_type=\"widget\" data-e-type=\"widget\" data-widget_type=\"text-editor.default\">\n\t\t\t\t<div class=\"elementor-widget-container\">\n\t\t\t\t\t\t\t\t\t<p><span style=\"font-size: 10pt;\"><strong>SAST\u0100VDA\u013bAS<\/strong>: \u016aDENS, PETROLATUMS, VP\/VA KOPOLIM\u0112RS, KAOL\u012aNA TRIBEHEN\u012aNS, SORB\u012aTS, COPERNICIA CERIFERA VASKS, PARFUM, GLICER\u012aNS, CETEARETS-20, SPIRTAHOLD\u0100TS, IZOPROPILMIRIST\u0100TS, OLETS-5, OLETS-3, C18-36 SK\u0100BES GLIKOOLESTER\u012aNS, POLISORB\u0100TS 20, CI 77891, POLIKVATERNIJS 16, CI 77499, CUCUMA LONGA SAKNES EKSTRAKTS, FENOKSIETANOLS, ETILHEKSILGLICER\u012aNS, N\u0100TRIJA BENZO\u0100TS, GERANIOLS, LIMON\u0112NS, LINALOOLS, CITRALS.<\/span><\/p>\t\t\t\t\t\t\t\t<\/div>\n\t\t\t\t<\/div>\n\t\t\t\t\t<\/div>\n\t\t\t\t<\/div>\n\t\t\t\t<\/div>\n\t\t","protected":false},"excerpt":{"rendered":"<p>MOOZA JAUNUMI! Mat\u0113ta matu veido\u0161anas pasta stila nostiprin\u0101\u0161anai un mat\u0113tai apdarei. Pak\u013c\u0101v\u012bgi mati un dabisks mat\u0113ts efekts ir garant\u0113ts visas dienas garum\u0101! Ieguvumi: R\u016bp\u012bgi atlas\u012btie kurkuma ekstrakti stiprina matus un aizsarg\u0101 tos no matu galu \u0161\u0137el\u0161an\u0101s un l\u016b\u0161anas. Kontrole un dro\u0161a fiks\u0101cija visiem matu tipiem. Lieto\u0161ana: Nepiecie\u0161amo l\u012bdzek\u013ca daudzumu berz\u0113jiet starp plaukst\u0101m, t\u0101d\u0113j\u0101di sasildot un aktiviz\u0113jot akt\u012bv\u0101s sast\u0101vda\u013cas. Uzkl\u0101jiet uz\u2026<\/p>\n","protected":false},"featured_media":23151,"comment_status":"open","ping_status":"closed","template":"","meta":[],"product_brand":[],"product_cat":[473,434,450],"product_tag":[],"class_list":{"0":"post-23723","1":"product","2":"type-product","3":"status-publish","4":"has-post-thumbnail","6":"product_cat-formas-veidosanai-un-uzturesanai","7":"product_cat-matu-kopsana","8":"product_cat-produkti-viriesiem","9":"yith_product_brand-newsha","11":"first","12":"instock","13":"taxable","14":"shipping-taxable","15":"purchasable","16":"product-type-simple"},"yoast_head":"<!-- This site is optimized with the Yoast SEO plugin v27.4 - https:\/\/yoast.com\/product\/yoast-seo-wordpress\/ -->\n<title>Mat\u0113ta pasta v\u012brie\u0161iem | Mooza Pro<\/title>\n<meta name=\"robots\" content=\"index, follow, max-snippet:-1, max-image-preview:large, max-video-preview:-1\" \/>\n<link rel=\"canonical\" href=\"https:\/\/moozapro.com\/lv\/produktas\/mateta-pasta-viriesiem\/\" \/>\n<meta property=\"og:locale\" content=\"lv_LV\" \/>\n<meta property=\"og:type\" content=\"article\" \/>\n<meta property=\"og:title\" content=\"Mat\u0113ta pasta v\u012brie\u0161iem | Mooza Pro\" \/>\n<meta property=\"og:description\" content=\"MOOZA JAUNUMI! Mat\u0113ta matu veido\u0161anas pasta stila nostiprin\u0101\u0161anai un mat\u0113tai apdarei. Pak\u013c\u0101v\u012bgi mati un dabisks mat\u0113ts efekts ir garant\u0113ts visas dienas garum\u0101! Ieguvumi: R\u016bp\u012bgi atlas\u012btie kurkuma ekstrakti stiprina matus un aizsarg\u0101 tos no matu galu \u0161\u0137el\u0161an\u0101s un l\u016b\u0161anas. Kontrole un dro\u0161a fiks\u0101cija visiem matu tipiem. Lieto\u0161ana: Nepiecie\u0161amo l\u012bdzek\u013ca daudzumu berz\u0113jiet starp plaukst\u0101m, t\u0101d\u0113j\u0101di sasildot un aktiviz\u0113jot akt\u012bv\u0101s sast\u0101vda\u013cas. Uzkl\u0101jiet uz\u2026\" \/>\n<meta property=\"og:url\" content=\"https:\/\/moozapro.com\/lv\/produktas\/mateta-pasta-viriesiem\/\" \/>\n<meta property=\"og:site_name\" content=\"Mooza Pro\" \/>\n<meta property=\"article:publisher\" content=\"https:\/\/www.facebook.com\/moozabeauty\" \/>\n<meta property=\"article:modified_time\" content=\"2026-04-27T12:53:21+00:00\" \/>\n<meta property=\"og:image\" content=\"https:\/\/moozapro.com\/wp-content\/uploads\/2023\/01\/men_smp_75ml.jpg\" \/>\n\t<meta property=\"og:image:width\" content=\"1000\" \/>\n\t<meta property=\"og:image:height\" content=\"1000\" \/>\n\t<meta property=\"og:image:type\" content=\"image\/jpeg\" \/>\n<meta name=\"twitter:card\" content=\"summary_large_image\" \/>\n<meta name=\"twitter:label1\" content=\"Est. reading time\" \/>\n\t<meta name=\"twitter:data1\" content=\"1 minute\" \/>\n<script type=\"application\/ld+json\" class=\"yoast-schema-graph\">{\"@context\":\"https:\\\/\\\/schema.org\",\"@graph\":[{\"@type\":\"WebPage\",\"@id\":\"https:\\\/\\\/moozapro.com\\\/lv\\\/produktas\\\/mateta-pasta-viriesiem\\\/\",\"url\":\"https:\\\/\\\/moozapro.com\\\/lv\\\/produktas\\\/mateta-pasta-viriesiem\\\/\",\"name\":\"Mat\u0113ta pasta v\u012brie\u0161iem | Mooza Pro\",\"isPartOf\":{\"@id\":\"https:\\\/\\\/moozapro.com\\\/lv\\\/#website\"},\"primaryImageOfPage\":{\"@id\":\"https:\\\/\\\/moozapro.com\\\/lv\\\/produktas\\\/mateta-pasta-viriesiem\\\/#primaryimage\"},\"image\":{\"@id\":\"https:\\\/\\\/moozapro.com\\\/lv\\\/produktas\\\/mateta-pasta-viriesiem\\\/#primaryimage\"},\"thumbnailUrl\":\"https:\\\/\\\/moozapro.com\\\/wp-content\\\/uploads\\\/2023\\\/01\\\/men_smp_75ml.jpg\",\"datePublished\":\"2023-01-13T12:01:39+00:00\",\"dateModified\":\"2026-04-27T12:53:21+00:00\",\"breadcrumb\":{\"@id\":\"https:\\\/\\\/moozapro.com\\\/lv\\\/produktas\\\/mateta-pasta-viriesiem\\\/#breadcrumb\"},\"inLanguage\":\"lv-LV\",\"potentialAction\":[{\"@type\":\"ReadAction\",\"target\":[\"https:\\\/\\\/moozapro.com\\\/lv\\\/produktas\\\/mateta-pasta-viriesiem\\\/\"]}]},{\"@type\":\"ImageObject\",\"inLanguage\":\"lv-LV\",\"@id\":\"https:\\\/\\\/moozapro.com\\\/lv\\\/produktas\\\/mateta-pasta-viriesiem\\\/#primaryimage\",\"url\":\"https:\\\/\\\/moozapro.com\\\/wp-content\\\/uploads\\\/2023\\\/01\\\/men_smp_75ml.jpg\",\"contentUrl\":\"https:\\\/\\\/moozapro.com\\\/wp-content\\\/uploads\\\/2023\\\/01\\\/men_smp_75ml.jpg\",\"width\":1000,\"height\":1000},{\"@type\":\"BreadcrumbList\",\"@id\":\"https:\\\/\\\/moozapro.com\\\/lv\\\/produktas\\\/mateta-pasta-viriesiem\\\/#breadcrumb\",\"itemListElement\":[{\"@type\":\"ListItem\",\"position\":1,\"name\":\"Galvenais\",\"item\":\"https:\\\/\\\/moozapro.com\\\/lv\\\/\"},{\"@type\":\"ListItem\",\"position\":2,\"name\":\"Visi produkti\",\"item\":\"https:\\\/\\\/moozapro.com\\\/lv\\\/shop\\\/\"},{\"@type\":\"ListItem\",\"position\":3,\"name\":\"Mat\u0113ta pasta v\u012brie\u0161iem\"}]},{\"@type\":\"WebSite\",\"@id\":\"https:\\\/\\\/moozapro.com\\\/lv\\\/#website\",\"url\":\"https:\\\/\\\/moozapro.com\\\/lv\\\/\",\"name\":\"Mooza Pro\",\"description\":\"Priemon\u0117s j\u016bs\u0173 plaukams\",\"publisher\":{\"@id\":\"https:\\\/\\\/moozapro.com\\\/lv\\\/#organization\"},\"potentialAction\":[{\"@type\":\"SearchAction\",\"target\":{\"@type\":\"EntryPoint\",\"urlTemplate\":\"https:\\\/\\\/moozapro.com\\\/lv\\\/?s={search_term_string}\"},\"query-input\":{\"@type\":\"PropertyValueSpecification\",\"valueRequired\":true,\"valueName\":\"search_term_string\"}}],\"inLanguage\":\"lv-LV\"},{\"@type\":\"Organization\",\"@id\":\"https:\\\/\\\/moozapro.com\\\/lv\\\/#organization\",\"name\":\"Mooza Pro\",\"url\":\"https:\\\/\\\/moozapro.com\\\/lv\\\/\",\"logo\":{\"@type\":\"ImageObject\",\"inLanguage\":\"lv-LV\",\"@id\":\"https:\\\/\\\/moozapro.com\\\/lv\\\/#\\\/schema\\\/logo\\\/image\\\/\",\"url\":\"https:\\\/\\\/moozapro.com\\\/wp-content\\\/uploads\\\/2023\\\/11\\\/Mooza-Pro-mazas-logo.png\",\"contentUrl\":\"https:\\\/\\\/moozapro.com\\\/wp-content\\\/uploads\\\/2023\\\/11\\\/Mooza-Pro-mazas-logo.png\",\"width\":250,\"height\":103,\"caption\":\"Mooza Pro\"},\"image\":{\"@id\":\"https:\\\/\\\/moozapro.com\\\/lv\\\/#\\\/schema\\\/logo\\\/image\\\/\"},\"sameAs\":[\"https:\\\/\\\/www.facebook.com\\\/moozabeauty\"]}]}<\/script>\n<!-- \/ Yoast SEO plugin. -->","yoast_head_json":{"title":"Mat\u0113ta pasta v\u012brie\u0161iem | Mooza Pro","robots":{"index":"index","follow":"follow","max-snippet":"max-snippet:-1","max-image-preview":"max-image-preview:large","max-video-preview":"max-video-preview:-1"},"canonical":"https:\/\/moozapro.com\/lv\/produktas\/mateta-pasta-viriesiem\/","og_locale":"lv_LV","og_type":"article","og_title":"Mat\u0113ta pasta v\u012brie\u0161iem | Mooza Pro","og_description":"MOOZA JAUNUMI! Mat\u0113ta matu veido\u0161anas pasta stila nostiprin\u0101\u0161anai un mat\u0113tai apdarei. Pak\u013c\u0101v\u012bgi mati un dabisks mat\u0113ts efekts ir garant\u0113ts visas dienas garum\u0101! Ieguvumi: R\u016bp\u012bgi atlas\u012btie kurkuma ekstrakti stiprina matus un aizsarg\u0101 tos no matu galu \u0161\u0137el\u0161an\u0101s un l\u016b\u0161anas. Kontrole un dro\u0161a fiks\u0101cija visiem matu tipiem. Lieto\u0161ana: Nepiecie\u0161amo l\u012bdzek\u013ca daudzumu berz\u0113jiet starp plaukst\u0101m, t\u0101d\u0113j\u0101di sasildot un aktiviz\u0113jot akt\u012bv\u0101s sast\u0101vda\u013cas. Uzkl\u0101jiet uz\u2026","og_url":"https:\/\/moozapro.com\/lv\/produktas\/mateta-pasta-viriesiem\/","og_site_name":"Mooza Pro","article_publisher":"https:\/\/www.facebook.com\/moozabeauty","article_modified_time":"2026-04-27T12:53:21+00:00","og_image":[{"width":1000,"height":1000,"url":"https:\/\/moozapro.com\/wp-content\/uploads\/2023\/01\/men_smp_75ml.jpg","type":"image\/jpeg"}],"twitter_card":"summary_large_image","twitter_misc":{"Est. reading time":"1 minute"},"schema":{"@context":"https:\/\/schema.org","@graph":[{"@type":"WebPage","@id":"https:\/\/moozapro.com\/lv\/produktas\/mateta-pasta-viriesiem\/","url":"https:\/\/moozapro.com\/lv\/produktas\/mateta-pasta-viriesiem\/","name":"Mat\u0113ta pasta v\u012brie\u0161iem | Mooza Pro","isPartOf":{"@id":"https:\/\/moozapro.com\/lv\/#website"},"primaryImageOfPage":{"@id":"https:\/\/moozapro.com\/lv\/produktas\/mateta-pasta-viriesiem\/#primaryimage"},"image":{"@id":"https:\/\/moozapro.com\/lv\/produktas\/mateta-pasta-viriesiem\/#primaryimage"},"thumbnailUrl":"https:\/\/moozapro.com\/wp-content\/uploads\/2023\/01\/men_smp_75ml.jpg","datePublished":"2023-01-13T12:01:39+00:00","dateModified":"2026-04-27T12:53:21+00:00","breadcrumb":{"@id":"https:\/\/moozapro.com\/lv\/produktas\/mateta-pasta-viriesiem\/#breadcrumb"},"inLanguage":"lv-LV","potentialAction":[{"@type":"ReadAction","target":["https:\/\/moozapro.com\/lv\/produktas\/mateta-pasta-viriesiem\/"]}]},{"@type":"ImageObject","inLanguage":"lv-LV","@id":"https:\/\/moozapro.com\/lv\/produktas\/mateta-pasta-viriesiem\/#primaryimage","url":"https:\/\/moozapro.com\/wp-content\/uploads\/2023\/01\/men_smp_75ml.jpg","contentUrl":"https:\/\/moozapro.com\/wp-content\/uploads\/2023\/01\/men_smp_75ml.jpg","width":1000,"height":1000},{"@type":"BreadcrumbList","@id":"https:\/\/moozapro.com\/lv\/produktas\/mateta-pasta-viriesiem\/#breadcrumb","itemListElement":[{"@type":"ListItem","position":1,"name":"Galvenais","item":"https:\/\/moozapro.com\/lv\/"},{"@type":"ListItem","position":2,"name":"Visi produkti","item":"https:\/\/moozapro.com\/lv\/shop\/"},{"@type":"ListItem","position":3,"name":"Mat\u0113ta pasta v\u012brie\u0161iem"}]},{"@type":"WebSite","@id":"https:\/\/moozapro.com\/lv\/#website","url":"https:\/\/moozapro.com\/lv\/","name":"Mooza Pro","description":"Priemon\u0117s j\u016bs\u0173 plaukams","publisher":{"@id":"https:\/\/moozapro.com\/lv\/#organization"},"potentialAction":[{"@type":"SearchAction","target":{"@type":"EntryPoint","urlTemplate":"https:\/\/moozapro.com\/lv\/?s={search_term_string}"},"query-input":{"@type":"PropertyValueSpecification","valueRequired":true,"valueName":"search_term_string"}}],"inLanguage":"lv-LV"},{"@type":"Organization","@id":"https:\/\/moozapro.com\/lv\/#organization","name":"Mooza Pro","url":"https:\/\/moozapro.com\/lv\/","logo":{"@type":"ImageObject","inLanguage":"lv-LV","@id":"https:\/\/moozapro.com\/lv\/#\/schema\/logo\/image\/","url":"https:\/\/moozapro.com\/wp-content\/uploads\/2023\/11\/Mooza-Pro-mazas-logo.png","contentUrl":"https:\/\/moozapro.com\/wp-content\/uploads\/2023\/11\/Mooza-Pro-mazas-logo.png","width":250,"height":103,"caption":"Mooza Pro"},"image":{"@id":"https:\/\/moozapro.com\/lv\/#\/schema\/logo\/image\/"},"sameAs":["https:\/\/www.facebook.com\/moozabeauty"]}]}},"_links":{"self":[{"href":"https:\/\/moozapro.com\/lv\/wp-json\/wp\/v2\/product\/23723","targetHints":{"allow":["GET"]}}],"collection":[{"href":"https:\/\/moozapro.com\/lv\/wp-json\/wp\/v2\/product"}],"about":[{"href":"https:\/\/moozapro.com\/lv\/wp-json\/wp\/v2\/types\/product"}],"replies":[{"embeddable":true,"href":"https:\/\/moozapro.com\/lv\/wp-json\/wp\/v2\/comments?post=23723"}],"version-history":[{"count":5,"href":"https:\/\/moozapro.com\/lv\/wp-json\/wp\/v2\/product\/23723\/revisions"}],"predecessor-version":[{"id":41172,"href":"https:\/\/moozapro.com\/lv\/wp-json\/wp\/v2\/product\/23723\/revisions\/41172"}],"wp:featuredmedia":[{"embeddable":true,"href":"https:\/\/moozapro.com\/lv\/wp-json\/wp\/v2\/media\/23151"}],"wp:attachment":[{"href":"https:\/\/moozapro.com\/lv\/wp-json\/wp\/v2\/media?parent=23723"}],"wp:term":[{"taxonomy":"product_brand","embeddable":true,"href":"https:\/\/moozapro.com\/lv\/wp-json\/wp\/v2\/product_brand?post=23723"},{"taxonomy":"product_cat","embeddable":true,"href":"https:\/\/moozapro.com\/lv\/wp-json\/wp\/v2\/product_cat?post=23723"},{"taxonomy":"product_tag","embeddable":true,"href":"https:\/\/moozapro.com\/lv\/wp-json\/wp\/v2\/product_tag?post=23723"}],"curies":[{"name":"wp","href":"https:\/\/api.w.org\/{rel}","templated":true}]}}