{"id":23727,"date":"2023-04-24T18:49:10","date_gmt":"2024-08-05T08:45:08","guid":{"rendered":"https:\/\/moozapro.com\/produktas\/kondicionieris-bez-skalosanas-spidumam-un-gludumam\/"},"modified":"2025-09-30T12:50:03","modified_gmt":"2025-09-30T09:50:03","slug":"kondicionieris-bez-skalosanas-spidumam-un-gludumam","status":"publish","type":"product","link":"https:\/\/moozapro.com\/lv\/produktas\/kondicionieris-bez-skalosanas-spidumam-un-gludumam\/","title":{"rendered":"Kondicionieris bez skalo\u0161anas sp\u012bdumam un gludumam"},"content":{"rendered":"\t\t<div data-elementor-type=\"product-post\" data-elementor-id=\"23727\" class=\"elementor elementor-23727 elementor-20016\" data-elementor-post-type=\"product\">\n\t\t\t\t\t\t<section class=\"elementor-section elementor-top-section elementor-element elementor-element-540d54f4 elementor-section-boxed elementor-section-height-default elementor-section-height-default\" data-id=\"540d54f4\" data-element_type=\"section\" data-e-type=\"section\">\n\t\t\t\t\t\t<div class=\"elementor-container elementor-column-gap-default\">\n\t\t\t\t\t<div class=\"elementor-column elementor-col-100 elementor-top-column elementor-element elementor-element-5d912cdd kitify-col-width-auto-no kitify-disable-relative-no\" data-id=\"5d912cdd\" data-element_type=\"column\" data-e-type=\"column\">\n\t\t\t<div class=\"elementor-widget-wrap elementor-element-populated\">\n\t\t\t\t\t\t<div class=\"elementor-element elementor-element-77771a2 elementor-widget elementor-widget-heading\" data-id=\"77771a2\" data-element_type=\"widget\" data-e-type=\"widget\" data-widget_type=\"heading.default\">\n\t\t\t\t<div class=\"elementor-widget-container\">\n\t\t\t\t\t<h2 class=\"elementor-heading-title elementor-size-default\">Tas pa\u0101trina matu \u017e\u0101v\u0113\u0161anu, baro un pie\u0161\u0137ir matiem redzamu sp\u012bdumu, kas piem\u0113rots bieziem un vid\u0113ji bieziem matiem.<\/h2>\t\t\t\t<\/div>\n\t\t\t\t<\/div>\n\t\t\t\t<div class=\"elementor-element elementor-element-6dca9995 elementor-widget-divider--view-line elementor-widget elementor-widget-divider\" data-id=\"6dca9995\" data-element_type=\"widget\" data-e-type=\"widget\" data-widget_type=\"divider.default\">\n\t\t\t\t<div class=\"elementor-widget-container\">\n\t\t\t\t\t\t\t<div class=\"elementor-divider\">\n\t\t\t<span class=\"elementor-divider-separator\">\n\t\t\t\t\t\t<\/span>\n\t\t<\/div>\n\t\t\t\t\t\t<\/div>\n\t\t\t\t<\/div>\n\t\t\t\t<div class=\"elementor-element elementor-element-287c1b90 elementor-widget elementor-widget-spacer\" data-id=\"287c1b90\" data-element_type=\"widget\" data-e-type=\"widget\" data-widget_type=\"spacer.default\">\n\t\t\t\t<div class=\"elementor-widget-container\">\n\t\t\t\t\t\t\t<div class=\"elementor-spacer\">\n\t\t\t<div class=\"elementor-spacer-inner\"><\/div>\n\t\t<\/div>\n\t\t\t\t\t\t<\/div>\n\t\t\t\t<\/div>\n\t\t\t\t<div class=\"elementor-element elementor-element-38d2f009 elementor-widget elementor-widget-text-editor\" data-id=\"38d2f009\" data-element_type=\"widget\" data-e-type=\"widget\" data-widget_type=\"text-editor.default\">\n\t\t\t\t<div class=\"elementor-widget-container\">\n\t\t\t\t\t\t\t\t\t<p>Rezult\u0101ts ir redzami \u0101tr\u0101ka \u017e\u016b\u0161ana, maigums un elast\u012bba jau p\u0113c pirm\u0101s lieto\u0161anas reizes.  <\/p><p><strong>Rezult\u0101ts<\/strong>: sp\u0113c\u012bg\u0101ki, vesel\u012bg\u0101ki un aizsarg\u0101t\u0101ki mati.<\/p><p>-97% dab\u012bgo sast\u0101vda\u013cu<\/p><p>-mazina sprogas un sprogas<\/p><p>- dzi\u013ci barojo\u0161s un viegls<\/p><p>- pa\u0101trina \u017e\u0101v\u0113\u0161anu<\/p><p>- nodro\u0161ina UV aizsardz\u012bbu.<\/p><p>- padara matus sp\u012bd\u012bgus<\/p><p>- maksim\u0101li palielina matu v\u0101rpstas sl\u0113g\u0161anu.<\/p><p>TALPA: 150ml<\/p>\t\t\t\t\t\t\t\t<\/div>\n\t\t\t\t<\/div>\n\t\t\t\t\t<\/div>\n\t\t<\/div>\n\t\t\t\t\t<\/div>\n\t\t<\/section>\n\t\t\t\t<section class=\"elementor-section elementor-top-section elementor-element elementor-element-61b1c8fe elementor-reverse-mobile elementor-section-boxed elementor-section-height-default elementor-section-height-default\" data-id=\"61b1c8fe\" data-element_type=\"section\" data-e-type=\"section\">\n\t\t\t\t\t\t<div class=\"elementor-container elementor-column-gap-default\">\n\t\t\t\t\t<div class=\"elementor-column elementor-col-50 elementor-top-column elementor-element elementor-element-525b1d7e kitify-col-width-auto-no kitify-disable-relative-no\" data-id=\"525b1d7e\" data-element_type=\"column\" data-e-type=\"column\">\n\t\t\t<div class=\"elementor-widget-wrap elementor-element-populated\">\n\t\t\t\t\t\t<div class=\"elementor-element elementor-element-488d75a6 elementor-widget elementor-widget-heading\" data-id=\"488d75a6\" data-element_type=\"widget\" data-e-type=\"widget\" data-widget_type=\"heading.default\">\n\t\t\t\t<div class=\"elementor-widget-container\">\n\t\t\t\t\t<h2 class=\"elementor-heading-title elementor-size-default\">Izmanto\u0161ana  <\/h2>\t\t\t\t<\/div>\n\t\t\t\t<\/div>\n\t\t\t\t<div class=\"elementor-element elementor-element-38514efc elementor-widget-divider--view-line elementor-widget elementor-widget-divider\" data-id=\"38514efc\" data-element_type=\"widget\" data-e-type=\"widget\" data-widget_type=\"divider.default\">\n\t\t\t\t<div class=\"elementor-widget-container\">\n\t\t\t\t\t\t\t<div class=\"elementor-divider\">\n\t\t\t<span class=\"elementor-divider-separator\">\n\t\t\t\t\t\t<\/span>\n\t\t<\/div>\n\t\t\t\t\t\t<\/div>\n\t\t\t\t<\/div>\n\t\t\t\t<div class=\"elementor-element elementor-element-74e8bde7 elementor-widget elementor-widget-spacer\" data-id=\"74e8bde7\" data-element_type=\"widget\" data-e-type=\"widget\" data-widget_type=\"spacer.default\">\n\t\t\t\t<div class=\"elementor-widget-container\">\n\t\t\t\t\t\t\t<div class=\"elementor-spacer\">\n\t\t\t<div class=\"elementor-spacer-inner\"><\/div>\n\t\t<\/div>\n\t\t\t\t\t\t<\/div>\n\t\t\t\t<\/div>\n\t\t\t\t<div class=\"elementor-element elementor-element-4fb866d0 elementor-widget elementor-widget-text-editor\" data-id=\"4fb866d0\" data-element_type=\"widget\" data-e-type=\"widget\" data-widget_type=\"text-editor.default\">\n\t\t\t\t<div class=\"elementor-widget-container\">\n\t\t\t\t\t\t\t\t\t<p>Lietojiet p\u0113c katras matu mazg\u0101\u0161anas reizes.<\/p><ol><li><strong>Izmazg\u0101jiet matus ar \u0161amp\u016bnu, izmantojot masku vai kondicionieri.<\/strong><\/li><li><strong>  Iz\u017e\u0101v\u0113jiet matus.<\/strong><\/li><li><strong>Izsmidziniet l\u012bdzekli (rokas stiepiena att\u0101lum\u0101).<\/strong><\/li><li><strong>Veidojiet v\u0113lamo friz\u016bru<\/strong><\/li><\/ol><p>* Vislab\u0101k darbojas siner\u0123ij\u0101 ar Ocrys produktiem.  <\/p><p>Piem\u0113rots:<\/p><ul><li>Bieziem, kupliem matiem.<\/li><li>Taisniem vai cirtainiem\/vi\u013c\u0146ainiem matiem<\/li><li>Sausa, nepaklaus\u012bga, gr\u016bti kontrol\u0113jama.<\/li><\/ul>\t\t\t\t\t\t\t\t<\/div>\n\t\t\t\t<\/div>\n\t\t\t\t<div class=\"elementor-element elementor-element-64a60d84 elementor-widget elementor-widget-spacer\" data-id=\"64a60d84\" data-element_type=\"widget\" data-e-type=\"widget\" data-widget_type=\"spacer.default\">\n\t\t\t\t<div class=\"elementor-widget-container\">\n\t\t\t\t\t\t\t<div class=\"elementor-spacer\">\n\t\t\t<div class=\"elementor-spacer-inner\"><\/div>\n\t\t<\/div>\n\t\t\t\t\t\t<\/div>\n\t\t\t\t<\/div>\n\t\t\t\t\t<\/div>\n\t\t<\/div>\n\t\t\t\t<div class=\"elementor-column elementor-col-50 elementor-top-column elementor-element elementor-element-47e0ae27 kitify-col-width-auto-no kitify-disable-relative-no\" data-id=\"47e0ae27\" data-element_type=\"column\" data-e-type=\"column\">\n\t\t\t<div class=\"elementor-widget-wrap elementor-element-populated\">\n\t\t\t\t\t\t<div class=\"elementor-element elementor-element-2b614f0f elementor-widget elementor-widget-image\" data-id=\"2b614f0f\" data-element_type=\"widget\" data-e-type=\"widget\" data-widget_type=\"image.default\">\n\t\t\t\t<div class=\"elementor-widget-container\">\n\t\t\t\t\t\t\t\t\t\t\t\t\t\t\t<img fetchpriority=\"high\" decoding=\"async\" width=\"2501\" height=\"2560\" src=\"https:\/\/moozapro.com\/wp-content\/uploads\/2022\/09\/trio_P0A4098_grande-scaled.jpg\" class=\"attachment-full size-full wp-image-22993\" alt=\"\" srcset=\"https:\/\/moozapro.com\/wp-content\/uploads\/2022\/09\/trio_P0A4098_grande-scaled.jpg 2501w, https:\/\/moozapro.com\/wp-content\/uploads\/2022\/09\/trio_P0A4098_grande-scaled-1000x1024.jpg 1000w, https:\/\/moozapro.com\/wp-content\/uploads\/2022\/09\/trio_P0A4098_grande-750x768.jpg 750w, https:\/\/moozapro.com\/wp-content\/uploads\/2022\/09\/trio_P0A4098_grande-977x1000.jpg 977w, https:\/\/moozapro.com\/wp-content\/uploads\/2022\/09\/trio_P0A4098_grande-1501x1536.jpg 1501w, https:\/\/moozapro.com\/wp-content\/uploads\/2022\/09\/trio_P0A4098_grande-2001x2048.jpg 2001w\" sizes=\"(max-width: 2501px) 100vw, 2501px\" \/>\t\t\t\t\t\t\t\t\t\t\t\t\t\t\t<\/div>\n\t\t\t\t<\/div>\n\t\t\t\t\t<\/div>\n\t\t<\/div>\n\t\t\t\t\t<\/div>\n\t\t<\/section>\n\t\t\t\t<\/div>\n\t\t","protected":false},"excerpt":{"rendered":"<p>Tas pa\u0101trina matu \u017e\u0101v\u0113\u0161anu, baro un pie\u0161\u0137ir matiem redzamu sp\u012bdumu, kas piem\u0113rots bieziem un vid\u0113ji bieziem matiem. Rezult\u0101ts ir redzami \u0101tr\u0101ka \u017e\u016b\u0161ana, maigums un elast\u012bba jau p\u0113c pirm\u0101s lieto\u0161anas reizes. Rezult\u0101ts: sp\u0113c\u012bg\u0101ki, vesel\u012bg\u0101ki un aizsarg\u0101t\u0101ki mati. -97% dab\u012bgo sast\u0101vda\u013cu -mazina sprogas un sprogas - dzi\u013ci barojo\u0161s un viegls - pa\u0101trina \u017e\u0101v\u0113\u0161anu - nodro\u0161ina UV aizsardz\u012bbu. - padara matus sp\u012bd\u012bgus -\u2026<\/p>\n","protected":false},"featured_media":23273,"comment_status":"open","ping_status":"closed","template":"","meta":[],"product_brand":[],"product_cat":[435,440],"product_tag":[676,446,445,444,670],"class_list":{"0":"post-23727","1":"product","2":"type-product","3":"status-publish","4":"has-post-thumbnail","6":"product_cat-gaisa-kondicionieru-atstasana-aiz-muguras","7":"product_cat-taisni-mati","8":"product_tag-biezi-mati","9":"product_tag-bojati-mati","10":"product_tag-cirtaini-mati","11":"product_tag-krasoti-mati","12":"product_tag-vilnaini-mati","14":"first","15":"instock","16":"sale","17":"taxable","18":"shipping-taxable","19":"purchasable","20":"product-type-simple"},"yoast_head":"<!-- This site is optimized with the Yoast SEO plugin v27.4 - https:\/\/yoast.com\/product\/yoast-seo-wordpress\/ -->\n<title>Kondicionieris bez skalo\u0161anas sp\u012bdumam un gludumam | Mooza Pro<\/title>\n<meta name=\"description\" content=\"Pie\u0161\u0137ir sp\u012bdumu, maigumu un elast\u012bbu. Piem\u0113rots sausiem, vid\u0113ji bieziem un bieziem matiem. Nodro\u0161ina vieglu veido\u0161anu un ieveido\u0161anu\" \/>\n<meta name=\"robots\" content=\"index, follow, max-snippet:-1, max-image-preview:large, max-video-preview:-1\" \/>\n<link rel=\"canonical\" href=\"https:\/\/moozapro.com\/lv\/produktas\/kondicionieris-bez-skalosanas-spidumam-un-gludumam\/\" \/>\n<meta property=\"og:locale\" content=\"lv_LV\" \/>\n<meta property=\"og:type\" content=\"article\" \/>\n<meta property=\"og:title\" content=\"Kondicionieris bez skalo\u0161anas sp\u012bdumam un gludumam | Mooza Pro\" \/>\n<meta property=\"og:description\" content=\"Pie\u0161\u0137ir sp\u012bdumu, maigumu un elast\u012bbu. Piem\u0113rots sausiem, vid\u0113ji bieziem un bieziem matiem. Nodro\u0161ina vieglu veido\u0161anu un ieveido\u0161anu\" \/>\n<meta property=\"og:url\" content=\"https:\/\/moozapro.com\/lv\/produktas\/kondicionieris-bez-skalosanas-spidumam-un-gludumam\/\" \/>\n<meta property=\"og:site_name\" content=\"Mooza Pro\" \/>\n<meta property=\"article:publisher\" content=\"https:\/\/www.facebook.com\/moozabeauty\" \/>\n<meta property=\"article:modified_time\" content=\"2025-09-30T09:50:03+00:00\" \/>\n<meta property=\"og:image\" content=\"https:\/\/moozapro.com\/wp-content\/uploads\/2023\/04\/img_flac_OcrysSurya_GlowingLeaveIn_150ml_flat_cmyk-scaled.jpg\" \/>\n\t<meta property=\"og:image:width\" content=\"1920\" \/>\n\t<meta property=\"og:image:height\" content=\"2560\" \/>\n\t<meta property=\"og:image:type\" content=\"image\/jpeg\" \/>\n<meta name=\"twitter:card\" content=\"summary_large_image\" \/>\n<meta name=\"twitter:label1\" content=\"Est. reading time\" \/>\n\t<meta name=\"twitter:data1\" content=\"1 minute\" \/>\n<script type=\"application\/ld+json\" class=\"yoast-schema-graph\">{\"@context\":\"https:\\\/\\\/schema.org\",\"@graph\":[{\"@type\":\"WebPage\",\"@id\":\"https:\\\/\\\/moozapro.com\\\/lv\\\/produktas\\\/kondicionieris-bez-skalosanas-spidumam-un-gludumam\\\/\",\"url\":\"https:\\\/\\\/moozapro.com\\\/lv\\\/produktas\\\/kondicionieris-bez-skalosanas-spidumam-un-gludumam\\\/\",\"name\":\"Kondicionieris bez skalo\u0161anas sp\u012bdumam un gludumam | Mooza Pro\",\"isPartOf\":{\"@id\":\"https:\\\/\\\/moozapro.com\\\/lv\\\/#website\"},\"primaryImageOfPage\":{\"@id\":\"https:\\\/\\\/moozapro.com\\\/lv\\\/produktas\\\/kondicionieris-bez-skalosanas-spidumam-un-gludumam\\\/#primaryimage\"},\"image\":{\"@id\":\"https:\\\/\\\/moozapro.com\\\/lv\\\/produktas\\\/kondicionieris-bez-skalosanas-spidumam-un-gludumam\\\/#primaryimage\"},\"thumbnailUrl\":\"https:\\\/\\\/moozapro.com\\\/wp-content\\\/uploads\\\/2023\\\/04\\\/img_flac_OcrysSurya_GlowingLeaveIn_150ml_flat_cmyk-scaled.jpg\",\"datePublished\":\"2024-08-05T08:45:08+00:00\",\"dateModified\":\"2025-09-30T09:50:03+00:00\",\"description\":\"Pie\u0161\u0137ir sp\u012bdumu, maigumu un elast\u012bbu. Piem\u0113rots sausiem, vid\u0113ji bieziem un bieziem matiem. Nodro\u0161ina vieglu veido\u0161anu un ieveido\u0161anu\",\"breadcrumb\":{\"@id\":\"https:\\\/\\\/moozapro.com\\\/lv\\\/produktas\\\/kondicionieris-bez-skalosanas-spidumam-un-gludumam\\\/#breadcrumb\"},\"inLanguage\":\"lv-LV\",\"potentialAction\":[{\"@type\":\"ReadAction\",\"target\":[\"https:\\\/\\\/moozapro.com\\\/lv\\\/produktas\\\/kondicionieris-bez-skalosanas-spidumam-un-gludumam\\\/\"]}]},{\"@type\":\"ImageObject\",\"inLanguage\":\"lv-LV\",\"@id\":\"https:\\\/\\\/moozapro.com\\\/lv\\\/produktas\\\/kondicionieris-bez-skalosanas-spidumam-un-gludumam\\\/#primaryimage\",\"url\":\"https:\\\/\\\/moozapro.com\\\/wp-content\\\/uploads\\\/2023\\\/04\\\/img_flac_OcrysSurya_GlowingLeaveIn_150ml_flat_cmyk-scaled.jpg\",\"contentUrl\":\"https:\\\/\\\/moozapro.com\\\/wp-content\\\/uploads\\\/2023\\\/04\\\/img_flac_OcrysSurya_GlowingLeaveIn_150ml_flat_cmyk-scaled.jpg\",\"width\":1920,\"height\":2560},{\"@type\":\"BreadcrumbList\",\"@id\":\"https:\\\/\\\/moozapro.com\\\/lv\\\/produktas\\\/kondicionieris-bez-skalosanas-spidumam-un-gludumam\\\/#breadcrumb\",\"itemListElement\":[{\"@type\":\"ListItem\",\"position\":1,\"name\":\"Galvenais\",\"item\":\"https:\\\/\\\/moozapro.com\\\/lv\\\/\"},{\"@type\":\"ListItem\",\"position\":2,\"name\":\"Visi produkti\",\"item\":\"https:\\\/\\\/moozapro.com\\\/lv\\\/shop\\\/\"},{\"@type\":\"ListItem\",\"position\":3,\"name\":\"Kondicionieris bez skalo\u0161anas sp\u012bdumam un gludumam\"}]},{\"@type\":\"WebSite\",\"@id\":\"https:\\\/\\\/moozapro.com\\\/lv\\\/#website\",\"url\":\"https:\\\/\\\/moozapro.com\\\/lv\\\/\",\"name\":\"Mooza Pro\",\"description\":\"Priemon\u0117s j\u016bs\u0173 plaukams\",\"publisher\":{\"@id\":\"https:\\\/\\\/moozapro.com\\\/lv\\\/#organization\"},\"potentialAction\":[{\"@type\":\"SearchAction\",\"target\":{\"@type\":\"EntryPoint\",\"urlTemplate\":\"https:\\\/\\\/moozapro.com\\\/lv\\\/?s={search_term_string}\"},\"query-input\":{\"@type\":\"PropertyValueSpecification\",\"valueRequired\":true,\"valueName\":\"search_term_string\"}}],\"inLanguage\":\"lv-LV\"},{\"@type\":\"Organization\",\"@id\":\"https:\\\/\\\/moozapro.com\\\/lv\\\/#organization\",\"name\":\"Mooza Pro\",\"url\":\"https:\\\/\\\/moozapro.com\\\/lv\\\/\",\"logo\":{\"@type\":\"ImageObject\",\"inLanguage\":\"lv-LV\",\"@id\":\"https:\\\/\\\/moozapro.com\\\/lv\\\/#\\\/schema\\\/logo\\\/image\\\/\",\"url\":\"https:\\\/\\\/moozapro.com\\\/wp-content\\\/uploads\\\/2023\\\/11\\\/Mooza-Pro-mazas-logo.png\",\"contentUrl\":\"https:\\\/\\\/moozapro.com\\\/wp-content\\\/uploads\\\/2023\\\/11\\\/Mooza-Pro-mazas-logo.png\",\"width\":250,\"height\":103,\"caption\":\"Mooza Pro\"},\"image\":{\"@id\":\"https:\\\/\\\/moozapro.com\\\/lv\\\/#\\\/schema\\\/logo\\\/image\\\/\"},\"sameAs\":[\"https:\\\/\\\/www.facebook.com\\\/moozabeauty\"]}]}<\/script>\n<!-- \/ Yoast SEO plugin. -->","yoast_head_json":{"title":"Kondicionieris bez skalo\u0161anas sp\u012bdumam un gludumam | Mooza Pro","description":"Pie\u0161\u0137ir sp\u012bdumu, maigumu un elast\u012bbu. Piem\u0113rots sausiem, vid\u0113ji bieziem un bieziem matiem. Nodro\u0161ina vieglu veido\u0161anu un ieveido\u0161anu","robots":{"index":"index","follow":"follow","max-snippet":"max-snippet:-1","max-image-preview":"max-image-preview:large","max-video-preview":"max-video-preview:-1"},"canonical":"https:\/\/moozapro.com\/lv\/produktas\/kondicionieris-bez-skalosanas-spidumam-un-gludumam\/","og_locale":"lv_LV","og_type":"article","og_title":"Kondicionieris bez skalo\u0161anas sp\u012bdumam un gludumam | Mooza Pro","og_description":"Pie\u0161\u0137ir sp\u012bdumu, maigumu un elast\u012bbu. Piem\u0113rots sausiem, vid\u0113ji bieziem un bieziem matiem. Nodro\u0161ina vieglu veido\u0161anu un ieveido\u0161anu","og_url":"https:\/\/moozapro.com\/lv\/produktas\/kondicionieris-bez-skalosanas-spidumam-un-gludumam\/","og_site_name":"Mooza Pro","article_publisher":"https:\/\/www.facebook.com\/moozabeauty","article_modified_time":"2025-09-30T09:50:03+00:00","og_image":[{"width":1920,"height":2560,"url":"https:\/\/moozapro.com\/wp-content\/uploads\/2023\/04\/img_flac_OcrysSurya_GlowingLeaveIn_150ml_flat_cmyk-scaled.jpg","type":"image\/jpeg"}],"twitter_card":"summary_large_image","twitter_misc":{"Est. reading time":"1 minute"},"schema":{"@context":"https:\/\/schema.org","@graph":[{"@type":"WebPage","@id":"https:\/\/moozapro.com\/lv\/produktas\/kondicionieris-bez-skalosanas-spidumam-un-gludumam\/","url":"https:\/\/moozapro.com\/lv\/produktas\/kondicionieris-bez-skalosanas-spidumam-un-gludumam\/","name":"Kondicionieris bez skalo\u0161anas sp\u012bdumam un gludumam | Mooza Pro","isPartOf":{"@id":"https:\/\/moozapro.com\/lv\/#website"},"primaryImageOfPage":{"@id":"https:\/\/moozapro.com\/lv\/produktas\/kondicionieris-bez-skalosanas-spidumam-un-gludumam\/#primaryimage"},"image":{"@id":"https:\/\/moozapro.com\/lv\/produktas\/kondicionieris-bez-skalosanas-spidumam-un-gludumam\/#primaryimage"},"thumbnailUrl":"https:\/\/moozapro.com\/wp-content\/uploads\/2023\/04\/img_flac_OcrysSurya_GlowingLeaveIn_150ml_flat_cmyk-scaled.jpg","datePublished":"2024-08-05T08:45:08+00:00","dateModified":"2025-09-30T09:50:03+00:00","description":"Pie\u0161\u0137ir sp\u012bdumu, maigumu un elast\u012bbu. Piem\u0113rots sausiem, vid\u0113ji bieziem un bieziem matiem. Nodro\u0161ina vieglu veido\u0161anu un ieveido\u0161anu","breadcrumb":{"@id":"https:\/\/moozapro.com\/lv\/produktas\/kondicionieris-bez-skalosanas-spidumam-un-gludumam\/#breadcrumb"},"inLanguage":"lv-LV","potentialAction":[{"@type":"ReadAction","target":["https:\/\/moozapro.com\/lv\/produktas\/kondicionieris-bez-skalosanas-spidumam-un-gludumam\/"]}]},{"@type":"ImageObject","inLanguage":"lv-LV","@id":"https:\/\/moozapro.com\/lv\/produktas\/kondicionieris-bez-skalosanas-spidumam-un-gludumam\/#primaryimage","url":"https:\/\/moozapro.com\/wp-content\/uploads\/2023\/04\/img_flac_OcrysSurya_GlowingLeaveIn_150ml_flat_cmyk-scaled.jpg","contentUrl":"https:\/\/moozapro.com\/wp-content\/uploads\/2023\/04\/img_flac_OcrysSurya_GlowingLeaveIn_150ml_flat_cmyk-scaled.jpg","width":1920,"height":2560},{"@type":"BreadcrumbList","@id":"https:\/\/moozapro.com\/lv\/produktas\/kondicionieris-bez-skalosanas-spidumam-un-gludumam\/#breadcrumb","itemListElement":[{"@type":"ListItem","position":1,"name":"Galvenais","item":"https:\/\/moozapro.com\/lv\/"},{"@type":"ListItem","position":2,"name":"Visi produkti","item":"https:\/\/moozapro.com\/lv\/shop\/"},{"@type":"ListItem","position":3,"name":"Kondicionieris bez skalo\u0161anas sp\u012bdumam un gludumam"}]},{"@type":"WebSite","@id":"https:\/\/moozapro.com\/lv\/#website","url":"https:\/\/moozapro.com\/lv\/","name":"Mooza Pro","description":"Priemon\u0117s j\u016bs\u0173 plaukams","publisher":{"@id":"https:\/\/moozapro.com\/lv\/#organization"},"potentialAction":[{"@type":"SearchAction","target":{"@type":"EntryPoint","urlTemplate":"https:\/\/moozapro.com\/lv\/?s={search_term_string}"},"query-input":{"@type":"PropertyValueSpecification","valueRequired":true,"valueName":"search_term_string"}}],"inLanguage":"lv-LV"},{"@type":"Organization","@id":"https:\/\/moozapro.com\/lv\/#organization","name":"Mooza Pro","url":"https:\/\/moozapro.com\/lv\/","logo":{"@type":"ImageObject","inLanguage":"lv-LV","@id":"https:\/\/moozapro.com\/lv\/#\/schema\/logo\/image\/","url":"https:\/\/moozapro.com\/wp-content\/uploads\/2023\/11\/Mooza-Pro-mazas-logo.png","contentUrl":"https:\/\/moozapro.com\/wp-content\/uploads\/2023\/11\/Mooza-Pro-mazas-logo.png","width":250,"height":103,"caption":"Mooza Pro"},"image":{"@id":"https:\/\/moozapro.com\/lv\/#\/schema\/logo\/image\/"},"sameAs":["https:\/\/www.facebook.com\/moozabeauty"]}]}},"_links":{"self":[{"href":"https:\/\/moozapro.com\/lv\/wp-json\/wp\/v2\/product\/23727","targetHints":{"allow":["GET"]}}],"collection":[{"href":"https:\/\/moozapro.com\/lv\/wp-json\/wp\/v2\/product"}],"about":[{"href":"https:\/\/moozapro.com\/lv\/wp-json\/wp\/v2\/types\/product"}],"replies":[{"embeddable":true,"href":"https:\/\/moozapro.com\/lv\/wp-json\/wp\/v2\/comments?post=23727"}],"version-history":[{"count":3,"href":"https:\/\/moozapro.com\/lv\/wp-json\/wp\/v2\/product\/23727\/revisions"}],"predecessor-version":[{"id":31243,"href":"https:\/\/moozapro.com\/lv\/wp-json\/wp\/v2\/product\/23727\/revisions\/31243"}],"wp:featuredmedia":[{"embeddable":true,"href":"https:\/\/moozapro.com\/lv\/wp-json\/wp\/v2\/media\/23273"}],"wp:attachment":[{"href":"https:\/\/moozapro.com\/lv\/wp-json\/wp\/v2\/media?parent=23727"}],"wp:term":[{"taxonomy":"product_brand","embeddable":true,"href":"https:\/\/moozapro.com\/lv\/wp-json\/wp\/v2\/product_brand?post=23727"},{"taxonomy":"product_cat","embeddable":true,"href":"https:\/\/moozapro.com\/lv\/wp-json\/wp\/v2\/product_cat?post=23727"},{"taxonomy":"product_tag","embeddable":true,"href":"https:\/\/moozapro.com\/lv\/wp-json\/wp\/v2\/product_tag?post=23727"}],"curies":[{"name":"wp","href":"https:\/\/api.w.org\/{rel}","templated":true}]}}