{"id":23740,"date":"2023-02-24T12:42:10","date_gmt":"2023-02-24T10:42:10","guid":{"rendered":"https:\/\/moozapro.com\/produktas\/uztura-bagatinatajs-nagiem-un-matiem\/"},"modified":"2026-04-27T15:42:38","modified_gmt":"2026-04-27T12:42:38","slug":"uztura-bagatinatajs-nagiem-un-matiem","status":"publish","type":"product","link":"https:\/\/moozapro.com\/lv\/produktas\/uztura-bagatinatajs-nagiem-un-matiem\/","title":{"rendered":"Uztura bag\u0101tin\u0101t\u0101js nagiem un matiem"},"content":{"rendered":"\t\t<div data-elementor-type=\"product-post\" data-elementor-id=\"23740\" class=\"elementor elementor-23740 elementor-19639\" data-elementor-post-type=\"product\">\n\t\t\t\t<div class=\"elementor-element elementor-element-34cb5c2d e-flex e-con-boxed kitify-col-width-auto-no ignore-docs-style-no kitify-disable-relative-no e-root-container elementor-top-section e-con e-parent\" data-id=\"34cb5c2d\" data-element_type=\"container\" data-e-type=\"container\">\n\t\t\t\t\t<div class=\"e-con-inner\">\n\t\t\t\t<div class=\"elementor-element elementor-element-df73383 elementor-widget-tablet__width-initial elementor-widget elementor-widget-image\" data-id=\"df73383\" data-element_type=\"widget\" data-e-type=\"widget\" data-widget_type=\"image.default\">\n\t\t\t\t<div class=\"elementor-widget-container\">\n\t\t\t\t\t\t\t\t\t\t\t\t\t\t\t<img fetchpriority=\"high\" decoding=\"async\" width=\"686\" height=\"458\" src=\"https:\/\/moozapro.com\/wp-content\/uploads\/2023\/02\/image-1-1.png\" class=\"attachment-medium size-medium wp-image-23176\" alt=\"\" \/>\t\t\t\t\t\t\t\t\t\t\t\t\t\t\t<\/div>\n\t\t\t\t<\/div>\n\t\t<div class=\"elementor-element elementor-element-2b74fde9 e-con-full e-flex kitify-col-width-auto-no ignore-docs-style-no kitify-disable-relative-no e-con e-child\" data-id=\"2b74fde9\" data-element_type=\"container\" data-e-type=\"container\">\n\t\t\t\t<div class=\"elementor-element elementor-element-6e7a3853 elementor-widget elementor-widget-text-editor\" data-id=\"6e7a3853\" data-element_type=\"widget\" data-e-type=\"widget\" data-widget_type=\"text-editor.default\">\n\t\t\t\t<div class=\"elementor-widget-container\">\n\t\t\t\t\t\t\t\t\t<p><span style=\"font-family: 'trebuchet ms', geneva, sans-serif;\"><span style=\"font-weight: 400;\">&#8220;GLAM 1965&#8243; z\u012bmols ir izstr\u0101d\u0101ts un ra\u017eots It\u0101lij\u0101, iev\u0113rojot biolo\u0123iskuma un dabiskuma politiku. \u0160ai l\u012bnijai ir pie\u0161\u0137irts AIAB sertifik\u0101ts, kas apliecina, ka t\u0101 ir bioorganisk\u0101 kosm\u0113tikas l\u012bdzeklis. Tas apliecina, ka visi produkti sast\u0101v no 95 % dab\u012bg\u0101m sast\u0101vda\u013c\u0101m.    <\/span><\/span><\/p><p> <\/p><p><span style=\"font-family: 'trebuchet ms', geneva, sans-serif;\"><span style=\"font-weight: 400;\">100% p\u0101rstr\u0101d\u0101jams iepakojums ir ne tikai ilgtsp\u0113j\u012bga pieeja dabai, bet ar\u012b r\u016bpes par produktu kvalit\u0101ti.<\/span><\/span><\/p><p> <\/p><p><em><span style=\"font-family: 'trebuchet ms', geneva, sans-serif;\"><strong>Lietojiet dabisko kosm\u0113tiku un veiciniet t\u012br\u0101ku r\u012btdienu ar *GLAM* !<\/strong><\/span><\/em><\/p>\t\t\t\t\t\t\t\t<\/div>\n\t\t\t\t<\/div>\n\t\t\t\t<\/div>\n\t\t\t\t\t<\/div>\n\t\t\t\t<\/div>\n\t\t\t\t<section class=\"elementor-section elementor-top-section elementor-element elementor-element-4270af8d elementor-section-boxed elementor-section-height-default elementor-section-height-default\" data-id=\"4270af8d\" data-element_type=\"section\" data-e-type=\"section\">\n\t\t\t\t\t\t<div class=\"elementor-container elementor-column-gap-default\">\n\t\t\t\t\t<div class=\"elementor-column elementor-col-50 elementor-top-column elementor-element elementor-element-7e4a52a kitify-col-width-auto-no kitify-disable-relative-no\" data-id=\"7e4a52a\" data-element_type=\"column\" data-e-type=\"column\" data-settings=\"{&quot;background_background&quot;:&quot;classic&quot;}\">\n\t\t\t<div class=\"elementor-widget-wrap elementor-element-populated\">\n\t\t\t\t\t\t<div class=\"elementor-element elementor-element-386d3026 elementor-widget elementor-widget-image\" data-id=\"386d3026\" data-element_type=\"widget\" data-e-type=\"widget\" data-widget_type=\"image.default\">\n\t\t\t\t<div class=\"elementor-widget-container\">\n\t\t\t\t\t\t\t\t\t\t\t\t\t\t\t<img decoding=\"async\" width=\"750\" height=\"744\" src=\"https:\/\/moozapro.com\/wp-content\/uploads\/2023\/02\/IMG_1626.jpg\" class=\"attachment-full size-full wp-image-23257\" alt=\"\" \/>\t\t\t\t\t\t\t\t\t\t\t\t\t\t\t<\/div>\n\t\t\t\t<\/div>\n\t\t\t\t\t<\/div>\n\t\t<\/div>\n\t\t\t\t<div class=\"elementor-column elementor-col-50 elementor-top-column elementor-element elementor-element-74f288fa kitify-col-width-auto-no kitify-disable-relative-no\" data-id=\"74f288fa\" data-element_type=\"column\" data-e-type=\"column\">\n\t\t\t<div class=\"elementor-widget-wrap elementor-element-populated\">\n\t\t\t\t\t\t<div class=\"elementor-element elementor-element-785ec5d6 elementor-widget elementor-widget-heading\" data-id=\"785ec5d6\" data-element_type=\"widget\" data-e-type=\"widget\" data-widget_type=\"heading.default\">\n\t\t\t\t<div class=\"elementor-widget-container\">\n\t\t\t\t\t<h2 class=\"elementor-heading-title elementor-size-default\">Uztura bag\u0101tin\u0101t\u0101js ar kerat\u012bna un prosa ekstraktiem matu un nagu stiprin\u0101\u0161anai<\/h2>\t\t\t\t<\/div>\n\t\t\t\t<\/div>\n\t\t\t\t<div class=\"elementor-element elementor-element-5c7f4176 elementor-widget-divider--view-line elementor-widget elementor-widget-divider\" data-id=\"5c7f4176\" data-element_type=\"widget\" data-e-type=\"widget\" data-widget_type=\"divider.default\">\n\t\t\t\t<div class=\"elementor-widget-container\">\n\t\t\t\t\t\t\t<div class=\"elementor-divider\">\n\t\t\t<span class=\"elementor-divider-separator\">\n\t\t\t\t\t\t<\/span>\n\t\t<\/div>\n\t\t\t\t\t\t<\/div>\n\t\t\t\t<\/div>\n\t\t\t\t<div class=\"elementor-element elementor-element-5d85994c elementor-widget elementor-widget-spacer\" data-id=\"5d85994c\" data-element_type=\"widget\" data-e-type=\"widget\" data-widget_type=\"spacer.default\">\n\t\t\t\t<div class=\"elementor-widget-container\">\n\t\t\t\t\t\t\t<div class=\"elementor-spacer\">\n\t\t\t<div class=\"elementor-spacer-inner\"><\/div>\n\t\t<\/div>\n\t\t\t\t\t\t<\/div>\n\t\t\t\t<\/div>\n\t\t\t\t<div class=\"elementor-element elementor-element-1abe26ac elementor-widget elementor-widget-text-editor\" data-id=\"1abe26ac\" data-element_type=\"widget\" data-e-type=\"widget\" data-widget_type=\"text-editor.default\">\n\t\t\t\t<div class=\"elementor-widget-container\">\n\t\t\t\t\t\t\t\t\t<p><span style=\"font-weight: 400;\">T\u0101 satur ar\u012b cinku, kas pal\u012bdz uztur\u0113t veselus matus un nagus.<\/span><\/p><p> <\/p><p>Ja s\u016bdzaties par trausliem, v\u0101jiem nagiem, matiem, kas zaud\u0113ju\u0161i sp\u012bdumu un elast\u012bbu, \u0161is papildin\u0101jums ir tie\u0161i tas, kas jums nepiecie\u0161ams. \u0160\u0101du uztura bag\u0101tin\u0101t\u0101ju lieto\u0161ana ir b\u016btiska vesel\u012bgu nagu un matu saglab\u0101\u0161anai.  <\/p><p> <\/p><p><b>Lieto\u0161ana:<\/b><span style=\"font-weight: 400;\">  ieteicam\u0101 deva ir viena kapsula dien\u0101. M\u0113s iesak\u0101m lietot vair\u0101kus kursus p\u0113c k\u0101rtas, lai sasniegtu vislab\u0101ko iedarb\u012bbu un rezult\u0101tus.   <\/span><\/p><p><span style=\"font-weight: 400;\">Uzglab\u0101t v\u0113s\u0101, saus\u0101 viet\u0101.  <\/span><\/p><p><br><br><\/p><p><em>Daudzums: 30 kapsulas<\/em><\/p>\t\t\t\t\t\t\t\t<\/div>\n\t\t\t\t<\/div>\n\t\t\t\t\t<\/div>\n\t\t<\/div>\n\t\t\t\t\t<\/div>\n\t\t<\/section>\n\t\t\t\t<\/div>\n\t\t","protected":false},"excerpt":{"rendered":"<p>&#8220;GLAM 1965&#8243; z\u012bmols ir izstr\u0101d\u0101ts un ra\u017eots It\u0101lij\u0101, iev\u0113rojot biolo\u0123iskuma un dabiskuma politiku. \u0160ai l\u012bnijai ir pie\u0161\u0137irts AIAB sertifik\u0101ts, kas apliecina, ka t\u0101 ir bioorganisk\u0101 kosm\u0113tikas l\u012bdzeklis. Tas apliecina, ka visi produkti sast\u0101v no 95 % dab\u012bg\u0101m sast\u0101vda\u013c\u0101m. 100% p\u0101rstr\u0101d\u0101jams iepakojums ir ne tikai ilgtsp\u0113j\u012bga pieeja dabai, bet ar\u012b r\u016bpes par produktu kvalit\u0101ti. Lietojiet dabisko kosm\u0113tiku un veiciniet t\u012br\u0101ku r\u012btdienu\u2026<\/p>\n","protected":false},"featured_media":23256,"comment_status":"open","ping_status":"closed","template":"","meta":[],"product_brand":[],"product_cat":[452,470],"product_tag":[],"class_list":{"0":"post-23740","1":"product","2":"type-product","3":"status-publish","4":"has-post-thumbnail","6":"product_cat-glam1965-lv","7":"product_cat-matu-izkrisana-balding","8":"yith_product_brand-glam1965","10":"first","11":"instock","12":"taxable","13":"shipping-taxable","14":"purchasable","15":"product-type-simple"},"yoast_head":"<!-- This site is optimized with the Yoast SEO plugin v27.4 - https:\/\/yoast.com\/product\/yoast-seo-wordpress\/ -->\n<title>Uztura bag\u0101tin\u0101t\u0101js nagiem un matiem | Mooza Pro<\/title>\n<meta name=\"description\" content=\"Uztura bag\u0101tin\u0101t\u0101js nagu un matu stiprin\u0101\u0161anai. Dab\u012bgs vitam\u012bns, kas nodro\u0161ina nepiecie\u0161am\u0101s uzturvielas vesel\u012bgiem, elast\u012bgiem matiem un stipriem nagiem.\" \/>\n<meta name=\"robots\" content=\"index, follow, max-snippet:-1, max-image-preview:large, max-video-preview:-1\" \/>\n<link rel=\"canonical\" href=\"https:\/\/moozapro.com\/lv\/produktas\/uztura-bagatinatajs-nagiem-un-matiem\/\" \/>\n<meta property=\"og:locale\" content=\"lv_LV\" \/>\n<meta property=\"og:type\" content=\"article\" \/>\n<meta property=\"og:title\" content=\"Uztura bag\u0101tin\u0101t\u0101js nagiem un matiem | Mooza Pro\" \/>\n<meta property=\"og:description\" content=\"Uztura bag\u0101tin\u0101t\u0101js nagu un matu stiprin\u0101\u0161anai. Dab\u012bgs vitam\u012bns, kas nodro\u0161ina nepiecie\u0161am\u0101s uzturvielas vesel\u012bgiem, elast\u012bgiem matiem un stipriem nagiem.\" \/>\n<meta property=\"og:url\" content=\"https:\/\/moozapro.com\/lv\/produktas\/uztura-bagatinatajs-nagiem-un-matiem\/\" \/>\n<meta property=\"og:site_name\" content=\"Mooza Pro\" \/>\n<meta property=\"article:publisher\" content=\"https:\/\/www.facebook.com\/moozabeauty\" \/>\n<meta property=\"article:modified_time\" content=\"2026-04-27T12:42:38+00:00\" \/>\n<meta property=\"og:image\" content=\"https:\/\/moozapro.com\/wp-content\/uploads\/2023\/02\/boccetta-integratori_Hair-and-Nails.png\" \/>\n\t<meta property=\"og:image:width\" content=\"1200\" \/>\n\t<meta property=\"og:image:height\" content=\"1600\" \/>\n\t<meta property=\"og:image:type\" content=\"image\/png\" \/>\n<meta name=\"twitter:card\" content=\"summary_large_image\" \/>\n<meta name=\"twitter:label1\" content=\"Est. reading time\" \/>\n\t<meta name=\"twitter:data1\" content=\"1 minute\" \/>\n<script type=\"application\/ld+json\" class=\"yoast-schema-graph\">{\"@context\":\"https:\\\/\\\/schema.org\",\"@graph\":[{\"@type\":\"WebPage\",\"@id\":\"https:\\\/\\\/moozapro.com\\\/lv\\\/produktas\\\/uztura-bagatinatajs-nagiem-un-matiem\\\/\",\"url\":\"https:\\\/\\\/moozapro.com\\\/lv\\\/produktas\\\/uztura-bagatinatajs-nagiem-un-matiem\\\/\",\"name\":\"Uztura bag\u0101tin\u0101t\u0101js nagiem un matiem | Mooza Pro\",\"isPartOf\":{\"@id\":\"https:\\\/\\\/moozapro.com\\\/lv\\\/#website\"},\"primaryImageOfPage\":{\"@id\":\"https:\\\/\\\/moozapro.com\\\/lv\\\/produktas\\\/uztura-bagatinatajs-nagiem-un-matiem\\\/#primaryimage\"},\"image\":{\"@id\":\"https:\\\/\\\/moozapro.com\\\/lv\\\/produktas\\\/uztura-bagatinatajs-nagiem-un-matiem\\\/#primaryimage\"},\"thumbnailUrl\":\"https:\\\/\\\/moozapro.com\\\/wp-content\\\/uploads\\\/2023\\\/02\\\/boccetta-integratori_Hair-and-Nails.png\",\"datePublished\":\"2023-02-24T10:42:10+00:00\",\"dateModified\":\"2026-04-27T12:42:38+00:00\",\"description\":\"Uztura bag\u0101tin\u0101t\u0101js nagu un matu stiprin\u0101\u0161anai. Dab\u012bgs vitam\u012bns, kas nodro\u0161ina nepiecie\u0161am\u0101s uzturvielas vesel\u012bgiem, elast\u012bgiem matiem un stipriem nagiem.\",\"breadcrumb\":{\"@id\":\"https:\\\/\\\/moozapro.com\\\/lv\\\/produktas\\\/uztura-bagatinatajs-nagiem-un-matiem\\\/#breadcrumb\"},\"inLanguage\":\"lv-LV\",\"potentialAction\":[{\"@type\":\"ReadAction\",\"target\":[\"https:\\\/\\\/moozapro.com\\\/lv\\\/produktas\\\/uztura-bagatinatajs-nagiem-un-matiem\\\/\"]}]},{\"@type\":\"ImageObject\",\"inLanguage\":\"lv-LV\",\"@id\":\"https:\\\/\\\/moozapro.com\\\/lv\\\/produktas\\\/uztura-bagatinatajs-nagiem-un-matiem\\\/#primaryimage\",\"url\":\"https:\\\/\\\/moozapro.com\\\/wp-content\\\/uploads\\\/2023\\\/02\\\/boccetta-integratori_Hair-and-Nails.png\",\"contentUrl\":\"https:\\\/\\\/moozapro.com\\\/wp-content\\\/uploads\\\/2023\\\/02\\\/boccetta-integratori_Hair-and-Nails.png\",\"width\":1200,\"height\":1600},{\"@type\":\"BreadcrumbList\",\"@id\":\"https:\\\/\\\/moozapro.com\\\/lv\\\/produktas\\\/uztura-bagatinatajs-nagiem-un-matiem\\\/#breadcrumb\",\"itemListElement\":[{\"@type\":\"ListItem\",\"position\":1,\"name\":\"Galvenais\",\"item\":\"https:\\\/\\\/moozapro.com\\\/lv\\\/\"},{\"@type\":\"ListItem\",\"position\":2,\"name\":\"Visi produkti\",\"item\":\"https:\\\/\\\/moozapro.com\\\/lv\\\/shop\\\/\"},{\"@type\":\"ListItem\",\"position\":3,\"name\":\"Uztura bag\u0101tin\u0101t\u0101js nagiem un matiem\"}]},{\"@type\":\"WebSite\",\"@id\":\"https:\\\/\\\/moozapro.com\\\/lv\\\/#website\",\"url\":\"https:\\\/\\\/moozapro.com\\\/lv\\\/\",\"name\":\"Mooza Pro\",\"description\":\"Priemon\u0117s j\u016bs\u0173 plaukams\",\"publisher\":{\"@id\":\"https:\\\/\\\/moozapro.com\\\/lv\\\/#organization\"},\"potentialAction\":[{\"@type\":\"SearchAction\",\"target\":{\"@type\":\"EntryPoint\",\"urlTemplate\":\"https:\\\/\\\/moozapro.com\\\/lv\\\/?s={search_term_string}\"},\"query-input\":{\"@type\":\"PropertyValueSpecification\",\"valueRequired\":true,\"valueName\":\"search_term_string\"}}],\"inLanguage\":\"lv-LV\"},{\"@type\":\"Organization\",\"@id\":\"https:\\\/\\\/moozapro.com\\\/lv\\\/#organization\",\"name\":\"Mooza Pro\",\"url\":\"https:\\\/\\\/moozapro.com\\\/lv\\\/\",\"logo\":{\"@type\":\"ImageObject\",\"inLanguage\":\"lv-LV\",\"@id\":\"https:\\\/\\\/moozapro.com\\\/lv\\\/#\\\/schema\\\/logo\\\/image\\\/\",\"url\":\"https:\\\/\\\/moozapro.com\\\/wp-content\\\/uploads\\\/2023\\\/11\\\/Mooza-Pro-mazas-logo.png\",\"contentUrl\":\"https:\\\/\\\/moozapro.com\\\/wp-content\\\/uploads\\\/2023\\\/11\\\/Mooza-Pro-mazas-logo.png\",\"width\":250,\"height\":103,\"caption\":\"Mooza Pro\"},\"image\":{\"@id\":\"https:\\\/\\\/moozapro.com\\\/lv\\\/#\\\/schema\\\/logo\\\/image\\\/\"},\"sameAs\":[\"https:\\\/\\\/www.facebook.com\\\/moozabeauty\"]}]}<\/script>\n<!-- \/ Yoast SEO plugin. -->","yoast_head_json":{"title":"Uztura bag\u0101tin\u0101t\u0101js nagiem un matiem | Mooza Pro","description":"Uztura bag\u0101tin\u0101t\u0101js nagu un matu stiprin\u0101\u0161anai. Dab\u012bgs vitam\u012bns, kas nodro\u0161ina nepiecie\u0161am\u0101s uzturvielas vesel\u012bgiem, elast\u012bgiem matiem un stipriem nagiem.","robots":{"index":"index","follow":"follow","max-snippet":"max-snippet:-1","max-image-preview":"max-image-preview:large","max-video-preview":"max-video-preview:-1"},"canonical":"https:\/\/moozapro.com\/lv\/produktas\/uztura-bagatinatajs-nagiem-un-matiem\/","og_locale":"lv_LV","og_type":"article","og_title":"Uztura bag\u0101tin\u0101t\u0101js nagiem un matiem | Mooza Pro","og_description":"Uztura bag\u0101tin\u0101t\u0101js nagu un matu stiprin\u0101\u0161anai. Dab\u012bgs vitam\u012bns, kas nodro\u0161ina nepiecie\u0161am\u0101s uzturvielas vesel\u012bgiem, elast\u012bgiem matiem un stipriem nagiem.","og_url":"https:\/\/moozapro.com\/lv\/produktas\/uztura-bagatinatajs-nagiem-un-matiem\/","og_site_name":"Mooza Pro","article_publisher":"https:\/\/www.facebook.com\/moozabeauty","article_modified_time":"2026-04-27T12:42:38+00:00","og_image":[{"width":1200,"height":1600,"url":"https:\/\/moozapro.com\/wp-content\/uploads\/2023\/02\/boccetta-integratori_Hair-and-Nails.png","type":"image\/png"}],"twitter_card":"summary_large_image","twitter_misc":{"Est. reading time":"1 minute"},"schema":{"@context":"https:\/\/schema.org","@graph":[{"@type":"WebPage","@id":"https:\/\/moozapro.com\/lv\/produktas\/uztura-bagatinatajs-nagiem-un-matiem\/","url":"https:\/\/moozapro.com\/lv\/produktas\/uztura-bagatinatajs-nagiem-un-matiem\/","name":"Uztura bag\u0101tin\u0101t\u0101js nagiem un matiem | Mooza Pro","isPartOf":{"@id":"https:\/\/moozapro.com\/lv\/#website"},"primaryImageOfPage":{"@id":"https:\/\/moozapro.com\/lv\/produktas\/uztura-bagatinatajs-nagiem-un-matiem\/#primaryimage"},"image":{"@id":"https:\/\/moozapro.com\/lv\/produktas\/uztura-bagatinatajs-nagiem-un-matiem\/#primaryimage"},"thumbnailUrl":"https:\/\/moozapro.com\/wp-content\/uploads\/2023\/02\/boccetta-integratori_Hair-and-Nails.png","datePublished":"2023-02-24T10:42:10+00:00","dateModified":"2026-04-27T12:42:38+00:00","description":"Uztura bag\u0101tin\u0101t\u0101js nagu un matu stiprin\u0101\u0161anai. Dab\u012bgs vitam\u012bns, kas nodro\u0161ina nepiecie\u0161am\u0101s uzturvielas vesel\u012bgiem, elast\u012bgiem matiem un stipriem nagiem.","breadcrumb":{"@id":"https:\/\/moozapro.com\/lv\/produktas\/uztura-bagatinatajs-nagiem-un-matiem\/#breadcrumb"},"inLanguage":"lv-LV","potentialAction":[{"@type":"ReadAction","target":["https:\/\/moozapro.com\/lv\/produktas\/uztura-bagatinatajs-nagiem-un-matiem\/"]}]},{"@type":"ImageObject","inLanguage":"lv-LV","@id":"https:\/\/moozapro.com\/lv\/produktas\/uztura-bagatinatajs-nagiem-un-matiem\/#primaryimage","url":"https:\/\/moozapro.com\/wp-content\/uploads\/2023\/02\/boccetta-integratori_Hair-and-Nails.png","contentUrl":"https:\/\/moozapro.com\/wp-content\/uploads\/2023\/02\/boccetta-integratori_Hair-and-Nails.png","width":1200,"height":1600},{"@type":"BreadcrumbList","@id":"https:\/\/moozapro.com\/lv\/produktas\/uztura-bagatinatajs-nagiem-un-matiem\/#breadcrumb","itemListElement":[{"@type":"ListItem","position":1,"name":"Galvenais","item":"https:\/\/moozapro.com\/lv\/"},{"@type":"ListItem","position":2,"name":"Visi produkti","item":"https:\/\/moozapro.com\/lv\/shop\/"},{"@type":"ListItem","position":3,"name":"Uztura bag\u0101tin\u0101t\u0101js nagiem un matiem"}]},{"@type":"WebSite","@id":"https:\/\/moozapro.com\/lv\/#website","url":"https:\/\/moozapro.com\/lv\/","name":"Mooza Pro","description":"Priemon\u0117s j\u016bs\u0173 plaukams","publisher":{"@id":"https:\/\/moozapro.com\/lv\/#organization"},"potentialAction":[{"@type":"SearchAction","target":{"@type":"EntryPoint","urlTemplate":"https:\/\/moozapro.com\/lv\/?s={search_term_string}"},"query-input":{"@type":"PropertyValueSpecification","valueRequired":true,"valueName":"search_term_string"}}],"inLanguage":"lv-LV"},{"@type":"Organization","@id":"https:\/\/moozapro.com\/lv\/#organization","name":"Mooza Pro","url":"https:\/\/moozapro.com\/lv\/","logo":{"@type":"ImageObject","inLanguage":"lv-LV","@id":"https:\/\/moozapro.com\/lv\/#\/schema\/logo\/image\/","url":"https:\/\/moozapro.com\/wp-content\/uploads\/2023\/11\/Mooza-Pro-mazas-logo.png","contentUrl":"https:\/\/moozapro.com\/wp-content\/uploads\/2023\/11\/Mooza-Pro-mazas-logo.png","width":250,"height":103,"caption":"Mooza Pro"},"image":{"@id":"https:\/\/moozapro.com\/lv\/#\/schema\/logo\/image\/"},"sameAs":["https:\/\/www.facebook.com\/moozabeauty"]}]}},"_links":{"self":[{"href":"https:\/\/moozapro.com\/lv\/wp-json\/wp\/v2\/product\/23740","targetHints":{"allow":["GET"]}}],"collection":[{"href":"https:\/\/moozapro.com\/lv\/wp-json\/wp\/v2\/product"}],"about":[{"href":"https:\/\/moozapro.com\/lv\/wp-json\/wp\/v2\/types\/product"}],"replies":[{"embeddable":true,"href":"https:\/\/moozapro.com\/lv\/wp-json\/wp\/v2\/comments?post=23740"}],"version-history":[{"count":5,"href":"https:\/\/moozapro.com\/lv\/wp-json\/wp\/v2\/product\/23740\/revisions"}],"predecessor-version":[{"id":43002,"href":"https:\/\/moozapro.com\/lv\/wp-json\/wp\/v2\/product\/23740\/revisions\/43002"}],"wp:featuredmedia":[{"embeddable":true,"href":"https:\/\/moozapro.com\/lv\/wp-json\/wp\/v2\/media\/23256"}],"wp:attachment":[{"href":"https:\/\/moozapro.com\/lv\/wp-json\/wp\/v2\/media?parent=23740"}],"wp:term":[{"taxonomy":"product_brand","embeddable":true,"href":"https:\/\/moozapro.com\/lv\/wp-json\/wp\/v2\/product_brand?post=23740"},{"taxonomy":"product_cat","embeddable":true,"href":"https:\/\/moozapro.com\/lv\/wp-json\/wp\/v2\/product_cat?post=23740"},{"taxonomy":"product_tag","embeddable":true,"href":"https:\/\/moozapro.com\/lv\/wp-json\/wp\/v2\/product_tag?post=23740"}],"curies":[{"name":"wp","href":"https:\/\/api.w.org\/{rel}","templated":true}]}}