{"id":23751,"date":"2023-02-23T15:53:01","date_gmt":"2023-02-23T13:53:01","guid":{"rendered":"https:\/\/moozapro.com\/produktas\/ocean-breeze-majas-smarzas\/"},"modified":"2025-11-18T12:14:50","modified_gmt":"2025-11-18T10:14:50","slug":"ocean-breeze-majas-smarzas","status":"publish","type":"product","link":"https:\/\/moozapro.com\/lv\/produktas\/ocean-breeze-majas-smarzas\/","title":{"rendered":"Ocean breeze m\u0101jas smar\u017eas"},"content":{"rendered":"\t\t<div data-elementor-type=\"product-post\" data-elementor-id=\"23751\" class=\"elementor elementor-23751 elementor-19447\" data-elementor-post-type=\"product\">\n\t\t\t\t<div class=\"elementor-element elementor-element-246a76c0 e-flex e-con-boxed kitify-col-width-auto-no ignore-docs-style-no kitify-disable-relative-no e-root-container elementor-top-section e-con e-parent\" data-id=\"246a76c0\" data-element_type=\"container\" data-e-type=\"container\">\n\t\t\t\t\t<div class=\"e-con-inner\">\n\t\t<div class=\"elementor-element elementor-element-4f0a3935 e-flex e-con-boxed kitify-col-width-auto-no ignore-docs-style-no kitify-disable-relative-no e-con e-child\" data-id=\"4f0a3935\" data-element_type=\"container\" data-e-type=\"container\">\n\t\t\t\t\t<div class=\"e-con-inner\">\n\t\t\t\t<div class=\"elementor-element elementor-element-5ac043a4 elementor-widget elementor-widget-heading\" data-id=\"5ac043a4\" data-element_type=\"widget\" data-e-type=\"widget\" data-widget_type=\"heading.default\">\n\t\t\t\t<div class=\"elementor-widget-container\">\n\t\t\t\t\t<h3 class=\"elementor-heading-title elementor-size-default\">Ra\u017eots It\u0101lij\u0101<\/h3>\t\t\t\t<\/div>\n\t\t\t\t<\/div>\n\t\t\t\t<div class=\"elementor-element elementor-element-29b4ac8a elementor-widget elementor-widget-image\" data-id=\"29b4ac8a\" data-element_type=\"widget\" data-e-type=\"widget\" data-widget_type=\"image.default\">\n\t\t\t\t<div class=\"elementor-widget-container\">\n\t\t\t\t\t\t\t\t\t\t\t\t\t\t\t<img decoding=\"async\" width=\"50\" height=\"50\" src=\"https:\/\/moozapro.com\/wp-content\/uploads\/2023\/02\/italy.png\" class=\"attachment-full size-full wp-image-23239\" alt=\"\" \/>\t\t\t\t\t\t\t\t\t\t\t\t\t\t\t<\/div>\n\t\t\t\t<\/div>\n\t\t\t\t\t<\/div>\n\t\t\t\t<\/div>\n\t\t<div class=\"elementor-element elementor-element-28fe7774 e-flex e-con-boxed kitify-col-width-auto-no ignore-docs-style-no kitify-disable-relative-no e-con e-child\" data-id=\"28fe7774\" data-element_type=\"container\" data-e-type=\"container\">\n\t\t\t\t\t<div class=\"e-con-inner\">\n\t\t\t\t<div class=\"elementor-element elementor-element-7ab389c6 elementor-widget elementor-widget-heading\" data-id=\"7ab389c6\" data-element_type=\"widget\" data-e-type=\"widget\" data-widget_type=\"heading.default\">\n\t\t\t\t<div class=\"elementor-widget-container\">\n\t\t\t\t\t<h3 class=\"elementor-heading-title elementor-size-default\">Veg\u0101ns<\/h3>\t\t\t\t<\/div>\n\t\t\t\t<\/div>\n\t\t\t\t<div class=\"elementor-element elementor-element-35a24b00 elementor-widget elementor-widget-image\" data-id=\"35a24b00\" data-element_type=\"widget\" data-e-type=\"widget\" data-widget_type=\"image.default\">\n\t\t\t\t<div class=\"elementor-widget-container\">\n\t\t\t\t\t\t\t\t\t\t\t\t\t\t\t<img decoding=\"async\" width=\"50\" height=\"50\" src=\"https:\/\/moozapro.com\/wp-content\/uploads\/2023\/02\/leaf.png\" class=\"attachment-full size-full wp-image-23238\" alt=\"\" \/>\t\t\t\t\t\t\t\t\t\t\t\t\t\t\t<\/div>\n\t\t\t\t<\/div>\n\t\t\t\t\t<\/div>\n\t\t\t\t<\/div>\n\t\t<div class=\"elementor-element elementor-element-6b1c927c e-flex e-con-boxed kitify-col-width-auto-no ignore-docs-style-no kitify-disable-relative-no e-con e-child\" data-id=\"6b1c927c\" data-element_type=\"container\" data-e-type=\"container\">\n\t\t\t\t\t<div class=\"e-con-inner\">\n\t\t\t\t<div class=\"elementor-element elementor-element-54ee4922 elementor-widget elementor-widget-heading\" data-id=\"54ee4922\" data-element_type=\"widget\" data-e-type=\"widget\" data-widget_type=\"heading.default\">\n\t\t\t\t<div class=\"elementor-widget-container\">\n\t\t\t\t\t<h3 class=\"elementor-heading-title elementor-size-default\">100% p\u0101rstr\u0101d\u0101jams iepakojums<\/h3>\t\t\t\t<\/div>\n\t\t\t\t<\/div>\n\t\t\t\t<div class=\"elementor-element elementor-element-6a956025 elementor-widget elementor-widget-image\" data-id=\"6a956025\" data-element_type=\"widget\" data-e-type=\"widget\" data-widget_type=\"image.default\">\n\t\t\t\t<div class=\"elementor-widget-container\">\n\t\t\t\t\t\t\t\t\t\t\t\t\t\t\t<img decoding=\"async\" width=\"50\" height=\"50\" src=\"https:\/\/moozapro.com\/wp-content\/uploads\/2023\/02\/pack.png\" class=\"attachment-full size-full wp-image-23237\" alt=\"\" \/>\t\t\t\t\t\t\t\t\t\t\t\t\t\t\t<\/div>\n\t\t\t\t<\/div>\n\t\t\t\t\t<\/div>\n\t\t\t\t<\/div>\n\t\t\t\t\t<\/div>\n\t\t\t\t<\/div>\n\t\t\t\t<section class=\"elementor-section elementor-top-section elementor-element elementor-element-2d54c6d6 elementor-section-boxed elementor-section-height-default elementor-section-height-default\" data-id=\"2d54c6d6\" data-element_type=\"section\" data-e-type=\"section\">\n\t\t\t\t\t\t<div class=\"elementor-container elementor-column-gap-default\">\n\t\t\t\t\t<div class=\"elementor-column elementor-col-50 elementor-top-column elementor-element elementor-element-60489b3c kitify-col-width-auto-no kitify-disable-relative-no\" data-id=\"60489b3c\" data-element_type=\"column\" data-e-type=\"column\" data-settings=\"{&quot;background_background&quot;:&quot;classic&quot;}\">\n\t\t\t<div class=\"elementor-widget-wrap elementor-element-populated\">\n\t\t\t\t\t\t<div class=\"elementor-element elementor-element-5cfc9e4 elementor-widget elementor-widget-image\" data-id=\"5cfc9e4\" data-element_type=\"widget\" data-e-type=\"widget\" data-widget_type=\"image.default\">\n\t\t\t\t<div class=\"elementor-widget-container\">\n\t\t\t\t\t\t\t\t\t\t\t\t\t\t\t<img loading=\"lazy\" decoding=\"async\" width=\"1707\" height=\"2560\" src=\"https:\/\/moozapro.com\/wp-content\/uploads\/2023\/02\/young-woman-praying-and-meditating-alone-at-sunset-2021-12-09-08-24-10-utc-scaled.jpg\" class=\"attachment-full size-full wp-image-23254\" alt=\"\" srcset=\"https:\/\/moozapro.com\/wp-content\/uploads\/2023\/02\/young-woman-praying-and-meditating-alone-at-sunset-2021-12-09-08-24-10-utc-scaled.jpg 1707w, https:\/\/moozapro.com\/wp-content\/uploads\/2023\/02\/young-woman-praying-and-meditating-alone-at-sunset-2021-12-09-08-24-10-utc-scaled-1000x1500.jpg 1000w, https:\/\/moozapro.com\/wp-content\/uploads\/2023\/02\/young-woman-praying-and-meditating-alone-at-sunset-2021-12-09-08-24-10-utc-667x1000.jpg 667w, https:\/\/moozapro.com\/wp-content\/uploads\/2023\/02\/young-woman-praying-and-meditating-alone-at-sunset-2021-12-09-08-24-10-utc-1024x1536.jpg 1024w, https:\/\/moozapro.com\/wp-content\/uploads\/2023\/02\/young-woman-praying-and-meditating-alone-at-sunset-2021-12-09-08-24-10-utc-1365x2048.jpg 1365w\" sizes=\"(max-width: 1707px) 100vw, 1707px\" \/>\t\t\t\t\t\t\t\t\t\t\t\t\t\t\t<\/div>\n\t\t\t\t<\/div>\n\t\t\t\t\t<\/div>\n\t\t<\/div>\n\t\t\t\t<div class=\"elementor-column elementor-col-50 elementor-top-column elementor-element elementor-element-23a5846d kitify-col-width-auto-no kitify-disable-relative-no\" data-id=\"23a5846d\" data-element_type=\"column\" data-e-type=\"column\">\n\t\t\t<div class=\"elementor-widget-wrap elementor-element-populated\">\n\t\t\t\t\t\t<div class=\"elementor-element elementor-element-3f33c6a5 elementor-widget elementor-widget-heading\" data-id=\"3f33c6a5\" data-element_type=\"widget\" data-e-type=\"widget\" data-widget_type=\"heading.default\">\n\t\t\t\t<div class=\"elementor-widget-container\">\n\t\t\t\t\t<h2 class=\"elementor-heading-title elementor-size-default\">Intens\u012bvi smar\u017eojo\u0161a svaiga oke\u0101na br\u012bze j\u016bsu m\u0101j\u0101s.\n<\/h2>\t\t\t\t<\/div>\n\t\t\t\t<\/div>\n\t\t\t\t<div class=\"elementor-element elementor-element-6d9d14b9 elementor-widget-divider--view-line elementor-widget elementor-widget-divider\" data-id=\"6d9d14b9\" data-element_type=\"widget\" data-e-type=\"widget\" data-widget_type=\"divider.default\">\n\t\t\t\t<div class=\"elementor-widget-container\">\n\t\t\t\t\t\t\t<div class=\"elementor-divider\">\n\t\t\t<span class=\"elementor-divider-separator\">\n\t\t\t\t\t\t<\/span>\n\t\t<\/div>\n\t\t\t\t\t\t<\/div>\n\t\t\t\t<\/div>\n\t\t\t\t<div class=\"elementor-element elementor-element-50e8f3a5 elementor-widget elementor-widget-spacer\" data-id=\"50e8f3a5\" data-element_type=\"widget\" data-e-type=\"widget\" data-widget_type=\"spacer.default\">\n\t\t\t\t<div class=\"elementor-widget-container\">\n\t\t\t\t\t\t\t<div class=\"elementor-spacer\">\n\t\t\t<div class=\"elementor-spacer-inner\"><\/div>\n\t\t<\/div>\n\t\t\t\t\t\t<\/div>\n\t\t\t\t<\/div>\n\t\t\t\t<div class=\"elementor-element elementor-element-6822c133 elementor-widget elementor-widget-text-editor\" data-id=\"6822c133\" data-element_type=\"widget\" data-e-type=\"widget\" data-widget_type=\"text-editor.default\">\n\t\t\t\t<div class=\"elementor-widget-container\">\n\t\t\t\t\t\t\t\t\t<p><span style=\"font-weight: 400;\">Aizveriet acis un \u013caujieties neaizmirstamaj\u0101m saj\u016bt\u0101m, ko sniegs Ocean Gust. J\u016bras un liliju notis meistar\u012bgi sapl\u016bst ar jasm\u012bnu un j\u016bras priedi, kas mijas ar j\u016bras a\u013c\u0123u un balt\u0101 muskusa \u0113teriskaj\u0101m smar\u017e\u0101m. Atsvaidzino\u0161s ce\u013cojums pa oke\u0101na daudzkr\u0101sainaj\u0101m atmosf\u0113r\u0101m.  <\/span><\/p><p> <\/p><p><b>K\u0101 lietot?<\/b> <span style=\"font-weight: 400;\">No\u0146emiet v\u0101ci\u0146u un iem\u0113rciet n\u016bji\u0146as pudel\u0113. J\u016bs varat regul\u0113t smar\u017eas intensit\u0101ti, mainot koci\u0146u skaitu. P\u0113c vajadz\u012bbas apgrieziet n\u016bji\u0146as, lai arom\u0101ts b\u016btu intens\u012bvs.  <\/span><\/p><p> <\/p><p><i><span style=\"font-weight: 400;\">Produkts ir izgatavots no dab\u012bgiem materi\u0101liem un sast\u0101vda\u013c\u0101m, un iepakojumu var p\u0101rstr\u0101d\u0101t vai izmantot atk\u0101rtoti.  <\/span><\/i><\/p><p><br style=\"font-weight: 400;\"><br style=\"font-weight: 400;\"><\/p>\t\t\t\t\t\t\t\t<\/div>\n\t\t\t\t<\/div>\n\t\t\t\t\t<\/div>\n\t\t<\/div>\n\t\t\t\t\t<\/div>\n\t\t<\/section>\n\t\t\t\t<\/div>\n\t\t","protected":false},"excerpt":{"rendered":"<p>Ra\u017eots It\u0101lij\u0101 Veg\u0101ns 100% p\u0101rstr\u0101d\u0101jams iepakojums Intens\u012bvi smar\u017eojo\u0161a svaiga oke\u0101na br\u012bze j\u016bsu m\u0101j\u0101s. Aizveriet acis un \u013caujieties neaizmirstamaj\u0101m saj\u016bt\u0101m, ko sniegs Ocean Gust. J\u016bras un liliju notis meistar\u012bgi sapl\u016bst ar jasm\u012bnu un j\u016bras priedi, kas mijas ar j\u016bras a\u013c\u0123u un balt\u0101 muskusa \u0113teriskaj\u0101m smar\u017e\u0101m. Atsvaidzino\u0161s ce\u013cojums pa oke\u0101na daudzkr\u0101sainaj\u0101m atmosf\u0113r\u0101m. K\u0101 lietot? No\u0146emiet v\u0101ci\u0146u un iem\u0113rciet n\u016bji\u0146as pudel\u0113. J\u016bs varat\u2026<\/p>\n","protected":false},"featured_media":23234,"comment_status":"open","ping_status":"closed","template":"","meta":[],"product_brand":[],"product_cat":[452,457],"product_tag":[],"class_list":{"0":"post-23751","1":"product","2":"type-product","3":"status-publish","4":"has-post-thumbnail","6":"product_cat-glam1965-lv","7":"product_cat-majokla-smakas","9":"first","10":"outofstock","11":"taxable","12":"shipping-taxable","13":"purchasable","14":"product-type-simple"},"yoast_head":"<!-- This site is optimized with the Yoast SEO plugin v27.4 - https:\/\/yoast.com\/product\/yoast-seo-wordpress\/ -->\n<title>Ocean breeze m\u0101jas smar\u017eas | Mooza Pro<\/title>\n<meta name=\"description\" content=\"Atsvaidzino\u0161a, nedaudz salta oke\u0101na smar\u017ea m\u0101j\u0101s. \u013boti ilgnotur\u012bga svaiguma un t\u012br\u012bbas saj\u016bta m\u0101j\u0101s.\" \/>\n<meta name=\"robots\" content=\"index, follow, max-snippet:-1, max-image-preview:large, max-video-preview:-1\" \/>\n<link rel=\"canonical\" href=\"https:\/\/moozapro.com\/lv\/produktas\/ocean-breeze-majas-smarzas\/\" \/>\n<meta property=\"og:locale\" content=\"lv_LV\" \/>\n<meta property=\"og:type\" content=\"article\" \/>\n<meta property=\"og:title\" content=\"Ocean breeze m\u0101jas smar\u017eas | Mooza Pro\" \/>\n<meta property=\"og:description\" content=\"Atsvaidzino\u0161a, nedaudz salta oke\u0101na smar\u017ea m\u0101j\u0101s. \u013boti ilgnotur\u012bga svaiguma un t\u012br\u012bbas saj\u016bta m\u0101j\u0101s.\" \/>\n<meta property=\"og:url\" content=\"https:\/\/moozapro.com\/lv\/produktas\/ocean-breeze-majas-smarzas\/\" \/>\n<meta property=\"og:site_name\" content=\"Mooza Pro\" \/>\n<meta property=\"article:publisher\" content=\"https:\/\/www.facebook.com\/moozabeauty\" \/>\n<meta property=\"article:modified_time\" content=\"2025-11-18T10:14:50+00:00\" \/>\n<meta property=\"og:image\" content=\"https:\/\/moozapro.com\/wp-content\/uploads\/2023\/02\/scatola-e-flacone-ocean-breeze-1-scaled.jpeg\" \/>\n\t<meta property=\"og:image:width\" content=\"2560\" \/>\n\t<meta property=\"og:image:height\" content=\"2560\" \/>\n\t<meta property=\"og:image:type\" content=\"image\/jpeg\" \/>\n<meta name=\"twitter:card\" content=\"summary_large_image\" \/>\n<meta name=\"twitter:label1\" content=\"Est. reading time\" \/>\n\t<meta name=\"twitter:data1\" content=\"1 minute\" \/>\n<script type=\"application\/ld+json\" class=\"yoast-schema-graph\">{\"@context\":\"https:\\\/\\\/schema.org\",\"@graph\":[{\"@type\":\"WebPage\",\"@id\":\"https:\\\/\\\/moozapro.com\\\/lv\\\/produktas\\\/ocean-breeze-majas-smarzas\\\/\",\"url\":\"https:\\\/\\\/moozapro.com\\\/lv\\\/produktas\\\/ocean-breeze-majas-smarzas\\\/\",\"name\":\"Ocean breeze m\u0101jas smar\u017eas | Mooza Pro\",\"isPartOf\":{\"@id\":\"https:\\\/\\\/moozapro.com\\\/lv\\\/#website\"},\"primaryImageOfPage\":{\"@id\":\"https:\\\/\\\/moozapro.com\\\/lv\\\/produktas\\\/ocean-breeze-majas-smarzas\\\/#primaryimage\"},\"image\":{\"@id\":\"https:\\\/\\\/moozapro.com\\\/lv\\\/produktas\\\/ocean-breeze-majas-smarzas\\\/#primaryimage\"},\"thumbnailUrl\":\"https:\\\/\\\/moozapro.com\\\/wp-content\\\/uploads\\\/2023\\\/02\\\/scatola-e-flacone-ocean-breeze-1-scaled.jpeg\",\"datePublished\":\"2023-02-23T13:53:01+00:00\",\"dateModified\":\"2025-11-18T10:14:50+00:00\",\"description\":\"Atsvaidzino\u0161a, nedaudz salta oke\u0101na smar\u017ea m\u0101j\u0101s. \u013boti ilgnotur\u012bga svaiguma un t\u012br\u012bbas saj\u016bta m\u0101j\u0101s.\",\"breadcrumb\":{\"@id\":\"https:\\\/\\\/moozapro.com\\\/lv\\\/produktas\\\/ocean-breeze-majas-smarzas\\\/#breadcrumb\"},\"inLanguage\":\"lv-LV\",\"potentialAction\":[{\"@type\":\"ReadAction\",\"target\":[\"https:\\\/\\\/moozapro.com\\\/lv\\\/produktas\\\/ocean-breeze-majas-smarzas\\\/\"]}]},{\"@type\":\"ImageObject\",\"inLanguage\":\"lv-LV\",\"@id\":\"https:\\\/\\\/moozapro.com\\\/lv\\\/produktas\\\/ocean-breeze-majas-smarzas\\\/#primaryimage\",\"url\":\"https:\\\/\\\/moozapro.com\\\/wp-content\\\/uploads\\\/2023\\\/02\\\/scatola-e-flacone-ocean-breeze-1-scaled.jpeg\",\"contentUrl\":\"https:\\\/\\\/moozapro.com\\\/wp-content\\\/uploads\\\/2023\\\/02\\\/scatola-e-flacone-ocean-breeze-1-scaled.jpeg\",\"width\":2560,\"height\":2560,\"caption\":\"m\u0101jas smar\u017ea ar koci\u0146iem\"},{\"@type\":\"BreadcrumbList\",\"@id\":\"https:\\\/\\\/moozapro.com\\\/lv\\\/produktas\\\/ocean-breeze-majas-smarzas\\\/#breadcrumb\",\"itemListElement\":[{\"@type\":\"ListItem\",\"position\":1,\"name\":\"Galvenais\",\"item\":\"https:\\\/\\\/moozapro.com\\\/lv\\\/\"},{\"@type\":\"ListItem\",\"position\":2,\"name\":\"Visi produkti\",\"item\":\"https:\\\/\\\/moozapro.com\\\/lv\\\/shop\\\/\"},{\"@type\":\"ListItem\",\"position\":3,\"name\":\"Ocean breeze m\u0101jas smar\u017eas\"}]},{\"@type\":\"WebSite\",\"@id\":\"https:\\\/\\\/moozapro.com\\\/lv\\\/#website\",\"url\":\"https:\\\/\\\/moozapro.com\\\/lv\\\/\",\"name\":\"Mooza Pro\",\"description\":\"Priemon\u0117s j\u016bs\u0173 plaukams\",\"publisher\":{\"@id\":\"https:\\\/\\\/moozapro.com\\\/lv\\\/#organization\"},\"potentialAction\":[{\"@type\":\"SearchAction\",\"target\":{\"@type\":\"EntryPoint\",\"urlTemplate\":\"https:\\\/\\\/moozapro.com\\\/lv\\\/?s={search_term_string}\"},\"query-input\":{\"@type\":\"PropertyValueSpecification\",\"valueRequired\":true,\"valueName\":\"search_term_string\"}}],\"inLanguage\":\"lv-LV\"},{\"@type\":\"Organization\",\"@id\":\"https:\\\/\\\/moozapro.com\\\/lv\\\/#organization\",\"name\":\"Mooza Pro\",\"url\":\"https:\\\/\\\/moozapro.com\\\/lv\\\/\",\"logo\":{\"@type\":\"ImageObject\",\"inLanguage\":\"lv-LV\",\"@id\":\"https:\\\/\\\/moozapro.com\\\/lv\\\/#\\\/schema\\\/logo\\\/image\\\/\",\"url\":\"https:\\\/\\\/moozapro.com\\\/wp-content\\\/uploads\\\/2023\\\/11\\\/Mooza-Pro-mazas-logo.png\",\"contentUrl\":\"https:\\\/\\\/moozapro.com\\\/wp-content\\\/uploads\\\/2023\\\/11\\\/Mooza-Pro-mazas-logo.png\",\"width\":250,\"height\":103,\"caption\":\"Mooza Pro\"},\"image\":{\"@id\":\"https:\\\/\\\/moozapro.com\\\/lv\\\/#\\\/schema\\\/logo\\\/image\\\/\"},\"sameAs\":[\"https:\\\/\\\/www.facebook.com\\\/moozabeauty\"]}]}<\/script>\n<!-- \/ Yoast SEO plugin. -->","yoast_head_json":{"title":"Ocean breeze m\u0101jas smar\u017eas | Mooza Pro","description":"Atsvaidzino\u0161a, nedaudz salta oke\u0101na smar\u017ea m\u0101j\u0101s. \u013boti ilgnotur\u012bga svaiguma un t\u012br\u012bbas saj\u016bta m\u0101j\u0101s.","robots":{"index":"index","follow":"follow","max-snippet":"max-snippet:-1","max-image-preview":"max-image-preview:large","max-video-preview":"max-video-preview:-1"},"canonical":"https:\/\/moozapro.com\/lv\/produktas\/ocean-breeze-majas-smarzas\/","og_locale":"lv_LV","og_type":"article","og_title":"Ocean breeze m\u0101jas smar\u017eas | Mooza Pro","og_description":"Atsvaidzino\u0161a, nedaudz salta oke\u0101na smar\u017ea m\u0101j\u0101s. \u013boti ilgnotur\u012bga svaiguma un t\u012br\u012bbas saj\u016bta m\u0101j\u0101s.","og_url":"https:\/\/moozapro.com\/lv\/produktas\/ocean-breeze-majas-smarzas\/","og_site_name":"Mooza Pro","article_publisher":"https:\/\/www.facebook.com\/moozabeauty","article_modified_time":"2025-11-18T10:14:50+00:00","og_image":[{"width":2560,"height":2560,"url":"https:\/\/moozapro.com\/wp-content\/uploads\/2023\/02\/scatola-e-flacone-ocean-breeze-1-scaled.jpeg","type":"image\/jpeg"}],"twitter_card":"summary_large_image","twitter_misc":{"Est. reading time":"1 minute"},"schema":{"@context":"https:\/\/schema.org","@graph":[{"@type":"WebPage","@id":"https:\/\/moozapro.com\/lv\/produktas\/ocean-breeze-majas-smarzas\/","url":"https:\/\/moozapro.com\/lv\/produktas\/ocean-breeze-majas-smarzas\/","name":"Ocean breeze m\u0101jas smar\u017eas | Mooza Pro","isPartOf":{"@id":"https:\/\/moozapro.com\/lv\/#website"},"primaryImageOfPage":{"@id":"https:\/\/moozapro.com\/lv\/produktas\/ocean-breeze-majas-smarzas\/#primaryimage"},"image":{"@id":"https:\/\/moozapro.com\/lv\/produktas\/ocean-breeze-majas-smarzas\/#primaryimage"},"thumbnailUrl":"https:\/\/moozapro.com\/wp-content\/uploads\/2023\/02\/scatola-e-flacone-ocean-breeze-1-scaled.jpeg","datePublished":"2023-02-23T13:53:01+00:00","dateModified":"2025-11-18T10:14:50+00:00","description":"Atsvaidzino\u0161a, nedaudz salta oke\u0101na smar\u017ea m\u0101j\u0101s. \u013boti ilgnotur\u012bga svaiguma un t\u012br\u012bbas saj\u016bta m\u0101j\u0101s.","breadcrumb":{"@id":"https:\/\/moozapro.com\/lv\/produktas\/ocean-breeze-majas-smarzas\/#breadcrumb"},"inLanguage":"lv-LV","potentialAction":[{"@type":"ReadAction","target":["https:\/\/moozapro.com\/lv\/produktas\/ocean-breeze-majas-smarzas\/"]}]},{"@type":"ImageObject","inLanguage":"lv-LV","@id":"https:\/\/moozapro.com\/lv\/produktas\/ocean-breeze-majas-smarzas\/#primaryimage","url":"https:\/\/moozapro.com\/wp-content\/uploads\/2023\/02\/scatola-e-flacone-ocean-breeze-1-scaled.jpeg","contentUrl":"https:\/\/moozapro.com\/wp-content\/uploads\/2023\/02\/scatola-e-flacone-ocean-breeze-1-scaled.jpeg","width":2560,"height":2560,"caption":"m\u0101jas smar\u017ea ar koci\u0146iem"},{"@type":"BreadcrumbList","@id":"https:\/\/moozapro.com\/lv\/produktas\/ocean-breeze-majas-smarzas\/#breadcrumb","itemListElement":[{"@type":"ListItem","position":1,"name":"Galvenais","item":"https:\/\/moozapro.com\/lv\/"},{"@type":"ListItem","position":2,"name":"Visi produkti","item":"https:\/\/moozapro.com\/lv\/shop\/"},{"@type":"ListItem","position":3,"name":"Ocean breeze m\u0101jas smar\u017eas"}]},{"@type":"WebSite","@id":"https:\/\/moozapro.com\/lv\/#website","url":"https:\/\/moozapro.com\/lv\/","name":"Mooza Pro","description":"Priemon\u0117s j\u016bs\u0173 plaukams","publisher":{"@id":"https:\/\/moozapro.com\/lv\/#organization"},"potentialAction":[{"@type":"SearchAction","target":{"@type":"EntryPoint","urlTemplate":"https:\/\/moozapro.com\/lv\/?s={search_term_string}"},"query-input":{"@type":"PropertyValueSpecification","valueRequired":true,"valueName":"search_term_string"}}],"inLanguage":"lv-LV"},{"@type":"Organization","@id":"https:\/\/moozapro.com\/lv\/#organization","name":"Mooza Pro","url":"https:\/\/moozapro.com\/lv\/","logo":{"@type":"ImageObject","inLanguage":"lv-LV","@id":"https:\/\/moozapro.com\/lv\/#\/schema\/logo\/image\/","url":"https:\/\/moozapro.com\/wp-content\/uploads\/2023\/11\/Mooza-Pro-mazas-logo.png","contentUrl":"https:\/\/moozapro.com\/wp-content\/uploads\/2023\/11\/Mooza-Pro-mazas-logo.png","width":250,"height":103,"caption":"Mooza Pro"},"image":{"@id":"https:\/\/moozapro.com\/lv\/#\/schema\/logo\/image\/"},"sameAs":["https:\/\/www.facebook.com\/moozabeauty"]}]}},"_links":{"self":[{"href":"https:\/\/moozapro.com\/lv\/wp-json\/wp\/v2\/product\/23751","targetHints":{"allow":["GET"]}}],"collection":[{"href":"https:\/\/moozapro.com\/lv\/wp-json\/wp\/v2\/product"}],"about":[{"href":"https:\/\/moozapro.com\/lv\/wp-json\/wp\/v2\/types\/product"}],"replies":[{"embeddable":true,"href":"https:\/\/moozapro.com\/lv\/wp-json\/wp\/v2\/comments?post=23751"}],"version-history":[{"count":2,"href":"https:\/\/moozapro.com\/lv\/wp-json\/wp\/v2\/product\/23751\/revisions"}],"predecessor-version":[{"id":31227,"href":"https:\/\/moozapro.com\/lv\/wp-json\/wp\/v2\/product\/23751\/revisions\/31227"}],"wp:featuredmedia":[{"embeddable":true,"href":"https:\/\/moozapro.com\/lv\/wp-json\/wp\/v2\/media\/23234"}],"wp:attachment":[{"href":"https:\/\/moozapro.com\/lv\/wp-json\/wp\/v2\/media?parent=23751"}],"wp:term":[{"taxonomy":"product_brand","embeddable":true,"href":"https:\/\/moozapro.com\/lv\/wp-json\/wp\/v2\/product_brand?post=23751"},{"taxonomy":"product_cat","embeddable":true,"href":"https:\/\/moozapro.com\/lv\/wp-json\/wp\/v2\/product_cat?post=23751"},{"taxonomy":"product_tag","embeddable":true,"href":"https:\/\/moozapro.com\/lv\/wp-json\/wp\/v2\/product_tag?post=23751"}],"curies":[{"name":"wp","href":"https:\/\/api.w.org\/{rel}","templated":true}]}}