{"id":30705,"date":"2025-07-11T16:06:10","date_gmt":"2025-07-23T19:57:52","guid":{"rendered":"https:\/\/moozapro.com\/produktas\/merit-color-gold-gl-friziera-kresls\/"},"modified":"2026-03-23T13:08:29","modified_gmt":"2026-03-23T11:08:29","slug":"merit-color-gold-gl-friziera-kresls","status":"publish","type":"product","link":"https:\/\/moozapro.com\/lv\/produktas\/merit-color-gold-gl-friziera-kresls\/","title":{"rendered":"Merit Color Gold-Gl friziera kr\u0113sls"},"content":{"rendered":"\t\t<div data-elementor-type=\"product-post\" data-elementor-id=\"30705\" class=\"elementor elementor-30705 elementor-29084\" data-elementor-post-type=\"product\">\n\t\t\t\t<div class=\"elementor-element elementor-element-27bf18ce e-flex e-con-boxed kitify-col-width-auto-no ignore-docs-style-no kitify-disable-relative-no e-root-container elementor-top-section e-con e-parent\" data-id=\"27bf18ce\" data-element_type=\"container\" data-e-type=\"container\">\n\t\t\t\t\t<div class=\"e-con-inner\">\n\t\t\t\t<div class=\"elementor-element elementor-element-9c6b258 elementor-widget elementor-widget-heading\" data-id=\"9c6b258\" data-element_type=\"widget\" data-e-type=\"widget\" data-widget_type=\"heading.default\">\n\t\t\t\t<div class=\"elementor-widget-container\">\n\t\t\t\t\t<h2 class=\"elementor-heading-title elementor-size-default\">Par produktu<\/h2>\t\t\t\t<\/div>\n\t\t\t\t<\/div>\n\t\t\t\t\t<\/div>\n\t\t\t\t<\/div>\n\t\t<div class=\"elementor-element elementor-element-3eed42f4 e-flex e-con-boxed kitify-col-width-auto-no ignore-docs-style-no kitify-disable-relative-no e-root-container elementor-top-section e-con e-parent\" data-id=\"3eed42f4\" data-element_type=\"container\" data-e-type=\"container\">\n\t\t\t\t\t<div class=\"e-con-inner\">\n\t\t\t\t<div class=\"elementor-element elementor-element-479db4bf elementor-widget elementor-widget-text-editor\" data-id=\"479db4bf\" data-element_type=\"widget\" data-e-type=\"widget\" data-widget_type=\"text-editor.default\">\n\t\t\t\t<div class=\"elementor-widget-container\">\n\t\t\t\t\t\t\t\t\t<p><b>MERIT<\/b> modelis ar savu ergonomisko un pla\u0161o formu ir paredz\u0113ts tiem, kas nov\u0113rt\u0113 komfortu, k\u0101 ar\u012b piesaista uzman\u012bbu ar savu est\u0113tisko izskatu.<\/p>\n<p><strong>ATKL\u0100JIET KOMFORTU AR NOPELNIEM<\/strong><\/p>\n<p>Pateicoties kr\u0101su daudzveid\u012bbai un da\u017e\u0101diem dizainiem, <b>MERIT<\/b> var k\u013c\u016bt par neat\u0146emamu friz\u0113tavas sast\u0101vda\u013cu.<\/p>\t\t\t\t\t\t\t\t<\/div>\n\t\t\t\t<\/div>\n\t\t\t\t<div class=\"elementor-element elementor-element-15f2ed48 elementor-widget-divider--view-line elementor-widget elementor-widget-divider\" data-id=\"15f2ed48\" data-element_type=\"widget\" data-e-type=\"widget\" data-widget_type=\"divider.default\">\n\t\t\t\t<div class=\"elementor-widget-container\">\n\t\t\t\t\t\t\t<div class=\"elementor-divider\">\n\t\t\t<span class=\"elementor-divider-separator\">\n\t\t\t\t\t\t<\/span>\n\t\t<\/div>\n\t\t\t\t\t\t<\/div>\n\t\t\t\t<\/div>\n\t\t\t\t\t<\/div>\n\t\t\t\t<\/div>\n\t\t<div class=\"elementor-element elementor-element-2cd76958 e-flex e-con-boxed kitify-col-width-auto-no ignore-docs-style-no kitify-disable-relative-no e-root-container elementor-top-section e-con e-parent\" data-id=\"2cd76958\" data-element_type=\"container\" data-e-type=\"container\">\n\t\t\t\t\t<div class=\"e-con-inner\">\n\t\t\t\t<div class=\"elementor-element elementor-element-6aae7647 elementor-widget elementor-widget-heading\" data-id=\"6aae7647\" data-element_type=\"widget\" data-e-type=\"widget\" data-widget_type=\"heading.default\">\n\t\t\t\t<div class=\"elementor-widget-container\">\n\t\t\t\t\t<h2 class=\"elementor-heading-title elementor-size-default\">KR\u0112SLU PAMAT\u0145U FORMAS UN CENAS<\/h2>\t\t\t\t<\/div>\n\t\t\t\t<\/div>\n\t\t\t\t\t<\/div>\n\t\t\t\t<\/div>\n\t\t<div class=\"elementor-element elementor-element-2db00eb9 e-grid e-con-full kitify-col-width-auto-no ignore-docs-style-no kitify-disable-relative-no e-root-container elementor-top-section e-con e-parent\" data-id=\"2db00eb9\" data-element_type=\"container\" data-e-type=\"container\">\n\t\t\t\t<div class=\"elementor-element elementor-element-25f6eb0c elementor-widget elementor-widget-image\" data-id=\"25f6eb0c\" data-element_type=\"widget\" data-e-type=\"widget\" data-widget_type=\"image.default\">\n\t\t\t\t<div class=\"elementor-widget-container\">\n\t\t\t\t\t\t\t\t\t\t\t\t\t\t\t<img fetchpriority=\"high\" decoding=\"async\" width=\"1000\" height=\"152\" src=\"https:\/\/moozapro.com\/wp-content\/uploads\/2025\/07\/Screenshot-2025-07-16-at-16.56.43-1000x152.png\" class=\"attachment-large size-large wp-image-30393\" alt=\"\" srcset=\"https:\/\/moozapro.com\/wp-content\/uploads\/2025\/07\/Screenshot-2025-07-16-at-16.56.43-1000x152.png 1000w, https:\/\/moozapro.com\/wp-content\/uploads\/2025\/07\/Screenshot-2025-07-16-at-16.56.43-750x114.png 750w, https:\/\/moozapro.com\/wp-content\/uploads\/2025\/07\/Screenshot-2025-07-16-at-16.56.43-1536x234.png 1536w, https:\/\/moozapro.com\/wp-content\/uploads\/2025\/07\/Screenshot-2025-07-16-at-16.56.43-2048x312.png 2048w\" sizes=\"(max-width: 1000px) 100vw, 1000px\" \/>\t\t\t\t\t\t\t\t\t\t\t\t\t\t\t<\/div>\n\t\t\t\t<\/div>\n\t\t\t\t<div class=\"elementor-element elementor-element-5eec7b83 elementor-widget-divider--view-line elementor-widget elementor-widget-divider\" data-id=\"5eec7b83\" data-element_type=\"widget\" data-e-type=\"widget\" data-widget_type=\"divider.default\">\n\t\t\t\t<div class=\"elementor-widget-container\">\n\t\t\t\t\t\t\t<div class=\"elementor-divider\">\n\t\t\t<span class=\"elementor-divider-separator\">\n\t\t\t\t\t\t<\/span>\n\t\t<\/div>\n\t\t\t\t\t\t<\/div>\n\t\t\t\t<\/div>\n\t\t\t\t<\/div>\n\t\t<div class=\"elementor-element elementor-element-45a66d63 e-flex e-con-boxed kitify-col-width-auto-no ignore-docs-style-no kitify-disable-relative-no e-root-container elementor-top-section e-con e-parent\" data-id=\"45a66d63\" data-element_type=\"container\" data-e-type=\"container\">\n\t\t\t\t\t<div class=\"e-con-inner\">\n\t\t\t\t<div class=\"elementor-element elementor-element-18af9788 elementor-widget elementor-widget-heading\" data-id=\"18af9788\" data-element_type=\"widget\" data-e-type=\"widget\" data-widget_type=\"heading.default\">\n\t\t\t\t<div class=\"elementor-widget-container\">\n\t\t\t\t\t<h2 class=\"elementor-heading-title elementor-size-default\">KR\u0112SLU MATERI\u0100LU KR\u0100SAS UN TEKST\u016aRA<\/h2>\t\t\t\t<\/div>\n\t\t\t\t<\/div>\n\t\t\t\t\t<\/div>\n\t\t\t\t<\/div>\n\t\t<div class=\"elementor-element elementor-element-5794327e e-flex e-con-boxed kitify-col-width-auto-no ignore-docs-style-no kitify-disable-relative-no e-root-container elementor-top-section e-con e-parent\" data-id=\"5794327e\" data-element_type=\"container\" data-e-type=\"container\">\n\t\t\t\t\t<div class=\"e-con-inner\">\n\t\t\t\t<div class=\"elementor-element elementor-element-5e50bc69 elementor-widget elementor-widget-image\" data-id=\"5e50bc69\" data-element_type=\"widget\" data-e-type=\"widget\" data-widget_type=\"image.default\">\n\t\t\t\t<div class=\"elementor-widget-container\">\n\t\t\t\t\t\t\t\t\t\t\t\t\t\t\t<img decoding=\"async\" width=\"1000\" height=\"592\" src=\"https:\/\/moozapro.com\/wp-content\/uploads\/2025\/07\/Screenshot-2025-07-16-at-11.49.53-1000x592.png\" class=\"attachment-large size-large wp-image-30397\" alt=\"\" srcset=\"https:\/\/moozapro.com\/wp-content\/uploads\/2025\/07\/Screenshot-2025-07-16-at-11.49.53-1000x592.png 1000w, https:\/\/moozapro.com\/wp-content\/uploads\/2025\/07\/Screenshot-2025-07-16-at-11.49.53-750x444.png 750w, https:\/\/moozapro.com\/wp-content\/uploads\/2025\/07\/Screenshot-2025-07-16-at-11.49.53-1536x909.png 1536w, https:\/\/moozapro.com\/wp-content\/uploads\/2025\/07\/Screenshot-2025-07-16-at-11.49.53-2048x1212.png 2048w\" sizes=\"(max-width: 1000px) 100vw, 1000px\" \/>\t\t\t\t\t\t\t\t\t\t\t\t\t\t\t<\/div>\n\t\t\t\t<\/div>\n\t\t\t\t\t<\/div>\n\t\t\t\t<\/div>\n\t\t<div class=\"elementor-element elementor-element-41bba50b e-grid e-con-boxed kitify-col-width-auto-no ignore-docs-style-no kitify-disable-relative-no e-root-container elementor-top-section e-con e-parent\" data-id=\"41bba50b\" data-element_type=\"container\" data-e-type=\"container\">\n\t\t\t\t\t<div class=\"e-con-inner\">\n\t\t\t\t<div class=\"elementor-element elementor-element-4b43302 elementor-widget-divider--view-line elementor-widget elementor-widget-divider\" data-id=\"4b43302\" data-element_type=\"widget\" data-e-type=\"widget\" data-widget_type=\"divider.default\">\n\t\t\t\t<div class=\"elementor-widget-container\">\n\t\t\t\t\t\t\t<div class=\"elementor-divider\">\n\t\t\t<span class=\"elementor-divider-separator\">\n\t\t\t\t\t\t<\/span>\n\t\t<\/div>\n\t\t\t\t\t\t<\/div>\n\t\t\t\t<\/div>\n\t\t\t\t<div class=\"elementor-element elementor-element-6f76c8e elementor-widget elementor-widget-heading\" data-id=\"6f76c8e\" data-element_type=\"widget\" data-e-type=\"widget\" data-widget_type=\"heading.default\">\n\t\t\t\t<div class=\"elementor-widget-container\">\n\t\t\t\t\t<h2 class=\"elementor-heading-title elementor-size-default\">KR\u0112SLA ELEMENTU MATERI\u0100LI<\/h2>\t\t\t\t<\/div>\n\t\t\t\t<\/div>\n\t\t\t\t<div class=\"elementor-element elementor-element-4340979b elementor-widget elementor-widget-image\" data-id=\"4340979b\" data-element_type=\"widget\" data-e-type=\"widget\" data-widget_type=\"image.default\">\n\t\t\t\t<div class=\"elementor-widget-container\">\n\t\t\t\t\t\t\t\t\t\t\t\t\t\t\t<img decoding=\"async\" width=\"1000\" height=\"501\" src=\"https:\/\/moozapro.com\/wp-content\/uploads\/2025\/07\/Screenshot-2025-07-16-at-11.49.22-1000x501.png\" class=\"attachment-large size-large wp-image-30395\" alt=\"\" srcset=\"https:\/\/moozapro.com\/wp-content\/uploads\/2025\/07\/Screenshot-2025-07-16-at-11.49.22-1000x501.png 1000w, https:\/\/moozapro.com\/wp-content\/uploads\/2025\/07\/Screenshot-2025-07-16-at-11.49.22-750x376.png 750w, https:\/\/moozapro.com\/wp-content\/uploads\/2025\/07\/Screenshot-2025-07-16-at-11.49.22-1536x770.png 1536w, https:\/\/moozapro.com\/wp-content\/uploads\/2025\/07\/Screenshot-2025-07-16-at-11.49.22-2048x1027.png 2048w\" sizes=\"(max-width: 1000px) 100vw, 1000px\" \/>\t\t\t\t\t\t\t\t\t\t\t\t\t\t\t<\/div>\n\t\t\t\t<\/div>\n\t\t\t\t\t<\/div>\n\t\t\t\t<\/div>\n\t\t<div class=\"elementor-element elementor-element-396d31ca e-flex e-con-boxed kitify-col-width-auto-no ignore-docs-style-no kitify-disable-relative-no e-root-container elementor-top-section e-con e-parent\" data-id=\"396d31ca\" data-element_type=\"container\" data-e-type=\"container\">\n\t\t\t\t\t<div class=\"e-con-inner\">\n\t\t\t\t<div class=\"elementor-element elementor-element-59e8be9c elementor-widget elementor-widget-text-editor\" data-id=\"59e8be9c\" data-element_type=\"widget\" data-e-type=\"widget\" data-widget_type=\"text-editor.default\">\n\t\t\t\t<div class=\"elementor-widget-container\">\n\t\t\t\t\t\t\t\t\t<p>M\u0112BELES TIEK IZGATAVOTAS ATBILSTO\u0160I J\u016aSU INDIVIDU\u0100LAJ\u0100M PRAS\u012aB\u0100M (PAMATNE, \u0100DA UN DETA\u013bAS).  <\/p><p>RA\u017dO\u0160ANA UN PIEG\u0100DE VAR ILGT L\u012aDZ 8 NED\u0112\u013b\u0100M.  <\/p>\t\t\t\t\t\t\t\t<\/div>\n\t\t\t\t<\/div>\n\t\t\t\t\t<\/div>\n\t\t\t\t<\/div>\n\t\t\t\t<\/div>\n\t\t","protected":false},"excerpt":{"rendered":"<p>Par produktu MERIT modelis ar savu ergonomisko un pla\u0161o formu ir paredz\u0113ts tiem, kas nov\u0113rt\u0113 komfortu, k\u0101 ar\u012b piesaista uzman\u012bbu ar savu est\u0113tisko izskatu. ATKL\u0100JIET KOMFORTU AR NOPELNIEM Pateicoties kr\u0101su daudzveid\u012bbai un da\u017e\u0101diem dizainiem, MERIT var k\u013c\u016bt par neat\u0146emamu friz\u0113tavas sast\u0101vda\u013cu. KR\u0112SLU PAMAT\u0145U FORMAS UN CENAS KR\u0112SLU MATERI\u0100LU KR\u0100SAS UN TEKST\u016aRA KR\u0112SLA ELEMENTU MATERI\u0100LI M\u0112BELES TIEK IZGATAVOTAS ATBILSTO\u0160I J\u016aSU INDIVIDU\u0100LAJ\u0100M\u2026<\/p>\n","protected":false},"featured_media":25482,"comment_status":"open","ping_status":"closed","template":"","meta":[],"product_brand":[],"product_cat":[746],"product_tag":[],"class_list":{"0":"post-30705","1":"product","2":"type-product","3":"status-publish","4":"has-post-thumbnail","6":"product_cat-frizieru-kresli","8":"first","9":"instock","10":"taxable","11":"shipping-taxable","12":"product-type-simple"},"yoast_head":"<!-- This site is optimized with the Yoast SEO plugin v27.4 - https:\/\/yoast.com\/product\/yoast-seo-wordpress\/ -->\n<title>Merit Color Gold-Gl friziera kr\u0113sls | Mooza Pro<\/title>\n<meta name=\"robots\" content=\"index, follow, max-snippet:-1, max-image-preview:large, max-video-preview:-1\" \/>\n<link rel=\"canonical\" href=\"https:\/\/moozapro.com\/lv\/produktas\/merit-color-gold-gl-friziera-kresls\/\" \/>\n<meta property=\"og:locale\" content=\"lv_LV\" \/>\n<meta property=\"og:type\" content=\"article\" \/>\n<meta property=\"og:title\" content=\"Merit Color Gold-Gl friziera kr\u0113sls | Mooza Pro\" \/>\n<meta property=\"og:description\" content=\"Par produktu MERIT modelis ar savu ergonomisko un pla\u0161o formu ir paredz\u0113ts tiem, kas nov\u0113rt\u0113 komfortu, k\u0101 ar\u012b piesaista uzman\u012bbu ar savu est\u0113tisko izskatu. ATKL\u0100JIET KOMFORTU AR NOPELNIEM Pateicoties kr\u0101su daudzveid\u012bbai un da\u017e\u0101diem dizainiem, MERIT var k\u013c\u016bt par neat\u0146emamu friz\u0113tavas sast\u0101vda\u013cu. KR\u0112SLU PAMAT\u0145U FORMAS UN CENAS KR\u0112SLU MATERI\u0100LU KR\u0100SAS UN TEKST\u016aRA KR\u0112SLA ELEMENTU MATERI\u0100LI M\u0112BELES TIEK IZGATAVOTAS ATBILSTO\u0160I J\u016aSU INDIVIDU\u0100LAJ\u0100M\u2026\" \/>\n<meta property=\"og:url\" content=\"https:\/\/moozapro.com\/lv\/produktas\/merit-color-gold-gl-friziera-kresls\/\" \/>\n<meta property=\"og:site_name\" content=\"Mooza Pro\" \/>\n<meta property=\"article:publisher\" content=\"https:\/\/www.facebook.com\/moozabeauty\" \/>\n<meta property=\"article:modified_time\" content=\"2026-03-23T11:08:29+00:00\" \/>\n<meta property=\"og:image\" content=\"https:\/\/moozapro.com\/wp-content\/uploads\/2025\/07\/tr_TR-12.png\" \/>\n\t<meta property=\"og:image:width\" content=\"1100\" \/>\n\t<meta property=\"og:image:height\" content=\"1100\" \/>\n\t<meta property=\"og:image:type\" content=\"image\/png\" \/>\n<meta name=\"twitter:card\" content=\"summary_large_image\" \/>\n<meta name=\"twitter:label1\" content=\"Est. reading time\" \/>\n\t<meta name=\"twitter:data1\" content=\"1 minute\" \/>\n<script type=\"application\/ld+json\" class=\"yoast-schema-graph\">{\"@context\":\"https:\\\/\\\/schema.org\",\"@graph\":[{\"@type\":\"WebPage\",\"@id\":\"https:\\\/\\\/moozapro.com\\\/lv\\\/produktas\\\/merit-color-gold-gl-friziera-kresls\\\/\",\"url\":\"https:\\\/\\\/moozapro.com\\\/lv\\\/produktas\\\/merit-color-gold-gl-friziera-kresls\\\/\",\"name\":\"Merit Color Gold-Gl friziera kr\u0113sls | Mooza Pro\",\"isPartOf\":{\"@id\":\"https:\\\/\\\/moozapro.com\\\/lv\\\/#website\"},\"primaryImageOfPage\":{\"@id\":\"https:\\\/\\\/moozapro.com\\\/lv\\\/produktas\\\/merit-color-gold-gl-friziera-kresls\\\/#primaryimage\"},\"image\":{\"@id\":\"https:\\\/\\\/moozapro.com\\\/lv\\\/produktas\\\/merit-color-gold-gl-friziera-kresls\\\/#primaryimage\"},\"thumbnailUrl\":\"https:\\\/\\\/moozapro.com\\\/wp-content\\\/uploads\\\/2025\\\/07\\\/tr_TR-12.png\",\"datePublished\":\"2025-07-23T19:57:52+00:00\",\"dateModified\":\"2026-03-23T11:08:29+00:00\",\"breadcrumb\":{\"@id\":\"https:\\\/\\\/moozapro.com\\\/lv\\\/produktas\\\/merit-color-gold-gl-friziera-kresls\\\/#breadcrumb\"},\"inLanguage\":\"lv-LV\",\"potentialAction\":[{\"@type\":\"ReadAction\",\"target\":[\"https:\\\/\\\/moozapro.com\\\/lv\\\/produktas\\\/merit-color-gold-gl-friziera-kresls\\\/\"]}]},{\"@type\":\"ImageObject\",\"inLanguage\":\"lv-LV\",\"@id\":\"https:\\\/\\\/moozapro.com\\\/lv\\\/produktas\\\/merit-color-gold-gl-friziera-kresls\\\/#primaryimage\",\"url\":\"https:\\\/\\\/moozapro.com\\\/wp-content\\\/uploads\\\/2025\\\/07\\\/tr_TR-12.png\",\"contentUrl\":\"https:\\\/\\\/moozapro.com\\\/wp-content\\\/uploads\\\/2025\\\/07\\\/tr_TR-12.png\",\"width\":1100,\"height\":1100},{\"@type\":\"BreadcrumbList\",\"@id\":\"https:\\\/\\\/moozapro.com\\\/lv\\\/produktas\\\/merit-color-gold-gl-friziera-kresls\\\/#breadcrumb\",\"itemListElement\":[{\"@type\":\"ListItem\",\"position\":1,\"name\":\"Galvenais\",\"item\":\"https:\\\/\\\/moozapro.com\\\/lv\\\/\"},{\"@type\":\"ListItem\",\"position\":2,\"name\":\"Visi produkti\",\"item\":\"https:\\\/\\\/moozapro.com\\\/lv\\\/shop\\\/\"},{\"@type\":\"ListItem\",\"position\":3,\"name\":\"Merit Color Gold-Gl friziera kr\u0113sls\"}]},{\"@type\":\"WebSite\",\"@id\":\"https:\\\/\\\/moozapro.com\\\/lv\\\/#website\",\"url\":\"https:\\\/\\\/moozapro.com\\\/lv\\\/\",\"name\":\"Mooza Pro\",\"description\":\"Priemon\u0117s j\u016bs\u0173 plaukams\",\"publisher\":{\"@id\":\"https:\\\/\\\/moozapro.com\\\/lv\\\/#organization\"},\"potentialAction\":[{\"@type\":\"SearchAction\",\"target\":{\"@type\":\"EntryPoint\",\"urlTemplate\":\"https:\\\/\\\/moozapro.com\\\/lv\\\/?s={search_term_string}\"},\"query-input\":{\"@type\":\"PropertyValueSpecification\",\"valueRequired\":true,\"valueName\":\"search_term_string\"}}],\"inLanguage\":\"lv-LV\"},{\"@type\":\"Organization\",\"@id\":\"https:\\\/\\\/moozapro.com\\\/lv\\\/#organization\",\"name\":\"Mooza Pro\",\"url\":\"https:\\\/\\\/moozapro.com\\\/lv\\\/\",\"logo\":{\"@type\":\"ImageObject\",\"inLanguage\":\"lv-LV\",\"@id\":\"https:\\\/\\\/moozapro.com\\\/lv\\\/#\\\/schema\\\/logo\\\/image\\\/\",\"url\":\"https:\\\/\\\/moozapro.com\\\/wp-content\\\/uploads\\\/2023\\\/11\\\/Mooza-Pro-mazas-logo.png\",\"contentUrl\":\"https:\\\/\\\/moozapro.com\\\/wp-content\\\/uploads\\\/2023\\\/11\\\/Mooza-Pro-mazas-logo.png\",\"width\":250,\"height\":103,\"caption\":\"Mooza Pro\"},\"image\":{\"@id\":\"https:\\\/\\\/moozapro.com\\\/lv\\\/#\\\/schema\\\/logo\\\/image\\\/\"},\"sameAs\":[\"https:\\\/\\\/www.facebook.com\\\/moozabeauty\"]}]}<\/script>\n<!-- \/ Yoast SEO plugin. -->","yoast_head_json":{"title":"Merit Color Gold-Gl friziera kr\u0113sls | Mooza Pro","robots":{"index":"index","follow":"follow","max-snippet":"max-snippet:-1","max-image-preview":"max-image-preview:large","max-video-preview":"max-video-preview:-1"},"canonical":"https:\/\/moozapro.com\/lv\/produktas\/merit-color-gold-gl-friziera-kresls\/","og_locale":"lv_LV","og_type":"article","og_title":"Merit Color Gold-Gl friziera kr\u0113sls | Mooza Pro","og_description":"Par produktu MERIT modelis ar savu ergonomisko un pla\u0161o formu ir paredz\u0113ts tiem, kas nov\u0113rt\u0113 komfortu, k\u0101 ar\u012b piesaista uzman\u012bbu ar savu est\u0113tisko izskatu. ATKL\u0100JIET KOMFORTU AR NOPELNIEM Pateicoties kr\u0101su daudzveid\u012bbai un da\u017e\u0101diem dizainiem, MERIT var k\u013c\u016bt par neat\u0146emamu friz\u0113tavas sast\u0101vda\u013cu. KR\u0112SLU PAMAT\u0145U FORMAS UN CENAS KR\u0112SLU MATERI\u0100LU KR\u0100SAS UN TEKST\u016aRA KR\u0112SLA ELEMENTU MATERI\u0100LI M\u0112BELES TIEK IZGATAVOTAS ATBILSTO\u0160I J\u016aSU INDIVIDU\u0100LAJ\u0100M\u2026","og_url":"https:\/\/moozapro.com\/lv\/produktas\/merit-color-gold-gl-friziera-kresls\/","og_site_name":"Mooza Pro","article_publisher":"https:\/\/www.facebook.com\/moozabeauty","article_modified_time":"2026-03-23T11:08:29+00:00","og_image":[{"width":1100,"height":1100,"url":"https:\/\/moozapro.com\/wp-content\/uploads\/2025\/07\/tr_TR-12.png","type":"image\/png"}],"twitter_card":"summary_large_image","twitter_misc":{"Est. reading time":"1 minute"},"schema":{"@context":"https:\/\/schema.org","@graph":[{"@type":"WebPage","@id":"https:\/\/moozapro.com\/lv\/produktas\/merit-color-gold-gl-friziera-kresls\/","url":"https:\/\/moozapro.com\/lv\/produktas\/merit-color-gold-gl-friziera-kresls\/","name":"Merit Color Gold-Gl friziera kr\u0113sls | Mooza Pro","isPartOf":{"@id":"https:\/\/moozapro.com\/lv\/#website"},"primaryImageOfPage":{"@id":"https:\/\/moozapro.com\/lv\/produktas\/merit-color-gold-gl-friziera-kresls\/#primaryimage"},"image":{"@id":"https:\/\/moozapro.com\/lv\/produktas\/merit-color-gold-gl-friziera-kresls\/#primaryimage"},"thumbnailUrl":"https:\/\/moozapro.com\/wp-content\/uploads\/2025\/07\/tr_TR-12.png","datePublished":"2025-07-23T19:57:52+00:00","dateModified":"2026-03-23T11:08:29+00:00","breadcrumb":{"@id":"https:\/\/moozapro.com\/lv\/produktas\/merit-color-gold-gl-friziera-kresls\/#breadcrumb"},"inLanguage":"lv-LV","potentialAction":[{"@type":"ReadAction","target":["https:\/\/moozapro.com\/lv\/produktas\/merit-color-gold-gl-friziera-kresls\/"]}]},{"@type":"ImageObject","inLanguage":"lv-LV","@id":"https:\/\/moozapro.com\/lv\/produktas\/merit-color-gold-gl-friziera-kresls\/#primaryimage","url":"https:\/\/moozapro.com\/wp-content\/uploads\/2025\/07\/tr_TR-12.png","contentUrl":"https:\/\/moozapro.com\/wp-content\/uploads\/2025\/07\/tr_TR-12.png","width":1100,"height":1100},{"@type":"BreadcrumbList","@id":"https:\/\/moozapro.com\/lv\/produktas\/merit-color-gold-gl-friziera-kresls\/#breadcrumb","itemListElement":[{"@type":"ListItem","position":1,"name":"Galvenais","item":"https:\/\/moozapro.com\/lv\/"},{"@type":"ListItem","position":2,"name":"Visi produkti","item":"https:\/\/moozapro.com\/lv\/shop\/"},{"@type":"ListItem","position":3,"name":"Merit Color Gold-Gl friziera kr\u0113sls"}]},{"@type":"WebSite","@id":"https:\/\/moozapro.com\/lv\/#website","url":"https:\/\/moozapro.com\/lv\/","name":"Mooza Pro","description":"Priemon\u0117s j\u016bs\u0173 plaukams","publisher":{"@id":"https:\/\/moozapro.com\/lv\/#organization"},"potentialAction":[{"@type":"SearchAction","target":{"@type":"EntryPoint","urlTemplate":"https:\/\/moozapro.com\/lv\/?s={search_term_string}"},"query-input":{"@type":"PropertyValueSpecification","valueRequired":true,"valueName":"search_term_string"}}],"inLanguage":"lv-LV"},{"@type":"Organization","@id":"https:\/\/moozapro.com\/lv\/#organization","name":"Mooza Pro","url":"https:\/\/moozapro.com\/lv\/","logo":{"@type":"ImageObject","inLanguage":"lv-LV","@id":"https:\/\/moozapro.com\/lv\/#\/schema\/logo\/image\/","url":"https:\/\/moozapro.com\/wp-content\/uploads\/2023\/11\/Mooza-Pro-mazas-logo.png","contentUrl":"https:\/\/moozapro.com\/wp-content\/uploads\/2023\/11\/Mooza-Pro-mazas-logo.png","width":250,"height":103,"caption":"Mooza Pro"},"image":{"@id":"https:\/\/moozapro.com\/lv\/#\/schema\/logo\/image\/"},"sameAs":["https:\/\/www.facebook.com\/moozabeauty"]}]}},"_links":{"self":[{"href":"https:\/\/moozapro.com\/lv\/wp-json\/wp\/v2\/product\/30705","targetHints":{"allow":["GET"]}}],"collection":[{"href":"https:\/\/moozapro.com\/lv\/wp-json\/wp\/v2\/product"}],"about":[{"href":"https:\/\/moozapro.com\/lv\/wp-json\/wp\/v2\/types\/product"}],"replies":[{"embeddable":true,"href":"https:\/\/moozapro.com\/lv\/wp-json\/wp\/v2\/comments?post=30705"}],"version-history":[{"count":2,"href":"https:\/\/moozapro.com\/lv\/wp-json\/wp\/v2\/product\/30705\/revisions"}],"predecessor-version":[{"id":41549,"href":"https:\/\/moozapro.com\/lv\/wp-json\/wp\/v2\/product\/30705\/revisions\/41549"}],"wp:featuredmedia":[{"embeddable":true,"href":"https:\/\/moozapro.com\/lv\/wp-json\/wp\/v2\/media\/25482"}],"wp:attachment":[{"href":"https:\/\/moozapro.com\/lv\/wp-json\/wp\/v2\/media?parent=30705"}],"wp:term":[{"taxonomy":"product_brand","embeddable":true,"href":"https:\/\/moozapro.com\/lv\/wp-json\/wp\/v2\/product_brand?post=30705"},{"taxonomy":"product_cat","embeddable":true,"href":"https:\/\/moozapro.com\/lv\/wp-json\/wp\/v2\/product_cat?post=30705"},{"taxonomy":"product_tag","embeddable":true,"href":"https:\/\/moozapro.com\/lv\/wp-json\/wp\/v2\/product_tag?post=30705"}],"curies":[{"name":"wp","href":"https:\/\/api.w.org\/{rel}","templated":true}]}}