{"id":30816,"date":"2025-07-11T16:10:51","date_gmt":"2025-07-23T20:01:17","guid":{"rendered":"https:\/\/moozapro.com\/produktas\/vegas-augsts-redzejums\/"},"modified":"2026-03-25T13:09:49","modified_gmt":"2026-03-25T11:09:49","slug":"vegas-augsts-redzejums","status":"publish","type":"product","link":"https:\/\/moozapro.com\/lv\/produktas\/vegas-augsts-redzejums\/","title":{"rendered":"Vega divviet\u012bgs dr\u0113bju skapis"},"content":{"rendered":"\t\t<div data-elementor-type=\"product-post\" data-elementor-id=\"30816\" class=\"elementor elementor-30816 elementor-30045\" data-elementor-post-type=\"product\">\n\t\t\t\t<div class=\"elementor-element elementor-element-2a6d22f2 e-flex e-con-boxed kitify-col-width-auto-no ignore-docs-style-no kitify-disable-relative-no e-root-container elementor-top-section e-con e-parent\" data-id=\"2a6d22f2\" data-element_type=\"container\">\n\t\t\t\t\t<div class=\"e-con-inner\">\n\t\t\t\t<div class=\"elementor-element elementor-element-43693a58 elementor-widget elementor-widget-heading\" data-id=\"43693a58\" data-element_type=\"widget\" data-widget_type=\"heading.default\">\n\t\t\t\t<div class=\"elementor-widget-container\">\n\t\t\t\t\t<h2 class=\"elementor-heading-title elementor-size-default\">Par produktu<\/h2>\t\t\t\t<\/div>\n\t\t\t\t<\/div>\n\t\t\t\t\t<\/div>\n\t\t\t\t<\/div>\n\t\t<div class=\"elementor-element elementor-element-7f124dde e-flex e-con-boxed kitify-col-width-auto-no ignore-docs-style-no kitify-disable-relative-no e-root-container elementor-top-section e-con e-parent\" data-id=\"7f124dde\" data-element_type=\"container\">\n\t\t\t\t\t<div class=\"e-con-inner\">\n\t\t\t\t<div class=\"elementor-element elementor-element-180072bf elementor-widget elementor-widget-text-editor\" data-id=\"180072bf\" data-element_type=\"widget\" data-widget_type=\"text-editor.default\">\n\t\t\t\t<div class=\"elementor-widget-container\">\n\t\t\t\t\t\t\t\t\t<p>Korpuss: koka<\/p><p>S\u0101nu un priek\u0161puses: stikls<\/p><p>Atvilktnes un priek\u0161\u0113j\u0101s durvis: stikla, ar sl\u0113dzeni<\/p><p>Platums: 80 cm<br>Augstums: 190 cm<br>Dzi\u013cums: 40 cm<\/p>\t\t\t\t\t\t\t\t<\/div>\n\t\t\t\t<\/div>\n\t\t\t\t<div class=\"elementor-element elementor-element-1a17bb48 elementor-widget-divider--view-line elementor-widget elementor-widget-divider\" data-id=\"1a17bb48\" data-element_type=\"widget\" data-widget_type=\"divider.default\">\n\t\t\t\t<div class=\"elementor-widget-container\">\n\t\t\t\t\t\t\t<div class=\"elementor-divider\">\n\t\t\t<span class=\"elementor-divider-separator\">\n\t\t\t\t\t\t<\/span>\n\t\t<\/div>\n\t\t\t\t\t\t<\/div>\n\t\t\t\t<\/div>\n\t\t\t\t\t<\/div>\n\t\t\t\t<\/div>\n\t\t<div class=\"elementor-element elementor-element-190be5a7 e-flex e-con-boxed kitify-col-width-auto-no ignore-docs-style-no kitify-disable-relative-no e-root-container elementor-top-section e-con e-parent\" data-id=\"190be5a7\" data-element_type=\"container\">\n\t\t\t\t\t<div class=\"e-con-inner\">\n\t\t\t\t<div class=\"elementor-element elementor-element-4f0fba elementor-widget elementor-widget-heading\" data-id=\"4f0fba\" data-element_type=\"widget\" data-widget_type=\"heading.default\">\n\t\t\t\t<div class=\"elementor-widget-container\">\n\t\t\t\t\t<h2 class=\"elementor-heading-title elementor-size-default\">KR\u0100SU PALETE<\/h2>\t\t\t\t<\/div>\n\t\t\t\t<\/div>\n\t\t\t\t<div class=\"elementor-element elementor-element-a877671 elementor-widget elementor-widget-image\" data-id=\"a877671\" data-element_type=\"widget\" data-widget_type=\"image.default\">\n\t\t\t\t<div class=\"elementor-widget-container\">\n\t\t\t\t\t\t\t\t\t\t\t\t\t\t\t<img fetchpriority=\"high\" decoding=\"async\" width=\"1000\" height=\"501\" src=\"https:\/\/moozapro.com\/wp-content\/uploads\/2025\/07\/Screenshot-2025-07-16-at-11.49.22-1000x501.png\" class=\"attachment-large size-large wp-image-30395\" alt=\"\" srcset=\"https:\/\/moozapro.com\/wp-content\/uploads\/2025\/07\/Screenshot-2025-07-16-at-11.49.22-1000x501.png 1000w, https:\/\/moozapro.com\/wp-content\/uploads\/2025\/07\/Screenshot-2025-07-16-at-11.49.22-750x376.png 750w, https:\/\/moozapro.com\/wp-content\/uploads\/2025\/07\/Screenshot-2025-07-16-at-11.49.22-1536x770.png 1536w, https:\/\/moozapro.com\/wp-content\/uploads\/2025\/07\/Screenshot-2025-07-16-at-11.49.22-2048x1027.png 2048w\" sizes=\"(max-width: 1000px) 100vw, 1000px\" \/>\t\t\t\t\t\t\t\t\t\t\t\t\t\t\t<\/div>\n\t\t\t\t<\/div>\n\t\t\t\t\t<\/div>\n\t\t\t\t<\/div>\n\t\t\t\t<\/div>\n\t\t","protected":false},"excerpt":{"rendered":"<p>Par produktu Korpuss: koka S\u0101nu un priek\u0161puses: stikls Atvilktnes un priek\u0161\u0113j\u0101s durvis: stikla, ar sl\u0113dzeni Platums: 80 cmAugstums: 190 cmDzi\u013cums: 40 cm KR\u0100SU PALETE<\/p>\n","protected":false},"featured_media":28902,"comment_status":"open","ping_status":"closed","template":"","meta":[],"product_brand":[],"product_cat":[747],"product_tag":[],"class_list":{"0":"post-30816","1":"product","2":"type-product","3":"status-publish","4":"has-post-thumbnail","6":"product_cat-skaistumkopsanas-mebeles","8":"first","9":"instock","10":"taxable","11":"shipping-taxable","12":"purchasable","13":"product-type-simple"},"yoast_head":"<!-- This site is optimized with the Yoast SEO plugin v26.3 - https:\/\/yoast.com\/wordpress\/plugins\/seo\/ -->\n<title>Vega divviet\u012bgs dr\u0113bju skapis | Mooza Pro<\/title>\n<meta name=\"robots\" content=\"index, follow, max-snippet:-1, max-image-preview:large, max-video-preview:-1\" \/>\n<link rel=\"canonical\" href=\"https:\/\/moozapro.com\/lv\/produktas\/vegas-augsts-redzejums\/\" \/>\n<meta property=\"og:locale\" content=\"lv_LV\" \/>\n<meta property=\"og:type\" content=\"article\" \/>\n<meta property=\"og:title\" content=\"Vega divviet\u012bgs dr\u0113bju skapis | Mooza Pro\" \/>\n<meta property=\"og:description\" content=\"Par produktu Korpuss: koka S\u0101nu un priek\u0161puses: stikls Atvilktnes un priek\u0161\u0113j\u0101s durvis: stikla, ar sl\u0113dzeni Platums: 80 cmAugstums: 190 cmDzi\u013cums: 40 cm KR\u0100SU PALETE\" \/>\n<meta property=\"og:url\" content=\"https:\/\/moozapro.com\/lv\/produktas\/vegas-augsts-redzejums\/\" \/>\n<meta property=\"og:site_name\" content=\"Mooza Pro\" \/>\n<meta property=\"article:publisher\" content=\"https:\/\/www.facebook.com\/moozabeauty\" \/>\n<meta property=\"article:modified_time\" content=\"2026-03-25T11:09:49+00:00\" \/>\n<meta property=\"og:image\" content=\"https:\/\/moozapro.com\/wp-content\/uploads\/2025\/07\/tr_TR-503.jpg\" \/>\n\t<meta property=\"og:image:width\" content=\"700\" \/>\n\t<meta property=\"og:image:height\" content=\"700\" \/>\n\t<meta property=\"og:image:type\" content=\"image\/jpeg\" \/>\n<meta name=\"twitter:card\" content=\"summary_large_image\" \/>\n<script type=\"application\/ld+json\" class=\"yoast-schema-graph\">{\"@context\":\"https:\/\/schema.org\",\"@graph\":[{\"@type\":\"WebPage\",\"@id\":\"https:\/\/moozapro.com\/lv\/produktas\/vegas-augsts-redzejums\/\",\"url\":\"https:\/\/moozapro.com\/lv\/produktas\/vegas-augsts-redzejums\/\",\"name\":\"Vega divviet\u012bgs dr\u0113bju skapis | Mooza Pro\",\"isPartOf\":{\"@id\":\"https:\/\/moozapro.com\/lv\/#website\"},\"primaryImageOfPage\":{\"@id\":\"https:\/\/moozapro.com\/lv\/produktas\/vegas-augsts-redzejums\/#primaryimage\"},\"image\":{\"@id\":\"https:\/\/moozapro.com\/lv\/produktas\/vegas-augsts-redzejums\/#primaryimage\"},\"thumbnailUrl\":\"https:\/\/moozapro.com\/wp-content\/uploads\/2025\/07\/tr_TR-503.jpg\",\"datePublished\":\"2025-07-23T20:01:17+00:00\",\"dateModified\":\"2026-03-25T11:09:49+00:00\",\"breadcrumb\":{\"@id\":\"https:\/\/moozapro.com\/lv\/produktas\/vegas-augsts-redzejums\/#breadcrumb\"},\"inLanguage\":\"lv-LV\",\"potentialAction\":[{\"@type\":\"ReadAction\",\"target\":[\"https:\/\/moozapro.com\/lv\/produktas\/vegas-augsts-redzejums\/\"]}]},{\"@type\":\"ImageObject\",\"inLanguage\":\"lv-LV\",\"@id\":\"https:\/\/moozapro.com\/lv\/produktas\/vegas-augsts-redzejums\/#primaryimage\",\"url\":\"https:\/\/moozapro.com\/wp-content\/uploads\/2025\/07\/tr_TR-503.jpg\",\"contentUrl\":\"https:\/\/moozapro.com\/wp-content\/uploads\/2025\/07\/tr_TR-503.jpg\",\"width\":700,\"height\":700},{\"@type\":\"BreadcrumbList\",\"@id\":\"https:\/\/moozapro.com\/lv\/produktas\/vegas-augsts-redzejums\/#breadcrumb\",\"itemListElement\":[{\"@type\":\"ListItem\",\"position\":1,\"name\":\"Galvenais\",\"item\":\"https:\/\/moozapro.com\/lv\/\"},{\"@type\":\"ListItem\",\"position\":2,\"name\":\"Visi produkti\",\"item\":\"https:\/\/moozapro.com\/lv\/shop\/\"},{\"@type\":\"ListItem\",\"position\":3,\"name\":\"Vega divviet\u012bgs dr\u0113bju skapis\"}]},{\"@type\":\"WebSite\",\"@id\":\"https:\/\/moozapro.com\/lv\/#website\",\"url\":\"https:\/\/moozapro.com\/lv\/\",\"name\":\"Mooza Pro\",\"description\":\"Priemon\u0117s j\u016bs\u0173 plaukams\",\"publisher\":{\"@id\":\"https:\/\/moozapro.com\/lv\/#organization\"},\"potentialAction\":[{\"@type\":\"SearchAction\",\"target\":{\"@type\":\"EntryPoint\",\"urlTemplate\":\"https:\/\/moozapro.com\/lv\/?s={search_term_string}\"},\"query-input\":{\"@type\":\"PropertyValueSpecification\",\"valueRequired\":true,\"valueName\":\"search_term_string\"}}],\"inLanguage\":\"lv-LV\"},{\"@type\":\"Organization\",\"@id\":\"https:\/\/moozapro.com\/lv\/#organization\",\"name\":\"Mooza Pro\",\"url\":\"https:\/\/moozapro.com\/lv\/\",\"logo\":{\"@type\":\"ImageObject\",\"inLanguage\":\"lv-LV\",\"@id\":\"https:\/\/moozapro.com\/lv\/#\/schema\/logo\/image\/\",\"url\":\"https:\/\/moozapro.com\/wp-content\/uploads\/2023\/11\/Mooza-Pro-mazas-logo.png\",\"contentUrl\":\"https:\/\/moozapro.com\/wp-content\/uploads\/2023\/11\/Mooza-Pro-mazas-logo.png\",\"width\":250,\"height\":103,\"caption\":\"Mooza Pro\"},\"image\":{\"@id\":\"https:\/\/moozapro.com\/lv\/#\/schema\/logo\/image\/\"},\"sameAs\":[\"https:\/\/www.facebook.com\/moozabeauty\"]}]}<\/script>\n<!-- \/ Yoast SEO plugin. -->","yoast_head_json":{"title":"Vega divviet\u012bgs dr\u0113bju skapis | Mooza Pro","robots":{"index":"index","follow":"follow","max-snippet":"max-snippet:-1","max-image-preview":"max-image-preview:large","max-video-preview":"max-video-preview:-1"},"canonical":"https:\/\/moozapro.com\/lv\/produktas\/vegas-augsts-redzejums\/","og_locale":"lv_LV","og_type":"article","og_title":"Vega divviet\u012bgs dr\u0113bju skapis | Mooza Pro","og_description":"Par produktu Korpuss: koka S\u0101nu un priek\u0161puses: stikls Atvilktnes un priek\u0161\u0113j\u0101s durvis: stikla, ar sl\u0113dzeni Platums: 80 cmAugstums: 190 cmDzi\u013cums: 40 cm KR\u0100SU PALETE","og_url":"https:\/\/moozapro.com\/lv\/produktas\/vegas-augsts-redzejums\/","og_site_name":"Mooza Pro","article_publisher":"https:\/\/www.facebook.com\/moozabeauty","article_modified_time":"2026-03-25T11:09:49+00:00","og_image":[{"width":700,"height":700,"url":"https:\/\/moozapro.com\/wp-content\/uploads\/2025\/07\/tr_TR-503.jpg","type":"image\/jpeg"}],"twitter_card":"summary_large_image","schema":{"@context":"https:\/\/schema.org","@graph":[{"@type":"WebPage","@id":"https:\/\/moozapro.com\/lv\/produktas\/vegas-augsts-redzejums\/","url":"https:\/\/moozapro.com\/lv\/produktas\/vegas-augsts-redzejums\/","name":"Vega divviet\u012bgs dr\u0113bju skapis | Mooza Pro","isPartOf":{"@id":"https:\/\/moozapro.com\/lv\/#website"},"primaryImageOfPage":{"@id":"https:\/\/moozapro.com\/lv\/produktas\/vegas-augsts-redzejums\/#primaryimage"},"image":{"@id":"https:\/\/moozapro.com\/lv\/produktas\/vegas-augsts-redzejums\/#primaryimage"},"thumbnailUrl":"https:\/\/moozapro.com\/wp-content\/uploads\/2025\/07\/tr_TR-503.jpg","datePublished":"2025-07-23T20:01:17+00:00","dateModified":"2026-03-25T11:09:49+00:00","breadcrumb":{"@id":"https:\/\/moozapro.com\/lv\/produktas\/vegas-augsts-redzejums\/#breadcrumb"},"inLanguage":"lv-LV","potentialAction":[{"@type":"ReadAction","target":["https:\/\/moozapro.com\/lv\/produktas\/vegas-augsts-redzejums\/"]}]},{"@type":"ImageObject","inLanguage":"lv-LV","@id":"https:\/\/moozapro.com\/lv\/produktas\/vegas-augsts-redzejums\/#primaryimage","url":"https:\/\/moozapro.com\/wp-content\/uploads\/2025\/07\/tr_TR-503.jpg","contentUrl":"https:\/\/moozapro.com\/wp-content\/uploads\/2025\/07\/tr_TR-503.jpg","width":700,"height":700},{"@type":"BreadcrumbList","@id":"https:\/\/moozapro.com\/lv\/produktas\/vegas-augsts-redzejums\/#breadcrumb","itemListElement":[{"@type":"ListItem","position":1,"name":"Galvenais","item":"https:\/\/moozapro.com\/lv\/"},{"@type":"ListItem","position":2,"name":"Visi produkti","item":"https:\/\/moozapro.com\/lv\/shop\/"},{"@type":"ListItem","position":3,"name":"Vega divviet\u012bgs dr\u0113bju skapis"}]},{"@type":"WebSite","@id":"https:\/\/moozapro.com\/lv\/#website","url":"https:\/\/moozapro.com\/lv\/","name":"Mooza Pro","description":"Priemon\u0117s j\u016bs\u0173 plaukams","publisher":{"@id":"https:\/\/moozapro.com\/lv\/#organization"},"potentialAction":[{"@type":"SearchAction","target":{"@type":"EntryPoint","urlTemplate":"https:\/\/moozapro.com\/lv\/?s={search_term_string}"},"query-input":{"@type":"PropertyValueSpecification","valueRequired":true,"valueName":"search_term_string"}}],"inLanguage":"lv-LV"},{"@type":"Organization","@id":"https:\/\/moozapro.com\/lv\/#organization","name":"Mooza Pro","url":"https:\/\/moozapro.com\/lv\/","logo":{"@type":"ImageObject","inLanguage":"lv-LV","@id":"https:\/\/moozapro.com\/lv\/#\/schema\/logo\/image\/","url":"https:\/\/moozapro.com\/wp-content\/uploads\/2023\/11\/Mooza-Pro-mazas-logo.png","contentUrl":"https:\/\/moozapro.com\/wp-content\/uploads\/2023\/11\/Mooza-Pro-mazas-logo.png","width":250,"height":103,"caption":"Mooza Pro"},"image":{"@id":"https:\/\/moozapro.com\/lv\/#\/schema\/logo\/image\/"},"sameAs":["https:\/\/www.facebook.com\/moozabeauty"]}]}},"_links":{"self":[{"href":"https:\/\/moozapro.com\/lv\/wp-json\/wp\/v2\/product\/30816","targetHints":{"allow":["GET"]}}],"collection":[{"href":"https:\/\/moozapro.com\/lv\/wp-json\/wp\/v2\/product"}],"about":[{"href":"https:\/\/moozapro.com\/lv\/wp-json\/wp\/v2\/types\/product"}],"replies":[{"embeddable":true,"href":"https:\/\/moozapro.com\/lv\/wp-json\/wp\/v2\/comments?post=30816"}],"version-history":[{"count":2,"href":"https:\/\/moozapro.com\/lv\/wp-json\/wp\/v2\/product\/30816\/revisions"}],"predecessor-version":[{"id":42274,"href":"https:\/\/moozapro.com\/lv\/wp-json\/wp\/v2\/product\/30816\/revisions\/42274"}],"wp:featuredmedia":[{"embeddable":true,"href":"https:\/\/moozapro.com\/lv\/wp-json\/wp\/v2\/media\/28902"}],"wp:attachment":[{"href":"https:\/\/moozapro.com\/lv\/wp-json\/wp\/v2\/media?parent=30816"}],"wp:term":[{"taxonomy":"product_brand","embeddable":true,"href":"https:\/\/moozapro.com\/lv\/wp-json\/wp\/v2\/product_brand?post=30816"},{"taxonomy":"product_cat","embeddable":true,"href":"https:\/\/moozapro.com\/lv\/wp-json\/wp\/v2\/product_cat?post=30816"},{"taxonomy":"product_tag","embeddable":true,"href":"https:\/\/moozapro.com\/lv\/wp-json\/wp\/v2\/product_tag?post=30816"}],"curies":[{"name":"wp","href":"https:\/\/api.w.org\/{rel}","templated":true}]}}