{"id":30822,"date":"2025-07-11T16:10:51","date_gmt":"2025-07-23T20:01:29","guid":{"rendered":"https:\/\/moozapro.com\/produktas\/rigel-stacija\/"},"modified":"2026-03-25T10:23:34","modified_gmt":"2026-03-25T08:23:34","slug":"rigel-stacija","status":"publish","type":"product","link":"https:\/\/moozapro.com\/lv\/produktas\/rigel-stacija\/","title":{"rendered":"Rigel kabinets"},"content":{"rendered":"\t\t<div data-elementor-type=\"product-post\" data-elementor-id=\"30822\" class=\"elementor elementor-30822 elementor-30039\" data-elementor-post-type=\"product\">\n\t\t\t\t<div class=\"elementor-element elementor-element-7d3f6371 e-flex e-con-boxed kitify-col-width-auto-no ignore-docs-style-no kitify-disable-relative-no e-root-container elementor-top-section e-con e-parent\" data-id=\"7d3f6371\" data-element_type=\"container\">\n\t\t\t\t\t<div class=\"e-con-inner\">\n\t\t\t\t<div class=\"elementor-element elementor-element-dc3e78d elementor-widget elementor-widget-heading\" data-id=\"dc3e78d\" data-element_type=\"widget\" data-widget_type=\"heading.default\">\n\t\t\t\t<div class=\"elementor-widget-container\">\n\t\t\t\t\t<h2 class=\"elementor-heading-title elementor-size-default\">Par produktu<\/h2>\t\t\t\t<\/div>\n\t\t\t\t<\/div>\n\t\t\t\t\t<\/div>\n\t\t\t\t<\/div>\n\t\t<div class=\"elementor-element elementor-element-8718850 e-flex e-con-boxed kitify-col-width-auto-no ignore-docs-style-no kitify-disable-relative-no e-root-container elementor-top-section e-con e-parent\" data-id=\"8718850\" data-element_type=\"container\">\n\t\t\t\t\t<div class=\"e-con-inner\">\n\t\t\t\t<div class=\"elementor-element elementor-element-65621588 elementor-widget elementor-widget-text-editor\" data-id=\"65621588\" data-element_type=\"widget\" data-widget_type=\"text-editor.default\">\n\t\t\t\t<div class=\"elementor-widget-container\">\n\t\t\t\t\t\t\t\t\t<p>Korpuss: balta MDF<\/p>\n<p>Fas\u0101des: balta membr\u0101na<\/p>\n<p>Bez rokturiem (integr\u0113ti rokturi)<\/p>\n<p><em>\u0160is modelis tiek p\u0101rdots tikai k\u0101 skap\u012btis, un tam nav b\u0113rnu rati\u0146u.<\/em><\/p>\n<p>Platums: 160 cm<br>Augstums: 210 cm<br>Dzi\u013cums: 58 cm<\/p>\t\t\t\t\t\t\t\t<\/div>\n\t\t\t\t<\/div>\n\t\t\t\t<div class=\"elementor-element elementor-element-8d3c66d elementor-widget-divider--view-line elementor-widget elementor-widget-divider\" data-id=\"8d3c66d\" data-element_type=\"widget\" data-widget_type=\"divider.default\">\n\t\t\t\t<div class=\"elementor-widget-container\">\n\t\t\t\t\t\t\t<div class=\"elementor-divider\">\n\t\t\t<span class=\"elementor-divider-separator\">\n\t\t\t\t\t\t<\/span>\n\t\t<\/div>\n\t\t\t\t\t\t<\/div>\n\t\t\t\t<\/div>\n\t\t\t\t\t<\/div>\n\t\t\t\t<\/div>\n\t\t<div class=\"elementor-element elementor-element-595816a3 e-flex e-con-boxed kitify-col-width-auto-no ignore-docs-style-no kitify-disable-relative-no e-root-container elementor-top-section e-con e-parent\" data-id=\"595816a3\" data-element_type=\"container\">\n\t\t\t\t\t<div class=\"e-con-inner\">\n\t\t\t\t<div class=\"elementor-element elementor-element-7c2654a6 elementor-widget elementor-widget-heading\" data-id=\"7c2654a6\" data-element_type=\"widget\" data-widget_type=\"heading.default\">\n\t\t\t\t<div class=\"elementor-widget-container\">\n\t\t\t\t\t<h2 class=\"elementor-heading-title elementor-size-default\">KR\u0100SU PALETE<\/h2>\t\t\t\t<\/div>\n\t\t\t\t<\/div>\n\t\t\t\t<div class=\"elementor-element elementor-element-37a473c2 elementor-widget elementor-widget-image\" data-id=\"37a473c2\" data-element_type=\"widget\" data-widget_type=\"image.default\">\n\t\t\t\t<div class=\"elementor-widget-container\">\n\t\t\t\t\t\t\t\t\t\t\t\t\t\t\t<img fetchpriority=\"high\" decoding=\"async\" width=\"1000\" height=\"501\" src=\"https:\/\/moozapro.com\/wp-content\/uploads\/2025\/07\/Screenshot-2025-07-16-at-11.49.22-1000x501.png\" class=\"attachment-large size-large wp-image-30395\" alt=\"\" srcset=\"https:\/\/moozapro.com\/wp-content\/uploads\/2025\/07\/Screenshot-2025-07-16-at-11.49.22-1000x501.png 1000w, https:\/\/moozapro.com\/wp-content\/uploads\/2025\/07\/Screenshot-2025-07-16-at-11.49.22-750x376.png 750w, https:\/\/moozapro.com\/wp-content\/uploads\/2025\/07\/Screenshot-2025-07-16-at-11.49.22-1536x770.png 1536w, https:\/\/moozapro.com\/wp-content\/uploads\/2025\/07\/Screenshot-2025-07-16-at-11.49.22-2048x1027.png 2048w\" sizes=\"(max-width: 1000px) 100vw, 1000px\" \/>\t\t\t\t\t\t\t\t\t\t\t\t\t\t\t<\/div>\n\t\t\t\t<\/div>\n\t\t\t\t\t<\/div>\n\t\t\t\t<\/div>\n\t\t\t\t<\/div>\n\t\t","protected":false},"excerpt":{"rendered":"<p>Balts MDF korpuss<\/p>\n<p>*\u0160is modelis ir pieejams tikai k\u0101 skapis, un tam nav rati\u0146u.<\/p>\n","protected":false},"featured_media":28870,"comment_status":"open","ping_status":"closed","template":"","meta":[],"product_brand":[],"product_cat":[747],"product_tag":[],"class_list":{"0":"post-30822","1":"product","2":"type-product","3":"status-publish","4":"has-post-thumbnail","6":"product_cat-skaistumkopsanas-mebeles","8":"first","9":"instock","10":"taxable","11":"shipping-taxable","12":"purchasable","13":"product-type-simple"},"yoast_head":"<!-- This site is optimized with the Yoast SEO plugin v26.3 - https:\/\/yoast.com\/wordpress\/plugins\/seo\/ -->\n<title>Rigel kabinets | Mooza Pro<\/title>\n<meta name=\"robots\" content=\"index, follow, max-snippet:-1, max-image-preview:large, max-video-preview:-1\" \/>\n<link rel=\"canonical\" href=\"https:\/\/moozapro.com\/lv\/produktas\/rigel-stacija\/\" \/>\n<meta property=\"og:locale\" content=\"lv_LV\" \/>\n<meta property=\"og:type\" content=\"article\" \/>\n<meta property=\"og:title\" content=\"Rigel kabinets | Mooza Pro\" \/>\n<meta property=\"og:description\" content=\"Balts MDF korpuss *\u0160is modelis ir pieejams tikai k\u0101 skapis, un tam nav rati\u0146u.\" \/>\n<meta property=\"og:url\" content=\"https:\/\/moozapro.com\/lv\/produktas\/rigel-stacija\/\" \/>\n<meta property=\"og:site_name\" content=\"Mooza Pro\" \/>\n<meta property=\"article:publisher\" content=\"https:\/\/www.facebook.com\/moozabeauty\" \/>\n<meta property=\"article:modified_time\" content=\"2026-03-25T08:23:34+00:00\" \/>\n<meta property=\"og:image\" content=\"https:\/\/moozapro.com\/wp-content\/uploads\/2025\/07\/tr_TR-497.jpg\" \/>\n\t<meta property=\"og:image:width\" content=\"1100\" \/>\n\t<meta property=\"og:image:height\" content=\"1100\" \/>\n\t<meta property=\"og:image:type\" content=\"image\/jpeg\" \/>\n<meta name=\"twitter:card\" content=\"summary_large_image\" \/>\n<script type=\"application\/ld+json\" class=\"yoast-schema-graph\">{\"@context\":\"https:\/\/schema.org\",\"@graph\":[{\"@type\":\"WebPage\",\"@id\":\"https:\/\/moozapro.com\/lv\/produktas\/rigel-stacija\/\",\"url\":\"https:\/\/moozapro.com\/lv\/produktas\/rigel-stacija\/\",\"name\":\"Rigel kabinets | Mooza Pro\",\"isPartOf\":{\"@id\":\"https:\/\/moozapro.com\/lv\/#website\"},\"primaryImageOfPage\":{\"@id\":\"https:\/\/moozapro.com\/lv\/produktas\/rigel-stacija\/#primaryimage\"},\"image\":{\"@id\":\"https:\/\/moozapro.com\/lv\/produktas\/rigel-stacija\/#primaryimage\"},\"thumbnailUrl\":\"https:\/\/moozapro.com\/wp-content\/uploads\/2025\/07\/tr_TR-497.jpg\",\"datePublished\":\"2025-07-23T20:01:29+00:00\",\"dateModified\":\"2026-03-25T08:23:34+00:00\",\"breadcrumb\":{\"@id\":\"https:\/\/moozapro.com\/lv\/produktas\/rigel-stacija\/#breadcrumb\"},\"inLanguage\":\"lv-LV\",\"potentialAction\":[{\"@type\":\"ReadAction\",\"target\":[\"https:\/\/moozapro.com\/lv\/produktas\/rigel-stacija\/\"]}]},{\"@type\":\"ImageObject\",\"inLanguage\":\"lv-LV\",\"@id\":\"https:\/\/moozapro.com\/lv\/produktas\/rigel-stacija\/#primaryimage\",\"url\":\"https:\/\/moozapro.com\/wp-content\/uploads\/2025\/07\/tr_TR-497.jpg\",\"contentUrl\":\"https:\/\/moozapro.com\/wp-content\/uploads\/2025\/07\/tr_TR-497.jpg\",\"width\":1100,\"height\":1100},{\"@type\":\"BreadcrumbList\",\"@id\":\"https:\/\/moozapro.com\/lv\/produktas\/rigel-stacija\/#breadcrumb\",\"itemListElement\":[{\"@type\":\"ListItem\",\"position\":1,\"name\":\"Galvenais\",\"item\":\"https:\/\/moozapro.com\/lv\/\"},{\"@type\":\"ListItem\",\"position\":2,\"name\":\"Visi produkti\",\"item\":\"https:\/\/moozapro.com\/lv\/shop\/\"},{\"@type\":\"ListItem\",\"position\":3,\"name\":\"Rigel kabinets\"}]},{\"@type\":\"WebSite\",\"@id\":\"https:\/\/moozapro.com\/lv\/#website\",\"url\":\"https:\/\/moozapro.com\/lv\/\",\"name\":\"Mooza Pro\",\"description\":\"Priemon\u0117s j\u016bs\u0173 plaukams\",\"publisher\":{\"@id\":\"https:\/\/moozapro.com\/lv\/#organization\"},\"potentialAction\":[{\"@type\":\"SearchAction\",\"target\":{\"@type\":\"EntryPoint\",\"urlTemplate\":\"https:\/\/moozapro.com\/lv\/?s={search_term_string}\"},\"query-input\":{\"@type\":\"PropertyValueSpecification\",\"valueRequired\":true,\"valueName\":\"search_term_string\"}}],\"inLanguage\":\"lv-LV\"},{\"@type\":\"Organization\",\"@id\":\"https:\/\/moozapro.com\/lv\/#organization\",\"name\":\"Mooza Pro\",\"url\":\"https:\/\/moozapro.com\/lv\/\",\"logo\":{\"@type\":\"ImageObject\",\"inLanguage\":\"lv-LV\",\"@id\":\"https:\/\/moozapro.com\/lv\/#\/schema\/logo\/image\/\",\"url\":\"https:\/\/moozapro.com\/wp-content\/uploads\/2023\/11\/Mooza-Pro-mazas-logo.png\",\"contentUrl\":\"https:\/\/moozapro.com\/wp-content\/uploads\/2023\/11\/Mooza-Pro-mazas-logo.png\",\"width\":250,\"height\":103,\"caption\":\"Mooza Pro\"},\"image\":{\"@id\":\"https:\/\/moozapro.com\/lv\/#\/schema\/logo\/image\/\"},\"sameAs\":[\"https:\/\/www.facebook.com\/moozabeauty\"]}]}<\/script>\n<!-- \/ Yoast SEO plugin. -->","yoast_head_json":{"title":"Rigel kabinets | Mooza Pro","robots":{"index":"index","follow":"follow","max-snippet":"max-snippet:-1","max-image-preview":"max-image-preview:large","max-video-preview":"max-video-preview:-1"},"canonical":"https:\/\/moozapro.com\/lv\/produktas\/rigel-stacija\/","og_locale":"lv_LV","og_type":"article","og_title":"Rigel kabinets | Mooza Pro","og_description":"Balts MDF korpuss *\u0160is modelis ir pieejams tikai k\u0101 skapis, un tam nav rati\u0146u.","og_url":"https:\/\/moozapro.com\/lv\/produktas\/rigel-stacija\/","og_site_name":"Mooza Pro","article_publisher":"https:\/\/www.facebook.com\/moozabeauty","article_modified_time":"2026-03-25T08:23:34+00:00","og_image":[{"width":1100,"height":1100,"url":"https:\/\/moozapro.com\/wp-content\/uploads\/2025\/07\/tr_TR-497.jpg","type":"image\/jpeg"}],"twitter_card":"summary_large_image","schema":{"@context":"https:\/\/schema.org","@graph":[{"@type":"WebPage","@id":"https:\/\/moozapro.com\/lv\/produktas\/rigel-stacija\/","url":"https:\/\/moozapro.com\/lv\/produktas\/rigel-stacija\/","name":"Rigel kabinets | Mooza Pro","isPartOf":{"@id":"https:\/\/moozapro.com\/lv\/#website"},"primaryImageOfPage":{"@id":"https:\/\/moozapro.com\/lv\/produktas\/rigel-stacija\/#primaryimage"},"image":{"@id":"https:\/\/moozapro.com\/lv\/produktas\/rigel-stacija\/#primaryimage"},"thumbnailUrl":"https:\/\/moozapro.com\/wp-content\/uploads\/2025\/07\/tr_TR-497.jpg","datePublished":"2025-07-23T20:01:29+00:00","dateModified":"2026-03-25T08:23:34+00:00","breadcrumb":{"@id":"https:\/\/moozapro.com\/lv\/produktas\/rigel-stacija\/#breadcrumb"},"inLanguage":"lv-LV","potentialAction":[{"@type":"ReadAction","target":["https:\/\/moozapro.com\/lv\/produktas\/rigel-stacija\/"]}]},{"@type":"ImageObject","inLanguage":"lv-LV","@id":"https:\/\/moozapro.com\/lv\/produktas\/rigel-stacija\/#primaryimage","url":"https:\/\/moozapro.com\/wp-content\/uploads\/2025\/07\/tr_TR-497.jpg","contentUrl":"https:\/\/moozapro.com\/wp-content\/uploads\/2025\/07\/tr_TR-497.jpg","width":1100,"height":1100},{"@type":"BreadcrumbList","@id":"https:\/\/moozapro.com\/lv\/produktas\/rigel-stacija\/#breadcrumb","itemListElement":[{"@type":"ListItem","position":1,"name":"Galvenais","item":"https:\/\/moozapro.com\/lv\/"},{"@type":"ListItem","position":2,"name":"Visi produkti","item":"https:\/\/moozapro.com\/lv\/shop\/"},{"@type":"ListItem","position":3,"name":"Rigel kabinets"}]},{"@type":"WebSite","@id":"https:\/\/moozapro.com\/lv\/#website","url":"https:\/\/moozapro.com\/lv\/","name":"Mooza Pro","description":"Priemon\u0117s j\u016bs\u0173 plaukams","publisher":{"@id":"https:\/\/moozapro.com\/lv\/#organization"},"potentialAction":[{"@type":"SearchAction","target":{"@type":"EntryPoint","urlTemplate":"https:\/\/moozapro.com\/lv\/?s={search_term_string}"},"query-input":{"@type":"PropertyValueSpecification","valueRequired":true,"valueName":"search_term_string"}}],"inLanguage":"lv-LV"},{"@type":"Organization","@id":"https:\/\/moozapro.com\/lv\/#organization","name":"Mooza Pro","url":"https:\/\/moozapro.com\/lv\/","logo":{"@type":"ImageObject","inLanguage":"lv-LV","@id":"https:\/\/moozapro.com\/lv\/#\/schema\/logo\/image\/","url":"https:\/\/moozapro.com\/wp-content\/uploads\/2023\/11\/Mooza-Pro-mazas-logo.png","contentUrl":"https:\/\/moozapro.com\/wp-content\/uploads\/2023\/11\/Mooza-Pro-mazas-logo.png","width":250,"height":103,"caption":"Mooza Pro"},"image":{"@id":"https:\/\/moozapro.com\/lv\/#\/schema\/logo\/image\/"},"sameAs":["https:\/\/www.facebook.com\/moozabeauty"]}]}},"_links":{"self":[{"href":"https:\/\/moozapro.com\/lv\/wp-json\/wp\/v2\/product\/30822","targetHints":{"allow":["GET"]}}],"collection":[{"href":"https:\/\/moozapro.com\/lv\/wp-json\/wp\/v2\/product"}],"about":[{"href":"https:\/\/moozapro.com\/lv\/wp-json\/wp\/v2\/types\/product"}],"replies":[{"embeddable":true,"href":"https:\/\/moozapro.com\/lv\/wp-json\/wp\/v2\/comments?post=30822"}],"version-history":[{"count":3,"href":"https:\/\/moozapro.com\/lv\/wp-json\/wp\/v2\/product\/30822\/revisions"}],"predecessor-version":[{"id":42210,"href":"https:\/\/moozapro.com\/lv\/wp-json\/wp\/v2\/product\/30822\/revisions\/42210"}],"wp:featuredmedia":[{"embeddable":true,"href":"https:\/\/moozapro.com\/lv\/wp-json\/wp\/v2\/media\/28870"}],"wp:attachment":[{"href":"https:\/\/moozapro.com\/lv\/wp-json\/wp\/v2\/media?parent=30822"}],"wp:term":[{"taxonomy":"product_brand","embeddable":true,"href":"https:\/\/moozapro.com\/lv\/wp-json\/wp\/v2\/product_brand?post=30822"},{"taxonomy":"product_cat","embeddable":true,"href":"https:\/\/moozapro.com\/lv\/wp-json\/wp\/v2\/product_cat?post=30822"},{"taxonomy":"product_tag","embeddable":true,"href":"https:\/\/moozapro.com\/lv\/wp-json\/wp\/v2\/product_tag?post=30822"}],"curies":[{"name":"wp","href":"https:\/\/api.w.org\/{rel}","templated":true}]}}