{"id":30861,"date":"2025-07-11T16:10:34","date_gmt":"2025-07-23T20:02:15","guid":{"rendered":"https:\/\/moozapro.com\/produktas\/alp-1905-apgaismojums-150cm\/"},"modified":"2025-07-23T23:02:15","modified_gmt":"2025-07-23T20:02:15","slug":"alp-1905-apgaismojums-150cm","status":"publish","type":"product","link":"https:\/\/moozapro.com\/lv\/produktas\/alp-1905-apgaismojums-150cm\/","title":{"rendered":"Alp-1905 Apgaismojums (150cm)"},"content":{"rendered":"","protected":false},"excerpt":{"rendered":"","protected":false},"featured_media":28614,"comment_status":"open","ping_status":"closed","template":"","meta":[],"product_brand":[],"product_cat":[756],"product_tag":[],"class_list":{"0":"post-30861","1":"product","2":"type-product","3":"status-publish","4":"has-post-thumbnail","6":"product_cat-apgaismes-grupa","8":"first","9":"instock","10":"taxable","11":"shipping-taxable","12":"product-type-simple"},"yoast_head":"<!-- This site is optimized with the Yoast SEO plugin v26.3 - https:\/\/yoast.com\/wordpress\/plugins\/seo\/ -->\n<title>Alp-1905 Apgaismojums (150cm) | Mooza Pro<\/title>\n<meta name=\"robots\" content=\"index, follow, max-snippet:-1, max-image-preview:large, max-video-preview:-1\" \/>\n<link rel=\"canonical\" href=\"https:\/\/moozapro.com\/lv\/produktas\/alp-1905-apgaismojums-150cm\/\" \/>\n<meta property=\"og:locale\" content=\"lv_LV\" \/>\n<meta property=\"og:type\" content=\"article\" \/>\n<meta property=\"og:title\" content=\"Alp-1905 Apgaismojums (150cm) | Mooza Pro\" \/>\n<meta property=\"og:url\" content=\"https:\/\/moozapro.com\/lv\/produktas\/alp-1905-apgaismojums-150cm\/\" \/>\n<meta property=\"og:site_name\" content=\"Mooza Pro\" \/>\n<meta property=\"article:publisher\" content=\"https:\/\/www.facebook.com\/moozabeauty\" \/>\n<meta property=\"og:image\" content=\"https:\/\/moozapro.com\/wp-content\/uploads\/2025\/07\/tr_TR-454.jpg\" \/>\n\t<meta property=\"og:image:width\" content=\"1100\" \/>\n\t<meta property=\"og:image:height\" content=\"1100\" \/>\n\t<meta property=\"og:image:type\" content=\"image\/jpeg\" \/>\n<meta name=\"twitter:card\" content=\"summary_large_image\" \/>\n<script type=\"application\/ld+json\" class=\"yoast-schema-graph\">{\"@context\":\"https:\/\/schema.org\",\"@graph\":[{\"@type\":\"WebPage\",\"@id\":\"https:\/\/moozapro.com\/lv\/produktas\/alp-1905-apgaismojums-150cm\/\",\"url\":\"https:\/\/moozapro.com\/lv\/produktas\/alp-1905-apgaismojums-150cm\/\",\"name\":\"Alp-1905 Apgaismojums (150cm) | Mooza Pro\",\"isPartOf\":{\"@id\":\"https:\/\/moozapro.com\/lv\/#website\"},\"primaryImageOfPage\":{\"@id\":\"https:\/\/moozapro.com\/lv\/produktas\/alp-1905-apgaismojums-150cm\/#primaryimage\"},\"image\":{\"@id\":\"https:\/\/moozapro.com\/lv\/produktas\/alp-1905-apgaismojums-150cm\/#primaryimage\"},\"thumbnailUrl\":\"https:\/\/moozapro.com\/wp-content\/uploads\/2025\/07\/tr_TR-454.jpg\",\"datePublished\":\"2025-07-23T20:02:15+00:00\",\"breadcrumb\":{\"@id\":\"https:\/\/moozapro.com\/lv\/produktas\/alp-1905-apgaismojums-150cm\/#breadcrumb\"},\"inLanguage\":\"lv-LV\",\"potentialAction\":[{\"@type\":\"ReadAction\",\"target\":[\"https:\/\/moozapro.com\/lv\/produktas\/alp-1905-apgaismojums-150cm\/\"]}]},{\"@type\":\"ImageObject\",\"inLanguage\":\"lv-LV\",\"@id\":\"https:\/\/moozapro.com\/lv\/produktas\/alp-1905-apgaismojums-150cm\/#primaryimage\",\"url\":\"https:\/\/moozapro.com\/wp-content\/uploads\/2025\/07\/tr_TR-454.jpg\",\"contentUrl\":\"https:\/\/moozapro.com\/wp-content\/uploads\/2025\/07\/tr_TR-454.jpg\",\"width\":1100,\"height\":1100},{\"@type\":\"BreadcrumbList\",\"@id\":\"https:\/\/moozapro.com\/lv\/produktas\/alp-1905-apgaismojums-150cm\/#breadcrumb\",\"itemListElement\":[{\"@type\":\"ListItem\",\"position\":1,\"name\":\"Galvenais\",\"item\":\"https:\/\/moozapro.com\/lv\/\"},{\"@type\":\"ListItem\",\"position\":2,\"name\":\"Visi produkti\",\"item\":\"https:\/\/moozapro.com\/lv\/shop\/\"},{\"@type\":\"ListItem\",\"position\":3,\"name\":\"Alp-1905 Apgaismojums (150cm)\"}]},{\"@type\":\"WebSite\",\"@id\":\"https:\/\/moozapro.com\/lv\/#website\",\"url\":\"https:\/\/moozapro.com\/lv\/\",\"name\":\"Mooza Pro\",\"description\":\"Priemon\u0117s j\u016bs\u0173 plaukams\",\"publisher\":{\"@id\":\"https:\/\/moozapro.com\/lv\/#organization\"},\"potentialAction\":[{\"@type\":\"SearchAction\",\"target\":{\"@type\":\"EntryPoint\",\"urlTemplate\":\"https:\/\/moozapro.com\/lv\/?s={search_term_string}\"},\"query-input\":{\"@type\":\"PropertyValueSpecification\",\"valueRequired\":true,\"valueName\":\"search_term_string\"}}],\"inLanguage\":\"lv-LV\"},{\"@type\":\"Organization\",\"@id\":\"https:\/\/moozapro.com\/lv\/#organization\",\"name\":\"Mooza Pro\",\"url\":\"https:\/\/moozapro.com\/lv\/\",\"logo\":{\"@type\":\"ImageObject\",\"inLanguage\":\"lv-LV\",\"@id\":\"https:\/\/moozapro.com\/lv\/#\/schema\/logo\/image\/\",\"url\":\"https:\/\/moozapro.com\/wp-content\/uploads\/2023\/11\/Mooza-Pro-mazas-logo.png\",\"contentUrl\":\"https:\/\/moozapro.com\/wp-content\/uploads\/2023\/11\/Mooza-Pro-mazas-logo.png\",\"width\":250,\"height\":103,\"caption\":\"Mooza Pro\"},\"image\":{\"@id\":\"https:\/\/moozapro.com\/lv\/#\/schema\/logo\/image\/\"},\"sameAs\":[\"https:\/\/www.facebook.com\/moozabeauty\"]}]}<\/script>\n<!-- \/ Yoast SEO plugin. -->","yoast_head_json":{"title":"Alp-1905 Apgaismojums (150cm) | Mooza Pro","robots":{"index":"index","follow":"follow","max-snippet":"max-snippet:-1","max-image-preview":"max-image-preview:large","max-video-preview":"max-video-preview:-1"},"canonical":"https:\/\/moozapro.com\/lv\/produktas\/alp-1905-apgaismojums-150cm\/","og_locale":"lv_LV","og_type":"article","og_title":"Alp-1905 Apgaismojums (150cm) | Mooza Pro","og_url":"https:\/\/moozapro.com\/lv\/produktas\/alp-1905-apgaismojums-150cm\/","og_site_name":"Mooza Pro","article_publisher":"https:\/\/www.facebook.com\/moozabeauty","og_image":[{"width":1100,"height":1100,"url":"https:\/\/moozapro.com\/wp-content\/uploads\/2025\/07\/tr_TR-454.jpg","type":"image\/jpeg"}],"twitter_card":"summary_large_image","schema":{"@context":"https:\/\/schema.org","@graph":[{"@type":"WebPage","@id":"https:\/\/moozapro.com\/lv\/produktas\/alp-1905-apgaismojums-150cm\/","url":"https:\/\/moozapro.com\/lv\/produktas\/alp-1905-apgaismojums-150cm\/","name":"Alp-1905 Apgaismojums (150cm) | Mooza Pro","isPartOf":{"@id":"https:\/\/moozapro.com\/lv\/#website"},"primaryImageOfPage":{"@id":"https:\/\/moozapro.com\/lv\/produktas\/alp-1905-apgaismojums-150cm\/#primaryimage"},"image":{"@id":"https:\/\/moozapro.com\/lv\/produktas\/alp-1905-apgaismojums-150cm\/#primaryimage"},"thumbnailUrl":"https:\/\/moozapro.com\/wp-content\/uploads\/2025\/07\/tr_TR-454.jpg","datePublished":"2025-07-23T20:02:15+00:00","breadcrumb":{"@id":"https:\/\/moozapro.com\/lv\/produktas\/alp-1905-apgaismojums-150cm\/#breadcrumb"},"inLanguage":"lv-LV","potentialAction":[{"@type":"ReadAction","target":["https:\/\/moozapro.com\/lv\/produktas\/alp-1905-apgaismojums-150cm\/"]}]},{"@type":"ImageObject","inLanguage":"lv-LV","@id":"https:\/\/moozapro.com\/lv\/produktas\/alp-1905-apgaismojums-150cm\/#primaryimage","url":"https:\/\/moozapro.com\/wp-content\/uploads\/2025\/07\/tr_TR-454.jpg","contentUrl":"https:\/\/moozapro.com\/wp-content\/uploads\/2025\/07\/tr_TR-454.jpg","width":1100,"height":1100},{"@type":"BreadcrumbList","@id":"https:\/\/moozapro.com\/lv\/produktas\/alp-1905-apgaismojums-150cm\/#breadcrumb","itemListElement":[{"@type":"ListItem","position":1,"name":"Galvenais","item":"https:\/\/moozapro.com\/lv\/"},{"@type":"ListItem","position":2,"name":"Visi produkti","item":"https:\/\/moozapro.com\/lv\/shop\/"},{"@type":"ListItem","position":3,"name":"Alp-1905 Apgaismojums (150cm)"}]},{"@type":"WebSite","@id":"https:\/\/moozapro.com\/lv\/#website","url":"https:\/\/moozapro.com\/lv\/","name":"Mooza Pro","description":"Priemon\u0117s j\u016bs\u0173 plaukams","publisher":{"@id":"https:\/\/moozapro.com\/lv\/#organization"},"potentialAction":[{"@type":"SearchAction","target":{"@type":"EntryPoint","urlTemplate":"https:\/\/moozapro.com\/lv\/?s={search_term_string}"},"query-input":{"@type":"PropertyValueSpecification","valueRequired":true,"valueName":"search_term_string"}}],"inLanguage":"lv-LV"},{"@type":"Organization","@id":"https:\/\/moozapro.com\/lv\/#organization","name":"Mooza Pro","url":"https:\/\/moozapro.com\/lv\/","logo":{"@type":"ImageObject","inLanguage":"lv-LV","@id":"https:\/\/moozapro.com\/lv\/#\/schema\/logo\/image\/","url":"https:\/\/moozapro.com\/wp-content\/uploads\/2023\/11\/Mooza-Pro-mazas-logo.png","contentUrl":"https:\/\/moozapro.com\/wp-content\/uploads\/2023\/11\/Mooza-Pro-mazas-logo.png","width":250,"height":103,"caption":"Mooza Pro"},"image":{"@id":"https:\/\/moozapro.com\/lv\/#\/schema\/logo\/image\/"},"sameAs":["https:\/\/www.facebook.com\/moozabeauty"]}]}},"_links":{"self":[{"href":"https:\/\/moozapro.com\/lv\/wp-json\/wp\/v2\/product\/30861","targetHints":{"allow":["GET"]}}],"collection":[{"href":"https:\/\/moozapro.com\/lv\/wp-json\/wp\/v2\/product"}],"about":[{"href":"https:\/\/moozapro.com\/lv\/wp-json\/wp\/v2\/types\/product"}],"replies":[{"embeddable":true,"href":"https:\/\/moozapro.com\/lv\/wp-json\/wp\/v2\/comments?post=30861"}],"version-history":[{"count":0,"href":"https:\/\/moozapro.com\/lv\/wp-json\/wp\/v2\/product\/30861\/revisions"}],"wp:featuredmedia":[{"embeddable":true,"href":"https:\/\/moozapro.com\/lv\/wp-json\/wp\/v2\/media\/28614"}],"wp:attachment":[{"href":"https:\/\/moozapro.com\/lv\/wp-json\/wp\/v2\/media?parent=30861"}],"wp:term":[{"taxonomy":"product_brand","embeddable":true,"href":"https:\/\/moozapro.com\/lv\/wp-json\/wp\/v2\/product_brand?post=30861"},{"taxonomy":"product_cat","embeddable":true,"href":"https:\/\/moozapro.com\/lv\/wp-json\/wp\/v2\/product_cat?post=30861"},{"taxonomy":"product_tag","embeddable":true,"href":"https:\/\/moozapro.com\/lv\/wp-json\/wp\/v2\/product_tag?post=30861"}],"curies":[{"name":"wp","href":"https:\/\/api.w.org\/{rel}","templated":true}]}}