{"id":31033,"date":"2025-07-11T16:06:46","date_gmt":"2025-07-23T20:05:31","guid":{"rendered":"https:\/\/moozapro.com\/produktas\/lotus-gl-friziera-kresls\/"},"modified":"2026-03-23T13:05:17","modified_gmt":"2026-03-23T11:05:17","slug":"lotus-gl-friziera-kresls","status":"publish","type":"product","link":"https:\/\/moozapro.com\/lv\/produktas\/lotus-gl-friziera-kresls\/","title":{"rendered":"Lotus-GL friziera kr\u0113sls"},"content":{"rendered":"\t\t<div data-elementor-type=\"product-post\" data-elementor-id=\"31033\" class=\"elementor elementor-31033 elementor-29196\" data-elementor-post-type=\"product\">\n\t\t\t\t<div class=\"elementor-element elementor-element-147753c2 e-flex e-con-boxed kitify-col-width-auto-no ignore-docs-style-no kitify-disable-relative-no e-root-container elementor-top-section e-con e-parent\" data-id=\"147753c2\" data-element_type=\"container\" data-e-type=\"container\">\n\t\t\t\t\t<div class=\"e-con-inner\">\n\t\t\t\t<div class=\"elementor-element elementor-element-31529da3 elementor-widget elementor-widget-heading\" data-id=\"31529da3\" data-element_type=\"widget\" data-e-type=\"widget\" data-widget_type=\"heading.default\">\n\t\t\t\t<div class=\"elementor-widget-container\">\n\t\t\t\t\t<h2 class=\"elementor-heading-title elementor-size-default\">Par produktu<\/h2>\t\t\t\t<\/div>\n\t\t\t\t<\/div>\n\t\t\t\t\t<\/div>\n\t\t\t\t<\/div>\n\t\t<div class=\"elementor-element elementor-element-2275d6db e-flex e-con-boxed kitify-col-width-auto-no ignore-docs-style-no kitify-disable-relative-no e-root-container elementor-top-section e-con e-parent\" data-id=\"2275d6db\" data-element_type=\"container\" data-e-type=\"container\">\n\t\t\t\t\t<div class=\"e-con-inner\">\n\t\t\t\t<div class=\"elementor-element elementor-element-4feed885 elementor-widget elementor-widget-text-editor\" data-id=\"4feed885\" data-element_type=\"widget\" data-e-type=\"widget\" data-widget_type=\"text-editor.default\">\n\t\t\t\t<div class=\"elementor-widget-container\">\n\t\t\t\t\t\t\t\t\t<p>Friz\u0113tavas ar <strong>LOTUS<\/strong>, ergonomiski izstr\u0101d\u0101tas un ar papildu materi\u0101lu izmanto\u0161anu, ir m\u016bsdien\u012bga dizaina.<\/p><p><strong>SALONI AR IZTEIKSM\u012aGU IZSKATU AR LOTOSA<\/strong><\/p><p>\u0100das un auduma kombin\u0101cija pie\u0161\u0137ir komfortu un eleganci, bag\u0101tinot j\u016bsu friz\u0113tavas interjeru ar est\u0113tiskiem akcentiem.<\/p>\t\t\t\t\t\t\t\t<\/div>\n\t\t\t\t<\/div>\n\t\t\t\t<div class=\"elementor-element elementor-element-8a6f4a6 elementor-widget-divider--view-line elementor-widget elementor-widget-divider\" data-id=\"8a6f4a6\" data-element_type=\"widget\" data-e-type=\"widget\" data-widget_type=\"divider.default\">\n\t\t\t\t<div class=\"elementor-widget-container\">\n\t\t\t\t\t\t\t<div class=\"elementor-divider\">\n\t\t\t<span class=\"elementor-divider-separator\">\n\t\t\t\t\t\t<\/span>\n\t\t<\/div>\n\t\t\t\t\t\t<\/div>\n\t\t\t\t<\/div>\n\t\t\t\t\t<\/div>\n\t\t\t\t<\/div>\n\t\t<div class=\"elementor-element elementor-element-80efae5 e-flex e-con-boxed kitify-col-width-auto-no ignore-docs-style-no kitify-disable-relative-no e-root-container elementor-top-section e-con e-parent\" data-id=\"80efae5\" data-element_type=\"container\" data-e-type=\"container\">\n\t\t\t\t\t<div class=\"e-con-inner\">\n\t\t\t\t<div class=\"elementor-element elementor-element-36829d6a elementor-widget elementor-widget-heading\" data-id=\"36829d6a\" data-element_type=\"widget\" data-e-type=\"widget\" data-widget_type=\"heading.default\">\n\t\t\t\t<div class=\"elementor-widget-container\">\n\t\t\t\t\t<h2 class=\"elementor-heading-title elementor-size-default\">KR\u0112SLU PAMAT\u0145U FORMAS UN CENAS<\/h2>\t\t\t\t<\/div>\n\t\t\t\t<\/div>\n\t\t\t\t\t<\/div>\n\t\t\t\t<\/div>\n\t\t<div class=\"elementor-element elementor-element-7f94beae e-grid e-con-full kitify-col-width-auto-no ignore-docs-style-no kitify-disable-relative-no e-root-container elementor-top-section e-con e-parent\" data-id=\"7f94beae\" data-element_type=\"container\" data-e-type=\"container\">\n\t\t\t\t<div class=\"elementor-element elementor-element-4ab2c5e7 elementor-widget elementor-widget-image\" data-id=\"4ab2c5e7\" data-element_type=\"widget\" data-e-type=\"widget\" data-widget_type=\"image.default\">\n\t\t\t\t<div class=\"elementor-widget-container\">\n\t\t\t\t\t\t\t\t\t\t\t\t\t\t\t<img fetchpriority=\"high\" decoding=\"async\" width=\"1000\" height=\"152\" src=\"https:\/\/moozapro.com\/wp-content\/uploads\/2025\/07\/Screenshot-2025-07-16-at-16.56.43-1000x152.png\" class=\"attachment-large size-large wp-image-30393\" alt=\"\" srcset=\"https:\/\/moozapro.com\/wp-content\/uploads\/2025\/07\/Screenshot-2025-07-16-at-16.56.43-1000x152.png 1000w, https:\/\/moozapro.com\/wp-content\/uploads\/2025\/07\/Screenshot-2025-07-16-at-16.56.43-750x114.png 750w, https:\/\/moozapro.com\/wp-content\/uploads\/2025\/07\/Screenshot-2025-07-16-at-16.56.43-1536x234.png 1536w, https:\/\/moozapro.com\/wp-content\/uploads\/2025\/07\/Screenshot-2025-07-16-at-16.56.43-2048x312.png 2048w\" sizes=\"(max-width: 1000px) 100vw, 1000px\" \/>\t\t\t\t\t\t\t\t\t\t\t\t\t\t\t<\/div>\n\t\t\t\t<\/div>\n\t\t\t\t<div class=\"elementor-element elementor-element-27305ef2 elementor-widget-divider--view-line elementor-widget elementor-widget-divider\" data-id=\"27305ef2\" data-element_type=\"widget\" data-e-type=\"widget\" data-widget_type=\"divider.default\">\n\t\t\t\t<div class=\"elementor-widget-container\">\n\t\t\t\t\t\t\t<div class=\"elementor-divider\">\n\t\t\t<span class=\"elementor-divider-separator\">\n\t\t\t\t\t\t<\/span>\n\t\t<\/div>\n\t\t\t\t\t\t<\/div>\n\t\t\t\t<\/div>\n\t\t\t\t<\/div>\n\t\t<div class=\"elementor-element elementor-element-21279e39 e-flex e-con-boxed kitify-col-width-auto-no ignore-docs-style-no kitify-disable-relative-no e-root-container elementor-top-section e-con e-parent\" data-id=\"21279e39\" data-element_type=\"container\" data-e-type=\"container\">\n\t\t\t\t\t<div class=\"e-con-inner\">\n\t\t\t\t<div class=\"elementor-element elementor-element-16e505e2 elementor-widget elementor-widget-heading\" data-id=\"16e505e2\" data-element_type=\"widget\" data-e-type=\"widget\" data-widget_type=\"heading.default\">\n\t\t\t\t<div class=\"elementor-widget-container\">\n\t\t\t\t\t<h2 class=\"elementor-heading-title elementor-size-default\">KR\u0112SLU MATERI\u0100LU KR\u0100SAS UN TEKST\u016aRA<\/h2>\t\t\t\t<\/div>\n\t\t\t\t<\/div>\n\t\t\t\t\t<\/div>\n\t\t\t\t<\/div>\n\t\t<div class=\"elementor-element elementor-element-4f0d26d7 e-flex e-con-boxed kitify-col-width-auto-no ignore-docs-style-no kitify-disable-relative-no e-root-container elementor-top-section e-con e-parent\" data-id=\"4f0d26d7\" data-element_type=\"container\" data-e-type=\"container\">\n\t\t\t\t\t<div class=\"e-con-inner\">\n\t\t\t\t<div class=\"elementor-element elementor-element-5f7c4fa0 elementor-widget elementor-widget-image\" data-id=\"5f7c4fa0\" data-element_type=\"widget\" data-e-type=\"widget\" data-widget_type=\"image.default\">\n\t\t\t\t<div class=\"elementor-widget-container\">\n\t\t\t\t\t\t\t\t\t\t\t\t\t\t\t<img decoding=\"async\" width=\"1000\" height=\"592\" src=\"https:\/\/moozapro.com\/wp-content\/uploads\/2025\/07\/Screenshot-2025-07-16-at-11.49.53-1000x592.png\" class=\"attachment-large size-large wp-image-30397\" alt=\"\" srcset=\"https:\/\/moozapro.com\/wp-content\/uploads\/2025\/07\/Screenshot-2025-07-16-at-11.49.53-1000x592.png 1000w, https:\/\/moozapro.com\/wp-content\/uploads\/2025\/07\/Screenshot-2025-07-16-at-11.49.53-750x444.png 750w, https:\/\/moozapro.com\/wp-content\/uploads\/2025\/07\/Screenshot-2025-07-16-at-11.49.53-1536x909.png 1536w, https:\/\/moozapro.com\/wp-content\/uploads\/2025\/07\/Screenshot-2025-07-16-at-11.49.53-2048x1212.png 2048w\" sizes=\"(max-width: 1000px) 100vw, 1000px\" \/>\t\t\t\t\t\t\t\t\t\t\t\t\t\t\t<\/div>\n\t\t\t\t<\/div>\n\t\t\t\t\t<\/div>\n\t\t\t\t<\/div>\n\t\t<div class=\"elementor-element elementor-element-33fefb75 e-grid e-con-boxed kitify-col-width-auto-no ignore-docs-style-no kitify-disable-relative-no e-root-container elementor-top-section e-con e-parent\" data-id=\"33fefb75\" data-element_type=\"container\" data-e-type=\"container\">\n\t\t\t\t\t<div class=\"e-con-inner\">\n\t\t\t\t<div class=\"elementor-element elementor-element-524a9ed6 elementor-widget-divider--view-line elementor-widget elementor-widget-divider\" data-id=\"524a9ed6\" data-element_type=\"widget\" data-e-type=\"widget\" data-widget_type=\"divider.default\">\n\t\t\t\t<div class=\"elementor-widget-container\">\n\t\t\t\t\t\t\t<div class=\"elementor-divider\">\n\t\t\t<span class=\"elementor-divider-separator\">\n\t\t\t\t\t\t<\/span>\n\t\t<\/div>\n\t\t\t\t\t\t<\/div>\n\t\t\t\t<\/div>\n\t\t\t\t<div class=\"elementor-element elementor-element-36645a86 elementor-widget elementor-widget-heading\" data-id=\"36645a86\" data-element_type=\"widget\" data-e-type=\"widget\" data-widget_type=\"heading.default\">\n\t\t\t\t<div class=\"elementor-widget-container\">\n\t\t\t\t\t<h2 class=\"elementor-heading-title elementor-size-default\">KR\u0112SLA ELEMENTU MATERI\u0100LI<\/h2>\t\t\t\t<\/div>\n\t\t\t\t<\/div>\n\t\t\t\t<div class=\"elementor-element elementor-element-7e8a0b7a elementor-widget elementor-widget-image\" data-id=\"7e8a0b7a\" data-element_type=\"widget\" data-e-type=\"widget\" data-widget_type=\"image.default\">\n\t\t\t\t<div class=\"elementor-widget-container\">\n\t\t\t\t\t\t\t\t\t\t\t\t\t\t\t<img decoding=\"async\" width=\"1000\" height=\"501\" src=\"https:\/\/moozapro.com\/wp-content\/uploads\/2025\/07\/Screenshot-2025-07-16-at-11.49.22-1000x501.png\" class=\"attachment-large size-large wp-image-30395\" alt=\"\" srcset=\"https:\/\/moozapro.com\/wp-content\/uploads\/2025\/07\/Screenshot-2025-07-16-at-11.49.22-1000x501.png 1000w, https:\/\/moozapro.com\/wp-content\/uploads\/2025\/07\/Screenshot-2025-07-16-at-11.49.22-750x376.png 750w, https:\/\/moozapro.com\/wp-content\/uploads\/2025\/07\/Screenshot-2025-07-16-at-11.49.22-1536x770.png 1536w, https:\/\/moozapro.com\/wp-content\/uploads\/2025\/07\/Screenshot-2025-07-16-at-11.49.22-2048x1027.png 2048w\" sizes=\"(max-width: 1000px) 100vw, 1000px\" \/>\t\t\t\t\t\t\t\t\t\t\t\t\t\t\t<\/div>\n\t\t\t\t<\/div>\n\t\t\t\t\t<\/div>\n\t\t\t\t<\/div>\n\t\t<div class=\"elementor-element elementor-element-36f0f83e e-flex e-con-boxed kitify-col-width-auto-no ignore-docs-style-no kitify-disable-relative-no e-root-container elementor-top-section e-con e-parent\" data-id=\"36f0f83e\" data-element_type=\"container\" data-e-type=\"container\">\n\t\t\t\t\t<div class=\"e-con-inner\">\n\t\t\t\t<div class=\"elementor-element elementor-element-61c05d99 elementor-widget elementor-widget-text-editor\" data-id=\"61c05d99\" data-element_type=\"widget\" data-e-type=\"widget\" data-widget_type=\"text-editor.default\">\n\t\t\t\t<div class=\"elementor-widget-container\">\n\t\t\t\t\t\t\t\t\t<p>M\u0112BELES TIEK IZGATAVOTAS ATBILSTO\u0160I J\u016aSU INDIVIDU\u0100LAJ\u0100M PRAS\u012aB\u0100M (PAMATNE, \u0100DA UN DETA\u013bAS).  <\/p><p>RA\u017dO\u0160ANA UN PIEG\u0100DE VAR ILGT L\u012aDZ 8 NED\u0112\u013b\u0100M.  <\/p>\t\t\t\t\t\t\t\t<\/div>\n\t\t\t\t<\/div>\n\t\t\t\t\t<\/div>\n\t\t\t\t<\/div>\n\t\t\t\t<\/div>\n\t\t","protected":false},"excerpt":{"rendered":"<p>Par produktu Friz\u0113tavas ar LOTUS, ergonomiski izstr\u0101d\u0101tas un ar papildu materi\u0101lu izmanto\u0161anu, ir m\u016bsdien\u012bga dizaina. SALONI AR IZTEIKSM\u012aGU IZSKATU AR LOTOSA \u0100das un auduma kombin\u0101cija pie\u0161\u0137ir komfortu un eleganci, bag\u0101tinot j\u016bsu friz\u0113tavas interjeru ar est\u0113tiskiem akcentiem. KR\u0112SLU PAMAT\u0145U FORMAS UN CENAS KR\u0112SLU MATERI\u0100LU KR\u0100SAS UN TEKST\u016aRA KR\u0112SLA ELEMENTU MATERI\u0100LI M\u0112BELES TIEK IZGATAVOTAS ATBILSTO\u0160I J\u016aSU INDIVIDU\u0100LAJ\u0100M PRAS\u012aB\u0100M (PAMATNE, \u0100DA UN DETA\u013bAS).\u2026<\/p>\n","protected":false},"featured_media":25847,"comment_status":"open","ping_status":"closed","template":"","meta":[],"product_brand":[],"product_cat":[746],"product_tag":[],"class_list":{"0":"post-31033","1":"product","2":"type-product","3":"status-publish","4":"has-post-thumbnail","6":"product_cat-frizieru-kresli","8":"first","9":"instock","10":"taxable","11":"shipping-taxable","12":"purchasable","13":"product-type-simple"},"yoast_head":"<!-- This site is optimized with the Yoast SEO plugin v27.4 - https:\/\/yoast.com\/product\/yoast-seo-wordpress\/ -->\n<title>Lotus-GL friziera kr\u0113sls | Mooza Pro<\/title>\n<meta name=\"robots\" content=\"index, follow, max-snippet:-1, max-image-preview:large, max-video-preview:-1\" \/>\n<link rel=\"canonical\" href=\"https:\/\/moozapro.com\/lv\/produktas\/lotus-gl-friziera-kresls\/\" \/>\n<meta property=\"og:locale\" content=\"lv_LV\" \/>\n<meta property=\"og:type\" content=\"article\" \/>\n<meta property=\"og:title\" content=\"Lotus-GL friziera kr\u0113sls | Mooza Pro\" \/>\n<meta property=\"og:description\" content=\"Par produktu Friz\u0113tavas ar LOTUS, ergonomiski izstr\u0101d\u0101tas un ar papildu materi\u0101lu izmanto\u0161anu, ir m\u016bsdien\u012bga dizaina. SALONI AR IZTEIKSM\u012aGU IZSKATU AR LOTOSA \u0100das un auduma kombin\u0101cija pie\u0161\u0137ir komfortu un eleganci, bag\u0101tinot j\u016bsu friz\u0113tavas interjeru ar est\u0113tiskiem akcentiem. KR\u0112SLU PAMAT\u0145U FORMAS UN CENAS KR\u0112SLU MATERI\u0100LU KR\u0100SAS UN TEKST\u016aRA KR\u0112SLA ELEMENTU MATERI\u0100LI M\u0112BELES TIEK IZGATAVOTAS ATBILSTO\u0160I J\u016aSU INDIVIDU\u0100LAJ\u0100M PRAS\u012aB\u0100M (PAMATNE, \u0100DA UN DETA\u013bAS).\u2026\" \/>\n<meta property=\"og:url\" content=\"https:\/\/moozapro.com\/lv\/produktas\/lotus-gl-friziera-kresls\/\" \/>\n<meta property=\"og:site_name\" content=\"Mooza Pro\" \/>\n<meta property=\"article:publisher\" content=\"https:\/\/www.facebook.com\/moozabeauty\" \/>\n<meta property=\"article:modified_time\" content=\"2026-03-23T11:05:17+00:00\" \/>\n<meta property=\"og:image\" content=\"https:\/\/moozapro.com\/wp-content\/uploads\/2025\/07\/tr_TR-105.jpg\" \/>\n\t<meta property=\"og:image:width\" content=\"1100\" \/>\n\t<meta property=\"og:image:height\" content=\"1100\" \/>\n\t<meta property=\"og:image:type\" content=\"image\/jpeg\" \/>\n<meta name=\"twitter:card\" content=\"summary_large_image\" \/>\n<meta name=\"twitter:label1\" content=\"Est. reading time\" \/>\n\t<meta name=\"twitter:data1\" content=\"1 minute\" \/>\n<script type=\"application\/ld+json\" class=\"yoast-schema-graph\">{\"@context\":\"https:\\\/\\\/schema.org\",\"@graph\":[{\"@type\":\"WebPage\",\"@id\":\"https:\\\/\\\/moozapro.com\\\/lv\\\/produktas\\\/lotus-gl-friziera-kresls\\\/\",\"url\":\"https:\\\/\\\/moozapro.com\\\/lv\\\/produktas\\\/lotus-gl-friziera-kresls\\\/\",\"name\":\"Lotus-GL friziera kr\u0113sls | Mooza Pro\",\"isPartOf\":{\"@id\":\"https:\\\/\\\/moozapro.com\\\/lv\\\/#website\"},\"primaryImageOfPage\":{\"@id\":\"https:\\\/\\\/moozapro.com\\\/lv\\\/produktas\\\/lotus-gl-friziera-kresls\\\/#primaryimage\"},\"image\":{\"@id\":\"https:\\\/\\\/moozapro.com\\\/lv\\\/produktas\\\/lotus-gl-friziera-kresls\\\/#primaryimage\"},\"thumbnailUrl\":\"https:\\\/\\\/moozapro.com\\\/wp-content\\\/uploads\\\/2025\\\/07\\\/tr_TR-105.jpg\",\"datePublished\":\"2025-07-23T20:05:31+00:00\",\"dateModified\":\"2026-03-23T11:05:17+00:00\",\"breadcrumb\":{\"@id\":\"https:\\\/\\\/moozapro.com\\\/lv\\\/produktas\\\/lotus-gl-friziera-kresls\\\/#breadcrumb\"},\"inLanguage\":\"lv-LV\",\"potentialAction\":[{\"@type\":\"ReadAction\",\"target\":[\"https:\\\/\\\/moozapro.com\\\/lv\\\/produktas\\\/lotus-gl-friziera-kresls\\\/\"]}]},{\"@type\":\"ImageObject\",\"inLanguage\":\"lv-LV\",\"@id\":\"https:\\\/\\\/moozapro.com\\\/lv\\\/produktas\\\/lotus-gl-friziera-kresls\\\/#primaryimage\",\"url\":\"https:\\\/\\\/moozapro.com\\\/wp-content\\\/uploads\\\/2025\\\/07\\\/tr_TR-105.jpg\",\"contentUrl\":\"https:\\\/\\\/moozapro.com\\\/wp-content\\\/uploads\\\/2025\\\/07\\\/tr_TR-105.jpg\",\"width\":1100,\"height\":1100},{\"@type\":\"BreadcrumbList\",\"@id\":\"https:\\\/\\\/moozapro.com\\\/lv\\\/produktas\\\/lotus-gl-friziera-kresls\\\/#breadcrumb\",\"itemListElement\":[{\"@type\":\"ListItem\",\"position\":1,\"name\":\"Galvenais\",\"item\":\"https:\\\/\\\/moozapro.com\\\/lv\\\/\"},{\"@type\":\"ListItem\",\"position\":2,\"name\":\"Visi produkti\",\"item\":\"https:\\\/\\\/moozapro.com\\\/lv\\\/shop\\\/\"},{\"@type\":\"ListItem\",\"position\":3,\"name\":\"Lotus-GL friziera kr\u0113sls\"}]},{\"@type\":\"WebSite\",\"@id\":\"https:\\\/\\\/moozapro.com\\\/lv\\\/#website\",\"url\":\"https:\\\/\\\/moozapro.com\\\/lv\\\/\",\"name\":\"Mooza Pro\",\"description\":\"Priemon\u0117s j\u016bs\u0173 plaukams\",\"publisher\":{\"@id\":\"https:\\\/\\\/moozapro.com\\\/lv\\\/#organization\"},\"potentialAction\":[{\"@type\":\"SearchAction\",\"target\":{\"@type\":\"EntryPoint\",\"urlTemplate\":\"https:\\\/\\\/moozapro.com\\\/lv\\\/?s={search_term_string}\"},\"query-input\":{\"@type\":\"PropertyValueSpecification\",\"valueRequired\":true,\"valueName\":\"search_term_string\"}}],\"inLanguage\":\"lv-LV\"},{\"@type\":\"Organization\",\"@id\":\"https:\\\/\\\/moozapro.com\\\/lv\\\/#organization\",\"name\":\"Mooza Pro\",\"url\":\"https:\\\/\\\/moozapro.com\\\/lv\\\/\",\"logo\":{\"@type\":\"ImageObject\",\"inLanguage\":\"lv-LV\",\"@id\":\"https:\\\/\\\/moozapro.com\\\/lv\\\/#\\\/schema\\\/logo\\\/image\\\/\",\"url\":\"https:\\\/\\\/moozapro.com\\\/wp-content\\\/uploads\\\/2023\\\/11\\\/Mooza-Pro-mazas-logo.png\",\"contentUrl\":\"https:\\\/\\\/moozapro.com\\\/wp-content\\\/uploads\\\/2023\\\/11\\\/Mooza-Pro-mazas-logo.png\",\"width\":250,\"height\":103,\"caption\":\"Mooza Pro\"},\"image\":{\"@id\":\"https:\\\/\\\/moozapro.com\\\/lv\\\/#\\\/schema\\\/logo\\\/image\\\/\"},\"sameAs\":[\"https:\\\/\\\/www.facebook.com\\\/moozabeauty\"]}]}<\/script>\n<!-- \/ Yoast SEO plugin. -->","yoast_head_json":{"title":"Lotus-GL friziera kr\u0113sls | Mooza Pro","robots":{"index":"index","follow":"follow","max-snippet":"max-snippet:-1","max-image-preview":"max-image-preview:large","max-video-preview":"max-video-preview:-1"},"canonical":"https:\/\/moozapro.com\/lv\/produktas\/lotus-gl-friziera-kresls\/","og_locale":"lv_LV","og_type":"article","og_title":"Lotus-GL friziera kr\u0113sls | Mooza Pro","og_description":"Par produktu Friz\u0113tavas ar LOTUS, ergonomiski izstr\u0101d\u0101tas un ar papildu materi\u0101lu izmanto\u0161anu, ir m\u016bsdien\u012bga dizaina. SALONI AR IZTEIKSM\u012aGU IZSKATU AR LOTOSA \u0100das un auduma kombin\u0101cija pie\u0161\u0137ir komfortu un eleganci, bag\u0101tinot j\u016bsu friz\u0113tavas interjeru ar est\u0113tiskiem akcentiem. KR\u0112SLU PAMAT\u0145U FORMAS UN CENAS KR\u0112SLU MATERI\u0100LU KR\u0100SAS UN TEKST\u016aRA KR\u0112SLA ELEMENTU MATERI\u0100LI M\u0112BELES TIEK IZGATAVOTAS ATBILSTO\u0160I J\u016aSU INDIVIDU\u0100LAJ\u0100M PRAS\u012aB\u0100M (PAMATNE, \u0100DA UN DETA\u013bAS).\u2026","og_url":"https:\/\/moozapro.com\/lv\/produktas\/lotus-gl-friziera-kresls\/","og_site_name":"Mooza Pro","article_publisher":"https:\/\/www.facebook.com\/moozabeauty","article_modified_time":"2026-03-23T11:05:17+00:00","og_image":[{"width":1100,"height":1100,"url":"https:\/\/moozapro.com\/wp-content\/uploads\/2025\/07\/tr_TR-105.jpg","type":"image\/jpeg"}],"twitter_card":"summary_large_image","twitter_misc":{"Est. reading time":"1 minute"},"schema":{"@context":"https:\/\/schema.org","@graph":[{"@type":"WebPage","@id":"https:\/\/moozapro.com\/lv\/produktas\/lotus-gl-friziera-kresls\/","url":"https:\/\/moozapro.com\/lv\/produktas\/lotus-gl-friziera-kresls\/","name":"Lotus-GL friziera kr\u0113sls | Mooza Pro","isPartOf":{"@id":"https:\/\/moozapro.com\/lv\/#website"},"primaryImageOfPage":{"@id":"https:\/\/moozapro.com\/lv\/produktas\/lotus-gl-friziera-kresls\/#primaryimage"},"image":{"@id":"https:\/\/moozapro.com\/lv\/produktas\/lotus-gl-friziera-kresls\/#primaryimage"},"thumbnailUrl":"https:\/\/moozapro.com\/wp-content\/uploads\/2025\/07\/tr_TR-105.jpg","datePublished":"2025-07-23T20:05:31+00:00","dateModified":"2026-03-23T11:05:17+00:00","breadcrumb":{"@id":"https:\/\/moozapro.com\/lv\/produktas\/lotus-gl-friziera-kresls\/#breadcrumb"},"inLanguage":"lv-LV","potentialAction":[{"@type":"ReadAction","target":["https:\/\/moozapro.com\/lv\/produktas\/lotus-gl-friziera-kresls\/"]}]},{"@type":"ImageObject","inLanguage":"lv-LV","@id":"https:\/\/moozapro.com\/lv\/produktas\/lotus-gl-friziera-kresls\/#primaryimage","url":"https:\/\/moozapro.com\/wp-content\/uploads\/2025\/07\/tr_TR-105.jpg","contentUrl":"https:\/\/moozapro.com\/wp-content\/uploads\/2025\/07\/tr_TR-105.jpg","width":1100,"height":1100},{"@type":"BreadcrumbList","@id":"https:\/\/moozapro.com\/lv\/produktas\/lotus-gl-friziera-kresls\/#breadcrumb","itemListElement":[{"@type":"ListItem","position":1,"name":"Galvenais","item":"https:\/\/moozapro.com\/lv\/"},{"@type":"ListItem","position":2,"name":"Visi produkti","item":"https:\/\/moozapro.com\/lv\/shop\/"},{"@type":"ListItem","position":3,"name":"Lotus-GL friziera kr\u0113sls"}]},{"@type":"WebSite","@id":"https:\/\/moozapro.com\/lv\/#website","url":"https:\/\/moozapro.com\/lv\/","name":"Mooza Pro","description":"Priemon\u0117s j\u016bs\u0173 plaukams","publisher":{"@id":"https:\/\/moozapro.com\/lv\/#organization"},"potentialAction":[{"@type":"SearchAction","target":{"@type":"EntryPoint","urlTemplate":"https:\/\/moozapro.com\/lv\/?s={search_term_string}"},"query-input":{"@type":"PropertyValueSpecification","valueRequired":true,"valueName":"search_term_string"}}],"inLanguage":"lv-LV"},{"@type":"Organization","@id":"https:\/\/moozapro.com\/lv\/#organization","name":"Mooza Pro","url":"https:\/\/moozapro.com\/lv\/","logo":{"@type":"ImageObject","inLanguage":"lv-LV","@id":"https:\/\/moozapro.com\/lv\/#\/schema\/logo\/image\/","url":"https:\/\/moozapro.com\/wp-content\/uploads\/2023\/11\/Mooza-Pro-mazas-logo.png","contentUrl":"https:\/\/moozapro.com\/wp-content\/uploads\/2023\/11\/Mooza-Pro-mazas-logo.png","width":250,"height":103,"caption":"Mooza Pro"},"image":{"@id":"https:\/\/moozapro.com\/lv\/#\/schema\/logo\/image\/"},"sameAs":["https:\/\/www.facebook.com\/moozabeauty"]}]}},"_links":{"self":[{"href":"https:\/\/moozapro.com\/lv\/wp-json\/wp\/v2\/product\/31033","targetHints":{"allow":["GET"]}}],"collection":[{"href":"https:\/\/moozapro.com\/lv\/wp-json\/wp\/v2\/product"}],"about":[{"href":"https:\/\/moozapro.com\/lv\/wp-json\/wp\/v2\/types\/product"}],"replies":[{"embeddable":true,"href":"https:\/\/moozapro.com\/lv\/wp-json\/wp\/v2\/comments?post=31033"}],"version-history":[{"count":2,"href":"https:\/\/moozapro.com\/lv\/wp-json\/wp\/v2\/product\/31033\/revisions"}],"predecessor-version":[{"id":41541,"href":"https:\/\/moozapro.com\/lv\/wp-json\/wp\/v2\/product\/31033\/revisions\/41541"}],"wp:featuredmedia":[{"embeddable":true,"href":"https:\/\/moozapro.com\/lv\/wp-json\/wp\/v2\/media\/25847"}],"wp:attachment":[{"href":"https:\/\/moozapro.com\/lv\/wp-json\/wp\/v2\/media?parent=31033"}],"wp:term":[{"taxonomy":"product_brand","embeddable":true,"href":"https:\/\/moozapro.com\/lv\/wp-json\/wp\/v2\/product_brand?post=31033"},{"taxonomy":"product_cat","embeddable":true,"href":"https:\/\/moozapro.com\/lv\/wp-json\/wp\/v2\/product_cat?post=31033"},{"taxonomy":"product_tag","embeddable":true,"href":"https:\/\/moozapro.com\/lv\/wp-json\/wp\/v2\/product_tag?post=31033"}],"curies":[{"name":"wp","href":"https:\/\/api.w.org\/{rel}","templated":true}]}}