{"id":31123,"date":"2025-07-11T16:06:09","date_gmt":"2025-07-23T20:07:28","guid":{"rendered":"https:\/\/moozapro.com\/produktas\/kai-rl-krasu-friziera-kresls\/"},"modified":"2026-03-23T12:53:29","modified_gmt":"2026-03-23T10:53:29","slug":"kai-rl-krasu-friziera-kresls","status":"publish","type":"product","link":"https:\/\/moozapro.com\/lv\/produktas\/kai-rl-krasu-friziera-kresls\/","title":{"rendered":"Kai-Rl Kr\u0101su friziera kr\u0113sls"},"content":{"rendered":"\t\t<div data-elementor-type=\"product-post\" data-elementor-id=\"31123\" class=\"elementor elementor-31123 elementor-29077\" data-elementor-post-type=\"product\">\n\t\t\t\t<div class=\"elementor-element elementor-element-1a9e54a9 e-flex e-con-boxed kitify-col-width-auto-no ignore-docs-style-no kitify-disable-relative-no e-root-container elementor-top-section e-con e-parent\" data-id=\"1a9e54a9\" data-element_type=\"container\">\n\t\t\t\t\t<div class=\"e-con-inner\">\n\t\t\t\t<div class=\"elementor-element elementor-element-681b47c elementor-widget elementor-widget-heading\" data-id=\"681b47c\" data-element_type=\"widget\" data-widget_type=\"heading.default\">\n\t\t\t\t<div class=\"elementor-widget-container\">\n\t\t\t\t\t<h2 class=\"elementor-heading-title elementor-size-default\">Par produktu<\/h2>\t\t\t\t<\/div>\n\t\t\t\t<\/div>\n\t\t\t\t\t<\/div>\n\t\t\t\t<\/div>\n\t\t<div class=\"elementor-element elementor-element-3074ac43 e-flex e-con-boxed kitify-col-width-auto-no ignore-docs-style-no kitify-disable-relative-no e-root-container elementor-top-section e-con e-parent\" data-id=\"3074ac43\" data-element_type=\"container\">\n\t\t\t\t\t<div class=\"e-con-inner\">\n\t\t\t\t<div class=\"elementor-element elementor-element-3aa3c815 elementor-widget elementor-widget-text-editor\" data-id=\"3aa3c815\" data-element_type=\"widget\" data-widget_type=\"text-editor.default\">\n\t\t\t\t<div class=\"elementor-widget-container\">\n\t\t\t\t\t\t\t\t\t<p><strong>Kai<\/strong>, galvenais elements, kas apvieno koka deta\u013cu harmoniju ar m\u016bsdien\u012bgu stilu, pie\u0161\u0137ir friz\u0113tavas dekoram est\u0113tisku eleganci.<\/p><p><strong>DETA\u013bU SKAISTUMU AR DA\u017dIEM<\/strong><\/p><p>Atkl\u0101jiet eleganci, ko sniedz komforta un koka deta\u013cu kombin\u0101cija.<\/p>\t\t\t\t\t\t\t\t<\/div>\n\t\t\t\t<\/div>\n\t\t\t\t<div class=\"elementor-element elementor-element-4f6c9054 elementor-widget-divider--view-line elementor-widget elementor-widget-divider\" data-id=\"4f6c9054\" data-element_type=\"widget\" data-widget_type=\"divider.default\">\n\t\t\t\t<div class=\"elementor-widget-container\">\n\t\t\t\t\t\t\t<div class=\"elementor-divider\">\n\t\t\t<span class=\"elementor-divider-separator\">\n\t\t\t\t\t\t<\/span>\n\t\t<\/div>\n\t\t\t\t\t\t<\/div>\n\t\t\t\t<\/div>\n\t\t\t\t\t<\/div>\n\t\t\t\t<\/div>\n\t\t<div class=\"elementor-element elementor-element-6d00eb5e e-flex e-con-boxed kitify-col-width-auto-no ignore-docs-style-no kitify-disable-relative-no e-root-container elementor-top-section e-con e-parent\" data-id=\"6d00eb5e\" data-element_type=\"container\">\n\t\t\t\t\t<div class=\"e-con-inner\">\n\t\t\t\t<div class=\"elementor-element elementor-element-59aa7db elementor-widget elementor-widget-heading\" data-id=\"59aa7db\" data-element_type=\"widget\" data-widget_type=\"heading.default\">\n\t\t\t\t<div class=\"elementor-widget-container\">\n\t\t\t\t\t<h2 class=\"elementor-heading-title elementor-size-default\">KR\u0112SLU PAMAT\u0145U FORMAS UN CENAS<\/h2>\t\t\t\t<\/div>\n\t\t\t\t<\/div>\n\t\t\t\t\t<\/div>\n\t\t\t\t<\/div>\n\t\t<div class=\"elementor-element elementor-element-11e72fa5 e-grid e-con-full kitify-col-width-auto-no ignore-docs-style-no kitify-disable-relative-no e-root-container elementor-top-section e-con e-parent\" data-id=\"11e72fa5\" data-element_type=\"container\">\n\t\t\t\t<div class=\"elementor-element elementor-element-75e9c70d elementor-widget elementor-widget-image\" data-id=\"75e9c70d\" data-element_type=\"widget\" data-widget_type=\"image.default\">\n\t\t\t\t<div class=\"elementor-widget-container\">\n\t\t\t\t\t\t\t\t\t\t\t\t\t\t\t<img fetchpriority=\"high\" decoding=\"async\" width=\"1000\" height=\"152\" src=\"https:\/\/moozapro.com\/wp-content\/uploads\/2025\/07\/Screenshot-2025-07-16-at-16.56.43-1000x152.png\" class=\"attachment-large size-large wp-image-30393\" alt=\"\" srcset=\"https:\/\/moozapro.com\/wp-content\/uploads\/2025\/07\/Screenshot-2025-07-16-at-16.56.43-1000x152.png 1000w, https:\/\/moozapro.com\/wp-content\/uploads\/2025\/07\/Screenshot-2025-07-16-at-16.56.43-750x114.png 750w, https:\/\/moozapro.com\/wp-content\/uploads\/2025\/07\/Screenshot-2025-07-16-at-16.56.43-1536x234.png 1536w, https:\/\/moozapro.com\/wp-content\/uploads\/2025\/07\/Screenshot-2025-07-16-at-16.56.43-2048x312.png 2048w\" sizes=\"(max-width: 1000px) 100vw, 1000px\" \/>\t\t\t\t\t\t\t\t\t\t\t\t\t\t\t<\/div>\n\t\t\t\t<\/div>\n\t\t\t\t<div class=\"elementor-element elementor-element-26efb44f elementor-widget-divider--view-line elementor-widget elementor-widget-divider\" data-id=\"26efb44f\" data-element_type=\"widget\" data-widget_type=\"divider.default\">\n\t\t\t\t<div class=\"elementor-widget-container\">\n\t\t\t\t\t\t\t<div class=\"elementor-divider\">\n\t\t\t<span class=\"elementor-divider-separator\">\n\t\t\t\t\t\t<\/span>\n\t\t<\/div>\n\t\t\t\t\t\t<\/div>\n\t\t\t\t<\/div>\n\t\t\t\t<\/div>\n\t\t<div class=\"elementor-element elementor-element-79f943d7 e-flex e-con-boxed kitify-col-width-auto-no ignore-docs-style-no kitify-disable-relative-no e-root-container elementor-top-section e-con e-parent\" data-id=\"79f943d7\" data-element_type=\"container\">\n\t\t\t\t\t<div class=\"e-con-inner\">\n\t\t\t\t<div class=\"elementor-element elementor-element-3dbf9f2b elementor-widget elementor-widget-heading\" data-id=\"3dbf9f2b\" data-element_type=\"widget\" data-widget_type=\"heading.default\">\n\t\t\t\t<div class=\"elementor-widget-container\">\n\t\t\t\t\t<h2 class=\"elementor-heading-title elementor-size-default\">KR\u0112SLU MATERI\u0100LU KR\u0100SAS UN TEKST\u016aRA<\/h2>\t\t\t\t<\/div>\n\t\t\t\t<\/div>\n\t\t\t\t\t<\/div>\n\t\t\t\t<\/div>\n\t\t<div class=\"elementor-element elementor-element-3d860521 e-flex e-con-boxed kitify-col-width-auto-no ignore-docs-style-no kitify-disable-relative-no e-root-container elementor-top-section e-con e-parent\" data-id=\"3d860521\" data-element_type=\"container\">\n\t\t\t\t\t<div class=\"e-con-inner\">\n\t\t\t\t<div class=\"elementor-element elementor-element-1d79c550 elementor-widget elementor-widget-image\" data-id=\"1d79c550\" data-element_type=\"widget\" data-widget_type=\"image.default\">\n\t\t\t\t<div class=\"elementor-widget-container\">\n\t\t\t\t\t\t\t\t\t\t\t\t\t\t\t<img decoding=\"async\" width=\"1000\" height=\"592\" src=\"https:\/\/moozapro.com\/wp-content\/uploads\/2025\/07\/Screenshot-2025-07-16-at-11.49.53-1000x592.png\" class=\"attachment-large size-large wp-image-30397\" alt=\"\" srcset=\"https:\/\/moozapro.com\/wp-content\/uploads\/2025\/07\/Screenshot-2025-07-16-at-11.49.53-1000x592.png 1000w, https:\/\/moozapro.com\/wp-content\/uploads\/2025\/07\/Screenshot-2025-07-16-at-11.49.53-750x444.png 750w, https:\/\/moozapro.com\/wp-content\/uploads\/2025\/07\/Screenshot-2025-07-16-at-11.49.53-1536x909.png 1536w, https:\/\/moozapro.com\/wp-content\/uploads\/2025\/07\/Screenshot-2025-07-16-at-11.49.53-2048x1212.png 2048w\" sizes=\"(max-width: 1000px) 100vw, 1000px\" \/>\t\t\t\t\t\t\t\t\t\t\t\t\t\t\t<\/div>\n\t\t\t\t<\/div>\n\t\t\t\t\t<\/div>\n\t\t\t\t<\/div>\n\t\t<div class=\"elementor-element elementor-element-25de413a e-grid e-con-boxed kitify-col-width-auto-no ignore-docs-style-no kitify-disable-relative-no e-root-container elementor-top-section e-con e-parent\" data-id=\"25de413a\" data-element_type=\"container\">\n\t\t\t\t\t<div class=\"e-con-inner\">\n\t\t\t\t<div class=\"elementor-element elementor-element-4551a779 elementor-widget-divider--view-line elementor-widget elementor-widget-divider\" data-id=\"4551a779\" data-element_type=\"widget\" data-widget_type=\"divider.default\">\n\t\t\t\t<div class=\"elementor-widget-container\">\n\t\t\t\t\t\t\t<div class=\"elementor-divider\">\n\t\t\t<span class=\"elementor-divider-separator\">\n\t\t\t\t\t\t<\/span>\n\t\t<\/div>\n\t\t\t\t\t\t<\/div>\n\t\t\t\t<\/div>\n\t\t\t\t<div class=\"elementor-element elementor-element-5bb2e7b5 elementor-widget elementor-widget-heading\" data-id=\"5bb2e7b5\" data-element_type=\"widget\" data-widget_type=\"heading.default\">\n\t\t\t\t<div class=\"elementor-widget-container\">\n\t\t\t\t\t<h2 class=\"elementor-heading-title elementor-size-default\">KR\u0112SLA ELEMENTU MATERI\u0100LI<\/h2>\t\t\t\t<\/div>\n\t\t\t\t<\/div>\n\t\t\t\t<div class=\"elementor-element elementor-element-4b4b8956 elementor-widget elementor-widget-image\" data-id=\"4b4b8956\" data-element_type=\"widget\" data-widget_type=\"image.default\">\n\t\t\t\t<div class=\"elementor-widget-container\">\n\t\t\t\t\t\t\t\t\t\t\t\t\t\t\t<img decoding=\"async\" width=\"1000\" height=\"501\" src=\"https:\/\/moozapro.com\/wp-content\/uploads\/2025\/07\/Screenshot-2025-07-16-at-11.49.22-1000x501.png\" class=\"attachment-large size-large wp-image-30395\" alt=\"\" srcset=\"https:\/\/moozapro.com\/wp-content\/uploads\/2025\/07\/Screenshot-2025-07-16-at-11.49.22-1000x501.png 1000w, https:\/\/moozapro.com\/wp-content\/uploads\/2025\/07\/Screenshot-2025-07-16-at-11.49.22-750x376.png 750w, https:\/\/moozapro.com\/wp-content\/uploads\/2025\/07\/Screenshot-2025-07-16-at-11.49.22-1536x770.png 1536w, https:\/\/moozapro.com\/wp-content\/uploads\/2025\/07\/Screenshot-2025-07-16-at-11.49.22-2048x1027.png 2048w\" sizes=\"(max-width: 1000px) 100vw, 1000px\" \/>\t\t\t\t\t\t\t\t\t\t\t\t\t\t\t<\/div>\n\t\t\t\t<\/div>\n\t\t\t\t\t<\/div>\n\t\t\t\t<\/div>\n\t\t<div class=\"elementor-element elementor-element-3ba9b13e e-flex e-con-boxed kitify-col-width-auto-no ignore-docs-style-no kitify-disable-relative-no e-root-container elementor-top-section e-con e-parent\" data-id=\"3ba9b13e\" data-element_type=\"container\">\n\t\t\t\t\t<div class=\"e-con-inner\">\n\t\t\t\t<div class=\"elementor-element elementor-element-3abd247f elementor-widget elementor-widget-text-editor\" data-id=\"3abd247f\" data-element_type=\"widget\" data-widget_type=\"text-editor.default\">\n\t\t\t\t<div class=\"elementor-widget-container\">\n\t\t\t\t\t\t\t\t\t<p>M\u0112BELES TIEK IZGATAVOTAS ATBILSTO\u0160I J\u016aSU INDIVIDU\u0100LAJ\u0100M PRAS\u012aB\u0100M (PAMATNE, \u0100DA UN DETA\u013bAS).  <\/p><p>RA\u017dO\u0160ANA UN PIEG\u0100DE VAR ILGT L\u012aDZ 8 NED\u0112\u013b\u0100M.  <\/p>\t\t\t\t\t\t\t\t<\/div>\n\t\t\t\t<\/div>\n\t\t\t\t\t<\/div>\n\t\t\t\t<\/div>\n\t\t\t\t<\/div>\n\t\t","protected":false},"excerpt":{"rendered":"<p>Par produktu Kai, galvenais elements, kas apvieno koka deta\u013cu harmoniju ar m\u016bsdien\u012bgu stilu, pie\u0161\u0137ir friz\u0113tavas dekoram est\u0113tisku eleganci. DETA\u013bU SKAISTUMU AR DA\u017dIEM Atkl\u0101jiet eleganci, ko sniedz komforta un koka deta\u013cu kombin\u0101cija. KR\u0112SLU PAMAT\u0145U FORMAS UN CENAS KR\u0112SLU MATERI\u0100LU KR\u0100SAS UN TEKST\u016aRA KR\u0112SLA ELEMENTU MATERI\u0100LI M\u0112BELES TIEK IZGATAVOTAS ATBILSTO\u0160I J\u016aSU INDIVIDU\u0100LAJ\u0100M PRAS\u012aB\u0100M (PAMATNE, \u0100DA UN DETA\u013bAS). RA\u017dO\u0160ANA UN PIEG\u0100DE VAR ILGT\u2026<\/p>\n","protected":false},"featured_media":25432,"comment_status":"open","ping_status":"closed","template":"","meta":[],"product_brand":[],"product_cat":[746],"product_tag":[],"class_list":{"0":"post-31123","1":"product","2":"type-product","3":"status-publish","4":"has-post-thumbnail","6":"product_cat-frizieru-kresli","8":"first","9":"instock","10":"taxable","11":"shipping-taxable","12":"purchasable","13":"product-type-simple"},"yoast_head":"<!-- This site is optimized with the Yoast SEO plugin v26.3 - https:\/\/yoast.com\/wordpress\/plugins\/seo\/ -->\n<title>Kai-Rl Kr\u0101su friziera kr\u0113sls | Mooza Pro<\/title>\n<meta name=\"robots\" content=\"index, follow, max-snippet:-1, max-image-preview:large, max-video-preview:-1\" \/>\n<link rel=\"canonical\" href=\"https:\/\/moozapro.com\/lv\/produktas\/kai-rl-krasu-friziera-kresls\/\" \/>\n<meta property=\"og:locale\" content=\"lv_LV\" \/>\n<meta property=\"og:type\" content=\"article\" \/>\n<meta property=\"og:title\" content=\"Kai-Rl Kr\u0101su friziera kr\u0113sls | Mooza Pro\" \/>\n<meta property=\"og:description\" content=\"Par produktu Kai, galvenais elements, kas apvieno koka deta\u013cu harmoniju ar m\u016bsdien\u012bgu stilu, pie\u0161\u0137ir friz\u0113tavas dekoram est\u0113tisku eleganci. DETA\u013bU SKAISTUMU AR DA\u017dIEM Atkl\u0101jiet eleganci, ko sniedz komforta un koka deta\u013cu kombin\u0101cija. KR\u0112SLU PAMAT\u0145U FORMAS UN CENAS KR\u0112SLU MATERI\u0100LU KR\u0100SAS UN TEKST\u016aRA KR\u0112SLA ELEMENTU MATERI\u0100LI M\u0112BELES TIEK IZGATAVOTAS ATBILSTO\u0160I J\u016aSU INDIVIDU\u0100LAJ\u0100M PRAS\u012aB\u0100M (PAMATNE, \u0100DA UN DETA\u013bAS). RA\u017dO\u0160ANA UN PIEG\u0100DE VAR ILGT\u2026\" \/>\n<meta property=\"og:url\" content=\"https:\/\/moozapro.com\/lv\/produktas\/kai-rl-krasu-friziera-kresls\/\" \/>\n<meta property=\"og:site_name\" content=\"Mooza Pro\" \/>\n<meta property=\"article:publisher\" content=\"https:\/\/www.facebook.com\/moozabeauty\" \/>\n<meta property=\"article:modified_time\" content=\"2026-03-23T10:53:29+00:00\" \/>\n<meta property=\"og:image\" content=\"https:\/\/moozapro.com\/wp-content\/uploads\/2025\/07\/tr_TR-51.jpg\" \/>\n\t<meta property=\"og:image:width\" content=\"1100\" \/>\n\t<meta property=\"og:image:height\" content=\"1100\" \/>\n\t<meta property=\"og:image:type\" content=\"image\/jpeg\" \/>\n<meta name=\"twitter:card\" content=\"summary_large_image\" \/>\n<script type=\"application\/ld+json\" class=\"yoast-schema-graph\">{\"@context\":\"https:\/\/schema.org\",\"@graph\":[{\"@type\":\"WebPage\",\"@id\":\"https:\/\/moozapro.com\/lv\/produktas\/kai-rl-krasu-friziera-kresls\/\",\"url\":\"https:\/\/moozapro.com\/lv\/produktas\/kai-rl-krasu-friziera-kresls\/\",\"name\":\"Kai-Rl Kr\u0101su friziera kr\u0113sls | Mooza Pro\",\"isPartOf\":{\"@id\":\"https:\/\/moozapro.com\/lv\/#website\"},\"primaryImageOfPage\":{\"@id\":\"https:\/\/moozapro.com\/lv\/produktas\/kai-rl-krasu-friziera-kresls\/#primaryimage\"},\"image\":{\"@id\":\"https:\/\/moozapro.com\/lv\/produktas\/kai-rl-krasu-friziera-kresls\/#primaryimage\"},\"thumbnailUrl\":\"https:\/\/moozapro.com\/wp-content\/uploads\/2025\/07\/tr_TR-51.jpg\",\"datePublished\":\"2025-07-23T20:07:28+00:00\",\"dateModified\":\"2026-03-23T10:53:29+00:00\",\"breadcrumb\":{\"@id\":\"https:\/\/moozapro.com\/lv\/produktas\/kai-rl-krasu-friziera-kresls\/#breadcrumb\"},\"inLanguage\":\"lv-LV\",\"potentialAction\":[{\"@type\":\"ReadAction\",\"target\":[\"https:\/\/moozapro.com\/lv\/produktas\/kai-rl-krasu-friziera-kresls\/\"]}]},{\"@type\":\"ImageObject\",\"inLanguage\":\"lv-LV\",\"@id\":\"https:\/\/moozapro.com\/lv\/produktas\/kai-rl-krasu-friziera-kresls\/#primaryimage\",\"url\":\"https:\/\/moozapro.com\/wp-content\/uploads\/2025\/07\/tr_TR-51.jpg\",\"contentUrl\":\"https:\/\/moozapro.com\/wp-content\/uploads\/2025\/07\/tr_TR-51.jpg\",\"width\":1100,\"height\":1100},{\"@type\":\"BreadcrumbList\",\"@id\":\"https:\/\/moozapro.com\/lv\/produktas\/kai-rl-krasu-friziera-kresls\/#breadcrumb\",\"itemListElement\":[{\"@type\":\"ListItem\",\"position\":1,\"name\":\"Galvenais\",\"item\":\"https:\/\/moozapro.com\/lv\/\"},{\"@type\":\"ListItem\",\"position\":2,\"name\":\"Visi produkti\",\"item\":\"https:\/\/moozapro.com\/lv\/shop\/\"},{\"@type\":\"ListItem\",\"position\":3,\"name\":\"Kai-Rl Kr\u0101su friziera kr\u0113sls\"}]},{\"@type\":\"WebSite\",\"@id\":\"https:\/\/moozapro.com\/lv\/#website\",\"url\":\"https:\/\/moozapro.com\/lv\/\",\"name\":\"Mooza Pro\",\"description\":\"Priemon\u0117s j\u016bs\u0173 plaukams\",\"publisher\":{\"@id\":\"https:\/\/moozapro.com\/lv\/#organization\"},\"potentialAction\":[{\"@type\":\"SearchAction\",\"target\":{\"@type\":\"EntryPoint\",\"urlTemplate\":\"https:\/\/moozapro.com\/lv\/?s={search_term_string}\"},\"query-input\":{\"@type\":\"PropertyValueSpecification\",\"valueRequired\":true,\"valueName\":\"search_term_string\"}}],\"inLanguage\":\"lv-LV\"},{\"@type\":\"Organization\",\"@id\":\"https:\/\/moozapro.com\/lv\/#organization\",\"name\":\"Mooza Pro\",\"url\":\"https:\/\/moozapro.com\/lv\/\",\"logo\":{\"@type\":\"ImageObject\",\"inLanguage\":\"lv-LV\",\"@id\":\"https:\/\/moozapro.com\/lv\/#\/schema\/logo\/image\/\",\"url\":\"https:\/\/moozapro.com\/wp-content\/uploads\/2023\/11\/Mooza-Pro-mazas-logo.png\",\"contentUrl\":\"https:\/\/moozapro.com\/wp-content\/uploads\/2023\/11\/Mooza-Pro-mazas-logo.png\",\"width\":250,\"height\":103,\"caption\":\"Mooza Pro\"},\"image\":{\"@id\":\"https:\/\/moozapro.com\/lv\/#\/schema\/logo\/image\/\"},\"sameAs\":[\"https:\/\/www.facebook.com\/moozabeauty\"]}]}<\/script>\n<!-- \/ Yoast SEO plugin. -->","yoast_head_json":{"title":"Kai-Rl Kr\u0101su friziera kr\u0113sls | Mooza Pro","robots":{"index":"index","follow":"follow","max-snippet":"max-snippet:-1","max-image-preview":"max-image-preview:large","max-video-preview":"max-video-preview:-1"},"canonical":"https:\/\/moozapro.com\/lv\/produktas\/kai-rl-krasu-friziera-kresls\/","og_locale":"lv_LV","og_type":"article","og_title":"Kai-Rl Kr\u0101su friziera kr\u0113sls | Mooza Pro","og_description":"Par produktu Kai, galvenais elements, kas apvieno koka deta\u013cu harmoniju ar m\u016bsdien\u012bgu stilu, pie\u0161\u0137ir friz\u0113tavas dekoram est\u0113tisku eleganci. DETA\u013bU SKAISTUMU AR DA\u017dIEM Atkl\u0101jiet eleganci, ko sniedz komforta un koka deta\u013cu kombin\u0101cija. KR\u0112SLU PAMAT\u0145U FORMAS UN CENAS KR\u0112SLU MATERI\u0100LU KR\u0100SAS UN TEKST\u016aRA KR\u0112SLA ELEMENTU MATERI\u0100LI M\u0112BELES TIEK IZGATAVOTAS ATBILSTO\u0160I J\u016aSU INDIVIDU\u0100LAJ\u0100M PRAS\u012aB\u0100M (PAMATNE, \u0100DA UN DETA\u013bAS). RA\u017dO\u0160ANA UN PIEG\u0100DE VAR ILGT\u2026","og_url":"https:\/\/moozapro.com\/lv\/produktas\/kai-rl-krasu-friziera-kresls\/","og_site_name":"Mooza Pro","article_publisher":"https:\/\/www.facebook.com\/moozabeauty","article_modified_time":"2026-03-23T10:53:29+00:00","og_image":[{"width":1100,"height":1100,"url":"https:\/\/moozapro.com\/wp-content\/uploads\/2025\/07\/tr_TR-51.jpg","type":"image\/jpeg"}],"twitter_card":"summary_large_image","schema":{"@context":"https:\/\/schema.org","@graph":[{"@type":"WebPage","@id":"https:\/\/moozapro.com\/lv\/produktas\/kai-rl-krasu-friziera-kresls\/","url":"https:\/\/moozapro.com\/lv\/produktas\/kai-rl-krasu-friziera-kresls\/","name":"Kai-Rl Kr\u0101su friziera kr\u0113sls | Mooza Pro","isPartOf":{"@id":"https:\/\/moozapro.com\/lv\/#website"},"primaryImageOfPage":{"@id":"https:\/\/moozapro.com\/lv\/produktas\/kai-rl-krasu-friziera-kresls\/#primaryimage"},"image":{"@id":"https:\/\/moozapro.com\/lv\/produktas\/kai-rl-krasu-friziera-kresls\/#primaryimage"},"thumbnailUrl":"https:\/\/moozapro.com\/wp-content\/uploads\/2025\/07\/tr_TR-51.jpg","datePublished":"2025-07-23T20:07:28+00:00","dateModified":"2026-03-23T10:53:29+00:00","breadcrumb":{"@id":"https:\/\/moozapro.com\/lv\/produktas\/kai-rl-krasu-friziera-kresls\/#breadcrumb"},"inLanguage":"lv-LV","potentialAction":[{"@type":"ReadAction","target":["https:\/\/moozapro.com\/lv\/produktas\/kai-rl-krasu-friziera-kresls\/"]}]},{"@type":"ImageObject","inLanguage":"lv-LV","@id":"https:\/\/moozapro.com\/lv\/produktas\/kai-rl-krasu-friziera-kresls\/#primaryimage","url":"https:\/\/moozapro.com\/wp-content\/uploads\/2025\/07\/tr_TR-51.jpg","contentUrl":"https:\/\/moozapro.com\/wp-content\/uploads\/2025\/07\/tr_TR-51.jpg","width":1100,"height":1100},{"@type":"BreadcrumbList","@id":"https:\/\/moozapro.com\/lv\/produktas\/kai-rl-krasu-friziera-kresls\/#breadcrumb","itemListElement":[{"@type":"ListItem","position":1,"name":"Galvenais","item":"https:\/\/moozapro.com\/lv\/"},{"@type":"ListItem","position":2,"name":"Visi produkti","item":"https:\/\/moozapro.com\/lv\/shop\/"},{"@type":"ListItem","position":3,"name":"Kai-Rl Kr\u0101su friziera kr\u0113sls"}]},{"@type":"WebSite","@id":"https:\/\/moozapro.com\/lv\/#website","url":"https:\/\/moozapro.com\/lv\/","name":"Mooza Pro","description":"Priemon\u0117s j\u016bs\u0173 plaukams","publisher":{"@id":"https:\/\/moozapro.com\/lv\/#organization"},"potentialAction":[{"@type":"SearchAction","target":{"@type":"EntryPoint","urlTemplate":"https:\/\/moozapro.com\/lv\/?s={search_term_string}"},"query-input":{"@type":"PropertyValueSpecification","valueRequired":true,"valueName":"search_term_string"}}],"inLanguage":"lv-LV"},{"@type":"Organization","@id":"https:\/\/moozapro.com\/lv\/#organization","name":"Mooza Pro","url":"https:\/\/moozapro.com\/lv\/","logo":{"@type":"ImageObject","inLanguage":"lv-LV","@id":"https:\/\/moozapro.com\/lv\/#\/schema\/logo\/image\/","url":"https:\/\/moozapro.com\/wp-content\/uploads\/2023\/11\/Mooza-Pro-mazas-logo.png","contentUrl":"https:\/\/moozapro.com\/wp-content\/uploads\/2023\/11\/Mooza-Pro-mazas-logo.png","width":250,"height":103,"caption":"Mooza Pro"},"image":{"@id":"https:\/\/moozapro.com\/lv\/#\/schema\/logo\/image\/"},"sameAs":["https:\/\/www.facebook.com\/moozabeauty"]}]}},"_links":{"self":[{"href":"https:\/\/moozapro.com\/lv\/wp-json\/wp\/v2\/product\/31123","targetHints":{"allow":["GET"]}}],"collection":[{"href":"https:\/\/moozapro.com\/lv\/wp-json\/wp\/v2\/product"}],"about":[{"href":"https:\/\/moozapro.com\/lv\/wp-json\/wp\/v2\/types\/product"}],"replies":[{"embeddable":true,"href":"https:\/\/moozapro.com\/lv\/wp-json\/wp\/v2\/comments?post=31123"}],"version-history":[{"count":2,"href":"https:\/\/moozapro.com\/lv\/wp-json\/wp\/v2\/product\/31123\/revisions"}],"predecessor-version":[{"id":41503,"href":"https:\/\/moozapro.com\/lv\/wp-json\/wp\/v2\/product\/31123\/revisions\/41503"}],"wp:featuredmedia":[{"embeddable":true,"href":"https:\/\/moozapro.com\/lv\/wp-json\/wp\/v2\/media\/25432"}],"wp:attachment":[{"href":"https:\/\/moozapro.com\/lv\/wp-json\/wp\/v2\/media?parent=31123"}],"wp:term":[{"taxonomy":"product_brand","embeddable":true,"href":"https:\/\/moozapro.com\/lv\/wp-json\/wp\/v2\/product_brand?post=31123"},{"taxonomy":"product_cat","embeddable":true,"href":"https:\/\/moozapro.com\/lv\/wp-json\/wp\/v2\/product_cat?post=31123"},{"taxonomy":"product_tag","embeddable":true,"href":"https:\/\/moozapro.com\/lv\/wp-json\/wp\/v2\/product_tag?post=31123"}],"curies":[{"name":"wp","href":"https:\/\/api.w.org\/{rel}","templated":true}]}}