{"id":40810,"date":"2025-11-19T12:47:19","date_gmt":"2025-11-19T10:47:19","guid":{"rendered":"https:\/\/moozapro.com\/produktas\/eteriska-esence-adas-lidzsvara-veicinasanai\/"},"modified":"2026-04-27T15:20:04","modified_gmt":"2026-04-27T12:20:04","slug":"eteriska-esence-adas-lidzsvara-veicinasanai","status":"publish","type":"product","link":"https:\/\/moozapro.com\/lv\/produktas\/eteriska-esence-adas-lidzsvara-veicinasanai\/","title":{"rendered":"\u0112terisk\u0101 esence \u0101das l\u012bdzsvara veicin\u0101\u0161anai"},"content":{"rendered":"\t\t<div data-elementor-type=\"product-post\" data-elementor-id=\"40810\" class=\"elementor elementor-40810 elementor-40794\" data-elementor-post-type=\"product\">\n\t\t\t\t<div class=\"elementor-element elementor-element-15c4e53c e-flex e-con-boxed kitify-col-width-auto-no ignore-docs-style-no kitify-disable-relative-no e-root-container elementor-top-section e-con e-parent\" data-id=\"15c4e53c\" data-element_type=\"container\" data-e-type=\"container\">\n\t\t\t\t\t<div class=\"e-con-inner\">\n\t\t<div class=\"elementor-element elementor-element-78fa0080 e-con-full e-flex kitify-col-width-auto-no ignore-docs-style-no kitify-disable-relative-no e-con e-child\" data-id=\"78fa0080\" data-element_type=\"container\" data-e-type=\"container\" data-settings=\"{&quot;background_background&quot;:&quot;classic&quot;}\">\n\t\t\t\t<div class=\"elementor-element elementor-element-66559f14 elementor-widget elementor-widget-image\" data-id=\"66559f14\" data-element_type=\"widget\" data-e-type=\"widget\" data-widget_type=\"image.default\">\n\t\t\t\t<div class=\"elementor-widget-container\">\n\t\t\t\t\t\t\t\t\t\t\t\t\t\t\t<img fetchpriority=\"high\" decoding=\"async\" width=\"1707\" height=\"2560\" src=\"https:\/\/moozapro.com\/wp-content\/uploads\/2025\/08\/DSC_9130-scaled.jpg\" class=\"attachment-full size-full wp-image-40303\" alt=\"\" srcset=\"https:\/\/moozapro.com\/wp-content\/uploads\/2025\/08\/DSC_9130-scaled.jpg 1707w, https:\/\/moozapro.com\/wp-content\/uploads\/2025\/08\/DSC_9130-667x1000.jpg 667w, https:\/\/moozapro.com\/wp-content\/uploads\/2025\/08\/DSC_9130-1024x1536.jpg 1024w, https:\/\/moozapro.com\/wp-content\/uploads\/2025\/08\/DSC_9130-1365x2048.jpg 1365w, https:\/\/moozapro.com\/wp-content\/uploads\/2025\/08\/DSC_9130-1000x1500.jpg 1000w\" sizes=\"(max-width: 1707px) 100vw, 1707px\" \/>\t\t\t\t\t\t\t\t\t\t\t\t\t\t\t<\/div>\n\t\t\t\t<\/div>\n\t\t\t\t<\/div>\n\t\t<div class=\"elementor-element elementor-element-3f7c40f3 e-con-full e-flex kitify-col-width-auto-no ignore-docs-style-no kitify-disable-relative-no e-con e-child\" data-id=\"3f7c40f3\" data-element_type=\"container\" data-e-type=\"container\">\n\t\t\t\t<div class=\"elementor-element elementor-element-3ab062eb elementor-widget elementor-widget-heading\" data-id=\"3ab062eb\" data-element_type=\"widget\" data-e-type=\"widget\" data-widget_type=\"heading.default\">\n\t\t\t\t<div class=\"elementor-widget-container\">\n\t\t\t\t\t<h2 class=\"elementor-heading-title elementor-size-default\">Galvas \u0101das kop\u0161anas esence taukainai, \u0101tri savelko\u0161ai galvas \u0101dai&gt; Esence stimul\u0113, nomierina un uztur \u0101das l\u012bdzsvaru.<\/h2>\t\t\t\t<\/div>\n\t\t\t\t<\/div>\n\t\t\t\t<div class=\"elementor-element elementor-element-6ed1daf7 elementor-widget-divider--view-line elementor-widget elementor-widget-divider\" data-id=\"6ed1daf7\" data-element_type=\"widget\" data-e-type=\"widget\" data-widget_type=\"divider.default\">\n\t\t\t\t<div class=\"elementor-widget-container\">\n\t\t\t\t\t\t\t<div class=\"elementor-divider\">\n\t\t\t<span class=\"elementor-divider-separator\">\n\t\t\t\t\t\t<\/span>\n\t\t<\/div>\n\t\t\t\t\t\t<\/div>\n\t\t\t\t<\/div>\n\t\t\t\t<div class=\"elementor-element elementor-element-39092454 elementor-widget elementor-widget-spacer\" data-id=\"39092454\" data-element_type=\"widget\" data-e-type=\"widget\" data-widget_type=\"spacer.default\">\n\t\t\t\t<div class=\"elementor-widget-container\">\n\t\t\t\t\t\t\t<div class=\"elementor-spacer\">\n\t\t\t<div class=\"elementor-spacer-inner\"><\/div>\n\t\t<\/div>\n\t\t\t\t\t\t<\/div>\n\t\t\t\t<\/div>\n\t\t\t\t<div class=\"elementor-element elementor-element-2b425255 elementor-widget elementor-widget-text-editor\" data-id=\"2b425255\" data-element_type=\"widget\" data-e-type=\"widget\" data-widget_type=\"text-editor.default\">\n\t\t\t\t<div class=\"elementor-widget-container\">\n\t\t\t\t\t\t\t\t\t<h3 data-start=\"385\" data-end=\"402\">Kam<\/h3><ol data-start=\"403\" data-end=\"775\"><li data-start=\"403\" data-end=\"512\"><p data-start=\"405\" data-end=\"512\">Taukainai galvas \u0101dai ar noslieci uz strauju taukain\u012bbu.<\/p><\/li><li data-start=\"513\" data-end=\"621\"><p data-start=\"515\" data-end=\"621\">Skropst\u0101m, kas ir iekaisu\u0161as, jut\u012bgas vai ar stiep\u0161an\u0101s saj\u016btu.<\/p><\/li><li data-start=\"622\" data-end=\"775\"><p data-start=\"624\" data-end=\"775\">Tiem, kas v\u0113las saglab\u0101t galvas \u0101das dabisko l\u012bdzsvaru un regul\u0113t sebuma veido\u0161anos.<\/p><\/li><\/ol><p><strong>Darb\u012bbas\/iedarb\u012bbas\/ietekmes princips<\/strong><\/p><ul><li data-start=\"812\" data-end=\"922\"><p data-start=\"814\" data-end=\"922\">Viegla tekst\u016bra \u0101tri ies\u016bcas galvas \u0101d\u0101, nepadarot matus smagus.<\/p><\/li><li data-start=\"923\" data-end=\"1052\"><p data-start=\"925\" data-end=\"1052\">Nomierina iekaisu\u0161as vietas un mazina iekaisuma procesus.<\/p><\/li><li data-start=\"1179\" data-end=\"1309\"><p data-start=\"1181\" data-end=\"1309\">Nodro\u0161ina atsvaidzino\u0161u, vieglu atv\u0113sino\u0161u efektu.<\/p><\/li><\/ul><p> <\/p>\t\t\t\t\t\t\t\t<\/div>\n\t\t\t\t<\/div>\n\t\t\t\t<\/div>\n\t\t\t\t\t<\/div>\n\t\t\t\t<\/div>\n\t\t<div class=\"elementor-element elementor-element-729f39e7 e-flex e-con-boxed kitify-col-width-auto-no ignore-docs-style-no kitify-disable-relative-no e-root-container elementor-top-section e-con e-parent\" data-id=\"729f39e7\" data-element_type=\"container\" data-e-type=\"container\">\n\t\t\t\t\t<div class=\"e-con-inner\">\n\t\t<div class=\"elementor-element elementor-element-589ea19d e-con-full e-flex kitify-col-width-auto-no ignore-docs-style-no kitify-disable-relative-no e-con e-child\" data-id=\"589ea19d\" data-element_type=\"container\" data-e-type=\"container\">\n\t\t\t\t<div class=\"elementor-element elementor-element-4d78ba3f elementor-widget elementor-widget-heading\" data-id=\"4d78ba3f\" data-element_type=\"widget\" data-e-type=\"widget\" data-widget_type=\"heading.default\">\n\t\t\t\t<div class=\"elementor-widget-container\">\n\t\t\t\t\t<h2 class=\"elementor-heading-title elementor-size-default\">Lieto\u0161ana, Sast\u0101vda\u013cas un rezult\u0101ts<\/h2>\t\t\t\t<\/div>\n\t\t\t\t<\/div>\n\t\t\t\t<div class=\"elementor-element elementor-element-59bf5fb2 elementor-widget-divider--view-line elementor-widget elementor-widget-divider\" data-id=\"59bf5fb2\" data-element_type=\"widget\" data-e-type=\"widget\" data-widget_type=\"divider.default\">\n\t\t\t\t<div class=\"elementor-widget-container\">\n\t\t\t\t\t\t\t<div class=\"elementor-divider\">\n\t\t\t<span class=\"elementor-divider-separator\">\n\t\t\t\t\t\t<\/span>\n\t\t<\/div>\n\t\t\t\t\t\t<\/div>\n\t\t\t\t<\/div>\n\t\t\t\t<div class=\"elementor-element elementor-element-2a3b227a elementor-widget elementor-widget-spacer\" data-id=\"2a3b227a\" data-element_type=\"widget\" data-e-type=\"widget\" data-widget_type=\"spacer.default\">\n\t\t\t\t<div class=\"elementor-widget-container\">\n\t\t\t\t\t\t\t<div class=\"elementor-spacer\">\n\t\t\t<div class=\"elementor-spacer-inner\"><\/div>\n\t\t<\/div>\n\t\t\t\t\t\t<\/div>\n\t\t\t\t<\/div>\n\t\t\t\t<div class=\"elementor-element elementor-element-6aa2114f elementor-widget elementor-widget-text-editor\" data-id=\"6aa2114f\" data-element_type=\"widget\" data-e-type=\"widget\" data-widget_type=\"text-editor.default\">\n\t\t\t\t<div class=\"elementor-widget-container\">\n\t\t\t\t\t\t\t\t\t<h3 data-start=\"1311\" data-end=\"1342\">Galven\u0101s sast\u0101vda\u013cas<\/h3><ul data-start=\"1343\" data-end=\"1900\"><li data-start=\"1343\" data-end=\"1412\"><p data-start=\"1345\" data-end=\"1412\">Veg\u0101nu formula, bez parab\u0113niem.  <\/p><\/li><li data-start=\"1413\" data-end=\"1728\"><p data-start=\"1415\" data-end=\"1728\">Sast\u0101vs: AQUA, PEG-40 HIDROGEN\u0112TA KAZTORA E\u013b\u013b\u013bA, BUTANEDIOLS, GLYCERIN, MANNITOL, TETRASELMIS SUECICA EXTRACT, SODIUM BENZOATE, LACTIC ACID (INCIDENTAL), POTASSIUM SORBATE, PHOENOXYETHANOL, RHAMNOSE, ALLANTOIN, PANTHENOL, MENTHOL, EUCALYPTUS GLOBULUS LEAF OIL utt.<\/p><\/li><li data-start=\"1413\" data-end=\"1728\"><p data-start=\"1415\" data-end=\"1728\">Formula ir v\u0113rsta uz galvas \u0101das l\u012bdzsvaro\u0161anu un sebuma veido\u0161an\u0101s regul\u0113\u0161anu.<\/p><\/li><\/ul><h3 data-start=\"1902\" data-end=\"1929\">Lieto\u0161anas instrukcija<\/h3><ol data-start=\"1930\" data-end=\"2391\"><li data-start=\"1930\" data-end=\"2049\"><p data-start=\"1933\" data-end=\"2049\">Izsmidziniet pietiekamu daudzumu esences uz mitras vai sausas galvas \u0101das.<\/p><\/li><li data-start=\"2050\" data-end=\"2160\"><p data-start=\"2053\" data-end=\"2160\">Maigi iemas\u0113jiet galvas \u0101d\u0101, l\u012bdz piln\u012bb\u0101 ies\u016bcas.<\/p><\/li><li data-start=\"2161\" data-end=\"2282\"><p data-start=\"2164\" data-end=\"2282\">Iz\u0137emm\u0113jiet matus; <strong data-start=\"2204\" data-end=\"2216\">nav nepiecie\u0161ams<\/strong> izskalot esenci, vienk\u0101r\u0161i atst\u0101jiet to.<\/p><\/li><li data-start=\"2283\" data-end=\"2391\"><p data-start=\"2286\" data-end=\"2391\">Var lietot katru dienu vai starp mazg\u0101\u0161anas reiz\u0113m.<\/p><\/li><\/ol><h3 data-start=\"2893\" data-end=\"2917\">Rezult\u0101tu gaidas<\/h3><p data-start=\"2918\" data-end=\"3122\">Regul\u0101ra lieto\u0161ana pal\u012bdz uztur\u0113t vesel\u012bgu galvas \u0101du - samazin\u0101s liekais sebums, izz\u016bd diskomforts un izstiep\u0161an\u0101s, \u0101da j\u016btas l\u012bdzsvarota, un mati paliek viegli, svaigi un kopti.<\/p><p> <\/p>\t\t\t\t\t\t\t\t<\/div>\n\t\t\t\t<\/div>\n\t\t\t\t<div class=\"elementor-element elementor-element-22d222b5 elementor-widget elementor-widget-spacer\" data-id=\"22d222b5\" data-element_type=\"widget\" data-e-type=\"widget\" data-widget_type=\"spacer.default\">\n\t\t\t\t<div class=\"elementor-widget-container\">\n\t\t\t\t\t\t\t<div class=\"elementor-spacer\">\n\t\t\t<div class=\"elementor-spacer-inner\"><\/div>\n\t\t<\/div>\n\t\t\t\t\t\t<\/div>\n\t\t\t\t<\/div>\n\t\t\t\t<\/div>\n\t\t<div class=\"elementor-element elementor-element-5a59138f e-con-full e-flex kitify-col-width-auto-no ignore-docs-style-no kitify-disable-relative-no e-con e-child\" data-id=\"5a59138f\" data-element_type=\"container\" data-e-type=\"container\">\n\t\t\t\t<div class=\"elementor-element elementor-element-11f3a1db elementor-widget elementor-widget-image\" data-id=\"11f3a1db\" data-element_type=\"widget\" data-e-type=\"widget\" data-widget_type=\"image.default\">\n\t\t\t\t<div class=\"elementor-widget-container\">\n\t\t\t\t\t\t\t\t\t\t\t\t\t\t\t<img decoding=\"async\" width=\"1200\" height=\"1200\" src=\"https:\/\/moozapro.com\/wp-content\/uploads\/2025\/11\/How_to_1x1.jpg\" class=\"attachment-full size-full wp-image-40812\" alt=\"\" srcset=\"https:\/\/moozapro.com\/wp-content\/uploads\/2025\/11\/How_to_1x1.jpg 1200w, https:\/\/moozapro.com\/wp-content\/uploads\/2025\/11\/How_to_1x1-750x750.jpg 750w, https:\/\/moozapro.com\/wp-content\/uploads\/2025\/11\/How_to_1x1-1000x1000.jpg 1000w, https:\/\/moozapro.com\/wp-content\/uploads\/2025\/11\/How_to_1x1-1100x1100.jpg 1100w, https:\/\/moozapro.com\/wp-content\/uploads\/2025\/11\/How_to_1x1-250x250.jpg 250w, https:\/\/moozapro.com\/wp-content\/uploads\/2025\/11\/How_to_1x1-50x50.jpg 50w, https:\/\/moozapro.com\/wp-content\/uploads\/2025\/11\/How_to_1x1-100x100.jpg 100w\" sizes=\"(max-width: 1200px) 100vw, 1200px\" \/>\t\t\t\t\t\t\t\t\t\t\t\t\t\t\t<\/div>\n\t\t\t\t<\/div>\n\t\t\t\t<\/div>\n\t\t\t\t\t<\/div>\n\t\t\t\t<\/div>\n\t\t\t\t<\/div>\n\t\t","protected":false},"excerpt":{"rendered":"<p>Galvas \u0101das kop\u0161anas esence taukainai, \u0101tri savelko\u0161ai galvas \u0101dai&gt; Esence stimul\u0113, nomierina un uztur \u0101das l\u012bdzsvaru. Kam Taukainai galvas \u0101dai ar noslieci uz strauju taukain\u012bbu. Skropst\u0101m, kas ir iekaisu\u0161as, jut\u012bgas vai ar stiep\u0161an\u0101s saj\u016btu. Tiem, kas v\u0113las saglab\u0101t galvas \u0101das dabisko l\u012bdzsvaru un regul\u0113t sebuma veido\u0161anos. Darb\u012bbas\/iedarb\u012bbas\/ietekmes princips Viegla tekst\u016bra \u0101tri ies\u016bcas galvas \u0101d\u0101, nepadarot matus smagus. Nomierina iekaisu\u0161as vietas\u2026<\/p>\n","protected":false},"featured_media":40811,"comment_status":"open","ping_status":"closed","template":"","meta":[],"product_brand":[],"product_cat":[476,434,472,471],"product_tag":[],"class_list":{"0":"post-40810","1":"product","2":"type-product","3":"status-publish","4":"has-post-thumbnail","6":"product_cat-kremi-ellas-serumi-skidrumi-aerosoli","7":"product_cat-matu-kopsana","8":"product_cat-sausa-jutiga-ada","9":"product_cat-taukaina-ada","10":"yith_product_brand-newsha","12":"first","13":"instock","14":"taxable","15":"shipping-taxable","16":"purchasable","17":"product-type-simple"},"yoast_head":"<!-- This site is optimized with the Yoast SEO plugin v27.4 - https:\/\/yoast.com\/product\/yoast-seo-wordpress\/ -->\n<title>\u0112terisk\u0101 esence \u0101das l\u012bdzsvara veicin\u0101\u0161anai | Mooza Pro<\/title>\n<meta name=\"robots\" content=\"index, follow, max-snippet:-1, max-image-preview:large, max-video-preview:-1\" \/>\n<link rel=\"canonical\" href=\"https:\/\/moozapro.com\/lv\/produktas\/eteriska-esence-adas-lidzsvara-veicinasanai\/\" \/>\n<meta property=\"og:locale\" content=\"lv_LV\" \/>\n<meta property=\"og:type\" content=\"article\" \/>\n<meta property=\"og:title\" content=\"\u0112terisk\u0101 esence \u0101das l\u012bdzsvara veicin\u0101\u0161anai | Mooza Pro\" \/>\n<meta property=\"og:description\" content=\"Galvas \u0101das kop\u0161anas esence taukainai, \u0101tri savelko\u0161ai galvas \u0101dai&gt; Esence stimul\u0113, nomierina un uztur \u0101das l\u012bdzsvaru. Kam Taukainai galvas \u0101dai ar noslieci uz strauju taukain\u012bbu. Skropst\u0101m, kas ir iekaisu\u0161as, jut\u012bgas vai ar stiep\u0161an\u0101s saj\u016btu. Tiem, kas v\u0113las saglab\u0101t galvas \u0101das dabisko l\u012bdzsvaru un regul\u0113t sebuma veido\u0161anos. Darb\u012bbas\/iedarb\u012bbas\/ietekmes princips Viegla tekst\u016bra \u0101tri ies\u016bcas galvas \u0101d\u0101, nepadarot matus smagus. Nomierina iekaisu\u0161as vietas\u2026\" \/>\n<meta property=\"og:url\" content=\"https:\/\/moozapro.com\/lv\/produktas\/eteriska-esence-adas-lidzsvara-veicinasanai\/\" \/>\n<meta property=\"og:site_name\" content=\"Mooza Pro\" \/>\n<meta property=\"article:publisher\" content=\"https:\/\/www.facebook.com\/moozabeauty\" \/>\n<meta property=\"article:modified_time\" content=\"2026-04-27T12:20:04+00:00\" \/>\n<meta property=\"og:image\" content=\"https:\/\/moozapro.com\/wp-content\/uploads\/2025\/11\/NEWSHA-HEAD-SPA-STIMULATING-SCLAP-ESSENCE-OILY-SCALP-150ml-S-50218-1.jpg\" \/>\n\t<meta property=\"og:image:width\" content=\"1500\" \/>\n\t<meta property=\"og:image:height\" content=\"1500\" \/>\n\t<meta property=\"og:image:type\" content=\"image\/jpeg\" \/>\n<meta name=\"twitter:card\" content=\"summary_large_image\" \/>\n<meta name=\"twitter:label1\" content=\"Est. reading time\" \/>\n\t<meta name=\"twitter:data1\" content=\"1 minute\" \/>\n<script type=\"application\/ld+json\" class=\"yoast-schema-graph\">{\"@context\":\"https:\\\/\\\/schema.org\",\"@graph\":[{\"@type\":\"WebPage\",\"@id\":\"https:\\\/\\\/moozapro.com\\\/lv\\\/produktas\\\/eteriska-esence-adas-lidzsvara-veicinasanai\\\/\",\"url\":\"https:\\\/\\\/moozapro.com\\\/lv\\\/produktas\\\/eteriska-esence-adas-lidzsvara-veicinasanai\\\/\",\"name\":\"\u0112terisk\u0101 esence \u0101das l\u012bdzsvara veicin\u0101\u0161anai | Mooza Pro\",\"isPartOf\":{\"@id\":\"https:\\\/\\\/moozapro.com\\\/lv\\\/#website\"},\"primaryImageOfPage\":{\"@id\":\"https:\\\/\\\/moozapro.com\\\/lv\\\/produktas\\\/eteriska-esence-adas-lidzsvara-veicinasanai\\\/#primaryimage\"},\"image\":{\"@id\":\"https:\\\/\\\/moozapro.com\\\/lv\\\/produktas\\\/eteriska-esence-adas-lidzsvara-veicinasanai\\\/#primaryimage\"},\"thumbnailUrl\":\"https:\\\/\\\/moozapro.com\\\/wp-content\\\/uploads\\\/2025\\\/11\\\/NEWSHA-HEAD-SPA-STIMULATING-SCLAP-ESSENCE-OILY-SCALP-150ml-S-50218-1.jpg\",\"datePublished\":\"2025-11-19T10:47:19+00:00\",\"dateModified\":\"2026-04-27T12:20:04+00:00\",\"breadcrumb\":{\"@id\":\"https:\\\/\\\/moozapro.com\\\/lv\\\/produktas\\\/eteriska-esence-adas-lidzsvara-veicinasanai\\\/#breadcrumb\"},\"inLanguage\":\"lv-LV\",\"potentialAction\":[{\"@type\":\"ReadAction\",\"target\":[\"https:\\\/\\\/moozapro.com\\\/lv\\\/produktas\\\/eteriska-esence-adas-lidzsvara-veicinasanai\\\/\"]}]},{\"@type\":\"ImageObject\",\"inLanguage\":\"lv-LV\",\"@id\":\"https:\\\/\\\/moozapro.com\\\/lv\\\/produktas\\\/eteriska-esence-adas-lidzsvara-veicinasanai\\\/#primaryimage\",\"url\":\"https:\\\/\\\/moozapro.com\\\/wp-content\\\/uploads\\\/2025\\\/11\\\/NEWSHA-HEAD-SPA-STIMULATING-SCLAP-ESSENCE-OILY-SCALP-150ml-S-50218-1.jpg\",\"contentUrl\":\"https:\\\/\\\/moozapro.com\\\/wp-content\\\/uploads\\\/2025\\\/11\\\/NEWSHA-HEAD-SPA-STIMULATING-SCLAP-ESSENCE-OILY-SCALP-150ml-S-50218-1.jpg\",\"width\":1500,\"height\":1500},{\"@type\":\"BreadcrumbList\",\"@id\":\"https:\\\/\\\/moozapro.com\\\/lv\\\/produktas\\\/eteriska-esence-adas-lidzsvara-veicinasanai\\\/#breadcrumb\",\"itemListElement\":[{\"@type\":\"ListItem\",\"position\":1,\"name\":\"Galvenais\",\"item\":\"https:\\\/\\\/moozapro.com\\\/lv\\\/\"},{\"@type\":\"ListItem\",\"position\":2,\"name\":\"Visi produkti\",\"item\":\"https:\\\/\\\/moozapro.com\\\/lv\\\/shop\\\/\"},{\"@type\":\"ListItem\",\"position\":3,\"name\":\"\u0112terisk\u0101 esence \u0101das l\u012bdzsvara veicin\u0101\u0161anai\"}]},{\"@type\":\"WebSite\",\"@id\":\"https:\\\/\\\/moozapro.com\\\/lv\\\/#website\",\"url\":\"https:\\\/\\\/moozapro.com\\\/lv\\\/\",\"name\":\"Mooza Pro\",\"description\":\"Priemon\u0117s j\u016bs\u0173 plaukams\",\"publisher\":{\"@id\":\"https:\\\/\\\/moozapro.com\\\/lv\\\/#organization\"},\"potentialAction\":[{\"@type\":\"SearchAction\",\"target\":{\"@type\":\"EntryPoint\",\"urlTemplate\":\"https:\\\/\\\/moozapro.com\\\/lv\\\/?s={search_term_string}\"},\"query-input\":{\"@type\":\"PropertyValueSpecification\",\"valueRequired\":true,\"valueName\":\"search_term_string\"}}],\"inLanguage\":\"lv-LV\"},{\"@type\":\"Organization\",\"@id\":\"https:\\\/\\\/moozapro.com\\\/lv\\\/#organization\",\"name\":\"Mooza Pro\",\"url\":\"https:\\\/\\\/moozapro.com\\\/lv\\\/\",\"logo\":{\"@type\":\"ImageObject\",\"inLanguage\":\"lv-LV\",\"@id\":\"https:\\\/\\\/moozapro.com\\\/lv\\\/#\\\/schema\\\/logo\\\/image\\\/\",\"url\":\"https:\\\/\\\/moozapro.com\\\/wp-content\\\/uploads\\\/2023\\\/11\\\/Mooza-Pro-mazas-logo.png\",\"contentUrl\":\"https:\\\/\\\/moozapro.com\\\/wp-content\\\/uploads\\\/2023\\\/11\\\/Mooza-Pro-mazas-logo.png\",\"width\":250,\"height\":103,\"caption\":\"Mooza Pro\"},\"image\":{\"@id\":\"https:\\\/\\\/moozapro.com\\\/lv\\\/#\\\/schema\\\/logo\\\/image\\\/\"},\"sameAs\":[\"https:\\\/\\\/www.facebook.com\\\/moozabeauty\"]}]}<\/script>\n<!-- \/ Yoast SEO plugin. -->","yoast_head_json":{"title":"\u0112terisk\u0101 esence \u0101das l\u012bdzsvara veicin\u0101\u0161anai | Mooza Pro","robots":{"index":"index","follow":"follow","max-snippet":"max-snippet:-1","max-image-preview":"max-image-preview:large","max-video-preview":"max-video-preview:-1"},"canonical":"https:\/\/moozapro.com\/lv\/produktas\/eteriska-esence-adas-lidzsvara-veicinasanai\/","og_locale":"lv_LV","og_type":"article","og_title":"\u0112terisk\u0101 esence \u0101das l\u012bdzsvara veicin\u0101\u0161anai | Mooza Pro","og_description":"Galvas \u0101das kop\u0161anas esence taukainai, \u0101tri savelko\u0161ai galvas \u0101dai&gt; Esence stimul\u0113, nomierina un uztur \u0101das l\u012bdzsvaru. Kam Taukainai galvas \u0101dai ar noslieci uz strauju taukain\u012bbu. Skropst\u0101m, kas ir iekaisu\u0161as, jut\u012bgas vai ar stiep\u0161an\u0101s saj\u016btu. Tiem, kas v\u0113las saglab\u0101t galvas \u0101das dabisko l\u012bdzsvaru un regul\u0113t sebuma veido\u0161anos. Darb\u012bbas\/iedarb\u012bbas\/ietekmes princips Viegla tekst\u016bra \u0101tri ies\u016bcas galvas \u0101d\u0101, nepadarot matus smagus. Nomierina iekaisu\u0161as vietas\u2026","og_url":"https:\/\/moozapro.com\/lv\/produktas\/eteriska-esence-adas-lidzsvara-veicinasanai\/","og_site_name":"Mooza Pro","article_publisher":"https:\/\/www.facebook.com\/moozabeauty","article_modified_time":"2026-04-27T12:20:04+00:00","og_image":[{"width":1500,"height":1500,"url":"https:\/\/moozapro.com\/wp-content\/uploads\/2025\/11\/NEWSHA-HEAD-SPA-STIMULATING-SCLAP-ESSENCE-OILY-SCALP-150ml-S-50218-1.jpg","type":"image\/jpeg"}],"twitter_card":"summary_large_image","twitter_misc":{"Est. reading time":"1 minute"},"schema":{"@context":"https:\/\/schema.org","@graph":[{"@type":"WebPage","@id":"https:\/\/moozapro.com\/lv\/produktas\/eteriska-esence-adas-lidzsvara-veicinasanai\/","url":"https:\/\/moozapro.com\/lv\/produktas\/eteriska-esence-adas-lidzsvara-veicinasanai\/","name":"\u0112terisk\u0101 esence \u0101das l\u012bdzsvara veicin\u0101\u0161anai | Mooza Pro","isPartOf":{"@id":"https:\/\/moozapro.com\/lv\/#website"},"primaryImageOfPage":{"@id":"https:\/\/moozapro.com\/lv\/produktas\/eteriska-esence-adas-lidzsvara-veicinasanai\/#primaryimage"},"image":{"@id":"https:\/\/moozapro.com\/lv\/produktas\/eteriska-esence-adas-lidzsvara-veicinasanai\/#primaryimage"},"thumbnailUrl":"https:\/\/moozapro.com\/wp-content\/uploads\/2025\/11\/NEWSHA-HEAD-SPA-STIMULATING-SCLAP-ESSENCE-OILY-SCALP-150ml-S-50218-1.jpg","datePublished":"2025-11-19T10:47:19+00:00","dateModified":"2026-04-27T12:20:04+00:00","breadcrumb":{"@id":"https:\/\/moozapro.com\/lv\/produktas\/eteriska-esence-adas-lidzsvara-veicinasanai\/#breadcrumb"},"inLanguage":"lv-LV","potentialAction":[{"@type":"ReadAction","target":["https:\/\/moozapro.com\/lv\/produktas\/eteriska-esence-adas-lidzsvara-veicinasanai\/"]}]},{"@type":"ImageObject","inLanguage":"lv-LV","@id":"https:\/\/moozapro.com\/lv\/produktas\/eteriska-esence-adas-lidzsvara-veicinasanai\/#primaryimage","url":"https:\/\/moozapro.com\/wp-content\/uploads\/2025\/11\/NEWSHA-HEAD-SPA-STIMULATING-SCLAP-ESSENCE-OILY-SCALP-150ml-S-50218-1.jpg","contentUrl":"https:\/\/moozapro.com\/wp-content\/uploads\/2025\/11\/NEWSHA-HEAD-SPA-STIMULATING-SCLAP-ESSENCE-OILY-SCALP-150ml-S-50218-1.jpg","width":1500,"height":1500},{"@type":"BreadcrumbList","@id":"https:\/\/moozapro.com\/lv\/produktas\/eteriska-esence-adas-lidzsvara-veicinasanai\/#breadcrumb","itemListElement":[{"@type":"ListItem","position":1,"name":"Galvenais","item":"https:\/\/moozapro.com\/lv\/"},{"@type":"ListItem","position":2,"name":"Visi produkti","item":"https:\/\/moozapro.com\/lv\/shop\/"},{"@type":"ListItem","position":3,"name":"\u0112terisk\u0101 esence \u0101das l\u012bdzsvara veicin\u0101\u0161anai"}]},{"@type":"WebSite","@id":"https:\/\/moozapro.com\/lv\/#website","url":"https:\/\/moozapro.com\/lv\/","name":"Mooza Pro","description":"Priemon\u0117s j\u016bs\u0173 plaukams","publisher":{"@id":"https:\/\/moozapro.com\/lv\/#organization"},"potentialAction":[{"@type":"SearchAction","target":{"@type":"EntryPoint","urlTemplate":"https:\/\/moozapro.com\/lv\/?s={search_term_string}"},"query-input":{"@type":"PropertyValueSpecification","valueRequired":true,"valueName":"search_term_string"}}],"inLanguage":"lv-LV"},{"@type":"Organization","@id":"https:\/\/moozapro.com\/lv\/#organization","name":"Mooza Pro","url":"https:\/\/moozapro.com\/lv\/","logo":{"@type":"ImageObject","inLanguage":"lv-LV","@id":"https:\/\/moozapro.com\/lv\/#\/schema\/logo\/image\/","url":"https:\/\/moozapro.com\/wp-content\/uploads\/2023\/11\/Mooza-Pro-mazas-logo.png","contentUrl":"https:\/\/moozapro.com\/wp-content\/uploads\/2023\/11\/Mooza-Pro-mazas-logo.png","width":250,"height":103,"caption":"Mooza Pro"},"image":{"@id":"https:\/\/moozapro.com\/lv\/#\/schema\/logo\/image\/"},"sameAs":["https:\/\/www.facebook.com\/moozabeauty"]}]}},"_links":{"self":[{"href":"https:\/\/moozapro.com\/lv\/wp-json\/wp\/v2\/product\/40810","targetHints":{"allow":["GET"]}}],"collection":[{"href":"https:\/\/moozapro.com\/lv\/wp-json\/wp\/v2\/product"}],"about":[{"href":"https:\/\/moozapro.com\/lv\/wp-json\/wp\/v2\/types\/product"}],"replies":[{"embeddable":true,"href":"https:\/\/moozapro.com\/lv\/wp-json\/wp\/v2\/comments?post=40810"}],"version-history":[{"count":1,"href":"https:\/\/moozapro.com\/lv\/wp-json\/wp\/v2\/product\/40810\/revisions"}],"predecessor-version":[{"id":40813,"href":"https:\/\/moozapro.com\/lv\/wp-json\/wp\/v2\/product\/40810\/revisions\/40813"}],"wp:featuredmedia":[{"embeddable":true,"href":"https:\/\/moozapro.com\/lv\/wp-json\/wp\/v2\/media\/40811"}],"wp:attachment":[{"href":"https:\/\/moozapro.com\/lv\/wp-json\/wp\/v2\/media?parent=40810"}],"wp:term":[{"taxonomy":"product_brand","embeddable":true,"href":"https:\/\/moozapro.com\/lv\/wp-json\/wp\/v2\/product_brand?post=40810"},{"taxonomy":"product_cat","embeddable":true,"href":"https:\/\/moozapro.com\/lv\/wp-json\/wp\/v2\/product_cat?post=40810"},{"taxonomy":"product_tag","embeddable":true,"href":"https:\/\/moozapro.com\/lv\/wp-json\/wp\/v2\/product_tag?post=40810"}],"curies":[{"name":"wp","href":"https:\/\/api.w.org\/{rel}","templated":true}]}}