{"id":40995,"date":"2025-12-30T13:39:01","date_gmt":"2025-12-30T11:39:01","guid":{"rendered":"https:\/\/moozapro.com\/produktas\/mooza-maska-sausiem-bojatiem-matiem\/"},"modified":"2026-01-25T11:49:33","modified_gmt":"2026-01-25T09:49:33","slug":"mooza-maska-sausiem-bojatiem-matiem","status":"publish","type":"product","link":"https:\/\/moozapro.com\/lv\/produktas\/mooza-maska-sausiem-bojatiem-matiem\/","title":{"rendered":"Mooza maska sausiem - boj\u0101tiem matiem"},"content":{"rendered":"\t\t<div data-elementor-type=\"product-post\" data-elementor-id=\"40995\" class=\"elementor elementor-40995 elementor-40986\" data-elementor-post-type=\"product\">\n\t\t\t\t<div class=\"elementor-element elementor-element-21f55c07 e-flex e-con-boxed kitify-col-width-auto-no ignore-docs-style-no kitify-disable-relative-no e-root-container elementor-top-section e-con e-parent\" data-id=\"21f55c07\" data-element_type=\"container\" data-e-type=\"container\">\n\t\t\t\t\t<div class=\"e-con-inner\">\n\t\t<div class=\"elementor-element elementor-element-3addf1e4 e-con-full e-flex kitify-col-width-auto-no ignore-docs-style-no kitify-disable-relative-no e-con e-child\" data-id=\"3addf1e4\" data-element_type=\"container\" data-e-type=\"container\" data-settings=\"{&quot;background_background&quot;:&quot;classic&quot;}\">\n\t\t\t\t<div class=\"elementor-element elementor-element-78818c99 elementor-widget elementor-widget-image\" data-id=\"78818c99\" data-element_type=\"widget\" data-e-type=\"widget\" data-widget_type=\"image.default\">\n\t\t\t\t<div class=\"elementor-widget-container\">\n\t\t\t\t\t\t\t\t\t\t\t\t\t\t\t<img fetchpriority=\"high\" decoding=\"async\" width=\"1707\" height=\"2560\" src=\"https:\/\/moozapro.com\/wp-content\/uploads\/2025\/12\/IMG_8087-scaled.jpg\" class=\"attachment-full size-full wp-image-40996\" alt=\"\" srcset=\"https:\/\/moozapro.com\/wp-content\/uploads\/2025\/12\/IMG_8087-scaled.jpg 1707w, https:\/\/moozapro.com\/wp-content\/uploads\/2025\/12\/IMG_8087-667x1000.jpg 667w, https:\/\/moozapro.com\/wp-content\/uploads\/2025\/12\/IMG_8087-1024x1536.jpg 1024w, https:\/\/moozapro.com\/wp-content\/uploads\/2025\/12\/IMG_8087-1365x2048.jpg 1365w, https:\/\/moozapro.com\/wp-content\/uploads\/2025\/12\/IMG_8087-1000x1500.jpg 1000w\" sizes=\"(max-width: 1707px) 100vw, 1707px\" \/>\t\t\t\t\t\t\t\t\t\t\t\t\t\t\t<\/div>\n\t\t\t\t<\/div>\n\t\t\t\t<\/div>\n\t\t<div class=\"elementor-element elementor-element-1928c8a4 e-con-full e-flex kitify-col-width-auto-no ignore-docs-style-no kitify-disable-relative-no e-con e-child\" data-id=\"1928c8a4\" data-element_type=\"container\" data-e-type=\"container\">\n\t\t\t\t<div class=\"elementor-element elementor-element-51a1c6fc elementor-widget elementor-widget-heading\" data-id=\"51a1c6fc\" data-element_type=\"widget\" data-e-type=\"widget\" data-widget_type=\"heading.default\">\n\t\t\t\t<div class=\"elementor-widget-container\">\n\t\t\t\t\t<h2 class=\"elementor-heading-title elementor-size-default\">Sp\u0113c\u012bga, barojo\u0161a un mitrino\u0161a maska sausiem un boj\u0101tiem matiem.<\/h2>\t\t\t\t<\/div>\n\t\t\t\t<\/div>\n\t\t\t\t<div class=\"elementor-element elementor-element-3b7c5437 elementor-widget-divider--view-line elementor-widget elementor-widget-divider\" data-id=\"3b7c5437\" data-element_type=\"widget\" data-e-type=\"widget\" data-widget_type=\"divider.default\">\n\t\t\t\t<div class=\"elementor-widget-container\">\n\t\t\t\t\t\t\t<div class=\"elementor-divider\">\n\t\t\t<span class=\"elementor-divider-separator\">\n\t\t\t\t\t\t<\/span>\n\t\t<\/div>\n\t\t\t\t\t\t<\/div>\n\t\t\t\t<\/div>\n\t\t\t\t<div class=\"elementor-element elementor-element-77bc8134 elementor-widget elementor-widget-spacer\" data-id=\"77bc8134\" data-element_type=\"widget\" data-e-type=\"widget\" data-widget_type=\"spacer.default\">\n\t\t\t\t<div class=\"elementor-widget-container\">\n\t\t\t\t\t\t\t<div class=\"elementor-spacer\">\n\t\t\t<div class=\"elementor-spacer-inner\"><\/div>\n\t\t<\/div>\n\t\t\t\t\t\t<\/div>\n\t\t\t\t<\/div>\n\t\t\t\t<div class=\"elementor-element elementor-element-301541fc elementor-widget elementor-widget-text-editor\" data-id=\"301541fc\" data-element_type=\"widget\" data-e-type=\"widget\" data-widget_type=\"text-editor.default\">\n\t\t\t\t<div class=\"elementor-widget-container\">\n\t\t\t\t\t\t\t\t\t<h4 data-start=\"1625\" data-end=\"1643\"><strong data-start=\"1837\" data-end=\"1886\">Maska ir paredz\u0113ta boj\u0101tiem vai vi\u013c\u0146ainiem matiem<\/strong>, k\u0101 ar\u012b matiem ar noslieci uz p\u016bko\u0161anos.<\/h4><p data-start=\"1644\" data-end=\"1809\">Produkts:<br>\u2714\ufe0f Mitrina<br data-start=\"1692\" data-end=\"1695\">\u2714\ufe0f Baro<br data-start=\"1707\" data-end=\"1710\">\u2714\ufe0fSuteikia M\u012bksts un gluds<br data-start=\"1740\" data-end=\"1743\">\u2714\ufe0f Viegli iz\u0137emm\u0113jams<br data-start=\"1766\" data-end=\"1769\">\u2714\ufe0f Stiprina.<\/p><p data-start=\"1644\" data-end=\"1809\"><strong>IZMANTO\u0160ANA:<\/strong> P\u0113c katras matu un \u0101das mazg\u0101\u0161anas maigi nosusiniet matus un uzkl\u0101jiet Mooza masku, vienm\u0113r\u012bgi izkl\u0101jiet pa visu matu garumu (nelieciet uz \u0101das) un atst\u0101jiet uz matiem 10-15 min\u016btes, izskalojiet un nosusiniet matus. Izsmidziniet Mooza kondicionieri.   <\/p><p data-start=\"1811\" data-end=\"1925\"> <\/p>\t\t\t\t\t\t\t\t<\/div>\n\t\t\t\t<\/div>\n\t\t\t\t<\/div>\n\t\t\t\t\t<\/div>\n\t\t\t\t<\/div>\n\t\t<div class=\"elementor-element elementor-element-1343dd6c e-flex e-con-boxed kitify-col-width-auto-no ignore-docs-style-no kitify-disable-relative-no e-root-container elementor-top-section e-con e-parent\" data-id=\"1343dd6c\" data-element_type=\"container\" data-e-type=\"container\">\n\t\t\t\t\t<div class=\"e-con-inner\">\n\t\t<div class=\"elementor-element elementor-element-1967e39 e-con-full e-flex kitify-col-width-auto-no ignore-docs-style-no kitify-disable-relative-no e-con e-child\" data-id=\"1967e39\" data-element_type=\"container\" data-e-type=\"container\">\n\t\t\t\t<div class=\"elementor-element elementor-element-7768766e elementor-widget elementor-widget-heading\" data-id=\"7768766e\" data-element_type=\"widget\" data-e-type=\"widget\" data-widget_type=\"heading.default\">\n\t\t\t\t<div class=\"elementor-widget-container\">\n\t\t\t\t\t<h2 class=\"elementor-heading-title elementor-size-default\">Sast\u0101vs un iedarb\u012bba:  <\/h2>\t\t\t\t<\/div>\n\t\t\t\t<\/div>\n\t\t\t\t<div class=\"elementor-element elementor-element-18e4bfd6 elementor-widget-divider--view-line elementor-widget elementor-widget-divider\" data-id=\"18e4bfd6\" data-element_type=\"widget\" data-e-type=\"widget\" data-widget_type=\"divider.default\">\n\t\t\t\t<div class=\"elementor-widget-container\">\n\t\t\t\t\t\t\t<div class=\"elementor-divider\">\n\t\t\t<span class=\"elementor-divider-separator\">\n\t\t\t\t\t\t<\/span>\n\t\t<\/div>\n\t\t\t\t\t\t<\/div>\n\t\t\t\t<\/div>\n\t\t\t\t<div class=\"elementor-element elementor-element-14112920 elementor-widget elementor-widget-spacer\" data-id=\"14112920\" data-element_type=\"widget\" data-e-type=\"widget\" data-widget_type=\"spacer.default\">\n\t\t\t\t<div class=\"elementor-widget-container\">\n\t\t\t\t\t\t\t<div class=\"elementor-spacer\">\n\t\t\t<div class=\"elementor-spacer-inner\"><\/div>\n\t\t<\/div>\n\t\t\t\t\t\t<\/div>\n\t\t\t\t<\/div>\n\t\t\t\t<div class=\"elementor-element elementor-element-5e5379c0 elementor-widget elementor-widget-text-editor\" data-id=\"5e5379c0\" data-element_type=\"widget\" data-e-type=\"widget\" data-widget_type=\"text-editor.default\">\n\t\t\t\t<div class=\"elementor-widget-container\">\n\t\t\t\t\t\t\t\t\t<p data-start=\"172\" data-end=\"289\"><strong data-start=\"172\" data-end=\"192\">Cetearilspirts<\/strong> - &#8220;labais\" tauku spirts. M\u012bkstina matus, padara tos glud\u0101kus un viegl\u0101k \u0137emm\u0113jamus. <\/p><p data-start=\"291\" data-end=\"417\"><strong data-start=\"291\" data-end=\"344\">Butyrospermum Parkii sviests (\u0161\u012b sviests)<\/strong> - intens\u012bvi baro, mitrina, aizsarg\u0101 pret l\u016b\u0161anu un pie\u0161\u0137ir maigumu.<\/p><p data-start=\"419\" data-end=\"501\"><strong data-start=\"419\" data-end=\"435\">Decil ole\u0101ts<\/strong> - viegla m\u012bkstino\u0161a viela, m\u012bkstina matus un pie\u0161\u0137ir z\u012bdainu saj\u016btu.<\/p><p data-start=\"503\" data-end=\"615\"><strong data-start=\"503\" data-end=\"539\">Tokoferila acet\u0101ts (E vitam\u012bns)<\/strong> - antioksidants, aizsarg\u0101 matus no apk\u0101rt\u0113j\u0101s vides iedarb\u012bbas un uztur matu vesel\u012bbu.<\/p><p data-start=\"617\" data-end=\"735\"><strong data-start=\"617\" data-end=\"674\">Hidroliz\u0113ts r\u012bsu prote\u012bns<\/strong> - stiprina matu strukt\u016bru, pie\u0161\u0137ir apjomu un elast\u012bbu.<\/p><p data-start=\"737\" data-end=\"857\"><strong data-start=\"737\" data-end=\"786\">Adansonia Digitata Seed Oil (Baobaba e\u013c\u013ca)<\/strong> - baro, mitrina, pie\u0161\u0137ir sp\u012bdumu un pal\u012bdz samazin\u0101t sprogas.<\/p><p data-start=\"859\" data-end=\"959\"><strong data-start=\"859\" data-end=\"902\">Persea Gratissima e\u013c\u013ca (avokado e\u013c\u013ca)<\/strong> - bag\u0101ta ar tauksk\u0101b\u0113m, dzi\u013ci barojo\u0161a un sp\u0113cino\u0161a.<\/p><p data-start=\"961\" data-end=\"1029\"><strong data-start=\"961\" data-end=\"991\">Rap\u0161u e\u013c\u013ca (rap\u0161u e\u013c\u013ca)<\/strong> - m\u012bkstina, pal\u012bdz saglab\u0101t mitrumu.<\/p><p data-start=\"961\" data-end=\"1029\">\u016adens, cetearila alkohols, Butyrospermum parkii sviests, decil ole\u0101ts, tokoferilacet\u0101ts, hidroliz\u0113ts r\u012bsu prote\u012bns, Adansonia digitata s\u0113klu e\u013c\u013ca, Persea gratissima e\u013c\u013ca, Kanolas e\u013c\u013ca, parfum, piensk\u0101be, Cetrimonija hlor\u012bds, fenoksietanols, benzilspirts, n\u0101trija dehidroacet\u0101ts, etilheksilglicer\u012bns, citronsk\u0101be, k\u0101lija sorb\u0101ts, n\u0101trija benzo\u0101ts, linalilacet\u0101ts, tetrametil acetilketahidronaftal\u012bns, acetilcedr\u0113ns<\/p><p data-start=\"961\" data-end=\"1029\"> <\/p>\t\t\t\t\t\t\t\t<\/div>\n\t\t\t\t<\/div>\n\t\t\t\t<div class=\"elementor-element elementor-element-44d221cc elementor-widget elementor-widget-spacer\" data-id=\"44d221cc\" data-element_type=\"widget\" data-e-type=\"widget\" data-widget_type=\"spacer.default\">\n\t\t\t\t<div class=\"elementor-widget-container\">\n\t\t\t\t\t\t\t<div class=\"elementor-spacer\">\n\t\t\t<div class=\"elementor-spacer-inner\"><\/div>\n\t\t<\/div>\n\t\t\t\t\t\t<\/div>\n\t\t\t\t<\/div>\n\t\t\t\t<\/div>\n\t\t<div class=\"elementor-element elementor-element-3f62afaf e-con-full e-flex kitify-col-width-auto-no ignore-docs-style-no kitify-disable-relative-no e-con e-child\" data-id=\"3f62afaf\" data-element_type=\"container\" data-e-type=\"container\">\n\t\t\t\t<div class=\"elementor-element elementor-element-2736fa52 elementor-widget elementor-widget-image\" data-id=\"2736fa52\" data-element_type=\"widget\" data-e-type=\"widget\" data-widget_type=\"image.default\">\n\t\t\t\t<div class=\"elementor-widget-container\">\n\t\t\t\t\t\t\t\t\t\t\t\t\t\t\t<img decoding=\"async\" width=\"1707\" height=\"2560\" src=\"https:\/\/moozapro.com\/wp-content\/uploads\/2025\/12\/IMG_8089-scaled.jpg\" class=\"attachment-full size-full wp-image-40979\" alt=\"\" srcset=\"https:\/\/moozapro.com\/wp-content\/uploads\/2025\/12\/IMG_8089-scaled.jpg 1707w, https:\/\/moozapro.com\/wp-content\/uploads\/2025\/12\/IMG_8089-667x1000.jpg 667w, https:\/\/moozapro.com\/wp-content\/uploads\/2025\/12\/IMG_8089-1024x1536.jpg 1024w, https:\/\/moozapro.com\/wp-content\/uploads\/2025\/12\/IMG_8089-1365x2048.jpg 1365w, https:\/\/moozapro.com\/wp-content\/uploads\/2025\/12\/IMG_8089-1000x1500.jpg 1000w\" sizes=\"(max-width: 1707px) 100vw, 1707px\" \/>\t\t\t\t\t\t\t\t\t\t\t\t\t\t\t<\/div>\n\t\t\t\t<\/div>\n\t\t\t\t<\/div>\n\t\t\t\t\t<\/div>\n\t\t\t\t<\/div>\n\t\t\t\t<\/div>\n\t\t","protected":false},"excerpt":{"rendered":"<p>Sp\u0113c\u012bga, barojo\u0161a un mitrino\u0161a maska sausiem un boj\u0101tiem matiem. Maska ir paredz\u0113ta boj\u0101tiem vai vi\u013c\u0146ainiem matiem, k\u0101 ar\u012b matiem ar noslieci uz p\u016bko\u0161anos. Produkts:\u2714\ufe0f Mitrina\u2714\ufe0f Baro\u2714\ufe0fSuteikia M\u012bksts un gluds\u2714\ufe0f Viegli iz\u0137emm\u0113jams\u2714\ufe0f Stiprina. IZMANTO\u0160ANA: P\u0113c katras matu un \u0101das mazg\u0101\u0161anas maigi nosusiniet matus un uzkl\u0101jiet Mooza masku, vienm\u0113r\u012bgi izkl\u0101jiet pa visu matu garumu (nelieciet uz \u0101das) un atst\u0101jiet uz matiem 10-15\u2026<\/p>\n","protected":false},"featured_media":40996,"comment_status":"open","ping_status":"closed","template":"","meta":[],"product_brand":[],"product_cat":[442,474,440,439],"product_tag":[],"class_list":{"0":"post-40995","1":"product","2":"type-product","3":"status-publish","4":"has-post-thumbnail","6":"product_cat-bojata-matu-struktura","7":"product_cat-maskas","8":"product_cat-taisni-mati","9":"product_cat-vilnaini-vilnaini-mati","10":"yith_product_brand-mooza","12":"first","13":"instock","14":"taxable","15":"shipping-taxable","16":"purchasable","17":"product-type-variable"},"yoast_head":"<!-- This site is optimized with the Yoast SEO plugin v27.4 - https:\/\/yoast.com\/product\/yoast-seo-wordpress\/ -->\n<title>Mooza maska sausiem - boj\u0101tiem matiem | Mooza Pro<\/title>\n<meta name=\"robots\" content=\"index, follow, max-snippet:-1, max-image-preview:large, max-video-preview:-1\" \/>\n<link rel=\"canonical\" href=\"https:\/\/moozapro.com\/lv\/produktas\/mooza-maska-sausiem-bojatiem-matiem\/\" \/>\n<meta property=\"og:locale\" content=\"lv_LV\" \/>\n<meta property=\"og:type\" content=\"article\" \/>\n<meta property=\"og:title\" content=\"Mooza maska sausiem - boj\u0101tiem matiem | Mooza Pro\" \/>\n<meta property=\"og:description\" content=\"Sp\u0113c\u012bga, barojo\u0161a un mitrino\u0161a maska sausiem un boj\u0101tiem matiem. Maska ir paredz\u0113ta boj\u0101tiem vai vi\u013c\u0146ainiem matiem, k\u0101 ar\u012b matiem ar noslieci uz p\u016bko\u0161anos. Produkts:\u2714\ufe0f Mitrina\u2714\ufe0f Baro\u2714\ufe0fSuteikia M\u012bksts un gluds\u2714\ufe0f Viegli iz\u0137emm\u0113jams\u2714\ufe0f Stiprina. IZMANTO\u0160ANA: P\u0113c katras matu un \u0101das mazg\u0101\u0161anas maigi nosusiniet matus un uzkl\u0101jiet Mooza masku, vienm\u0113r\u012bgi izkl\u0101jiet pa visu matu garumu (nelieciet uz \u0101das) un atst\u0101jiet uz matiem 10-15\u2026\" \/>\n<meta property=\"og:url\" content=\"https:\/\/moozapro.com\/lv\/produktas\/mooza-maska-sausiem-bojatiem-matiem\/\" \/>\n<meta property=\"og:site_name\" content=\"Mooza Pro\" \/>\n<meta property=\"article:publisher\" content=\"https:\/\/www.facebook.com\/moozabeauty\" \/>\n<meta property=\"article:modified_time\" content=\"2026-01-25T09:49:33+00:00\" \/>\n<meta property=\"og:image\" content=\"https:\/\/moozapro.com\/wp-content\/uploads\/2025\/12\/IMG_8087-scaled.jpg\" \/>\n\t<meta property=\"og:image:width\" content=\"1707\" \/>\n\t<meta property=\"og:image:height\" content=\"2560\" \/>\n\t<meta property=\"og:image:type\" content=\"image\/jpeg\" \/>\n<meta name=\"twitter:card\" content=\"summary_large_image\" \/>\n<meta name=\"twitter:label1\" content=\"Est. reading time\" \/>\n\t<meta name=\"twitter:data1\" content=\"2 min\u016btes\" \/>\n<script type=\"application\/ld+json\" class=\"yoast-schema-graph\">{\"@context\":\"https:\\\/\\\/schema.org\",\"@graph\":[{\"@type\":\"WebPage\",\"@id\":\"https:\\\/\\\/moozapro.com\\\/lv\\\/produktas\\\/mooza-maska-sausiem-bojatiem-matiem\\\/\",\"url\":\"https:\\\/\\\/moozapro.com\\\/lv\\\/produktas\\\/mooza-maska-sausiem-bojatiem-matiem\\\/\",\"name\":\"Mooza maska sausiem - boj\u0101tiem matiem | Mooza Pro\",\"isPartOf\":{\"@id\":\"https:\\\/\\\/moozapro.com\\\/lv\\\/#website\"},\"primaryImageOfPage\":{\"@id\":\"https:\\\/\\\/moozapro.com\\\/lv\\\/produktas\\\/mooza-maska-sausiem-bojatiem-matiem\\\/#primaryimage\"},\"image\":{\"@id\":\"https:\\\/\\\/moozapro.com\\\/lv\\\/produktas\\\/mooza-maska-sausiem-bojatiem-matiem\\\/#primaryimage\"},\"thumbnailUrl\":\"https:\\\/\\\/moozapro.com\\\/wp-content\\\/uploads\\\/2025\\\/12\\\/IMG_8087-scaled.jpg\",\"datePublished\":\"2025-12-30T11:39:01+00:00\",\"dateModified\":\"2026-01-25T09:49:33+00:00\",\"breadcrumb\":{\"@id\":\"https:\\\/\\\/moozapro.com\\\/lv\\\/produktas\\\/mooza-maska-sausiem-bojatiem-matiem\\\/#breadcrumb\"},\"inLanguage\":\"lv-LV\",\"potentialAction\":[{\"@type\":\"ReadAction\",\"target\":[\"https:\\\/\\\/moozapro.com\\\/lv\\\/produktas\\\/mooza-maska-sausiem-bojatiem-matiem\\\/\"]}]},{\"@type\":\"ImageObject\",\"inLanguage\":\"lv-LV\",\"@id\":\"https:\\\/\\\/moozapro.com\\\/lv\\\/produktas\\\/mooza-maska-sausiem-bojatiem-matiem\\\/#primaryimage\",\"url\":\"https:\\\/\\\/moozapro.com\\\/wp-content\\\/uploads\\\/2025\\\/12\\\/IMG_8087-scaled.jpg\",\"contentUrl\":\"https:\\\/\\\/moozapro.com\\\/wp-content\\\/uploads\\\/2025\\\/12\\\/IMG_8087-scaled.jpg\",\"width\":1707,\"height\":2560},{\"@type\":\"BreadcrumbList\",\"@id\":\"https:\\\/\\\/moozapro.com\\\/lv\\\/produktas\\\/mooza-maska-sausiem-bojatiem-matiem\\\/#breadcrumb\",\"itemListElement\":[{\"@type\":\"ListItem\",\"position\":1,\"name\":\"Galvenais\",\"item\":\"https:\\\/\\\/moozapro.com\\\/lv\\\/\"},{\"@type\":\"ListItem\",\"position\":2,\"name\":\"Visi produkti\",\"item\":\"https:\\\/\\\/moozapro.com\\\/lv\\\/shop\\\/\"},{\"@type\":\"ListItem\",\"position\":3,\"name\":\"Mooza maska sausiem - boj\u0101tiem matiem\"}]},{\"@type\":\"WebSite\",\"@id\":\"https:\\\/\\\/moozapro.com\\\/lv\\\/#website\",\"url\":\"https:\\\/\\\/moozapro.com\\\/lv\\\/\",\"name\":\"Mooza Pro\",\"description\":\"Priemon\u0117s j\u016bs\u0173 plaukams\",\"publisher\":{\"@id\":\"https:\\\/\\\/moozapro.com\\\/lv\\\/#organization\"},\"potentialAction\":[{\"@type\":\"SearchAction\",\"target\":{\"@type\":\"EntryPoint\",\"urlTemplate\":\"https:\\\/\\\/moozapro.com\\\/lv\\\/?s={search_term_string}\"},\"query-input\":{\"@type\":\"PropertyValueSpecification\",\"valueRequired\":true,\"valueName\":\"search_term_string\"}}],\"inLanguage\":\"lv-LV\"},{\"@type\":\"Organization\",\"@id\":\"https:\\\/\\\/moozapro.com\\\/lv\\\/#organization\",\"name\":\"Mooza Pro\",\"url\":\"https:\\\/\\\/moozapro.com\\\/lv\\\/\",\"logo\":{\"@type\":\"ImageObject\",\"inLanguage\":\"lv-LV\",\"@id\":\"https:\\\/\\\/moozapro.com\\\/lv\\\/#\\\/schema\\\/logo\\\/image\\\/\",\"url\":\"https:\\\/\\\/moozapro.com\\\/wp-content\\\/uploads\\\/2023\\\/11\\\/Mooza-Pro-mazas-logo.png\",\"contentUrl\":\"https:\\\/\\\/moozapro.com\\\/wp-content\\\/uploads\\\/2023\\\/11\\\/Mooza-Pro-mazas-logo.png\",\"width\":250,\"height\":103,\"caption\":\"Mooza Pro\"},\"image\":{\"@id\":\"https:\\\/\\\/moozapro.com\\\/lv\\\/#\\\/schema\\\/logo\\\/image\\\/\"},\"sameAs\":[\"https:\\\/\\\/www.facebook.com\\\/moozabeauty\"]}]}<\/script>\n<!-- \/ Yoast SEO plugin. -->","yoast_head_json":{"title":"Mooza maska sausiem - boj\u0101tiem matiem | Mooza Pro","robots":{"index":"index","follow":"follow","max-snippet":"max-snippet:-1","max-image-preview":"max-image-preview:large","max-video-preview":"max-video-preview:-1"},"canonical":"https:\/\/moozapro.com\/lv\/produktas\/mooza-maska-sausiem-bojatiem-matiem\/","og_locale":"lv_LV","og_type":"article","og_title":"Mooza maska sausiem - boj\u0101tiem matiem | Mooza Pro","og_description":"Sp\u0113c\u012bga, barojo\u0161a un mitrino\u0161a maska sausiem un boj\u0101tiem matiem. Maska ir paredz\u0113ta boj\u0101tiem vai vi\u013c\u0146ainiem matiem, k\u0101 ar\u012b matiem ar noslieci uz p\u016bko\u0161anos. Produkts:\u2714\ufe0f Mitrina\u2714\ufe0f Baro\u2714\ufe0fSuteikia M\u012bksts un gluds\u2714\ufe0f Viegli iz\u0137emm\u0113jams\u2714\ufe0f Stiprina. IZMANTO\u0160ANA: P\u0113c katras matu un \u0101das mazg\u0101\u0161anas maigi nosusiniet matus un uzkl\u0101jiet Mooza masku, vienm\u0113r\u012bgi izkl\u0101jiet pa visu matu garumu (nelieciet uz \u0101das) un atst\u0101jiet uz matiem 10-15\u2026","og_url":"https:\/\/moozapro.com\/lv\/produktas\/mooza-maska-sausiem-bojatiem-matiem\/","og_site_name":"Mooza Pro","article_publisher":"https:\/\/www.facebook.com\/moozabeauty","article_modified_time":"2026-01-25T09:49:33+00:00","og_image":[{"width":1707,"height":2560,"url":"https:\/\/moozapro.com\/wp-content\/uploads\/2025\/12\/IMG_8087-scaled.jpg","type":"image\/jpeg"}],"twitter_card":"summary_large_image","twitter_misc":{"Est. reading time":"2 min\u016btes"},"schema":{"@context":"https:\/\/schema.org","@graph":[{"@type":"WebPage","@id":"https:\/\/moozapro.com\/lv\/produktas\/mooza-maska-sausiem-bojatiem-matiem\/","url":"https:\/\/moozapro.com\/lv\/produktas\/mooza-maska-sausiem-bojatiem-matiem\/","name":"Mooza maska sausiem - boj\u0101tiem matiem | Mooza Pro","isPartOf":{"@id":"https:\/\/moozapro.com\/lv\/#website"},"primaryImageOfPage":{"@id":"https:\/\/moozapro.com\/lv\/produktas\/mooza-maska-sausiem-bojatiem-matiem\/#primaryimage"},"image":{"@id":"https:\/\/moozapro.com\/lv\/produktas\/mooza-maska-sausiem-bojatiem-matiem\/#primaryimage"},"thumbnailUrl":"https:\/\/moozapro.com\/wp-content\/uploads\/2025\/12\/IMG_8087-scaled.jpg","datePublished":"2025-12-30T11:39:01+00:00","dateModified":"2026-01-25T09:49:33+00:00","breadcrumb":{"@id":"https:\/\/moozapro.com\/lv\/produktas\/mooza-maska-sausiem-bojatiem-matiem\/#breadcrumb"},"inLanguage":"lv-LV","potentialAction":[{"@type":"ReadAction","target":["https:\/\/moozapro.com\/lv\/produktas\/mooza-maska-sausiem-bojatiem-matiem\/"]}]},{"@type":"ImageObject","inLanguage":"lv-LV","@id":"https:\/\/moozapro.com\/lv\/produktas\/mooza-maska-sausiem-bojatiem-matiem\/#primaryimage","url":"https:\/\/moozapro.com\/wp-content\/uploads\/2025\/12\/IMG_8087-scaled.jpg","contentUrl":"https:\/\/moozapro.com\/wp-content\/uploads\/2025\/12\/IMG_8087-scaled.jpg","width":1707,"height":2560},{"@type":"BreadcrumbList","@id":"https:\/\/moozapro.com\/lv\/produktas\/mooza-maska-sausiem-bojatiem-matiem\/#breadcrumb","itemListElement":[{"@type":"ListItem","position":1,"name":"Galvenais","item":"https:\/\/moozapro.com\/lv\/"},{"@type":"ListItem","position":2,"name":"Visi produkti","item":"https:\/\/moozapro.com\/lv\/shop\/"},{"@type":"ListItem","position":3,"name":"Mooza maska sausiem - boj\u0101tiem matiem"}]},{"@type":"WebSite","@id":"https:\/\/moozapro.com\/lv\/#website","url":"https:\/\/moozapro.com\/lv\/","name":"Mooza Pro","description":"Priemon\u0117s j\u016bs\u0173 plaukams","publisher":{"@id":"https:\/\/moozapro.com\/lv\/#organization"},"potentialAction":[{"@type":"SearchAction","target":{"@type":"EntryPoint","urlTemplate":"https:\/\/moozapro.com\/lv\/?s={search_term_string}"},"query-input":{"@type":"PropertyValueSpecification","valueRequired":true,"valueName":"search_term_string"}}],"inLanguage":"lv-LV"},{"@type":"Organization","@id":"https:\/\/moozapro.com\/lv\/#organization","name":"Mooza Pro","url":"https:\/\/moozapro.com\/lv\/","logo":{"@type":"ImageObject","inLanguage":"lv-LV","@id":"https:\/\/moozapro.com\/lv\/#\/schema\/logo\/image\/","url":"https:\/\/moozapro.com\/wp-content\/uploads\/2023\/11\/Mooza-Pro-mazas-logo.png","contentUrl":"https:\/\/moozapro.com\/wp-content\/uploads\/2023\/11\/Mooza-Pro-mazas-logo.png","width":250,"height":103,"caption":"Mooza Pro"},"image":{"@id":"https:\/\/moozapro.com\/lv\/#\/schema\/logo\/image\/"},"sameAs":["https:\/\/www.facebook.com\/moozabeauty"]}]}},"_links":{"self":[{"href":"https:\/\/moozapro.com\/lv\/wp-json\/wp\/v2\/product\/40995","targetHints":{"allow":["GET"]}}],"collection":[{"href":"https:\/\/moozapro.com\/lv\/wp-json\/wp\/v2\/product"}],"about":[{"href":"https:\/\/moozapro.com\/lv\/wp-json\/wp\/v2\/types\/product"}],"replies":[{"embeddable":true,"href":"https:\/\/moozapro.com\/lv\/wp-json\/wp\/v2\/comments?post=40995"}],"version-history":[{"count":2,"href":"https:\/\/moozapro.com\/lv\/wp-json\/wp\/v2\/product\/40995\/revisions"}],"predecessor-version":[{"id":41096,"href":"https:\/\/moozapro.com\/lv\/wp-json\/wp\/v2\/product\/40995\/revisions\/41096"}],"wp:featuredmedia":[{"embeddable":true,"href":"https:\/\/moozapro.com\/lv\/wp-json\/wp\/v2\/media\/40996"}],"wp:attachment":[{"href":"https:\/\/moozapro.com\/lv\/wp-json\/wp\/v2\/media?parent=40995"}],"wp:term":[{"taxonomy":"product_brand","embeddable":true,"href":"https:\/\/moozapro.com\/lv\/wp-json\/wp\/v2\/product_brand?post=40995"},{"taxonomy":"product_cat","embeddable":true,"href":"https:\/\/moozapro.com\/lv\/wp-json\/wp\/v2\/product_cat?post=40995"},{"taxonomy":"product_tag","embeddable":true,"href":"https:\/\/moozapro.com\/lv\/wp-json\/wp\/v2\/product_tag?post=40995"}],"curies":[{"name":"wp","href":"https:\/\/api.w.org\/{rel}","templated":true}]}}