{"id":41010,"date":"2025-12-30T13:44:34","date_gmt":"2025-12-30T11:44:34","guid":{"rendered":"https:\/\/moozapro.com\/produktas\/mooza-market\/"},"modified":"2026-01-27T10:08:44","modified_gmt":"2026-01-27T08:08:44","slug":"mooza-market","status":"publish","type":"product","link":"https:\/\/moozapro.com\/lv\/produktas\/mooza-market\/","title":{"rendered":"Mooza MARKET"},"content":{"rendered":"\t\t<div data-elementor-type=\"product-post\" data-elementor-id=\"41010\" class=\"elementor elementor-41010 elementor-41003\" data-elementor-post-type=\"product\">\n\t\t\t\t<div class=\"elementor-element elementor-element-7fcc331d e-flex e-con-boxed kitify-col-width-auto-no ignore-docs-style-no kitify-disable-relative-no e-root-container elementor-top-section e-con e-parent\" data-id=\"7fcc331d\" data-element_type=\"container\">\n\t\t\t\t\t<div class=\"e-con-inner\">\n\t\t<div class=\"elementor-element elementor-element-3a215df9 e-con-full e-flex kitify-col-width-auto-no ignore-docs-style-no kitify-disable-relative-no e-con e-child\" data-id=\"3a215df9\" data-element_type=\"container\" data-settings=\"{&quot;background_background&quot;:&quot;classic&quot;}\">\n\t\t\t\t<div class=\"elementor-element elementor-element-32e4f563 elementor-widget elementor-widget-image\" data-id=\"32e4f563\" data-element_type=\"widget\" data-widget_type=\"image.default\">\n\t\t\t\t<div class=\"elementor-widget-container\">\n\t\t\t\t\t\t\t\t\t\t\t\t\t\t\t<img fetchpriority=\"high\" decoding=\"async\" width=\"1707\" height=\"2560\" src=\"https:\/\/moozapro.com\/wp-content\/uploads\/2025\/08\/IMG_6350-1-scaled.png\" class=\"attachment-full size-full wp-image-40480\" alt=\"\" srcset=\"https:\/\/moozapro.com\/wp-content\/uploads\/2025\/08\/IMG_6350-1-scaled.png 1707w, https:\/\/moozapro.com\/wp-content\/uploads\/2025\/08\/IMG_6350-1-667x1000.png 667w, https:\/\/moozapro.com\/wp-content\/uploads\/2025\/08\/IMG_6350-1-1024x1536.png 1024w, https:\/\/moozapro.com\/wp-content\/uploads\/2025\/08\/IMG_6350-1-1365x2048.png 1365w, https:\/\/moozapro.com\/wp-content\/uploads\/2025\/08\/IMG_6350-1-1000x1500.png 1000w\" sizes=\"(max-width: 1707px) 100vw, 1707px\" \/>\t\t\t\t\t\t\t\t\t\t\t\t\t\t\t<\/div>\n\t\t\t\t<\/div>\n\t\t\t\t<\/div>\n\t\t<div class=\"elementor-element elementor-element-53858182 e-con-full e-flex kitify-col-width-auto-no ignore-docs-style-no kitify-disable-relative-no e-con e-child\" data-id=\"53858182\" data-element_type=\"container\">\n\t\t\t\t<div class=\"elementor-element elementor-element-7ac819b8 elementor-widget elementor-widget-heading\" data-id=\"7ac819b8\" data-element_type=\"widget\" data-widget_type=\"heading.default\">\n\t\t\t\t<div class=\"elementor-widget-container\">\n\t\t\t\t\t<h2 class=\"elementor-heading-title elementor-size-default\">\u0160AMP\u016aNS | MASKA | ATST\u0100\u0160ANAS KONDICIONIERIS<\/h2>\t\t\t\t<\/div>\n\t\t\t\t<\/div>\n\t\t\t\t<div class=\"elementor-element elementor-element-101a3af9 elementor-widget-divider--view-line elementor-widget elementor-widget-divider\" data-id=\"101a3af9\" data-element_type=\"widget\" data-widget_type=\"divider.default\">\n\t\t\t\t<div class=\"elementor-widget-container\">\n\t\t\t\t\t\t\t<div class=\"elementor-divider\">\n\t\t\t<span class=\"elementor-divider-separator\">\n\t\t\t\t\t\t<\/span>\n\t\t<\/div>\n\t\t\t\t\t\t<\/div>\n\t\t\t\t<\/div>\n\t\t\t\t<div class=\"elementor-element elementor-element-1c4472a5 elementor-widget elementor-widget-spacer\" data-id=\"1c4472a5\" data-element_type=\"widget\" data-widget_type=\"spacer.default\">\n\t\t\t\t<div class=\"elementor-widget-container\">\n\t\t\t\t\t\t\t<div class=\"elementor-spacer\">\n\t\t\t<div class=\"elementor-spacer-inner\"><\/div>\n\t\t<\/div>\n\t\t\t\t\t\t<\/div>\n\t\t\t\t<\/div>\n\t\t\t\t<div class=\"elementor-element elementor-element-42c1bbce elementor-widget elementor-widget-text-editor\" data-id=\"42c1bbce\" data-element_type=\"widget\" data-widget_type=\"text-editor.default\">\n\t\t\t\t<div class=\"elementor-widget-container\">\n\t\t\t\t\t\t\t\t\t<p>Komplekt\u0101 ietilpst tr\u012bs Mooza produkti:<\/p><p><strong>  \u0160amp\u016bns: norm\u0101lai, sausai un jut\u012bgai \u0101dai, k\u0101 ar\u012b ikdienas lieto\u0161anai.  <\/strong><\/p><p data-start=\"1372\" data-end=\"1445\">\u2714\ufe0f Maigi att\u012bra<br data-start=\"1388\" data-end=\"1391\">\u2714\ufe0f Mitrina<br data-start=\"1401\" data-end=\"1404\">\u2714\ufe0f Nomierina<br data-start=\"1413\" data-end=\"1416\">\u2714\ufe0f Neboj\u0101 \u0101das barjeru.<\/p><h6 data-start=\"1625\" data-end=\"1643\"><strong data-start=\"1837\" data-end=\"1886\">Maska ir paredz\u0113ta boj\u0101tiem vai vi\u013c\u0146ainiem matiem<\/strong>, k\u0101 ar\u012b matiem ar noslieci uz p\u016bko\u0161anos.<\/h6><p data-start=\"1644\" data-end=\"1809\">Produkts:<br>\u2714\ufe0f Mitrina<br data-start=\"1692\" data-end=\"1695\">\u2714\ufe0f Baro<br data-start=\"1707\" data-end=\"1710\">\u2714\ufe0fSuteikia M\u012bksts un gluds<br data-start=\"1740\" data-end=\"1743\">\u2714\ufe0f Viegli iz\u0137emm\u0113jams<br data-start=\"1766\" data-end=\"1769\">\u2714\ufe0f Stiprina.<\/p>\t\t\t\t\t\t\t\t<\/div>\n\t\t\t\t<\/div>\n\t\t\t\t<\/div>\n\t\t\t\t\t<\/div>\n\t\t\t\t<\/div>\n\t\t<div class=\"elementor-element elementor-element-6adba9f9 e-flex e-con-boxed kitify-col-width-auto-no ignore-docs-style-no kitify-disable-relative-no e-root-container elementor-top-section e-con e-parent\" data-id=\"6adba9f9\" data-element_type=\"container\">\n\t\t\t\t\t<div class=\"e-con-inner\">\n\t\t<div class=\"elementor-element elementor-element-1f3cfe1d e-con-full e-flex kitify-col-width-auto-no ignore-docs-style-no kitify-disable-relative-no e-con e-child\" data-id=\"1f3cfe1d\" data-element_type=\"container\">\n\t\t\t\t<div class=\"elementor-element elementor-element-46a2ae3d elementor-widget elementor-widget-heading\" data-id=\"46a2ae3d\" data-element_type=\"widget\" data-widget_type=\"heading.default\">\n\t\t\t\t<div class=\"elementor-widget-container\">\n\t\t\t\t\t<h2 class=\"elementor-heading-title elementor-size-default\">Izmanto\u0161ana  <\/h2>\t\t\t\t<\/div>\n\t\t\t\t<\/div>\n\t\t\t\t<div class=\"elementor-element elementor-element-41530536 elementor-widget-divider--view-line elementor-widget elementor-widget-divider\" data-id=\"41530536\" data-element_type=\"widget\" data-widget_type=\"divider.default\">\n\t\t\t\t<div class=\"elementor-widget-container\">\n\t\t\t\t\t\t\t<div class=\"elementor-divider\">\n\t\t\t<span class=\"elementor-divider-separator\">\n\t\t\t\t\t\t<\/span>\n\t\t<\/div>\n\t\t\t\t\t\t<\/div>\n\t\t\t\t<\/div>\n\t\t\t\t<div class=\"elementor-element elementor-element-24a72c61 elementor-widget elementor-widget-spacer\" data-id=\"24a72c61\" data-element_type=\"widget\" data-widget_type=\"spacer.default\">\n\t\t\t\t<div class=\"elementor-widget-container\">\n\t\t\t\t\t\t\t<div class=\"elementor-spacer\">\n\t\t\t<div class=\"elementor-spacer-inner\"><\/div>\n\t\t<\/div>\n\t\t\t\t\t\t<\/div>\n\t\t\t\t<\/div>\n\t\t\t\t<div class=\"elementor-element elementor-element-4271c4b0 elementor-widget elementor-widget-text-editor\" data-id=\"4271c4b0\" data-element_type=\"widget\" data-widget_type=\"text-editor.default\">\n\t\t\t\t<div class=\"elementor-widget-container\">\n\t\t\t\t\t\t\t\t\t<p>NEMAZG\u0100JAMS KONDICIONIERIS:<\/p><p>Rezult\u0101ts ir viegli un \u0101tri atsl\u0101bin\u0101ti un iz\u0137emm\u0113ti mati, pat uz mitriem matiem. Gludums bez smaguma. Sp\u012bdums un elast\u012bba.  <\/p><p><strong>Rezult\u0101ts<\/strong>: redzami sp\u0113c\u012bg\u0101ki, vesel\u012bg\u0101ki un atjaunin\u0101ti mati.<\/p><p>- \u013bauj \u0137emm\u0113t pat mitrus matus<\/p><p>-tas intens\u012bvi mitrina matus<\/p><p>- Aizsarg\u0101 pret \u017e\u0101v\u0113t\u0101ja karstumu<\/p><p>-Dod maigumu un vesel\u012bgu sp\u012bdumu<\/p><p>IZMANTO\u0160ANA:  <\/p><p>Izskalojiet galvas \u0101du ar Mooza \u0161amp\u016bnu, div\u0101m ziep\u0113m, labi noskalojiet un nosusiniet, uzkl\u0101jiet masku, atst\u0101jiet uz matiem 10-15 min, labi noskalojiet un nosusiniet. Uzkl\u0101jiet kondicionieri, neizskalojiet, iz\u017e\u0101v\u0113jiet un ieveidojiet.   <\/p>\t\t\t\t\t\t\t\t<\/div>\n\t\t\t\t<\/div>\n\t\t\t\t<div class=\"elementor-element elementor-element-2a55bfed elementor-widget elementor-widget-spacer\" data-id=\"2a55bfed\" data-element_type=\"widget\" data-widget_type=\"spacer.default\">\n\t\t\t\t<div class=\"elementor-widget-container\">\n\t\t\t\t\t\t\t<div class=\"elementor-spacer\">\n\t\t\t<div class=\"elementor-spacer-inner\"><\/div>\n\t\t<\/div>\n\t\t\t\t\t\t<\/div>\n\t\t\t\t<\/div>\n\t\t\t\t<\/div>\n\t\t<div class=\"elementor-element elementor-element-70f8b0ef e-con-full e-flex kitify-col-width-auto-no ignore-docs-style-no kitify-disable-relative-no e-con e-child\" data-id=\"70f8b0ef\" data-element_type=\"container\">\n\t\t\t\t<div class=\"elementor-element elementor-element-55c0e5be elementor-widget elementor-widget-image\" data-id=\"55c0e5be\" data-element_type=\"widget\" data-widget_type=\"image.default\">\n\t\t\t\t<div class=\"elementor-widget-container\">\n\t\t\t\t\t\t\t\t\t\t\t\t\t\t\t<img decoding=\"async\" width=\"1707\" height=\"2560\" src=\"https:\/\/moozapro.com\/wp-content\/uploads\/2025\/08\/IMG_6386-scaled.png\" class=\"attachment-full size-full wp-image-40484\" alt=\"\" srcset=\"https:\/\/moozapro.com\/wp-content\/uploads\/2025\/08\/IMG_6386-scaled.png 1707w, https:\/\/moozapro.com\/wp-content\/uploads\/2025\/08\/IMG_6386-667x1000.png 667w, https:\/\/moozapro.com\/wp-content\/uploads\/2025\/08\/IMG_6386-1024x1536.png 1024w, https:\/\/moozapro.com\/wp-content\/uploads\/2025\/08\/IMG_6386-1365x2048.png 1365w, https:\/\/moozapro.com\/wp-content\/uploads\/2025\/08\/IMG_6386-1000x1500.png 1000w\" sizes=\"(max-width: 1707px) 100vw, 1707px\" \/>\t\t\t\t\t\t\t\t\t\t\t\t\t\t\t<\/div>\n\t\t\t\t<\/div>\n\t\t\t\t<\/div>\n\t\t\t\t\t<\/div>\n\t\t\t\t<\/div>\n\t\t\t\t<\/div>\n\t\t","protected":false},"excerpt":{"rendered":"<p>\u0160AMP\u016aNS | MASKA | ATST\u0100\u0160ANAS KONDICIONIERIS Komplekt\u0101 ietilpst tr\u012bs Mooza produkti: \u0160amp\u016bns: norm\u0101lai, sausai un jut\u012bgai \u0101dai, k\u0101 ar\u012b ikdienas lieto\u0161anai. \u2714\ufe0f Maigi att\u012bra\u2714\ufe0f Mitrina\u2714\ufe0f Nomierina\u2714\ufe0f Neboj\u0101 \u0101das barjeru. Maska ir paredz\u0113ta boj\u0101tiem vai vi\u013c\u0146ainiem matiem, k\u0101 ar\u012b matiem ar noslieci uz p\u016bko\u0161anos. Produkts:\u2714\ufe0f Mitrina\u2714\ufe0f Baro\u2714\ufe0fSuteikia M\u012bksts un gluds\u2714\ufe0f Viegli iz\u0137emm\u0113jams\u2714\ufe0f Stiprina. Izmanto\u0161ana NEMAZG\u0100JAMS KONDICIONIERIS: Rezult\u0101ts ir viegli un \u0101tri\u2026<\/p>\n","protected":false},"featured_media":40996,"comment_status":"open","ping_status":"closed","template":"","meta":[],"product_brand":[],"product_cat":[442,441,435,434,440,439,475,469,479,472,471],"product_tag":[],"class_list":{"0":"post-41010","1":"product","2":"type-product","3":"status-publish","4":"has-post-thumbnail","6":"product_cat-bojata-matu-struktura","7":"product_cat-cirtaini-mati","8":"product_cat-gaisa-kondicionieru-atstasana-aiz-muguras","9":"product_cat-matu-kopsana","10":"product_cat-taisni-mati","11":"product_cat-vilnaini-vilnaini-mati","12":"product_cat-kondicionieri","13":"product_cat-normala-ada","14":"product_cat-sampuni","15":"product_cat-sausa-jutiga-ada","16":"product_cat-taukaina-ada","17":"yith_product_brand-mooza","19":"first","20":"instock","21":"taxable","22":"shipping-taxable","23":"purchasable","24":"product-type-variable"},"yoast_head":"<!-- This site is optimized with the Yoast SEO plugin v26.3 - https:\/\/yoast.com\/wordpress\/plugins\/seo\/ -->\n<title>Mooza MARKET | Mooza Pro<\/title>\n<meta name=\"robots\" content=\"index, follow, max-snippet:-1, max-image-preview:large, max-video-preview:-1\" \/>\n<link rel=\"canonical\" href=\"https:\/\/moozapro.com\/lv\/produktas\/mooza-market\/\" \/>\n<meta property=\"og:locale\" content=\"lv_LV\" \/>\n<meta property=\"og:type\" content=\"article\" \/>\n<meta property=\"og:title\" content=\"Mooza MARKET | Mooza Pro\" \/>\n<meta property=\"og:description\" content=\"\u0160AMP\u016aNS | MASKA | ATST\u0100\u0160ANAS KONDICIONIERIS Komplekt\u0101 ietilpst tr\u012bs Mooza produkti: \u0160amp\u016bns: norm\u0101lai, sausai un jut\u012bgai \u0101dai, k\u0101 ar\u012b ikdienas lieto\u0161anai. \u2714\ufe0f Maigi att\u012bra\u2714\ufe0f Mitrina\u2714\ufe0f Nomierina\u2714\ufe0f Neboj\u0101 \u0101das barjeru. Maska ir paredz\u0113ta boj\u0101tiem vai vi\u013c\u0146ainiem matiem, k\u0101 ar\u012b matiem ar noslieci uz p\u016bko\u0161anos. Produkts:\u2714\ufe0f Mitrina\u2714\ufe0f Baro\u2714\ufe0fSuteikia M\u012bksts un gluds\u2714\ufe0f Viegli iz\u0137emm\u0113jams\u2714\ufe0f Stiprina. Izmanto\u0161ana NEMAZG\u0100JAMS KONDICIONIERIS: Rezult\u0101ts ir viegli un \u0101tri\u2026\" \/>\n<meta property=\"og:url\" content=\"https:\/\/moozapro.com\/lv\/produktas\/mooza-market\/\" \/>\n<meta property=\"og:site_name\" content=\"Mooza Pro\" \/>\n<meta property=\"article:publisher\" content=\"https:\/\/www.facebook.com\/moozabeauty\" \/>\n<meta property=\"article:modified_time\" content=\"2026-01-27T08:08:44+00:00\" \/>\n<meta property=\"og:image\" content=\"https:\/\/moozapro.com\/wp-content\/uploads\/2025\/12\/IMG_8087-scaled.jpg\" \/>\n\t<meta property=\"og:image:width\" content=\"1707\" \/>\n\t<meta property=\"og:image:height\" content=\"2560\" \/>\n\t<meta property=\"og:image:type\" content=\"image\/jpeg\" \/>\n<meta name=\"twitter:card\" content=\"summary_large_image\" \/>\n<meta name=\"twitter:label1\" content=\"Est. reading time\" \/>\n\t<meta name=\"twitter:data1\" content=\"1 minute\" \/>\n<script type=\"application\/ld+json\" class=\"yoast-schema-graph\">{\"@context\":\"https:\/\/schema.org\",\"@graph\":[{\"@type\":\"WebPage\",\"@id\":\"https:\/\/moozapro.com\/lv\/produktas\/mooza-market\/\",\"url\":\"https:\/\/moozapro.com\/lv\/produktas\/mooza-market\/\",\"name\":\"Mooza MARKET | Mooza Pro\",\"isPartOf\":{\"@id\":\"https:\/\/moozapro.com\/lv\/#website\"},\"primaryImageOfPage\":{\"@id\":\"https:\/\/moozapro.com\/lv\/produktas\/mooza-market\/#primaryimage\"},\"image\":{\"@id\":\"https:\/\/moozapro.com\/lv\/produktas\/mooza-market\/#primaryimage\"},\"thumbnailUrl\":\"https:\/\/moozapro.com\/wp-content\/uploads\/2025\/12\/IMG_8087-scaled.jpg\",\"datePublished\":\"2025-12-30T11:44:34+00:00\",\"dateModified\":\"2026-01-27T08:08:44+00:00\",\"breadcrumb\":{\"@id\":\"https:\/\/moozapro.com\/lv\/produktas\/mooza-market\/#breadcrumb\"},\"inLanguage\":\"lv-LV\",\"potentialAction\":[{\"@type\":\"ReadAction\",\"target\":[\"https:\/\/moozapro.com\/lv\/produktas\/mooza-market\/\"]}]},{\"@type\":\"ImageObject\",\"inLanguage\":\"lv-LV\",\"@id\":\"https:\/\/moozapro.com\/lv\/produktas\/mooza-market\/#primaryimage\",\"url\":\"https:\/\/moozapro.com\/wp-content\/uploads\/2025\/12\/IMG_8087-scaled.jpg\",\"contentUrl\":\"https:\/\/moozapro.com\/wp-content\/uploads\/2025\/12\/IMG_8087-scaled.jpg\",\"width\":1707,\"height\":2560},{\"@type\":\"BreadcrumbList\",\"@id\":\"https:\/\/moozapro.com\/lv\/produktas\/mooza-market\/#breadcrumb\",\"itemListElement\":[{\"@type\":\"ListItem\",\"position\":1,\"name\":\"Galvenais\",\"item\":\"https:\/\/moozapro.com\/lv\/\"},{\"@type\":\"ListItem\",\"position\":2,\"name\":\"Visi produkti\",\"item\":\"https:\/\/moozapro.com\/lv\/shop\/\"},{\"@type\":\"ListItem\",\"position\":3,\"name\":\"Mooza MARKET\"}]},{\"@type\":\"WebSite\",\"@id\":\"https:\/\/moozapro.com\/lv\/#website\",\"url\":\"https:\/\/moozapro.com\/lv\/\",\"name\":\"Mooza Pro\",\"description\":\"Priemon\u0117s j\u016bs\u0173 plaukams\",\"publisher\":{\"@id\":\"https:\/\/moozapro.com\/lv\/#organization\"},\"potentialAction\":[{\"@type\":\"SearchAction\",\"target\":{\"@type\":\"EntryPoint\",\"urlTemplate\":\"https:\/\/moozapro.com\/lv\/?s={search_term_string}\"},\"query-input\":{\"@type\":\"PropertyValueSpecification\",\"valueRequired\":true,\"valueName\":\"search_term_string\"}}],\"inLanguage\":\"lv-LV\"},{\"@type\":\"Organization\",\"@id\":\"https:\/\/moozapro.com\/lv\/#organization\",\"name\":\"Mooza Pro\",\"url\":\"https:\/\/moozapro.com\/lv\/\",\"logo\":{\"@type\":\"ImageObject\",\"inLanguage\":\"lv-LV\",\"@id\":\"https:\/\/moozapro.com\/lv\/#\/schema\/logo\/image\/\",\"url\":\"https:\/\/moozapro.com\/wp-content\/uploads\/2023\/11\/Mooza-Pro-mazas-logo.png\",\"contentUrl\":\"https:\/\/moozapro.com\/wp-content\/uploads\/2023\/11\/Mooza-Pro-mazas-logo.png\",\"width\":250,\"height\":103,\"caption\":\"Mooza Pro\"},\"image\":{\"@id\":\"https:\/\/moozapro.com\/lv\/#\/schema\/logo\/image\/\"},\"sameAs\":[\"https:\/\/www.facebook.com\/moozabeauty\"]}]}<\/script>\n<!-- \/ Yoast SEO plugin. -->","yoast_head_json":{"title":"Mooza MARKET | Mooza Pro","robots":{"index":"index","follow":"follow","max-snippet":"max-snippet:-1","max-image-preview":"max-image-preview:large","max-video-preview":"max-video-preview:-1"},"canonical":"https:\/\/moozapro.com\/lv\/produktas\/mooza-market\/","og_locale":"lv_LV","og_type":"article","og_title":"Mooza MARKET | Mooza Pro","og_description":"\u0160AMP\u016aNS | MASKA | ATST\u0100\u0160ANAS KONDICIONIERIS Komplekt\u0101 ietilpst tr\u012bs Mooza produkti: \u0160amp\u016bns: norm\u0101lai, sausai un jut\u012bgai \u0101dai, k\u0101 ar\u012b ikdienas lieto\u0161anai. \u2714\ufe0f Maigi att\u012bra\u2714\ufe0f Mitrina\u2714\ufe0f Nomierina\u2714\ufe0f Neboj\u0101 \u0101das barjeru. Maska ir paredz\u0113ta boj\u0101tiem vai vi\u013c\u0146ainiem matiem, k\u0101 ar\u012b matiem ar noslieci uz p\u016bko\u0161anos. Produkts:\u2714\ufe0f Mitrina\u2714\ufe0f Baro\u2714\ufe0fSuteikia M\u012bksts un gluds\u2714\ufe0f Viegli iz\u0137emm\u0113jams\u2714\ufe0f Stiprina. Izmanto\u0161ana NEMAZG\u0100JAMS KONDICIONIERIS: Rezult\u0101ts ir viegli un \u0101tri\u2026","og_url":"https:\/\/moozapro.com\/lv\/produktas\/mooza-market\/","og_site_name":"Mooza Pro","article_publisher":"https:\/\/www.facebook.com\/moozabeauty","article_modified_time":"2026-01-27T08:08:44+00:00","og_image":[{"width":1707,"height":2560,"url":"https:\/\/moozapro.com\/wp-content\/uploads\/2025\/12\/IMG_8087-scaled.jpg","type":"image\/jpeg"}],"twitter_card":"summary_large_image","twitter_misc":{"Est. reading time":"1 minute"},"schema":{"@context":"https:\/\/schema.org","@graph":[{"@type":"WebPage","@id":"https:\/\/moozapro.com\/lv\/produktas\/mooza-market\/","url":"https:\/\/moozapro.com\/lv\/produktas\/mooza-market\/","name":"Mooza MARKET | Mooza Pro","isPartOf":{"@id":"https:\/\/moozapro.com\/lv\/#website"},"primaryImageOfPage":{"@id":"https:\/\/moozapro.com\/lv\/produktas\/mooza-market\/#primaryimage"},"image":{"@id":"https:\/\/moozapro.com\/lv\/produktas\/mooza-market\/#primaryimage"},"thumbnailUrl":"https:\/\/moozapro.com\/wp-content\/uploads\/2025\/12\/IMG_8087-scaled.jpg","datePublished":"2025-12-30T11:44:34+00:00","dateModified":"2026-01-27T08:08:44+00:00","breadcrumb":{"@id":"https:\/\/moozapro.com\/lv\/produktas\/mooza-market\/#breadcrumb"},"inLanguage":"lv-LV","potentialAction":[{"@type":"ReadAction","target":["https:\/\/moozapro.com\/lv\/produktas\/mooza-market\/"]}]},{"@type":"ImageObject","inLanguage":"lv-LV","@id":"https:\/\/moozapro.com\/lv\/produktas\/mooza-market\/#primaryimage","url":"https:\/\/moozapro.com\/wp-content\/uploads\/2025\/12\/IMG_8087-scaled.jpg","contentUrl":"https:\/\/moozapro.com\/wp-content\/uploads\/2025\/12\/IMG_8087-scaled.jpg","width":1707,"height":2560},{"@type":"BreadcrumbList","@id":"https:\/\/moozapro.com\/lv\/produktas\/mooza-market\/#breadcrumb","itemListElement":[{"@type":"ListItem","position":1,"name":"Galvenais","item":"https:\/\/moozapro.com\/lv\/"},{"@type":"ListItem","position":2,"name":"Visi produkti","item":"https:\/\/moozapro.com\/lv\/shop\/"},{"@type":"ListItem","position":3,"name":"Mooza MARKET"}]},{"@type":"WebSite","@id":"https:\/\/moozapro.com\/lv\/#website","url":"https:\/\/moozapro.com\/lv\/","name":"Mooza Pro","description":"Priemon\u0117s j\u016bs\u0173 plaukams","publisher":{"@id":"https:\/\/moozapro.com\/lv\/#organization"},"potentialAction":[{"@type":"SearchAction","target":{"@type":"EntryPoint","urlTemplate":"https:\/\/moozapro.com\/lv\/?s={search_term_string}"},"query-input":{"@type":"PropertyValueSpecification","valueRequired":true,"valueName":"search_term_string"}}],"inLanguage":"lv-LV"},{"@type":"Organization","@id":"https:\/\/moozapro.com\/lv\/#organization","name":"Mooza Pro","url":"https:\/\/moozapro.com\/lv\/","logo":{"@type":"ImageObject","inLanguage":"lv-LV","@id":"https:\/\/moozapro.com\/lv\/#\/schema\/logo\/image\/","url":"https:\/\/moozapro.com\/wp-content\/uploads\/2023\/11\/Mooza-Pro-mazas-logo.png","contentUrl":"https:\/\/moozapro.com\/wp-content\/uploads\/2023\/11\/Mooza-Pro-mazas-logo.png","width":250,"height":103,"caption":"Mooza Pro"},"image":{"@id":"https:\/\/moozapro.com\/lv\/#\/schema\/logo\/image\/"},"sameAs":["https:\/\/www.facebook.com\/moozabeauty"]}]}},"_links":{"self":[{"href":"https:\/\/moozapro.com\/lv\/wp-json\/wp\/v2\/product\/41010","targetHints":{"allow":["GET"]}}],"collection":[{"href":"https:\/\/moozapro.com\/lv\/wp-json\/wp\/v2\/product"}],"about":[{"href":"https:\/\/moozapro.com\/lv\/wp-json\/wp\/v2\/types\/product"}],"replies":[{"embeddable":true,"href":"https:\/\/moozapro.com\/lv\/wp-json\/wp\/v2\/comments?post=41010"}],"version-history":[{"count":2,"href":"https:\/\/moozapro.com\/lv\/wp-json\/wp\/v2\/product\/41010\/revisions"}],"predecessor-version":[{"id":41107,"href":"https:\/\/moozapro.com\/lv\/wp-json\/wp\/v2\/product\/41010\/revisions\/41107"}],"wp:featuredmedia":[{"embeddable":true,"href":"https:\/\/moozapro.com\/lv\/wp-json\/wp\/v2\/media\/40996"}],"wp:attachment":[{"href":"https:\/\/moozapro.com\/lv\/wp-json\/wp\/v2\/media?parent=41010"}],"wp:term":[{"taxonomy":"product_brand","embeddable":true,"href":"https:\/\/moozapro.com\/lv\/wp-json\/wp\/v2\/product_brand?post=41010"},{"taxonomy":"product_cat","embeddable":true,"href":"https:\/\/moozapro.com\/lv\/wp-json\/wp\/v2\/product_cat?post=41010"},{"taxonomy":"product_tag","embeddable":true,"href":"https:\/\/moozapro.com\/lv\/wp-json\/wp\/v2\/product_tag?post=41010"}],"curies":[{"name":"wp","href":"https:\/\/api.w.org\/{rel}","templated":true}]}}