{"id":32331,"date":"2022-08-03T12:25:14","date_gmt":"2022-08-03T09:25:14","guid":{"rendered":"https:\/\/moozapro.com\/produktas\/%d1%81%d0%b0%d0%bc%d0%be%d0%b0-%d1%82%d0%b0%d1%82%d1%83%d0%b8%d1%80%d0%be%d0%b2%d0%ba%d0%b0-%d0%bc%d0%b0%d1%81%d0%bb%d0%be%d0%bc\/"},"modified":"2025-11-18T12:22:26","modified_gmt":"2025-11-18T10:22:26","slug":"%d1%81%d0%b0%d0%bc%d0%be%d0%b0-%d1%82%d0%b0%d1%82%d1%83%d0%b8%d1%80%d0%be%d0%b2%d0%ba%d0%b0-%d0%bc%d0%b0%d1%81%d0%bb%d0%be%d0%bc","status":"publish","type":"product","link":"https:\/\/moozapro.com\/ru\/produktas\/%d1%81%d0%b0%d0%bc%d0%be%d0%b0-%d1%82%d0%b0%d1%82%d1%83%d0%b8%d1%80%d0%be%d0%b2%d0%ba%d0%b0-%d0%bc%d0%b0%d1%81%d0%bb%d0%be%d0%bc\/","title":{"rendered":"&#171;\u0421\u0430\u043c\u043e\u0430\" - \u0442\u0430\u0442\u0443\u0438\u0440\u043e\u0432\u043a\u0430 \u043c\u0430\u0441\u043b\u043e\u043c"},"content":{"rendered":"\t\t<div data-elementor-type=\"product-post\" data-elementor-id=\"32331\" class=\"elementor elementor-32331 elementor-17079\" data-elementor-post-type=\"product\">\n\t\t\t\t\t\t<section class=\"elementor-section elementor-top-section elementor-element elementor-element-d0f2419 elementor-section-boxed elementor-section-height-default elementor-section-height-default\" data-id=\"d0f2419\" data-element_type=\"section\">\n\t\t\t\t\t\t<div class=\"elementor-container elementor-column-gap-default\">\n\t\t\t\t\t<div class=\"elementor-column elementor-col-50 elementor-top-column elementor-element elementor-element-2c654e04 kitify-col-width-auto-no kitify-disable-relative-no\" data-id=\"2c654e04\" data-element_type=\"column\" data-settings=\"{&quot;background_background&quot;:&quot;classic&quot;}\">\n\t\t\t<div class=\"elementor-widget-wrap elementor-element-populated\">\n\t\t\t\t\t\t<div class=\"elementor-element elementor-element-892058d elementor-widget elementor-widget-image\" data-id=\"892058d\" data-element_type=\"widget\" data-widget_type=\"image.default\">\n\t\t\t\t<div class=\"elementor-widget-container\">\n\t\t\t\t\t\t\t\t\t\t\t\t\t\t\t<img fetchpriority=\"high\" decoding=\"async\" width=\"2048\" height=\"2560\" src=\"https:\/\/moozapro.com\/wp-content\/uploads\/2020\/07\/DSC06037-scaled.jpg\" class=\"attachment-full size-full wp-image-32083\" alt=\"\" srcset=\"https:\/\/moozapro.com\/wp-content\/uploads\/2020\/07\/DSC06037-scaled.jpg.webp 2048w, https:\/\/moozapro.com\/wp-content\/uploads\/2020\/07\/DSC06037-scaled-1000x1250.jpg 1000w, https:\/\/moozapro.com\/wp-content\/uploads\/2020\/07\/DSC06037-304x380.jpg.webp 304w, https:\/\/moozapro.com\/wp-content\/uploads\/2020\/07\/DSC06037-312x390.jpg.webp 312w, https:\/\/moozapro.com\/wp-content\/uploads\/2020\/07\/DSC06037-1229x1536.jpg.webp 1229w, https:\/\/moozapro.com\/wp-content\/uploads\/2020\/07\/DSC06037-1638x2048.jpg.webp 1638w, https:\/\/moozapro.com\/wp-content\/uploads\/2020\/07\/DSC06037-400x500.jpg.webp 400w, https:\/\/moozapro.com\/wp-content\/uploads\/2020\/07\/DSC06037-800x1000.jpg.webp 800w, https:\/\/moozapro.com\/wp-content\/uploads\/2020\/07\/DSC06037-180x225.jpg.webp 180w\" sizes=\"(max-width: 2048px) 100vw, 2048px\" \/>\t\t\t\t\t\t\t\t\t\t\t\t\t\t\t<\/div>\n\t\t\t\t<\/div>\n\t\t\t\t\t<\/div>\n\t\t<\/div>\n\t\t\t\t<div class=\"elementor-column elementor-col-50 elementor-top-column elementor-element elementor-element-4871dfa0 kitify-col-width-auto-no kitify-disable-relative-no\" data-id=\"4871dfa0\" data-element_type=\"column\">\n\t\t\t<div class=\"elementor-widget-wrap elementor-element-populated\">\n\t\t\t\t\t\t<div class=\"elementor-element elementor-element-34331aa6 elementor-widget elementor-widget-heading\" data-id=\"34331aa6\" data-element_type=\"widget\" data-widget_type=\"heading.default\">\n\t\t\t\t<div class=\"elementor-widget-container\">\n\t\t\t\t\t<h2 class=\"elementor-heading-title elementor-size-default\">Samoa - \u0441\u0440\u0435\u0434\u0441\u0442\u0432\u043e, \u043f\u0440\u0435\u0434\u043d\u0430\u0437\u043d\u0430\u0447\u0435\u043d\u043d\u043e\u0435 \u0434\u043b\u044f \u043e\u0436\u0438\u0432\u043b\u0435\u043d\u0438\u044f \u0438 \u0443\u0432\u043b\u0430\u0436\u043d\u0435\u043d\u0438\u044f \u0442\u0430\u0442\u0443\u0438\u0440\u043e\u0432\u043e\u043a.<br><\/h2>\t\t\t\t<\/div>\n\t\t\t\t<\/div>\n\t\t\t\t<div class=\"elementor-element elementor-element-c2cf025 elementor-widget-divider--view-line elementor-widget elementor-widget-divider\" data-id=\"c2cf025\" data-element_type=\"widget\" data-widget_type=\"divider.default\">\n\t\t\t\t<div class=\"elementor-widget-container\">\n\t\t\t\t\t\t\t<div class=\"elementor-divider\">\n\t\t\t<span class=\"elementor-divider-separator\">\n\t\t\t\t\t\t<\/span>\n\t\t<\/div>\n\t\t\t\t\t\t<\/div>\n\t\t\t\t<\/div>\n\t\t\t\t<div class=\"elementor-element elementor-element-2abca2f0 elementor-widget elementor-widget-spacer\" data-id=\"2abca2f0\" data-element_type=\"widget\" data-widget_type=\"spacer.default\">\n\t\t\t\t<div class=\"elementor-widget-container\">\n\t\t\t\t\t\t\t<div class=\"elementor-spacer\">\n\t\t\t<div class=\"elementor-spacer-inner\"><\/div>\n\t\t<\/div>\n\t\t\t\t\t\t<\/div>\n\t\t\t\t<\/div>\n\t\t\t\t<div class=\"elementor-element elementor-element-670a5896 elementor-widget elementor-widget-text-editor\" data-id=\"670a5896\" data-element_type=\"widget\" data-widget_type=\"text-editor.default\">\n\t\t\t\t<div class=\"elementor-widget-container\">\n\t\t\t\t\t\t\t\t\t<p>\u0421\u043e\u0434\u0435\u0440\u0436\u0438\u0442 \u0441\u043c\u0435\u0441\u044c \u043d\u0430\u0442\u0443\u0440\u0430\u043b\u044c\u043d\u044b\u0445 \u043c\u0430\u0441\u0435\u043b \u0438 \u0432\u0438\u0442\u0430\u043c\u0438\u043d \u0415 \u0434\u043b\u044f \u0437\u0430\u0449\u0438\u0442\u044b \u043f\u0438\u0433\u043c\u0435\u043d\u0442\u0430 \u0442\u0430\u0442\u0443\u0438\u0440\u043e\u0432\u043a\u0438 \u043e\u0442 \u0432\u044b\u0446\u0432\u0435\u0442\u0430\u043d\u0438\u044f. \u0421\u0440\u0435\u0434\u0441\u0442\u0432\u043e \u0442\u0430\u043a\u0436\u0435 \u0438\u0434\u0435\u0430\u043b\u044c\u043d\u043e \u043f\u043e\u0434\u0445\u043e\u0434\u0438\u0442 \u0434\u043b\u044f \u0446\u0432\u0435\u0442\u043d\u044b\u0445 \u0442\u0430\u0442\u0443\u0438\u0440\u043e\u0432\u043e\u043a. <\/p><p><strong>\u0420\u0435\u0437\u0443\u043b\u044c\u0442\u0430\u0442:<\/strong> \u0431\u043b\u0435\u0441\u0442\u044f\u0449\u0430\u044f \u0438 \u044f\u0440\u043a\u0430\u044f \u0442\u0430\u0442\u0443\u0438\u0440\u043e\u0432\u043a\u0430.<\/p><p><strong>\u041f\u0440\u0438\u043c\u0435\u043d\u0435\u043d\u0438\u0435:<\/strong> \u041d\u0430\u043d\u0435\u0441\u0438\u0442\u0435 \u043c\u0430\u0441\u043b\u043e \u043d\u0430 \u0441\u0443\u0445\u043e\u0439 \u0443\u0447\u0430\u0441\u0442\u043e\u043a \u0442\u0435\u043b\u0430, \u0433\u0434\u0435 \u043d\u0430\u0445\u043e\u0434\u0438\u0442\u0441\u044f \u0442\u0430\u0442\u0443\u0438\u0440\u043e\u0432\u043a\u0430.<\/p>\t\t\t\t\t\t\t\t<\/div>\n\t\t\t\t<\/div>\n\t\t\t\t\t<\/div>\n\t\t<\/div>\n\t\t\t\t\t<\/div>\n\t\t<\/section>\n\t\t\t\t<\/div>\n\t\t","protected":false},"excerpt":{"rendered":"<p>Samoa - \u0441\u0440\u0435\u0434\u0441\u0442\u0432\u043e, \u043f\u0440\u0435\u0434\u043d\u0430\u0437\u043d\u0430\u0447\u0435\u043d\u043d\u043e\u0435 \u0434\u043b\u044f \u043e\u0436\u0438\u0432\u043b\u0435\u043d\u0438\u044f \u0438 \u0443\u0432\u043b\u0430\u0436\u043d\u0435\u043d\u0438\u044f \u0442\u0430\u0442\u0443\u0438\u0440\u043e\u0432\u043e\u043a. \u0421\u043e\u0434\u0435\u0440\u0436\u0438\u0442 \u0441\u043c\u0435\u0441\u044c \u043d\u0430\u0442\u0443\u0440\u0430\u043b\u044c\u043d\u044b\u0445 \u043c\u0430\u0441\u0435\u043b \u0438 \u0432\u0438\u0442\u0430\u043c\u0438\u043d \u0415 \u0434\u043b\u044f \u0437\u0430\u0449\u0438\u0442\u044b \u043f\u0438\u0433\u043c\u0435\u043d\u0442\u0430 \u0442\u0430\u0442\u0443\u0438\u0440\u043e\u0432\u043a\u0438 \u043e\u0442 \u0432\u044b\u0446\u0432\u0435\u0442\u0430\u043d\u0438\u044f. \u0421\u0440\u0435\u0434\u0441\u0442\u0432\u043e \u0442\u0430\u043a\u0436\u0435 \u0438\u0434\u0435\u0430\u043b\u044c\u043d\u043e \u043f\u043e\u0434\u0445\u043e\u0434\u0438\u0442 \u0434\u043b\u044f \u0446\u0432\u0435\u0442\u043d\u044b\u0445 \u0442\u0430\u0442\u0443\u0438\u0440\u043e\u0432\u043e\u043a. \u0420\u0435\u0437\u0443\u043b\u044c\u0442\u0430\u0442: \u0431\u043b\u0435\u0441\u0442\u044f\u0449\u0430\u044f \u0438 \u044f\u0440\u043a\u0430\u044f \u0442\u0430\u0442\u0443\u0438\u0440\u043e\u0432\u043a\u0430. \u041f\u0440\u0438\u043c\u0435\u043d\u0435\u043d\u0438\u0435: \u041d\u0430\u043d\u0435\u0441\u0438\u0442\u0435 \u043c\u0430\u0441\u043b\u043e \u043d\u0430 \u0441\u0443\u0445\u043e\u0439 \u0443\u0447\u0430\u0441\u0442\u043e\u043a \u0442\u0435\u043b\u0430, \u0433\u0434\u0435 \u043d\u0430\u0445\u043e\u0434\u0438\u0442\u0441\u044f \u0442\u0430\u0442\u0443\u0438\u0440\u043e\u0432\u043a\u0430.<\/p>\n","protected":false},"featured_media":32332,"comment_status":"open","ping_status":"closed","template":"","meta":[],"product_brand":[],"product_cat":[884,771,852],"product_tag":[],"class_list":{"0":"post-32331","1":"product","2":"type-product","3":"status-publish","4":"has-post-thumbnail","6":"product_cat-884","7":"product_cat-771","8":"product_cat-852","10":"first","11":"instock","12":"taxable","13":"shipping-taxable","14":"purchasable","15":"product-type-simple"},"yoast_head":"<!-- This site is optimized with the Yoast SEO plugin v26.3 - https:\/\/yoast.com\/wordpress\/plugins\/seo\/ -->\n<title>&quot;\u0421\u0430\u043c\u043e\u0430&quot; - \u0442\u0430\u0442\u0443\u0438\u0440\u043e\u0432\u043a\u0430 \u043c\u0430\u0441\u043b\u043e\u043c | Mooza Pro<\/title>\n<meta name=\"description\" content=\"\u041c\u0430\u0441\u043b\u043e \u043f\u0440\u0435\u0434\u043d\u0430\u0437\u043d\u0430\u0447\u0435\u043d\u043e \u0434\u043b\u044f \u0437\u0430\u0449\u0438\u0442\u044b \u0442\u0430\u0442\u0443\u0438\u0440\u043e\u0432\u043e\u043a \u043e\u0442 \u0432\u044b\u0446\u0432\u0435\u0442\u0430\u043d\u0438\u044f. \u041e\u043d\u043e \u0442\u0430\u043a\u0436\u0435 \u0443\u043b\u0443\u0447\u0448\u0430\u0435\u0442 \u0441\u0443\u0449\u0435\u0441\u0442\u0432\u0443\u044e\u0449\u0438\u0435 \u0442\u0430\u0442\u0443\u0438\u0440\u043e\u0432\u043a\u0438, \u043f\u0438\u0442\u0430\u044f \u043a\u043e\u0436\u0443 \u0443\u0432\u043b\u0430\u0436\u043d\u044f\u044e\u0449\u0438\u043c\u0438 \u043c\u0430\u0441\u043b\u0430\u043c\u0438.\" \/>\n<meta name=\"robots\" content=\"index, follow, max-snippet:-1, max-image-preview:large, max-video-preview:-1\" \/>\n<link rel=\"canonical\" href=\"https:\/\/moozapro.com\/ru\/produktas\/%d1%81%d0%b0%d0%bc%d0%be%d0%b0-%d1%82%d0%b0%d1%82%d1%83%d0%b8%d1%80%d0%be%d0%b2%d0%ba%d0%b0-%d0%bc%d0%b0%d1%81%d0%bb%d0%be%d0%bc\/\" \/>\n<meta property=\"og:locale\" content=\"ru_RU\" \/>\n<meta property=\"og:type\" content=\"article\" \/>\n<meta property=\"og:title\" content=\"&quot;\u0421\u0430\u043c\u043e\u0430&quot; - \u0442\u0430\u0442\u0443\u0438\u0440\u043e\u0432\u043a\u0430 \u043c\u0430\u0441\u043b\u043e\u043c | Mooza Pro\" \/>\n<meta property=\"og:description\" content=\"\u041c\u0430\u0441\u043b\u043e \u043f\u0440\u0435\u0434\u043d\u0430\u0437\u043d\u0430\u0447\u0435\u043d\u043e \u0434\u043b\u044f \u0437\u0430\u0449\u0438\u0442\u044b \u0442\u0430\u0442\u0443\u0438\u0440\u043e\u0432\u043e\u043a \u043e\u0442 \u0432\u044b\u0446\u0432\u0435\u0442\u0430\u043d\u0438\u044f. \u041e\u043d\u043e \u0442\u0430\u043a\u0436\u0435 \u0443\u043b\u0443\u0447\u0448\u0430\u0435\u0442 \u0441\u0443\u0449\u0435\u0441\u0442\u0432\u0443\u044e\u0449\u0438\u0435 \u0442\u0430\u0442\u0443\u0438\u0440\u043e\u0432\u043a\u0438, \u043f\u0438\u0442\u0430\u044f \u043a\u043e\u0436\u0443 \u0443\u0432\u043b\u0430\u0436\u043d\u044f\u044e\u0449\u0438\u043c\u0438 \u043c\u0430\u0441\u043b\u0430\u043c\u0438.\" \/>\n<meta property=\"og:url\" content=\"https:\/\/moozapro.com\/ru\/produktas\/%d1%81%d0%b0%d0%bc%d0%be%d0%b0-%d1%82%d0%b0%d1%82%d1%83%d0%b8%d1%80%d0%be%d0%b2%d0%ba%d0%b0-%d0%bc%d0%b0%d1%81%d0%bb%d0%be%d0%bc\/\" \/>\n<meta property=\"og:site_name\" content=\"Mooza Pro\" \/>\n<meta property=\"article:publisher\" content=\"https:\/\/www.facebook.com\/moozabeauty\" \/>\n<meta property=\"article:modified_time\" content=\"2025-11-18T10:22:26+00:00\" \/>\n<meta property=\"og:image\" content=\"https:\/\/moozapro.com\/wp-content\/uploads\/2022\/08\/4.Samoa-1.jpg\" \/>\n\t<meta property=\"og:image:width\" content=\"1080\" \/>\n\t<meta property=\"og:image:height\" content=\"1080\" \/>\n\t<meta property=\"og:image:type\" content=\"image\/jpeg\" \/>\n<meta name=\"twitter:card\" content=\"summary_large_image\" \/>\n<script type=\"application\/ld+json\" class=\"yoast-schema-graph\">{\"@context\":\"https:\/\/schema.org\",\"@graph\":[{\"@type\":\"WebPage\",\"@id\":\"https:\/\/moozapro.com\/ru\/produktas\/%d1%81%d0%b0%d0%bc%d0%be%d0%b0-%d1%82%d0%b0%d1%82%d1%83%d0%b8%d1%80%d0%be%d0%b2%d0%ba%d0%b0-%d0%bc%d0%b0%d1%81%d0%bb%d0%be%d0%bc\/\",\"url\":\"https:\/\/moozapro.com\/ru\/produktas\/%d1%81%d0%b0%d0%bc%d0%be%d0%b0-%d1%82%d0%b0%d1%82%d1%83%d0%b8%d1%80%d0%be%d0%b2%d0%ba%d0%b0-%d0%bc%d0%b0%d1%81%d0%bb%d0%be%d0%bc\/\",\"name\":\"\\\"\u0421\u0430\u043c\u043e\u0430\\\" - \u0442\u0430\u0442\u0443\u0438\u0440\u043e\u0432\u043a\u0430 \u043c\u0430\u0441\u043b\u043e\u043c | Mooza Pro\",\"isPartOf\":{\"@id\":\"https:\/\/moozapro.com\/ru\/#website\"},\"primaryImageOfPage\":{\"@id\":\"https:\/\/moozapro.com\/ru\/produktas\/%d1%81%d0%b0%d0%bc%d0%be%d0%b0-%d1%82%d0%b0%d1%82%d1%83%d0%b8%d1%80%d0%be%d0%b2%d0%ba%d0%b0-%d0%bc%d0%b0%d1%81%d0%bb%d0%be%d0%bc\/#primaryimage\"},\"image\":{\"@id\":\"https:\/\/moozapro.com\/ru\/produktas\/%d1%81%d0%b0%d0%bc%d0%be%d0%b0-%d1%82%d0%b0%d1%82%d1%83%d0%b8%d1%80%d0%be%d0%b2%d0%ba%d0%b0-%d0%bc%d0%b0%d1%81%d0%bb%d0%be%d0%bc\/#primaryimage\"},\"thumbnailUrl\":\"https:\/\/moozapro.com\/wp-content\/uploads\/2022\/08\/4.Samoa-1.jpg\",\"datePublished\":\"2022-08-03T09:25:14+00:00\",\"dateModified\":\"2025-11-18T10:22:26+00:00\",\"description\":\"\u041c\u0430\u0441\u043b\u043e \u043f\u0440\u0435\u0434\u043d\u0430\u0437\u043d\u0430\u0447\u0435\u043d\u043e \u0434\u043b\u044f \u0437\u0430\u0449\u0438\u0442\u044b \u0442\u0430\u0442\u0443\u0438\u0440\u043e\u0432\u043e\u043a \u043e\u0442 \u0432\u044b\u0446\u0432\u0435\u0442\u0430\u043d\u0438\u044f. \u041e\u043d\u043e \u0442\u0430\u043a\u0436\u0435 \u0443\u043b\u0443\u0447\u0448\u0430\u0435\u0442 \u0441\u0443\u0449\u0435\u0441\u0442\u0432\u0443\u044e\u0449\u0438\u0435 \u0442\u0430\u0442\u0443\u0438\u0440\u043e\u0432\u043a\u0438, \u043f\u0438\u0442\u0430\u044f \u043a\u043e\u0436\u0443 \u0443\u0432\u043b\u0430\u0436\u043d\u044f\u044e\u0449\u0438\u043c\u0438 \u043c\u0430\u0441\u043b\u0430\u043c\u0438.\",\"breadcrumb\":{\"@id\":\"https:\/\/moozapro.com\/ru\/produktas\/%d1%81%d0%b0%d0%bc%d0%be%d0%b0-%d1%82%d0%b0%d1%82%d1%83%d0%b8%d1%80%d0%be%d0%b2%d0%ba%d0%b0-%d0%bc%d0%b0%d1%81%d0%bb%d0%be%d0%bc\/#breadcrumb\"},\"inLanguage\":\"ru-RU\",\"potentialAction\":[{\"@type\":\"ReadAction\",\"target\":[\"https:\/\/moozapro.com\/ru\/produktas\/%d1%81%d0%b0%d0%bc%d0%be%d0%b0-%d1%82%d0%b0%d1%82%d1%83%d0%b8%d1%80%d0%be%d0%b2%d0%ba%d0%b0-%d0%bc%d0%b0%d1%81%d0%bb%d0%be%d0%bc\/\"]}]},{\"@type\":\"ImageObject\",\"inLanguage\":\"ru-RU\",\"@id\":\"https:\/\/moozapro.com\/ru\/produktas\/%d1%81%d0%b0%d0%bc%d0%be%d0%b0-%d1%82%d0%b0%d1%82%d1%83%d0%b8%d1%80%d0%be%d0%b2%d0%ba%d0%b0-%d0%bc%d0%b0%d1%81%d0%bb%d0%be%d0%bc\/#primaryimage\",\"url\":\"https:\/\/moozapro.com\/wp-content\/uploads\/2022\/08\/4.Samoa-1.jpg\",\"contentUrl\":\"https:\/\/moozapro.com\/wp-content\/uploads\/2022\/08\/4.Samoa-1.jpg\",\"width\":1080,\"height\":1080},{\"@type\":\"BreadcrumbList\",\"@id\":\"https:\/\/moozapro.com\/ru\/produktas\/%d1%81%d0%b0%d0%bc%d0%be%d0%b0-%d1%82%d0%b0%d1%82%d1%83%d0%b8%d1%80%d0%be%d0%b2%d0%ba%d0%b0-%d0%bc%d0%b0%d1%81%d0%bb%d0%be%d0%bc\/#breadcrumb\",\"itemListElement\":[{\"@type\":\"ListItem\",\"position\":1,\"name\":\"Pagrindinis\",\"item\":\"https:\/\/moozapro.com\/ru\/\"},{\"@type\":\"ListItem\",\"position\":2,\"name\":\"\u041c\u0430\u0433\u0430\u0437\u0438\u043d\",\"item\":\"https:\/\/moozapro.com\/ru\/%d0%bc%d0%b0%d0%b3%d0%b0%d0%b7%d0%b8%d0%bd-2\/\"},{\"@type\":\"ListItem\",\"position\":3,\"name\":\"&#171;\u0421\u0430\u043c\u043e\u0430\\\" - \u0442\u0430\u0442\u0443\u0438\u0440\u043e\u0432\u043a\u0430 \u043c\u0430\u0441\u043b\u043e\u043c\"}]},{\"@type\":\"WebSite\",\"@id\":\"https:\/\/moozapro.com\/ru\/#website\",\"url\":\"https:\/\/moozapro.com\/ru\/\",\"name\":\"Mooza Pro\",\"description\":\"Priemon\u0117s j\u016bs\u0173 plaukams\",\"publisher\":{\"@id\":\"https:\/\/moozapro.com\/ru\/#organization\"},\"potentialAction\":[{\"@type\":\"SearchAction\",\"target\":{\"@type\":\"EntryPoint\",\"urlTemplate\":\"https:\/\/moozapro.com\/ru\/?s={search_term_string}\"},\"query-input\":{\"@type\":\"PropertyValueSpecification\",\"valueRequired\":true,\"valueName\":\"search_term_string\"}}],\"inLanguage\":\"ru-RU\"},{\"@type\":\"Organization\",\"@id\":\"https:\/\/moozapro.com\/ru\/#organization\",\"name\":\"Mooza Pro\",\"url\":\"https:\/\/moozapro.com\/ru\/\",\"logo\":{\"@type\":\"ImageObject\",\"inLanguage\":\"ru-RU\",\"@id\":\"https:\/\/moozapro.com\/ru\/#\/schema\/logo\/image\/\",\"url\":\"https:\/\/moozapro.com\/wp-content\/uploads\/2023\/11\/Mooza-Pro-mazas-logo.png\",\"contentUrl\":\"https:\/\/moozapro.com\/wp-content\/uploads\/2023\/11\/Mooza-Pro-mazas-logo.png\",\"width\":250,\"height\":103,\"caption\":\"Mooza Pro\"},\"image\":{\"@id\":\"https:\/\/moozapro.com\/ru\/#\/schema\/logo\/image\/\"},\"sameAs\":[\"https:\/\/www.facebook.com\/moozabeauty\"]}]}<\/script>\n<!-- \/ Yoast SEO plugin. -->","yoast_head_json":{"title":"\"\u0421\u0430\u043c\u043e\u0430\" - \u0442\u0430\u0442\u0443\u0438\u0440\u043e\u0432\u043a\u0430 \u043c\u0430\u0441\u043b\u043e\u043c | Mooza Pro","description":"\u041c\u0430\u0441\u043b\u043e \u043f\u0440\u0435\u0434\u043d\u0430\u0437\u043d\u0430\u0447\u0435\u043d\u043e \u0434\u043b\u044f \u0437\u0430\u0449\u0438\u0442\u044b \u0442\u0430\u0442\u0443\u0438\u0440\u043e\u0432\u043e\u043a \u043e\u0442 \u0432\u044b\u0446\u0432\u0435\u0442\u0430\u043d\u0438\u044f. \u041e\u043d\u043e \u0442\u0430\u043a\u0436\u0435 \u0443\u043b\u0443\u0447\u0448\u0430\u0435\u0442 \u0441\u0443\u0449\u0435\u0441\u0442\u0432\u0443\u044e\u0449\u0438\u0435 \u0442\u0430\u0442\u0443\u0438\u0440\u043e\u0432\u043a\u0438, \u043f\u0438\u0442\u0430\u044f \u043a\u043e\u0436\u0443 \u0443\u0432\u043b\u0430\u0436\u043d\u044f\u044e\u0449\u0438\u043c\u0438 \u043c\u0430\u0441\u043b\u0430\u043c\u0438.","robots":{"index":"index","follow":"follow","max-snippet":"max-snippet:-1","max-image-preview":"max-image-preview:large","max-video-preview":"max-video-preview:-1"},"canonical":"https:\/\/moozapro.com\/ru\/produktas\/%d1%81%d0%b0%d0%bc%d0%be%d0%b0-%d1%82%d0%b0%d1%82%d1%83%d0%b8%d1%80%d0%be%d0%b2%d0%ba%d0%b0-%d0%bc%d0%b0%d1%81%d0%bb%d0%be%d0%bc\/","og_locale":"ru_RU","og_type":"article","og_title":"\"\u0421\u0430\u043c\u043e\u0430\" - \u0442\u0430\u0442\u0443\u0438\u0440\u043e\u0432\u043a\u0430 \u043c\u0430\u0441\u043b\u043e\u043c | Mooza Pro","og_description":"\u041c\u0430\u0441\u043b\u043e \u043f\u0440\u0435\u0434\u043d\u0430\u0437\u043d\u0430\u0447\u0435\u043d\u043e \u0434\u043b\u044f \u0437\u0430\u0449\u0438\u0442\u044b \u0442\u0430\u0442\u0443\u0438\u0440\u043e\u0432\u043e\u043a \u043e\u0442 \u0432\u044b\u0446\u0432\u0435\u0442\u0430\u043d\u0438\u044f. \u041e\u043d\u043e \u0442\u0430\u043a\u0436\u0435 \u0443\u043b\u0443\u0447\u0448\u0430\u0435\u0442 \u0441\u0443\u0449\u0435\u0441\u0442\u0432\u0443\u044e\u0449\u0438\u0435 \u0442\u0430\u0442\u0443\u0438\u0440\u043e\u0432\u043a\u0438, \u043f\u0438\u0442\u0430\u044f \u043a\u043e\u0436\u0443 \u0443\u0432\u043b\u0430\u0436\u043d\u044f\u044e\u0449\u0438\u043c\u0438 \u043c\u0430\u0441\u043b\u0430\u043c\u0438.","og_url":"https:\/\/moozapro.com\/ru\/produktas\/%d1%81%d0%b0%d0%bc%d0%be%d0%b0-%d1%82%d0%b0%d1%82%d1%83%d0%b8%d1%80%d0%be%d0%b2%d0%ba%d0%b0-%d0%bc%d0%b0%d1%81%d0%bb%d0%be%d0%bc\/","og_site_name":"Mooza Pro","article_publisher":"https:\/\/www.facebook.com\/moozabeauty","article_modified_time":"2025-11-18T10:22:26+00:00","og_image":[{"width":1080,"height":1080,"url":"https:\/\/moozapro.com\/wp-content\/uploads\/2022\/08\/4.Samoa-1.jpg","type":"image\/jpeg"}],"twitter_card":"summary_large_image","schema":{"@context":"https:\/\/schema.org","@graph":[{"@type":"WebPage","@id":"https:\/\/moozapro.com\/ru\/produktas\/%d1%81%d0%b0%d0%bc%d0%be%d0%b0-%d1%82%d0%b0%d1%82%d1%83%d0%b8%d1%80%d0%be%d0%b2%d0%ba%d0%b0-%d0%bc%d0%b0%d1%81%d0%bb%d0%be%d0%bc\/","url":"https:\/\/moozapro.com\/ru\/produktas\/%d1%81%d0%b0%d0%bc%d0%be%d0%b0-%d1%82%d0%b0%d1%82%d1%83%d0%b8%d1%80%d0%be%d0%b2%d0%ba%d0%b0-%d0%bc%d0%b0%d1%81%d0%bb%d0%be%d0%bc\/","name":"\"\u0421\u0430\u043c\u043e\u0430\" - \u0442\u0430\u0442\u0443\u0438\u0440\u043e\u0432\u043a\u0430 \u043c\u0430\u0441\u043b\u043e\u043c | Mooza Pro","isPartOf":{"@id":"https:\/\/moozapro.com\/ru\/#website"},"primaryImageOfPage":{"@id":"https:\/\/moozapro.com\/ru\/produktas\/%d1%81%d0%b0%d0%bc%d0%be%d0%b0-%d1%82%d0%b0%d1%82%d1%83%d0%b8%d1%80%d0%be%d0%b2%d0%ba%d0%b0-%d0%bc%d0%b0%d1%81%d0%bb%d0%be%d0%bc\/#primaryimage"},"image":{"@id":"https:\/\/moozapro.com\/ru\/produktas\/%d1%81%d0%b0%d0%bc%d0%be%d0%b0-%d1%82%d0%b0%d1%82%d1%83%d0%b8%d1%80%d0%be%d0%b2%d0%ba%d0%b0-%d0%bc%d0%b0%d1%81%d0%bb%d0%be%d0%bc\/#primaryimage"},"thumbnailUrl":"https:\/\/moozapro.com\/wp-content\/uploads\/2022\/08\/4.Samoa-1.jpg","datePublished":"2022-08-03T09:25:14+00:00","dateModified":"2025-11-18T10:22:26+00:00","description":"\u041c\u0430\u0441\u043b\u043e \u043f\u0440\u0435\u0434\u043d\u0430\u0437\u043d\u0430\u0447\u0435\u043d\u043e \u0434\u043b\u044f \u0437\u0430\u0449\u0438\u0442\u044b \u0442\u0430\u0442\u0443\u0438\u0440\u043e\u0432\u043e\u043a \u043e\u0442 \u0432\u044b\u0446\u0432\u0435\u0442\u0430\u043d\u0438\u044f. \u041e\u043d\u043e \u0442\u0430\u043a\u0436\u0435 \u0443\u043b\u0443\u0447\u0448\u0430\u0435\u0442 \u0441\u0443\u0449\u0435\u0441\u0442\u0432\u0443\u044e\u0449\u0438\u0435 \u0442\u0430\u0442\u0443\u0438\u0440\u043e\u0432\u043a\u0438, \u043f\u0438\u0442\u0430\u044f \u043a\u043e\u0436\u0443 \u0443\u0432\u043b\u0430\u0436\u043d\u044f\u044e\u0449\u0438\u043c\u0438 \u043c\u0430\u0441\u043b\u0430\u043c\u0438.","breadcrumb":{"@id":"https:\/\/moozapro.com\/ru\/produktas\/%d1%81%d0%b0%d0%bc%d0%be%d0%b0-%d1%82%d0%b0%d1%82%d1%83%d0%b8%d1%80%d0%be%d0%b2%d0%ba%d0%b0-%d0%bc%d0%b0%d1%81%d0%bb%d0%be%d0%bc\/#breadcrumb"},"inLanguage":"ru-RU","potentialAction":[{"@type":"ReadAction","target":["https:\/\/moozapro.com\/ru\/produktas\/%d1%81%d0%b0%d0%bc%d0%be%d0%b0-%d1%82%d0%b0%d1%82%d1%83%d0%b8%d1%80%d0%be%d0%b2%d0%ba%d0%b0-%d0%bc%d0%b0%d1%81%d0%bb%d0%be%d0%bc\/"]}]},{"@type":"ImageObject","inLanguage":"ru-RU","@id":"https:\/\/moozapro.com\/ru\/produktas\/%d1%81%d0%b0%d0%bc%d0%be%d0%b0-%d1%82%d0%b0%d1%82%d1%83%d0%b8%d1%80%d0%be%d0%b2%d0%ba%d0%b0-%d0%bc%d0%b0%d1%81%d0%bb%d0%be%d0%bc\/#primaryimage","url":"https:\/\/moozapro.com\/wp-content\/uploads\/2022\/08\/4.Samoa-1.jpg","contentUrl":"https:\/\/moozapro.com\/wp-content\/uploads\/2022\/08\/4.Samoa-1.jpg","width":1080,"height":1080},{"@type":"BreadcrumbList","@id":"https:\/\/moozapro.com\/ru\/produktas\/%d1%81%d0%b0%d0%bc%d0%be%d0%b0-%d1%82%d0%b0%d1%82%d1%83%d0%b8%d1%80%d0%be%d0%b2%d0%ba%d0%b0-%d0%bc%d0%b0%d1%81%d0%bb%d0%be%d0%bc\/#breadcrumb","itemListElement":[{"@type":"ListItem","position":1,"name":"Pagrindinis","item":"https:\/\/moozapro.com\/ru\/"},{"@type":"ListItem","position":2,"name":"\u041c\u0430\u0433\u0430\u0437\u0438\u043d","item":"https:\/\/moozapro.com\/ru\/%d0%bc%d0%b0%d0%b3%d0%b0%d0%b7%d0%b8%d0%bd-2\/"},{"@type":"ListItem","position":3,"name":"&#171;\u0421\u0430\u043c\u043e\u0430\" - \u0442\u0430\u0442\u0443\u0438\u0440\u043e\u0432\u043a\u0430 \u043c\u0430\u0441\u043b\u043e\u043c"}]},{"@type":"WebSite","@id":"https:\/\/moozapro.com\/ru\/#website","url":"https:\/\/moozapro.com\/ru\/","name":"Mooza Pro","description":"Priemon\u0117s j\u016bs\u0173 plaukams","publisher":{"@id":"https:\/\/moozapro.com\/ru\/#organization"},"potentialAction":[{"@type":"SearchAction","target":{"@type":"EntryPoint","urlTemplate":"https:\/\/moozapro.com\/ru\/?s={search_term_string}"},"query-input":{"@type":"PropertyValueSpecification","valueRequired":true,"valueName":"search_term_string"}}],"inLanguage":"ru-RU"},{"@type":"Organization","@id":"https:\/\/moozapro.com\/ru\/#organization","name":"Mooza Pro","url":"https:\/\/moozapro.com\/ru\/","logo":{"@type":"ImageObject","inLanguage":"ru-RU","@id":"https:\/\/moozapro.com\/ru\/#\/schema\/logo\/image\/","url":"https:\/\/moozapro.com\/wp-content\/uploads\/2023\/11\/Mooza-Pro-mazas-logo.png","contentUrl":"https:\/\/moozapro.com\/wp-content\/uploads\/2023\/11\/Mooza-Pro-mazas-logo.png","width":250,"height":103,"caption":"Mooza Pro"},"image":{"@id":"https:\/\/moozapro.com\/ru\/#\/schema\/logo\/image\/"},"sameAs":["https:\/\/www.facebook.com\/moozabeauty"]}]}},"_links":{"self":[{"href":"https:\/\/moozapro.com\/ru\/wp-json\/wp\/v2\/product\/32331","targetHints":{"allow":["GET"]}}],"collection":[{"href":"https:\/\/moozapro.com\/ru\/wp-json\/wp\/v2\/product"}],"about":[{"href":"https:\/\/moozapro.com\/ru\/wp-json\/wp\/v2\/types\/product"}],"replies":[{"embeddable":true,"href":"https:\/\/moozapro.com\/ru\/wp-json\/wp\/v2\/comments?post=32331"}],"version-history":[{"count":1,"href":"https:\/\/moozapro.com\/ru\/wp-json\/wp\/v2\/product\/32331\/revisions"}],"predecessor-version":[{"id":32333,"href":"https:\/\/moozapro.com\/ru\/wp-json\/wp\/v2\/product\/32331\/revisions\/32333"}],"wp:featuredmedia":[{"embeddable":true,"href":"https:\/\/moozapro.com\/ru\/wp-json\/wp\/v2\/media\/32332"}],"wp:attachment":[{"href":"https:\/\/moozapro.com\/ru\/wp-json\/wp\/v2\/media?parent=32331"}],"wp:term":[{"taxonomy":"product_brand","embeddable":true,"href":"https:\/\/moozapro.com\/ru\/wp-json\/wp\/v2\/product_brand?post=32331"},{"taxonomy":"product_cat","embeddable":true,"href":"https:\/\/moozapro.com\/ru\/wp-json\/wp\/v2\/product_cat?post=32331"},{"taxonomy":"product_tag","embeddable":true,"href":"https:\/\/moozapro.com\/ru\/wp-json\/wp\/v2\/product_tag?post=32331"}],"curies":[{"name":"wp","href":"https:\/\/api.w.org\/{rel}","templated":true}]}}