{"id":32471,"date":"2025-07-28T20:21:40","date_gmt":"2025-07-28T17:21:40","guid":{"rendered":"https:\/\/moozapro.com\/produktas\/%d0%bf%d0%b0%d1%80%d1%84%d1%8e%d0%bc-%d0%b4%d0%bb%d1%8f-%d0%b2%d0%be%d0%bb%d0%be%d1%81-%d0%bc%d1%8f%d0%b3%d0%ba%d0%b8%d0%b9-%d1%85%d0%bb%d0%be%d0%bf%d0%be%d0%ba\/"},"modified":"2025-07-28T20:21:41","modified_gmt":"2025-07-28T17:21:41","slug":"%d0%bf%d0%b0%d1%80%d1%84%d1%8e%d0%bc-%d0%b4%d0%bb%d1%8f-%d0%b2%d0%be%d0%bb%d0%be%d1%81-%d0%bc%d1%8f%d0%b3%d0%ba%d0%b8%d0%b9-%d1%85%d0%bb%d0%be%d0%bf%d0%be%d0%ba","status":"publish","type":"product","link":"https:\/\/moozapro.com\/ru\/produktas\/%d0%bf%d0%b0%d1%80%d1%84%d1%8e%d0%bc-%d0%b4%d0%bb%d1%8f-%d0%b2%d0%be%d0%bb%d0%be%d1%81-%d0%bc%d1%8f%d0%b3%d0%ba%d0%b8%d0%b9-%d1%85%d0%bb%d0%be%d0%bf%d0%be%d0%ba\/","title":{"rendered":"\u041f\u0430\u0440\u0444\u044e\u043c \u0434\u043b\u044f \u0432\u043e\u043b\u043e\u0441 &#171;\u041c\u044f\u0433\u043a\u0438\u0439 \u0445\u043b\u043e\u043f\u043e\u043a\""},"content":{"rendered":"\t\t<div data-elementor-type=\"product-post\" data-elementor-id=\"32471\" class=\"elementor elementor-32471 elementor-14578\" data-elementor-post-type=\"product\">\n\t\t\t\t\t\t<section class=\"elementor-section elementor-top-section elementor-element elementor-element-688af947 elementor-section-boxed elementor-section-height-default elementor-section-height-default\" data-id=\"688af947\" data-element_type=\"section\" data-e-type=\"section\">\n\t\t\t\t\t\t<div class=\"elementor-container elementor-column-gap-default\">\n\t\t\t\t\t<div class=\"elementor-column elementor-col-100 elementor-top-column elementor-element elementor-element-6d8061c4 kitify-col-width-auto-no kitify-disable-relative-no\" data-id=\"6d8061c4\" data-element_type=\"column\" data-e-type=\"column\">\n\t\t\t<div class=\"elementor-widget-wrap elementor-element-populated\">\n\t\t\t\t\t\t<div class=\"elementor-element elementor-element-63286a9 elementor-widget elementor-widget-heading\" data-id=\"63286a9\" data-element_type=\"widget\" data-e-type=\"widget\" data-widget_type=\"heading.default\">\n\t\t\t\t<div class=\"elementor-widget-container\">\n\t\t\t\t\t<h2 class=\"elementor-heading-title elementor-size-default\">\u041f\u0430\u0440\u0444\u044e\u043c \u0434\u043b\u044f \u0432\u043e\u043b\u043e\u0441 \"\u041c\u044f\u0433\u043a\u0438\u0439 \u0445\u043b\u043e\u043f\u043e\u043a\"<\/h2>\t\t\t\t<\/div>\n\t\t\t\t<\/div>\n\t\t\t\t<div class=\"elementor-element elementor-element-6d6406d elementor-widget-divider--view-line elementor-widget elementor-widget-divider\" data-id=\"6d6406d\" data-element_type=\"widget\" data-e-type=\"widget\" data-widget_type=\"divider.default\">\n\t\t\t\t<div class=\"elementor-widget-container\">\n\t\t\t\t\t\t\t<div class=\"elementor-divider\">\n\t\t\t<span class=\"elementor-divider-separator\">\n\t\t\t\t\t\t<\/span>\n\t\t<\/div>\n\t\t\t\t\t\t<\/div>\n\t\t\t\t<\/div>\n\t\t\t\t<div class=\"elementor-element elementor-element-3dcc4d9 elementor-widget elementor-widget-spacer\" data-id=\"3dcc4d9\" data-element_type=\"widget\" data-e-type=\"widget\" data-widget_type=\"spacer.default\">\n\t\t\t\t<div class=\"elementor-widget-container\">\n\t\t\t\t\t\t\t<div class=\"elementor-spacer\">\n\t\t\t<div class=\"elementor-spacer-inner\"><\/div>\n\t\t<\/div>\n\t\t\t\t\t\t<\/div>\n\t\t\t\t<\/div>\n\t\t\t\t<div class=\"elementor-element elementor-element-7024e946 elementor-widget elementor-widget-text-editor\" data-id=\"7024e946\" data-element_type=\"widget\" data-e-type=\"widget\" data-widget_type=\"text-editor.default\">\n\t\t\t\t<div class=\"elementor-widget-container\">\n\t\t\t\t\t\t\t\t\t<p>\u041f\u0440\u043e\u0441\u0442\u043e \u0440\u0430\u0441\u043f\u044b\u043b\u0438\u0442\u0435 1-2 \u0440\u0430\u0437\u0430 \u043d\u0430 \u0432\u043e\u043b\u043e\u0441\u044b, \u0438 \u044d\u043b\u0435\u0433\u0430\u043d\u0442\u043d\u044b\u0439 \u0430\u0440\u043e\u043c\u0430\u0442 \u043c\u044f\u0433\u043a\u043e\u0433\u043e \u0445\u043b\u043e\u043f\u043a\u0430 \u0440\u0430\u0441\u043f\u0440\u043e\u0441\u0442\u0440\u0430\u043d\u0438\u0442\u0441\u044f \u043f\u043e \u0412\u0430\u0448\u0438\u043c \u043f\u0440\u044f\u0434\u044f\u043c.  <\/p>\t\t\t\t\t\t\t\t<\/div>\n\t\t\t\t<\/div>\n\t\t\t\t\t<\/div>\n\t\t<\/div>\n\t\t\t\t\t<\/div>\n\t\t<\/section>\n\t\t\t\t<\/div>\n\t\t","protected":false},"excerpt":{"rendered":"<p>\u0414\u0443\u0445\u0438 \u0434\u043b\u044f \u0432\u043e\u043b\u043e\u0441 NEWSHA - \u044d\u0442\u043e \u043c\u044f\u0433\u043a\u0438\u0439 \u0445\u043b\u043e\u043f\u043a\u043e\u0432\u044b\u0439 \u0430\u0440\u043e\u043c\u0430\u0442, \u043a\u043e\u0442\u043e\u0440\u044b\u0439 \u0434\u0430\u0440\u0438\u0442 \u043e\u0449\u0443\u0449\u0435\u043d\u0438\u0435 \u0441\u0432\u0435\u0436\u0435\u0432\u044b\u043c\u044b\u0442\u044b\u0445 \u0432\u043e\u043b\u043e\u0441.<\/p>\n","protected":false},"featured_media":32472,"comment_status":"open","ping_status":"closed","template":"","meta":[],"product_brand":[],"product_cat":[770,852],"product_tag":[],"class_list":{"0":"post-32471","1":"product","2":"type-product","3":"status-publish","4":"has-post-thumbnail","6":"product_cat-770","7":"product_cat-852","8":"yith_product_brand-1126","10":"first","11":"instock","12":"taxable","13":"shipping-taxable","14":"purchasable","15":"product-type-simple"},"yoast_head":"<!-- This site is optimized with the Yoast SEO plugin v27.4 - https:\/\/yoast.com\/product\/yoast-seo-wordpress\/ -->\n<title>\u041f\u0430\u0440\u0444\u044e\u043c \u0434\u043b\u044f \u0432\u043e\u043b\u043e\u0441 &quot;\u041c\u044f\u0433\u043a\u0438\u0439 \u0445\u043b\u043e\u043f\u043e\u043a&quot; | Mooza Pro<\/title>\n<meta name=\"description\" content=\"\u0414\u0443\u0445\u0438 \u0434\u043b\u044f \u0432\u043e\u043b\u043e\u0441 Newsha \u043e\u0431\u043b\u0430\u0434\u0430\u044e\u0442 \u043c\u044f\u0433\u043a\u0438\u043c \u0445\u043b\u043e\u043f\u043a\u043e\u0432\u044b\u043c \u0430\u0440\u043e\u043c\u0430\u0442\u043e\u043c. \u042d\u0442\u0438 \u0434\u0443\u0445\u0438 \u043e\u0441\u043e\u0431\u0435\u043d\u043d\u044b \u0442\u0435\u043c, \u0447\u0442\u043e \u0438\u0445 \u043c\u043e\u0436\u043d\u043e \u0440\u0430\u0441\u043f\u044b\u043b\u044f\u0442\u044c \u043d\u0430 \u0432\u043e\u043b\u043e\u0441\u044b, \u0438 \u043e\u043d\u0438 \u0441\u043e\u0432\u0441\u0435\u043c \u043d\u0435 \u0441\u0443\u0448\u0430\u0442 \u0438\u0445.\" \/>\n<meta name=\"robots\" content=\"index, follow, max-snippet:-1, max-image-preview:large, max-video-preview:-1\" \/>\n<link rel=\"canonical\" href=\"https:\/\/moozapro.com\/ru\/produktas\/%d0%bf%d0%b0%d1%80%d1%84%d1%8e%d0%bc-%d0%b4%d0%bb%d1%8f-%d0%b2%d0%be%d0%bb%d0%be%d1%81-%d0%bc%d1%8f%d0%b3%d0%ba%d0%b8%d0%b9-%d1%85%d0%bb%d0%be%d0%bf%d0%be%d0%ba\/\" \/>\n<meta property=\"og:locale\" content=\"ru_RU\" \/>\n<meta property=\"og:type\" content=\"article\" \/>\n<meta property=\"og:title\" content=\"\u041f\u0430\u0440\u0444\u044e\u043c \u0434\u043b\u044f \u0432\u043e\u043b\u043e\u0441 &quot;\u041c\u044f\u0433\u043a\u0438\u0439 \u0445\u043b\u043e\u043f\u043e\u043a&quot; | Mooza Pro\" \/>\n<meta property=\"og:description\" content=\"\u0414\u0443\u0445\u0438 \u0434\u043b\u044f \u0432\u043e\u043b\u043e\u0441 Newsha \u043e\u0431\u043b\u0430\u0434\u0430\u044e\u0442 \u043c\u044f\u0433\u043a\u0438\u043c \u0445\u043b\u043e\u043f\u043a\u043e\u0432\u044b\u043c \u0430\u0440\u043e\u043c\u0430\u0442\u043e\u043c. \u042d\u0442\u0438 \u0434\u0443\u0445\u0438 \u043e\u0441\u043e\u0431\u0435\u043d\u043d\u044b \u0442\u0435\u043c, \u0447\u0442\u043e \u0438\u0445 \u043c\u043e\u0436\u043d\u043e \u0440\u0430\u0441\u043f\u044b\u043b\u044f\u0442\u044c \u043d\u0430 \u0432\u043e\u043b\u043e\u0441\u044b, \u0438 \u043e\u043d\u0438 \u0441\u043e\u0432\u0441\u0435\u043c \u043d\u0435 \u0441\u0443\u0448\u0430\u0442 \u0438\u0445.\" \/>\n<meta property=\"og:url\" content=\"https:\/\/moozapro.com\/ru\/produktas\/%d0%bf%d0%b0%d1%80%d1%84%d1%8e%d0%bc-%d0%b4%d0%bb%d1%8f-%d0%b2%d0%be%d0%bb%d0%be%d1%81-%d0%bc%d1%8f%d0%b3%d0%ba%d0%b8%d0%b9-%d1%85%d0%bb%d0%be%d0%bf%d0%be%d0%ba\/\" \/>\n<meta property=\"og:site_name\" content=\"Mooza Pro\" \/>\n<meta property=\"article:publisher\" content=\"https:\/\/www.facebook.com\/moozabeauty\" \/>\n<meta property=\"article:modified_time\" content=\"2025-07-28T17:21:41+00:00\" \/>\n<meta property=\"og:image\" content=\"https:\/\/moozapro.com\/wp-content\/uploads\/2022\/02\/newsha-hair-perfume-gentle-cotton-scent..jpeg\" \/>\n\t<meta property=\"og:image:width\" content=\"1000\" \/>\n\t<meta property=\"og:image:height\" content=\"1000\" \/>\n\t<meta property=\"og:image:type\" content=\"image\/jpeg\" \/>\n<meta name=\"twitter:card\" content=\"summary_large_image\" \/>\n<script type=\"application\/ld+json\" class=\"yoast-schema-graph\">{\"@context\":\"https:\\\/\\\/schema.org\",\"@graph\":[{\"@type\":\"WebPage\",\"@id\":\"https:\\\/\\\/moozapro.com\\\/ru\\\/produktas\\\/%d0%bf%d0%b0%d1%80%d1%84%d1%8e%d0%bc-%d0%b4%d0%bb%d1%8f-%d0%b2%d0%be%d0%bb%d0%be%d1%81-%d0%bc%d1%8f%d0%b3%d0%ba%d0%b8%d0%b9-%d1%85%d0%bb%d0%be%d0%bf%d0%be%d0%ba\\\/\",\"url\":\"https:\\\/\\\/moozapro.com\\\/ru\\\/produktas\\\/%d0%bf%d0%b0%d1%80%d1%84%d1%8e%d0%bc-%d0%b4%d0%bb%d1%8f-%d0%b2%d0%be%d0%bb%d0%be%d1%81-%d0%bc%d1%8f%d0%b3%d0%ba%d0%b8%d0%b9-%d1%85%d0%bb%d0%be%d0%bf%d0%be%d0%ba\\\/\",\"name\":\"\u041f\u0430\u0440\u0444\u044e\u043c \u0434\u043b\u044f \u0432\u043e\u043b\u043e\u0441 \\\"\u041c\u044f\u0433\u043a\u0438\u0439 \u0445\u043b\u043e\u043f\u043e\u043a\\\" | Mooza Pro\",\"isPartOf\":{\"@id\":\"https:\\\/\\\/moozapro.com\\\/ru\\\/#website\"},\"primaryImageOfPage\":{\"@id\":\"https:\\\/\\\/moozapro.com\\\/ru\\\/produktas\\\/%d0%bf%d0%b0%d1%80%d1%84%d1%8e%d0%bc-%d0%b4%d0%bb%d1%8f-%d0%b2%d0%be%d0%bb%d0%be%d1%81-%d0%bc%d1%8f%d0%b3%d0%ba%d0%b8%d0%b9-%d1%85%d0%bb%d0%be%d0%bf%d0%be%d0%ba\\\/#primaryimage\"},\"image\":{\"@id\":\"https:\\\/\\\/moozapro.com\\\/ru\\\/produktas\\\/%d0%bf%d0%b0%d1%80%d1%84%d1%8e%d0%bc-%d0%b4%d0%bb%d1%8f-%d0%b2%d0%be%d0%bb%d0%be%d1%81-%d0%bc%d1%8f%d0%b3%d0%ba%d0%b8%d0%b9-%d1%85%d0%bb%d0%be%d0%bf%d0%be%d0%ba\\\/#primaryimage\"},\"thumbnailUrl\":\"https:\\\/\\\/moozapro.com\\\/wp-content\\\/uploads\\\/2022\\\/02\\\/newsha-hair-perfume-gentle-cotton-scent..jpeg\",\"datePublished\":\"2025-07-28T17:21:40+00:00\",\"dateModified\":\"2025-07-28T17:21:41+00:00\",\"description\":\"\u0414\u0443\u0445\u0438 \u0434\u043b\u044f \u0432\u043e\u043b\u043e\u0441 Newsha \u043e\u0431\u043b\u0430\u0434\u0430\u044e\u0442 \u043c\u044f\u0433\u043a\u0438\u043c \u0445\u043b\u043e\u043f\u043a\u043e\u0432\u044b\u043c \u0430\u0440\u043e\u043c\u0430\u0442\u043e\u043c. \u042d\u0442\u0438 \u0434\u0443\u0445\u0438 \u043e\u0441\u043e\u0431\u0435\u043d\u043d\u044b \u0442\u0435\u043c, \u0447\u0442\u043e \u0438\u0445 \u043c\u043e\u0436\u043d\u043e \u0440\u0430\u0441\u043f\u044b\u043b\u044f\u0442\u044c \u043d\u0430 \u0432\u043e\u043b\u043e\u0441\u044b, \u0438 \u043e\u043d\u0438 \u0441\u043e\u0432\u0441\u0435\u043c \u043d\u0435 \u0441\u0443\u0448\u0430\u0442 \u0438\u0445.\",\"breadcrumb\":{\"@id\":\"https:\\\/\\\/moozapro.com\\\/ru\\\/produktas\\\/%d0%bf%d0%b0%d1%80%d1%84%d1%8e%d0%bc-%d0%b4%d0%bb%d1%8f-%d0%b2%d0%be%d0%bb%d0%be%d1%81-%d0%bc%d1%8f%d0%b3%d0%ba%d0%b8%d0%b9-%d1%85%d0%bb%d0%be%d0%bf%d0%be%d0%ba\\\/#breadcrumb\"},\"inLanguage\":\"ru-RU\",\"potentialAction\":[{\"@type\":\"ReadAction\",\"target\":[\"https:\\\/\\\/moozapro.com\\\/ru\\\/produktas\\\/%d0%bf%d0%b0%d1%80%d1%84%d1%8e%d0%bc-%d0%b4%d0%bb%d1%8f-%d0%b2%d0%be%d0%bb%d0%be%d1%81-%d0%bc%d1%8f%d0%b3%d0%ba%d0%b8%d0%b9-%d1%85%d0%bb%d0%be%d0%bf%d0%be%d0%ba\\\/\"]}]},{\"@type\":\"ImageObject\",\"inLanguage\":\"ru-RU\",\"@id\":\"https:\\\/\\\/moozapro.com\\\/ru\\\/produktas\\\/%d0%bf%d0%b0%d1%80%d1%84%d1%8e%d0%bc-%d0%b4%d0%bb%d1%8f-%d0%b2%d0%be%d0%bb%d0%be%d1%81-%d0%bc%d1%8f%d0%b3%d0%ba%d0%b8%d0%b9-%d1%85%d0%bb%d0%be%d0%bf%d0%be%d0%ba\\\/#primaryimage\",\"url\":\"https:\\\/\\\/moozapro.com\\\/wp-content\\\/uploads\\\/2022\\\/02\\\/newsha-hair-perfume-gentle-cotton-scent..jpeg\",\"contentUrl\":\"https:\\\/\\\/moozapro.com\\\/wp-content\\\/uploads\\\/2022\\\/02\\\/newsha-hair-perfume-gentle-cotton-scent..jpeg\",\"width\":1000,\"height\":1000,\"caption\":\"kvepalai plaukamas\"},{\"@type\":\"BreadcrumbList\",\"@id\":\"https:\\\/\\\/moozapro.com\\\/ru\\\/produktas\\\/%d0%bf%d0%b0%d1%80%d1%84%d1%8e%d0%bc-%d0%b4%d0%bb%d1%8f-%d0%b2%d0%be%d0%bb%d0%be%d1%81-%d0%bc%d1%8f%d0%b3%d0%ba%d0%b8%d0%b9-%d1%85%d0%bb%d0%be%d0%bf%d0%be%d0%ba\\\/#breadcrumb\",\"itemListElement\":[{\"@type\":\"ListItem\",\"position\":1,\"name\":\"Pagrindinis\",\"item\":\"https:\\\/\\\/moozapro.com\\\/ru\\\/\"},{\"@type\":\"ListItem\",\"position\":2,\"name\":\"\u041c\u0430\u0433\u0430\u0437\u0438\u043d\",\"item\":\"https:\\\/\\\/moozapro.com\\\/ru\\\/%d0%bc%d0%b0%d0%b3%d0%b0%d0%b7%d0%b8%d0%bd-2\\\/\"},{\"@type\":\"ListItem\",\"position\":3,\"name\":\"\u041f\u0430\u0440\u0444\u044e\u043c \u0434\u043b\u044f \u0432\u043e\u043b\u043e\u0441 &#8222;\u041c\u044f\u0433\u043a\u0438\u0439 \u0445\u043b\u043e\u043f\u043e\u043a\\\"\"}]},{\"@type\":\"WebSite\",\"@id\":\"https:\\\/\\\/moozapro.com\\\/ru\\\/#website\",\"url\":\"https:\\\/\\\/moozapro.com\\\/ru\\\/\",\"name\":\"Mooza Pro\",\"description\":\"Priemon\u0117s j\u016bs\u0173 plaukams\",\"publisher\":{\"@id\":\"https:\\\/\\\/moozapro.com\\\/ru\\\/#organization\"},\"potentialAction\":[{\"@type\":\"SearchAction\",\"target\":{\"@type\":\"EntryPoint\",\"urlTemplate\":\"https:\\\/\\\/moozapro.com\\\/ru\\\/?s={search_term_string}\"},\"query-input\":{\"@type\":\"PropertyValueSpecification\",\"valueRequired\":true,\"valueName\":\"search_term_string\"}}],\"inLanguage\":\"ru-RU\"},{\"@type\":\"Organization\",\"@id\":\"https:\\\/\\\/moozapro.com\\\/ru\\\/#organization\",\"name\":\"Mooza Pro\",\"url\":\"https:\\\/\\\/moozapro.com\\\/ru\\\/\",\"logo\":{\"@type\":\"ImageObject\",\"inLanguage\":\"ru-RU\",\"@id\":\"https:\\\/\\\/moozapro.com\\\/ru\\\/#\\\/schema\\\/logo\\\/image\\\/\",\"url\":\"https:\\\/\\\/moozapro.com\\\/wp-content\\\/uploads\\\/2023\\\/11\\\/Mooza-Pro-mazas-logo.png\",\"contentUrl\":\"https:\\\/\\\/moozapro.com\\\/wp-content\\\/uploads\\\/2023\\\/11\\\/Mooza-Pro-mazas-logo.png\",\"width\":250,\"height\":103,\"caption\":\"Mooza Pro\"},\"image\":{\"@id\":\"https:\\\/\\\/moozapro.com\\\/ru\\\/#\\\/schema\\\/logo\\\/image\\\/\"},\"sameAs\":[\"https:\\\/\\\/www.facebook.com\\\/moozabeauty\"]}]}<\/script>\n<!-- \/ Yoast SEO plugin. -->","yoast_head_json":{"title":"\u041f\u0430\u0440\u0444\u044e\u043c \u0434\u043b\u044f \u0432\u043e\u043b\u043e\u0441 \"\u041c\u044f\u0433\u043a\u0438\u0439 \u0445\u043b\u043e\u043f\u043e\u043a\" | Mooza Pro","description":"\u0414\u0443\u0445\u0438 \u0434\u043b\u044f \u0432\u043e\u043b\u043e\u0441 Newsha \u043e\u0431\u043b\u0430\u0434\u0430\u044e\u0442 \u043c\u044f\u0433\u043a\u0438\u043c \u0445\u043b\u043e\u043f\u043a\u043e\u0432\u044b\u043c \u0430\u0440\u043e\u043c\u0430\u0442\u043e\u043c. \u042d\u0442\u0438 \u0434\u0443\u0445\u0438 \u043e\u0441\u043e\u0431\u0435\u043d\u043d\u044b \u0442\u0435\u043c, \u0447\u0442\u043e \u0438\u0445 \u043c\u043e\u0436\u043d\u043e \u0440\u0430\u0441\u043f\u044b\u043b\u044f\u0442\u044c \u043d\u0430 \u0432\u043e\u043b\u043e\u0441\u044b, \u0438 \u043e\u043d\u0438 \u0441\u043e\u0432\u0441\u0435\u043c \u043d\u0435 \u0441\u0443\u0448\u0430\u0442 \u0438\u0445.","robots":{"index":"index","follow":"follow","max-snippet":"max-snippet:-1","max-image-preview":"max-image-preview:large","max-video-preview":"max-video-preview:-1"},"canonical":"https:\/\/moozapro.com\/ru\/produktas\/%d0%bf%d0%b0%d1%80%d1%84%d1%8e%d0%bc-%d0%b4%d0%bb%d1%8f-%d0%b2%d0%be%d0%bb%d0%be%d1%81-%d0%bc%d1%8f%d0%b3%d0%ba%d0%b8%d0%b9-%d1%85%d0%bb%d0%be%d0%bf%d0%be%d0%ba\/","og_locale":"ru_RU","og_type":"article","og_title":"\u041f\u0430\u0440\u0444\u044e\u043c \u0434\u043b\u044f \u0432\u043e\u043b\u043e\u0441 \"\u041c\u044f\u0433\u043a\u0438\u0439 \u0445\u043b\u043e\u043f\u043e\u043a\" | Mooza Pro","og_description":"\u0414\u0443\u0445\u0438 \u0434\u043b\u044f \u0432\u043e\u043b\u043e\u0441 Newsha \u043e\u0431\u043b\u0430\u0434\u0430\u044e\u0442 \u043c\u044f\u0433\u043a\u0438\u043c \u0445\u043b\u043e\u043f\u043a\u043e\u0432\u044b\u043c \u0430\u0440\u043e\u043c\u0430\u0442\u043e\u043c. \u042d\u0442\u0438 \u0434\u0443\u0445\u0438 \u043e\u0441\u043e\u0431\u0435\u043d\u043d\u044b \u0442\u0435\u043c, \u0447\u0442\u043e \u0438\u0445 \u043c\u043e\u0436\u043d\u043e \u0440\u0430\u0441\u043f\u044b\u043b\u044f\u0442\u044c \u043d\u0430 \u0432\u043e\u043b\u043e\u0441\u044b, \u0438 \u043e\u043d\u0438 \u0441\u043e\u0432\u0441\u0435\u043c \u043d\u0435 \u0441\u0443\u0448\u0430\u0442 \u0438\u0445.","og_url":"https:\/\/moozapro.com\/ru\/produktas\/%d0%bf%d0%b0%d1%80%d1%84%d1%8e%d0%bc-%d0%b4%d0%bb%d1%8f-%d0%b2%d0%be%d0%bb%d0%be%d1%81-%d0%bc%d1%8f%d0%b3%d0%ba%d0%b8%d0%b9-%d1%85%d0%bb%d0%be%d0%bf%d0%be%d0%ba\/","og_site_name":"Mooza Pro","article_publisher":"https:\/\/www.facebook.com\/moozabeauty","article_modified_time":"2025-07-28T17:21:41+00:00","og_image":[{"width":1000,"height":1000,"url":"https:\/\/moozapro.com\/wp-content\/uploads\/2022\/02\/newsha-hair-perfume-gentle-cotton-scent..jpeg","type":"image\/jpeg"}],"twitter_card":"summary_large_image","schema":{"@context":"https:\/\/schema.org","@graph":[{"@type":"WebPage","@id":"https:\/\/moozapro.com\/ru\/produktas\/%d0%bf%d0%b0%d1%80%d1%84%d1%8e%d0%bc-%d0%b4%d0%bb%d1%8f-%d0%b2%d0%be%d0%bb%d0%be%d1%81-%d0%bc%d1%8f%d0%b3%d0%ba%d0%b8%d0%b9-%d1%85%d0%bb%d0%be%d0%bf%d0%be%d0%ba\/","url":"https:\/\/moozapro.com\/ru\/produktas\/%d0%bf%d0%b0%d1%80%d1%84%d1%8e%d0%bc-%d0%b4%d0%bb%d1%8f-%d0%b2%d0%be%d0%bb%d0%be%d1%81-%d0%bc%d1%8f%d0%b3%d0%ba%d0%b8%d0%b9-%d1%85%d0%bb%d0%be%d0%bf%d0%be%d0%ba\/","name":"\u041f\u0430\u0440\u0444\u044e\u043c \u0434\u043b\u044f \u0432\u043e\u043b\u043e\u0441 \"\u041c\u044f\u0433\u043a\u0438\u0439 \u0445\u043b\u043e\u043f\u043e\u043a\" | Mooza Pro","isPartOf":{"@id":"https:\/\/moozapro.com\/ru\/#website"},"primaryImageOfPage":{"@id":"https:\/\/moozapro.com\/ru\/produktas\/%d0%bf%d0%b0%d1%80%d1%84%d1%8e%d0%bc-%d0%b4%d0%bb%d1%8f-%d0%b2%d0%be%d0%bb%d0%be%d1%81-%d0%bc%d1%8f%d0%b3%d0%ba%d0%b8%d0%b9-%d1%85%d0%bb%d0%be%d0%bf%d0%be%d0%ba\/#primaryimage"},"image":{"@id":"https:\/\/moozapro.com\/ru\/produktas\/%d0%bf%d0%b0%d1%80%d1%84%d1%8e%d0%bc-%d0%b4%d0%bb%d1%8f-%d0%b2%d0%be%d0%bb%d0%be%d1%81-%d0%bc%d1%8f%d0%b3%d0%ba%d0%b8%d0%b9-%d1%85%d0%bb%d0%be%d0%bf%d0%be%d0%ba\/#primaryimage"},"thumbnailUrl":"https:\/\/moozapro.com\/wp-content\/uploads\/2022\/02\/newsha-hair-perfume-gentle-cotton-scent..jpeg","datePublished":"2025-07-28T17:21:40+00:00","dateModified":"2025-07-28T17:21:41+00:00","description":"\u0414\u0443\u0445\u0438 \u0434\u043b\u044f \u0432\u043e\u043b\u043e\u0441 Newsha \u043e\u0431\u043b\u0430\u0434\u0430\u044e\u0442 \u043c\u044f\u0433\u043a\u0438\u043c \u0445\u043b\u043e\u043f\u043a\u043e\u0432\u044b\u043c \u0430\u0440\u043e\u043c\u0430\u0442\u043e\u043c. \u042d\u0442\u0438 \u0434\u0443\u0445\u0438 \u043e\u0441\u043e\u0431\u0435\u043d\u043d\u044b \u0442\u0435\u043c, \u0447\u0442\u043e \u0438\u0445 \u043c\u043e\u0436\u043d\u043e \u0440\u0430\u0441\u043f\u044b\u043b\u044f\u0442\u044c \u043d\u0430 \u0432\u043e\u043b\u043e\u0441\u044b, \u0438 \u043e\u043d\u0438 \u0441\u043e\u0432\u0441\u0435\u043c \u043d\u0435 \u0441\u0443\u0448\u0430\u0442 \u0438\u0445.","breadcrumb":{"@id":"https:\/\/moozapro.com\/ru\/produktas\/%d0%bf%d0%b0%d1%80%d1%84%d1%8e%d0%bc-%d0%b4%d0%bb%d1%8f-%d0%b2%d0%be%d0%bb%d0%be%d1%81-%d0%bc%d1%8f%d0%b3%d0%ba%d0%b8%d0%b9-%d1%85%d0%bb%d0%be%d0%bf%d0%be%d0%ba\/#breadcrumb"},"inLanguage":"ru-RU","potentialAction":[{"@type":"ReadAction","target":["https:\/\/moozapro.com\/ru\/produktas\/%d0%bf%d0%b0%d1%80%d1%84%d1%8e%d0%bc-%d0%b4%d0%bb%d1%8f-%d0%b2%d0%be%d0%bb%d0%be%d1%81-%d0%bc%d1%8f%d0%b3%d0%ba%d0%b8%d0%b9-%d1%85%d0%bb%d0%be%d0%bf%d0%be%d0%ba\/"]}]},{"@type":"ImageObject","inLanguage":"ru-RU","@id":"https:\/\/moozapro.com\/ru\/produktas\/%d0%bf%d0%b0%d1%80%d1%84%d1%8e%d0%bc-%d0%b4%d0%bb%d1%8f-%d0%b2%d0%be%d0%bb%d0%be%d1%81-%d0%bc%d1%8f%d0%b3%d0%ba%d0%b8%d0%b9-%d1%85%d0%bb%d0%be%d0%bf%d0%be%d0%ba\/#primaryimage","url":"https:\/\/moozapro.com\/wp-content\/uploads\/2022\/02\/newsha-hair-perfume-gentle-cotton-scent..jpeg","contentUrl":"https:\/\/moozapro.com\/wp-content\/uploads\/2022\/02\/newsha-hair-perfume-gentle-cotton-scent..jpeg","width":1000,"height":1000,"caption":"kvepalai plaukamas"},{"@type":"BreadcrumbList","@id":"https:\/\/moozapro.com\/ru\/produktas\/%d0%bf%d0%b0%d1%80%d1%84%d1%8e%d0%bc-%d0%b4%d0%bb%d1%8f-%d0%b2%d0%be%d0%bb%d0%be%d1%81-%d0%bc%d1%8f%d0%b3%d0%ba%d0%b8%d0%b9-%d1%85%d0%bb%d0%be%d0%bf%d0%be%d0%ba\/#breadcrumb","itemListElement":[{"@type":"ListItem","position":1,"name":"Pagrindinis","item":"https:\/\/moozapro.com\/ru\/"},{"@type":"ListItem","position":2,"name":"\u041c\u0430\u0433\u0430\u0437\u0438\u043d","item":"https:\/\/moozapro.com\/ru\/%d0%bc%d0%b0%d0%b3%d0%b0%d0%b7%d0%b8%d0%bd-2\/"},{"@type":"ListItem","position":3,"name":"\u041f\u0430\u0440\u0444\u044e\u043c \u0434\u043b\u044f \u0432\u043e\u043b\u043e\u0441 &#8222;\u041c\u044f\u0433\u043a\u0438\u0439 \u0445\u043b\u043e\u043f\u043e\u043a\""}]},{"@type":"WebSite","@id":"https:\/\/moozapro.com\/ru\/#website","url":"https:\/\/moozapro.com\/ru\/","name":"Mooza Pro","description":"Priemon\u0117s j\u016bs\u0173 plaukams","publisher":{"@id":"https:\/\/moozapro.com\/ru\/#organization"},"potentialAction":[{"@type":"SearchAction","target":{"@type":"EntryPoint","urlTemplate":"https:\/\/moozapro.com\/ru\/?s={search_term_string}"},"query-input":{"@type":"PropertyValueSpecification","valueRequired":true,"valueName":"search_term_string"}}],"inLanguage":"ru-RU"},{"@type":"Organization","@id":"https:\/\/moozapro.com\/ru\/#organization","name":"Mooza Pro","url":"https:\/\/moozapro.com\/ru\/","logo":{"@type":"ImageObject","inLanguage":"ru-RU","@id":"https:\/\/moozapro.com\/ru\/#\/schema\/logo\/image\/","url":"https:\/\/moozapro.com\/wp-content\/uploads\/2023\/11\/Mooza-Pro-mazas-logo.png","contentUrl":"https:\/\/moozapro.com\/wp-content\/uploads\/2023\/11\/Mooza-Pro-mazas-logo.png","width":250,"height":103,"caption":"Mooza Pro"},"image":{"@id":"https:\/\/moozapro.com\/ru\/#\/schema\/logo\/image\/"},"sameAs":["https:\/\/www.facebook.com\/moozabeauty"]}]}},"_links":{"self":[{"href":"https:\/\/moozapro.com\/ru\/wp-json\/wp\/v2\/product\/32471","targetHints":{"allow":["GET"]}}],"collection":[{"href":"https:\/\/moozapro.com\/ru\/wp-json\/wp\/v2\/product"}],"about":[{"href":"https:\/\/moozapro.com\/ru\/wp-json\/wp\/v2\/types\/product"}],"replies":[{"embeddable":true,"href":"https:\/\/moozapro.com\/ru\/wp-json\/wp\/v2\/comments?post=32471"}],"version-history":[{"count":1,"href":"https:\/\/moozapro.com\/ru\/wp-json\/wp\/v2\/product\/32471\/revisions"}],"predecessor-version":[{"id":32473,"href":"https:\/\/moozapro.com\/ru\/wp-json\/wp\/v2\/product\/32471\/revisions\/32473"}],"wp:featuredmedia":[{"embeddable":true,"href":"https:\/\/moozapro.com\/ru\/wp-json\/wp\/v2\/media\/32472"}],"wp:attachment":[{"href":"https:\/\/moozapro.com\/ru\/wp-json\/wp\/v2\/media?parent=32471"}],"wp:term":[{"taxonomy":"product_brand","embeddable":true,"href":"https:\/\/moozapro.com\/ru\/wp-json\/wp\/v2\/product_brand?post=32471"},{"taxonomy":"product_cat","embeddable":true,"href":"https:\/\/moozapro.com\/ru\/wp-json\/wp\/v2\/product_cat?post=32471"},{"taxonomy":"product_tag","embeddable":true,"href":"https:\/\/moozapro.com\/ru\/wp-json\/wp\/v2\/product_tag?post=32471"}],"curies":[{"name":"wp","href":"https:\/\/api.w.org\/{rel}","templated":true}]}}