{"id":33679,"date":"2025-07-11T16:09:43","date_gmt":"2025-07-11T13:09:43","guid":{"rendered":"https:\/\/moozapro.com\/produktas\/%d0%ba%d0%be%d1%88%d0%ba%d0%b0\/"},"modified":"2026-03-24T11:05:55","modified_gmt":"2026-03-24T09:05:55","slug":"%d0%ba%d0%be%d1%88%d0%ba%d0%b0","status":"publish","type":"product","link":"https:\/\/moozapro.com\/ru\/produktas\/%d0%ba%d0%be%d1%88%d0%ba%d0%b0\/","title":{"rendered":"\u0414\u0435\u0442\u0441\u043a\u043e\u0435 \u043f\u0430\u0440\u0438\u043a\u043c\u0430\u0445\u0435\u0440\u0441\u043a\u043e\u0435 \u043a\u0440\u0435\u0441\u043b\u043e - \u043a\u043e\u0448\u043a\u0430"},"content":{"rendered":"\t\t<div data-elementor-type=\"product-post\" data-elementor-id=\"33679\" class=\"elementor elementor-33679 elementor-29762\" data-elementor-post-type=\"product\">\n\t\t\t\t<div class=\"elementor-element elementor-element-40dd20bd e-flex e-con-boxed kitify-col-width-auto-no ignore-docs-style-no kitify-disable-relative-no e-root-container elementor-top-section e-con e-parent\" data-id=\"40dd20bd\" data-element_type=\"container\">\n\t\t\t\t\t<div class=\"e-con-inner\">\n\t\t\t\t<div class=\"elementor-element elementor-element-43f37f7a elementor-widget elementor-widget-heading\" data-id=\"43f37f7a\" data-element_type=\"widget\" data-widget_type=\"heading.default\">\n\t\t\t\t<div class=\"elementor-widget-container\">\n\t\t\t\t\t<h2 class=\"elementor-heading-title elementor-size-default\">\u041e \u043f\u0440\u043e\u0434\u0443\u043a\u0442\u0435<\/h2>\t\t\t\t<\/div>\n\t\t\t\t<\/div>\n\t\t\t\t\t<\/div>\n\t\t\t\t<\/div>\n\t\t<div class=\"elementor-element elementor-element-76ee2bfc e-flex e-con-boxed kitify-col-width-auto-no ignore-docs-style-no kitify-disable-relative-no e-root-container elementor-top-section e-con e-parent\" data-id=\"76ee2bfc\" data-element_type=\"container\">\n\t\t\t\t\t<div class=\"e-con-inner\">\n\t\t\t\t<div class=\"elementor-element elementor-element-61d8b38d elementor-widget elementor-widget-text-editor\" data-id=\"61d8b38d\" data-element_type=\"widget\" data-widget_type=\"text-editor.default\">\n\t\t\t\t<div class=\"elementor-widget-container\">\n\t\t\t\t\t\t\t\t\t<p>\u041a\u043e\u0440\u043f\u0443\u0441: \u0433\u0443\u0431\u043a\u0430 \u0441 \u043a\u043e\u0436\u0430\u043d\u044b\u043c \u043f\u043e\u043a\u0440\u044b\u0442\u0438\u0435\u043c<\/p><p>\u041f\u043e\u0434\u043b\u043e\u043a\u043e\u0442\u043d\u0438\u043a\u0438: \u043f\u043b\u0430\u0441\u0442\u0438\u043a\u043e\u0432\u044b\u0435 \u043f\u043e\u0434\u043b\u043e\u043a\u043e\u0442\u043d\u0438\u043a\u0438 \u043d\u0430 \u043c\u0435\u0442\u0430\u043b\u043b\u0435 \u0441 \u043d\u0438\u043a\u0435\u043b\u0435\u0432\u044b\u043c \u043f\u043e\u043a\u0440\u044b\u0442\u0438\u0435\u043c<\/p><p>\u041d\u043e\u0436\u043a\u0438: \u0413\u0438\u0434\u0440\u0430\u0432\u043b\u0438\u0447\u0435\u0441\u043a\u0438\u0435 \u043d\u043e\u0436\u043a\u0438 \u0438\u0437 \u043d\u0438\u043a\u0435\u043b\u0438\u0440\u043e\u0432\u0430\u043d\u043d\u043e\u0433\u043e \u043c\u0435\u0442\u0430\u043b\u043b\u0430<\/p>\t\t\t\t\t\t\t\t<\/div>\n\t\t\t\t<\/div>\n\t\t\t\t<div class=\"elementor-element elementor-element-530d6d4f elementor-widget-divider--view-line elementor-widget elementor-widget-divider\" data-id=\"530d6d4f\" data-element_type=\"widget\" data-widget_type=\"divider.default\">\n\t\t\t\t<div class=\"elementor-widget-container\">\n\t\t\t\t\t\t\t<div class=\"elementor-divider\">\n\t\t\t<span class=\"elementor-divider-separator\">\n\t\t\t\t\t\t<\/span>\n\t\t<\/div>\n\t\t\t\t\t\t<\/div>\n\t\t\t\t<\/div>\n\t\t\t\t\t<\/div>\n\t\t\t\t<\/div>\n\t\t\t\t<\/div>\n\t\t","protected":false},"excerpt":{"rendered":"<p>\u041e \u043f\u0440\u043e\u0434\u0443\u043a\u0442\u0435 \u041a\u043e\u0440\u043f\u0443\u0441: \u0433\u0443\u0431\u043a\u0430 \u0441 \u043a\u043e\u0436\u0430\u043d\u044b\u043c \u043f\u043e\u043a\u0440\u044b\u0442\u0438\u0435\u043c \u041f\u043e\u0434\u043b\u043e\u043a\u043e\u0442\u043d\u0438\u043a\u0438: \u043f\u043b\u0430\u0441\u0442\u0438\u043a\u043e\u0432\u044b\u0435 \u043f\u043e\u0434\u043b\u043e\u043a\u043e\u0442\u043d\u0438\u043a\u0438 \u043d\u0430 \u043c\u0435\u0442\u0430\u043b\u043b\u0435 \u0441 \u043d\u0438\u043a\u0435\u043b\u0435\u0432\u044b\u043c \u043f\u043e\u043a\u0440\u044b\u0442\u0438\u0435\u043c \u041d\u043e\u0436\u043a\u0438: \u0413\u0438\u0434\u0440\u0430\u0432\u043b\u0438\u0447\u0435\u0441\u043a\u0438\u0435 \u043d\u043e\u0436\u043a\u0438 \u0438\u0437 \u043d\u0438\u043a\u0435\u043b\u0438\u0440\u043e\u0432\u0430\u043d\u043d\u043e\u0433\u043e \u043c\u0435\u0442\u0430\u043b\u043b\u0430<\/p>\n","protected":false},"featured_media":33680,"comment_status":"open","ping_status":"closed","template":"","meta":[],"product_brand":[],"product_cat":[932],"product_tag":[],"class_list":{"0":"post-33679","1":"product","2":"type-product","3":"status-publish","4":"has-post-thumbnail","6":"product_cat-932","8":"first","9":"instock","10":"taxable","11":"shipping-taxable","12":"product-type-simple"},"yoast_head":"<!-- This site is optimized with the Yoast SEO plugin v26.3 - https:\/\/yoast.com\/wordpress\/plugins\/seo\/ -->\n<title>\u0414\u0435\u0442\u0441\u043a\u043e\u0435 \u043f\u0430\u0440\u0438\u043a\u043c\u0430\u0445\u0435\u0440\u0441\u043a\u043e\u0435 \u043a\u0440\u0435\u0441\u043b\u043e - \u043a\u043e\u0448\u043a\u0430 | Mooza Pro<\/title>\n<meta name=\"robots\" content=\"index, follow, max-snippet:-1, max-image-preview:large, max-video-preview:-1\" \/>\n<link rel=\"canonical\" href=\"https:\/\/moozapro.com\/ru\/produktas\/%d0%ba%d0%be%d1%88%d0%ba%d0%b0\/\" \/>\n<meta property=\"og:locale\" content=\"ru_RU\" \/>\n<meta property=\"og:type\" content=\"article\" \/>\n<meta property=\"og:title\" content=\"\u0414\u0435\u0442\u0441\u043a\u043e\u0435 \u043f\u0430\u0440\u0438\u043a\u043c\u0430\u0445\u0435\u0440\u0441\u043a\u043e\u0435 \u043a\u0440\u0435\u0441\u043b\u043e - \u043a\u043e\u0448\u043a\u0430 | Mooza Pro\" \/>\n<meta property=\"og:description\" content=\"\u041e \u043f\u0440\u043e\u0434\u0443\u043a\u0442\u0435 \u041a\u043e\u0440\u043f\u0443\u0441: \u0433\u0443\u0431\u043a\u0430 \u0441 \u043a\u043e\u0436\u0430\u043d\u044b\u043c \u043f\u043e\u043a\u0440\u044b\u0442\u0438\u0435\u043c \u041f\u043e\u0434\u043b\u043e\u043a\u043e\u0442\u043d\u0438\u043a\u0438: \u043f\u043b\u0430\u0441\u0442\u0438\u043a\u043e\u0432\u044b\u0435 \u043f\u043e\u0434\u043b\u043e\u043a\u043e\u0442\u043d\u0438\u043a\u0438 \u043d\u0430 \u043c\u0435\u0442\u0430\u043b\u043b\u0435 \u0441 \u043d\u0438\u043a\u0435\u043b\u0435\u0432\u044b\u043c \u043f\u043e\u043a\u0440\u044b\u0442\u0438\u0435\u043c \u041d\u043e\u0436\u043a\u0438: \u0413\u0438\u0434\u0440\u0430\u0432\u043b\u0438\u0447\u0435\u0441\u043a\u0438\u0435 \u043d\u043e\u0436\u043a\u0438 \u0438\u0437 \u043d\u0438\u043a\u0435\u043b\u0438\u0440\u043e\u0432\u0430\u043d\u043d\u043e\u0433\u043e \u043c\u0435\u0442\u0430\u043b\u043b\u0430\" \/>\n<meta property=\"og:url\" content=\"https:\/\/moozapro.com\/ru\/produktas\/%d0%ba%d0%be%d1%88%d0%ba%d0%b0\/\" \/>\n<meta property=\"og:site_name\" content=\"Mooza Pro\" \/>\n<meta property=\"article:publisher\" content=\"https:\/\/www.facebook.com\/moozabeauty\" \/>\n<meta property=\"article:modified_time\" content=\"2026-03-24T09:05:55+00:00\" \/>\n<meta property=\"og:image\" content=\"https:\/\/moozapro.com\/wp-content\/uploads\/2025\/07\/tr_TR-382.jpg\" \/>\n\t<meta property=\"og:image:width\" content=\"1100\" \/>\n\t<meta property=\"og:image:height\" content=\"1100\" \/>\n\t<meta property=\"og:image:type\" content=\"image\/jpeg\" \/>\n<meta name=\"twitter:card\" content=\"summary_large_image\" \/>\n<script type=\"application\/ld+json\" class=\"yoast-schema-graph\">{\"@context\":\"https:\/\/schema.org\",\"@graph\":[{\"@type\":\"WebPage\",\"@id\":\"https:\/\/moozapro.com\/ru\/produktas\/%d0%ba%d0%be%d1%88%d0%ba%d0%b0\/\",\"url\":\"https:\/\/moozapro.com\/ru\/produktas\/%d0%ba%d0%be%d1%88%d0%ba%d0%b0\/\",\"name\":\"\u0414\u0435\u0442\u0441\u043a\u043e\u0435 \u043f\u0430\u0440\u0438\u043a\u043c\u0430\u0445\u0435\u0440\u0441\u043a\u043e\u0435 \u043a\u0440\u0435\u0441\u043b\u043e - \u043a\u043e\u0448\u043a\u0430 | Mooza Pro\",\"isPartOf\":{\"@id\":\"https:\/\/moozapro.com\/ru\/#website\"},\"primaryImageOfPage\":{\"@id\":\"https:\/\/moozapro.com\/ru\/produktas\/%d0%ba%d0%be%d1%88%d0%ba%d0%b0\/#primaryimage\"},\"image\":{\"@id\":\"https:\/\/moozapro.com\/ru\/produktas\/%d0%ba%d0%be%d1%88%d0%ba%d0%b0\/#primaryimage\"},\"thumbnailUrl\":\"https:\/\/moozapro.com\/wp-content\/uploads\/2025\/07\/tr_TR-382.jpg\",\"datePublished\":\"2025-07-11T13:09:43+00:00\",\"dateModified\":\"2026-03-24T09:05:55+00:00\",\"breadcrumb\":{\"@id\":\"https:\/\/moozapro.com\/ru\/produktas\/%d0%ba%d0%be%d1%88%d0%ba%d0%b0\/#breadcrumb\"},\"inLanguage\":\"ru-RU\",\"potentialAction\":[{\"@type\":\"ReadAction\",\"target\":[\"https:\/\/moozapro.com\/ru\/produktas\/%d0%ba%d0%be%d1%88%d0%ba%d0%b0\/\"]}]},{\"@type\":\"ImageObject\",\"inLanguage\":\"ru-RU\",\"@id\":\"https:\/\/moozapro.com\/ru\/produktas\/%d0%ba%d0%be%d1%88%d0%ba%d0%b0\/#primaryimage\",\"url\":\"https:\/\/moozapro.com\/wp-content\/uploads\/2025\/07\/tr_TR-382.jpg\",\"contentUrl\":\"https:\/\/moozapro.com\/wp-content\/uploads\/2025\/07\/tr_TR-382.jpg\",\"width\":1100,\"height\":1100},{\"@type\":\"BreadcrumbList\",\"@id\":\"https:\/\/moozapro.com\/ru\/produktas\/%d0%ba%d0%be%d1%88%d0%ba%d0%b0\/#breadcrumb\",\"itemListElement\":[{\"@type\":\"ListItem\",\"position\":1,\"name\":\"Pagrindinis\",\"item\":\"https:\/\/moozapro.com\/ru\/\"},{\"@type\":\"ListItem\",\"position\":2,\"name\":\"\u041c\u0430\u0433\u0430\u0437\u0438\u043d\",\"item\":\"https:\/\/moozapro.com\/ru\/%d0%bc%d0%b0%d0%b3%d0%b0%d0%b7%d0%b8%d0%bd-2\/\"},{\"@type\":\"ListItem\",\"position\":3,\"name\":\"\u0414\u0435\u0442\u0441\u043a\u043e\u0435 \u043f\u0430\u0440\u0438\u043a\u043c\u0430\u0445\u0435\u0440\u0441\u043a\u043e\u0435 \u043a\u0440\u0435\u0441\u043b\u043e - \u043a\u043e\u0448\u043a\u0430\"}]},{\"@type\":\"WebSite\",\"@id\":\"https:\/\/moozapro.com\/ru\/#website\",\"url\":\"https:\/\/moozapro.com\/ru\/\",\"name\":\"Mooza Pro\",\"description\":\"Priemon\u0117s j\u016bs\u0173 plaukams\",\"publisher\":{\"@id\":\"https:\/\/moozapro.com\/ru\/#organization\"},\"potentialAction\":[{\"@type\":\"SearchAction\",\"target\":{\"@type\":\"EntryPoint\",\"urlTemplate\":\"https:\/\/moozapro.com\/ru\/?s={search_term_string}\"},\"query-input\":{\"@type\":\"PropertyValueSpecification\",\"valueRequired\":true,\"valueName\":\"search_term_string\"}}],\"inLanguage\":\"ru-RU\"},{\"@type\":\"Organization\",\"@id\":\"https:\/\/moozapro.com\/ru\/#organization\",\"name\":\"Mooza Pro\",\"url\":\"https:\/\/moozapro.com\/ru\/\",\"logo\":{\"@type\":\"ImageObject\",\"inLanguage\":\"ru-RU\",\"@id\":\"https:\/\/moozapro.com\/ru\/#\/schema\/logo\/image\/\",\"url\":\"https:\/\/moozapro.com\/wp-content\/uploads\/2023\/11\/Mooza-Pro-mazas-logo.png\",\"contentUrl\":\"https:\/\/moozapro.com\/wp-content\/uploads\/2023\/11\/Mooza-Pro-mazas-logo.png\",\"width\":250,\"height\":103,\"caption\":\"Mooza Pro\"},\"image\":{\"@id\":\"https:\/\/moozapro.com\/ru\/#\/schema\/logo\/image\/\"},\"sameAs\":[\"https:\/\/www.facebook.com\/moozabeauty\"]}]}<\/script>\n<!-- \/ Yoast SEO plugin. -->","yoast_head_json":{"title":"\u0414\u0435\u0442\u0441\u043a\u043e\u0435 \u043f\u0430\u0440\u0438\u043a\u043c\u0430\u0445\u0435\u0440\u0441\u043a\u043e\u0435 \u043a\u0440\u0435\u0441\u043b\u043e - \u043a\u043e\u0448\u043a\u0430 | Mooza Pro","robots":{"index":"index","follow":"follow","max-snippet":"max-snippet:-1","max-image-preview":"max-image-preview:large","max-video-preview":"max-video-preview:-1"},"canonical":"https:\/\/moozapro.com\/ru\/produktas\/%d0%ba%d0%be%d1%88%d0%ba%d0%b0\/","og_locale":"ru_RU","og_type":"article","og_title":"\u0414\u0435\u0442\u0441\u043a\u043e\u0435 \u043f\u0430\u0440\u0438\u043a\u043c\u0430\u0445\u0435\u0440\u0441\u043a\u043e\u0435 \u043a\u0440\u0435\u0441\u043b\u043e - \u043a\u043e\u0448\u043a\u0430 | Mooza Pro","og_description":"\u041e \u043f\u0440\u043e\u0434\u0443\u043a\u0442\u0435 \u041a\u043e\u0440\u043f\u0443\u0441: \u0433\u0443\u0431\u043a\u0430 \u0441 \u043a\u043e\u0436\u0430\u043d\u044b\u043c \u043f\u043e\u043a\u0440\u044b\u0442\u0438\u0435\u043c \u041f\u043e\u0434\u043b\u043e\u043a\u043e\u0442\u043d\u0438\u043a\u0438: \u043f\u043b\u0430\u0441\u0442\u0438\u043a\u043e\u0432\u044b\u0435 \u043f\u043e\u0434\u043b\u043e\u043a\u043e\u0442\u043d\u0438\u043a\u0438 \u043d\u0430 \u043c\u0435\u0442\u0430\u043b\u043b\u0435 \u0441 \u043d\u0438\u043a\u0435\u043b\u0435\u0432\u044b\u043c \u043f\u043e\u043a\u0440\u044b\u0442\u0438\u0435\u043c \u041d\u043e\u0436\u043a\u0438: \u0413\u0438\u0434\u0440\u0430\u0432\u043b\u0438\u0447\u0435\u0441\u043a\u0438\u0435 \u043d\u043e\u0436\u043a\u0438 \u0438\u0437 \u043d\u0438\u043a\u0435\u043b\u0438\u0440\u043e\u0432\u0430\u043d\u043d\u043e\u0433\u043e \u043c\u0435\u0442\u0430\u043b\u043b\u0430","og_url":"https:\/\/moozapro.com\/ru\/produktas\/%d0%ba%d0%be%d1%88%d0%ba%d0%b0\/","og_site_name":"Mooza Pro","article_publisher":"https:\/\/www.facebook.com\/moozabeauty","article_modified_time":"2026-03-24T09:05:55+00:00","og_image":[{"width":1100,"height":1100,"url":"https:\/\/moozapro.com\/wp-content\/uploads\/2025\/07\/tr_TR-382.jpg","type":"image\/jpeg"}],"twitter_card":"summary_large_image","schema":{"@context":"https:\/\/schema.org","@graph":[{"@type":"WebPage","@id":"https:\/\/moozapro.com\/ru\/produktas\/%d0%ba%d0%be%d1%88%d0%ba%d0%b0\/","url":"https:\/\/moozapro.com\/ru\/produktas\/%d0%ba%d0%be%d1%88%d0%ba%d0%b0\/","name":"\u0414\u0435\u0442\u0441\u043a\u043e\u0435 \u043f\u0430\u0440\u0438\u043a\u043c\u0430\u0445\u0435\u0440\u0441\u043a\u043e\u0435 \u043a\u0440\u0435\u0441\u043b\u043e - \u043a\u043e\u0448\u043a\u0430 | Mooza Pro","isPartOf":{"@id":"https:\/\/moozapro.com\/ru\/#website"},"primaryImageOfPage":{"@id":"https:\/\/moozapro.com\/ru\/produktas\/%d0%ba%d0%be%d1%88%d0%ba%d0%b0\/#primaryimage"},"image":{"@id":"https:\/\/moozapro.com\/ru\/produktas\/%d0%ba%d0%be%d1%88%d0%ba%d0%b0\/#primaryimage"},"thumbnailUrl":"https:\/\/moozapro.com\/wp-content\/uploads\/2025\/07\/tr_TR-382.jpg","datePublished":"2025-07-11T13:09:43+00:00","dateModified":"2026-03-24T09:05:55+00:00","breadcrumb":{"@id":"https:\/\/moozapro.com\/ru\/produktas\/%d0%ba%d0%be%d1%88%d0%ba%d0%b0\/#breadcrumb"},"inLanguage":"ru-RU","potentialAction":[{"@type":"ReadAction","target":["https:\/\/moozapro.com\/ru\/produktas\/%d0%ba%d0%be%d1%88%d0%ba%d0%b0\/"]}]},{"@type":"ImageObject","inLanguage":"ru-RU","@id":"https:\/\/moozapro.com\/ru\/produktas\/%d0%ba%d0%be%d1%88%d0%ba%d0%b0\/#primaryimage","url":"https:\/\/moozapro.com\/wp-content\/uploads\/2025\/07\/tr_TR-382.jpg","contentUrl":"https:\/\/moozapro.com\/wp-content\/uploads\/2025\/07\/tr_TR-382.jpg","width":1100,"height":1100},{"@type":"BreadcrumbList","@id":"https:\/\/moozapro.com\/ru\/produktas\/%d0%ba%d0%be%d1%88%d0%ba%d0%b0\/#breadcrumb","itemListElement":[{"@type":"ListItem","position":1,"name":"Pagrindinis","item":"https:\/\/moozapro.com\/ru\/"},{"@type":"ListItem","position":2,"name":"\u041c\u0430\u0433\u0430\u0437\u0438\u043d","item":"https:\/\/moozapro.com\/ru\/%d0%bc%d0%b0%d0%b3%d0%b0%d0%b7%d0%b8%d0%bd-2\/"},{"@type":"ListItem","position":3,"name":"\u0414\u0435\u0442\u0441\u043a\u043e\u0435 \u043f\u0430\u0440\u0438\u043a\u043c\u0430\u0445\u0435\u0440\u0441\u043a\u043e\u0435 \u043a\u0440\u0435\u0441\u043b\u043e - \u043a\u043e\u0448\u043a\u0430"}]},{"@type":"WebSite","@id":"https:\/\/moozapro.com\/ru\/#website","url":"https:\/\/moozapro.com\/ru\/","name":"Mooza Pro","description":"Priemon\u0117s j\u016bs\u0173 plaukams","publisher":{"@id":"https:\/\/moozapro.com\/ru\/#organization"},"potentialAction":[{"@type":"SearchAction","target":{"@type":"EntryPoint","urlTemplate":"https:\/\/moozapro.com\/ru\/?s={search_term_string}"},"query-input":{"@type":"PropertyValueSpecification","valueRequired":true,"valueName":"search_term_string"}}],"inLanguage":"ru-RU"},{"@type":"Organization","@id":"https:\/\/moozapro.com\/ru\/#organization","name":"Mooza Pro","url":"https:\/\/moozapro.com\/ru\/","logo":{"@type":"ImageObject","inLanguage":"ru-RU","@id":"https:\/\/moozapro.com\/ru\/#\/schema\/logo\/image\/","url":"https:\/\/moozapro.com\/wp-content\/uploads\/2023\/11\/Mooza-Pro-mazas-logo.png","contentUrl":"https:\/\/moozapro.com\/wp-content\/uploads\/2023\/11\/Mooza-Pro-mazas-logo.png","width":250,"height":103,"caption":"Mooza Pro"},"image":{"@id":"https:\/\/moozapro.com\/ru\/#\/schema\/logo\/image\/"},"sameAs":["https:\/\/www.facebook.com\/moozabeauty"]}]}},"_links":{"self":[{"href":"https:\/\/moozapro.com\/ru\/wp-json\/wp\/v2\/product\/33679","targetHints":{"allow":["GET"]}}],"collection":[{"href":"https:\/\/moozapro.com\/ru\/wp-json\/wp\/v2\/product"}],"about":[{"href":"https:\/\/moozapro.com\/ru\/wp-json\/wp\/v2\/types\/product"}],"replies":[{"embeddable":true,"href":"https:\/\/moozapro.com\/ru\/wp-json\/wp\/v2\/comments?post=33679"}],"version-history":[{"count":2,"href":"https:\/\/moozapro.com\/ru\/wp-json\/wp\/v2\/product\/33679\/revisions"}],"predecessor-version":[{"id":41799,"href":"https:\/\/moozapro.com\/ru\/wp-json\/wp\/v2\/product\/33679\/revisions\/41799"}],"wp:featuredmedia":[{"embeddable":true,"href":"https:\/\/moozapro.com\/ru\/wp-json\/wp\/v2\/media\/33680"}],"wp:attachment":[{"href":"https:\/\/moozapro.com\/ru\/wp-json\/wp\/v2\/media?parent=33679"}],"wp:term":[{"taxonomy":"product_brand","embeddable":true,"href":"https:\/\/moozapro.com\/ru\/wp-json\/wp\/v2\/product_brand?post=33679"},{"taxonomy":"product_cat","embeddable":true,"href":"https:\/\/moozapro.com\/ru\/wp-json\/wp\/v2\/product_cat?post=33679"},{"taxonomy":"product_tag","embeddable":true,"href":"https:\/\/moozapro.com\/ru\/wp-json\/wp\/v2\/product_tag?post=33679"}],"curies":[{"name":"wp","href":"https:\/\/api.w.org\/{rel}","templated":true}]}}